{"id":1879308,"date":"2026-04-12T09:33:33","date_gmt":"2026-04-12T07:33:33","guid":{"rendered":"https:\/\/dev6.erresse-shop.it\/shop\/sin%20categor\u00eda\/wmf-perfect-plus-olla-a-presion-45-l\/"},"modified":"2025-09-14T08:21:04","modified_gmt":"2025-09-14T06:21:04","slug":"wmf-perfect-plus-olla-a-presion-45-l","status":"publish","type":"product","link":"https:\/\/dev6.erresse-shop.it\/es\/shop\/sartenes-y-ollas\/ollas-y-cacerolas\/wmf-perfect-plus-olla-a-presion-45-l\/","title":{"rendered":"WMF Perfect Plus Olla a Presi\u00f3n 4,5 L"},"content":{"rendered":"<p>\u00a1La olla a presi\u00f3n que cocina a la perfecci\u00f3n!<br \/>\nLa olla a presi\u00f3n Perfect Premium de WMF aporta un toque extra a la cocina moderna simplificando la cocci\u00f3n y haciendo que cocinar alimentos sanos sea m\u00e1s f\u00e1cil y r\u00e1pido que nunca. El mando de control todo en uno facilita el manejo, mientras que el intuitivo indicador de cocci\u00f3n de dos niveles garantiza deliciosos platos de pescado, carne, verduras y otros. Desde sopas y guisos hasta carnes al vapor o estofadas, estofados y verduras, pescados y aves, as\u00ed como cereales y legumbres, \u00a1las posibilidades de recetas son infinitas! La olla Perfect Premium incorpora un sistema de seguridad de 7 niveles para una m\u00e1xima tranquilidad, as\u00ed como un asa extra\u00edble a presi\u00f3n y una olla y tapa aptas para el lavavajillas para una limpieza f\u00e1cil y una higiene perfecta. Incluso cuenta con una pr\u00e1ctica escala interna. Perfect Premium: \u00a1la olla a presi\u00f3n que no puede faltar en ninguna cocina!<\/p>\n<p>Mando de control todo en uno<br \/>\n\u00a1La tecnolog\u00eda se condensa en el mango! F\u00e1cil de controlar, todos los ajustes de la olla a presi\u00f3n est\u00e1n al alcance de su mano gracias al innovador mando de control todo en uno: apertura y cierre, preselecci\u00f3n del nivel de cocci\u00f3n y salida de vapor.<\/p>\n<p>Indicador de cocci\u00f3n<br \/>\nUn indicador de cocci\u00f3n facilita la comprobaci\u00f3n del progreso de la cocci\u00f3n, con dos niveles: el primer nivel es perfecto para cocinar verduras, pescado y aves; el otro es ideal para carnes m\u00e1s gruesas, patatas y guisos. Un tercer anillo se\u00f1ala la presencia de presi\u00f3n en el interior de la olla, que s\u00f3lo puede abrirse cuando el indicador de cocci\u00f3n se ha retra\u00eddo completamente en el mango.<\/p>\n<p>Dise\u00f1o extra seguro<br \/>\nSistema de seguridad de siete niveles con protecci\u00f3n contra llamas en el asa lateral y el mango, con liberaci\u00f3n gradual del vapor.<\/p>\n<p>F\u00e1cil limpieza<br \/>\nAsa extra\u00edble para facilitar la limpieza y el sellado higi\u00e9nico.<\/p>\n<p>Fondo universal TransThern<br \/>\nEl fondo universal TransTherm\u00ae ahorra energ\u00eda al cocinar gracias a su \u00f3ptimo nivel de distribuci\u00f3n y conservaci\u00f3n del calor. Apto para todas las placas, incluida la inducci\u00f3n.<\/p>\n<p>Cromargan<br \/>\nOlla y tapa de robusto y elegante acero inoxidable Cromargan\u00ae 18\/10 para una durabilidad e higiene excepcionales, aptas para lavavajillas. Equipadas con una pr\u00e1ctica escala graduada interna para facilitar la medici\u00f3n.<\/p>\n<p>CARACTER\u00cdSTICAS T\u00c9CNICAS<\/p>\n<p>Fuente de calor: Inducci\u00f3n, Gas, El\u00e9ctrica, Cer\u00e1mica, Hal\u00f3gena<br \/>\nCapacidad de la olla: 4,5 L<br \/>\nCapacidad de la olla (n\u00famero de personas): 2-4 personas<br \/>\nN\u00famero de programas de cocci\u00f3n: 2<br \/>\nApto para lavavajillas: S\u00ed, excepto la junta, la v\u00e1lvula y el asa de la tapa<br \/>\nMaterial de la olla: Acero inoxidable<\/p>\n","protected":false},"excerpt":{"rendered":"<p>\u00a1La olla a presi\u00f3n que cocina a la perfecci\u00f3n! La olla a presi\u00f3n Perfect Premium de WMF aporta un toque extra a la cocina moderna simplificando la cocci\u00f3n y haciendo que cocinar alimentos sanos sea m\u00e1s f\u00e1cil y r\u00e1pido que nunca. El mando de control todo en uno facilita el manejo, mientras que el intuitivo [&hellip;]<\/p>\n","protected":false},"featured_media":6361404,"template":"","meta":{"_acf_changed":false},"product_cat":[11893,11667,11883],"product_tag":[],"class_list":{"0":"post-1879308","1":"product","2":"type-product","3":"status-publish","4":"has-post-thumbnail","6":"product_cat-ollas-y-cacerolas","7":"product_cat-padelle-pentole","8":"product_cat-sartenes-y-ollas","10":"first","11":"outofstock","12":"sale","13":"taxable","14":"shipping-taxable","15":"purchasable","16":"product-type-simple","swatches":"rey-swatches","show_selected":"","stretch_labels":"rey-swatches--stretch-labels"},"acf":[],"yoast_head":"<!-- This site is optimized with the Yoast SEO plugin v25.4 - https:\/\/yoast.com\/wordpress\/plugins\/seo\/ -->\n<title>WMF Perfect Plus Olla a Presi\u00f3n 4,5 L - dev6 Erresse<\/title>\n<meta name=\"description\" content=\"\u00a1La olla a presi\u00f3n que cocina a la perfecci\u00f3n! La olla a presi\u00f3n Perfect Premium de WMF aporta un toque extra a la cocina moderna simplificando la cocci\u00f3n\" \/>\n<meta name=\"robots\" content=\"noindex, follow, max-snippet:-1, max-image-preview:large, max-video-preview:-1\" \/>\n<meta property=\"og:locale\" content=\"es_ES\" \/>\n<meta property=\"og:type\" content=\"article\" \/>\n<meta property=\"og:title\" content=\"WMF Perfect Plus Olla a Presi\u00f3n 4,5 L - dev6 Erresse\" \/>\n<meta property=\"og:description\" content=\"\u00a1La olla a presi\u00f3n que cocina a la perfecci\u00f3n! La olla a presi\u00f3n Perfect Premium de WMF aporta un toque extra a la cocina moderna simplificando la cocci\u00f3n\" \/>\n<meta property=\"og:url\" content=\"https:\/\/dev6.erresse-shop.it\/es\/shop\/sartenes-y-ollas\/ollas-y-cacerolas\/wmf-perfect-plus-olla-a-presion-45-l\/\" \/>\n<meta property=\"og:site_name\" content=\"dev6 Erresse\" \/>\n<meta property=\"og:image\" content=\"https:\/\/interpim.erresse-shop.it\/img-catalogo\/wmf\/wmf-perfect-plus-pentola-a-pressione-45-l-1.jpg\" \/><meta property=\"og:image\" content=\"https:\/\/interpim.erresse-shop.it\/img-catalogo\/wmf\/wmf-perfect-plus-pentola-a-pressione-45-l-1.jpg\" \/>\n\t<meta property=\"og:image:width\" content=\"1024\" \/>\n\t<meta property=\"og:image:height\" content=\"1024\" \/>\n\t<meta property=\"og:image:type\" content=\"image\/jpeg\" \/>\n<meta name=\"twitter:card\" content=\"summary_large_image\" \/>\n<meta name=\"twitter:image\" content=\"https:\/\/interpim.erresse-shop.it\/img-catalogo\/wmf\/wmf-perfect-plus-pentola-a-pressione-45-l-1.jpg\" \/>\n<script type=\"application\/ld+json\" class=\"yoast-schema-graph\">{\"@context\":\"https:\/\/schema.org\",\"@graph\":[{\"@type\":\"WebPage\",\"@id\":\"https:\/\/dev6.erresse-shop.it\/es\/shop\/sartenes-y-ollas\/ollas-y-cacerolas\/wmf-perfect-plus-olla-a-presion-45-l\/\",\"url\":\"https:\/\/dev6.erresse-shop.it\/es\/shop\/sartenes-y-ollas\/ollas-y-cacerolas\/wmf-perfect-plus-olla-a-presion-45-l\/\",\"name\":\"WMF Perfect Plus Olla a Presi\u00f3n 4,5 L - dev6 Erresse\",\"isPartOf\":{\"@id\":\"https:\/\/dev6.erresse-shop.it\/#website\"},\"primaryImageOfPage\":{\"@id\":\"https:\/\/dev6.erresse-shop.it\/es\/shop\/sartenes-y-ollas\/ollas-y-cacerolas\/wmf-perfect-plus-olla-a-presion-45-l\/#primaryimage\"},\"image\":{\"@id\":\"https:\/\/dev6.erresse-shop.it\/es\/shop\/sartenes-y-ollas\/ollas-y-cacerolas\/wmf-perfect-plus-olla-a-presion-45-l\/#primaryimage\"},\"thumbnailUrl\":\"https:\/\/i2.wp.com\/interpim.erresse-shop.it\/img-catalogo\/wmf\/wmf-perfect-plus-pentola-a-pressione-45-l-1.jpg?ssl=1\",\"datePublished\":\"2026-04-12T07:33:33+00:00\",\"description\":\"\u00a1La olla a presi\u00f3n que cocina a la perfecci\u00f3n! La olla a presi\u00f3n Perfect Premium de WMF aporta un toque extra a la cocina moderna simplificando la cocci\u00f3n\",\"breadcrumb\":{\"@id\":\"https:\/\/dev6.erresse-shop.it\/es\/shop\/sartenes-y-ollas\/ollas-y-cacerolas\/wmf-perfect-plus-olla-a-presion-45-l\/#breadcrumb\"},\"inLanguage\":\"es\",\"potentialAction\":[{\"@type\":\"ReadAction\",\"target\":[\"https:\/\/dev6.erresse-shop.it\/es\/shop\/sartenes-y-ollas\/ollas-y-cacerolas\/wmf-perfect-plus-olla-a-presion-45-l\/\"]}]},{\"@type\":\"ImageObject\",\"inLanguage\":\"es\",\"@id\":\"https:\/\/dev6.erresse-shop.it\/es\/shop\/sartenes-y-ollas\/ollas-y-cacerolas\/wmf-perfect-plus-olla-a-presion-45-l\/#primaryimage\",\"url\":\"https:\/\/i2.wp.com\/interpim.erresse-shop.it\/img-catalogo\/wmf\/wmf-perfect-plus-pentola-a-pressione-45-l-1.jpg?ssl=1\",\"contentUrl\":\"https:\/\/i2.wp.com\/interpim.erresse-shop.it\/img-catalogo\/wmf\/wmf-perfect-plus-pentola-a-pressione-45-l-1.jpg?ssl=1\"},{\"@type\":\"BreadcrumbList\",\"@id\":\"https:\/\/dev6.erresse-shop.it\/es\/shop\/sartenes-y-ollas\/ollas-y-cacerolas\/wmf-perfect-plus-olla-a-presion-45-l\/#breadcrumb\",\"itemListElement\":[{\"@type\":\"ListItem\",\"position\":1,\"name\":\"Home\",\"item\":\"https:\/\/dev6.erresse-shop.it\/\"},{\"@type\":\"ListItem\",\"position\":2,\"name\":\"Tienda\",\"item\":\"https:\/\/dev6.erresse-shop.it\/shop\/\"},{\"@type\":\"ListItem\",\"position\":3,\"name\":\"WMF Perfect Plus Olla a Presi\u00f3n 4,5 L\"}]},{\"@type\":\"WebSite\",\"@id\":\"https:\/\/dev6.erresse-shop.it\/#website\",\"url\":\"https:\/\/dev6.erresse-shop.it\/\",\"name\":\"Erresse Shop\",\"description\":\"\",\"publisher\":{\"@id\":\"https:\/\/dev6.erresse-shop.it\/#organization\"},\"potentialAction\":[{\"@type\":\"SearchAction\",\"target\":{\"@type\":\"EntryPoint\",\"urlTemplate\":\"https:\/\/dev6.erresse-shop.it\/?s={search_term_string}\"},\"query-input\":{\"@type\":\"PropertyValueSpecification\",\"valueRequired\":true,\"valueName\":\"search_term_string\"}}],\"inLanguage\":\"es\"},{\"@type\":\"Organization\",\"@id\":\"https:\/\/dev6.erresse-shop.it\/#organization\",\"name\":\"Erresse Shop\",\"url\":\"https:\/\/dev6.erresse-shop.it\/\",\"logo\":{\"@type\":\"ImageObject\",\"inLanguage\":\"es\",\"@id\":\"https:\/\/dev6.erresse-shop.it\/#\/schema\/logo\/image\/\",\"url\":\"https:\/\/dev6.erresse-shop.it\/wp-content\/uploads\/2025\/01\/LOGO-ERRESSE-CLASSICO.svg\",\"contentUrl\":\"https:\/\/dev6.erresse-shop.it\/wp-content\/uploads\/2025\/01\/LOGO-ERRESSE-CLASSICO.svg\",\"caption\":\"Erresse Shop\"},\"image\":{\"@id\":\"https:\/\/dev6.erresse-shop.it\/#\/schema\/logo\/image\/\"}}]}<\/script>\n<!-- \/ Yoast SEO plugin. -->","yoast_head_json":{"title":"WMF Perfect Plus Olla a Presi\u00f3n 4,5 L - dev6 Erresse","description":"\u00a1La olla a presi\u00f3n que cocina a la perfecci\u00f3n! La olla a presi\u00f3n Perfect Premium de WMF aporta un toque extra a la cocina moderna simplificando la cocci\u00f3n","robots":{"index":"noindex","follow":"follow","max-snippet":"max-snippet:-1","max-image-preview":"max-image-preview:large","max-video-preview":"max-video-preview:-1"},"og_locale":"es_ES","og_type":"article","og_title":"WMF Perfect Plus Olla a Presi\u00f3n 4,5 L - dev6 Erresse","og_description":"\u00a1La olla a presi\u00f3n que cocina a la perfecci\u00f3n! La olla a presi\u00f3n Perfect Premium de WMF aporta un toque extra a la cocina moderna simplificando la cocci\u00f3n","og_url":"https:\/\/dev6.erresse-shop.it\/es\/shop\/sartenes-y-ollas\/ollas-y-cacerolas\/wmf-perfect-plus-olla-a-presion-45-l\/","og_site_name":"dev6 Erresse","og_image":[{"url":"https:\/\/interpim.erresse-shop.it\/img-catalogo\/wmf\/wmf-perfect-plus-pentola-a-pressione-45-l-1.jpg","type":"","width":"","height":""},{"url":"https:\/\/interpim.erresse-shop.it\/img-catalogo\/wmf\/wmf-perfect-plus-pentola-a-pressione-45-l-1.jpg","width":1024,"height":1024,"type":"image\/jpeg"}],"twitter_card":"summary_large_image","twitter_image":"https:\/\/interpim.erresse-shop.it\/img-catalogo\/wmf\/wmf-perfect-plus-pentola-a-pressione-45-l-1.jpg","schema":{"@context":"https:\/\/schema.org","@graph":[{"@type":"WebPage","@id":"https:\/\/dev6.erresse-shop.it\/es\/shop\/sartenes-y-ollas\/ollas-y-cacerolas\/wmf-perfect-plus-olla-a-presion-45-l\/","url":"https:\/\/dev6.erresse-shop.it\/es\/shop\/sartenes-y-ollas\/ollas-y-cacerolas\/wmf-perfect-plus-olla-a-presion-45-l\/","name":"WMF Perfect Plus Olla a Presi\u00f3n 4,5 L - dev6 Erresse","isPartOf":{"@id":"https:\/\/dev6.erresse-shop.it\/#website"},"primaryImageOfPage":{"@id":"https:\/\/dev6.erresse-shop.it\/es\/shop\/sartenes-y-ollas\/ollas-y-cacerolas\/wmf-perfect-plus-olla-a-presion-45-l\/#primaryimage"},"image":{"@id":"https:\/\/dev6.erresse-shop.it\/es\/shop\/sartenes-y-ollas\/ollas-y-cacerolas\/wmf-perfect-plus-olla-a-presion-45-l\/#primaryimage"},"thumbnailUrl":"https:\/\/i2.wp.com\/interpim.erresse-shop.it\/img-catalogo\/wmf\/wmf-perfect-plus-pentola-a-pressione-45-l-1.jpg?ssl=1","datePublished":"2026-04-12T07:33:33+00:00","description":"\u00a1La olla a presi\u00f3n que cocina a la perfecci\u00f3n! La olla a presi\u00f3n Perfect Premium de WMF aporta un toque extra a la cocina moderna simplificando la cocci\u00f3n","breadcrumb":{"@id":"https:\/\/dev6.erresse-shop.it\/es\/shop\/sartenes-y-ollas\/ollas-y-cacerolas\/wmf-perfect-plus-olla-a-presion-45-l\/#breadcrumb"},"inLanguage":"es","potentialAction":[{"@type":"ReadAction","target":["https:\/\/dev6.erresse-shop.it\/es\/shop\/sartenes-y-ollas\/ollas-y-cacerolas\/wmf-perfect-plus-olla-a-presion-45-l\/"]}]},{"@type":"ImageObject","inLanguage":"es","@id":"https:\/\/dev6.erresse-shop.it\/es\/shop\/sartenes-y-ollas\/ollas-y-cacerolas\/wmf-perfect-plus-olla-a-presion-45-l\/#primaryimage","url":"https:\/\/i2.wp.com\/interpim.erresse-shop.it\/img-catalogo\/wmf\/wmf-perfect-plus-pentola-a-pressione-45-l-1.jpg?ssl=1","contentUrl":"https:\/\/i2.wp.com\/interpim.erresse-shop.it\/img-catalogo\/wmf\/wmf-perfect-plus-pentola-a-pressione-45-l-1.jpg?ssl=1"},{"@type":"BreadcrumbList","@id":"https:\/\/dev6.erresse-shop.it\/es\/shop\/sartenes-y-ollas\/ollas-y-cacerolas\/wmf-perfect-plus-olla-a-presion-45-l\/#breadcrumb","itemListElement":[{"@type":"ListItem","position":1,"name":"Home","item":"https:\/\/dev6.erresse-shop.it\/"},{"@type":"ListItem","position":2,"name":"Tienda","item":"https:\/\/dev6.erresse-shop.it\/shop\/"},{"@type":"ListItem","position":3,"name":"WMF Perfect Plus Olla a Presi\u00f3n 4,5 L"}]},{"@type":"WebSite","@id":"https:\/\/dev6.erresse-shop.it\/#website","url":"https:\/\/dev6.erresse-shop.it\/","name":"Erresse Shop","description":"","publisher":{"@id":"https:\/\/dev6.erresse-shop.it\/#organization"},"potentialAction":[{"@type":"SearchAction","target":{"@type":"EntryPoint","urlTemplate":"https:\/\/dev6.erresse-shop.it\/?s={search_term_string}"},"query-input":{"@type":"PropertyValueSpecification","valueRequired":true,"valueName":"search_term_string"}}],"inLanguage":"es"},{"@type":"Organization","@id":"https:\/\/dev6.erresse-shop.it\/#organization","name":"Erresse Shop","url":"https:\/\/dev6.erresse-shop.it\/","logo":{"@type":"ImageObject","inLanguage":"es","@id":"https:\/\/dev6.erresse-shop.it\/#\/schema\/logo\/image\/","url":"https:\/\/dev6.erresse-shop.it\/wp-content\/uploads\/2025\/01\/LOGO-ERRESSE-CLASSICO.svg","contentUrl":"https:\/\/dev6.erresse-shop.it\/wp-content\/uploads\/2025\/01\/LOGO-ERRESSE-CLASSICO.svg","caption":"Erresse Shop"},"image":{"@id":"https:\/\/dev6.erresse-shop.it\/#\/schema\/logo\/image\/"}}]}},"df_price":139.95,"df_sale_price":139.95,"df_regular_price":199,"df_image_link":"https:\/\/i2.wp.com\/interpim.erresse-shop.it\/img-catalogo\/wmf\/wmf-perfect-plus-pentola-a-pressione-45-l-1.jpg?resize=300,300&ssl=1","fifu_image_url":"https:\/\/interpim.erresse-shop.it\/img-catalogo\/wmf\/wmf-perfect-plus-pentola-a-pressione-45-l-1.jpg","_links":{"self":[{"href":"https:\/\/dev6.erresse-shop.it\/es\/wp-json\/wp\/v2\/product\/1879308","targetHints":{"allow":["GET"]}}],"collection":[{"href":"https:\/\/dev6.erresse-shop.it\/es\/wp-json\/wp\/v2\/product"}],"about":[{"href":"https:\/\/dev6.erresse-shop.it\/es\/wp-json\/wp\/v2\/types\/product"}],"wp:featuredmedia":[{"embeddable":true,"href":"https:\/\/dev6.erresse-shop.it\/es\/wp-json\/wp\/v2\/media\/6361404"}],"wp:attachment":[{"href":"https:\/\/dev6.erresse-shop.it\/es\/wp-json\/wp\/v2\/media?parent=1879308"}],"wp:term":[{"taxonomy":"product_cat","embeddable":true,"href":"https:\/\/dev6.erresse-shop.it\/es\/wp-json\/wp\/v2\/product_cat?post=1879308"},{"taxonomy":"product_tag","embeddable":true,"href":"https:\/\/dev6.erresse-shop.it\/es\/wp-json\/wp\/v2\/product_tag?post=1879308"}],"curies":[{"name":"wp","href":"https:\/\/api.w.org\/{rel}","templated":true}]}}