{"id":1879306,"date":"2026-04-12T09:33:33","date_gmt":"2026-04-12T07:33:33","guid":{"rendered":"https:\/\/dev6.erresse-shop.it\/shop\/sin%20categor\u00eda\/rowenta-parrilla-optigrill-xl-gr722\/"},"modified":"2025-07-04T22:18:45","modified_gmt":"2025-07-04T20:18:45","slug":"rowenta-parrilla-optigrill-xl-gr722","status":"publish","type":"product","link":"https:\/\/dev6.erresse-shop.it\/es\/shop\/pequenos-electrodomesticos\/parrillas-y-barbacoas\/rowenta-parrilla-optigrill-xl-gr722\/","title":{"rendered":"ROWENTA Parrilla Optigrill+ XL GR722"},"content":{"rendered":"<p>Descubre OptiGrill&#43;, la \u00faltima innovaci\u00f3n de Rowenta que incluye un modo manual con cuatro niveles de temperatura para infinitas posibilidades de cocinado.<br \/>\nCon un 33% m\u00e1s de superficie de asado que el GR712, es la soluci\u00f3n ideal para compartir con la familia y los amigos.<br \/>\nGracias a la tecnolog\u00eda de \u201ccocci\u00f3n autom\u00e1tica con sensores\u201d, OptiGrill&#43; detecta inmediatamente el n\u00famero de porciones colocadas en el grill y su grosor, y ajusta la temperatura y el tiempo de cocci\u00f3n autom\u00e1ticamente para obtener unos resultados perfectos. El indicador luminoso y el pitido le permiten controlar directamente la cocci\u00f3n de alta precisi\u00f3n y obtener as\u00ed un resultado exactamente como a usted le gusta: poco hecho, medio hecho o bien hecho. 9 programas de cocci\u00f3n para preparar recetas a la perfecci\u00f3n. El modo de cocci\u00f3n manual adicional con 4 temperaturas ajustables le permite cocinar cualquier alimento y es ideal para preparar frutas y verduras exactamente como a usted le gustan.<br \/>\nOtras caracter\u00edsticas incluyen placas de aluminio fundido antiadherente, una superficie de cocci\u00f3n de 600 cm2 adecuada para 2-4 personas y una gran bandeja inclinada 7\u00b0 para recoger la grasa.<\/p>\n<p>9 PROGRAMAS AUTOM\u00c1TICOS: Utilice los 9 programas de cocci\u00f3n (Hamburguesa, Carne Roja, Bocadillo, Salchicha, Pescado, Aves, Marisco, Bacon, Cerdo) para adaptar autom\u00e1ticamente la temperatura a cada tipo de alimento y cocinarlo como desee<br \/>\nMODO MANUAL Y CONGELADO: Utilice el modo manual con 4 niveles de temperatura ajustables para preparar diferentes tipos de carne, pescado, fruta y verdura; el grill tambi\u00e9n dispone de un modo para alimentos congelados<br \/>\nINDICADOR DE COCCI\u00d3N: La pantalla indica el progreso de la cocci\u00f3n para una cocci\u00f3n perfecta, desde poco hecha hasta bien hecha; suena un pitido en cada nivel para hacerle saber que su carne est\u00e1 lista y cocinada como a usted le gusta.<br \/>\nSENSOR AUTOM\u00c1TICO DE GROSOR: El sensor autom\u00e1tico de grosor ajusta autom\u00e1ticamente la temperatura adecuada para el tama\u00f1o y grosor de cualquier tipo de alimento en los programas indicados<br \/>\nGRAN SUPERFICIE: La superficie de cocci\u00f3n XL (40\u00d720 cm) del grill el\u00e9ctrico es adecuada para 6-8 personas y le permite cocinar para toda la familia y amigos<br \/>\nF\u00c1CIL DE LIMPIAR: Las placas de aluminio fundido de alto rendimiento, antiadherentes y extra\u00edbles est\u00e1n recubiertas de PTFE para una limpieza r\u00e1pida; tanto las placas como la bandeja recogegrasa son lavables a m\u00e1quina<\/p>\n","protected":false},"excerpt":{"rendered":"<p>Descubre OptiGrill&#43;, la \u00faltima innovaci\u00f3n de Rowenta que incluye un modo manual con cuatro niveles de temperatura para infinitas posibilidades de cocinado. Con un 33% m\u00e1s de superficie de asado que el GR712, es la soluci\u00f3n ideal para compartir con la familia y los amigos. Gracias a la tecnolog\u00eda de \u201ccocci\u00f3n autom\u00e1tica con sensores\u201d, OptiGrill&#43; [&hellip;]<\/p>\n","protected":false},"featured_media":6361387,"template":"","meta":{"_acf_changed":false},"product_cat":[11979,11947],"product_tag":[],"class_list":{"0":"post-1879306","1":"product","2":"type-product","3":"status-publish","4":"has-post-thumbnail","6":"product_cat-parrillas-y-barbacoas","7":"product_cat-pequenos-electrodomesticos","9":"first","10":"outofstock","11":"taxable","12":"shipping-taxable","13":"product-type-simple","swatches":"rey-swatches","show_selected":"","stretch_labels":"rey-swatches--stretch-labels"},"acf":[],"yoast_head":"<!-- This site is optimized with the Yoast SEO plugin v25.4 - https:\/\/yoast.com\/wordpress\/plugins\/seo\/ -->\n<title>ROWENTA Parrilla Optigrill+ XL GR722 - dev6 Erresse<\/title>\n<meta name=\"description\" content=\"Descubre OptiGrill&#043;, la \u00faltima innovaci\u00f3n de Rowenta que incluye un modo manual con cuatro niveles de temperatura para infinitas posibilidades de\" \/>\n<meta name=\"robots\" content=\"noindex, follow, max-snippet:-1, max-image-preview:large, max-video-preview:-1\" \/>\n<meta property=\"og:locale\" content=\"es_ES\" \/>\n<meta property=\"og:type\" content=\"article\" \/>\n<meta property=\"og:title\" content=\"ROWENTA Parrilla Optigrill+ XL GR722 - dev6 Erresse\" \/>\n<meta property=\"og:description\" content=\"Descubre OptiGrill&#043;, la \u00faltima innovaci\u00f3n de Rowenta que incluye un modo manual con cuatro niveles de temperatura para infinitas posibilidades de\" \/>\n<meta property=\"og:url\" content=\"https:\/\/dev6.erresse-shop.it\/es\/shop\/pequenos-electrodomesticos\/parrillas-y-barbacoas\/rowenta-parrilla-optigrill-xl-gr722\/\" \/>\n<meta property=\"og:site_name\" content=\"dev6 Erresse\" \/>\n<meta property=\"og:image\" content=\"https:\/\/interpim.erresse-shop.it\/img-catalogo\/rowenta\/rowenta-bistecchiera-optigrill-xl-gr722.jpg\" \/><meta property=\"og:image\" content=\"https:\/\/interpim.erresse-shop.it\/img-catalogo\/rowenta\/rowenta-bistecchiera-optigrill-xl-gr722.jpg\" \/>\n\t<meta property=\"og:image:width\" content=\"1024\" \/>\n\t<meta property=\"og:image:height\" content=\"1024\" \/>\n\t<meta property=\"og:image:type\" content=\"image\/jpeg\" \/>\n<meta name=\"twitter:card\" content=\"summary_large_image\" \/>\n<meta name=\"twitter:image\" content=\"https:\/\/interpim.erresse-shop.it\/img-catalogo\/rowenta\/rowenta-bistecchiera-optigrill-xl-gr722.jpg\" \/>\n<script type=\"application\/ld+json\" class=\"yoast-schema-graph\">{\"@context\":\"https:\/\/schema.org\",\"@graph\":[{\"@type\":\"WebPage\",\"@id\":\"https:\/\/dev6.erresse-shop.it\/es\/shop\/pequenos-electrodomesticos\/parrillas-y-barbacoas\/rowenta-parrilla-optigrill-xl-gr722\/\",\"url\":\"https:\/\/dev6.erresse-shop.it\/es\/shop\/pequenos-electrodomesticos\/parrillas-y-barbacoas\/rowenta-parrilla-optigrill-xl-gr722\/\",\"name\":\"ROWENTA Parrilla Optigrill+ XL GR722 - dev6 Erresse\",\"isPartOf\":{\"@id\":\"https:\/\/dev6.erresse-shop.it\/#website\"},\"primaryImageOfPage\":{\"@id\":\"https:\/\/dev6.erresse-shop.it\/es\/shop\/pequenos-electrodomesticos\/parrillas-y-barbacoas\/rowenta-parrilla-optigrill-xl-gr722\/#primaryimage\"},\"image\":{\"@id\":\"https:\/\/dev6.erresse-shop.it\/es\/shop\/pequenos-electrodomesticos\/parrillas-y-barbacoas\/rowenta-parrilla-optigrill-xl-gr722\/#primaryimage\"},\"thumbnailUrl\":\"https:\/\/i3.wp.com\/interpim.erresse-shop.it\/img-catalogo\/rowenta\/rowenta-bistecchiera-optigrill-xl-gr722.jpg?ssl=1\",\"datePublished\":\"2026-04-12T07:33:33+00:00\",\"description\":\"Descubre OptiGrill&#43;, la \u00faltima innovaci\u00f3n de Rowenta que incluye un modo manual con cuatro niveles de temperatura para infinitas posibilidades de\",\"breadcrumb\":{\"@id\":\"https:\/\/dev6.erresse-shop.it\/es\/shop\/pequenos-electrodomesticos\/parrillas-y-barbacoas\/rowenta-parrilla-optigrill-xl-gr722\/#breadcrumb\"},\"inLanguage\":\"es\",\"potentialAction\":[{\"@type\":\"ReadAction\",\"target\":[\"https:\/\/dev6.erresse-shop.it\/es\/shop\/pequenos-electrodomesticos\/parrillas-y-barbacoas\/rowenta-parrilla-optigrill-xl-gr722\/\"]}]},{\"@type\":\"ImageObject\",\"inLanguage\":\"es\",\"@id\":\"https:\/\/dev6.erresse-shop.it\/es\/shop\/pequenos-electrodomesticos\/parrillas-y-barbacoas\/rowenta-parrilla-optigrill-xl-gr722\/#primaryimage\",\"url\":\"https:\/\/i3.wp.com\/interpim.erresse-shop.it\/img-catalogo\/rowenta\/rowenta-bistecchiera-optigrill-xl-gr722.jpg?ssl=1\",\"contentUrl\":\"https:\/\/i3.wp.com\/interpim.erresse-shop.it\/img-catalogo\/rowenta\/rowenta-bistecchiera-optigrill-xl-gr722.jpg?ssl=1\"},{\"@type\":\"BreadcrumbList\",\"@id\":\"https:\/\/dev6.erresse-shop.it\/es\/shop\/pequenos-electrodomesticos\/parrillas-y-barbacoas\/rowenta-parrilla-optigrill-xl-gr722\/#breadcrumb\",\"itemListElement\":[{\"@type\":\"ListItem\",\"position\":1,\"name\":\"Home\",\"item\":\"https:\/\/dev6.erresse-shop.it\/\"},{\"@type\":\"ListItem\",\"position\":2,\"name\":\"Tienda\",\"item\":\"https:\/\/dev6.erresse-shop.it\/shop\/\"},{\"@type\":\"ListItem\",\"position\":3,\"name\":\"ROWENTA Parrilla Optigrill+ XL GR722\"}]},{\"@type\":\"WebSite\",\"@id\":\"https:\/\/dev6.erresse-shop.it\/#website\",\"url\":\"https:\/\/dev6.erresse-shop.it\/\",\"name\":\"Erresse Shop\",\"description\":\"\",\"publisher\":{\"@id\":\"https:\/\/dev6.erresse-shop.it\/#organization\"},\"potentialAction\":[{\"@type\":\"SearchAction\",\"target\":{\"@type\":\"EntryPoint\",\"urlTemplate\":\"https:\/\/dev6.erresse-shop.it\/?s={search_term_string}\"},\"query-input\":{\"@type\":\"PropertyValueSpecification\",\"valueRequired\":true,\"valueName\":\"search_term_string\"}}],\"inLanguage\":\"es\"},{\"@type\":\"Organization\",\"@id\":\"https:\/\/dev6.erresse-shop.it\/#organization\",\"name\":\"Erresse Shop\",\"url\":\"https:\/\/dev6.erresse-shop.it\/\",\"logo\":{\"@type\":\"ImageObject\",\"inLanguage\":\"es\",\"@id\":\"https:\/\/dev6.erresse-shop.it\/#\/schema\/logo\/image\/\",\"url\":\"https:\/\/dev6.erresse-shop.it\/wp-content\/uploads\/2025\/01\/LOGO-ERRESSE-CLASSICO.svg\",\"contentUrl\":\"https:\/\/dev6.erresse-shop.it\/wp-content\/uploads\/2025\/01\/LOGO-ERRESSE-CLASSICO.svg\",\"caption\":\"Erresse Shop\"},\"image\":{\"@id\":\"https:\/\/dev6.erresse-shop.it\/#\/schema\/logo\/image\/\"}}]}<\/script>\n<!-- \/ Yoast SEO plugin. -->","yoast_head_json":{"title":"ROWENTA Parrilla Optigrill+ XL GR722 - dev6 Erresse","description":"Descubre OptiGrill&#43;, la \u00faltima innovaci\u00f3n de Rowenta que incluye un modo manual con cuatro niveles de temperatura para infinitas posibilidades de","robots":{"index":"noindex","follow":"follow","max-snippet":"max-snippet:-1","max-image-preview":"max-image-preview:large","max-video-preview":"max-video-preview:-1"},"og_locale":"es_ES","og_type":"article","og_title":"ROWENTA Parrilla Optigrill+ XL GR722 - dev6 Erresse","og_description":"Descubre OptiGrill&#43;, la \u00faltima innovaci\u00f3n de Rowenta que incluye un modo manual con cuatro niveles de temperatura para infinitas posibilidades de","og_url":"https:\/\/dev6.erresse-shop.it\/es\/shop\/pequenos-electrodomesticos\/parrillas-y-barbacoas\/rowenta-parrilla-optigrill-xl-gr722\/","og_site_name":"dev6 Erresse","og_image":[{"url":"https:\/\/interpim.erresse-shop.it\/img-catalogo\/rowenta\/rowenta-bistecchiera-optigrill-xl-gr722.jpg","type":"","width":"","height":""},{"url":"https:\/\/interpim.erresse-shop.it\/img-catalogo\/rowenta\/rowenta-bistecchiera-optigrill-xl-gr722.jpg","width":1024,"height":1024,"type":"image\/jpeg"}],"twitter_card":"summary_large_image","twitter_image":"https:\/\/interpim.erresse-shop.it\/img-catalogo\/rowenta\/rowenta-bistecchiera-optigrill-xl-gr722.jpg","schema":{"@context":"https:\/\/schema.org","@graph":[{"@type":"WebPage","@id":"https:\/\/dev6.erresse-shop.it\/es\/shop\/pequenos-electrodomesticos\/parrillas-y-barbacoas\/rowenta-parrilla-optigrill-xl-gr722\/","url":"https:\/\/dev6.erresse-shop.it\/es\/shop\/pequenos-electrodomesticos\/parrillas-y-barbacoas\/rowenta-parrilla-optigrill-xl-gr722\/","name":"ROWENTA Parrilla Optigrill+ XL GR722 - dev6 Erresse","isPartOf":{"@id":"https:\/\/dev6.erresse-shop.it\/#website"},"primaryImageOfPage":{"@id":"https:\/\/dev6.erresse-shop.it\/es\/shop\/pequenos-electrodomesticos\/parrillas-y-barbacoas\/rowenta-parrilla-optigrill-xl-gr722\/#primaryimage"},"image":{"@id":"https:\/\/dev6.erresse-shop.it\/es\/shop\/pequenos-electrodomesticos\/parrillas-y-barbacoas\/rowenta-parrilla-optigrill-xl-gr722\/#primaryimage"},"thumbnailUrl":"https:\/\/i3.wp.com\/interpim.erresse-shop.it\/img-catalogo\/rowenta\/rowenta-bistecchiera-optigrill-xl-gr722.jpg?ssl=1","datePublished":"2026-04-12T07:33:33+00:00","description":"Descubre OptiGrill&#43;, la \u00faltima innovaci\u00f3n de Rowenta que incluye un modo manual con cuatro niveles de temperatura para infinitas posibilidades de","breadcrumb":{"@id":"https:\/\/dev6.erresse-shop.it\/es\/shop\/pequenos-electrodomesticos\/parrillas-y-barbacoas\/rowenta-parrilla-optigrill-xl-gr722\/#breadcrumb"},"inLanguage":"es","potentialAction":[{"@type":"ReadAction","target":["https:\/\/dev6.erresse-shop.it\/es\/shop\/pequenos-electrodomesticos\/parrillas-y-barbacoas\/rowenta-parrilla-optigrill-xl-gr722\/"]}]},{"@type":"ImageObject","inLanguage":"es","@id":"https:\/\/dev6.erresse-shop.it\/es\/shop\/pequenos-electrodomesticos\/parrillas-y-barbacoas\/rowenta-parrilla-optigrill-xl-gr722\/#primaryimage","url":"https:\/\/i3.wp.com\/interpim.erresse-shop.it\/img-catalogo\/rowenta\/rowenta-bistecchiera-optigrill-xl-gr722.jpg?ssl=1","contentUrl":"https:\/\/i3.wp.com\/interpim.erresse-shop.it\/img-catalogo\/rowenta\/rowenta-bistecchiera-optigrill-xl-gr722.jpg?ssl=1"},{"@type":"BreadcrumbList","@id":"https:\/\/dev6.erresse-shop.it\/es\/shop\/pequenos-electrodomesticos\/parrillas-y-barbacoas\/rowenta-parrilla-optigrill-xl-gr722\/#breadcrumb","itemListElement":[{"@type":"ListItem","position":1,"name":"Home","item":"https:\/\/dev6.erresse-shop.it\/"},{"@type":"ListItem","position":2,"name":"Tienda","item":"https:\/\/dev6.erresse-shop.it\/shop\/"},{"@type":"ListItem","position":3,"name":"ROWENTA Parrilla Optigrill+ XL GR722"}]},{"@type":"WebSite","@id":"https:\/\/dev6.erresse-shop.it\/#website","url":"https:\/\/dev6.erresse-shop.it\/","name":"Erresse Shop","description":"","publisher":{"@id":"https:\/\/dev6.erresse-shop.it\/#organization"},"potentialAction":[{"@type":"SearchAction","target":{"@type":"EntryPoint","urlTemplate":"https:\/\/dev6.erresse-shop.it\/?s={search_term_string}"},"query-input":{"@type":"PropertyValueSpecification","valueRequired":true,"valueName":"search_term_string"}}],"inLanguage":"es"},{"@type":"Organization","@id":"https:\/\/dev6.erresse-shop.it\/#organization","name":"Erresse Shop","url":"https:\/\/dev6.erresse-shop.it\/","logo":{"@type":"ImageObject","inLanguage":"es","@id":"https:\/\/dev6.erresse-shop.it\/#\/schema\/logo\/image\/","url":"https:\/\/dev6.erresse-shop.it\/wp-content\/uploads\/2025\/01\/LOGO-ERRESSE-CLASSICO.svg","contentUrl":"https:\/\/dev6.erresse-shop.it\/wp-content\/uploads\/2025\/01\/LOGO-ERRESSE-CLASSICO.svg","caption":"Erresse Shop"},"image":{"@id":"https:\/\/dev6.erresse-shop.it\/#\/schema\/logo\/image\/"}}]}},"df_price":"","df_sale_price":"","df_regular_price":"","df_image_link":"https:\/\/i3.wp.com\/interpim.erresse-shop.it\/img-catalogo\/rowenta\/rowenta-bistecchiera-optigrill-xl-gr722.jpg?resize=300,300&ssl=1","fifu_image_url":"https:\/\/interpim.erresse-shop.it\/img-catalogo\/rowenta\/rowenta-bistecchiera-optigrill-xl-gr722.jpg","_links":{"self":[{"href":"https:\/\/dev6.erresse-shop.it\/es\/wp-json\/wp\/v2\/product\/1879306","targetHints":{"allow":["GET"]}}],"collection":[{"href":"https:\/\/dev6.erresse-shop.it\/es\/wp-json\/wp\/v2\/product"}],"about":[{"href":"https:\/\/dev6.erresse-shop.it\/es\/wp-json\/wp\/v2\/types\/product"}],"wp:featuredmedia":[{"embeddable":true,"href":"https:\/\/dev6.erresse-shop.it\/es\/wp-json\/wp\/v2\/media\/6361387"}],"wp:attachment":[{"href":"https:\/\/dev6.erresse-shop.it\/es\/wp-json\/wp\/v2\/media?parent=1879306"}],"wp:term":[{"taxonomy":"product_cat","embeddable":true,"href":"https:\/\/dev6.erresse-shop.it\/es\/wp-json\/wp\/v2\/product_cat?post=1879306"},{"taxonomy":"product_tag","embeddable":true,"href":"https:\/\/dev6.erresse-shop.it\/es\/wp-json\/wp\/v2\/product_tag?post=1879306"}],"curies":[{"name":"wp","href":"https:\/\/api.w.org\/{rel}","templated":true}]}}