{"id":1879300,"date":"2026-04-12T09:33:33","date_gmt":"2026-04-12T07:33:33","guid":{"rendered":"https:\/\/dev6.erresse-shop.it\/shop\/sin%20categor\u00eda\/weber-barbacoa-electrica-q-2400\/"},"modified":"2025-07-04T22:18:33","modified_gmt":"2025-07-04T20:18:33","slug":"weber-barbacoa-electrica-q-2400","status":"publish","type":"product","link":"https:\/\/dev6.erresse-shop.it\/es\/shop\/pequenos-electrodomesticos\/parrillas-y-barbacoas\/weber-barbacoa-electrica-q-2400\/","title":{"rendered":"WEBER Barbacoa El\u00e9ctrica Q 2400"},"content":{"rendered":"<p>El grill el\u00e9ctrico Weber Q2400 permite asar una abundante cantidad de comida en todo tipo de terrazas. Por eso es el grill recomendado para quienes viven en la ciudad o necesitan transportar f\u00e1cilmente el aparato a su casa de vacaciones. Compacta, potente y eficaz, garantiza los m\u00e1ximos resultados con el m\u00ednimo esfuerzo. Todo ello sin el estorbo de la bombona y la incomodidad de tener que rellenarla.<\/p>\n<p>CARACTER\u00cdSTICAS<\/p>\n<p>Potencia: 2,2 Kw<br \/>\nTapa con deflector de calor Para aumentar el rendimiento del grill, se ha colocado un deflector de calor en la pared interior de la tapa; este dispositivo garantiza que la distribuci\u00f3n del calor sea m\u00e1s uniforme, aumentando la eficacia (y la temperatura) de las corrientes de convecci\u00f3n para una cocci\u00f3n completa.<br \/>\nla tapa y el brasero de aluminio fundido hacen que la parrilla sea muy ligera y, por tanto, f\u00e1cil de transportar<br \/>\nc\u00f3moda bandeja recogegrasa desechable f\u00e1cilmente extra\u00edble para facilitar la limpieza de la parrilla<br \/>\ntama\u00f1o de la parrilla: 55 x 39 cm; las parrillas son totalmente de hierro fundido pesado: esta parrilla permite cocinar cualquier tipo de filete, desde rodajas hasta<br \/>\nfiletes T-bone de 2 kg<br \/>\nmando de regulaci\u00f3n de la temperatura<br \/>\narmaz\u00f3n de nailon reforzado con fibra de vidrio<br \/>\nmango grande aislante del calor<\/p>\n<p>ESPECIFICACIONES T\u00c9CNICAS<\/p>\n<p>Dimensiones \u2013 tapa abierta: 66,1 cm alto x 80,1 cm ancho x 63,8 cm fondo<br \/>\nDimensiones con la tapa cerrada: 36,9 cm de alto x 80,1 cm de ancho x 49,6 cm de fondo<br \/>\nSuperficie total de cocci\u00f3n: 54\u00d739 cm<br \/>\nTipo de combustible: el\u00e9ctrico<\/p>\n","protected":false},"excerpt":{"rendered":"<p>El grill el\u00e9ctrico Weber Q2400 permite asar una abundante cantidad de comida en todo tipo de terrazas. Por eso es el grill recomendado para quienes viven en la ciudad o necesitan transportar f\u00e1cilmente el aparato a su casa de vacaciones. Compacta, potente y eficaz, garantiza los m\u00e1ximos resultados con el m\u00ednimo esfuerzo. Todo ello sin [&hellip;]<\/p>\n","protected":false},"featured_media":6361329,"template":"","meta":{"_acf_changed":false},"product_cat":[11979,11947],"product_tag":[],"class_list":{"0":"post-1879300","1":"product","2":"type-product","3":"status-publish","4":"has-post-thumbnail","6":"product_cat-parrillas-y-barbacoas","7":"product_cat-pequenos-electrodomesticos","9":"first","10":"outofstock","11":"sale","12":"taxable","13":"shipping-taxable","14":"purchasable","15":"product-type-simple","swatches":"rey-swatches","show_selected":"","stretch_labels":"rey-swatches--stretch-labels"},"acf":[],"yoast_head":"<!-- This site is optimized with the Yoast SEO plugin v25.4 - https:\/\/yoast.com\/wordpress\/plugins\/seo\/ -->\n<title>WEBER Barbacoa El\u00e9ctrica Q 2400 - dev6 Erresse<\/title>\n<meta name=\"description\" content=\"El grill el\u00e9ctrico Weber Q2400 permite asar una abundante cantidad de comida en todo tipo de terrazas. Por eso es el grill recomendado para quienes viven\" \/>\n<meta name=\"robots\" content=\"noindex, follow, max-snippet:-1, max-image-preview:large, max-video-preview:-1\" \/>\n<meta property=\"og:locale\" content=\"es_ES\" \/>\n<meta property=\"og:type\" content=\"article\" \/>\n<meta property=\"og:title\" content=\"WEBER Barbacoa El\u00e9ctrica Q 2400 - dev6 Erresse\" \/>\n<meta property=\"og:description\" content=\"El grill el\u00e9ctrico Weber Q2400 permite asar una abundante cantidad de comida en todo tipo de terrazas. Por eso es el grill recomendado para quienes viven\" \/>\n<meta property=\"og:url\" content=\"https:\/\/dev6.erresse-shop.it\/es\/shop\/pequenos-electrodomesticos\/parrillas-y-barbacoas\/weber-barbacoa-electrica-q-2400\/\" \/>\n<meta property=\"og:site_name\" content=\"dev6 Erresse\" \/>\n<meta property=\"og:image\" content=\"https:\/\/interpim.erresse-shop.it\/img-catalogo\/weber\/weber-barbecue-elettrico-q-2400.jpg\" \/><meta property=\"og:image\" content=\"https:\/\/interpim.erresse-shop.it\/img-catalogo\/weber\/weber-barbecue-elettrico-q-2400.jpg\" \/>\n\t<meta property=\"og:image:width\" content=\"1024\" \/>\n\t<meta property=\"og:image:height\" content=\"1024\" \/>\n\t<meta property=\"og:image:type\" content=\"image\/jpeg\" \/>\n<meta name=\"twitter:card\" content=\"summary_large_image\" \/>\n<meta name=\"twitter:image\" content=\"https:\/\/interpim.erresse-shop.it\/img-catalogo\/weber\/weber-barbecue-elettrico-q-2400.jpg\" \/>\n<script type=\"application\/ld+json\" class=\"yoast-schema-graph\">{\"@context\":\"https:\/\/schema.org\",\"@graph\":[{\"@type\":\"WebPage\",\"@id\":\"https:\/\/dev6.erresse-shop.it\/es\/shop\/pequenos-electrodomesticos\/parrillas-y-barbacoas\/weber-barbacoa-electrica-q-2400\/\",\"url\":\"https:\/\/dev6.erresse-shop.it\/es\/shop\/pequenos-electrodomesticos\/parrillas-y-barbacoas\/weber-barbacoa-electrica-q-2400\/\",\"name\":\"WEBER Barbacoa El\u00e9ctrica Q 2400 - dev6 Erresse\",\"isPartOf\":{\"@id\":\"https:\/\/dev6.erresse-shop.it\/#website\"},\"primaryImageOfPage\":{\"@id\":\"https:\/\/dev6.erresse-shop.it\/es\/shop\/pequenos-electrodomesticos\/parrillas-y-barbacoas\/weber-barbacoa-electrica-q-2400\/#primaryimage\"},\"image\":{\"@id\":\"https:\/\/dev6.erresse-shop.it\/es\/shop\/pequenos-electrodomesticos\/parrillas-y-barbacoas\/weber-barbacoa-electrica-q-2400\/#primaryimage\"},\"thumbnailUrl\":\"https:\/\/i1.wp.com\/interpim.erresse-shop.it\/img-catalogo\/weber\/weber-barbecue-elettrico-q-2400.jpg?ssl=1\",\"datePublished\":\"2026-04-12T07:33:33+00:00\",\"description\":\"El grill el\u00e9ctrico Weber Q2400 permite asar una abundante cantidad de comida en todo tipo de terrazas. Por eso es el grill recomendado para quienes viven\",\"breadcrumb\":{\"@id\":\"https:\/\/dev6.erresse-shop.it\/es\/shop\/pequenos-electrodomesticos\/parrillas-y-barbacoas\/weber-barbacoa-electrica-q-2400\/#breadcrumb\"},\"inLanguage\":\"es\",\"potentialAction\":[{\"@type\":\"ReadAction\",\"target\":[\"https:\/\/dev6.erresse-shop.it\/es\/shop\/pequenos-electrodomesticos\/parrillas-y-barbacoas\/weber-barbacoa-electrica-q-2400\/\"]}]},{\"@type\":\"ImageObject\",\"inLanguage\":\"es\",\"@id\":\"https:\/\/dev6.erresse-shop.it\/es\/shop\/pequenos-electrodomesticos\/parrillas-y-barbacoas\/weber-barbacoa-electrica-q-2400\/#primaryimage\",\"url\":\"https:\/\/i1.wp.com\/interpim.erresse-shop.it\/img-catalogo\/weber\/weber-barbecue-elettrico-q-2400.jpg?ssl=1\",\"contentUrl\":\"https:\/\/i1.wp.com\/interpim.erresse-shop.it\/img-catalogo\/weber\/weber-barbecue-elettrico-q-2400.jpg?ssl=1\"},{\"@type\":\"BreadcrumbList\",\"@id\":\"https:\/\/dev6.erresse-shop.it\/es\/shop\/pequenos-electrodomesticos\/parrillas-y-barbacoas\/weber-barbacoa-electrica-q-2400\/#breadcrumb\",\"itemListElement\":[{\"@type\":\"ListItem\",\"position\":1,\"name\":\"Home\",\"item\":\"https:\/\/dev6.erresse-shop.it\/\"},{\"@type\":\"ListItem\",\"position\":2,\"name\":\"Tienda\",\"item\":\"https:\/\/dev6.erresse-shop.it\/shop\/\"},{\"@type\":\"ListItem\",\"position\":3,\"name\":\"WEBER Barbacoa El\u00e9ctrica Q 2400\"}]},{\"@type\":\"WebSite\",\"@id\":\"https:\/\/dev6.erresse-shop.it\/#website\",\"url\":\"https:\/\/dev6.erresse-shop.it\/\",\"name\":\"Erresse Shop\",\"description\":\"\",\"publisher\":{\"@id\":\"https:\/\/dev6.erresse-shop.it\/#organization\"},\"potentialAction\":[{\"@type\":\"SearchAction\",\"target\":{\"@type\":\"EntryPoint\",\"urlTemplate\":\"https:\/\/dev6.erresse-shop.it\/?s={search_term_string}\"},\"query-input\":{\"@type\":\"PropertyValueSpecification\",\"valueRequired\":true,\"valueName\":\"search_term_string\"}}],\"inLanguage\":\"es\"},{\"@type\":\"Organization\",\"@id\":\"https:\/\/dev6.erresse-shop.it\/#organization\",\"name\":\"Erresse Shop\",\"url\":\"https:\/\/dev6.erresse-shop.it\/\",\"logo\":{\"@type\":\"ImageObject\",\"inLanguage\":\"es\",\"@id\":\"https:\/\/dev6.erresse-shop.it\/#\/schema\/logo\/image\/\",\"url\":\"https:\/\/dev6.erresse-shop.it\/wp-content\/uploads\/2025\/01\/LOGO-ERRESSE-CLASSICO.svg\",\"contentUrl\":\"https:\/\/dev6.erresse-shop.it\/wp-content\/uploads\/2025\/01\/LOGO-ERRESSE-CLASSICO.svg\",\"caption\":\"Erresse Shop\"},\"image\":{\"@id\":\"https:\/\/dev6.erresse-shop.it\/#\/schema\/logo\/image\/\"}}]}<\/script>\n<!-- \/ Yoast SEO plugin. -->","yoast_head_json":{"title":"WEBER Barbacoa El\u00e9ctrica Q 2400 - dev6 Erresse","description":"El grill el\u00e9ctrico Weber Q2400 permite asar una abundante cantidad de comida en todo tipo de terrazas. Por eso es el grill recomendado para quienes viven","robots":{"index":"noindex","follow":"follow","max-snippet":"max-snippet:-1","max-image-preview":"max-image-preview:large","max-video-preview":"max-video-preview:-1"},"og_locale":"es_ES","og_type":"article","og_title":"WEBER Barbacoa El\u00e9ctrica Q 2400 - dev6 Erresse","og_description":"El grill el\u00e9ctrico Weber Q2400 permite asar una abundante cantidad de comida en todo tipo de terrazas. Por eso es el grill recomendado para quienes viven","og_url":"https:\/\/dev6.erresse-shop.it\/es\/shop\/pequenos-electrodomesticos\/parrillas-y-barbacoas\/weber-barbacoa-electrica-q-2400\/","og_site_name":"dev6 Erresse","og_image":[{"url":"https:\/\/interpim.erresse-shop.it\/img-catalogo\/weber\/weber-barbecue-elettrico-q-2400.jpg","type":"","width":"","height":""},{"url":"https:\/\/interpim.erresse-shop.it\/img-catalogo\/weber\/weber-barbecue-elettrico-q-2400.jpg","width":1024,"height":1024,"type":"image\/jpeg"}],"twitter_card":"summary_large_image","twitter_image":"https:\/\/interpim.erresse-shop.it\/img-catalogo\/weber\/weber-barbecue-elettrico-q-2400.jpg","schema":{"@context":"https:\/\/schema.org","@graph":[{"@type":"WebPage","@id":"https:\/\/dev6.erresse-shop.it\/es\/shop\/pequenos-electrodomesticos\/parrillas-y-barbacoas\/weber-barbacoa-electrica-q-2400\/","url":"https:\/\/dev6.erresse-shop.it\/es\/shop\/pequenos-electrodomesticos\/parrillas-y-barbacoas\/weber-barbacoa-electrica-q-2400\/","name":"WEBER Barbacoa El\u00e9ctrica Q 2400 - dev6 Erresse","isPartOf":{"@id":"https:\/\/dev6.erresse-shop.it\/#website"},"primaryImageOfPage":{"@id":"https:\/\/dev6.erresse-shop.it\/es\/shop\/pequenos-electrodomesticos\/parrillas-y-barbacoas\/weber-barbacoa-electrica-q-2400\/#primaryimage"},"image":{"@id":"https:\/\/dev6.erresse-shop.it\/es\/shop\/pequenos-electrodomesticos\/parrillas-y-barbacoas\/weber-barbacoa-electrica-q-2400\/#primaryimage"},"thumbnailUrl":"https:\/\/i1.wp.com\/interpim.erresse-shop.it\/img-catalogo\/weber\/weber-barbecue-elettrico-q-2400.jpg?ssl=1","datePublished":"2026-04-12T07:33:33+00:00","description":"El grill el\u00e9ctrico Weber Q2400 permite asar una abundante cantidad de comida en todo tipo de terrazas. Por eso es el grill recomendado para quienes viven","breadcrumb":{"@id":"https:\/\/dev6.erresse-shop.it\/es\/shop\/pequenos-electrodomesticos\/parrillas-y-barbacoas\/weber-barbacoa-electrica-q-2400\/#breadcrumb"},"inLanguage":"es","potentialAction":[{"@type":"ReadAction","target":["https:\/\/dev6.erresse-shop.it\/es\/shop\/pequenos-electrodomesticos\/parrillas-y-barbacoas\/weber-barbacoa-electrica-q-2400\/"]}]},{"@type":"ImageObject","inLanguage":"es","@id":"https:\/\/dev6.erresse-shop.it\/es\/shop\/pequenos-electrodomesticos\/parrillas-y-barbacoas\/weber-barbacoa-electrica-q-2400\/#primaryimage","url":"https:\/\/i1.wp.com\/interpim.erresse-shop.it\/img-catalogo\/weber\/weber-barbecue-elettrico-q-2400.jpg?ssl=1","contentUrl":"https:\/\/i1.wp.com\/interpim.erresse-shop.it\/img-catalogo\/weber\/weber-barbecue-elettrico-q-2400.jpg?ssl=1"},{"@type":"BreadcrumbList","@id":"https:\/\/dev6.erresse-shop.it\/es\/shop\/pequenos-electrodomesticos\/parrillas-y-barbacoas\/weber-barbacoa-electrica-q-2400\/#breadcrumb","itemListElement":[{"@type":"ListItem","position":1,"name":"Home","item":"https:\/\/dev6.erresse-shop.it\/"},{"@type":"ListItem","position":2,"name":"Tienda","item":"https:\/\/dev6.erresse-shop.it\/shop\/"},{"@type":"ListItem","position":3,"name":"WEBER Barbacoa El\u00e9ctrica Q 2400"}]},{"@type":"WebSite","@id":"https:\/\/dev6.erresse-shop.it\/#website","url":"https:\/\/dev6.erresse-shop.it\/","name":"Erresse Shop","description":"","publisher":{"@id":"https:\/\/dev6.erresse-shop.it\/#organization"},"potentialAction":[{"@type":"SearchAction","target":{"@type":"EntryPoint","urlTemplate":"https:\/\/dev6.erresse-shop.it\/?s={search_term_string}"},"query-input":{"@type":"PropertyValueSpecification","valueRequired":true,"valueName":"search_term_string"}}],"inLanguage":"es"},{"@type":"Organization","@id":"https:\/\/dev6.erresse-shop.it\/#organization","name":"Erresse Shop","url":"https:\/\/dev6.erresse-shop.it\/","logo":{"@type":"ImageObject","inLanguage":"es","@id":"https:\/\/dev6.erresse-shop.it\/#\/schema\/logo\/image\/","url":"https:\/\/dev6.erresse-shop.it\/wp-content\/uploads\/2025\/01\/LOGO-ERRESSE-CLASSICO.svg","contentUrl":"https:\/\/dev6.erresse-shop.it\/wp-content\/uploads\/2025\/01\/LOGO-ERRESSE-CLASSICO.svg","caption":"Erresse Shop"},"image":{"@id":"https:\/\/dev6.erresse-shop.it\/#\/schema\/logo\/image\/"}}]}},"df_price":501.39,"df_sale_price":501.39,"df_regular_price":549,"df_image_link":"https:\/\/i1.wp.com\/interpim.erresse-shop.it\/img-catalogo\/weber\/weber-barbecue-elettrico-q-2400.jpg?resize=300,300&ssl=1","fifu_image_url":"https:\/\/interpim.erresse-shop.it\/img-catalogo\/weber\/weber-barbecue-elettrico-q-2400.jpg","_links":{"self":[{"href":"https:\/\/dev6.erresse-shop.it\/es\/wp-json\/wp\/v2\/product\/1879300","targetHints":{"allow":["GET"]}}],"collection":[{"href":"https:\/\/dev6.erresse-shop.it\/es\/wp-json\/wp\/v2\/product"}],"about":[{"href":"https:\/\/dev6.erresse-shop.it\/es\/wp-json\/wp\/v2\/types\/product"}],"wp:featuredmedia":[{"embeddable":true,"href":"https:\/\/dev6.erresse-shop.it\/es\/wp-json\/wp\/v2\/media\/6361329"}],"wp:attachment":[{"href":"https:\/\/dev6.erresse-shop.it\/es\/wp-json\/wp\/v2\/media?parent=1879300"}],"wp:term":[{"taxonomy":"product_cat","embeddable":true,"href":"https:\/\/dev6.erresse-shop.it\/es\/wp-json\/wp\/v2\/product_cat?post=1879300"},{"taxonomy":"product_tag","embeddable":true,"href":"https:\/\/dev6.erresse-shop.it\/es\/wp-json\/wp\/v2\/product_tag?post=1879300"}],"curies":[{"name":"wp","href":"https:\/\/api.w.org\/{rel}","templated":true}]}}