{"id":1879298,"date":"2026-04-12T09:33:33","date_gmt":"2026-04-12T07:33:33","guid":{"rendered":"https:\/\/dev6.erresse-shop.it\/shop\/sin%20categor\u00eda\/weber-barbacoa-de-carbon-original-kettle-e-5730-57-cm\/"},"modified":"2025-07-04T22:18:29","modified_gmt":"2025-07-04T20:18:29","slug":"weber-barbacoa-de-carbon-original-kettle-e-5730-57-cm","status":"publish","type":"product","link":"https:\/\/dev6.erresse-shop.it\/es\/shop\/pequenos-electrodomesticos\/parrillas-y-barbacoas\/weber-barbacoa-de-carbon-original-kettle-e-5730-57-cm\/","title":{"rendered":"WEBER Barbacoa de Carb\u00f3n Original Kettle E-5730 57 cm"},"content":{"rendered":"<p>Con Weber cocine hamburguesas, mazorcas de ma\u00edz y todas las guarniciones al mismo tiempo, gracias a la espaciosa parrilla de la barbacoa de carb\u00f3n Original Kettle.<br \/>\nCon caracter\u00edsticas de primera calidad como el ajuste de ahumado para cocinar a baja temperatura, el sistema de limpieza One-Touch con un gran recogedor de cenizas y ganchos integrados para utensilios que facilitan el acceso al cocinar, la ic\u00f3nica Kettle sigue siendo la barbacoa hecha para todos.<\/p>\n<p>Este modelo de barbacoa es muy f\u00e1cil de limpiar gracias al sistema de limpieza One-Touch de acero inoxidable que facilita que la ceniza caiga en el cenicero. El ventilador de aluminio puede ajustarse para obtener un flujo de aire \u00f3ptimo durante el ahumado. Tanto el brasero como la tapa son de acero esmaltado para protegerlo de la intemperie y facilitar su limpieza.<\/p>\n<p>La parrilla de acero cromado es capaz de soportar asados m\u00e1s pesados sin deformarse, con un di\u00e1metro no inferior a 57 cm, lo que permite preparar comidas incluso para grupos m\u00e1s grandes.<\/p>\n<p>CARACTER\u00cdSTICAS<\/p>\n<p>Pr\u00e1ctico termostato en la tapa que permite mantener controlado en todo momento el estado de cocci\u00f3n de los alimentos<br \/>\nCon el asa de la tapa puede comprobar r\u00e1pida y f\u00e1cilmente el estado de cocci\u00f3n de la carne<br \/>\nCenicero de aluminio extra\u00edble bajo el brasero<br \/>\nGracias a las dos ruedas y al asa podr\u00e1 transportar la barbacoa f\u00e1cilmente<br \/>\nLas patas alargadas son perfectas para una postura correcta durante la cocci\u00f3n<\/p>\n<p>ESPECIFICACIONES T\u00c9CNICAS<\/p>\n<p>Dimensiones \u2013 tapa abierta: 92cm h x 65cm w x 78cm d<br \/>\nDimensiones con la tapa cerrada: 107 cm de alto x 65 cm de ancho x 67 cm de profundidad<br \/>\nDi\u00e1metro: 57 cm<br \/>\nSuperficie total de cocci\u00f3n: 2342 cm\u00b2.<br \/>\nTipo de combustible: carb\u00f3n<\/p>\n","protected":false},"excerpt":{"rendered":"<p>Con Weber cocine hamburguesas, mazorcas de ma\u00edz y todas las guarniciones al mismo tiempo, gracias a la espaciosa parrilla de la barbacoa de carb\u00f3n Original Kettle. Con caracter\u00edsticas de primera calidad como el ajuste de ahumado para cocinar a baja temperatura, el sistema de limpieza One-Touch con un gran recogedor de cenizas y ganchos integrados [&hellip;]<\/p>\n","protected":false},"featured_media":6361304,"template":"","meta":{"_acf_changed":false},"product_cat":[11979,11947],"product_tag":[],"class_list":{"0":"post-1879298","1":"product","2":"type-product","3":"status-publish","4":"has-post-thumbnail","6":"product_cat-parrillas-y-barbacoas","7":"product_cat-pequenos-electrodomesticos","9":"first","10":"outofstock","11":"sale","12":"taxable","13":"shipping-taxable","14":"purchasable","15":"product-type-simple","swatches":"rey-swatches","show_selected":"","stretch_labels":"rey-swatches--stretch-labels"},"acf":[],"yoast_head":"<!-- This site is optimized with the Yoast SEO plugin v25.4 - https:\/\/yoast.com\/wordpress\/plugins\/seo\/ -->\n<title>WEBER Barbacoa de Carb\u00f3n Original Kettle E-5730 57 cm - dev6 Erresse<\/title>\n<meta name=\"description\" content=\"Con Weber cocine hamburguesas, mazorcas de ma\u00edz y todas las guarniciones al mismo tiempo, gracias a la espaciosa parrilla de la barbacoa de carb\u00f3n\" \/>\n<meta name=\"robots\" content=\"noindex, follow, max-snippet:-1, max-image-preview:large, max-video-preview:-1\" \/>\n<meta property=\"og:locale\" content=\"es_ES\" \/>\n<meta property=\"og:type\" content=\"article\" \/>\n<meta property=\"og:title\" content=\"WEBER Barbacoa de Carb\u00f3n Original Kettle E-5730 57 cm - dev6 Erresse\" \/>\n<meta property=\"og:description\" content=\"Con Weber cocine hamburguesas, mazorcas de ma\u00edz y todas las guarniciones al mismo tiempo, gracias a la espaciosa parrilla de la barbacoa de carb\u00f3n\" \/>\n<meta property=\"og:url\" content=\"https:\/\/dev6.erresse-shop.it\/es\/shop\/pequenos-electrodomesticos\/parrillas-y-barbacoas\/weber-barbacoa-de-carbon-original-kettle-e-5730-57-cm\/\" \/>\n<meta property=\"og:site_name\" content=\"dev6 Erresse\" \/>\n<meta property=\"og:image\" content=\"https:\/\/interpim.erresse-shop.it\/img-catalogo\/weber\/weber-barbecue-a-carbone-original-kettle-e-5730-57-cm.jpg\" \/><meta property=\"og:image\" content=\"https:\/\/interpim.erresse-shop.it\/img-catalogo\/weber\/weber-barbecue-a-carbone-original-kettle-e-5730-57-cm.jpg\" \/>\n\t<meta property=\"og:image:width\" content=\"1024\" \/>\n\t<meta property=\"og:image:height\" content=\"1024\" \/>\n\t<meta property=\"og:image:type\" content=\"image\/jpeg\" \/>\n<meta name=\"twitter:card\" content=\"summary_large_image\" \/>\n<meta name=\"twitter:image\" content=\"https:\/\/interpim.erresse-shop.it\/img-catalogo\/weber\/weber-barbecue-a-carbone-original-kettle-e-5730-57-cm.jpg\" \/>\n<script type=\"application\/ld+json\" class=\"yoast-schema-graph\">{\"@context\":\"https:\/\/schema.org\",\"@graph\":[{\"@type\":\"WebPage\",\"@id\":\"https:\/\/dev6.erresse-shop.it\/es\/shop\/pequenos-electrodomesticos\/parrillas-y-barbacoas\/weber-barbacoa-de-carbon-original-kettle-e-5730-57-cm\/\",\"url\":\"https:\/\/dev6.erresse-shop.it\/es\/shop\/pequenos-electrodomesticos\/parrillas-y-barbacoas\/weber-barbacoa-de-carbon-original-kettle-e-5730-57-cm\/\",\"name\":\"WEBER Barbacoa de Carb\u00f3n Original Kettle E-5730 57 cm - dev6 Erresse\",\"isPartOf\":{\"@id\":\"https:\/\/dev6.erresse-shop.it\/#website\"},\"primaryImageOfPage\":{\"@id\":\"https:\/\/dev6.erresse-shop.it\/es\/shop\/pequenos-electrodomesticos\/parrillas-y-barbacoas\/weber-barbacoa-de-carbon-original-kettle-e-5730-57-cm\/#primaryimage\"},\"image\":{\"@id\":\"https:\/\/dev6.erresse-shop.it\/es\/shop\/pequenos-electrodomesticos\/parrillas-y-barbacoas\/weber-barbacoa-de-carbon-original-kettle-e-5730-57-cm\/#primaryimage\"},\"thumbnailUrl\":\"https:\/\/i1.wp.com\/interpim.erresse-shop.it\/img-catalogo\/weber\/weber-barbecue-a-carbone-original-kettle-e-5730-57-cm.jpg?ssl=1\",\"datePublished\":\"2026-04-12T07:33:33+00:00\",\"description\":\"Con Weber cocine hamburguesas, mazorcas de ma\u00edz y todas las guarniciones al mismo tiempo, gracias a la espaciosa parrilla de la barbacoa de carb\u00f3n\",\"breadcrumb\":{\"@id\":\"https:\/\/dev6.erresse-shop.it\/es\/shop\/pequenos-electrodomesticos\/parrillas-y-barbacoas\/weber-barbacoa-de-carbon-original-kettle-e-5730-57-cm\/#breadcrumb\"},\"inLanguage\":\"es\",\"potentialAction\":[{\"@type\":\"ReadAction\",\"target\":[\"https:\/\/dev6.erresse-shop.it\/es\/shop\/pequenos-electrodomesticos\/parrillas-y-barbacoas\/weber-barbacoa-de-carbon-original-kettle-e-5730-57-cm\/\"]}]},{\"@type\":\"ImageObject\",\"inLanguage\":\"es\",\"@id\":\"https:\/\/dev6.erresse-shop.it\/es\/shop\/pequenos-electrodomesticos\/parrillas-y-barbacoas\/weber-barbacoa-de-carbon-original-kettle-e-5730-57-cm\/#primaryimage\",\"url\":\"https:\/\/i1.wp.com\/interpim.erresse-shop.it\/img-catalogo\/weber\/weber-barbecue-a-carbone-original-kettle-e-5730-57-cm.jpg?ssl=1\",\"contentUrl\":\"https:\/\/i1.wp.com\/interpim.erresse-shop.it\/img-catalogo\/weber\/weber-barbecue-a-carbone-original-kettle-e-5730-57-cm.jpg?ssl=1\"},{\"@type\":\"BreadcrumbList\",\"@id\":\"https:\/\/dev6.erresse-shop.it\/es\/shop\/pequenos-electrodomesticos\/parrillas-y-barbacoas\/weber-barbacoa-de-carbon-original-kettle-e-5730-57-cm\/#breadcrumb\",\"itemListElement\":[{\"@type\":\"ListItem\",\"position\":1,\"name\":\"Home\",\"item\":\"https:\/\/dev6.erresse-shop.it\/\"},{\"@type\":\"ListItem\",\"position\":2,\"name\":\"Tienda\",\"item\":\"https:\/\/dev6.erresse-shop.it\/shop\/\"},{\"@type\":\"ListItem\",\"position\":3,\"name\":\"WEBER Barbacoa de Carb\u00f3n Original Kettle E-5730 57 cm\"}]},{\"@type\":\"WebSite\",\"@id\":\"https:\/\/dev6.erresse-shop.it\/#website\",\"url\":\"https:\/\/dev6.erresse-shop.it\/\",\"name\":\"Erresse Shop\",\"description\":\"\",\"publisher\":{\"@id\":\"https:\/\/dev6.erresse-shop.it\/#organization\"},\"potentialAction\":[{\"@type\":\"SearchAction\",\"target\":{\"@type\":\"EntryPoint\",\"urlTemplate\":\"https:\/\/dev6.erresse-shop.it\/?s={search_term_string}\"},\"query-input\":{\"@type\":\"PropertyValueSpecification\",\"valueRequired\":true,\"valueName\":\"search_term_string\"}}],\"inLanguage\":\"es\"},{\"@type\":\"Organization\",\"@id\":\"https:\/\/dev6.erresse-shop.it\/#organization\",\"name\":\"Erresse Shop\",\"url\":\"https:\/\/dev6.erresse-shop.it\/\",\"logo\":{\"@type\":\"ImageObject\",\"inLanguage\":\"es\",\"@id\":\"https:\/\/dev6.erresse-shop.it\/#\/schema\/logo\/image\/\",\"url\":\"https:\/\/dev6.erresse-shop.it\/wp-content\/uploads\/2025\/01\/LOGO-ERRESSE-CLASSICO.svg\",\"contentUrl\":\"https:\/\/dev6.erresse-shop.it\/wp-content\/uploads\/2025\/01\/LOGO-ERRESSE-CLASSICO.svg\",\"caption\":\"Erresse Shop\"},\"image\":{\"@id\":\"https:\/\/dev6.erresse-shop.it\/#\/schema\/logo\/image\/\"}}]}<\/script>\n<!-- \/ Yoast SEO plugin. -->","yoast_head_json":{"title":"WEBER Barbacoa de Carb\u00f3n Original Kettle E-5730 57 cm - dev6 Erresse","description":"Con Weber cocine hamburguesas, mazorcas de ma\u00edz y todas las guarniciones al mismo tiempo, gracias a la espaciosa parrilla de la barbacoa de carb\u00f3n","robots":{"index":"noindex","follow":"follow","max-snippet":"max-snippet:-1","max-image-preview":"max-image-preview:large","max-video-preview":"max-video-preview:-1"},"og_locale":"es_ES","og_type":"article","og_title":"WEBER Barbacoa de Carb\u00f3n Original Kettle E-5730 57 cm - dev6 Erresse","og_description":"Con Weber cocine hamburguesas, mazorcas de ma\u00edz y todas las guarniciones al mismo tiempo, gracias a la espaciosa parrilla de la barbacoa de carb\u00f3n","og_url":"https:\/\/dev6.erresse-shop.it\/es\/shop\/pequenos-electrodomesticos\/parrillas-y-barbacoas\/weber-barbacoa-de-carbon-original-kettle-e-5730-57-cm\/","og_site_name":"dev6 Erresse","og_image":[{"url":"https:\/\/interpim.erresse-shop.it\/img-catalogo\/weber\/weber-barbecue-a-carbone-original-kettle-e-5730-57-cm.jpg","type":"","width":"","height":""},{"url":"https:\/\/interpim.erresse-shop.it\/img-catalogo\/weber\/weber-barbecue-a-carbone-original-kettle-e-5730-57-cm.jpg","width":1024,"height":1024,"type":"image\/jpeg"}],"twitter_card":"summary_large_image","twitter_image":"https:\/\/interpim.erresse-shop.it\/img-catalogo\/weber\/weber-barbecue-a-carbone-original-kettle-e-5730-57-cm.jpg","schema":{"@context":"https:\/\/schema.org","@graph":[{"@type":"WebPage","@id":"https:\/\/dev6.erresse-shop.it\/es\/shop\/pequenos-electrodomesticos\/parrillas-y-barbacoas\/weber-barbacoa-de-carbon-original-kettle-e-5730-57-cm\/","url":"https:\/\/dev6.erresse-shop.it\/es\/shop\/pequenos-electrodomesticos\/parrillas-y-barbacoas\/weber-barbacoa-de-carbon-original-kettle-e-5730-57-cm\/","name":"WEBER Barbacoa de Carb\u00f3n Original Kettle E-5730 57 cm - dev6 Erresse","isPartOf":{"@id":"https:\/\/dev6.erresse-shop.it\/#website"},"primaryImageOfPage":{"@id":"https:\/\/dev6.erresse-shop.it\/es\/shop\/pequenos-electrodomesticos\/parrillas-y-barbacoas\/weber-barbacoa-de-carbon-original-kettle-e-5730-57-cm\/#primaryimage"},"image":{"@id":"https:\/\/dev6.erresse-shop.it\/es\/shop\/pequenos-electrodomesticos\/parrillas-y-barbacoas\/weber-barbacoa-de-carbon-original-kettle-e-5730-57-cm\/#primaryimage"},"thumbnailUrl":"https:\/\/i1.wp.com\/interpim.erresse-shop.it\/img-catalogo\/weber\/weber-barbecue-a-carbone-original-kettle-e-5730-57-cm.jpg?ssl=1","datePublished":"2026-04-12T07:33:33+00:00","description":"Con Weber cocine hamburguesas, mazorcas de ma\u00edz y todas las guarniciones al mismo tiempo, gracias a la espaciosa parrilla de la barbacoa de carb\u00f3n","breadcrumb":{"@id":"https:\/\/dev6.erresse-shop.it\/es\/shop\/pequenos-electrodomesticos\/parrillas-y-barbacoas\/weber-barbacoa-de-carbon-original-kettle-e-5730-57-cm\/#breadcrumb"},"inLanguage":"es","potentialAction":[{"@type":"ReadAction","target":["https:\/\/dev6.erresse-shop.it\/es\/shop\/pequenos-electrodomesticos\/parrillas-y-barbacoas\/weber-barbacoa-de-carbon-original-kettle-e-5730-57-cm\/"]}]},{"@type":"ImageObject","inLanguage":"es","@id":"https:\/\/dev6.erresse-shop.it\/es\/shop\/pequenos-electrodomesticos\/parrillas-y-barbacoas\/weber-barbacoa-de-carbon-original-kettle-e-5730-57-cm\/#primaryimage","url":"https:\/\/i1.wp.com\/interpim.erresse-shop.it\/img-catalogo\/weber\/weber-barbecue-a-carbone-original-kettle-e-5730-57-cm.jpg?ssl=1","contentUrl":"https:\/\/i1.wp.com\/interpim.erresse-shop.it\/img-catalogo\/weber\/weber-barbecue-a-carbone-original-kettle-e-5730-57-cm.jpg?ssl=1"},{"@type":"BreadcrumbList","@id":"https:\/\/dev6.erresse-shop.it\/es\/shop\/pequenos-electrodomesticos\/parrillas-y-barbacoas\/weber-barbacoa-de-carbon-original-kettle-e-5730-57-cm\/#breadcrumb","itemListElement":[{"@type":"ListItem","position":1,"name":"Home","item":"https:\/\/dev6.erresse-shop.it\/"},{"@type":"ListItem","position":2,"name":"Tienda","item":"https:\/\/dev6.erresse-shop.it\/shop\/"},{"@type":"ListItem","position":3,"name":"WEBER Barbacoa de Carb\u00f3n Original Kettle E-5730 57 cm"}]},{"@type":"WebSite","@id":"https:\/\/dev6.erresse-shop.it\/#website","url":"https:\/\/dev6.erresse-shop.it\/","name":"Erresse Shop","description":"","publisher":{"@id":"https:\/\/dev6.erresse-shop.it\/#organization"},"potentialAction":[{"@type":"SearchAction","target":{"@type":"EntryPoint","urlTemplate":"https:\/\/dev6.erresse-shop.it\/?s={search_term_string}"},"query-input":{"@type":"PropertyValueSpecification","valueRequired":true,"valueName":"search_term_string"}}],"inLanguage":"es"},{"@type":"Organization","@id":"https:\/\/dev6.erresse-shop.it\/#organization","name":"Erresse Shop","url":"https:\/\/dev6.erresse-shop.it\/","logo":{"@type":"ImageObject","inLanguage":"es","@id":"https:\/\/dev6.erresse-shop.it\/#\/schema\/logo\/image\/","url":"https:\/\/dev6.erresse-shop.it\/wp-content\/uploads\/2025\/01\/LOGO-ERRESSE-CLASSICO.svg","contentUrl":"https:\/\/dev6.erresse-shop.it\/wp-content\/uploads\/2025\/01\/LOGO-ERRESSE-CLASSICO.svg","caption":"Erresse Shop"},"image":{"@id":"https:\/\/dev6.erresse-shop.it\/#\/schema\/logo\/image\/"}}]}},"df_price":307.83,"df_sale_price":307.83,"df_regular_price":329,"df_image_link":"https:\/\/i1.wp.com\/interpim.erresse-shop.it\/img-catalogo\/weber\/weber-barbecue-a-carbone-original-kettle-e-5730-57-cm.jpg?resize=300,300&ssl=1","fifu_image_url":"https:\/\/interpim.erresse-shop.it\/img-catalogo\/weber\/weber-barbecue-a-carbone-original-kettle-e-5730-57-cm.jpg","_links":{"self":[{"href":"https:\/\/dev6.erresse-shop.it\/es\/wp-json\/wp\/v2\/product\/1879298","targetHints":{"allow":["GET"]}}],"collection":[{"href":"https:\/\/dev6.erresse-shop.it\/es\/wp-json\/wp\/v2\/product"}],"about":[{"href":"https:\/\/dev6.erresse-shop.it\/es\/wp-json\/wp\/v2\/types\/product"}],"wp:featuredmedia":[{"embeddable":true,"href":"https:\/\/dev6.erresse-shop.it\/es\/wp-json\/wp\/v2\/media\/6361304"}],"wp:attachment":[{"href":"https:\/\/dev6.erresse-shop.it\/es\/wp-json\/wp\/v2\/media?parent=1879298"}],"wp:term":[{"taxonomy":"product_cat","embeddable":true,"href":"https:\/\/dev6.erresse-shop.it\/es\/wp-json\/wp\/v2\/product_cat?post=1879298"},{"taxonomy":"product_tag","embeddable":true,"href":"https:\/\/dev6.erresse-shop.it\/es\/wp-json\/wp\/v2\/product_tag?post=1879298"}],"curies":[{"name":"wp","href":"https:\/\/api.w.org\/{rel}","templated":true}]}}