{"id":1879182,"date":"2026-04-12T09:29:06","date_gmt":"2026-04-12T07:29:06","guid":{"rendered":"https:\/\/dev6.erresse-shop.it\/shop\/sin%20categor\u00eda\/berkel-kit-reastauracion-para-cortadoras-rojo\/"},"modified":"2025-09-14T08:19:00","modified_gmt":"2025-09-14T06:19:00","slug":"berkel-kit-reastauracion-para-cortadoras-rojo","status":"publish","type":"product","link":"https:\/\/dev6.erresse-shop.it\/es\/shop\/pequenos-electrodomesticos\/cortadoras\/berkel-kit-reastauracion-para-cortadoras-rojo\/","title":{"rendered":"BERKEL Kit Reastauracion para Cortadoras Rojo"},"content":{"rendered":"<p>El Kit de Restauraci\u00f3n ha sido pensado para retocar peque\u00f1os desperfectos ocasionados durante el uso a lo largo de los a\u00f1os.<\/p>\n<p>Incluye:<br \/>\n\u2013 Pa\u00f1o intermedio ULTRAMICROFIBRA<br \/>\n\u2013 Aceite Lubrificante Espray 200 ml<br \/>\n\u2013 Cepillo Mantenimiento Cuchilla<br \/>\n\u2013 Pincel Barniz Retoque ROJO<br \/>\n\u2013 Caja ecosostenible de papel Crush de Cereza<\/p>\n<p>Se puede utilizar tanto en cortafiambres con volano como en cortafiambres el\u00e9ctricos!<\/p>\n","protected":false},"excerpt":{"rendered":"<p>El Kit de Restauraci\u00f3n ha sido pensado para retocar peque\u00f1os desperfectos ocasionados durante el uso a lo largo de los a\u00f1os. Incluye: \u2013 Pa\u00f1o intermedio ULTRAMICROFIBRA \u2013 Aceite Lubrificante Espray 200 ml \u2013 Cepillo Mantenimiento Cuchilla \u2013 Pincel Barniz Retoque ROJO \u2013 Caja ecosostenible de papel Crush de Cereza Se puede utilizar tanto en cortafiambres [&hellip;]<\/p>\n","protected":false},"featured_media":6360751,"template":"","meta":{"_acf_changed":false},"product_cat":[11965,11947],"product_tag":[],"class_list":{"0":"post-1879182","1":"product","2":"type-product","3":"status-publish","4":"has-post-thumbnail","6":"product_cat-cortadoras","7":"product_cat-pequenos-electrodomesticos","9":"first","10":"instock","11":"sale","12":"taxable","13":"shipping-taxable","14":"purchasable","15":"product-type-simple","swatches":"rey-swatches","show_selected":"","stretch_labels":"rey-swatches--stretch-labels"},"acf":[],"yoast_head":"<!-- This site is optimized with the Yoast SEO plugin v25.4 - https:\/\/yoast.com\/wordpress\/plugins\/seo\/ -->\n<title>BERKEL Kit Reastauracion para Cortadoras Rojo - dev6 Erresse<\/title>\n<meta name=\"description\" content=\"El Kit de Restauraci\u00f3n ha sido pensado para retocar peque\u00f1os desperfectos ocasionados durante el uso a lo largo de los a\u00f1os. Incluye: \u2013 Pa\u00f1o intermedio\" \/>\n<meta name=\"robots\" content=\"noindex, follow, max-snippet:-1, max-image-preview:large, max-video-preview:-1\" \/>\n<meta property=\"og:locale\" content=\"es_ES\" \/>\n<meta property=\"og:type\" content=\"article\" \/>\n<meta property=\"og:title\" content=\"BERKEL Kit Reastauracion para Cortadoras Rojo - dev6 Erresse\" \/>\n<meta property=\"og:description\" content=\"El Kit de Restauraci\u00f3n ha sido pensado para retocar peque\u00f1os desperfectos ocasionados durante el uso a lo largo de los a\u00f1os. Incluye: \u2013 Pa\u00f1o intermedio\" \/>\n<meta property=\"og:url\" content=\"https:\/\/dev6.erresse-shop.it\/es\/shop\/pequenos-electrodomesticos\/cortadoras\/berkel-kit-reastauracion-para-cortadoras-rojo\/\" \/>\n<meta property=\"og:site_name\" content=\"dev6 Erresse\" \/>\n<meta property=\"og:image\" content=\"https:\/\/interpim.erresse-shop.it\/Import\/Prodotti\/berkel-kit-restauro-per-affettarice-rossa.jpg\" \/><meta property=\"og:image\" content=\"https:\/\/interpim.erresse-shop.it\/Import\/Prodotti\/berkel-kit-restauro-per-affettarice-rossa.jpg\" \/>\n\t<meta property=\"og:image:width\" content=\"1024\" \/>\n\t<meta property=\"og:image:height\" content=\"1024\" \/>\n\t<meta property=\"og:image:type\" content=\"image\/jpeg\" \/>\n<meta name=\"twitter:card\" content=\"summary_large_image\" \/>\n<meta name=\"twitter:image\" content=\"https:\/\/interpim.erresse-shop.it\/Import\/Prodotti\/berkel-kit-restauro-per-affettarice-rossa.jpg\" \/>\n<script type=\"application\/ld+json\" class=\"yoast-schema-graph\">{\"@context\":\"https:\/\/schema.org\",\"@graph\":[{\"@type\":\"WebPage\",\"@id\":\"https:\/\/dev6.erresse-shop.it\/es\/shop\/pequenos-electrodomesticos\/cortadoras\/berkel-kit-reastauracion-para-cortadoras-rojo\/\",\"url\":\"https:\/\/dev6.erresse-shop.it\/es\/shop\/pequenos-electrodomesticos\/cortadoras\/berkel-kit-reastauracion-para-cortadoras-rojo\/\",\"name\":\"BERKEL Kit Reastauracion para Cortadoras Rojo - dev6 Erresse\",\"isPartOf\":{\"@id\":\"https:\/\/dev6.erresse-shop.it\/#website\"},\"primaryImageOfPage\":{\"@id\":\"https:\/\/dev6.erresse-shop.it\/es\/shop\/pequenos-electrodomesticos\/cortadoras\/berkel-kit-reastauracion-para-cortadoras-rojo\/#primaryimage\"},\"image\":{\"@id\":\"https:\/\/dev6.erresse-shop.it\/es\/shop\/pequenos-electrodomesticos\/cortadoras\/berkel-kit-reastauracion-para-cortadoras-rojo\/#primaryimage\"},\"thumbnailUrl\":\"https:\/\/i3.wp.com\/interpim.erresse-shop.it\/Import\/Prodotti\/berkel-kit-restauro-per-affettarice-rossa.jpg?ssl=1\",\"datePublished\":\"2026-04-12T07:29:06+00:00\",\"description\":\"El Kit de Restauraci\u00f3n ha sido pensado para retocar peque\u00f1os desperfectos ocasionados durante el uso a lo largo de los a\u00f1os. Incluye: \u2013 Pa\u00f1o intermedio\",\"breadcrumb\":{\"@id\":\"https:\/\/dev6.erresse-shop.it\/es\/shop\/pequenos-electrodomesticos\/cortadoras\/berkel-kit-reastauracion-para-cortadoras-rojo\/#breadcrumb\"},\"inLanguage\":\"es\",\"potentialAction\":[{\"@type\":\"ReadAction\",\"target\":[\"https:\/\/dev6.erresse-shop.it\/es\/shop\/pequenos-electrodomesticos\/cortadoras\/berkel-kit-reastauracion-para-cortadoras-rojo\/\"]}]},{\"@type\":\"ImageObject\",\"inLanguage\":\"es\",\"@id\":\"https:\/\/dev6.erresse-shop.it\/es\/shop\/pequenos-electrodomesticos\/cortadoras\/berkel-kit-reastauracion-para-cortadoras-rojo\/#primaryimage\",\"url\":\"https:\/\/i3.wp.com\/interpim.erresse-shop.it\/Import\/Prodotti\/berkel-kit-restauro-per-affettarice-rossa.jpg?ssl=1\",\"contentUrl\":\"https:\/\/i3.wp.com\/interpim.erresse-shop.it\/Import\/Prodotti\/berkel-kit-restauro-per-affettarice-rossa.jpg?ssl=1\"},{\"@type\":\"BreadcrumbList\",\"@id\":\"https:\/\/dev6.erresse-shop.it\/es\/shop\/pequenos-electrodomesticos\/cortadoras\/berkel-kit-reastauracion-para-cortadoras-rojo\/#breadcrumb\",\"itemListElement\":[{\"@type\":\"ListItem\",\"position\":1,\"name\":\"Home\",\"item\":\"https:\/\/dev6.erresse-shop.it\/\"},{\"@type\":\"ListItem\",\"position\":2,\"name\":\"Tienda\",\"item\":\"https:\/\/dev6.erresse-shop.it\/shop\/\"},{\"@type\":\"ListItem\",\"position\":3,\"name\":\"BERKEL Kit Reastauracion para Cortadoras Rojo\"}]},{\"@type\":\"WebSite\",\"@id\":\"https:\/\/dev6.erresse-shop.it\/#website\",\"url\":\"https:\/\/dev6.erresse-shop.it\/\",\"name\":\"Erresse Shop\",\"description\":\"\",\"publisher\":{\"@id\":\"https:\/\/dev6.erresse-shop.it\/#organization\"},\"potentialAction\":[{\"@type\":\"SearchAction\",\"target\":{\"@type\":\"EntryPoint\",\"urlTemplate\":\"https:\/\/dev6.erresse-shop.it\/?s={search_term_string}\"},\"query-input\":{\"@type\":\"PropertyValueSpecification\",\"valueRequired\":true,\"valueName\":\"search_term_string\"}}],\"inLanguage\":\"es\"},{\"@type\":\"Organization\",\"@id\":\"https:\/\/dev6.erresse-shop.it\/#organization\",\"name\":\"Erresse Shop\",\"url\":\"https:\/\/dev6.erresse-shop.it\/\",\"logo\":{\"@type\":\"ImageObject\",\"inLanguage\":\"es\",\"@id\":\"https:\/\/dev6.erresse-shop.it\/#\/schema\/logo\/image\/\",\"url\":\"https:\/\/dev6.erresse-shop.it\/wp-content\/uploads\/2025\/01\/LOGO-ERRESSE-CLASSICO.svg\",\"contentUrl\":\"https:\/\/dev6.erresse-shop.it\/wp-content\/uploads\/2025\/01\/LOGO-ERRESSE-CLASSICO.svg\",\"caption\":\"Erresse Shop\"},\"image\":{\"@id\":\"https:\/\/dev6.erresse-shop.it\/#\/schema\/logo\/image\/\"}}]}<\/script>\n<!-- \/ Yoast SEO plugin. -->","yoast_head_json":{"title":"BERKEL Kit Reastauracion para Cortadoras Rojo - dev6 Erresse","description":"El Kit de Restauraci\u00f3n ha sido pensado para retocar peque\u00f1os desperfectos ocasionados durante el uso a lo largo de los a\u00f1os. Incluye: \u2013 Pa\u00f1o intermedio","robots":{"index":"noindex","follow":"follow","max-snippet":"max-snippet:-1","max-image-preview":"max-image-preview:large","max-video-preview":"max-video-preview:-1"},"og_locale":"es_ES","og_type":"article","og_title":"BERKEL Kit Reastauracion para Cortadoras Rojo - dev6 Erresse","og_description":"El Kit de Restauraci\u00f3n ha sido pensado para retocar peque\u00f1os desperfectos ocasionados durante el uso a lo largo de los a\u00f1os. Incluye: \u2013 Pa\u00f1o intermedio","og_url":"https:\/\/dev6.erresse-shop.it\/es\/shop\/pequenos-electrodomesticos\/cortadoras\/berkel-kit-reastauracion-para-cortadoras-rojo\/","og_site_name":"dev6 Erresse","og_image":[{"url":"https:\/\/interpim.erresse-shop.it\/Import\/Prodotti\/berkel-kit-restauro-per-affettarice-rossa.jpg","type":"","width":"","height":""},{"url":"https:\/\/interpim.erresse-shop.it\/Import\/Prodotti\/berkel-kit-restauro-per-affettarice-rossa.jpg","width":1024,"height":1024,"type":"image\/jpeg"}],"twitter_card":"summary_large_image","twitter_image":"https:\/\/interpim.erresse-shop.it\/Import\/Prodotti\/berkel-kit-restauro-per-affettarice-rossa.jpg","schema":{"@context":"https:\/\/schema.org","@graph":[{"@type":"WebPage","@id":"https:\/\/dev6.erresse-shop.it\/es\/shop\/pequenos-electrodomesticos\/cortadoras\/berkel-kit-reastauracion-para-cortadoras-rojo\/","url":"https:\/\/dev6.erresse-shop.it\/es\/shop\/pequenos-electrodomesticos\/cortadoras\/berkel-kit-reastauracion-para-cortadoras-rojo\/","name":"BERKEL Kit Reastauracion para Cortadoras Rojo - dev6 Erresse","isPartOf":{"@id":"https:\/\/dev6.erresse-shop.it\/#website"},"primaryImageOfPage":{"@id":"https:\/\/dev6.erresse-shop.it\/es\/shop\/pequenos-electrodomesticos\/cortadoras\/berkel-kit-reastauracion-para-cortadoras-rojo\/#primaryimage"},"image":{"@id":"https:\/\/dev6.erresse-shop.it\/es\/shop\/pequenos-electrodomesticos\/cortadoras\/berkel-kit-reastauracion-para-cortadoras-rojo\/#primaryimage"},"thumbnailUrl":"https:\/\/i3.wp.com\/interpim.erresse-shop.it\/Import\/Prodotti\/berkel-kit-restauro-per-affettarice-rossa.jpg?ssl=1","datePublished":"2026-04-12T07:29:06+00:00","description":"El Kit de Restauraci\u00f3n ha sido pensado para retocar peque\u00f1os desperfectos ocasionados durante el uso a lo largo de los a\u00f1os. Incluye: \u2013 Pa\u00f1o intermedio","breadcrumb":{"@id":"https:\/\/dev6.erresse-shop.it\/es\/shop\/pequenos-electrodomesticos\/cortadoras\/berkel-kit-reastauracion-para-cortadoras-rojo\/#breadcrumb"},"inLanguage":"es","potentialAction":[{"@type":"ReadAction","target":["https:\/\/dev6.erresse-shop.it\/es\/shop\/pequenos-electrodomesticos\/cortadoras\/berkel-kit-reastauracion-para-cortadoras-rojo\/"]}]},{"@type":"ImageObject","inLanguage":"es","@id":"https:\/\/dev6.erresse-shop.it\/es\/shop\/pequenos-electrodomesticos\/cortadoras\/berkel-kit-reastauracion-para-cortadoras-rojo\/#primaryimage","url":"https:\/\/i3.wp.com\/interpim.erresse-shop.it\/Import\/Prodotti\/berkel-kit-restauro-per-affettarice-rossa.jpg?ssl=1","contentUrl":"https:\/\/i3.wp.com\/interpim.erresse-shop.it\/Import\/Prodotti\/berkel-kit-restauro-per-affettarice-rossa.jpg?ssl=1"},{"@type":"BreadcrumbList","@id":"https:\/\/dev6.erresse-shop.it\/es\/shop\/pequenos-electrodomesticos\/cortadoras\/berkel-kit-reastauracion-para-cortadoras-rojo\/#breadcrumb","itemListElement":[{"@type":"ListItem","position":1,"name":"Home","item":"https:\/\/dev6.erresse-shop.it\/"},{"@type":"ListItem","position":2,"name":"Tienda","item":"https:\/\/dev6.erresse-shop.it\/shop\/"},{"@type":"ListItem","position":3,"name":"BERKEL Kit Reastauracion para Cortadoras Rojo"}]},{"@type":"WebSite","@id":"https:\/\/dev6.erresse-shop.it\/#website","url":"https:\/\/dev6.erresse-shop.it\/","name":"Erresse Shop","description":"","publisher":{"@id":"https:\/\/dev6.erresse-shop.it\/#organization"},"potentialAction":[{"@type":"SearchAction","target":{"@type":"EntryPoint","urlTemplate":"https:\/\/dev6.erresse-shop.it\/?s={search_term_string}"},"query-input":{"@type":"PropertyValueSpecification","valueRequired":true,"valueName":"search_term_string"}}],"inLanguage":"es"},{"@type":"Organization","@id":"https:\/\/dev6.erresse-shop.it\/#organization","name":"Erresse Shop","url":"https:\/\/dev6.erresse-shop.it\/","logo":{"@type":"ImageObject","inLanguage":"es","@id":"https:\/\/dev6.erresse-shop.it\/#\/schema\/logo\/image\/","url":"https:\/\/dev6.erresse-shop.it\/wp-content\/uploads\/2025\/01\/LOGO-ERRESSE-CLASSICO.svg","contentUrl":"https:\/\/dev6.erresse-shop.it\/wp-content\/uploads\/2025\/01\/LOGO-ERRESSE-CLASSICO.svg","caption":"Erresse Shop"},"image":{"@id":"https:\/\/dev6.erresse-shop.it\/#\/schema\/logo\/image\/"}}]}},"df_price":74.25,"df_sale_price":74.25,"df_regular_price":99,"df_image_link":"https:\/\/i3.wp.com\/interpim.erresse-shop.it\/Import\/Prodotti\/berkel-kit-restauro-per-affettarice-rossa.jpg?resize=300,300&ssl=1","fifu_image_url":"https:\/\/interpim.erresse-shop.it\/Import\/Prodotti\/berkel-kit-restauro-per-affettarice-rossa.jpg","_links":{"self":[{"href":"https:\/\/dev6.erresse-shop.it\/es\/wp-json\/wp\/v2\/product\/1879182","targetHints":{"allow":["GET"]}}],"collection":[{"href":"https:\/\/dev6.erresse-shop.it\/es\/wp-json\/wp\/v2\/product"}],"about":[{"href":"https:\/\/dev6.erresse-shop.it\/es\/wp-json\/wp\/v2\/types\/product"}],"wp:featuredmedia":[{"embeddable":true,"href":"https:\/\/dev6.erresse-shop.it\/es\/wp-json\/wp\/v2\/media\/6360751"}],"wp:attachment":[{"href":"https:\/\/dev6.erresse-shop.it\/es\/wp-json\/wp\/v2\/media?parent=1879182"}],"wp:term":[{"taxonomy":"product_cat","embeddable":true,"href":"https:\/\/dev6.erresse-shop.it\/es\/wp-json\/wp\/v2\/product_cat?post=1879182"},{"taxonomy":"product_tag","embeddable":true,"href":"https:\/\/dev6.erresse-shop.it\/es\/wp-json\/wp\/v2\/product_tag?post=1879182"}],"curies":[{"name":"wp","href":"https:\/\/api.w.org\/{rel}","templated":true}]}}