{"id":1879170,"date":"2026-04-12T09:27:39","date_gmt":"2026-04-12T07:27:39","guid":{"rendered":"https:\/\/dev6.erresse-shop.it\/shop\/sin%20categor\u00eda\/steamery-pilo-2-maquinilla-de-afeitar-de-tela-sandal\/"},"modified":"2025-09-14T08:18:53","modified_gmt":"2025-09-14T06:18:53","slug":"steamery-pilo-2-maquinilla-de-afeitar-de-tela-sandal","status":"publish","type":"product","link":"https:\/\/dev6.erresse-shop.it\/es\/shop\/mobiliario\/tablas-de-planchar\/steamery-pilo-2-maquinilla-de-afeitar-de-tela-sandal\/","title":{"rendered":"STEAMERY Pilo 2 maquinilla de afeitar de tela Sandal"},"content":{"rendered":"<p>Representa el equilibrio ideal entre funcionalidad y est\u00e9tica. La Pilo 2 Fabric Shaver Charcoal es suave pero eficaz y elimina las pelusas y las bolitas de todo tipo de materiales. Con seis cuchillas de precisi\u00f3n y una gran superficie de afeitado, la afeitadora de tejidos Pilo 2 es m\u00e1s duradera y eficaz que otras afeitadoras de tejidos del mercado.<\/p>\n<p>C\u00f3mo funciona<\/p>\n<p>Muchas personas consideran que la ropa o los tejidos del hogar est\u00e1n desgastados debido a las pelusas y la formaci\u00f3n de bolitas. Pero con s\u00f3lo afeitar las pelusas con una afeitadora de tejidos, \u00e9stos volver\u00e1n a parecer nuevos. Para eliminar r\u00e1pidamente pelusas y bolitas de la ropa, coloque la prenda sobre una superficie plana y pase suavemente la boquilla por el tejido.<\/p>\n<p>La afeitadora de tejidos Pilo 2 funciona perfectamente tanto en ropa como en textiles dom\u00e9sticos, como jers\u00e9is, abrigos, bufandas, calcetines, sof\u00e1s, reposabrazos y mantas. Funciona con todo tipo de materiales, incluso los m\u00e1s delicados, y est\u00e1 equipada con una nueva soluci\u00f3n que facilita la limpieza de pelusas de la m\u00e1quina.<\/p>\n<p>Caracter\u00edsticas<\/p>\n<p>Nuestra afeitadora de tejidos m\u00e1s eficaz<br \/>\nF\u00e1cil de limpiar de pelusas<br \/>\nMenor tiempo de carga y posibilidad de afeitarse mientras se carga<br \/>\nDise\u00f1o cuidadosamente seleccionado con dos posiciones de pie, que se adapta perfectamente a la mano<\/p>\n<p>Caracter\u00edsticas t\u00e9cnicas<\/p>\n<p>Tiempo de afeitado: 2 horas<br \/>\nTiempo de carga de la bater\u00eda: 2,5 horas<br \/>\nVelocidad del motor: 9000 rotaciones\/min<br \/>\nGarant\u00eda: 1 a\u00f1o<br \/>\nPeso: 152 g<br \/>\nDimensiones: 67x67x93 mm<br \/>\nPotencia: 5 W<\/p>\n<p>Qu\u00e9 incluye<\/p>\n<p>Afeitadora de tela Pilo 2<br \/>\nCable de carga USB-C<br \/>\nCepillo de limpieza<br \/>\nManual<\/p>\n","protected":false},"excerpt":{"rendered":"<p>Representa el equilibrio ideal entre funcionalidad y est\u00e9tica. La Pilo 2 Fabric Shaver Charcoal es suave pero eficaz y elimina las pelusas y las bolitas de todo tipo de materiales. Con seis cuchillas de precisi\u00f3n y una gran superficie de afeitado, la afeitadora de tejidos Pilo 2 es m\u00e1s duradera y eficaz que otras afeitadoras [&hellip;]<\/p>\n","protected":false},"featured_media":6360734,"template":"","meta":{"_acf_changed":false},"product_cat":[11666,11882,11923],"product_tag":[],"class_list":{"0":"post-1879170","1":"product","2":"type-product","3":"status-publish","4":"has-post-thumbnail","6":"product_cat-arredamento-casa","7":"product_cat-mobiliario","8":"product_cat-tablas-de-planchar","10":"first","11":"outofstock","12":"taxable","13":"shipping-taxable","14":"purchasable","15":"product-type-simple","swatches":"rey-swatches","show_selected":"","stretch_labels":"rey-swatches--stretch-labels"},"acf":[],"yoast_head":"<!-- This site is optimized with the Yoast SEO plugin v25.4 - https:\/\/yoast.com\/wordpress\/plugins\/seo\/ -->\n<title>STEAMERY Pilo 2 maquinilla de afeitar de tela Sandal - dev6 Erresse<\/title>\n<meta name=\"description\" content=\"Representa el equilibrio ideal entre funcionalidad y est\u00e9tica. La Pilo 2 Fabric Shaver Charcoal es suave pero eficaz y elimina las pelusas y las bolitas\" \/>\n<meta name=\"robots\" content=\"noindex, follow, max-snippet:-1, max-image-preview:large, max-video-preview:-1\" \/>\n<meta property=\"og:locale\" content=\"es_ES\" \/>\n<meta property=\"og:type\" content=\"article\" \/>\n<meta property=\"og:title\" content=\"STEAMERY Pilo 2 maquinilla de afeitar de tela Sandal - dev6 Erresse\" \/>\n<meta property=\"og:description\" content=\"Representa el equilibrio ideal entre funcionalidad y est\u00e9tica. La Pilo 2 Fabric Shaver Charcoal es suave pero eficaz y elimina las pelusas y las bolitas\" \/>\n<meta property=\"og:url\" content=\"https:\/\/dev6.erresse-shop.it\/es\/shop\/mobiliario\/tablas-de-planchar\/steamery-pilo-2-maquinilla-de-afeitar-de-tela-sandal\/\" \/>\n<meta property=\"og:site_name\" content=\"dev6 Erresse\" \/>\n<meta property=\"og:image\" content=\"https:\/\/interpim.erresse-shop.it\/img-catalogo\/steamery\/steamery-pilo-2-sabbia.jpg\" \/><meta property=\"og:image\" content=\"https:\/\/interpim.erresse-shop.it\/img-catalogo\/steamery\/steamery-pilo-2-sabbia.jpg\" \/>\n\t<meta property=\"og:image:width\" content=\"1024\" \/>\n\t<meta property=\"og:image:height\" content=\"1024\" \/>\n\t<meta property=\"og:image:type\" content=\"image\/jpeg\" \/>\n<meta name=\"twitter:card\" content=\"summary_large_image\" \/>\n<meta name=\"twitter:image\" content=\"https:\/\/interpim.erresse-shop.it\/img-catalogo\/steamery\/steamery-pilo-2-sabbia.jpg\" \/>\n<script type=\"application\/ld+json\" class=\"yoast-schema-graph\">{\"@context\":\"https:\/\/schema.org\",\"@graph\":[{\"@type\":\"WebPage\",\"@id\":\"https:\/\/dev6.erresse-shop.it\/es\/shop\/mobiliario\/tablas-de-planchar\/steamery-pilo-2-maquinilla-de-afeitar-de-tela-sandal\/\",\"url\":\"https:\/\/dev6.erresse-shop.it\/es\/shop\/mobiliario\/tablas-de-planchar\/steamery-pilo-2-maquinilla-de-afeitar-de-tela-sandal\/\",\"name\":\"STEAMERY Pilo 2 maquinilla de afeitar de tela Sandal - dev6 Erresse\",\"isPartOf\":{\"@id\":\"https:\/\/dev6.erresse-shop.it\/#website\"},\"primaryImageOfPage\":{\"@id\":\"https:\/\/dev6.erresse-shop.it\/es\/shop\/mobiliario\/tablas-de-planchar\/steamery-pilo-2-maquinilla-de-afeitar-de-tela-sandal\/#primaryimage\"},\"image\":{\"@id\":\"https:\/\/dev6.erresse-shop.it\/es\/shop\/mobiliario\/tablas-de-planchar\/steamery-pilo-2-maquinilla-de-afeitar-de-tela-sandal\/#primaryimage\"},\"thumbnailUrl\":\"https:\/\/i2.wp.com\/interpim.erresse-shop.it\/img-catalogo\/steamery\/steamery-pilo-2-sabbia.jpg?ssl=1\",\"datePublished\":\"2026-04-12T07:27:39+00:00\",\"description\":\"Representa el equilibrio ideal entre funcionalidad y est\u00e9tica. La Pilo 2 Fabric Shaver Charcoal es suave pero eficaz y elimina las pelusas y las bolitas\",\"breadcrumb\":{\"@id\":\"https:\/\/dev6.erresse-shop.it\/es\/shop\/mobiliario\/tablas-de-planchar\/steamery-pilo-2-maquinilla-de-afeitar-de-tela-sandal\/#breadcrumb\"},\"inLanguage\":\"es\",\"potentialAction\":[{\"@type\":\"ReadAction\",\"target\":[\"https:\/\/dev6.erresse-shop.it\/es\/shop\/mobiliario\/tablas-de-planchar\/steamery-pilo-2-maquinilla-de-afeitar-de-tela-sandal\/\"]}]},{\"@type\":\"ImageObject\",\"inLanguage\":\"es\",\"@id\":\"https:\/\/dev6.erresse-shop.it\/es\/shop\/mobiliario\/tablas-de-planchar\/steamery-pilo-2-maquinilla-de-afeitar-de-tela-sandal\/#primaryimage\",\"url\":\"https:\/\/i2.wp.com\/interpim.erresse-shop.it\/img-catalogo\/steamery\/steamery-pilo-2-sabbia.jpg?ssl=1\",\"contentUrl\":\"https:\/\/i2.wp.com\/interpim.erresse-shop.it\/img-catalogo\/steamery\/steamery-pilo-2-sabbia.jpg?ssl=1\"},{\"@type\":\"BreadcrumbList\",\"@id\":\"https:\/\/dev6.erresse-shop.it\/es\/shop\/mobiliario\/tablas-de-planchar\/steamery-pilo-2-maquinilla-de-afeitar-de-tela-sandal\/#breadcrumb\",\"itemListElement\":[{\"@type\":\"ListItem\",\"position\":1,\"name\":\"Home\",\"item\":\"https:\/\/dev6.erresse-shop.it\/\"},{\"@type\":\"ListItem\",\"position\":2,\"name\":\"Tienda\",\"item\":\"https:\/\/dev6.erresse-shop.it\/shop\/\"},{\"@type\":\"ListItem\",\"position\":3,\"name\":\"STEAMERY Pilo 2 maquinilla de afeitar de tela Sandal\"}]},{\"@type\":\"WebSite\",\"@id\":\"https:\/\/dev6.erresse-shop.it\/#website\",\"url\":\"https:\/\/dev6.erresse-shop.it\/\",\"name\":\"Erresse Shop\",\"description\":\"\",\"publisher\":{\"@id\":\"https:\/\/dev6.erresse-shop.it\/#organization\"},\"potentialAction\":[{\"@type\":\"SearchAction\",\"target\":{\"@type\":\"EntryPoint\",\"urlTemplate\":\"https:\/\/dev6.erresse-shop.it\/?s={search_term_string}\"},\"query-input\":{\"@type\":\"PropertyValueSpecification\",\"valueRequired\":true,\"valueName\":\"search_term_string\"}}],\"inLanguage\":\"es\"},{\"@type\":\"Organization\",\"@id\":\"https:\/\/dev6.erresse-shop.it\/#organization\",\"name\":\"Erresse Shop\",\"url\":\"https:\/\/dev6.erresse-shop.it\/\",\"logo\":{\"@type\":\"ImageObject\",\"inLanguage\":\"es\",\"@id\":\"https:\/\/dev6.erresse-shop.it\/#\/schema\/logo\/image\/\",\"url\":\"https:\/\/dev6.erresse-shop.it\/wp-content\/uploads\/2025\/01\/LOGO-ERRESSE-CLASSICO.svg\",\"contentUrl\":\"https:\/\/dev6.erresse-shop.it\/wp-content\/uploads\/2025\/01\/LOGO-ERRESSE-CLASSICO.svg\",\"caption\":\"Erresse Shop\"},\"image\":{\"@id\":\"https:\/\/dev6.erresse-shop.it\/#\/schema\/logo\/image\/\"}}]}<\/script>\n<!-- \/ Yoast SEO plugin. -->","yoast_head_json":{"title":"STEAMERY Pilo 2 maquinilla de afeitar de tela Sandal - dev6 Erresse","description":"Representa el equilibrio ideal entre funcionalidad y est\u00e9tica. La Pilo 2 Fabric Shaver Charcoal es suave pero eficaz y elimina las pelusas y las bolitas","robots":{"index":"noindex","follow":"follow","max-snippet":"max-snippet:-1","max-image-preview":"max-image-preview:large","max-video-preview":"max-video-preview:-1"},"og_locale":"es_ES","og_type":"article","og_title":"STEAMERY Pilo 2 maquinilla de afeitar de tela Sandal - dev6 Erresse","og_description":"Representa el equilibrio ideal entre funcionalidad y est\u00e9tica. La Pilo 2 Fabric Shaver Charcoal es suave pero eficaz y elimina las pelusas y las bolitas","og_url":"https:\/\/dev6.erresse-shop.it\/es\/shop\/mobiliario\/tablas-de-planchar\/steamery-pilo-2-maquinilla-de-afeitar-de-tela-sandal\/","og_site_name":"dev6 Erresse","og_image":[{"url":"https:\/\/interpim.erresse-shop.it\/img-catalogo\/steamery\/steamery-pilo-2-sabbia.jpg","type":"","width":"","height":""},{"url":"https:\/\/interpim.erresse-shop.it\/img-catalogo\/steamery\/steamery-pilo-2-sabbia.jpg","width":1024,"height":1024,"type":"image\/jpeg"}],"twitter_card":"summary_large_image","twitter_image":"https:\/\/interpim.erresse-shop.it\/img-catalogo\/steamery\/steamery-pilo-2-sabbia.jpg","schema":{"@context":"https:\/\/schema.org","@graph":[{"@type":"WebPage","@id":"https:\/\/dev6.erresse-shop.it\/es\/shop\/mobiliario\/tablas-de-planchar\/steamery-pilo-2-maquinilla-de-afeitar-de-tela-sandal\/","url":"https:\/\/dev6.erresse-shop.it\/es\/shop\/mobiliario\/tablas-de-planchar\/steamery-pilo-2-maquinilla-de-afeitar-de-tela-sandal\/","name":"STEAMERY Pilo 2 maquinilla de afeitar de tela Sandal - dev6 Erresse","isPartOf":{"@id":"https:\/\/dev6.erresse-shop.it\/#website"},"primaryImageOfPage":{"@id":"https:\/\/dev6.erresse-shop.it\/es\/shop\/mobiliario\/tablas-de-planchar\/steamery-pilo-2-maquinilla-de-afeitar-de-tela-sandal\/#primaryimage"},"image":{"@id":"https:\/\/dev6.erresse-shop.it\/es\/shop\/mobiliario\/tablas-de-planchar\/steamery-pilo-2-maquinilla-de-afeitar-de-tela-sandal\/#primaryimage"},"thumbnailUrl":"https:\/\/i2.wp.com\/interpim.erresse-shop.it\/img-catalogo\/steamery\/steamery-pilo-2-sabbia.jpg?ssl=1","datePublished":"2026-04-12T07:27:39+00:00","description":"Representa el equilibrio ideal entre funcionalidad y est\u00e9tica. La Pilo 2 Fabric Shaver Charcoal es suave pero eficaz y elimina las pelusas y las bolitas","breadcrumb":{"@id":"https:\/\/dev6.erresse-shop.it\/es\/shop\/mobiliario\/tablas-de-planchar\/steamery-pilo-2-maquinilla-de-afeitar-de-tela-sandal\/#breadcrumb"},"inLanguage":"es","potentialAction":[{"@type":"ReadAction","target":["https:\/\/dev6.erresse-shop.it\/es\/shop\/mobiliario\/tablas-de-planchar\/steamery-pilo-2-maquinilla-de-afeitar-de-tela-sandal\/"]}]},{"@type":"ImageObject","inLanguage":"es","@id":"https:\/\/dev6.erresse-shop.it\/es\/shop\/mobiliario\/tablas-de-planchar\/steamery-pilo-2-maquinilla-de-afeitar-de-tela-sandal\/#primaryimage","url":"https:\/\/i2.wp.com\/interpim.erresse-shop.it\/img-catalogo\/steamery\/steamery-pilo-2-sabbia.jpg?ssl=1","contentUrl":"https:\/\/i2.wp.com\/interpim.erresse-shop.it\/img-catalogo\/steamery\/steamery-pilo-2-sabbia.jpg?ssl=1"},{"@type":"BreadcrumbList","@id":"https:\/\/dev6.erresse-shop.it\/es\/shop\/mobiliario\/tablas-de-planchar\/steamery-pilo-2-maquinilla-de-afeitar-de-tela-sandal\/#breadcrumb","itemListElement":[{"@type":"ListItem","position":1,"name":"Home","item":"https:\/\/dev6.erresse-shop.it\/"},{"@type":"ListItem","position":2,"name":"Tienda","item":"https:\/\/dev6.erresse-shop.it\/shop\/"},{"@type":"ListItem","position":3,"name":"STEAMERY Pilo 2 maquinilla de afeitar de tela Sandal"}]},{"@type":"WebSite","@id":"https:\/\/dev6.erresse-shop.it\/#website","url":"https:\/\/dev6.erresse-shop.it\/","name":"Erresse Shop","description":"","publisher":{"@id":"https:\/\/dev6.erresse-shop.it\/#organization"},"potentialAction":[{"@type":"SearchAction","target":{"@type":"EntryPoint","urlTemplate":"https:\/\/dev6.erresse-shop.it\/?s={search_term_string}"},"query-input":{"@type":"PropertyValueSpecification","valueRequired":true,"valueName":"search_term_string"}}],"inLanguage":"es"},{"@type":"Organization","@id":"https:\/\/dev6.erresse-shop.it\/#organization","name":"Erresse Shop","url":"https:\/\/dev6.erresse-shop.it\/","logo":{"@type":"ImageObject","inLanguage":"es","@id":"https:\/\/dev6.erresse-shop.it\/#\/schema\/logo\/image\/","url":"https:\/\/dev6.erresse-shop.it\/wp-content\/uploads\/2025\/01\/LOGO-ERRESSE-CLASSICO.svg","contentUrl":"https:\/\/dev6.erresse-shop.it\/wp-content\/uploads\/2025\/01\/LOGO-ERRESSE-CLASSICO.svg","caption":"Erresse Shop"},"image":{"@id":"https:\/\/dev6.erresse-shop.it\/#\/schema\/logo\/image\/"}}]}},"df_price":65,"df_sale_price":"","df_regular_price":65,"df_image_link":"https:\/\/i2.wp.com\/interpim.erresse-shop.it\/img-catalogo\/steamery\/steamery-pilo-2-sabbia.jpg?resize=300,300&ssl=1","fifu_image_url":"https:\/\/interpim.erresse-shop.it\/img-catalogo\/steamery\/steamery-pilo-2-sabbia.jpg","_links":{"self":[{"href":"https:\/\/dev6.erresse-shop.it\/es\/wp-json\/wp\/v2\/product\/1879170","targetHints":{"allow":["GET"]}}],"collection":[{"href":"https:\/\/dev6.erresse-shop.it\/es\/wp-json\/wp\/v2\/product"}],"about":[{"href":"https:\/\/dev6.erresse-shop.it\/es\/wp-json\/wp\/v2\/types\/product"}],"wp:featuredmedia":[{"embeddable":true,"href":"https:\/\/dev6.erresse-shop.it\/es\/wp-json\/wp\/v2\/media\/6360734"}],"wp:attachment":[{"href":"https:\/\/dev6.erresse-shop.it\/es\/wp-json\/wp\/v2\/media?parent=1879170"}],"wp:term":[{"taxonomy":"product_cat","embeddable":true,"href":"https:\/\/dev6.erresse-shop.it\/es\/wp-json\/wp\/v2\/product_cat?post=1879170"},{"taxonomy":"product_tag","embeddable":true,"href":"https:\/\/dev6.erresse-shop.it\/es\/wp-json\/wp\/v2\/product_tag?post=1879170"}],"curies":[{"name":"wp","href":"https:\/\/api.w.org\/{rel}","templated":true}]}}