{"id":1879160,"date":"2026-04-12T09:27:39","date_gmt":"2026-04-12T07:27:39","guid":{"rendered":"https:\/\/dev6.erresse-shop.it\/shop\/sin%20categor\u00eda\/vaporera-portatil-steamery-cirrus-2-rosa\/"},"modified":"2025-09-14T08:18:15","modified_gmt":"2025-09-14T06:18:15","slug":"vaporera-portatil-steamery-cirrus-2-rosa","status":"publish","type":"product","link":"https:\/\/dev6.erresse-shop.it\/es\/shop\/mobiliario\/tablas-de-planchar\/vaporera-portatil-steamery-cirrus-2-rosa\/","title":{"rendered":"Vaporera Port\u00e1til STEAMERY Cirrus 2 Rosa"},"content":{"rendered":"<p>El vaporizador port\u00e1til Cirrus 2 es una alternativa sostenible y eficaz al planchado y al lavado. Su ropa quedar\u00e1 sin arrugas, suave y fresca en un abrir y cerrar de ojos. El vapor caliente tambi\u00e9n reduce los olores, la suciedad superficial y las bacterias.<\/p>\n<p>El vapor caliente de un vaporizador port\u00e1til levanta las fibras textiles -en lugar de comprimirlas como una plancha- y hace que se hinchen y recuperen su forma natural. Vaporizar es similar a airear la ropa. El vapor caliente elimina las marcas de una prenda que nunca se ha usado, como olores, suciedad superficial y bacterias.<\/p>\n<p>CARACTER\u00cdSTICAS<\/p>\n<p>Ropa sin arrugas, fresca y presentable<br \/>\nMenos lavados: menos consumo de energ\u00eda y agua<br \/>\nF\u00e1cil de usar los fines de semana y en viajes de negocios<br \/>\nAhorra tiempo y es apto para todos los hogares<br \/>\nFunciona en todos los materiales excepto cuero y ante No da\u00f1a la seda<\/p>\n<p>ESPECIFICACIONES<\/p>\n<p>Dep\u00f3sito de agua: 90 ml<br \/>\nGarant\u00eda: 1 a\u00f1o<br \/>\nCuerda trenzada: 1,9 m<br \/>\nPeso: 0,75-0,78 kg<br \/>\nDimensiones: 33x15x9,5 cm<br \/>\nTensi\u00f3n y frecuencia: 220-240 V\/50-60 Hz<br \/>\nPotencia: 1500 W<\/p>\n<p>QU\u00c9 INCLUYE<\/p>\n<p>Vaporizador port\u00e1til Cirrus 2<br \/>\nBolsa de protecci\u00f3n t\u00e9rmica<br \/>\nManual de instrucciones<\/p>\n","protected":false},"excerpt":{"rendered":"<p>El vaporizador port\u00e1til Cirrus 2 es una alternativa sostenible y eficaz al planchado y al lavado. Su ropa quedar\u00e1 sin arrugas, suave y fresca en un abrir y cerrar de ojos. El vapor caliente tambi\u00e9n reduce los olores, la suciedad superficial y las bacterias. El vapor caliente de un vaporizador port\u00e1til levanta las fibras textiles [&hellip;]<\/p>\n","protected":false},"featured_media":6360651,"template":"","meta":{"_acf_changed":false},"product_cat":[11666,11882,11923],"product_tag":[],"class_list":{"0":"post-1879160","1":"product","2":"type-product","3":"status-publish","4":"has-post-thumbnail","6":"product_cat-arredamento-casa","7":"product_cat-mobiliario","8":"product_cat-tablas-de-planchar","10":"first","11":"outofstock","12":"sale","13":"taxable","14":"shipping-taxable","15":"purchasable","16":"product-type-simple","swatches":"rey-swatches","show_selected":"","stretch_labels":"rey-swatches--stretch-labels"},"acf":[],"yoast_head":"<!-- This site is optimized with the Yoast SEO plugin v25.4 - https:\/\/yoast.com\/wordpress\/plugins\/seo\/ -->\n<title>Vaporera Port\u00e1til STEAMERY Cirrus 2 Rosa - dev6 Erresse<\/title>\n<meta name=\"description\" content=\"El vaporizador port\u00e1til Cirrus 2 es una alternativa sostenible y eficaz al planchado y al lavado. Su ropa quedar\u00e1 sin arrugas, suave y fresca en un abrir\" \/>\n<meta name=\"robots\" content=\"noindex, follow, max-snippet:-1, max-image-preview:large, max-video-preview:-1\" \/>\n<meta property=\"og:locale\" content=\"es_ES\" \/>\n<meta property=\"og:type\" content=\"article\" \/>\n<meta property=\"og:title\" content=\"Vaporera Port\u00e1til STEAMERY Cirrus 2 Rosa - dev6 Erresse\" \/>\n<meta property=\"og:description\" content=\"El vaporizador port\u00e1til Cirrus 2 es una alternativa sostenible y eficaz al planchado y al lavado. Su ropa quedar\u00e1 sin arrugas, suave y fresca en un abrir\" \/>\n<meta property=\"og:url\" content=\"https:\/\/dev6.erresse-shop.it\/es\/shop\/mobiliario\/tablas-de-planchar\/vaporera-portatil-steamery-cirrus-2-rosa\/\" \/>\n<meta property=\"og:site_name\" content=\"dev6 Erresse\" \/>\n<meta property=\"og:image\" content=\"https:\/\/interpim.erresse-shop.it\/img-catalogo\/steamery\/steamery-cirrus-2-piroscafo-portatile-rosa-3.jpg\" \/><meta property=\"og:image\" content=\"https:\/\/interpim.erresse-shop.it\/img-catalogo\/steamery\/steamery-cirrus-2-piroscafo-portatile-rosa-3.jpg\" \/>\n\t<meta property=\"og:image:width\" content=\"1024\" \/>\n\t<meta property=\"og:image:height\" content=\"1024\" \/>\n\t<meta property=\"og:image:type\" content=\"image\/jpeg\" \/>\n<meta name=\"twitter:card\" content=\"summary_large_image\" \/>\n<meta name=\"twitter:image\" content=\"https:\/\/interpim.erresse-shop.it\/img-catalogo\/steamery\/steamery-cirrus-2-piroscafo-portatile-rosa-3.jpg\" \/>\n<script type=\"application\/ld+json\" class=\"yoast-schema-graph\">{\"@context\":\"https:\/\/schema.org\",\"@graph\":[{\"@type\":\"WebPage\",\"@id\":\"https:\/\/dev6.erresse-shop.it\/es\/shop\/mobiliario\/tablas-de-planchar\/vaporera-portatil-steamery-cirrus-2-rosa\/\",\"url\":\"https:\/\/dev6.erresse-shop.it\/es\/shop\/mobiliario\/tablas-de-planchar\/vaporera-portatil-steamery-cirrus-2-rosa\/\",\"name\":\"Vaporera Port\u00e1til STEAMERY Cirrus 2 Rosa - dev6 Erresse\",\"isPartOf\":{\"@id\":\"https:\/\/dev6.erresse-shop.it\/#website\"},\"primaryImageOfPage\":{\"@id\":\"https:\/\/dev6.erresse-shop.it\/es\/shop\/mobiliario\/tablas-de-planchar\/vaporera-portatil-steamery-cirrus-2-rosa\/#primaryimage\"},\"image\":{\"@id\":\"https:\/\/dev6.erresse-shop.it\/es\/shop\/mobiliario\/tablas-de-planchar\/vaporera-portatil-steamery-cirrus-2-rosa\/#primaryimage\"},\"thumbnailUrl\":\"https:\/\/i3.wp.com\/interpim.erresse-shop.it\/img-catalogo\/steamery\/steamery-cirrus-2-piroscafo-portatile-rosa-3.jpg?ssl=1\",\"datePublished\":\"2026-04-12T07:27:39+00:00\",\"description\":\"El vaporizador port\u00e1til Cirrus 2 es una alternativa sostenible y eficaz al planchado y al lavado. Su ropa quedar\u00e1 sin arrugas, suave y fresca en un abrir\",\"breadcrumb\":{\"@id\":\"https:\/\/dev6.erresse-shop.it\/es\/shop\/mobiliario\/tablas-de-planchar\/vaporera-portatil-steamery-cirrus-2-rosa\/#breadcrumb\"},\"inLanguage\":\"es\",\"potentialAction\":[{\"@type\":\"ReadAction\",\"target\":[\"https:\/\/dev6.erresse-shop.it\/es\/shop\/mobiliario\/tablas-de-planchar\/vaporera-portatil-steamery-cirrus-2-rosa\/\"]}]},{\"@type\":\"ImageObject\",\"inLanguage\":\"es\",\"@id\":\"https:\/\/dev6.erresse-shop.it\/es\/shop\/mobiliario\/tablas-de-planchar\/vaporera-portatil-steamery-cirrus-2-rosa\/#primaryimage\",\"url\":\"https:\/\/i3.wp.com\/interpim.erresse-shop.it\/img-catalogo\/steamery\/steamery-cirrus-2-piroscafo-portatile-rosa-3.jpg?ssl=1\",\"contentUrl\":\"https:\/\/i3.wp.com\/interpim.erresse-shop.it\/img-catalogo\/steamery\/steamery-cirrus-2-piroscafo-portatile-rosa-3.jpg?ssl=1\"},{\"@type\":\"BreadcrumbList\",\"@id\":\"https:\/\/dev6.erresse-shop.it\/es\/shop\/mobiliario\/tablas-de-planchar\/vaporera-portatil-steamery-cirrus-2-rosa\/#breadcrumb\",\"itemListElement\":[{\"@type\":\"ListItem\",\"position\":1,\"name\":\"Home\",\"item\":\"https:\/\/dev6.erresse-shop.it\/\"},{\"@type\":\"ListItem\",\"position\":2,\"name\":\"Tienda\",\"item\":\"https:\/\/dev6.erresse-shop.it\/shop\/\"},{\"@type\":\"ListItem\",\"position\":3,\"name\":\"Vaporera Port\u00e1til STEAMERY Cirrus 2 Rosa\"}]},{\"@type\":\"WebSite\",\"@id\":\"https:\/\/dev6.erresse-shop.it\/#website\",\"url\":\"https:\/\/dev6.erresse-shop.it\/\",\"name\":\"Erresse Shop\",\"description\":\"\",\"publisher\":{\"@id\":\"https:\/\/dev6.erresse-shop.it\/#organization\"},\"potentialAction\":[{\"@type\":\"SearchAction\",\"target\":{\"@type\":\"EntryPoint\",\"urlTemplate\":\"https:\/\/dev6.erresse-shop.it\/?s={search_term_string}\"},\"query-input\":{\"@type\":\"PropertyValueSpecification\",\"valueRequired\":true,\"valueName\":\"search_term_string\"}}],\"inLanguage\":\"es\"},{\"@type\":\"Organization\",\"@id\":\"https:\/\/dev6.erresse-shop.it\/#organization\",\"name\":\"Erresse Shop\",\"url\":\"https:\/\/dev6.erresse-shop.it\/\",\"logo\":{\"@type\":\"ImageObject\",\"inLanguage\":\"es\",\"@id\":\"https:\/\/dev6.erresse-shop.it\/#\/schema\/logo\/image\/\",\"url\":\"https:\/\/dev6.erresse-shop.it\/wp-content\/uploads\/2025\/01\/LOGO-ERRESSE-CLASSICO.svg\",\"contentUrl\":\"https:\/\/dev6.erresse-shop.it\/wp-content\/uploads\/2025\/01\/LOGO-ERRESSE-CLASSICO.svg\",\"caption\":\"Erresse Shop\"},\"image\":{\"@id\":\"https:\/\/dev6.erresse-shop.it\/#\/schema\/logo\/image\/\"}}]}<\/script>\n<!-- \/ Yoast SEO plugin. -->","yoast_head_json":{"title":"Vaporera Port\u00e1til STEAMERY Cirrus 2 Rosa - dev6 Erresse","description":"El vaporizador port\u00e1til Cirrus 2 es una alternativa sostenible y eficaz al planchado y al lavado. Su ropa quedar\u00e1 sin arrugas, suave y fresca en un abrir","robots":{"index":"noindex","follow":"follow","max-snippet":"max-snippet:-1","max-image-preview":"max-image-preview:large","max-video-preview":"max-video-preview:-1"},"og_locale":"es_ES","og_type":"article","og_title":"Vaporera Port\u00e1til STEAMERY Cirrus 2 Rosa - dev6 Erresse","og_description":"El vaporizador port\u00e1til Cirrus 2 es una alternativa sostenible y eficaz al planchado y al lavado. Su ropa quedar\u00e1 sin arrugas, suave y fresca en un abrir","og_url":"https:\/\/dev6.erresse-shop.it\/es\/shop\/mobiliario\/tablas-de-planchar\/vaporera-portatil-steamery-cirrus-2-rosa\/","og_site_name":"dev6 Erresse","og_image":[{"url":"https:\/\/interpim.erresse-shop.it\/img-catalogo\/steamery\/steamery-cirrus-2-piroscafo-portatile-rosa-3.jpg","type":"","width":"","height":""},{"url":"https:\/\/interpim.erresse-shop.it\/img-catalogo\/steamery\/steamery-cirrus-2-piroscafo-portatile-rosa-3.jpg","width":1024,"height":1024,"type":"image\/jpeg"}],"twitter_card":"summary_large_image","twitter_image":"https:\/\/interpim.erresse-shop.it\/img-catalogo\/steamery\/steamery-cirrus-2-piroscafo-portatile-rosa-3.jpg","schema":{"@context":"https:\/\/schema.org","@graph":[{"@type":"WebPage","@id":"https:\/\/dev6.erresse-shop.it\/es\/shop\/mobiliario\/tablas-de-planchar\/vaporera-portatil-steamery-cirrus-2-rosa\/","url":"https:\/\/dev6.erresse-shop.it\/es\/shop\/mobiliario\/tablas-de-planchar\/vaporera-portatil-steamery-cirrus-2-rosa\/","name":"Vaporera Port\u00e1til STEAMERY Cirrus 2 Rosa - dev6 Erresse","isPartOf":{"@id":"https:\/\/dev6.erresse-shop.it\/#website"},"primaryImageOfPage":{"@id":"https:\/\/dev6.erresse-shop.it\/es\/shop\/mobiliario\/tablas-de-planchar\/vaporera-portatil-steamery-cirrus-2-rosa\/#primaryimage"},"image":{"@id":"https:\/\/dev6.erresse-shop.it\/es\/shop\/mobiliario\/tablas-de-planchar\/vaporera-portatil-steamery-cirrus-2-rosa\/#primaryimage"},"thumbnailUrl":"https:\/\/i3.wp.com\/interpim.erresse-shop.it\/img-catalogo\/steamery\/steamery-cirrus-2-piroscafo-portatile-rosa-3.jpg?ssl=1","datePublished":"2026-04-12T07:27:39+00:00","description":"El vaporizador port\u00e1til Cirrus 2 es una alternativa sostenible y eficaz al planchado y al lavado. Su ropa quedar\u00e1 sin arrugas, suave y fresca en un abrir","breadcrumb":{"@id":"https:\/\/dev6.erresse-shop.it\/es\/shop\/mobiliario\/tablas-de-planchar\/vaporera-portatil-steamery-cirrus-2-rosa\/#breadcrumb"},"inLanguage":"es","potentialAction":[{"@type":"ReadAction","target":["https:\/\/dev6.erresse-shop.it\/es\/shop\/mobiliario\/tablas-de-planchar\/vaporera-portatil-steamery-cirrus-2-rosa\/"]}]},{"@type":"ImageObject","inLanguage":"es","@id":"https:\/\/dev6.erresse-shop.it\/es\/shop\/mobiliario\/tablas-de-planchar\/vaporera-portatil-steamery-cirrus-2-rosa\/#primaryimage","url":"https:\/\/i3.wp.com\/interpim.erresse-shop.it\/img-catalogo\/steamery\/steamery-cirrus-2-piroscafo-portatile-rosa-3.jpg?ssl=1","contentUrl":"https:\/\/i3.wp.com\/interpim.erresse-shop.it\/img-catalogo\/steamery\/steamery-cirrus-2-piroscafo-portatile-rosa-3.jpg?ssl=1"},{"@type":"BreadcrumbList","@id":"https:\/\/dev6.erresse-shop.it\/es\/shop\/mobiliario\/tablas-de-planchar\/vaporera-portatil-steamery-cirrus-2-rosa\/#breadcrumb","itemListElement":[{"@type":"ListItem","position":1,"name":"Home","item":"https:\/\/dev6.erresse-shop.it\/"},{"@type":"ListItem","position":2,"name":"Tienda","item":"https:\/\/dev6.erresse-shop.it\/shop\/"},{"@type":"ListItem","position":3,"name":"Vaporera Port\u00e1til STEAMERY Cirrus 2 Rosa"}]},{"@type":"WebSite","@id":"https:\/\/dev6.erresse-shop.it\/#website","url":"https:\/\/dev6.erresse-shop.it\/","name":"Erresse Shop","description":"","publisher":{"@id":"https:\/\/dev6.erresse-shop.it\/#organization"},"potentialAction":[{"@type":"SearchAction","target":{"@type":"EntryPoint","urlTemplate":"https:\/\/dev6.erresse-shop.it\/?s={search_term_string}"},"query-input":{"@type":"PropertyValueSpecification","valueRequired":true,"valueName":"search_term_string"}}],"inLanguage":"es"},{"@type":"Organization","@id":"https:\/\/dev6.erresse-shop.it\/#organization","name":"Erresse Shop","url":"https:\/\/dev6.erresse-shop.it\/","logo":{"@type":"ImageObject","inLanguage":"es","@id":"https:\/\/dev6.erresse-shop.it\/#\/schema\/logo\/image\/","url":"https:\/\/dev6.erresse-shop.it\/wp-content\/uploads\/2025\/01\/LOGO-ERRESSE-CLASSICO.svg","contentUrl":"https:\/\/dev6.erresse-shop.it\/wp-content\/uploads\/2025\/01\/LOGO-ERRESSE-CLASSICO.svg","caption":"Erresse Shop"},"image":{"@id":"https:\/\/dev6.erresse-shop.it\/#\/schema\/logo\/image\/"}}]}},"df_price":119,"df_sale_price":119,"df_regular_price":130,"df_image_link":"https:\/\/i3.wp.com\/interpim.erresse-shop.it\/img-catalogo\/steamery\/steamery-cirrus-2-piroscafo-portatile-rosa-3.jpg?resize=300,300&ssl=1","fifu_image_url":"https:\/\/interpim.erresse-shop.it\/img-catalogo\/steamery\/steamery-cirrus-2-piroscafo-portatile-rosa-3.jpg","_links":{"self":[{"href":"https:\/\/dev6.erresse-shop.it\/es\/wp-json\/wp\/v2\/product\/1879160","targetHints":{"allow":["GET"]}}],"collection":[{"href":"https:\/\/dev6.erresse-shop.it\/es\/wp-json\/wp\/v2\/product"}],"about":[{"href":"https:\/\/dev6.erresse-shop.it\/es\/wp-json\/wp\/v2\/types\/product"}],"wp:featuredmedia":[{"embeddable":true,"href":"https:\/\/dev6.erresse-shop.it\/es\/wp-json\/wp\/v2\/media\/6360651"}],"wp:attachment":[{"href":"https:\/\/dev6.erresse-shop.it\/es\/wp-json\/wp\/v2\/media?parent=1879160"}],"wp:term":[{"taxonomy":"product_cat","embeddable":true,"href":"https:\/\/dev6.erresse-shop.it\/es\/wp-json\/wp\/v2\/product_cat?post=1879160"},{"taxonomy":"product_tag","embeddable":true,"href":"https:\/\/dev6.erresse-shop.it\/es\/wp-json\/wp\/v2\/product_tag?post=1879160"}],"curies":[{"name":"wp","href":"https:\/\/api.w.org\/{rel}","templated":true}]}}