{"id":1879154,"date":"2026-04-12T09:27:39","date_gmt":"2026-04-12T07:27:39","guid":{"rendered":"https:\/\/dev6.erresse-shop.it\/shop\/sin%20categor\u00eda\/villeroy-boch-paradise-tarta-de-cumpleanos\/"},"modified":"2025-07-04T22:14:23","modified_gmt":"2025-07-04T20:14:23","slug":"villeroy-boch-paradise-tarta-de-cumpleanos","status":"publish","type":"product","link":"https:\/\/dev6.erresse-shop.it\/es\/shop\/tabla\/soportes-para-tartas\/villeroy-boch-paradise-tarta-de-cumpleanos\/","title":{"rendered":"VILLEROY &#038; BOCH Paradise Tarta de cumplea\u00f1os"},"content":{"rendered":"<p>La tarta de cumplea\u00f1os especial para todas las generaciones<br \/>\nEstilo cl\u00e1sico y moderno juntos en un solo dise\u00f1o: para el 275 aniversario, la colecci\u00f3n Paradiso se inspira en los 275 a\u00f1os de tradici\u00f3n de Villeroy &amp; Boch y los trae al presente. Decoraciones hist\u00f3ricas con calcograf\u00eda realzadas por elementos gr\u00e1ficos modernos y un naranja intenso, que dan vida a un nuevo lenguaje de dise\u00f1o contempor\u00e1neo. Con la Tarta de Cumplea\u00f1os, Villeroy &amp; Boch toma la idea de una tarta de cumplea\u00f1os cl\u00e1sica pero la reinterpreta de una forma completamente nueva. Cuatro piezas de vajilla apiladas unas sobre otras crean la forma de una tarta que, complementada con una vela en la parte superior, crear\u00e1 acentos festivos en cualquier mesa preparada para celebrar un cumplea\u00f1os. La tarta de cumplea\u00f1os consta de un plato y dos cuencos de diferentes tama\u00f1os y combina funcionalidad y dise\u00f1o con la m\u00e1xima belleza. Cree tradiciones de cumplea\u00f1os inolvidables con la tarta de cumplea\u00f1os de Villeroy &amp; Boch.<\/p>\n<p>Material: porcelana de primera calidad<br \/>\nDi\u00e1metro: 216\u00a0mm<br \/>\nApto para lavavajillas: si<br \/>\nApto para microondas: s\u00ed<\/p>\n","protected":false},"excerpt":{"rendered":"<p>La tarta de cumplea\u00f1os especial para todas las generaciones Estilo cl\u00e1sico y moderno juntos en un solo dise\u00f1o: para el 275 aniversario, la colecci\u00f3n Paradiso se inspira en los 275 a\u00f1os de tradici\u00f3n de Villeroy &amp; Boch y los trae al presente. Decoraciones hist\u00f3ricas con calcograf\u00eda realzadas por elementos gr\u00e1ficos modernos y un naranja intenso, [&hellip;]<\/p>\n","protected":false},"featured_media":6360609,"template":"","meta":{"_acf_changed":false},"product_cat":[11909,11887,11671],"product_tag":[],"class_list":{"0":"post-1879154","1":"product","2":"type-product","3":"status-publish","4":"has-post-thumbnail","6":"product_cat-soportes-para-tartas","7":"product_cat-tabla","8":"product_cat-tavola","10":"first","11":"outofstock","12":"sale","13":"taxable","14":"shipping-taxable","15":"purchasable","16":"product-type-simple","swatches":"rey-swatches","show_selected":"","stretch_labels":"rey-swatches--stretch-labels"},"acf":[],"yoast_head":"<!-- This site is optimized with the Yoast SEO plugin v25.4 - https:\/\/yoast.com\/wordpress\/plugins\/seo\/ -->\n<title>VILLEROY &#038; BOCH Paradise Tarta de cumplea\u00f1os - dev6 Erresse<\/title>\n<meta name=\"description\" content=\"La tarta de cumplea\u00f1os especial para todas las generaciones Estilo cl\u00e1sico y moderno juntos en un solo dise\u00f1o: para el 275 aniversario, la colecci\u00f3n\" \/>\n<meta name=\"robots\" content=\"noindex, follow, max-snippet:-1, max-image-preview:large, max-video-preview:-1\" \/>\n<meta property=\"og:locale\" content=\"es_ES\" \/>\n<meta property=\"og:type\" content=\"article\" \/>\n<meta property=\"og:title\" content=\"VILLEROY &#038; BOCH Paradise Tarta de cumplea\u00f1os - dev6 Erresse\" \/>\n<meta property=\"og:description\" content=\"La tarta de cumplea\u00f1os especial para todas las generaciones Estilo cl\u00e1sico y moderno juntos en un solo dise\u00f1o: para el 275 aniversario, la colecci\u00f3n\" \/>\n<meta property=\"og:url\" content=\"https:\/\/dev6.erresse-shop.it\/es\/shop\/tabla\/soportes-para-tartas\/villeroy-boch-paradise-tarta-de-cumpleanos\/\" \/>\n<meta property=\"og:site_name\" content=\"dev6 Erresse\" \/>\n<meta property=\"og:image\" content=\"https:\/\/interpim.erresse-shop.it\/img-catalogo\/villeroy\/villeroy-boch-torta-compleanno-paradiso.jpg\" \/><meta property=\"og:image\" content=\"https:\/\/interpim.erresse-shop.it\/img-catalogo\/villeroy\/villeroy-boch-torta-compleanno-paradiso.jpg\" \/>\n\t<meta property=\"og:image:width\" content=\"1024\" \/>\n\t<meta property=\"og:image:height\" content=\"1024\" \/>\n\t<meta property=\"og:image:type\" content=\"image\/jpeg\" \/>\n<meta name=\"twitter:card\" content=\"summary_large_image\" \/>\n<meta name=\"twitter:image\" content=\"https:\/\/interpim.erresse-shop.it\/img-catalogo\/villeroy\/villeroy-boch-torta-compleanno-paradiso.jpg\" \/>\n<script type=\"application\/ld+json\" class=\"yoast-schema-graph\">{\"@context\":\"https:\/\/schema.org\",\"@graph\":[{\"@type\":\"WebPage\",\"@id\":\"https:\/\/dev6.erresse-shop.it\/es\/shop\/tabla\/soportes-para-tartas\/villeroy-boch-paradise-tarta-de-cumpleanos\/\",\"url\":\"https:\/\/dev6.erresse-shop.it\/es\/shop\/tabla\/soportes-para-tartas\/villeroy-boch-paradise-tarta-de-cumpleanos\/\",\"name\":\"VILLEROY &#038; BOCH Paradise Tarta de cumplea\u00f1os - dev6 Erresse\",\"isPartOf\":{\"@id\":\"https:\/\/dev6.erresse-shop.it\/#website\"},\"primaryImageOfPage\":{\"@id\":\"https:\/\/dev6.erresse-shop.it\/es\/shop\/tabla\/soportes-para-tartas\/villeroy-boch-paradise-tarta-de-cumpleanos\/#primaryimage\"},\"image\":{\"@id\":\"https:\/\/dev6.erresse-shop.it\/es\/shop\/tabla\/soportes-para-tartas\/villeroy-boch-paradise-tarta-de-cumpleanos\/#primaryimage\"},\"thumbnailUrl\":\"https:\/\/i3.wp.com\/interpim.erresse-shop.it\/img-catalogo\/villeroy\/villeroy-boch-torta-compleanno-paradiso.jpg?ssl=1\",\"datePublished\":\"2026-04-12T07:27:39+00:00\",\"description\":\"La tarta de cumplea\u00f1os especial para todas las generaciones Estilo cl\u00e1sico y moderno juntos en un solo dise\u00f1o: para el 275 aniversario, la colecci\u00f3n\",\"breadcrumb\":{\"@id\":\"https:\/\/dev6.erresse-shop.it\/es\/shop\/tabla\/soportes-para-tartas\/villeroy-boch-paradise-tarta-de-cumpleanos\/#breadcrumb\"},\"inLanguage\":\"es\",\"potentialAction\":[{\"@type\":\"ReadAction\",\"target\":[\"https:\/\/dev6.erresse-shop.it\/es\/shop\/tabla\/soportes-para-tartas\/villeroy-boch-paradise-tarta-de-cumpleanos\/\"]}]},{\"@type\":\"ImageObject\",\"inLanguage\":\"es\",\"@id\":\"https:\/\/dev6.erresse-shop.it\/es\/shop\/tabla\/soportes-para-tartas\/villeroy-boch-paradise-tarta-de-cumpleanos\/#primaryimage\",\"url\":\"https:\/\/i3.wp.com\/interpim.erresse-shop.it\/img-catalogo\/villeroy\/villeroy-boch-torta-compleanno-paradiso.jpg?ssl=1\",\"contentUrl\":\"https:\/\/i3.wp.com\/interpim.erresse-shop.it\/img-catalogo\/villeroy\/villeroy-boch-torta-compleanno-paradiso.jpg?ssl=1\"},{\"@type\":\"BreadcrumbList\",\"@id\":\"https:\/\/dev6.erresse-shop.it\/es\/shop\/tabla\/soportes-para-tartas\/villeroy-boch-paradise-tarta-de-cumpleanos\/#breadcrumb\",\"itemListElement\":[{\"@type\":\"ListItem\",\"position\":1,\"name\":\"Home\",\"item\":\"https:\/\/dev6.erresse-shop.it\/\"},{\"@type\":\"ListItem\",\"position\":2,\"name\":\"Tienda\",\"item\":\"https:\/\/dev6.erresse-shop.it\/shop\/\"},{\"@type\":\"ListItem\",\"position\":3,\"name\":\"VILLEROY &#038; BOCH Paradise Tarta de cumplea\u00f1os\"}]},{\"@type\":\"WebSite\",\"@id\":\"https:\/\/dev6.erresse-shop.it\/#website\",\"url\":\"https:\/\/dev6.erresse-shop.it\/\",\"name\":\"Erresse Shop\",\"description\":\"\",\"publisher\":{\"@id\":\"https:\/\/dev6.erresse-shop.it\/#organization\"},\"potentialAction\":[{\"@type\":\"SearchAction\",\"target\":{\"@type\":\"EntryPoint\",\"urlTemplate\":\"https:\/\/dev6.erresse-shop.it\/?s={search_term_string}\"},\"query-input\":{\"@type\":\"PropertyValueSpecification\",\"valueRequired\":true,\"valueName\":\"search_term_string\"}}],\"inLanguage\":\"es\"},{\"@type\":\"Organization\",\"@id\":\"https:\/\/dev6.erresse-shop.it\/#organization\",\"name\":\"Erresse Shop\",\"url\":\"https:\/\/dev6.erresse-shop.it\/\",\"logo\":{\"@type\":\"ImageObject\",\"inLanguage\":\"es\",\"@id\":\"https:\/\/dev6.erresse-shop.it\/#\/schema\/logo\/image\/\",\"url\":\"https:\/\/dev6.erresse-shop.it\/wp-content\/uploads\/2025\/01\/LOGO-ERRESSE-CLASSICO.svg\",\"contentUrl\":\"https:\/\/dev6.erresse-shop.it\/wp-content\/uploads\/2025\/01\/LOGO-ERRESSE-CLASSICO.svg\",\"caption\":\"Erresse Shop\"},\"image\":{\"@id\":\"https:\/\/dev6.erresse-shop.it\/#\/schema\/logo\/image\/\"}}]}<\/script>\n<!-- \/ Yoast SEO plugin. -->","yoast_head_json":{"title":"VILLEROY &#038; BOCH Paradise Tarta de cumplea\u00f1os - dev6 Erresse","description":"La tarta de cumplea\u00f1os especial para todas las generaciones Estilo cl\u00e1sico y moderno juntos en un solo dise\u00f1o: para el 275 aniversario, la colecci\u00f3n","robots":{"index":"noindex","follow":"follow","max-snippet":"max-snippet:-1","max-image-preview":"max-image-preview:large","max-video-preview":"max-video-preview:-1"},"og_locale":"es_ES","og_type":"article","og_title":"VILLEROY &#038; BOCH Paradise Tarta de cumplea\u00f1os - dev6 Erresse","og_description":"La tarta de cumplea\u00f1os especial para todas las generaciones Estilo cl\u00e1sico y moderno juntos en un solo dise\u00f1o: para el 275 aniversario, la colecci\u00f3n","og_url":"https:\/\/dev6.erresse-shop.it\/es\/shop\/tabla\/soportes-para-tartas\/villeroy-boch-paradise-tarta-de-cumpleanos\/","og_site_name":"dev6 Erresse","og_image":[{"url":"https:\/\/interpim.erresse-shop.it\/img-catalogo\/villeroy\/villeroy-boch-torta-compleanno-paradiso.jpg","type":"","width":"","height":""},{"url":"https:\/\/interpim.erresse-shop.it\/img-catalogo\/villeroy\/villeroy-boch-torta-compleanno-paradiso.jpg","width":1024,"height":1024,"type":"image\/jpeg"}],"twitter_card":"summary_large_image","twitter_image":"https:\/\/interpim.erresse-shop.it\/img-catalogo\/villeroy\/villeroy-boch-torta-compleanno-paradiso.jpg","schema":{"@context":"https:\/\/schema.org","@graph":[{"@type":"WebPage","@id":"https:\/\/dev6.erresse-shop.it\/es\/shop\/tabla\/soportes-para-tartas\/villeroy-boch-paradise-tarta-de-cumpleanos\/","url":"https:\/\/dev6.erresse-shop.it\/es\/shop\/tabla\/soportes-para-tartas\/villeroy-boch-paradise-tarta-de-cumpleanos\/","name":"VILLEROY &#038; BOCH Paradise Tarta de cumplea\u00f1os - dev6 Erresse","isPartOf":{"@id":"https:\/\/dev6.erresse-shop.it\/#website"},"primaryImageOfPage":{"@id":"https:\/\/dev6.erresse-shop.it\/es\/shop\/tabla\/soportes-para-tartas\/villeroy-boch-paradise-tarta-de-cumpleanos\/#primaryimage"},"image":{"@id":"https:\/\/dev6.erresse-shop.it\/es\/shop\/tabla\/soportes-para-tartas\/villeroy-boch-paradise-tarta-de-cumpleanos\/#primaryimage"},"thumbnailUrl":"https:\/\/i3.wp.com\/interpim.erresse-shop.it\/img-catalogo\/villeroy\/villeroy-boch-torta-compleanno-paradiso.jpg?ssl=1","datePublished":"2026-04-12T07:27:39+00:00","description":"La tarta de cumplea\u00f1os especial para todas las generaciones Estilo cl\u00e1sico y moderno juntos en un solo dise\u00f1o: para el 275 aniversario, la colecci\u00f3n","breadcrumb":{"@id":"https:\/\/dev6.erresse-shop.it\/es\/shop\/tabla\/soportes-para-tartas\/villeroy-boch-paradise-tarta-de-cumpleanos\/#breadcrumb"},"inLanguage":"es","potentialAction":[{"@type":"ReadAction","target":["https:\/\/dev6.erresse-shop.it\/es\/shop\/tabla\/soportes-para-tartas\/villeroy-boch-paradise-tarta-de-cumpleanos\/"]}]},{"@type":"ImageObject","inLanguage":"es","@id":"https:\/\/dev6.erresse-shop.it\/es\/shop\/tabla\/soportes-para-tartas\/villeroy-boch-paradise-tarta-de-cumpleanos\/#primaryimage","url":"https:\/\/i3.wp.com\/interpim.erresse-shop.it\/img-catalogo\/villeroy\/villeroy-boch-torta-compleanno-paradiso.jpg?ssl=1","contentUrl":"https:\/\/i3.wp.com\/interpim.erresse-shop.it\/img-catalogo\/villeroy\/villeroy-boch-torta-compleanno-paradiso.jpg?ssl=1"},{"@type":"BreadcrumbList","@id":"https:\/\/dev6.erresse-shop.it\/es\/shop\/tabla\/soportes-para-tartas\/villeroy-boch-paradise-tarta-de-cumpleanos\/#breadcrumb","itemListElement":[{"@type":"ListItem","position":1,"name":"Home","item":"https:\/\/dev6.erresse-shop.it\/"},{"@type":"ListItem","position":2,"name":"Tienda","item":"https:\/\/dev6.erresse-shop.it\/shop\/"},{"@type":"ListItem","position":3,"name":"VILLEROY &#038; BOCH Paradise Tarta de cumplea\u00f1os"}]},{"@type":"WebSite","@id":"https:\/\/dev6.erresse-shop.it\/#website","url":"https:\/\/dev6.erresse-shop.it\/","name":"Erresse Shop","description":"","publisher":{"@id":"https:\/\/dev6.erresse-shop.it\/#organization"},"potentialAction":[{"@type":"SearchAction","target":{"@type":"EntryPoint","urlTemplate":"https:\/\/dev6.erresse-shop.it\/?s={search_term_string}"},"query-input":{"@type":"PropertyValueSpecification","valueRequired":true,"valueName":"search_term_string"}}],"inLanguage":"es"},{"@type":"Organization","@id":"https:\/\/dev6.erresse-shop.it\/#organization","name":"Erresse Shop","url":"https:\/\/dev6.erresse-shop.it\/","logo":{"@type":"ImageObject","inLanguage":"es","@id":"https:\/\/dev6.erresse-shop.it\/#\/schema\/logo\/image\/","url":"https:\/\/dev6.erresse-shop.it\/wp-content\/uploads\/2025\/01\/LOGO-ERRESSE-CLASSICO.svg","contentUrl":"https:\/\/dev6.erresse-shop.it\/wp-content\/uploads\/2025\/01\/LOGO-ERRESSE-CLASSICO.svg","caption":"Erresse Shop"},"image":{"@id":"https:\/\/dev6.erresse-shop.it\/#\/schema\/logo\/image\/"}}]}},"df_price":119,"df_sale_price":119,"df_regular_price":149,"df_image_link":"https:\/\/i3.wp.com\/interpim.erresse-shop.it\/img-catalogo\/villeroy\/villeroy-boch-torta-compleanno-paradiso.jpg?resize=300,300&ssl=1","fifu_image_url":"https:\/\/interpim.erresse-shop.it\/img-catalogo\/villeroy\/villeroy-boch-torta-compleanno-paradiso.jpg","_links":{"self":[{"href":"https:\/\/dev6.erresse-shop.it\/es\/wp-json\/wp\/v2\/product\/1879154","targetHints":{"allow":["GET"]}}],"collection":[{"href":"https:\/\/dev6.erresse-shop.it\/es\/wp-json\/wp\/v2\/product"}],"about":[{"href":"https:\/\/dev6.erresse-shop.it\/es\/wp-json\/wp\/v2\/types\/product"}],"wp:featuredmedia":[{"embeddable":true,"href":"https:\/\/dev6.erresse-shop.it\/es\/wp-json\/wp\/v2\/media\/6360609"}],"wp:attachment":[{"href":"https:\/\/dev6.erresse-shop.it\/es\/wp-json\/wp\/v2\/media?parent=1879154"}],"wp:term":[{"taxonomy":"product_cat","embeddable":true,"href":"https:\/\/dev6.erresse-shop.it\/es\/wp-json\/wp\/v2\/product_cat?post=1879154"},{"taxonomy":"product_tag","embeddable":true,"href":"https:\/\/dev6.erresse-shop.it\/es\/wp-json\/wp\/v2\/product_tag?post=1879154"}],"curies":[{"name":"wp","href":"https:\/\/api.w.org\/{rel}","templated":true}]}}