{"id":1879134,"date":"2026-04-12T09:27:39","date_gmt":"2026-04-12T07:27:39","guid":{"rendered":"https:\/\/dev6.erresse-shop.it\/shop\/sin%20categor\u00eda\/sage-the-no-mess-waffle\/"},"modified":"2025-11-22T18:11:05","modified_gmt":"2025-11-22T17:11:05","slug":"sage-the-no-mess-waffle","status":"publish","type":"product","link":"https:\/\/dev6.erresse-shop.it\/es\/shop\/pequenos-electrodomesticos\/parrillas-y-barbacoas\/sage-the-no-mess-waffle\/","title":{"rendered":"SAGE The No-mess Waffle"},"content":{"rendered":"<p>Gofrera cl\u00e1sica circular.<br \/>\nPerfeccionamos el arte de preparar gofres eliminando su \u00fanico punto d\u00e9bil: tener que limpiar derrames de mezcla. El borde acanalado recoge y cocina el excedente para ahorrarte trabajo, y el control de cocci\u00f3n te permite preparar desde gofres suaves y esponjosos hasta crujientes y dorados.<\/p>\n<p>Niveles de cocci\u00f3n<br \/>\nPuedes elegir entre 7 opciones para disfrutar de gofres suaves y esponjosos, o crujientes y dorados. T\u00fa decides.<\/p>\n<p>Borde antiderrames<br \/>\nPuedes elegir entre 7 opciones para disfrutar de gofres suaves y esponjosos, o crujientes y dorados. T\u00fa decides.<\/p>\n<p>Superficie antiadherente<br \/>\nGracias al recubrimiento antiadherente sin PFOA de primera calidad, la mezcla nunca se pegar\u00e1 a las placas de cocci\u00f3n.<\/p>\n<p>Calor uniforme thermal pro<br \/>\nDesp\u00eddete de los gofres con bordes extra crujientes y partes crudas. The No-mess Waffle\u00ae distribuye el calor de manera uniforme en todas las placas.<\/p>\n<p>Luz indicadora<br \/>\nThe No-mess Waffle\u2122 se ilumina para avisarte cuando est\u00e1 listo para que viertas la mezcla.<\/p>\n<p>Dimensiones (ancho x prof. x alto)<br \/>\n\u2013 24.1 x 29.2 x 14.6 cm<\/p>\n<p>Materiales<br \/>\n\u2013 Carcasa de acero inoxidable<br \/>\n\u2013 Placas de cocci\u00f3n de aluminio moldeado a presi\u00f3n<\/p>\n<p>Capacidad<br \/>\n\u2013 1 gofre cl\u00e1sico<\/p>\n<p>Ajustes<br \/>\n\u2013 Dial de nivel de cocci\u00f3n con 7 opciones diferentes<\/p>\n<p>Potencia<br \/>\n\u2013 900 Vatios<\/p>\n<p>Voltaje<br \/>\n\u2013 220 \u2013 240 V<\/p>\n<p>Temperatura uniforme Thermal Pro<br \/>\n\u2013 Las resistencias con tecnolog\u00eda Thermal Pro garantizan una distribuci\u00f3n uniforme del calor<\/p>\n<p>Garant\u00eda<br \/>\n\u2013 Garant\u00eda de reparaci\u00f3n o reemplazo de 1 a\u00f1o<\/p>\n<p>\u00a0<\/p>\n<p>No se vende fuera de Europa<\/p>\n","protected":false},"excerpt":{"rendered":"<p>Gofrera cl\u00e1sica circular. Perfeccionamos el arte de preparar gofres eliminando su \u00fanico punto d\u00e9bil: tener que limpiar derrames de mezcla. El borde acanalado recoge y cocina el excedente para ahorrarte trabajo, y el control de cocci\u00f3n te permite preparar desde gofres suaves y esponjosos hasta crujientes y dorados. Niveles de cocci\u00f3n Puedes elegir entre 7 [&hellip;]<\/p>\n","protected":false},"featured_media":6360407,"template":"","meta":{"_acf_changed":false},"product_cat":[11979,11947],"product_tag":[],"class_list":{"0":"post-1879134","1":"product","2":"type-product","3":"status-publish","4":"has-post-thumbnail","6":"product_cat-parrillas-y-barbacoas","7":"product_cat-pequenos-electrodomesticos","9":"first","10":"outofstock","11":"sale","12":"taxable","13":"shipping-taxable","14":"purchasable","15":"product-type-simple","swatches":"rey-swatches","show_selected":"","stretch_labels":"rey-swatches--stretch-labels"},"acf":[],"yoast_head":"<!-- This site is optimized with the Yoast SEO plugin v25.4 - https:\/\/yoast.com\/wordpress\/plugins\/seo\/ -->\n<title>SAGE The No-mess Waffle - dev6 Erresse<\/title>\n<meta name=\"description\" content=\"Gofrera cl\u00e1sica circular. Perfeccionamos el arte de preparar gofres eliminando su \u00fanico punto d\u00e9bil: tener que limpiar derrames de mezcla. El borde\" \/>\n<meta name=\"robots\" content=\"noindex, follow, max-snippet:-1, max-image-preview:large, max-video-preview:-1\" \/>\n<meta property=\"og:locale\" content=\"es_ES\" \/>\n<meta property=\"og:type\" content=\"article\" \/>\n<meta property=\"og:title\" content=\"SAGE The No-mess Waffle - dev6 Erresse\" \/>\n<meta property=\"og:description\" content=\"Gofrera cl\u00e1sica circular. Perfeccionamos el arte de preparar gofres eliminando su \u00fanico punto d\u00e9bil: tener que limpiar derrames de mezcla. El borde\" \/>\n<meta property=\"og:url\" content=\"https:\/\/dev6.erresse-shop.it\/es\/shop\/pequenos-electrodomesticos\/parrillas-y-barbacoas\/sage-the-no-mess-waffle\/\" \/>\n<meta property=\"og:site_name\" content=\"dev6 Erresse\" \/>\n<meta property=\"og:image\" content=\"https:\/\/interpim.erresse-shop.it\/Import\/Prodotti\/sage-the-no-mess-waffle-1.jpg\" \/><meta property=\"og:image\" content=\"https:\/\/interpim.erresse-shop.it\/Import\/Prodotti\/sage-the-no-mess-waffle-1.jpg\" \/>\n\t<meta property=\"og:image:width\" content=\"1024\" \/>\n\t<meta property=\"og:image:height\" content=\"1024\" \/>\n\t<meta property=\"og:image:type\" content=\"image\/jpeg\" \/>\n<meta name=\"twitter:card\" content=\"summary_large_image\" \/>\n<meta name=\"twitter:image\" content=\"https:\/\/interpim.erresse-shop.it\/Import\/Prodotti\/sage-the-no-mess-waffle-1.jpg\" \/>\n<script type=\"application\/ld+json\" class=\"yoast-schema-graph\">{\"@context\":\"https:\/\/schema.org\",\"@graph\":[{\"@type\":\"WebPage\",\"@id\":\"https:\/\/dev6.erresse-shop.it\/es\/shop\/pequenos-electrodomesticos\/parrillas-y-barbacoas\/sage-the-no-mess-waffle\/\",\"url\":\"https:\/\/dev6.erresse-shop.it\/es\/shop\/pequenos-electrodomesticos\/parrillas-y-barbacoas\/sage-the-no-mess-waffle\/\",\"name\":\"SAGE The No-mess Waffle - dev6 Erresse\",\"isPartOf\":{\"@id\":\"https:\/\/dev6.erresse-shop.it\/#website\"},\"primaryImageOfPage\":{\"@id\":\"https:\/\/dev6.erresse-shop.it\/es\/shop\/pequenos-electrodomesticos\/parrillas-y-barbacoas\/sage-the-no-mess-waffle\/#primaryimage\"},\"image\":{\"@id\":\"https:\/\/dev6.erresse-shop.it\/es\/shop\/pequenos-electrodomesticos\/parrillas-y-barbacoas\/sage-the-no-mess-waffle\/#primaryimage\"},\"thumbnailUrl\":\"https:\/\/i2.wp.com\/interpim.erresse-shop.it\/Import\/Prodotti\/sage-the-no-mess-waffle-1.jpg?ssl=1\",\"datePublished\":\"2026-04-12T07:27:39+00:00\",\"description\":\"Gofrera cl\u00e1sica circular. Perfeccionamos el arte de preparar gofres eliminando su \u00fanico punto d\u00e9bil: tener que limpiar derrames de mezcla. El borde\",\"breadcrumb\":{\"@id\":\"https:\/\/dev6.erresse-shop.it\/es\/shop\/pequenos-electrodomesticos\/parrillas-y-barbacoas\/sage-the-no-mess-waffle\/#breadcrumb\"},\"inLanguage\":\"es\",\"potentialAction\":[{\"@type\":\"ReadAction\",\"target\":[\"https:\/\/dev6.erresse-shop.it\/es\/shop\/pequenos-electrodomesticos\/parrillas-y-barbacoas\/sage-the-no-mess-waffle\/\"]}]},{\"@type\":\"ImageObject\",\"inLanguage\":\"es\",\"@id\":\"https:\/\/dev6.erresse-shop.it\/es\/shop\/pequenos-electrodomesticos\/parrillas-y-barbacoas\/sage-the-no-mess-waffle\/#primaryimage\",\"url\":\"https:\/\/i2.wp.com\/interpim.erresse-shop.it\/Import\/Prodotti\/sage-the-no-mess-waffle-1.jpg?ssl=1\",\"contentUrl\":\"https:\/\/i2.wp.com\/interpim.erresse-shop.it\/Import\/Prodotti\/sage-the-no-mess-waffle-1.jpg?ssl=1\"},{\"@type\":\"BreadcrumbList\",\"@id\":\"https:\/\/dev6.erresse-shop.it\/es\/shop\/pequenos-electrodomesticos\/parrillas-y-barbacoas\/sage-the-no-mess-waffle\/#breadcrumb\",\"itemListElement\":[{\"@type\":\"ListItem\",\"position\":1,\"name\":\"Home\",\"item\":\"https:\/\/dev6.erresse-shop.it\/\"},{\"@type\":\"ListItem\",\"position\":2,\"name\":\"Tienda\",\"item\":\"https:\/\/dev6.erresse-shop.it\/shop\/\"},{\"@type\":\"ListItem\",\"position\":3,\"name\":\"SAGE The No-mess Waffle\"}]},{\"@type\":\"WebSite\",\"@id\":\"https:\/\/dev6.erresse-shop.it\/#website\",\"url\":\"https:\/\/dev6.erresse-shop.it\/\",\"name\":\"Erresse Shop\",\"description\":\"\",\"publisher\":{\"@id\":\"https:\/\/dev6.erresse-shop.it\/#organization\"},\"potentialAction\":[{\"@type\":\"SearchAction\",\"target\":{\"@type\":\"EntryPoint\",\"urlTemplate\":\"https:\/\/dev6.erresse-shop.it\/?s={search_term_string}\"},\"query-input\":{\"@type\":\"PropertyValueSpecification\",\"valueRequired\":true,\"valueName\":\"search_term_string\"}}],\"inLanguage\":\"es\"},{\"@type\":\"Organization\",\"@id\":\"https:\/\/dev6.erresse-shop.it\/#organization\",\"name\":\"Erresse Shop\",\"url\":\"https:\/\/dev6.erresse-shop.it\/\",\"logo\":{\"@type\":\"ImageObject\",\"inLanguage\":\"es\",\"@id\":\"https:\/\/dev6.erresse-shop.it\/#\/schema\/logo\/image\/\",\"url\":\"https:\/\/dev6.erresse-shop.it\/wp-content\/uploads\/2025\/01\/LOGO-ERRESSE-CLASSICO.svg\",\"contentUrl\":\"https:\/\/dev6.erresse-shop.it\/wp-content\/uploads\/2025\/01\/LOGO-ERRESSE-CLASSICO.svg\",\"caption\":\"Erresse Shop\"},\"image\":{\"@id\":\"https:\/\/dev6.erresse-shop.it\/#\/schema\/logo\/image\/\"}}]}<\/script>\n<!-- \/ Yoast SEO plugin. -->","yoast_head_json":{"title":"SAGE The No-mess Waffle - dev6 Erresse","description":"Gofrera cl\u00e1sica circular. Perfeccionamos el arte de preparar gofres eliminando su \u00fanico punto d\u00e9bil: tener que limpiar derrames de mezcla. El borde","robots":{"index":"noindex","follow":"follow","max-snippet":"max-snippet:-1","max-image-preview":"max-image-preview:large","max-video-preview":"max-video-preview:-1"},"og_locale":"es_ES","og_type":"article","og_title":"SAGE The No-mess Waffle - dev6 Erresse","og_description":"Gofrera cl\u00e1sica circular. Perfeccionamos el arte de preparar gofres eliminando su \u00fanico punto d\u00e9bil: tener que limpiar derrames de mezcla. El borde","og_url":"https:\/\/dev6.erresse-shop.it\/es\/shop\/pequenos-electrodomesticos\/parrillas-y-barbacoas\/sage-the-no-mess-waffle\/","og_site_name":"dev6 Erresse","og_image":[{"url":"https:\/\/interpim.erresse-shop.it\/Import\/Prodotti\/sage-the-no-mess-waffle-1.jpg","type":"","width":"","height":""},{"url":"https:\/\/interpim.erresse-shop.it\/Import\/Prodotti\/sage-the-no-mess-waffle-1.jpg","width":1024,"height":1024,"type":"image\/jpeg"}],"twitter_card":"summary_large_image","twitter_image":"https:\/\/interpim.erresse-shop.it\/Import\/Prodotti\/sage-the-no-mess-waffle-1.jpg","schema":{"@context":"https:\/\/schema.org","@graph":[{"@type":"WebPage","@id":"https:\/\/dev6.erresse-shop.it\/es\/shop\/pequenos-electrodomesticos\/parrillas-y-barbacoas\/sage-the-no-mess-waffle\/","url":"https:\/\/dev6.erresse-shop.it\/es\/shop\/pequenos-electrodomesticos\/parrillas-y-barbacoas\/sage-the-no-mess-waffle\/","name":"SAGE The No-mess Waffle - dev6 Erresse","isPartOf":{"@id":"https:\/\/dev6.erresse-shop.it\/#website"},"primaryImageOfPage":{"@id":"https:\/\/dev6.erresse-shop.it\/es\/shop\/pequenos-electrodomesticos\/parrillas-y-barbacoas\/sage-the-no-mess-waffle\/#primaryimage"},"image":{"@id":"https:\/\/dev6.erresse-shop.it\/es\/shop\/pequenos-electrodomesticos\/parrillas-y-barbacoas\/sage-the-no-mess-waffle\/#primaryimage"},"thumbnailUrl":"https:\/\/i2.wp.com\/interpim.erresse-shop.it\/Import\/Prodotti\/sage-the-no-mess-waffle-1.jpg?ssl=1","datePublished":"2026-04-12T07:27:39+00:00","description":"Gofrera cl\u00e1sica circular. Perfeccionamos el arte de preparar gofres eliminando su \u00fanico punto d\u00e9bil: tener que limpiar derrames de mezcla. El borde","breadcrumb":{"@id":"https:\/\/dev6.erresse-shop.it\/es\/shop\/pequenos-electrodomesticos\/parrillas-y-barbacoas\/sage-the-no-mess-waffle\/#breadcrumb"},"inLanguage":"es","potentialAction":[{"@type":"ReadAction","target":["https:\/\/dev6.erresse-shop.it\/es\/shop\/pequenos-electrodomesticos\/parrillas-y-barbacoas\/sage-the-no-mess-waffle\/"]}]},{"@type":"ImageObject","inLanguage":"es","@id":"https:\/\/dev6.erresse-shop.it\/es\/shop\/pequenos-electrodomesticos\/parrillas-y-barbacoas\/sage-the-no-mess-waffle\/#primaryimage","url":"https:\/\/i2.wp.com\/interpim.erresse-shop.it\/Import\/Prodotti\/sage-the-no-mess-waffle-1.jpg?ssl=1","contentUrl":"https:\/\/i2.wp.com\/interpim.erresse-shop.it\/Import\/Prodotti\/sage-the-no-mess-waffle-1.jpg?ssl=1"},{"@type":"BreadcrumbList","@id":"https:\/\/dev6.erresse-shop.it\/es\/shop\/pequenos-electrodomesticos\/parrillas-y-barbacoas\/sage-the-no-mess-waffle\/#breadcrumb","itemListElement":[{"@type":"ListItem","position":1,"name":"Home","item":"https:\/\/dev6.erresse-shop.it\/"},{"@type":"ListItem","position":2,"name":"Tienda","item":"https:\/\/dev6.erresse-shop.it\/shop\/"},{"@type":"ListItem","position":3,"name":"SAGE The No-mess Waffle"}]},{"@type":"WebSite","@id":"https:\/\/dev6.erresse-shop.it\/#website","url":"https:\/\/dev6.erresse-shop.it\/","name":"Erresse Shop","description":"","publisher":{"@id":"https:\/\/dev6.erresse-shop.it\/#organization"},"potentialAction":[{"@type":"SearchAction","target":{"@type":"EntryPoint","urlTemplate":"https:\/\/dev6.erresse-shop.it\/?s={search_term_string}"},"query-input":{"@type":"PropertyValueSpecification","valueRequired":true,"valueName":"search_term_string"}}],"inLanguage":"es"},{"@type":"Organization","@id":"https:\/\/dev6.erresse-shop.it\/#organization","name":"Erresse Shop","url":"https:\/\/dev6.erresse-shop.it\/","logo":{"@type":"ImageObject","inLanguage":"es","@id":"https:\/\/dev6.erresse-shop.it\/#\/schema\/logo\/image\/","url":"https:\/\/dev6.erresse-shop.it\/wp-content\/uploads\/2025\/01\/LOGO-ERRESSE-CLASSICO.svg","contentUrl":"https:\/\/dev6.erresse-shop.it\/wp-content\/uploads\/2025\/01\/LOGO-ERRESSE-CLASSICO.svg","caption":"Erresse Shop"},"image":{"@id":"https:\/\/dev6.erresse-shop.it\/#\/schema\/logo\/image\/"}}]}},"df_price":149.95,"df_sale_price":149.95,"df_regular_price":169.9,"df_image_link":"https:\/\/i2.wp.com\/interpim.erresse-shop.it\/Import\/Prodotti\/sage-the-no-mess-waffle-1.jpg?resize=300,300&ssl=1","fifu_image_url":"https:\/\/interpim.erresse-shop.it\/Import\/Prodotti\/sage-the-no-mess-waffle-1.jpg","_links":{"self":[{"href":"https:\/\/dev6.erresse-shop.it\/es\/wp-json\/wp\/v2\/product\/1879134","targetHints":{"allow":["GET"]}}],"collection":[{"href":"https:\/\/dev6.erresse-shop.it\/es\/wp-json\/wp\/v2\/product"}],"about":[{"href":"https:\/\/dev6.erresse-shop.it\/es\/wp-json\/wp\/v2\/types\/product"}],"wp:featuredmedia":[{"embeddable":true,"href":"https:\/\/dev6.erresse-shop.it\/es\/wp-json\/wp\/v2\/media\/6360407"}],"wp:attachment":[{"href":"https:\/\/dev6.erresse-shop.it\/es\/wp-json\/wp\/v2\/media?parent=1879134"}],"wp:term":[{"taxonomy":"product_cat","embeddable":true,"href":"https:\/\/dev6.erresse-shop.it\/es\/wp-json\/wp\/v2\/product_cat?post=1879134"},{"taxonomy":"product_tag","embeddable":true,"href":"https:\/\/dev6.erresse-shop.it\/es\/wp-json\/wp\/v2\/product_tag?post=1879134"}],"curies":[{"name":"wp","href":"https:\/\/api.w.org\/{rel}","templated":true}]}}