{"id":1879132,"date":"2026-04-12T09:26:21","date_gmt":"2026-04-12T07:26:21","guid":{"rendered":"https:\/\/dev6.erresse-shop.it\/shop\/sin%20categor\u00eda\/sage-the-bbq-press-grill\/"},"modified":"2025-11-22T18:11:03","modified_gmt":"2025-11-22T17:11:03","slug":"sage-the-bbq-press-grill","status":"publish","type":"product","link":"https:\/\/dev6.erresse-shop.it\/es\/shop\/pequenos-electrodomesticos\/parrillas-y-barbacoas\/sage-the-bbq-press-grill\/","title":{"rendered":"SAGE The BBQ &#038; Press Grill"},"content":{"rendered":"<p>Panini, hamburguesas y filetes perfectos con solo pulsar un bot\u00f3n<br \/>\nTrae la parrilla a tu cocina con el modo abierto y duplica el espacio para crear.<\/p>\n<p>Botones preprogramados<br \/>\nGracias a los pr\u00e1cticos botones con funciones preprogramadas para panini, hamburguesas y filetes puedes crear el entorno de cocci\u00f3n ideal y lograr resultados culinarios perfectos f\u00e1cilmente.<\/p>\n<p>Modo abierto tipo parrilla<br \/>\nAbre el grill para expandir su capacidad y usar las dos placas a la vez. Asar mariscos, hamburguesas o filetes es pan comido, y los huevos y las tortitas a la plancha quedan perfectos. La bandeja de goteo extra\u00edble funciona en el Modo abierto tipo parrilla o en el de contacto y recoge la grasa mientras cocinas. Las parrillas al aire libre acaban de hacerse sitio en tu encimera.<\/p>\n<p>Control independiente de la temperatura de las placas<br \/>\nEl control de temperatura electr\u00f3nico en cada placa te facilita las cosas. En Modo abierto tipo parrilla puedes cocinar de forma independiente alimentos que requieren diferentes temperaturas. Un sinf\u00edn de combinaciones para cocinar ma\u00f1ana, tarde y noche.<\/p>\n<p>Placas cer\u00e1micas reversibles para parrilla y plancha<br \/>\nFr\u00ede huevos y beicon para el desayuno, tuesta s\u00e1ndwiches para el almuerzo, prepara filetes para la cena y gofres para el postre. Los revestimientos natural y antiadherente permiten tener la comodidad de una placa reversible. Las placas de cer\u00e1mica alcanzan altas temperaturas para tostar m\u00e1s y crear alimentos m\u00e1s crujientes, adem\u00e1s no tienen PFOA ni PTFE.<\/p>\n<p>Compatible con placas para gofres<br \/>\nAporta versatilidad a tu grill con las placas cer\u00e1micas antiadherentes de calidad premium para preparar gofres. El borde antiderrames recoge el excedente de mezcla para evitar que se ensucie la encimera. Aptas para lavavajillas.<\/p>\n<p>F\u00e1cil de limpiar<br \/>\nLas placas de cer\u00e1mica para parrilla y plancha sin PFOA ni PTFE garantizan una limpieza sencilla a mano. O tambi\u00e9n puedes desencajar las placas y meterlas en el lavavajillas para una limpieza f\u00e1cil y c\u00f3moda.<\/p>\n<p>Dimensiones (ancho x prof. x alto)<br \/>\n\u2013 35.1 x 37.5 x 21.5 cm<\/p>\n<p>Materiales<br \/>\n\u2013 Acero inoxidable cepillado<br \/>\n\u2013 Placas de cer\u00e1mica antiadherentes<\/p>\n<p>Capacidad<br \/>\n\u2013 superficie de 1500 cm\u00b2<\/p>\n<p>Ajustes<br \/>\n\u2013 panini, hamburguesa y filete<\/p>\n<p>Potencia<br \/>\n\u2013 1510-1800 vatios<\/p>\n<p>Voltaje<br \/>\n\u2013 220-240 voltios<\/p>\n<p>Inclinaci\u00f3n de placa ajustable<br \/>\n\u2013 Ajusta el \u00e1ngulo de la base para escurrir grasas o \u00fasalas totalmente planas para huevos, tortitas y s\u00e1ndwiches tostados<\/p>\n<p>Dise\u00f1o de la placa<br \/>\n\u2013 Placas extra\u00edbles de cer\u00e1mica de calidad premium sin PTFE ni PFOA, con una superficie antiadherente que facilita la limpieza<\/p>\n<p>Altura regulable<br \/>\n\u2013 Los ajustes m\u00e1s bajos reducen el peso en los alimentos m\u00e1s delicados y tambi\u00e9n evitan que los ingredientes se salgan de los s\u00e1ndwiches<\/p>\n<p>Garant\u00eda<br \/>\n\u2013 Garant\u00eda de reemplazo y reparaci\u00f3n de 2 a\u00f1os<\/p>\n<p>\u00a0<\/p>\n<p>No se vende fuera de Europa<\/p>\n","protected":false},"excerpt":{"rendered":"<p>Panini, hamburguesas y filetes perfectos con solo pulsar un bot\u00f3n Trae la parrilla a tu cocina con el modo abierto y duplica el espacio para crear. Botones preprogramados Gracias a los pr\u00e1cticos botones con funciones preprogramadas para panini, hamburguesas y filetes puedes crear el entorno de cocci\u00f3n ideal y lograr resultados culinarios perfectos f\u00e1cilmente. Modo [&hellip;]<\/p>\n","protected":false},"featured_media":6360404,"template":"","meta":{"_acf_changed":false},"product_cat":[11979,11947],"product_tag":[],"class_list":{"0":"post-1879132","1":"product","2":"type-product","3":"status-publish","4":"has-post-thumbnail","6":"product_cat-parrillas-y-barbacoas","7":"product_cat-pequenos-electrodomesticos","9":"first","10":"outofstock","11":"sale","12":"taxable","13":"shipping-taxable","14":"purchasable","15":"product-type-simple","swatches":"rey-swatches","show_selected":"","stretch_labels":"rey-swatches--stretch-labels"},"acf":[],"yoast_head":"<!-- This site is optimized with the Yoast SEO plugin v25.4 - https:\/\/yoast.com\/wordpress\/plugins\/seo\/ -->\n<title>SAGE The BBQ &#038; Press Grill - dev6 Erresse<\/title>\n<meta name=\"description\" content=\"Panini, hamburguesas y filetes perfectos con solo pulsar un bot\u00f3n Trae la parrilla a tu cocina con el modo abierto y duplica el espacio para crear.\" \/>\n<meta name=\"robots\" content=\"noindex, follow, max-snippet:-1, max-image-preview:large, max-video-preview:-1\" \/>\n<meta property=\"og:locale\" content=\"es_ES\" \/>\n<meta property=\"og:type\" content=\"article\" \/>\n<meta property=\"og:title\" content=\"SAGE The BBQ &#038; Press Grill - dev6 Erresse\" \/>\n<meta property=\"og:description\" content=\"Panini, hamburguesas y filetes perfectos con solo pulsar un bot\u00f3n Trae la parrilla a tu cocina con el modo abierto y duplica el espacio para crear.\" \/>\n<meta property=\"og:url\" content=\"https:\/\/dev6.erresse-shop.it\/es\/shop\/pequenos-electrodomesticos\/parrillas-y-barbacoas\/sage-the-bbq-press-grill\/\" \/>\n<meta property=\"og:site_name\" content=\"dev6 Erresse\" \/>\n<meta property=\"og:image\" content=\"https:\/\/interpim.erresse-shop.it\/Import\/Prodotti\/sage-the-bbq-press-grill.jpg\" \/><meta property=\"og:image\" content=\"https:\/\/interpim.erresse-shop.it\/Import\/Prodotti\/sage-the-bbq-press-grill.jpg\" \/>\n\t<meta property=\"og:image:width\" content=\"1024\" \/>\n\t<meta property=\"og:image:height\" content=\"1024\" \/>\n\t<meta property=\"og:image:type\" content=\"image\/jpeg\" \/>\n<meta name=\"twitter:card\" content=\"summary_large_image\" \/>\n<meta name=\"twitter:image\" content=\"https:\/\/interpim.erresse-shop.it\/Import\/Prodotti\/sage-the-bbq-press-grill.jpg\" \/>\n<script type=\"application\/ld+json\" class=\"yoast-schema-graph\">{\"@context\":\"https:\/\/schema.org\",\"@graph\":[{\"@type\":\"WebPage\",\"@id\":\"https:\/\/dev6.erresse-shop.it\/es\/shop\/pequenos-electrodomesticos\/parrillas-y-barbacoas\/sage-the-bbq-press-grill\/\",\"url\":\"https:\/\/dev6.erresse-shop.it\/es\/shop\/pequenos-electrodomesticos\/parrillas-y-barbacoas\/sage-the-bbq-press-grill\/\",\"name\":\"SAGE The BBQ &#038; Press Grill - dev6 Erresse\",\"isPartOf\":{\"@id\":\"https:\/\/dev6.erresse-shop.it\/#website\"},\"primaryImageOfPage\":{\"@id\":\"https:\/\/dev6.erresse-shop.it\/es\/shop\/pequenos-electrodomesticos\/parrillas-y-barbacoas\/sage-the-bbq-press-grill\/#primaryimage\"},\"image\":{\"@id\":\"https:\/\/dev6.erresse-shop.it\/es\/shop\/pequenos-electrodomesticos\/parrillas-y-barbacoas\/sage-the-bbq-press-grill\/#primaryimage\"},\"thumbnailUrl\":\"https:\/\/i0.wp.com\/interpim.erresse-shop.it\/Import\/Prodotti\/sage-the-bbq-press-grill.jpg?ssl=1\",\"datePublished\":\"2026-04-12T07:26:21+00:00\",\"description\":\"Panini, hamburguesas y filetes perfectos con solo pulsar un bot\u00f3n Trae la parrilla a tu cocina con el modo abierto y duplica el espacio para crear.\",\"breadcrumb\":{\"@id\":\"https:\/\/dev6.erresse-shop.it\/es\/shop\/pequenos-electrodomesticos\/parrillas-y-barbacoas\/sage-the-bbq-press-grill\/#breadcrumb\"},\"inLanguage\":\"es\",\"potentialAction\":[{\"@type\":\"ReadAction\",\"target\":[\"https:\/\/dev6.erresse-shop.it\/es\/shop\/pequenos-electrodomesticos\/parrillas-y-barbacoas\/sage-the-bbq-press-grill\/\"]}]},{\"@type\":\"ImageObject\",\"inLanguage\":\"es\",\"@id\":\"https:\/\/dev6.erresse-shop.it\/es\/shop\/pequenos-electrodomesticos\/parrillas-y-barbacoas\/sage-the-bbq-press-grill\/#primaryimage\",\"url\":\"https:\/\/i0.wp.com\/interpim.erresse-shop.it\/Import\/Prodotti\/sage-the-bbq-press-grill.jpg?ssl=1\",\"contentUrl\":\"https:\/\/i0.wp.com\/interpim.erresse-shop.it\/Import\/Prodotti\/sage-the-bbq-press-grill.jpg?ssl=1\"},{\"@type\":\"BreadcrumbList\",\"@id\":\"https:\/\/dev6.erresse-shop.it\/es\/shop\/pequenos-electrodomesticos\/parrillas-y-barbacoas\/sage-the-bbq-press-grill\/#breadcrumb\",\"itemListElement\":[{\"@type\":\"ListItem\",\"position\":1,\"name\":\"Home\",\"item\":\"https:\/\/dev6.erresse-shop.it\/\"},{\"@type\":\"ListItem\",\"position\":2,\"name\":\"Tienda\",\"item\":\"https:\/\/dev6.erresse-shop.it\/shop\/\"},{\"@type\":\"ListItem\",\"position\":3,\"name\":\"SAGE The BBQ &#038; Press Grill\"}]},{\"@type\":\"WebSite\",\"@id\":\"https:\/\/dev6.erresse-shop.it\/#website\",\"url\":\"https:\/\/dev6.erresse-shop.it\/\",\"name\":\"Erresse Shop\",\"description\":\"\",\"publisher\":{\"@id\":\"https:\/\/dev6.erresse-shop.it\/#organization\"},\"potentialAction\":[{\"@type\":\"SearchAction\",\"target\":{\"@type\":\"EntryPoint\",\"urlTemplate\":\"https:\/\/dev6.erresse-shop.it\/?s={search_term_string}\"},\"query-input\":{\"@type\":\"PropertyValueSpecification\",\"valueRequired\":true,\"valueName\":\"search_term_string\"}}],\"inLanguage\":\"es\"},{\"@type\":\"Organization\",\"@id\":\"https:\/\/dev6.erresse-shop.it\/#organization\",\"name\":\"Erresse Shop\",\"url\":\"https:\/\/dev6.erresse-shop.it\/\",\"logo\":{\"@type\":\"ImageObject\",\"inLanguage\":\"es\",\"@id\":\"https:\/\/dev6.erresse-shop.it\/#\/schema\/logo\/image\/\",\"url\":\"https:\/\/dev6.erresse-shop.it\/wp-content\/uploads\/2025\/01\/LOGO-ERRESSE-CLASSICO.svg\",\"contentUrl\":\"https:\/\/dev6.erresse-shop.it\/wp-content\/uploads\/2025\/01\/LOGO-ERRESSE-CLASSICO.svg\",\"caption\":\"Erresse Shop\"},\"image\":{\"@id\":\"https:\/\/dev6.erresse-shop.it\/#\/schema\/logo\/image\/\"}}]}<\/script>\n<!-- \/ Yoast SEO plugin. -->","yoast_head_json":{"title":"SAGE The BBQ &#038; Press Grill - dev6 Erresse","description":"Panini, hamburguesas y filetes perfectos con solo pulsar un bot\u00f3n Trae la parrilla a tu cocina con el modo abierto y duplica el espacio para crear.","robots":{"index":"noindex","follow":"follow","max-snippet":"max-snippet:-1","max-image-preview":"max-image-preview:large","max-video-preview":"max-video-preview:-1"},"og_locale":"es_ES","og_type":"article","og_title":"SAGE The BBQ &#038; Press Grill - dev6 Erresse","og_description":"Panini, hamburguesas y filetes perfectos con solo pulsar un bot\u00f3n Trae la parrilla a tu cocina con el modo abierto y duplica el espacio para crear.","og_url":"https:\/\/dev6.erresse-shop.it\/es\/shop\/pequenos-electrodomesticos\/parrillas-y-barbacoas\/sage-the-bbq-press-grill\/","og_site_name":"dev6 Erresse","og_image":[{"url":"https:\/\/interpim.erresse-shop.it\/Import\/Prodotti\/sage-the-bbq-press-grill.jpg","type":"","width":"","height":""},{"url":"https:\/\/interpim.erresse-shop.it\/Import\/Prodotti\/sage-the-bbq-press-grill.jpg","width":1024,"height":1024,"type":"image\/jpeg"}],"twitter_card":"summary_large_image","twitter_image":"https:\/\/interpim.erresse-shop.it\/Import\/Prodotti\/sage-the-bbq-press-grill.jpg","schema":{"@context":"https:\/\/schema.org","@graph":[{"@type":"WebPage","@id":"https:\/\/dev6.erresse-shop.it\/es\/shop\/pequenos-electrodomesticos\/parrillas-y-barbacoas\/sage-the-bbq-press-grill\/","url":"https:\/\/dev6.erresse-shop.it\/es\/shop\/pequenos-electrodomesticos\/parrillas-y-barbacoas\/sage-the-bbq-press-grill\/","name":"SAGE The BBQ &#038; Press Grill - dev6 Erresse","isPartOf":{"@id":"https:\/\/dev6.erresse-shop.it\/#website"},"primaryImageOfPage":{"@id":"https:\/\/dev6.erresse-shop.it\/es\/shop\/pequenos-electrodomesticos\/parrillas-y-barbacoas\/sage-the-bbq-press-grill\/#primaryimage"},"image":{"@id":"https:\/\/dev6.erresse-shop.it\/es\/shop\/pequenos-electrodomesticos\/parrillas-y-barbacoas\/sage-the-bbq-press-grill\/#primaryimage"},"thumbnailUrl":"https:\/\/i0.wp.com\/interpim.erresse-shop.it\/Import\/Prodotti\/sage-the-bbq-press-grill.jpg?ssl=1","datePublished":"2026-04-12T07:26:21+00:00","description":"Panini, hamburguesas y filetes perfectos con solo pulsar un bot\u00f3n Trae la parrilla a tu cocina con el modo abierto y duplica el espacio para crear.","breadcrumb":{"@id":"https:\/\/dev6.erresse-shop.it\/es\/shop\/pequenos-electrodomesticos\/parrillas-y-barbacoas\/sage-the-bbq-press-grill\/#breadcrumb"},"inLanguage":"es","potentialAction":[{"@type":"ReadAction","target":["https:\/\/dev6.erresse-shop.it\/es\/shop\/pequenos-electrodomesticos\/parrillas-y-barbacoas\/sage-the-bbq-press-grill\/"]}]},{"@type":"ImageObject","inLanguage":"es","@id":"https:\/\/dev6.erresse-shop.it\/es\/shop\/pequenos-electrodomesticos\/parrillas-y-barbacoas\/sage-the-bbq-press-grill\/#primaryimage","url":"https:\/\/i0.wp.com\/interpim.erresse-shop.it\/Import\/Prodotti\/sage-the-bbq-press-grill.jpg?ssl=1","contentUrl":"https:\/\/i0.wp.com\/interpim.erresse-shop.it\/Import\/Prodotti\/sage-the-bbq-press-grill.jpg?ssl=1"},{"@type":"BreadcrumbList","@id":"https:\/\/dev6.erresse-shop.it\/es\/shop\/pequenos-electrodomesticos\/parrillas-y-barbacoas\/sage-the-bbq-press-grill\/#breadcrumb","itemListElement":[{"@type":"ListItem","position":1,"name":"Home","item":"https:\/\/dev6.erresse-shop.it\/"},{"@type":"ListItem","position":2,"name":"Tienda","item":"https:\/\/dev6.erresse-shop.it\/shop\/"},{"@type":"ListItem","position":3,"name":"SAGE The BBQ &#038; Press Grill"}]},{"@type":"WebSite","@id":"https:\/\/dev6.erresse-shop.it\/#website","url":"https:\/\/dev6.erresse-shop.it\/","name":"Erresse Shop","description":"","publisher":{"@id":"https:\/\/dev6.erresse-shop.it\/#organization"},"potentialAction":[{"@type":"SearchAction","target":{"@type":"EntryPoint","urlTemplate":"https:\/\/dev6.erresse-shop.it\/?s={search_term_string}"},"query-input":{"@type":"PropertyValueSpecification","valueRequired":true,"valueName":"search_term_string"}}],"inLanguage":"es"},{"@type":"Organization","@id":"https:\/\/dev6.erresse-shop.it\/#organization","name":"Erresse Shop","url":"https:\/\/dev6.erresse-shop.it\/","logo":{"@type":"ImageObject","inLanguage":"es","@id":"https:\/\/dev6.erresse-shop.it\/#\/schema\/logo\/image\/","url":"https:\/\/dev6.erresse-shop.it\/wp-content\/uploads\/2025\/01\/LOGO-ERRESSE-CLASSICO.svg","contentUrl":"https:\/\/dev6.erresse-shop.it\/wp-content\/uploads\/2025\/01\/LOGO-ERRESSE-CLASSICO.svg","caption":"Erresse Shop"},"image":{"@id":"https:\/\/dev6.erresse-shop.it\/#\/schema\/logo\/image\/"}}]}},"df_price":249.95,"df_sale_price":249.95,"df_regular_price":279.9,"df_image_link":"https:\/\/i0.wp.com\/interpim.erresse-shop.it\/Import\/Prodotti\/sage-the-bbq-press-grill.jpg?resize=300,300&ssl=1","fifu_image_url":"https:\/\/interpim.erresse-shop.it\/Import\/Prodotti\/sage-the-bbq-press-grill.jpg","_links":{"self":[{"href":"https:\/\/dev6.erresse-shop.it\/es\/wp-json\/wp\/v2\/product\/1879132","targetHints":{"allow":["GET"]}}],"collection":[{"href":"https:\/\/dev6.erresse-shop.it\/es\/wp-json\/wp\/v2\/product"}],"about":[{"href":"https:\/\/dev6.erresse-shop.it\/es\/wp-json\/wp\/v2\/types\/product"}],"wp:featuredmedia":[{"embeddable":true,"href":"https:\/\/dev6.erresse-shop.it\/es\/wp-json\/wp\/v2\/media\/6360404"}],"wp:attachment":[{"href":"https:\/\/dev6.erresse-shop.it\/es\/wp-json\/wp\/v2\/media?parent=1879132"}],"wp:term":[{"taxonomy":"product_cat","embeddable":true,"href":"https:\/\/dev6.erresse-shop.it\/es\/wp-json\/wp\/v2\/product_cat?post=1879132"},{"taxonomy":"product_tag","embeddable":true,"href":"https:\/\/dev6.erresse-shop.it\/es\/wp-json\/wp\/v2\/product_tag?post=1879132"}],"curies":[{"name":"wp","href":"https:\/\/api.w.org\/{rel}","templated":true}]}}