{"id":1879122,"date":"2026-04-12T09:26:21","date_gmt":"2026-04-12T07:26:21","guid":{"rendered":"https:\/\/dev6.erresse-shop.it\/shop\/sin%20categor\u00eda\/sage-the-citrus-press\/"},"modified":"2025-11-22T18:11:01","modified_gmt":"2025-11-22T17:11:01","slug":"sage-the-citrus-press","status":"publish","type":"product","link":"https:\/\/dev6.erresse-shop.it\/es\/shop\/pequenos-electrodomesticos\/exprimidores\/sage-the-citrus-press\/","title":{"rendered":"SAGE The Citrus Press"},"content":{"rendered":"<p>Un exprimidor para c\u00edtricos de cualquier tama\u00f1o.<br \/>\nExprime hasta la \u00faltima gota de zumo, desde la lima m\u00e1s peque\u00f1a hasta el pomelo m\u00e1s grande. El manejo simple con una sola mano te permite obtener un zumo delicioso con el m\u00ednimo esfuerzo. Despu\u00e9s de extraer todo el jugo, sube el pico de extracci\u00f3n para evitar goteos.<\/p>\n<p>Cono exprimidor para todos los tama\u00f1os<br \/>\nNuestro cono exprimidor extrae el m\u00e1ximo zumo para que disfrutes de c\u00edtricos de todos los tama\u00f1os. Adem\u00e1s, es apto para lavavajillas.<\/p>\n<p>Prensa con doble bloqueo de seguridad<br \/>\nTodo lo que necesitas es tener una mano libre. El innovador brazo exprimidor garantiza que la presi\u00f3n hacia abajo se ejerza directamente sobre la fruta para maximizar la extracci\u00f3n de zumo. El bloqueo de seguridad no permitir\u00e1 que el cono gire hasta que se baje el brazo articulado y se ejerza la presi\u00f3n suficiente.<\/p>\n<p>Pico antigoteo<br \/>\nEl pr\u00e1ctico e innovador Sistema antigoteo retiene el zumo para evitar que se derrame en la encimera.<\/p>\n<p>C\u00fapula de frutas magn\u00e9tica<br \/>\nLa c\u00fapula magn\u00e9tica se retira y se vuelve a colocar sin problemas para facilitar la limpieza.<\/p>\n<p>Apto para lavavajillas<br \/>\nPasa menos tiempo limpiando. El cono exprimidor, el recolector de zumo, el filtro y la c\u00fapula son aptos para lavavajillas.<\/p>\n<p>Dimensiones (ancho x prof. x alto)<br \/>\n\u2013 33 x 20.3 x 45.7 cm<\/p>\n<p>Materiales<br \/>\n\u2013 Base de pol\u00edmero ultrarresistente<br \/>\n\u2013 Filtro de acero inoxidable<\/p>\n<p>Ajustes<br \/>\n\u2013 Encendido y apagado<\/p>\n<p>Potencia<br \/>\n\u2013 110 Vatios<\/p>\n<p>Voltaje<br \/>\n\u2013 220\u2013240 Voltios<\/p>\n<p>Sistema de extracci\u00f3n<br \/>\n\u2013 El cono exprimidor con aletas y la c\u00fapula proporcionan agarre y presi\u00f3n para maximizar la extracci\u00f3n de zumo. Puedes sacarle hasta la \u00faltima gota de jugo a la lima m\u00e1s peque\u00f1a o al pomelo m\u00e1s grande, usando el mismo cono<\/p>\n<p>Motor potente<br \/>\n\u2013 Se pone en funcionamiento autom\u00e1ticamente al aplicar presi\u00f3n al cono exprimidor<\/p>\n<p>Brazo asistido potente<br \/>\n\u2013 Permite un prensado r\u00e1pido y sin esfuerzo<\/p>\n<p>Interruptor de seguridad dual<br \/>\n\u2013 El bloqueo doble patentado no permitir\u00e1 que el cono gire hasta que se baje el brazo y se ejerza suficiente presi\u00f3n<\/p>\n<p>Garant\u00eda<br \/>\n\u2013 Garant\u00eda de reparaci\u00f3n, sustituci\u00f3n o reembolso de 2 a\u00f1os (a criterio exclusivo de Sage Appliances)<\/p>\n<p>No se vende fuera de Europa<\/p>\n","protected":false},"excerpt":{"rendered":"<p>Un exprimidor para c\u00edtricos de cualquier tama\u00f1o. Exprime hasta la \u00faltima gota de zumo, desde la lima m\u00e1s peque\u00f1a hasta el pomelo m\u00e1s grande. El manejo simple con una sola mano te permite obtener un zumo delicioso con el m\u00ednimo esfuerzo. Despu\u00e9s de extraer todo el jugo, sube el pico de extracci\u00f3n para evitar goteos. [&hellip;]<\/p>\n","protected":false},"featured_media":6360387,"template":"","meta":{"_acf_changed":false},"product_cat":[11959,11947],"product_tag":[],"class_list":{"0":"post-1879122","1":"product","2":"type-product","3":"status-publish","4":"has-post-thumbnail","6":"product_cat-exprimidores","7":"product_cat-pequenos-electrodomesticos","9":"first","10":"outofstock","11":"sale","12":"taxable","13":"shipping-taxable","14":"purchasable","15":"product-type-simple","swatches":"rey-swatches","show_selected":"","stretch_labels":"rey-swatches--stretch-labels"},"acf":[],"yoast_head":"<!-- This site is optimized with the Yoast SEO plugin v25.4 - https:\/\/yoast.com\/wordpress\/plugins\/seo\/ -->\n<title>SAGE The Citrus Press - dev6 Erresse<\/title>\n<meta name=\"description\" content=\"Un exprimidor para c\u00edtricos de cualquier tama\u00f1o. Exprime hasta la \u00faltima gota de zumo, desde la lima m\u00e1s peque\u00f1a hasta el pomelo m\u00e1s grande. El manejo\" \/>\n<meta name=\"robots\" content=\"noindex, follow, max-snippet:-1, max-image-preview:large, max-video-preview:-1\" \/>\n<meta property=\"og:locale\" content=\"es_ES\" \/>\n<meta property=\"og:type\" content=\"article\" \/>\n<meta property=\"og:title\" content=\"SAGE The Citrus Press - dev6 Erresse\" \/>\n<meta property=\"og:description\" content=\"Un exprimidor para c\u00edtricos de cualquier tama\u00f1o. Exprime hasta la \u00faltima gota de zumo, desde la lima m\u00e1s peque\u00f1a hasta el pomelo m\u00e1s grande. El manejo\" \/>\n<meta property=\"og:url\" content=\"https:\/\/dev6.erresse-shop.it\/es\/shop\/pequenos-electrodomesticos\/exprimidores\/sage-the-citrus-press\/\" \/>\n<meta property=\"og:site_name\" content=\"dev6 Erresse\" \/>\n<meta property=\"og:image\" content=\"https:\/\/interpim.erresse-shop.it\/img-catalogo\/sage\/sage-the-citrus-press.jpg\" \/><meta property=\"og:image\" content=\"https:\/\/interpim.erresse-shop.it\/img-catalogo\/sage\/sage-the-citrus-press.jpg\" \/>\n\t<meta property=\"og:image:width\" content=\"1024\" \/>\n\t<meta property=\"og:image:height\" content=\"1024\" \/>\n\t<meta property=\"og:image:type\" content=\"image\/jpeg\" \/>\n<meta name=\"twitter:card\" content=\"summary_large_image\" \/>\n<meta name=\"twitter:image\" content=\"https:\/\/interpim.erresse-shop.it\/img-catalogo\/sage\/sage-the-citrus-press.jpg\" \/>\n<script type=\"application\/ld+json\" class=\"yoast-schema-graph\">{\"@context\":\"https:\/\/schema.org\",\"@graph\":[{\"@type\":\"WebPage\",\"@id\":\"https:\/\/dev6.erresse-shop.it\/es\/shop\/pequenos-electrodomesticos\/exprimidores\/sage-the-citrus-press\/\",\"url\":\"https:\/\/dev6.erresse-shop.it\/es\/shop\/pequenos-electrodomesticos\/exprimidores\/sage-the-citrus-press\/\",\"name\":\"SAGE The Citrus Press - dev6 Erresse\",\"isPartOf\":{\"@id\":\"https:\/\/dev6.erresse-shop.it\/#website\"},\"primaryImageOfPage\":{\"@id\":\"https:\/\/dev6.erresse-shop.it\/es\/shop\/pequenos-electrodomesticos\/exprimidores\/sage-the-citrus-press\/#primaryimage\"},\"image\":{\"@id\":\"https:\/\/dev6.erresse-shop.it\/es\/shop\/pequenos-electrodomesticos\/exprimidores\/sage-the-citrus-press\/#primaryimage\"},\"thumbnailUrl\":\"https:\/\/i2.wp.com\/interpim.erresse-shop.it\/img-catalogo\/sage\/sage-the-citrus-press.jpg?ssl=1\",\"datePublished\":\"2026-04-12T07:26:21+00:00\",\"description\":\"Un exprimidor para c\u00edtricos de cualquier tama\u00f1o. Exprime hasta la \u00faltima gota de zumo, desde la lima m\u00e1s peque\u00f1a hasta el pomelo m\u00e1s grande. El manejo\",\"breadcrumb\":{\"@id\":\"https:\/\/dev6.erresse-shop.it\/es\/shop\/pequenos-electrodomesticos\/exprimidores\/sage-the-citrus-press\/#breadcrumb\"},\"inLanguage\":\"es\",\"potentialAction\":[{\"@type\":\"ReadAction\",\"target\":[\"https:\/\/dev6.erresse-shop.it\/es\/shop\/pequenos-electrodomesticos\/exprimidores\/sage-the-citrus-press\/\"]}]},{\"@type\":\"ImageObject\",\"inLanguage\":\"es\",\"@id\":\"https:\/\/dev6.erresse-shop.it\/es\/shop\/pequenos-electrodomesticos\/exprimidores\/sage-the-citrus-press\/#primaryimage\",\"url\":\"https:\/\/i2.wp.com\/interpim.erresse-shop.it\/img-catalogo\/sage\/sage-the-citrus-press.jpg?ssl=1\",\"contentUrl\":\"https:\/\/i2.wp.com\/interpim.erresse-shop.it\/img-catalogo\/sage\/sage-the-citrus-press.jpg?ssl=1\"},{\"@type\":\"BreadcrumbList\",\"@id\":\"https:\/\/dev6.erresse-shop.it\/es\/shop\/pequenos-electrodomesticos\/exprimidores\/sage-the-citrus-press\/#breadcrumb\",\"itemListElement\":[{\"@type\":\"ListItem\",\"position\":1,\"name\":\"Home\",\"item\":\"https:\/\/dev6.erresse-shop.it\/\"},{\"@type\":\"ListItem\",\"position\":2,\"name\":\"Tienda\",\"item\":\"https:\/\/dev6.erresse-shop.it\/shop\/\"},{\"@type\":\"ListItem\",\"position\":3,\"name\":\"SAGE The Citrus Press\"}]},{\"@type\":\"WebSite\",\"@id\":\"https:\/\/dev6.erresse-shop.it\/#website\",\"url\":\"https:\/\/dev6.erresse-shop.it\/\",\"name\":\"Erresse Shop\",\"description\":\"\",\"publisher\":{\"@id\":\"https:\/\/dev6.erresse-shop.it\/#organization\"},\"potentialAction\":[{\"@type\":\"SearchAction\",\"target\":{\"@type\":\"EntryPoint\",\"urlTemplate\":\"https:\/\/dev6.erresse-shop.it\/?s={search_term_string}\"},\"query-input\":{\"@type\":\"PropertyValueSpecification\",\"valueRequired\":true,\"valueName\":\"search_term_string\"}}],\"inLanguage\":\"es\"},{\"@type\":\"Organization\",\"@id\":\"https:\/\/dev6.erresse-shop.it\/#organization\",\"name\":\"Erresse Shop\",\"url\":\"https:\/\/dev6.erresse-shop.it\/\",\"logo\":{\"@type\":\"ImageObject\",\"inLanguage\":\"es\",\"@id\":\"https:\/\/dev6.erresse-shop.it\/#\/schema\/logo\/image\/\",\"url\":\"https:\/\/dev6.erresse-shop.it\/wp-content\/uploads\/2025\/01\/LOGO-ERRESSE-CLASSICO.svg\",\"contentUrl\":\"https:\/\/dev6.erresse-shop.it\/wp-content\/uploads\/2025\/01\/LOGO-ERRESSE-CLASSICO.svg\",\"caption\":\"Erresse Shop\"},\"image\":{\"@id\":\"https:\/\/dev6.erresse-shop.it\/#\/schema\/logo\/image\/\"}}]}<\/script>\n<!-- \/ Yoast SEO plugin. -->","yoast_head_json":{"title":"SAGE The Citrus Press - dev6 Erresse","description":"Un exprimidor para c\u00edtricos de cualquier tama\u00f1o. Exprime hasta la \u00faltima gota de zumo, desde la lima m\u00e1s peque\u00f1a hasta el pomelo m\u00e1s grande. El manejo","robots":{"index":"noindex","follow":"follow","max-snippet":"max-snippet:-1","max-image-preview":"max-image-preview:large","max-video-preview":"max-video-preview:-1"},"og_locale":"es_ES","og_type":"article","og_title":"SAGE The Citrus Press - dev6 Erresse","og_description":"Un exprimidor para c\u00edtricos de cualquier tama\u00f1o. Exprime hasta la \u00faltima gota de zumo, desde la lima m\u00e1s peque\u00f1a hasta el pomelo m\u00e1s grande. El manejo","og_url":"https:\/\/dev6.erresse-shop.it\/es\/shop\/pequenos-electrodomesticos\/exprimidores\/sage-the-citrus-press\/","og_site_name":"dev6 Erresse","og_image":[{"url":"https:\/\/interpim.erresse-shop.it\/img-catalogo\/sage\/sage-the-citrus-press.jpg","type":"","width":"","height":""},{"url":"https:\/\/interpim.erresse-shop.it\/img-catalogo\/sage\/sage-the-citrus-press.jpg","width":1024,"height":1024,"type":"image\/jpeg"}],"twitter_card":"summary_large_image","twitter_image":"https:\/\/interpim.erresse-shop.it\/img-catalogo\/sage\/sage-the-citrus-press.jpg","schema":{"@context":"https:\/\/schema.org","@graph":[{"@type":"WebPage","@id":"https:\/\/dev6.erresse-shop.it\/es\/shop\/pequenos-electrodomesticos\/exprimidores\/sage-the-citrus-press\/","url":"https:\/\/dev6.erresse-shop.it\/es\/shop\/pequenos-electrodomesticos\/exprimidores\/sage-the-citrus-press\/","name":"SAGE The Citrus Press - dev6 Erresse","isPartOf":{"@id":"https:\/\/dev6.erresse-shop.it\/#website"},"primaryImageOfPage":{"@id":"https:\/\/dev6.erresse-shop.it\/es\/shop\/pequenos-electrodomesticos\/exprimidores\/sage-the-citrus-press\/#primaryimage"},"image":{"@id":"https:\/\/dev6.erresse-shop.it\/es\/shop\/pequenos-electrodomesticos\/exprimidores\/sage-the-citrus-press\/#primaryimage"},"thumbnailUrl":"https:\/\/i2.wp.com\/interpim.erresse-shop.it\/img-catalogo\/sage\/sage-the-citrus-press.jpg?ssl=1","datePublished":"2026-04-12T07:26:21+00:00","description":"Un exprimidor para c\u00edtricos de cualquier tama\u00f1o. Exprime hasta la \u00faltima gota de zumo, desde la lima m\u00e1s peque\u00f1a hasta el pomelo m\u00e1s grande. El manejo","breadcrumb":{"@id":"https:\/\/dev6.erresse-shop.it\/es\/shop\/pequenos-electrodomesticos\/exprimidores\/sage-the-citrus-press\/#breadcrumb"},"inLanguage":"es","potentialAction":[{"@type":"ReadAction","target":["https:\/\/dev6.erresse-shop.it\/es\/shop\/pequenos-electrodomesticos\/exprimidores\/sage-the-citrus-press\/"]}]},{"@type":"ImageObject","inLanguage":"es","@id":"https:\/\/dev6.erresse-shop.it\/es\/shop\/pequenos-electrodomesticos\/exprimidores\/sage-the-citrus-press\/#primaryimage","url":"https:\/\/i2.wp.com\/interpim.erresse-shop.it\/img-catalogo\/sage\/sage-the-citrus-press.jpg?ssl=1","contentUrl":"https:\/\/i2.wp.com\/interpim.erresse-shop.it\/img-catalogo\/sage\/sage-the-citrus-press.jpg?ssl=1"},{"@type":"BreadcrumbList","@id":"https:\/\/dev6.erresse-shop.it\/es\/shop\/pequenos-electrodomesticos\/exprimidores\/sage-the-citrus-press\/#breadcrumb","itemListElement":[{"@type":"ListItem","position":1,"name":"Home","item":"https:\/\/dev6.erresse-shop.it\/"},{"@type":"ListItem","position":2,"name":"Tienda","item":"https:\/\/dev6.erresse-shop.it\/shop\/"},{"@type":"ListItem","position":3,"name":"SAGE The Citrus Press"}]},{"@type":"WebSite","@id":"https:\/\/dev6.erresse-shop.it\/#website","url":"https:\/\/dev6.erresse-shop.it\/","name":"Erresse Shop","description":"","publisher":{"@id":"https:\/\/dev6.erresse-shop.it\/#organization"},"potentialAction":[{"@type":"SearchAction","target":{"@type":"EntryPoint","urlTemplate":"https:\/\/dev6.erresse-shop.it\/?s={search_term_string}"},"query-input":{"@type":"PropertyValueSpecification","valueRequired":true,"valueName":"search_term_string"}}],"inLanguage":"es"},{"@type":"Organization","@id":"https:\/\/dev6.erresse-shop.it\/#organization","name":"Erresse Shop","url":"https:\/\/dev6.erresse-shop.it\/","logo":{"@type":"ImageObject","inLanguage":"es","@id":"https:\/\/dev6.erresse-shop.it\/#\/schema\/logo\/image\/","url":"https:\/\/dev6.erresse-shop.it\/wp-content\/uploads\/2025\/01\/LOGO-ERRESSE-CLASSICO.svg","contentUrl":"https:\/\/dev6.erresse-shop.it\/wp-content\/uploads\/2025\/01\/LOGO-ERRESSE-CLASSICO.svg","caption":"Erresse Shop"},"image":{"@id":"https:\/\/dev6.erresse-shop.it\/#\/schema\/logo\/image\/"}}]}},"df_price":169.95,"df_sale_price":169.95,"df_regular_price":189.9,"df_image_link":"https:\/\/i2.wp.com\/interpim.erresse-shop.it\/img-catalogo\/sage\/sage-the-citrus-press.jpg?resize=300,300&ssl=1","fifu_image_url":"https:\/\/interpim.erresse-shop.it\/img-catalogo\/sage\/sage-the-citrus-press.jpg","_links":{"self":[{"href":"https:\/\/dev6.erresse-shop.it\/es\/wp-json\/wp\/v2\/product\/1879122","targetHints":{"allow":["GET"]}}],"collection":[{"href":"https:\/\/dev6.erresse-shop.it\/es\/wp-json\/wp\/v2\/product"}],"about":[{"href":"https:\/\/dev6.erresse-shop.it\/es\/wp-json\/wp\/v2\/types\/product"}],"wp:featuredmedia":[{"embeddable":true,"href":"https:\/\/dev6.erresse-shop.it\/es\/wp-json\/wp\/v2\/media\/6360387"}],"wp:attachment":[{"href":"https:\/\/dev6.erresse-shop.it\/es\/wp-json\/wp\/v2\/media?parent=1879122"}],"wp:term":[{"taxonomy":"product_cat","embeddable":true,"href":"https:\/\/dev6.erresse-shop.it\/es\/wp-json\/wp\/v2\/product_cat?post=1879122"},{"taxonomy":"product_tag","embeddable":true,"href":"https:\/\/dev6.erresse-shop.it\/es\/wp-json\/wp\/v2\/product_tag?post=1879122"}],"curies":[{"name":"wp","href":"https:\/\/api.w.org\/{rel}","templated":true}]}}