{"id":1879118,"date":"2026-04-04T09:24:28","date_gmt":"2026-04-04T07:24:28","guid":{"rendered":"https:\/\/dev6.erresse-shop.it\/shop\/sin%20categor\u00eda\/sage-the-smart-grinder-pro-trufa-negra\/"},"modified":"2025-11-22T18:10:59","modified_gmt":"2025-11-22T17:10:59","slug":"sage-the-smart-grinder-pro-trufa-negra","status":"publish","type":"product","link":"https:\/\/dev6.erresse-shop.it\/es\/shop\/pequenos-electrodomesticos\/molinillos-de-cafe\/sage-the-smart-grinder-pro-trufa-negra\/","title":{"rendered":"SAGE The Smart Grinder Pro Trufa Negra"},"content":{"rendered":"<p>Con sus 60 ajustes \u00fanicos, este molinillo de caf\u00e9 programable con muelas c\u00f3nicas aumenta el potencial de cualquier mezcla. Elija entre las \u201ctazas\u201d para la preparaci\u00f3n de caf\u00e9 de \u00e9mbolo o de filtro y las \u201ctazas\u201d para la preparaci\u00f3n de caf\u00e9 expreso para obtener la dosis adecuada para cualquier tipo de caf\u00e9. Muele directamente en el portafiltros o en un recipiente herm\u00e9tico.<\/p>\n<p>Dosificaci\u00f3n f\u00e1cil:<br \/>\nEl Smart Grinder Pro permite moler el caf\u00e9 directamente en el portafiltro, en un recipiente herm\u00e9tico, en el filtro de oro o en filtros de papel. La elecci\u00f3n es tuya.<\/p>\n<p>Pantalla LCD:<br \/>\nLa pr\u00e1ctica pantalla LCD muestra el ajuste de molido, el tiempo de molido y el n\u00famero de tazas o jarras seleccionadas.<\/p>\n<p>Ajustes preprogramados:<br \/>\nLos ajustes inteligentes del molinillo de caf\u00e9 le ayudan a conseguir resultados perfectos independientemente del grado de molienda seleccionado.<\/p>\n<p>60 Ajustes de molienda:<br \/>\nCon una gama tan amplia de ajustes de molido intuitivos para elegir, puede crear el caf\u00e9 perfecto, desde el espresso hasta la preparaci\u00f3n con \u00e9mbolo.<\/p>\n<p>Con Dosing IQ la cantidad es siempre la correcta:<br \/>\nLa funci\u00f3n de tiempo digital de precisi\u00f3n le permite ajustar y programar el tiempo de molienda en incrementos de 0,2 segundos, para un control total y una dosis perfecta cada vez.<\/p>\n<p>Fuente de alimentaci\u00f3n: 165 W<br \/>\nCapacidad: 450 g de caf\u00e9 en grano<br \/>\nDimensiones (ancho x fondo x alto) : 21,5 x 16 x 38,9 cm<br \/>\nTensi\u00f3n: 220-240 voltios<br \/>\nMaterial de construcci\u00f3n: Carcasa de acero inoxidable &#43; muelas c\u00f3nicas de acero inoxidable<br \/>\nAjustes: 60 ajustes de molienda de precisi\u00f3n, desde la cafetera espresso hasta la de \u00e9mbolo<br \/>\nGarant\u00eda: 2 a\u00f1os para reparaci\u00f3n, sustituci\u00f3n o reembolso (a discreci\u00f3n de Sage Appliances)<\/p>\n<p>Zubeh\u00f6r:<\/p>\n<p>Filterhaltergeh\u00e4use-klein 50-54 mm<br \/>\nFilterhaltergeh\u00e4use-Gro\u00df 58 mm<br \/>\nBeh\u00e4lter f\u00fcr gemahlenen Kaffee mit wasserdichtem Deckel<br \/>\nReinigungsb\u00fcrste f\u00fcr Kegelschleifer<\/p>\n<p>No se vende fuera de Europa<\/p>\n","protected":false},"excerpt":{"rendered":"<p>Con sus 60 ajustes \u00fanicos, este molinillo de caf\u00e9 programable con muelas c\u00f3nicas aumenta el potencial de cualquier mezcla. Elija entre las \u201ctazas\u201d para la preparaci\u00f3n de caf\u00e9 de \u00e9mbolo o de filtro y las \u201ctazas\u201d para la preparaci\u00f3n de caf\u00e9 expreso para obtener la dosis adecuada para cualquier tipo de caf\u00e9. Muele directamente en [&hellip;]<\/p>\n","protected":false},"featured_media":6277105,"template":"","meta":{"_acf_changed":false},"product_cat":[11981,11947],"product_tag":[],"class_list":{"0":"post-1879118","1":"product","2":"type-product","3":"status-publish","4":"has-post-thumbnail","6":"product_cat-molinillos-de-cafe","7":"product_cat-pequenos-electrodomesticos","9":"first","10":"outofstock","11":"sale","12":"taxable","13":"shipping-taxable","14":"purchasable","15":"product-type-simple","swatches":"rey-swatches","show_selected":"","stretch_labels":"rey-swatches--stretch-labels"},"acf":[],"yoast_head":"<!-- This site is optimized with the Yoast SEO plugin v25.4 - https:\/\/yoast.com\/wordpress\/plugins\/seo\/ -->\n<title>SAGE The Smart Grinder Pro Trufa Negra - dev6 Erresse<\/title>\n<meta name=\"description\" content=\"Con sus 60 ajustes \u00fanicos, este molinillo de caf\u00e9 programable con muelas c\u00f3nicas aumenta el potencial de cualquier mezcla. Elija entre las \u201ctazas\u201d para la\" \/>\n<meta name=\"robots\" content=\"noindex, follow, max-snippet:-1, max-image-preview:large, max-video-preview:-1\" \/>\n<meta property=\"og:locale\" content=\"es_ES\" \/>\n<meta property=\"og:type\" content=\"article\" \/>\n<meta property=\"og:title\" content=\"SAGE The Smart Grinder Pro Trufa Negra - dev6 Erresse\" \/>\n<meta property=\"og:description\" content=\"Con sus 60 ajustes \u00fanicos, este molinillo de caf\u00e9 programable con muelas c\u00f3nicas aumenta el potencial de cualquier mezcla. Elija entre las \u201ctazas\u201d para la\" \/>\n<meta property=\"og:url\" content=\"https:\/\/dev6.erresse-shop.it\/es\/shop\/pequenos-electrodomesticos\/molinillos-de-cafe\/sage-the-smart-grinder-pro-trufa-negra\/\" \/>\n<meta property=\"og:site_name\" content=\"dev6 Erresse\" \/>\n<meta property=\"og:image\" content=\"https:\/\/interpim.erresse-shop.it\/img-catalogo\/sage\/sage-the-smart-grinder-pro-black-truffle.jpg\" \/><meta property=\"og:image\" content=\"https:\/\/interpim.erresse-shop.it\/img-catalogo\/sage\/sage-the-smart-grinder-pro-black-truffle.jpg\" \/>\n\t<meta property=\"og:image:width\" content=\"1024\" \/>\n\t<meta property=\"og:image:height\" content=\"1024\" \/>\n\t<meta property=\"og:image:type\" content=\"image\/jpeg\" \/>\n<meta name=\"twitter:card\" content=\"summary_large_image\" \/>\n<meta name=\"twitter:image\" content=\"https:\/\/interpim.erresse-shop.it\/img-catalogo\/sage\/sage-the-smart-grinder-pro-black-truffle.jpg\" \/>\n<script type=\"application\/ld+json\" class=\"yoast-schema-graph\">{\"@context\":\"https:\/\/schema.org\",\"@graph\":[{\"@type\":\"WebPage\",\"@id\":\"https:\/\/dev6.erresse-shop.it\/es\/shop\/pequenos-electrodomesticos\/molinillos-de-cafe\/sage-the-smart-grinder-pro-trufa-negra\/\",\"url\":\"https:\/\/dev6.erresse-shop.it\/es\/shop\/pequenos-electrodomesticos\/molinillos-de-cafe\/sage-the-smart-grinder-pro-trufa-negra\/\",\"name\":\"SAGE The Smart Grinder Pro Trufa Negra - dev6 Erresse\",\"isPartOf\":{\"@id\":\"https:\/\/dev6.erresse-shop.it\/#website\"},\"primaryImageOfPage\":{\"@id\":\"https:\/\/dev6.erresse-shop.it\/es\/shop\/pequenos-electrodomesticos\/molinillos-de-cafe\/sage-the-smart-grinder-pro-trufa-negra\/#primaryimage\"},\"image\":{\"@id\":\"https:\/\/dev6.erresse-shop.it\/es\/shop\/pequenos-electrodomesticos\/molinillos-de-cafe\/sage-the-smart-grinder-pro-trufa-negra\/#primaryimage\"},\"thumbnailUrl\":\"https:\/\/i3.wp.com\/interpim.erresse-shop.it\/img-catalogo\/sage\/sage-the-smart-grinder-pro-black-truffle.jpg?ssl=1\",\"datePublished\":\"2026-04-04T07:24:28+00:00\",\"description\":\"Con sus 60 ajustes \u00fanicos, este molinillo de caf\u00e9 programable con muelas c\u00f3nicas aumenta el potencial de cualquier mezcla. Elija entre las \u201ctazas\u201d para la\",\"breadcrumb\":{\"@id\":\"https:\/\/dev6.erresse-shop.it\/es\/shop\/pequenos-electrodomesticos\/molinillos-de-cafe\/sage-the-smart-grinder-pro-trufa-negra\/#breadcrumb\"},\"inLanguage\":\"es\",\"potentialAction\":[{\"@type\":\"ReadAction\",\"target\":[\"https:\/\/dev6.erresse-shop.it\/es\/shop\/pequenos-electrodomesticos\/molinillos-de-cafe\/sage-the-smart-grinder-pro-trufa-negra\/\"]}]},{\"@type\":\"ImageObject\",\"inLanguage\":\"es\",\"@id\":\"https:\/\/dev6.erresse-shop.it\/es\/shop\/pequenos-electrodomesticos\/molinillos-de-cafe\/sage-the-smart-grinder-pro-trufa-negra\/#primaryimage\",\"url\":\"https:\/\/i3.wp.com\/interpim.erresse-shop.it\/img-catalogo\/sage\/sage-the-smart-grinder-pro-black-truffle.jpg?ssl=1\",\"contentUrl\":\"https:\/\/i3.wp.com\/interpim.erresse-shop.it\/img-catalogo\/sage\/sage-the-smart-grinder-pro-black-truffle.jpg?ssl=1\"},{\"@type\":\"BreadcrumbList\",\"@id\":\"https:\/\/dev6.erresse-shop.it\/es\/shop\/pequenos-electrodomesticos\/molinillos-de-cafe\/sage-the-smart-grinder-pro-trufa-negra\/#breadcrumb\",\"itemListElement\":[{\"@type\":\"ListItem\",\"position\":1,\"name\":\"Home\",\"item\":\"https:\/\/dev6.erresse-shop.it\/\"},{\"@type\":\"ListItem\",\"position\":2,\"name\":\"Tienda\",\"item\":\"https:\/\/dev6.erresse-shop.it\/shop\/\"},{\"@type\":\"ListItem\",\"position\":3,\"name\":\"SAGE The Smart Grinder Pro Trufa Negra\"}]},{\"@type\":\"WebSite\",\"@id\":\"https:\/\/dev6.erresse-shop.it\/#website\",\"url\":\"https:\/\/dev6.erresse-shop.it\/\",\"name\":\"Erresse Shop\",\"description\":\"\",\"publisher\":{\"@id\":\"https:\/\/dev6.erresse-shop.it\/#organization\"},\"potentialAction\":[{\"@type\":\"SearchAction\",\"target\":{\"@type\":\"EntryPoint\",\"urlTemplate\":\"https:\/\/dev6.erresse-shop.it\/?s={search_term_string}\"},\"query-input\":{\"@type\":\"PropertyValueSpecification\",\"valueRequired\":true,\"valueName\":\"search_term_string\"}}],\"inLanguage\":\"es\"},{\"@type\":\"Organization\",\"@id\":\"https:\/\/dev6.erresse-shop.it\/#organization\",\"name\":\"Erresse Shop\",\"url\":\"https:\/\/dev6.erresse-shop.it\/\",\"logo\":{\"@type\":\"ImageObject\",\"inLanguage\":\"es\",\"@id\":\"https:\/\/dev6.erresse-shop.it\/#\/schema\/logo\/image\/\",\"url\":\"https:\/\/dev6.erresse-shop.it\/wp-content\/uploads\/2025\/01\/LOGO-ERRESSE-CLASSICO.svg\",\"contentUrl\":\"https:\/\/dev6.erresse-shop.it\/wp-content\/uploads\/2025\/01\/LOGO-ERRESSE-CLASSICO.svg\",\"caption\":\"Erresse Shop\"},\"image\":{\"@id\":\"https:\/\/dev6.erresse-shop.it\/#\/schema\/logo\/image\/\"}}]}<\/script>\n<!-- \/ Yoast SEO plugin. -->","yoast_head_json":{"title":"SAGE The Smart Grinder Pro Trufa Negra - dev6 Erresse","description":"Con sus 60 ajustes \u00fanicos, este molinillo de caf\u00e9 programable con muelas c\u00f3nicas aumenta el potencial de cualquier mezcla. Elija entre las \u201ctazas\u201d para la","robots":{"index":"noindex","follow":"follow","max-snippet":"max-snippet:-1","max-image-preview":"max-image-preview:large","max-video-preview":"max-video-preview:-1"},"og_locale":"es_ES","og_type":"article","og_title":"SAGE The Smart Grinder Pro Trufa Negra - dev6 Erresse","og_description":"Con sus 60 ajustes \u00fanicos, este molinillo de caf\u00e9 programable con muelas c\u00f3nicas aumenta el potencial de cualquier mezcla. Elija entre las \u201ctazas\u201d para la","og_url":"https:\/\/dev6.erresse-shop.it\/es\/shop\/pequenos-electrodomesticos\/molinillos-de-cafe\/sage-the-smart-grinder-pro-trufa-negra\/","og_site_name":"dev6 Erresse","og_image":[{"url":"https:\/\/interpim.erresse-shop.it\/img-catalogo\/sage\/sage-the-smart-grinder-pro-black-truffle.jpg","type":"","width":"","height":""},{"url":"https:\/\/interpim.erresse-shop.it\/img-catalogo\/sage\/sage-the-smart-grinder-pro-black-truffle.jpg","width":1024,"height":1024,"type":"image\/jpeg"}],"twitter_card":"summary_large_image","twitter_image":"https:\/\/interpim.erresse-shop.it\/img-catalogo\/sage\/sage-the-smart-grinder-pro-black-truffle.jpg","schema":{"@context":"https:\/\/schema.org","@graph":[{"@type":"WebPage","@id":"https:\/\/dev6.erresse-shop.it\/es\/shop\/pequenos-electrodomesticos\/molinillos-de-cafe\/sage-the-smart-grinder-pro-trufa-negra\/","url":"https:\/\/dev6.erresse-shop.it\/es\/shop\/pequenos-electrodomesticos\/molinillos-de-cafe\/sage-the-smart-grinder-pro-trufa-negra\/","name":"SAGE The Smart Grinder Pro Trufa Negra - dev6 Erresse","isPartOf":{"@id":"https:\/\/dev6.erresse-shop.it\/#website"},"primaryImageOfPage":{"@id":"https:\/\/dev6.erresse-shop.it\/es\/shop\/pequenos-electrodomesticos\/molinillos-de-cafe\/sage-the-smart-grinder-pro-trufa-negra\/#primaryimage"},"image":{"@id":"https:\/\/dev6.erresse-shop.it\/es\/shop\/pequenos-electrodomesticos\/molinillos-de-cafe\/sage-the-smart-grinder-pro-trufa-negra\/#primaryimage"},"thumbnailUrl":"https:\/\/i3.wp.com\/interpim.erresse-shop.it\/img-catalogo\/sage\/sage-the-smart-grinder-pro-black-truffle.jpg?ssl=1","datePublished":"2026-04-04T07:24:28+00:00","description":"Con sus 60 ajustes \u00fanicos, este molinillo de caf\u00e9 programable con muelas c\u00f3nicas aumenta el potencial de cualquier mezcla. Elija entre las \u201ctazas\u201d para la","breadcrumb":{"@id":"https:\/\/dev6.erresse-shop.it\/es\/shop\/pequenos-electrodomesticos\/molinillos-de-cafe\/sage-the-smart-grinder-pro-trufa-negra\/#breadcrumb"},"inLanguage":"es","potentialAction":[{"@type":"ReadAction","target":["https:\/\/dev6.erresse-shop.it\/es\/shop\/pequenos-electrodomesticos\/molinillos-de-cafe\/sage-the-smart-grinder-pro-trufa-negra\/"]}]},{"@type":"ImageObject","inLanguage":"es","@id":"https:\/\/dev6.erresse-shop.it\/es\/shop\/pequenos-electrodomesticos\/molinillos-de-cafe\/sage-the-smart-grinder-pro-trufa-negra\/#primaryimage","url":"https:\/\/i3.wp.com\/interpim.erresse-shop.it\/img-catalogo\/sage\/sage-the-smart-grinder-pro-black-truffle.jpg?ssl=1","contentUrl":"https:\/\/i3.wp.com\/interpim.erresse-shop.it\/img-catalogo\/sage\/sage-the-smart-grinder-pro-black-truffle.jpg?ssl=1"},{"@type":"BreadcrumbList","@id":"https:\/\/dev6.erresse-shop.it\/es\/shop\/pequenos-electrodomesticos\/molinillos-de-cafe\/sage-the-smart-grinder-pro-trufa-negra\/#breadcrumb","itemListElement":[{"@type":"ListItem","position":1,"name":"Home","item":"https:\/\/dev6.erresse-shop.it\/"},{"@type":"ListItem","position":2,"name":"Tienda","item":"https:\/\/dev6.erresse-shop.it\/shop\/"},{"@type":"ListItem","position":3,"name":"SAGE The Smart Grinder Pro Trufa Negra"}]},{"@type":"WebSite","@id":"https:\/\/dev6.erresse-shop.it\/#website","url":"https:\/\/dev6.erresse-shop.it\/","name":"Erresse Shop","description":"","publisher":{"@id":"https:\/\/dev6.erresse-shop.it\/#organization"},"potentialAction":[{"@type":"SearchAction","target":{"@type":"EntryPoint","urlTemplate":"https:\/\/dev6.erresse-shop.it\/?s={search_term_string}"},"query-input":{"@type":"PropertyValueSpecification","valueRequired":true,"valueName":"search_term_string"}}],"inLanguage":"es"},{"@type":"Organization","@id":"https:\/\/dev6.erresse-shop.it\/#organization","name":"Erresse Shop","url":"https:\/\/dev6.erresse-shop.it\/","logo":{"@type":"ImageObject","inLanguage":"es","@id":"https:\/\/dev6.erresse-shop.it\/#\/schema\/logo\/image\/","url":"https:\/\/dev6.erresse-shop.it\/wp-content\/uploads\/2025\/01\/LOGO-ERRESSE-CLASSICO.svg","contentUrl":"https:\/\/dev6.erresse-shop.it\/wp-content\/uploads\/2025\/01\/LOGO-ERRESSE-CLASSICO.svg","caption":"Erresse Shop"},"image":{"@id":"https:\/\/dev6.erresse-shop.it\/#\/schema\/logo\/image\/"}}]}},"df_price":219.95,"df_sale_price":219.95,"df_regular_price":259.9,"df_image_link":"https:\/\/i3.wp.com\/interpim.erresse-shop.it\/img-catalogo\/sage\/sage-the-smart-grinder-pro-black-truffle.jpg?resize=300,300&ssl=1","fifu_image_url":"https:\/\/interpim.erresse-shop.it\/img-catalogo\/sage\/sage-the-smart-grinder-pro-black-truffle.jpg","_links":{"self":[{"href":"https:\/\/dev6.erresse-shop.it\/es\/wp-json\/wp\/v2\/product\/1879118","targetHints":{"allow":["GET"]}}],"collection":[{"href":"https:\/\/dev6.erresse-shop.it\/es\/wp-json\/wp\/v2\/product"}],"about":[{"href":"https:\/\/dev6.erresse-shop.it\/es\/wp-json\/wp\/v2\/types\/product"}],"wp:featuredmedia":[{"embeddable":true,"href":"https:\/\/dev6.erresse-shop.it\/es\/wp-json\/wp\/v2\/media\/6277105"}],"wp:attachment":[{"href":"https:\/\/dev6.erresse-shop.it\/es\/wp-json\/wp\/v2\/media?parent=1879118"}],"wp:term":[{"taxonomy":"product_cat","embeddable":true,"href":"https:\/\/dev6.erresse-shop.it\/es\/wp-json\/wp\/v2\/product_cat?post=1879118"},{"taxonomy":"product_tag","embeddable":true,"href":"https:\/\/dev6.erresse-shop.it\/es\/wp-json\/wp\/v2\/product_tag?post=1879118"}],"curies":[{"name":"wp","href":"https:\/\/api.w.org\/{rel}","templated":true}]}}