{"id":1879116,"date":"2026-04-12T14:49:36","date_gmt":"2026-04-12T12:49:36","guid":{"rendered":"https:\/\/dev6.erresse-shop.it\/shop\/sin%20categor\u00eda\/sage-the-puck-sucker\/"},"modified":"2025-09-14T10:59:27","modified_gmt":"2025-09-14T08:59:27","slug":"sage-the-puck-sucker","status":"publish","type":"product","link":"https:\/\/dev6.erresse-shop.it\/es\/shop\/pequenos-electrodomesticos\/maquinas-de-cafe\/sage-the-puck-sucker\/","title":{"rendered":"SAGE The Puck Sucker"},"content":{"rendered":"<p>Compatible con la serie Oracle y Dual Boiler de Sage<br \/>\nSe adapta a los portafiltros Sage de 58mm.<\/p>\n<p>Extracci\u00f3n al vac\u00edo f\u00e1cil y silenciosa<br \/>\nUna ventosa que se activa autom\u00e1ticamente crea un vac\u00edo r\u00e1pido que libera forma silenciosa los posos de caf\u00e9 del portafiltro en una acci\u00f3n veloz.<\/p>\n<p>Limpieza f\u00e1cil<br \/>\nUna tapa de liberaci\u00f3n r\u00e1pida permite la eliminaci\u00f3n inmediata de los posos, combinada con un recipiente Tritan apto para lavavajillas con el que la limpieza resulta sencilla y f\u00e1cil.<\/p>\n<p>Voltaje<br \/>\n\u2013 Funcionamiento con pila de 9 V (incluida)<\/p>\n<p>Caracter\u00edsticas adicionales<br \/>\n\u2013 Activaci\u00f3n autom\u00e1tica<br \/>\n\u2013 Se adapta SOLO a los portafiltros Sage de 58 mm<br \/>\n\u2013 Recipiente Tritan apto para lavavajillas<br \/>\n\u2013 Capacidad para 10-12 dosis<br \/>\n\u2013 Bomba de vac\u00edo<br \/>\n\u2013 Incluye pila de 9 V<br \/>\n\u2013 Dise\u00f1o acanalado<br \/>\n\u2013 Base de goma antideslizante<br \/>\n\u2013 Recipiente transparente para gestionar la capacidad<\/p>\n","protected":false},"excerpt":{"rendered":"<p>Compatible con la serie Oracle y Dual Boiler de Sage Se adapta a los portafiltros Sage de 58mm. Extracci\u00f3n al vac\u00edo f\u00e1cil y silenciosa Una ventosa que se activa autom\u00e1ticamente crea un vac\u00edo r\u00e1pido que libera forma silenciosa los posos de caf\u00e9 del portafiltro en una acci\u00f3n veloz. Limpieza f\u00e1cil Una tapa de liberaci\u00f3n r\u00e1pida [&hellip;]<\/p>\n","protected":false},"featured_media":6381353,"template":"","meta":{"_acf_changed":false},"product_cat":[11963,11747,11930,11714,11955,11947],"product_tag":[],"class_list":{"0":"post-1879116","1":"product","2":"type-product","3":"status-publish","4":"has-post-thumbnail","6":"product_cat-accesorios-es-3","7":"product_cat-accessori-2","8":"product_cat-cafe-es","9":"product_cat-caffe","10":"product_cat-maquinas-de-cafe","11":"product_cat-pequenos-electrodomesticos","13":"first","14":"outofstock","15":"taxable","16":"shipping-taxable","17":"purchasable","18":"product-type-simple","swatches":"rey-swatches","show_selected":"","stretch_labels":"rey-swatches--stretch-labels"},"acf":[],"yoast_head":"<!-- This site is optimized with the Yoast SEO plugin v25.4 - https:\/\/yoast.com\/wordpress\/plugins\/seo\/ -->\n<title>SAGE The Puck Sucker - dev6 Erresse<\/title>\n<meta name=\"description\" content=\"Compatible con la serie Oracle y Dual Boiler de Sage Se adapta a los portafiltros Sage de 58mm. Extracci\u00f3n al vac\u00edo f\u00e1cil y silenciosa Una ventosa que se\" \/>\n<meta name=\"robots\" content=\"noindex, follow, max-snippet:-1, max-image-preview:large, max-video-preview:-1\" \/>\n<meta property=\"og:locale\" content=\"es_ES\" \/>\n<meta property=\"og:type\" content=\"article\" \/>\n<meta property=\"og:title\" content=\"SAGE The Puck Sucker - dev6 Erresse\" \/>\n<meta property=\"og:description\" content=\"Compatible con la serie Oracle y Dual Boiler de Sage Se adapta a los portafiltros Sage de 58mm. Extracci\u00f3n al vac\u00edo f\u00e1cil y silenciosa Una ventosa que se\" \/>\n<meta property=\"og:url\" content=\"https:\/\/dev6.erresse-shop.it\/es\/shop\/pequenos-electrodomesticos\/maquinas-de-cafe\/sage-the-puck-sucker\/\" \/>\n<meta property=\"og:site_name\" content=\"dev6 Erresse\" \/>\n<meta property=\"og:image\" content=\"https:\/\/interpim.erresse-shop.it\/wp-content\/uploads\/2023\/02\/SAGE-The-Puck-Sucker.jpg\/sage-the-puck-sucker.jpg\" \/><meta property=\"og:image\" content=\"https:\/\/interpim.erresse-shop.it\/wp-content\/uploads\/2023\/02\/SAGE-The-Puck-Sucker.jpg\/sage-the-puck-sucker.jpg\" \/>\n\t<meta property=\"og:image:width\" content=\"1024\" \/>\n\t<meta property=\"og:image:height\" content=\"1024\" \/>\n\t<meta property=\"og:image:type\" content=\"image\/jpeg\" \/>\n<meta name=\"twitter:card\" content=\"summary_large_image\" \/>\n<meta name=\"twitter:image\" content=\"https:\/\/interpim.erresse-shop.it\/wp-content\/uploads\/2023\/02\/SAGE-The-Puck-Sucker.jpg\/sage-the-puck-sucker.jpg\" \/>\n<script type=\"application\/ld+json\" class=\"yoast-schema-graph\">{\"@context\":\"https:\/\/schema.org\",\"@graph\":[{\"@type\":\"WebPage\",\"@id\":\"https:\/\/dev6.erresse-shop.it\/es\/shop\/pequenos-electrodomesticos\/maquinas-de-cafe\/sage-the-puck-sucker\/\",\"url\":\"https:\/\/dev6.erresse-shop.it\/es\/shop\/pequenos-electrodomesticos\/maquinas-de-cafe\/sage-the-puck-sucker\/\",\"name\":\"SAGE The Puck Sucker - dev6 Erresse\",\"isPartOf\":{\"@id\":\"https:\/\/dev6.erresse-shop.it\/#website\"},\"primaryImageOfPage\":{\"@id\":\"https:\/\/dev6.erresse-shop.it\/es\/shop\/pequenos-electrodomesticos\/maquinas-de-cafe\/sage-the-puck-sucker\/#primaryimage\"},\"image\":{\"@id\":\"https:\/\/dev6.erresse-shop.it\/es\/shop\/pequenos-electrodomesticos\/maquinas-de-cafe\/sage-the-puck-sucker\/#primaryimage\"},\"thumbnailUrl\":\"https:\/\/i3.wp.com\/interpim.erresse-shop.it\/wp-content\/uploads\/2023\/02\/SAGE-The-Puck-Sucker.jpg\/sage-the-puck-sucker.jpg?ssl=1\",\"datePublished\":\"2026-04-12T12:49:36+00:00\",\"description\":\"Compatible con la serie Oracle y Dual Boiler de Sage Se adapta a los portafiltros Sage de 58mm. Extracci\u00f3n al vac\u00edo f\u00e1cil y silenciosa Una ventosa que se\",\"breadcrumb\":{\"@id\":\"https:\/\/dev6.erresse-shop.it\/es\/shop\/pequenos-electrodomesticos\/maquinas-de-cafe\/sage-the-puck-sucker\/#breadcrumb\"},\"inLanguage\":\"es\",\"potentialAction\":[{\"@type\":\"ReadAction\",\"target\":[\"https:\/\/dev6.erresse-shop.it\/es\/shop\/pequenos-electrodomesticos\/maquinas-de-cafe\/sage-the-puck-sucker\/\"]}]},{\"@type\":\"ImageObject\",\"inLanguage\":\"es\",\"@id\":\"https:\/\/dev6.erresse-shop.it\/es\/shop\/pequenos-electrodomesticos\/maquinas-de-cafe\/sage-the-puck-sucker\/#primaryimage\",\"url\":\"https:\/\/i3.wp.com\/interpim.erresse-shop.it\/wp-content\/uploads\/2023\/02\/SAGE-The-Puck-Sucker.jpg\/sage-the-puck-sucker.jpg?ssl=1\",\"contentUrl\":\"https:\/\/i3.wp.com\/interpim.erresse-shop.it\/wp-content\/uploads\/2023\/02\/SAGE-The-Puck-Sucker.jpg\/sage-the-puck-sucker.jpg?ssl=1\"},{\"@type\":\"BreadcrumbList\",\"@id\":\"https:\/\/dev6.erresse-shop.it\/es\/shop\/pequenos-electrodomesticos\/maquinas-de-cafe\/sage-the-puck-sucker\/#breadcrumb\",\"itemListElement\":[{\"@type\":\"ListItem\",\"position\":1,\"name\":\"Home\",\"item\":\"https:\/\/dev6.erresse-shop.it\/\"},{\"@type\":\"ListItem\",\"position\":2,\"name\":\"Tienda\",\"item\":\"https:\/\/dev6.erresse-shop.it\/shop\/\"},{\"@type\":\"ListItem\",\"position\":3,\"name\":\"SAGE The Puck Sucker\"}]},{\"@type\":\"WebSite\",\"@id\":\"https:\/\/dev6.erresse-shop.it\/#website\",\"url\":\"https:\/\/dev6.erresse-shop.it\/\",\"name\":\"Erresse Shop\",\"description\":\"\",\"publisher\":{\"@id\":\"https:\/\/dev6.erresse-shop.it\/#organization\"},\"potentialAction\":[{\"@type\":\"SearchAction\",\"target\":{\"@type\":\"EntryPoint\",\"urlTemplate\":\"https:\/\/dev6.erresse-shop.it\/?s={search_term_string}\"},\"query-input\":{\"@type\":\"PropertyValueSpecification\",\"valueRequired\":true,\"valueName\":\"search_term_string\"}}],\"inLanguage\":\"es\"},{\"@type\":\"Organization\",\"@id\":\"https:\/\/dev6.erresse-shop.it\/#organization\",\"name\":\"Erresse Shop\",\"url\":\"https:\/\/dev6.erresse-shop.it\/\",\"logo\":{\"@type\":\"ImageObject\",\"inLanguage\":\"es\",\"@id\":\"https:\/\/dev6.erresse-shop.it\/#\/schema\/logo\/image\/\",\"url\":\"https:\/\/dev6.erresse-shop.it\/wp-content\/uploads\/2025\/01\/LOGO-ERRESSE-CLASSICO.svg\",\"contentUrl\":\"https:\/\/dev6.erresse-shop.it\/wp-content\/uploads\/2025\/01\/LOGO-ERRESSE-CLASSICO.svg\",\"caption\":\"Erresse Shop\"},\"image\":{\"@id\":\"https:\/\/dev6.erresse-shop.it\/#\/schema\/logo\/image\/\"}}]}<\/script>\n<!-- \/ Yoast SEO plugin. -->","yoast_head_json":{"title":"SAGE The Puck Sucker - dev6 Erresse","description":"Compatible con la serie Oracle y Dual Boiler de Sage Se adapta a los portafiltros Sage de 58mm. Extracci\u00f3n al vac\u00edo f\u00e1cil y silenciosa Una ventosa que se","robots":{"index":"noindex","follow":"follow","max-snippet":"max-snippet:-1","max-image-preview":"max-image-preview:large","max-video-preview":"max-video-preview:-1"},"og_locale":"es_ES","og_type":"article","og_title":"SAGE The Puck Sucker - dev6 Erresse","og_description":"Compatible con la serie Oracle y Dual Boiler de Sage Se adapta a los portafiltros Sage de 58mm. Extracci\u00f3n al vac\u00edo f\u00e1cil y silenciosa Una ventosa que se","og_url":"https:\/\/dev6.erresse-shop.it\/es\/shop\/pequenos-electrodomesticos\/maquinas-de-cafe\/sage-the-puck-sucker\/","og_site_name":"dev6 Erresse","og_image":[{"url":"https:\/\/interpim.erresse-shop.it\/wp-content\/uploads\/2023\/02\/SAGE-The-Puck-Sucker.jpg\/sage-the-puck-sucker.jpg","type":"","width":"","height":""},{"url":"https:\/\/interpim.erresse-shop.it\/wp-content\/uploads\/2023\/02\/SAGE-The-Puck-Sucker.jpg\/sage-the-puck-sucker.jpg","width":1024,"height":1024,"type":"image\/jpeg"}],"twitter_card":"summary_large_image","twitter_image":"https:\/\/interpim.erresse-shop.it\/wp-content\/uploads\/2023\/02\/SAGE-The-Puck-Sucker.jpg\/sage-the-puck-sucker.jpg","schema":{"@context":"https:\/\/schema.org","@graph":[{"@type":"WebPage","@id":"https:\/\/dev6.erresse-shop.it\/es\/shop\/pequenos-electrodomesticos\/maquinas-de-cafe\/sage-the-puck-sucker\/","url":"https:\/\/dev6.erresse-shop.it\/es\/shop\/pequenos-electrodomesticos\/maquinas-de-cafe\/sage-the-puck-sucker\/","name":"SAGE The Puck Sucker - dev6 Erresse","isPartOf":{"@id":"https:\/\/dev6.erresse-shop.it\/#website"},"primaryImageOfPage":{"@id":"https:\/\/dev6.erresse-shop.it\/es\/shop\/pequenos-electrodomesticos\/maquinas-de-cafe\/sage-the-puck-sucker\/#primaryimage"},"image":{"@id":"https:\/\/dev6.erresse-shop.it\/es\/shop\/pequenos-electrodomesticos\/maquinas-de-cafe\/sage-the-puck-sucker\/#primaryimage"},"thumbnailUrl":"https:\/\/i3.wp.com\/interpim.erresse-shop.it\/wp-content\/uploads\/2023\/02\/SAGE-The-Puck-Sucker.jpg\/sage-the-puck-sucker.jpg?ssl=1","datePublished":"2026-04-12T12:49:36+00:00","description":"Compatible con la serie Oracle y Dual Boiler de Sage Se adapta a los portafiltros Sage de 58mm. Extracci\u00f3n al vac\u00edo f\u00e1cil y silenciosa Una ventosa que se","breadcrumb":{"@id":"https:\/\/dev6.erresse-shop.it\/es\/shop\/pequenos-electrodomesticos\/maquinas-de-cafe\/sage-the-puck-sucker\/#breadcrumb"},"inLanguage":"es","potentialAction":[{"@type":"ReadAction","target":["https:\/\/dev6.erresse-shop.it\/es\/shop\/pequenos-electrodomesticos\/maquinas-de-cafe\/sage-the-puck-sucker\/"]}]},{"@type":"ImageObject","inLanguage":"es","@id":"https:\/\/dev6.erresse-shop.it\/es\/shop\/pequenos-electrodomesticos\/maquinas-de-cafe\/sage-the-puck-sucker\/#primaryimage","url":"https:\/\/i3.wp.com\/interpim.erresse-shop.it\/wp-content\/uploads\/2023\/02\/SAGE-The-Puck-Sucker.jpg\/sage-the-puck-sucker.jpg?ssl=1","contentUrl":"https:\/\/i3.wp.com\/interpim.erresse-shop.it\/wp-content\/uploads\/2023\/02\/SAGE-The-Puck-Sucker.jpg\/sage-the-puck-sucker.jpg?ssl=1"},{"@type":"BreadcrumbList","@id":"https:\/\/dev6.erresse-shop.it\/es\/shop\/pequenos-electrodomesticos\/maquinas-de-cafe\/sage-the-puck-sucker\/#breadcrumb","itemListElement":[{"@type":"ListItem","position":1,"name":"Home","item":"https:\/\/dev6.erresse-shop.it\/"},{"@type":"ListItem","position":2,"name":"Tienda","item":"https:\/\/dev6.erresse-shop.it\/shop\/"},{"@type":"ListItem","position":3,"name":"SAGE The Puck Sucker"}]},{"@type":"WebSite","@id":"https:\/\/dev6.erresse-shop.it\/#website","url":"https:\/\/dev6.erresse-shop.it\/","name":"Erresse Shop","description":"","publisher":{"@id":"https:\/\/dev6.erresse-shop.it\/#organization"},"potentialAction":[{"@type":"SearchAction","target":{"@type":"EntryPoint","urlTemplate":"https:\/\/dev6.erresse-shop.it\/?s={search_term_string}"},"query-input":{"@type":"PropertyValueSpecification","valueRequired":true,"valueName":"search_term_string"}}],"inLanguage":"es"},{"@type":"Organization","@id":"https:\/\/dev6.erresse-shop.it\/#organization","name":"Erresse Shop","url":"https:\/\/dev6.erresse-shop.it\/","logo":{"@type":"ImageObject","inLanguage":"es","@id":"https:\/\/dev6.erresse-shop.it\/#\/schema\/logo\/image\/","url":"https:\/\/dev6.erresse-shop.it\/wp-content\/uploads\/2025\/01\/LOGO-ERRESSE-CLASSICO.svg","contentUrl":"https:\/\/dev6.erresse-shop.it\/wp-content\/uploads\/2025\/01\/LOGO-ERRESSE-CLASSICO.svg","caption":"Erresse Shop"},"image":{"@id":"https:\/\/dev6.erresse-shop.it\/#\/schema\/logo\/image\/"}}]}},"df_price":89.9,"df_sale_price":"","df_regular_price":89.9,"df_image_link":"https:\/\/i3.wp.com\/interpim.erresse-shop.it\/wp-content\/uploads\/2023\/02\/SAGE-The-Puck-Sucker.jpg\/sage-the-puck-sucker.jpg?resize=300,300&ssl=1","fifu_image_url":"https:\/\/interpim.erresse-shop.it\/wp-content\/uploads\/2023\/02\/SAGE-The-Puck-Sucker.jpg\/sage-the-puck-sucker.jpg","_links":{"self":[{"href":"https:\/\/dev6.erresse-shop.it\/es\/wp-json\/wp\/v2\/product\/1879116","targetHints":{"allow":["GET"]}}],"collection":[{"href":"https:\/\/dev6.erresse-shop.it\/es\/wp-json\/wp\/v2\/product"}],"about":[{"href":"https:\/\/dev6.erresse-shop.it\/es\/wp-json\/wp\/v2\/types\/product"}],"wp:featuredmedia":[{"embeddable":true,"href":"https:\/\/dev6.erresse-shop.it\/es\/wp-json\/wp\/v2\/media\/6381353"}],"wp:attachment":[{"href":"https:\/\/dev6.erresse-shop.it\/es\/wp-json\/wp\/v2\/media?parent=1879116"}],"wp:term":[{"taxonomy":"product_cat","embeddable":true,"href":"https:\/\/dev6.erresse-shop.it\/es\/wp-json\/wp\/v2\/product_cat?post=1879116"},{"taxonomy":"product_tag","embeddable":true,"href":"https:\/\/dev6.erresse-shop.it\/es\/wp-json\/wp\/v2\/product_tag?post=1879116"}],"curies":[{"name":"wp","href":"https:\/\/api.w.org\/{rel}","templated":true}]}}