{"id":1879098,"date":"2026-04-12T09:26:21","date_gmt":"2026-04-12T07:26:21","guid":{"rendered":"https:\/\/dev6.erresse-shop.it\/shop\/sin%20categor\u00eda\/le-creuset-parrilla-rectangular-de-hierro-fundido-3222-cm-azure\/"},"modified":"2025-07-04T22:13:09","modified_gmt":"2025-07-04T20:13:09","slug":"le-creuset-parrilla-rectangular-de-hierro-fundido-3222-cm-azure","status":"publish","type":"product","link":"https:\/\/dev6.erresse-shop.it\/es\/shop\/sartenes-y-ollas\/parrillas\/le-creuset-parrilla-rectangular-de-hierro-fundido-3222-cm-azure\/","title":{"rendered":"LE CREUSET Parrilla Rectangular de Hierro Fundido 32&#215;22 cm Azure"},"content":{"rendered":"<p>UNA BARBACOA IMPECABLE<\/p>\n<p>Disfrute en su cocina de todos los aromas y sabores de una barbacoa al aire libre. Con esta parrilla de hierro fundido vitrificado es f\u00e1cil asar pollo, filetes, pescado, verduras y mucho m\u00e1s, conservando los sabores y aromas y consiguiendo el efecto de asado perfecto. Gracias a su forma, ocupa poco espacio.<\/p>\n<p>Versatilidad: este producto es apto para horno, cocina y grill.<br \/>\nAlimentos sabrosos: el hierro fundido vitrificado retiene el calor para que la cocci\u00f3n y el dorado sean uniformes. Sus deliciosas creaciones permanecer\u00e1n calientes m\u00e1s tiempo en la mesa.<br \/>\nRanuras de grill: crea aut\u00e9nticas hileras con efecto barbacoa para que la comida tenga un aspecto estupendo.<br \/>\nNo demasiado caliente: cocine con un calor constante de bajo a medio para cuidar su producto de hierro fundido vitrificado y conseguir resultados deliciosos.<br \/>\nMejora con el tiempo: el interior vitrificado desarrolla una p\u00e1tina natural que act\u00faa casi como una superficie antiadherente. Su acabado tiene propiedades que evitan<br \/>\nque los alimentos se peguen incluso con peque\u00f1as cantidades de aceite. Lave el producto s\u00f3lo con agua para permitir que la p\u00e1tina se desarrolle.<br \/>\nNuestros productos se elaboran con los mejores materiales en f\u00e1bricas de todo el mundo para garantizar la calidad que espera de Le Creuset.<\/p>\n<p>Material: hierro fundido vitrificado<br \/>\nFabricado en: Francia<br \/>\nGarant\u00eda: de por vida<\/p>\n<p>Fuente de calor:<\/p>\n<p>Horno<br \/>\nHorno modo grill<br \/>\nPlaca el\u00e9ctrica<br \/>\nVitrocer\u00e1mica<br \/>\nPlaca de gas<br \/>\nPlaca de inducci\u00f3n<\/p>\n<p>Limpieza y cuidados:<\/p>\n<p>Espere a que el producto se enfr\u00ede antes de empezar a limpiarlo.<br \/>\nLimpie los restos de comida de la base y los laterales del producto. Si hay comida pegada, llene el producto con agua tibia jabonosa y d\u00e9jelo en remojo durante 15-20 minutos antes de lavarlo como de costumbre.<br \/>\nNo utilice limpiadores abrasivos ni esponjas o cepillos met\u00e1licos muy duros en ninguna de las superficies.<br \/>\nS\u00e9quelo bien despu\u00e9s de lavarlo y gu\u00e1rdelo en un lugar seco.<\/p>\n","protected":false},"excerpt":{"rendered":"<p>UNA BARBACOA IMPECABLE Disfrute en su cocina de todos los aromas y sabores de una barbacoa al aire libre. Con esta parrilla de hierro fundido vitrificado es f\u00e1cil asar pollo, filetes, pescado, verduras y mucho m\u00e1s, conservando los sabores y aromas y consiguiendo el efecto de asado perfecto. Gracias a su forma, ocupa poco espacio. [&hellip;]<\/p>\n","protected":false},"featured_media":6360313,"template":"","meta":{"_acf_changed":false},"product_cat":[11667,11912,11883],"product_tag":[],"class_list":{"0":"post-1879098","1":"product","2":"type-product","3":"status-publish","4":"has-post-thumbnail","6":"product_cat-padelle-pentole","7":"product_cat-parrillas","8":"product_cat-sartenes-y-ollas","10":"first","11":"instock","12":"sale","13":"taxable","14":"shipping-taxable","15":"purchasable","16":"product-type-simple","swatches":"rey-swatches","show_selected":"","stretch_labels":"rey-swatches--stretch-labels"},"acf":[],"yoast_head":"<!-- This site is optimized with the Yoast SEO plugin v25.4 - https:\/\/yoast.com\/wordpress\/plugins\/seo\/ -->\n<title>LE CREUSET Parrilla Rectangular de Hierro Fundido 32&#215;22 cm Azure - dev6 Erresse<\/title>\n<meta name=\"description\" content=\"UNA BARBACOA IMPECABLE Disfrute en su cocina de todos los aromas y sabores de una barbacoa al aire libre. Con esta parrilla de hierro fundido vitrificado\" \/>\n<meta name=\"robots\" content=\"noindex, follow, max-snippet:-1, max-image-preview:large, max-video-preview:-1\" \/>\n<meta property=\"og:locale\" content=\"es_ES\" \/>\n<meta property=\"og:type\" content=\"article\" \/>\n<meta property=\"og:title\" content=\"LE CREUSET Parrilla Rectangular de Hierro Fundido 32&#215;22 cm Azure - dev6 Erresse\" \/>\n<meta property=\"og:description\" content=\"UNA BARBACOA IMPECABLE Disfrute en su cocina de todos los aromas y sabores de una barbacoa al aire libre. Con esta parrilla de hierro fundido vitrificado\" \/>\n<meta property=\"og:url\" content=\"https:\/\/dev6.erresse-shop.it\/es\/shop\/sartenes-y-ollas\/parrillas\/le-creuset-parrilla-rectangular-de-hierro-fundido-3222-cm-azure\/\" \/>\n<meta property=\"og:site_name\" content=\"dev6 Erresse\" \/>\n<meta property=\"og:image\" content=\"https:\/\/interpim.erresse-shop.it\/Import\/Prodotti\/le-creuset-griglia-rettangolare-in-ghisa-32x22-cm-azure.jpg\" \/><meta property=\"og:image\" content=\"https:\/\/interpim.erresse-shop.it\/Import\/Prodotti\/le-creuset-griglia-rettangolare-in-ghisa-32x22-cm-azure.jpg\" \/>\n\t<meta property=\"og:image:width\" content=\"1024\" \/>\n\t<meta property=\"og:image:height\" content=\"1024\" \/>\n\t<meta property=\"og:image:type\" content=\"image\/jpeg\" \/>\n<meta name=\"twitter:card\" content=\"summary_large_image\" \/>\n<meta name=\"twitter:image\" content=\"https:\/\/interpim.erresse-shop.it\/Import\/Prodotti\/le-creuset-griglia-rettangolare-in-ghisa-32x22-cm-azure.jpg\" \/>\n<script type=\"application\/ld+json\" class=\"yoast-schema-graph\">{\"@context\":\"https:\/\/schema.org\",\"@graph\":[{\"@type\":\"WebPage\",\"@id\":\"https:\/\/dev6.erresse-shop.it\/es\/shop\/sartenes-y-ollas\/parrillas\/le-creuset-parrilla-rectangular-de-hierro-fundido-3222-cm-azure\/\",\"url\":\"https:\/\/dev6.erresse-shop.it\/es\/shop\/sartenes-y-ollas\/parrillas\/le-creuset-parrilla-rectangular-de-hierro-fundido-3222-cm-azure\/\",\"name\":\"LE CREUSET Parrilla Rectangular de Hierro Fundido 32&#215;22 cm Azure - dev6 Erresse\",\"isPartOf\":{\"@id\":\"https:\/\/dev6.erresse-shop.it\/#website\"},\"primaryImageOfPage\":{\"@id\":\"https:\/\/dev6.erresse-shop.it\/es\/shop\/sartenes-y-ollas\/parrillas\/le-creuset-parrilla-rectangular-de-hierro-fundido-3222-cm-azure\/#primaryimage\"},\"image\":{\"@id\":\"https:\/\/dev6.erresse-shop.it\/es\/shop\/sartenes-y-ollas\/parrillas\/le-creuset-parrilla-rectangular-de-hierro-fundido-3222-cm-azure\/#primaryimage\"},\"thumbnailUrl\":\"https:\/\/i1.wp.com\/interpim.erresse-shop.it\/Import\/Prodotti\/le-creuset-griglia-rettangolare-in-ghisa-32x22-cm-azure.jpg?ssl=1\",\"datePublished\":\"2026-04-12T07:26:21+00:00\",\"description\":\"UNA BARBACOA IMPECABLE Disfrute en su cocina de todos los aromas y sabores de una barbacoa al aire libre. Con esta parrilla de hierro fundido vitrificado\",\"breadcrumb\":{\"@id\":\"https:\/\/dev6.erresse-shop.it\/es\/shop\/sartenes-y-ollas\/parrillas\/le-creuset-parrilla-rectangular-de-hierro-fundido-3222-cm-azure\/#breadcrumb\"},\"inLanguage\":\"es\",\"potentialAction\":[{\"@type\":\"ReadAction\",\"target\":[\"https:\/\/dev6.erresse-shop.it\/es\/shop\/sartenes-y-ollas\/parrillas\/le-creuset-parrilla-rectangular-de-hierro-fundido-3222-cm-azure\/\"]}]},{\"@type\":\"ImageObject\",\"inLanguage\":\"es\",\"@id\":\"https:\/\/dev6.erresse-shop.it\/es\/shop\/sartenes-y-ollas\/parrillas\/le-creuset-parrilla-rectangular-de-hierro-fundido-3222-cm-azure\/#primaryimage\",\"url\":\"https:\/\/i1.wp.com\/interpim.erresse-shop.it\/Import\/Prodotti\/le-creuset-griglia-rettangolare-in-ghisa-32x22-cm-azure.jpg?ssl=1\",\"contentUrl\":\"https:\/\/i1.wp.com\/interpim.erresse-shop.it\/Import\/Prodotti\/le-creuset-griglia-rettangolare-in-ghisa-32x22-cm-azure.jpg?ssl=1\"},{\"@type\":\"BreadcrumbList\",\"@id\":\"https:\/\/dev6.erresse-shop.it\/es\/shop\/sartenes-y-ollas\/parrillas\/le-creuset-parrilla-rectangular-de-hierro-fundido-3222-cm-azure\/#breadcrumb\",\"itemListElement\":[{\"@type\":\"ListItem\",\"position\":1,\"name\":\"Home\",\"item\":\"https:\/\/dev6.erresse-shop.it\/\"},{\"@type\":\"ListItem\",\"position\":2,\"name\":\"Tienda\",\"item\":\"https:\/\/dev6.erresse-shop.it\/shop\/\"},{\"@type\":\"ListItem\",\"position\":3,\"name\":\"LE CREUSET Parrilla Rectangular de Hierro Fundido 32&#215;22 cm Azure\"}]},{\"@type\":\"WebSite\",\"@id\":\"https:\/\/dev6.erresse-shop.it\/#website\",\"url\":\"https:\/\/dev6.erresse-shop.it\/\",\"name\":\"Erresse Shop\",\"description\":\"\",\"publisher\":{\"@id\":\"https:\/\/dev6.erresse-shop.it\/#organization\"},\"potentialAction\":[{\"@type\":\"SearchAction\",\"target\":{\"@type\":\"EntryPoint\",\"urlTemplate\":\"https:\/\/dev6.erresse-shop.it\/?s={search_term_string}\"},\"query-input\":{\"@type\":\"PropertyValueSpecification\",\"valueRequired\":true,\"valueName\":\"search_term_string\"}}],\"inLanguage\":\"es\"},{\"@type\":\"Organization\",\"@id\":\"https:\/\/dev6.erresse-shop.it\/#organization\",\"name\":\"Erresse Shop\",\"url\":\"https:\/\/dev6.erresse-shop.it\/\",\"logo\":{\"@type\":\"ImageObject\",\"inLanguage\":\"es\",\"@id\":\"https:\/\/dev6.erresse-shop.it\/#\/schema\/logo\/image\/\",\"url\":\"https:\/\/dev6.erresse-shop.it\/wp-content\/uploads\/2025\/01\/LOGO-ERRESSE-CLASSICO.svg\",\"contentUrl\":\"https:\/\/dev6.erresse-shop.it\/wp-content\/uploads\/2025\/01\/LOGO-ERRESSE-CLASSICO.svg\",\"caption\":\"Erresse Shop\"},\"image\":{\"@id\":\"https:\/\/dev6.erresse-shop.it\/#\/schema\/logo\/image\/\"}}]}<\/script>\n<!-- \/ Yoast SEO plugin. -->","yoast_head_json":{"title":"LE CREUSET Parrilla Rectangular de Hierro Fundido 32&#215;22 cm Azure - dev6 Erresse","description":"UNA BARBACOA IMPECABLE Disfrute en su cocina de todos los aromas y sabores de una barbacoa al aire libre. Con esta parrilla de hierro fundido vitrificado","robots":{"index":"noindex","follow":"follow","max-snippet":"max-snippet:-1","max-image-preview":"max-image-preview:large","max-video-preview":"max-video-preview:-1"},"og_locale":"es_ES","og_type":"article","og_title":"LE CREUSET Parrilla Rectangular de Hierro Fundido 32&#215;22 cm Azure - dev6 Erresse","og_description":"UNA BARBACOA IMPECABLE Disfrute en su cocina de todos los aromas y sabores de una barbacoa al aire libre. Con esta parrilla de hierro fundido vitrificado","og_url":"https:\/\/dev6.erresse-shop.it\/es\/shop\/sartenes-y-ollas\/parrillas\/le-creuset-parrilla-rectangular-de-hierro-fundido-3222-cm-azure\/","og_site_name":"dev6 Erresse","og_image":[{"url":"https:\/\/interpim.erresse-shop.it\/Import\/Prodotti\/le-creuset-griglia-rettangolare-in-ghisa-32x22-cm-azure.jpg","type":"","width":"","height":""},{"url":"https:\/\/interpim.erresse-shop.it\/Import\/Prodotti\/le-creuset-griglia-rettangolare-in-ghisa-32x22-cm-azure.jpg","width":1024,"height":1024,"type":"image\/jpeg"}],"twitter_card":"summary_large_image","twitter_image":"https:\/\/interpim.erresse-shop.it\/Import\/Prodotti\/le-creuset-griglia-rettangolare-in-ghisa-32x22-cm-azure.jpg","schema":{"@context":"https:\/\/schema.org","@graph":[{"@type":"WebPage","@id":"https:\/\/dev6.erresse-shop.it\/es\/shop\/sartenes-y-ollas\/parrillas\/le-creuset-parrilla-rectangular-de-hierro-fundido-3222-cm-azure\/","url":"https:\/\/dev6.erresse-shop.it\/es\/shop\/sartenes-y-ollas\/parrillas\/le-creuset-parrilla-rectangular-de-hierro-fundido-3222-cm-azure\/","name":"LE CREUSET Parrilla Rectangular de Hierro Fundido 32&#215;22 cm Azure - dev6 Erresse","isPartOf":{"@id":"https:\/\/dev6.erresse-shop.it\/#website"},"primaryImageOfPage":{"@id":"https:\/\/dev6.erresse-shop.it\/es\/shop\/sartenes-y-ollas\/parrillas\/le-creuset-parrilla-rectangular-de-hierro-fundido-3222-cm-azure\/#primaryimage"},"image":{"@id":"https:\/\/dev6.erresse-shop.it\/es\/shop\/sartenes-y-ollas\/parrillas\/le-creuset-parrilla-rectangular-de-hierro-fundido-3222-cm-azure\/#primaryimage"},"thumbnailUrl":"https:\/\/i1.wp.com\/interpim.erresse-shop.it\/Import\/Prodotti\/le-creuset-griglia-rettangolare-in-ghisa-32x22-cm-azure.jpg?ssl=1","datePublished":"2026-04-12T07:26:21+00:00","description":"UNA BARBACOA IMPECABLE Disfrute en su cocina de todos los aromas y sabores de una barbacoa al aire libre. Con esta parrilla de hierro fundido vitrificado","breadcrumb":{"@id":"https:\/\/dev6.erresse-shop.it\/es\/shop\/sartenes-y-ollas\/parrillas\/le-creuset-parrilla-rectangular-de-hierro-fundido-3222-cm-azure\/#breadcrumb"},"inLanguage":"es","potentialAction":[{"@type":"ReadAction","target":["https:\/\/dev6.erresse-shop.it\/es\/shop\/sartenes-y-ollas\/parrillas\/le-creuset-parrilla-rectangular-de-hierro-fundido-3222-cm-azure\/"]}]},{"@type":"ImageObject","inLanguage":"es","@id":"https:\/\/dev6.erresse-shop.it\/es\/shop\/sartenes-y-ollas\/parrillas\/le-creuset-parrilla-rectangular-de-hierro-fundido-3222-cm-azure\/#primaryimage","url":"https:\/\/i1.wp.com\/interpim.erresse-shop.it\/Import\/Prodotti\/le-creuset-griglia-rettangolare-in-ghisa-32x22-cm-azure.jpg?ssl=1","contentUrl":"https:\/\/i1.wp.com\/interpim.erresse-shop.it\/Import\/Prodotti\/le-creuset-griglia-rettangolare-in-ghisa-32x22-cm-azure.jpg?ssl=1"},{"@type":"BreadcrumbList","@id":"https:\/\/dev6.erresse-shop.it\/es\/shop\/sartenes-y-ollas\/parrillas\/le-creuset-parrilla-rectangular-de-hierro-fundido-3222-cm-azure\/#breadcrumb","itemListElement":[{"@type":"ListItem","position":1,"name":"Home","item":"https:\/\/dev6.erresse-shop.it\/"},{"@type":"ListItem","position":2,"name":"Tienda","item":"https:\/\/dev6.erresse-shop.it\/shop\/"},{"@type":"ListItem","position":3,"name":"LE CREUSET Parrilla Rectangular de Hierro Fundido 32&#215;22 cm Azure"}]},{"@type":"WebSite","@id":"https:\/\/dev6.erresse-shop.it\/#website","url":"https:\/\/dev6.erresse-shop.it\/","name":"Erresse Shop","description":"","publisher":{"@id":"https:\/\/dev6.erresse-shop.it\/#organization"},"potentialAction":[{"@type":"SearchAction","target":{"@type":"EntryPoint","urlTemplate":"https:\/\/dev6.erresse-shop.it\/?s={search_term_string}"},"query-input":{"@type":"PropertyValueSpecification","valueRequired":true,"valueName":"search_term_string"}}],"inLanguage":"es"},{"@type":"Organization","@id":"https:\/\/dev6.erresse-shop.it\/#organization","name":"Erresse Shop","url":"https:\/\/dev6.erresse-shop.it\/","logo":{"@type":"ImageObject","inLanguage":"es","@id":"https:\/\/dev6.erresse-shop.it\/#\/schema\/logo\/image\/","url":"https:\/\/dev6.erresse-shop.it\/wp-content\/uploads\/2025\/01\/LOGO-ERRESSE-CLASSICO.svg","contentUrl":"https:\/\/dev6.erresse-shop.it\/wp-content\/uploads\/2025\/01\/LOGO-ERRESSE-CLASSICO.svg","caption":"Erresse Shop"},"image":{"@id":"https:\/\/dev6.erresse-shop.it\/#\/schema\/logo\/image\/"}}]}},"df_price":114.95,"df_sale_price":114.95,"df_regular_price":129,"df_image_link":"https:\/\/i1.wp.com\/interpim.erresse-shop.it\/Import\/Prodotti\/le-creuset-griglia-rettangolare-in-ghisa-32x22-cm-azure.jpg?resize=300,300&ssl=1","fifu_image_url":"https:\/\/interpim.erresse-shop.it\/Import\/Prodotti\/le-creuset-griglia-rettangolare-in-ghisa-32x22-cm-azure.jpg","_links":{"self":[{"href":"https:\/\/dev6.erresse-shop.it\/es\/wp-json\/wp\/v2\/product\/1879098","targetHints":{"allow":["GET"]}}],"collection":[{"href":"https:\/\/dev6.erresse-shop.it\/es\/wp-json\/wp\/v2\/product"}],"about":[{"href":"https:\/\/dev6.erresse-shop.it\/es\/wp-json\/wp\/v2\/types\/product"}],"wp:featuredmedia":[{"embeddable":true,"href":"https:\/\/dev6.erresse-shop.it\/es\/wp-json\/wp\/v2\/media\/6360313"}],"wp:attachment":[{"href":"https:\/\/dev6.erresse-shop.it\/es\/wp-json\/wp\/v2\/media?parent=1879098"}],"wp:term":[{"taxonomy":"product_cat","embeddable":true,"href":"https:\/\/dev6.erresse-shop.it\/es\/wp-json\/wp\/v2\/product_cat?post=1879098"},{"taxonomy":"product_tag","embeddable":true,"href":"https:\/\/dev6.erresse-shop.it\/es\/wp-json\/wp\/v2\/product_tag?post=1879098"}],"curies":[{"name":"wp","href":"https:\/\/api.w.org\/{rel}","templated":true}]}}