{"id":1879096,"date":"2026-04-04T09:24:28","date_gmt":"2026-04-04T07:24:28","guid":{"rendered":"https:\/\/dev6.erresse-shop.it\/shop\/sin%20categor\u00eda\/le-creuset-cocotte-every-de-hierro-fundido-18-cm-azure\/"},"modified":"2025-09-14T08:17:11","modified_gmt":"2025-09-14T06:17:11","slug":"le-creuset-cocotte-every-de-hierro-fundido-18-cm-azure","status":"publish","type":"product","link":"https:\/\/dev6.erresse-shop.it\/es\/shop\/sartenes-y-ollas\/marmitas-y-cocottes\/le-creuset-cocotte-every-de-hierro-fundido-18-cm-azure\/","title":{"rendered":"LE CREUSET Cocotte Every de hierro fundido 18 cm Azure"},"content":{"rendered":"<p>Inspiraci\u00f3n japonesa<br \/>\nEn Jap\u00f3n, despu\u00e9s de una comida, es costumbre exclamar \u201c\u00a1Gochisousama deshita!\u201d, expresi\u00f3n que significa \u201c\u00a1Gracias por la estupenda comida!\u201d. Dise\u00f1ada para dominar los fundamentos de la cocina japonesa del arroz, la Cocotte Every tiene una profundidad y una capacidad notables que le permitir\u00e1n preparar numerosas recetas. El fondo curvo, las paredes altas y la tapa abovedada maximizan la transferencia de calor para conseguir creaciones culinarias con un sabor extraordinario. Adem\u00e1s, su dise\u00f1o \u00fanico incluye una tapa interior de gres vitrificado para evitar que se escape el agua al cocinar arroz.<\/p>\n<p>Nuestro pomo resistente al calor (hasta 260 \u00b0C) est\u00e1 dise\u00f1ado para ofrecer un agarre excelente, incluso cuando se utiliza un agarrador para levantar la tapa.<br \/>\nVersatilidad: este producto es apto para cocinas y hornos, incluso en modo grill.<br \/>\nAlimentos sabrosos: el hierro fundido vitrificado retiene el calor para que la cocci\u00f3n y el dorado sean uniformes. Sus deliciosas creaciones se mantendr\u00e1n calientes durante m\u00e1s tiempo, incluso en la mesa.<br \/>\nConserva la suculencia: nuestra tapa retiene el vapor generado por la cocci\u00f3n de los alimentos y realza los sabores para unos resultados de cocci\u00f3n extraordinarios.<br \/>\nTodo bajo control: gracias a unos separadores especiales a lo largo del borde, la tapa permite que la presi\u00f3n y el exceso de vapor salgan.<br \/>\nNo demasiado caliente: cocine con un calor constante de bajo a medio para cuidar su producto de hierro fundido vitrificado y conseguir resultados deliciosos.<br \/>\nSencillez sofisticada: dise\u00f1ada para cocinar el arroz a la perfecci\u00f3n, ocupando menos espacio en la cocina.<br \/>\nUna para todos: fabricada en hierro fundido vitrificado, este producto incre\u00edblemente vers\u00e1til satisfar\u00e1 las necesidades de cocineros experimentados y principiantes para la preparaci\u00f3n de casi cualquier plato.<br \/>\nLa forma \u00fanica de la Cocotte Every llevar\u00e1 sus creaciones a nuevos niveles de sabor, tanto si prepara una sopa, una comida de una sola olla como si hornea pan.<br \/>\nMejora con el tiempo: el interior vitrificado desarrolla una p\u00e1tina natural que act\u00faa casi como una superficie antiadherente. Su acabado tiene propiedades que impiden que los alimentos se peguen incluso con peque\u00f1as cantidades de aceite. Lave el producto s\u00f3lo con agua para permitir que se desarrolle la p\u00e1tina.<br \/>\nLos mejores de su clase: nuestros productos se elaboran con los mejores materiales en f\u00e1bricas de todo el mundo para garantizar la calidad que espera de Le Creuset.<\/p>\n<p>Material: hierro fundido vitrificado<br \/>\nFabricado en: Francia<br \/>\nGarant\u00eda: de por vida<\/p>\n<p>Fuente de calor:<\/p>\n<p>Horno<br \/>\nHorno Modo Grill<br \/>\nPlaca El\u00e9ctrica<br \/>\nVitrocer\u00e1mica<br \/>\nPlaca de gas<br \/>\nPlaca de inducci\u00f3n<\/p>\n<p>Limpieza y cuidados:<\/p>\n<p>Espere a que el producto se enfr\u00ede antes de empezar a limpiarlo.<br \/>\nLimpie los restos de comida de la base y los laterales del producto. Si hay comida pegada, llene el producto con agua tibia jabonosa y d\u00e9jelo en remojo durante 15-20 minutos antes de lavarlo como de costumbre.<br \/>\nNo utilice limpiadores abrasivos ni esponjas o cepillos met\u00e1licos muy duros en ninguna de las superficies.<br \/>\nS\u00e9calo bien despu\u00e9s de lavarlo y gu\u00e1rdalo en un lugar seco.<\/p>\n","protected":false},"excerpt":{"rendered":"<p>Inspiraci\u00f3n japonesa En Jap\u00f3n, despu\u00e9s de una comida, es costumbre exclamar \u201c\u00a1Gochisousama deshita!\u201d, expresi\u00f3n que significa \u201c\u00a1Gracias por la estupenda comida!\u201d. Dise\u00f1ada para dominar los fundamentos de la cocina japonesa del arroz, la Cocotte Every tiene una profundidad y una capacidad notables que le permitir\u00e1n preparar numerosas recetas. El fondo curvo, las paredes altas y [&hellip;]<\/p>\n","protected":false},"featured_media":6277029,"template":"","meta":{"_acf_changed":false},"product_cat":[11892,11667,11883],"product_tag":[],"class_list":{"0":"post-1879096","1":"product","2":"type-product","3":"status-publish","4":"has-post-thumbnail","6":"product_cat-marmitas-y-cocottes","7":"product_cat-padelle-pentole","8":"product_cat-sartenes-y-ollas","10":"first","11":"outofstock","12":"sale","13":"taxable","14":"shipping-taxable","15":"purchasable","16":"product-type-simple","swatches":"rey-swatches","show_selected":"","stretch_labels":"rey-swatches--stretch-labels"},"acf":[],"yoast_head":"<!-- This site is optimized with the Yoast SEO plugin v25.4 - https:\/\/yoast.com\/wordpress\/plugins\/seo\/ -->\n<title>LE CREUSET Cocotte Every de hierro fundido 18 cm Azure - dev6 Erresse<\/title>\n<meta name=\"description\" content=\"Inspiraci\u00f3n japonesa En Jap\u00f3n, despu\u00e9s de una comida, es costumbre exclamar \u201c\u00a1Gochisousama deshita!\u201d, expresi\u00f3n que significa \u201c\u00a1Gracias por la estupenda\" \/>\n<meta name=\"robots\" content=\"noindex, follow, max-snippet:-1, max-image-preview:large, max-video-preview:-1\" \/>\n<meta property=\"og:locale\" content=\"es_ES\" \/>\n<meta property=\"og:type\" content=\"article\" \/>\n<meta property=\"og:title\" content=\"LE CREUSET Cocotte Every de hierro fundido 18 cm Azure - dev6 Erresse\" \/>\n<meta property=\"og:description\" content=\"Inspiraci\u00f3n japonesa En Jap\u00f3n, despu\u00e9s de una comida, es costumbre exclamar \u201c\u00a1Gochisousama deshita!\u201d, expresi\u00f3n que significa \u201c\u00a1Gracias por la estupenda\" \/>\n<meta property=\"og:url\" content=\"https:\/\/dev6.erresse-shop.it\/es\/shop\/sartenes-y-ollas\/marmitas-y-cocottes\/le-creuset-cocotte-every-de-hierro-fundido-18-cm-azure\/\" \/>\n<meta property=\"og:site_name\" content=\"dev6 Erresse\" \/>\n<meta property=\"og:image\" content=\"https:\/\/interpim.erresse-shop.it\/Import\/Prodotti\/le-creuset-cocotte-every-in-ghisa-18-cm-azure.jpg\" \/><meta property=\"og:image\" content=\"https:\/\/interpim.erresse-shop.it\/Import\/Prodotti\/le-creuset-cocotte-every-in-ghisa-18-cm-azure.jpg\" \/>\n\t<meta property=\"og:image:width\" content=\"1024\" \/>\n\t<meta property=\"og:image:height\" content=\"1024\" \/>\n\t<meta property=\"og:image:type\" content=\"image\/jpeg\" \/>\n<meta name=\"twitter:card\" content=\"summary_large_image\" \/>\n<meta name=\"twitter:image\" content=\"https:\/\/interpim.erresse-shop.it\/Import\/Prodotti\/le-creuset-cocotte-every-in-ghisa-18-cm-azure.jpg\" \/>\n<script type=\"application\/ld+json\" class=\"yoast-schema-graph\">{\"@context\":\"https:\/\/schema.org\",\"@graph\":[{\"@type\":\"WebPage\",\"@id\":\"https:\/\/dev6.erresse-shop.it\/es\/shop\/sartenes-y-ollas\/marmitas-y-cocottes\/le-creuset-cocotte-every-de-hierro-fundido-18-cm-azure\/\",\"url\":\"https:\/\/dev6.erresse-shop.it\/es\/shop\/sartenes-y-ollas\/marmitas-y-cocottes\/le-creuset-cocotte-every-de-hierro-fundido-18-cm-azure\/\",\"name\":\"LE CREUSET Cocotte Every de hierro fundido 18 cm Azure - dev6 Erresse\",\"isPartOf\":{\"@id\":\"https:\/\/dev6.erresse-shop.it\/#website\"},\"primaryImageOfPage\":{\"@id\":\"https:\/\/dev6.erresse-shop.it\/es\/shop\/sartenes-y-ollas\/marmitas-y-cocottes\/le-creuset-cocotte-every-de-hierro-fundido-18-cm-azure\/#primaryimage\"},\"image\":{\"@id\":\"https:\/\/dev6.erresse-shop.it\/es\/shop\/sartenes-y-ollas\/marmitas-y-cocottes\/le-creuset-cocotte-every-de-hierro-fundido-18-cm-azure\/#primaryimage\"},\"thumbnailUrl\":\"https:\/\/i2.wp.com\/interpim.erresse-shop.it\/Import\/Prodotti\/le-creuset-cocotte-every-in-ghisa-18-cm-azure.jpg?ssl=1\",\"datePublished\":\"2026-04-04T07:24:28+00:00\",\"description\":\"Inspiraci\u00f3n japonesa En Jap\u00f3n, despu\u00e9s de una comida, es costumbre exclamar \u201c\u00a1Gochisousama deshita!\u201d, expresi\u00f3n que significa \u201c\u00a1Gracias por la estupenda\",\"breadcrumb\":{\"@id\":\"https:\/\/dev6.erresse-shop.it\/es\/shop\/sartenes-y-ollas\/marmitas-y-cocottes\/le-creuset-cocotte-every-de-hierro-fundido-18-cm-azure\/#breadcrumb\"},\"inLanguage\":\"es\",\"potentialAction\":[{\"@type\":\"ReadAction\",\"target\":[\"https:\/\/dev6.erresse-shop.it\/es\/shop\/sartenes-y-ollas\/marmitas-y-cocottes\/le-creuset-cocotte-every-de-hierro-fundido-18-cm-azure\/\"]}]},{\"@type\":\"ImageObject\",\"inLanguage\":\"es\",\"@id\":\"https:\/\/dev6.erresse-shop.it\/es\/shop\/sartenes-y-ollas\/marmitas-y-cocottes\/le-creuset-cocotte-every-de-hierro-fundido-18-cm-azure\/#primaryimage\",\"url\":\"https:\/\/i2.wp.com\/interpim.erresse-shop.it\/Import\/Prodotti\/le-creuset-cocotte-every-in-ghisa-18-cm-azure.jpg?ssl=1\",\"contentUrl\":\"https:\/\/i2.wp.com\/interpim.erresse-shop.it\/Import\/Prodotti\/le-creuset-cocotte-every-in-ghisa-18-cm-azure.jpg?ssl=1\"},{\"@type\":\"BreadcrumbList\",\"@id\":\"https:\/\/dev6.erresse-shop.it\/es\/shop\/sartenes-y-ollas\/marmitas-y-cocottes\/le-creuset-cocotte-every-de-hierro-fundido-18-cm-azure\/#breadcrumb\",\"itemListElement\":[{\"@type\":\"ListItem\",\"position\":1,\"name\":\"Home\",\"item\":\"https:\/\/dev6.erresse-shop.it\/\"},{\"@type\":\"ListItem\",\"position\":2,\"name\":\"Tienda\",\"item\":\"https:\/\/dev6.erresse-shop.it\/shop\/\"},{\"@type\":\"ListItem\",\"position\":3,\"name\":\"LE CREUSET Cocotte Every de hierro fundido 18 cm Azure\"}]},{\"@type\":\"WebSite\",\"@id\":\"https:\/\/dev6.erresse-shop.it\/#website\",\"url\":\"https:\/\/dev6.erresse-shop.it\/\",\"name\":\"Erresse Shop\",\"description\":\"\",\"publisher\":{\"@id\":\"https:\/\/dev6.erresse-shop.it\/#organization\"},\"potentialAction\":[{\"@type\":\"SearchAction\",\"target\":{\"@type\":\"EntryPoint\",\"urlTemplate\":\"https:\/\/dev6.erresse-shop.it\/?s={search_term_string}\"},\"query-input\":{\"@type\":\"PropertyValueSpecification\",\"valueRequired\":true,\"valueName\":\"search_term_string\"}}],\"inLanguage\":\"es\"},{\"@type\":\"Organization\",\"@id\":\"https:\/\/dev6.erresse-shop.it\/#organization\",\"name\":\"Erresse Shop\",\"url\":\"https:\/\/dev6.erresse-shop.it\/\",\"logo\":{\"@type\":\"ImageObject\",\"inLanguage\":\"es\",\"@id\":\"https:\/\/dev6.erresse-shop.it\/#\/schema\/logo\/image\/\",\"url\":\"https:\/\/dev6.erresse-shop.it\/wp-content\/uploads\/2025\/01\/LOGO-ERRESSE-CLASSICO.svg\",\"contentUrl\":\"https:\/\/dev6.erresse-shop.it\/wp-content\/uploads\/2025\/01\/LOGO-ERRESSE-CLASSICO.svg\",\"caption\":\"Erresse Shop\"},\"image\":{\"@id\":\"https:\/\/dev6.erresse-shop.it\/#\/schema\/logo\/image\/\"}}]}<\/script>\n<!-- \/ Yoast SEO plugin. -->","yoast_head_json":{"title":"LE CREUSET Cocotte Every de hierro fundido 18 cm Azure - dev6 Erresse","description":"Inspiraci\u00f3n japonesa En Jap\u00f3n, despu\u00e9s de una comida, es costumbre exclamar \u201c\u00a1Gochisousama deshita!\u201d, expresi\u00f3n que significa \u201c\u00a1Gracias por la estupenda","robots":{"index":"noindex","follow":"follow","max-snippet":"max-snippet:-1","max-image-preview":"max-image-preview:large","max-video-preview":"max-video-preview:-1"},"og_locale":"es_ES","og_type":"article","og_title":"LE CREUSET Cocotte Every de hierro fundido 18 cm Azure - dev6 Erresse","og_description":"Inspiraci\u00f3n japonesa En Jap\u00f3n, despu\u00e9s de una comida, es costumbre exclamar \u201c\u00a1Gochisousama deshita!\u201d, expresi\u00f3n que significa \u201c\u00a1Gracias por la estupenda","og_url":"https:\/\/dev6.erresse-shop.it\/es\/shop\/sartenes-y-ollas\/marmitas-y-cocottes\/le-creuset-cocotte-every-de-hierro-fundido-18-cm-azure\/","og_site_name":"dev6 Erresse","og_image":[{"url":"https:\/\/interpim.erresse-shop.it\/Import\/Prodotti\/le-creuset-cocotte-every-in-ghisa-18-cm-azure.jpg","type":"","width":"","height":""},{"url":"https:\/\/interpim.erresse-shop.it\/Import\/Prodotti\/le-creuset-cocotte-every-in-ghisa-18-cm-azure.jpg","width":1024,"height":1024,"type":"image\/jpeg"}],"twitter_card":"summary_large_image","twitter_image":"https:\/\/interpim.erresse-shop.it\/Import\/Prodotti\/le-creuset-cocotte-every-in-ghisa-18-cm-azure.jpg","schema":{"@context":"https:\/\/schema.org","@graph":[{"@type":"WebPage","@id":"https:\/\/dev6.erresse-shop.it\/es\/shop\/sartenes-y-ollas\/marmitas-y-cocottes\/le-creuset-cocotte-every-de-hierro-fundido-18-cm-azure\/","url":"https:\/\/dev6.erresse-shop.it\/es\/shop\/sartenes-y-ollas\/marmitas-y-cocottes\/le-creuset-cocotte-every-de-hierro-fundido-18-cm-azure\/","name":"LE CREUSET Cocotte Every de hierro fundido 18 cm Azure - dev6 Erresse","isPartOf":{"@id":"https:\/\/dev6.erresse-shop.it\/#website"},"primaryImageOfPage":{"@id":"https:\/\/dev6.erresse-shop.it\/es\/shop\/sartenes-y-ollas\/marmitas-y-cocottes\/le-creuset-cocotte-every-de-hierro-fundido-18-cm-azure\/#primaryimage"},"image":{"@id":"https:\/\/dev6.erresse-shop.it\/es\/shop\/sartenes-y-ollas\/marmitas-y-cocottes\/le-creuset-cocotte-every-de-hierro-fundido-18-cm-azure\/#primaryimage"},"thumbnailUrl":"https:\/\/i2.wp.com\/interpim.erresse-shop.it\/Import\/Prodotti\/le-creuset-cocotte-every-in-ghisa-18-cm-azure.jpg?ssl=1","datePublished":"2026-04-04T07:24:28+00:00","description":"Inspiraci\u00f3n japonesa En Jap\u00f3n, despu\u00e9s de una comida, es costumbre exclamar \u201c\u00a1Gochisousama deshita!\u201d, expresi\u00f3n que significa \u201c\u00a1Gracias por la estupenda","breadcrumb":{"@id":"https:\/\/dev6.erresse-shop.it\/es\/shop\/sartenes-y-ollas\/marmitas-y-cocottes\/le-creuset-cocotte-every-de-hierro-fundido-18-cm-azure\/#breadcrumb"},"inLanguage":"es","potentialAction":[{"@type":"ReadAction","target":["https:\/\/dev6.erresse-shop.it\/es\/shop\/sartenes-y-ollas\/marmitas-y-cocottes\/le-creuset-cocotte-every-de-hierro-fundido-18-cm-azure\/"]}]},{"@type":"ImageObject","inLanguage":"es","@id":"https:\/\/dev6.erresse-shop.it\/es\/shop\/sartenes-y-ollas\/marmitas-y-cocottes\/le-creuset-cocotte-every-de-hierro-fundido-18-cm-azure\/#primaryimage","url":"https:\/\/i2.wp.com\/interpim.erresse-shop.it\/Import\/Prodotti\/le-creuset-cocotte-every-in-ghisa-18-cm-azure.jpg?ssl=1","contentUrl":"https:\/\/i2.wp.com\/interpim.erresse-shop.it\/Import\/Prodotti\/le-creuset-cocotte-every-in-ghisa-18-cm-azure.jpg?ssl=1"},{"@type":"BreadcrumbList","@id":"https:\/\/dev6.erresse-shop.it\/es\/shop\/sartenes-y-ollas\/marmitas-y-cocottes\/le-creuset-cocotte-every-de-hierro-fundido-18-cm-azure\/#breadcrumb","itemListElement":[{"@type":"ListItem","position":1,"name":"Home","item":"https:\/\/dev6.erresse-shop.it\/"},{"@type":"ListItem","position":2,"name":"Tienda","item":"https:\/\/dev6.erresse-shop.it\/shop\/"},{"@type":"ListItem","position":3,"name":"LE CREUSET Cocotte Every de hierro fundido 18 cm Azure"}]},{"@type":"WebSite","@id":"https:\/\/dev6.erresse-shop.it\/#website","url":"https:\/\/dev6.erresse-shop.it\/","name":"Erresse Shop","description":"","publisher":{"@id":"https:\/\/dev6.erresse-shop.it\/#organization"},"potentialAction":[{"@type":"SearchAction","target":{"@type":"EntryPoint","urlTemplate":"https:\/\/dev6.erresse-shop.it\/?s={search_term_string}"},"query-input":{"@type":"PropertyValueSpecification","valueRequired":true,"valueName":"search_term_string"}}],"inLanguage":"es"},{"@type":"Organization","@id":"https:\/\/dev6.erresse-shop.it\/#organization","name":"Erresse Shop","url":"https:\/\/dev6.erresse-shop.it\/","logo":{"@type":"ImageObject","inLanguage":"es","@id":"https:\/\/dev6.erresse-shop.it\/#\/schema\/logo\/image\/","url":"https:\/\/dev6.erresse-shop.it\/wp-content\/uploads\/2025\/01\/LOGO-ERRESSE-CLASSICO.svg","contentUrl":"https:\/\/dev6.erresse-shop.it\/wp-content\/uploads\/2025\/01\/LOGO-ERRESSE-CLASSICO.svg","caption":"Erresse Shop"},"image":{"@id":"https:\/\/dev6.erresse-shop.it\/#\/schema\/logo\/image\/"}}]}},"df_price":169.95,"df_sale_price":169.95,"df_regular_price":245,"df_image_link":"https:\/\/i2.wp.com\/interpim.erresse-shop.it\/Import\/Prodotti\/le-creuset-cocotte-every-in-ghisa-18-cm-azure.jpg?resize=300,300&ssl=1","fifu_image_url":"https:\/\/interpim.erresse-shop.it\/Import\/Prodotti\/le-creuset-cocotte-every-in-ghisa-18-cm-azure.jpg","_links":{"self":[{"href":"https:\/\/dev6.erresse-shop.it\/es\/wp-json\/wp\/v2\/product\/1879096","targetHints":{"allow":["GET"]}}],"collection":[{"href":"https:\/\/dev6.erresse-shop.it\/es\/wp-json\/wp\/v2\/product"}],"about":[{"href":"https:\/\/dev6.erresse-shop.it\/es\/wp-json\/wp\/v2\/types\/product"}],"wp:featuredmedia":[{"embeddable":true,"href":"https:\/\/dev6.erresse-shop.it\/es\/wp-json\/wp\/v2\/media\/6277029"}],"wp:attachment":[{"href":"https:\/\/dev6.erresse-shop.it\/es\/wp-json\/wp\/v2\/media?parent=1879096"}],"wp:term":[{"taxonomy":"product_cat","embeddable":true,"href":"https:\/\/dev6.erresse-shop.it\/es\/wp-json\/wp\/v2\/product_cat?post=1879096"},{"taxonomy":"product_tag","embeddable":true,"href":"https:\/\/dev6.erresse-shop.it\/es\/wp-json\/wp\/v2\/product_tag?post=1879096"}],"curies":[{"name":"wp","href":"https:\/\/api.w.org\/{rel}","templated":true}]}}