{"id":1879064,"date":"2026-04-12T09:24:52","date_gmt":"2026-04-12T07:24:52","guid":{"rendered":"https:\/\/dev6.erresse-shop.it\/shop\/sin%20categor\u00eda\/villeroy-boch-amazonia-elevador-27-cm\/"},"modified":"2025-09-14T08:16:39","modified_gmt":"2025-09-14T06:16:39","slug":"villeroy-boch-amazonia-elevador-27-cm","status":"publish","type":"product","link":"https:\/\/dev6.erresse-shop.it\/es\/shop\/tabla\/soportes-para-tartas\/villeroy-boch-amazonia-elevador-27-cm\/","title":{"rendered":"VILLEROY &#038; BOCH Amazonia Elevador 27 cm"},"content":{"rendered":"<p>Bellamente dispuestas en varios niveles<br \/>\nMagn\u00edficas orqu\u00eddeas, encantadores colibr\u00edes y coloridas mariposas directamente desde la selva tropical: con la colecci\u00f3n de vajillas y art\u00edculos de regalo Amazonia podr\u00e1 seguir los pasos del explorador Alexander von Humboldt. Cada uno de los art\u00edculos es un exclusivo reclamo en porcelana de hueso de primera calidad que le invita a un viaje de descubrimiento de la verdadera belleza de la naturaleza. El elevador, por ejemplo, presenta peque\u00f1os pasteles o s\u00e1ndwiches de una forma extremadamente elegante \u2013 para un placer que se eleva desde el fondo hasta el punto m\u00e1s alto.<br \/>\nEmb\u00e1rquese en una expedici\u00f3n en busca de estilo con decoraciones florales.<\/p>\n<p>Material: porcelana bone premium<br \/>\nDi\u00e1metro: 275mm<br \/>\nApto para lavavajillas: s\u00ed<br \/>\nApto para microondas: no<\/p>\n","protected":false},"excerpt":{"rendered":"<p>Bellamente dispuestas en varios niveles Magn\u00edficas orqu\u00eddeas, encantadores colibr\u00edes y coloridas mariposas directamente desde la selva tropical: con la colecci\u00f3n de vajillas y art\u00edculos de regalo Amazonia podr\u00e1 seguir los pasos del explorador Alexander von Humboldt. Cada uno de los art\u00edculos es un exclusivo reclamo en porcelana de hueso de primera calidad que le invita [&hellip;]<\/p>\n","protected":false},"featured_media":6360145,"template":"","meta":{"_acf_changed":false},"product_cat":[11909,11887,11671],"product_tag":[],"class_list":{"0":"post-1879064","1":"product","2":"type-product","3":"status-publish","4":"has-post-thumbnail","6":"product_cat-soportes-para-tartas","7":"product_cat-tabla","8":"product_cat-tavola","10":"first","11":"outofstock","12":"sale","13":"taxable","14":"shipping-taxable","15":"purchasable","16":"product-type-simple","swatches":"rey-swatches","show_selected":"","stretch_labels":"rey-swatches--stretch-labels"},"acf":[],"yoast_head":"<!-- This site is optimized with the Yoast SEO plugin v25.4 - https:\/\/yoast.com\/wordpress\/plugins\/seo\/ -->\n<title>VILLEROY &#038; BOCH Amazonia Elevador 27 cm - dev6 Erresse<\/title>\n<meta name=\"description\" content=\"Bellamente dispuestas en varios niveles Magn\u00edficas orqu\u00eddeas, encantadores colibr\u00edes y coloridas mariposas directamente desde la selva tropical: con la\" \/>\n<meta name=\"robots\" content=\"noindex, follow, max-snippet:-1, max-image-preview:large, max-video-preview:-1\" \/>\n<meta property=\"og:locale\" content=\"es_ES\" \/>\n<meta property=\"og:type\" content=\"article\" \/>\n<meta property=\"og:title\" content=\"VILLEROY &#038; BOCH Amazonia Elevador 27 cm - dev6 Erresse\" \/>\n<meta property=\"og:description\" content=\"Bellamente dispuestas en varios niveles Magn\u00edficas orqu\u00eddeas, encantadores colibr\u00edes y coloridas mariposas directamente desde la selva tropical: con la\" \/>\n<meta property=\"og:url\" content=\"https:\/\/dev6.erresse-shop.it\/es\/shop\/tabla\/soportes-para-tartas\/villeroy-boch-amazonia-elevador-27-cm\/\" \/>\n<meta property=\"og:site_name\" content=\"dev6 Erresse\" \/>\n<meta property=\"og:image\" content=\"https:\/\/interpim.erresse-shop.it\/Import\/Prodotti\/villeroy-boch-amazonia-alzata-27-cm-1.jpg\" \/><meta property=\"og:image\" content=\"https:\/\/interpim.erresse-shop.it\/Import\/Prodotti\/villeroy-boch-amazonia-alzata-27-cm-1.jpg\" \/>\n\t<meta property=\"og:image:width\" content=\"1024\" \/>\n\t<meta property=\"og:image:height\" content=\"1024\" \/>\n\t<meta property=\"og:image:type\" content=\"image\/jpeg\" \/>\n<meta name=\"twitter:card\" content=\"summary_large_image\" \/>\n<meta name=\"twitter:image\" content=\"https:\/\/interpim.erresse-shop.it\/Import\/Prodotti\/villeroy-boch-amazonia-alzata-27-cm-1.jpg\" \/>\n<script type=\"application\/ld+json\" class=\"yoast-schema-graph\">{\"@context\":\"https:\/\/schema.org\",\"@graph\":[{\"@type\":\"WebPage\",\"@id\":\"https:\/\/dev6.erresse-shop.it\/es\/shop\/tabla\/soportes-para-tartas\/villeroy-boch-amazonia-elevador-27-cm\/\",\"url\":\"https:\/\/dev6.erresse-shop.it\/es\/shop\/tabla\/soportes-para-tartas\/villeroy-boch-amazonia-elevador-27-cm\/\",\"name\":\"VILLEROY &#038; BOCH Amazonia Elevador 27 cm - dev6 Erresse\",\"isPartOf\":{\"@id\":\"https:\/\/dev6.erresse-shop.it\/#website\"},\"primaryImageOfPage\":{\"@id\":\"https:\/\/dev6.erresse-shop.it\/es\/shop\/tabla\/soportes-para-tartas\/villeroy-boch-amazonia-elevador-27-cm\/#primaryimage\"},\"image\":{\"@id\":\"https:\/\/dev6.erresse-shop.it\/es\/shop\/tabla\/soportes-para-tartas\/villeroy-boch-amazonia-elevador-27-cm\/#primaryimage\"},\"thumbnailUrl\":\"https:\/\/i3.wp.com\/interpim.erresse-shop.it\/Import\/Prodotti\/villeroy-boch-amazonia-alzata-27-cm-1.jpg?ssl=1\",\"datePublished\":\"2026-04-12T07:24:52+00:00\",\"description\":\"Bellamente dispuestas en varios niveles Magn\u00edficas orqu\u00eddeas, encantadores colibr\u00edes y coloridas mariposas directamente desde la selva tropical: con la\",\"breadcrumb\":{\"@id\":\"https:\/\/dev6.erresse-shop.it\/es\/shop\/tabla\/soportes-para-tartas\/villeroy-boch-amazonia-elevador-27-cm\/#breadcrumb\"},\"inLanguage\":\"es\",\"potentialAction\":[{\"@type\":\"ReadAction\",\"target\":[\"https:\/\/dev6.erresse-shop.it\/es\/shop\/tabla\/soportes-para-tartas\/villeroy-boch-amazonia-elevador-27-cm\/\"]}]},{\"@type\":\"ImageObject\",\"inLanguage\":\"es\",\"@id\":\"https:\/\/dev6.erresse-shop.it\/es\/shop\/tabla\/soportes-para-tartas\/villeroy-boch-amazonia-elevador-27-cm\/#primaryimage\",\"url\":\"https:\/\/i3.wp.com\/interpim.erresse-shop.it\/Import\/Prodotti\/villeroy-boch-amazonia-alzata-27-cm-1.jpg?ssl=1\",\"contentUrl\":\"https:\/\/i3.wp.com\/interpim.erresse-shop.it\/Import\/Prodotti\/villeroy-boch-amazonia-alzata-27-cm-1.jpg?ssl=1\"},{\"@type\":\"BreadcrumbList\",\"@id\":\"https:\/\/dev6.erresse-shop.it\/es\/shop\/tabla\/soportes-para-tartas\/villeroy-boch-amazonia-elevador-27-cm\/#breadcrumb\",\"itemListElement\":[{\"@type\":\"ListItem\",\"position\":1,\"name\":\"Home\",\"item\":\"https:\/\/dev6.erresse-shop.it\/\"},{\"@type\":\"ListItem\",\"position\":2,\"name\":\"Tienda\",\"item\":\"https:\/\/dev6.erresse-shop.it\/shop\/\"},{\"@type\":\"ListItem\",\"position\":3,\"name\":\"VILLEROY &#038; BOCH Amazonia Elevador 27 cm\"}]},{\"@type\":\"WebSite\",\"@id\":\"https:\/\/dev6.erresse-shop.it\/#website\",\"url\":\"https:\/\/dev6.erresse-shop.it\/\",\"name\":\"Erresse Shop\",\"description\":\"\",\"publisher\":{\"@id\":\"https:\/\/dev6.erresse-shop.it\/#organization\"},\"potentialAction\":[{\"@type\":\"SearchAction\",\"target\":{\"@type\":\"EntryPoint\",\"urlTemplate\":\"https:\/\/dev6.erresse-shop.it\/?s={search_term_string}\"},\"query-input\":{\"@type\":\"PropertyValueSpecification\",\"valueRequired\":true,\"valueName\":\"search_term_string\"}}],\"inLanguage\":\"es\"},{\"@type\":\"Organization\",\"@id\":\"https:\/\/dev6.erresse-shop.it\/#organization\",\"name\":\"Erresse Shop\",\"url\":\"https:\/\/dev6.erresse-shop.it\/\",\"logo\":{\"@type\":\"ImageObject\",\"inLanguage\":\"es\",\"@id\":\"https:\/\/dev6.erresse-shop.it\/#\/schema\/logo\/image\/\",\"url\":\"https:\/\/dev6.erresse-shop.it\/wp-content\/uploads\/2025\/01\/LOGO-ERRESSE-CLASSICO.svg\",\"contentUrl\":\"https:\/\/dev6.erresse-shop.it\/wp-content\/uploads\/2025\/01\/LOGO-ERRESSE-CLASSICO.svg\",\"caption\":\"Erresse Shop\"},\"image\":{\"@id\":\"https:\/\/dev6.erresse-shop.it\/#\/schema\/logo\/image\/\"}}]}<\/script>\n<!-- \/ Yoast SEO plugin. -->","yoast_head_json":{"title":"VILLEROY &#038; BOCH Amazonia Elevador 27 cm - dev6 Erresse","description":"Bellamente dispuestas en varios niveles Magn\u00edficas orqu\u00eddeas, encantadores colibr\u00edes y coloridas mariposas directamente desde la selva tropical: con la","robots":{"index":"noindex","follow":"follow","max-snippet":"max-snippet:-1","max-image-preview":"max-image-preview:large","max-video-preview":"max-video-preview:-1"},"og_locale":"es_ES","og_type":"article","og_title":"VILLEROY &#038; BOCH Amazonia Elevador 27 cm - dev6 Erresse","og_description":"Bellamente dispuestas en varios niveles Magn\u00edficas orqu\u00eddeas, encantadores colibr\u00edes y coloridas mariposas directamente desde la selva tropical: con la","og_url":"https:\/\/dev6.erresse-shop.it\/es\/shop\/tabla\/soportes-para-tartas\/villeroy-boch-amazonia-elevador-27-cm\/","og_site_name":"dev6 Erresse","og_image":[{"url":"https:\/\/interpim.erresse-shop.it\/Import\/Prodotti\/villeroy-boch-amazonia-alzata-27-cm-1.jpg","type":"","width":"","height":""},{"url":"https:\/\/interpim.erresse-shop.it\/Import\/Prodotti\/villeroy-boch-amazonia-alzata-27-cm-1.jpg","width":1024,"height":1024,"type":"image\/jpeg"}],"twitter_card":"summary_large_image","twitter_image":"https:\/\/interpim.erresse-shop.it\/Import\/Prodotti\/villeroy-boch-amazonia-alzata-27-cm-1.jpg","schema":{"@context":"https:\/\/schema.org","@graph":[{"@type":"WebPage","@id":"https:\/\/dev6.erresse-shop.it\/es\/shop\/tabla\/soportes-para-tartas\/villeroy-boch-amazonia-elevador-27-cm\/","url":"https:\/\/dev6.erresse-shop.it\/es\/shop\/tabla\/soportes-para-tartas\/villeroy-boch-amazonia-elevador-27-cm\/","name":"VILLEROY &#038; BOCH Amazonia Elevador 27 cm - dev6 Erresse","isPartOf":{"@id":"https:\/\/dev6.erresse-shop.it\/#website"},"primaryImageOfPage":{"@id":"https:\/\/dev6.erresse-shop.it\/es\/shop\/tabla\/soportes-para-tartas\/villeroy-boch-amazonia-elevador-27-cm\/#primaryimage"},"image":{"@id":"https:\/\/dev6.erresse-shop.it\/es\/shop\/tabla\/soportes-para-tartas\/villeroy-boch-amazonia-elevador-27-cm\/#primaryimage"},"thumbnailUrl":"https:\/\/i3.wp.com\/interpim.erresse-shop.it\/Import\/Prodotti\/villeroy-boch-amazonia-alzata-27-cm-1.jpg?ssl=1","datePublished":"2026-04-12T07:24:52+00:00","description":"Bellamente dispuestas en varios niveles Magn\u00edficas orqu\u00eddeas, encantadores colibr\u00edes y coloridas mariposas directamente desde la selva tropical: con la","breadcrumb":{"@id":"https:\/\/dev6.erresse-shop.it\/es\/shop\/tabla\/soportes-para-tartas\/villeroy-boch-amazonia-elevador-27-cm\/#breadcrumb"},"inLanguage":"es","potentialAction":[{"@type":"ReadAction","target":["https:\/\/dev6.erresse-shop.it\/es\/shop\/tabla\/soportes-para-tartas\/villeroy-boch-amazonia-elevador-27-cm\/"]}]},{"@type":"ImageObject","inLanguage":"es","@id":"https:\/\/dev6.erresse-shop.it\/es\/shop\/tabla\/soportes-para-tartas\/villeroy-boch-amazonia-elevador-27-cm\/#primaryimage","url":"https:\/\/i3.wp.com\/interpim.erresse-shop.it\/Import\/Prodotti\/villeroy-boch-amazonia-alzata-27-cm-1.jpg?ssl=1","contentUrl":"https:\/\/i3.wp.com\/interpim.erresse-shop.it\/Import\/Prodotti\/villeroy-boch-amazonia-alzata-27-cm-1.jpg?ssl=1"},{"@type":"BreadcrumbList","@id":"https:\/\/dev6.erresse-shop.it\/es\/shop\/tabla\/soportes-para-tartas\/villeroy-boch-amazonia-elevador-27-cm\/#breadcrumb","itemListElement":[{"@type":"ListItem","position":1,"name":"Home","item":"https:\/\/dev6.erresse-shop.it\/"},{"@type":"ListItem","position":2,"name":"Tienda","item":"https:\/\/dev6.erresse-shop.it\/shop\/"},{"@type":"ListItem","position":3,"name":"VILLEROY &#038; BOCH Amazonia Elevador 27 cm"}]},{"@type":"WebSite","@id":"https:\/\/dev6.erresse-shop.it\/#website","url":"https:\/\/dev6.erresse-shop.it\/","name":"Erresse Shop","description":"","publisher":{"@id":"https:\/\/dev6.erresse-shop.it\/#organization"},"potentialAction":[{"@type":"SearchAction","target":{"@type":"EntryPoint","urlTemplate":"https:\/\/dev6.erresse-shop.it\/?s={search_term_string}"},"query-input":{"@type":"PropertyValueSpecification","valueRequired":true,"valueName":"search_term_string"}}],"inLanguage":"es"},{"@type":"Organization","@id":"https:\/\/dev6.erresse-shop.it\/#organization","name":"Erresse Shop","url":"https:\/\/dev6.erresse-shop.it\/","logo":{"@type":"ImageObject","inLanguage":"es","@id":"https:\/\/dev6.erresse-shop.it\/#\/schema\/logo\/image\/","url":"https:\/\/dev6.erresse-shop.it\/wp-content\/uploads\/2025\/01\/LOGO-ERRESSE-CLASSICO.svg","contentUrl":"https:\/\/dev6.erresse-shop.it\/wp-content\/uploads\/2025\/01\/LOGO-ERRESSE-CLASSICO.svg","caption":"Erresse Shop"},"image":{"@id":"https:\/\/dev6.erresse-shop.it\/#\/schema\/logo\/image\/"}}]}},"df_price":129,"df_sale_price":129,"df_regular_price":169,"df_image_link":"https:\/\/i3.wp.com\/interpim.erresse-shop.it\/Import\/Prodotti\/villeroy-boch-amazonia-alzata-27-cm-1.jpg?resize=300,300&ssl=1","fifu_image_url":"https:\/\/interpim.erresse-shop.it\/Import\/Prodotti\/villeroy-boch-amazonia-alzata-27-cm-1.jpg","_links":{"self":[{"href":"https:\/\/dev6.erresse-shop.it\/es\/wp-json\/wp\/v2\/product\/1879064","targetHints":{"allow":["GET"]}}],"collection":[{"href":"https:\/\/dev6.erresse-shop.it\/es\/wp-json\/wp\/v2\/product"}],"about":[{"href":"https:\/\/dev6.erresse-shop.it\/es\/wp-json\/wp\/v2\/types\/product"}],"wp:featuredmedia":[{"embeddable":true,"href":"https:\/\/dev6.erresse-shop.it\/es\/wp-json\/wp\/v2\/media\/6360145"}],"wp:attachment":[{"href":"https:\/\/dev6.erresse-shop.it\/es\/wp-json\/wp\/v2\/media?parent=1879064"}],"wp:term":[{"taxonomy":"product_cat","embeddable":true,"href":"https:\/\/dev6.erresse-shop.it\/es\/wp-json\/wp\/v2\/product_cat?post=1879064"},{"taxonomy":"product_tag","embeddable":true,"href":"https:\/\/dev6.erresse-shop.it\/es\/wp-json\/wp\/v2\/product_tag?post=1879064"}],"curies":[{"name":"wp","href":"https:\/\/api.w.org\/{rel}","templated":true}]}}