{"id":1879044,"date":"2026-04-12T09:23:20","date_gmt":"2026-04-12T07:23:20","guid":{"rendered":"https:\/\/dev6.erresse-shop.it\/shop\/sin%20categor\u00eda\/villeroy-boch-metro-chic-cuenco-de-33-cm\/"},"modified":"2026-02-05T18:38:20","modified_gmt":"2026-02-05T17:38:20","slug":"villeroy-boch-metro-chic-cuenco-de-33-cm","status":"publish","type":"product","link":"https:\/\/dev6.erresse-shop.it\/es\/shop\/tabla\/cestas-y-cuencos\/villeroy-boch-metro-chic-cuenco-de-33-cm\/","title":{"rendered":"VILLEROY &#038; BOCH Metro Chic Cuenco de 33 cm"},"content":{"rendered":"<p>Para servir y decorar con estilo<br \/>\nYa sea en blanco purista o con motivos geom\u00e9tricos en negro y dorado, todas las piezas de la colecci\u00f3n de vajillas y art\u00edculos de regalo premium MetroChic pueden combinarse entre s\u00ed de nuevas formas. La porcelana de hueso Premium, especialmente duradera, convierte cada mesa en una declaraci\u00f3n de estilo moderno de elegancia atemporal. El decorativo cuenco plano para servir completa su bonita mesa y le deleitar\u00e1 durante mucho tiempo con brillantes decoraciones gracias a la tecnolog\u00eda \u201cInglaze Gold\u201d. M\u00edmese con un dise\u00f1o urbano o deleite a los dem\u00e1s con esta exquisita idea de regalo.<\/p>\n<p>Material: porcelana bone premium<br \/>\nDi\u00e1metro: 330mm<br \/>\nApto para lavavajillas: s\u00ed<br \/>\nApto para microondas: no<\/p>\n","protected":false},"excerpt":{"rendered":"<p>Para servir y decorar con estilo Ya sea en blanco purista o con motivos geom\u00e9tricos en negro y dorado, todas las piezas de la colecci\u00f3n de vajillas y art\u00edculos de regalo premium MetroChic pueden combinarse entre s\u00ed de nuevas formas. La porcelana de hueso Premium, especialmente duradera, convierte cada mesa en una declaraci\u00f3n de estilo [&hellip;]<\/p>\n","protected":false},"featured_media":6360062,"template":"","meta":{"_acf_changed":false},"product_cat":[11907,11887,11671],"product_tag":[],"class_list":{"0":"post-1879044","1":"product","2":"type-product","3":"status-publish","4":"has-post-thumbnail","6":"product_cat-cestas-y-cuencos","7":"product_cat-tabla","8":"product_cat-tavola","10":"first","11":"outofstock","12":"sale","13":"taxable","14":"shipping-taxable","15":"purchasable","16":"product-type-simple","swatches":"rey-swatches","show_selected":"","stretch_labels":"rey-swatches--stretch-labels"},"acf":[],"yoast_head":"<!-- This site is optimized with the Yoast SEO plugin v25.4 - https:\/\/yoast.com\/wordpress\/plugins\/seo\/ -->\n<title>VILLEROY &#038; BOCH Metro Chic Cuenco de 33 cm - dev6 Erresse<\/title>\n<meta name=\"description\" content=\"Para servir y decorar con estilo Ya sea en blanco purista o con motivos geom\u00e9tricos en negro y dorado, todas las piezas de la colecci\u00f3n de vajillas y\" \/>\n<meta name=\"robots\" content=\"noindex, follow, max-snippet:-1, max-image-preview:large, max-video-preview:-1\" \/>\n<meta property=\"og:locale\" content=\"es_ES\" \/>\n<meta property=\"og:type\" content=\"article\" \/>\n<meta property=\"og:title\" content=\"VILLEROY &#038; BOCH Metro Chic Cuenco de 33 cm - dev6 Erresse\" \/>\n<meta property=\"og:description\" content=\"Para servir y decorar con estilo Ya sea en blanco purista o con motivos geom\u00e9tricos en negro y dorado, todas las piezas de la colecci\u00f3n de vajillas y\" \/>\n<meta property=\"og:url\" content=\"https:\/\/dev6.erresse-shop.it\/es\/shop\/tabla\/cestas-y-cuencos\/villeroy-boch-metro-chic-cuenco-de-33-cm\/\" \/>\n<meta property=\"og:site_name\" content=\"dev6 Erresse\" \/>\n<meta property=\"og:image\" content=\"https:\/\/interpim.erresse-shop.it\/Import\/Prodotti\/villeroy-boch-metro-chic-ciotola-33-cm-1.jpg\" \/><meta property=\"og:image\" content=\"https:\/\/interpim.erresse-shop.it\/Import\/Prodotti\/villeroy-boch-metro-chic-ciotola-33-cm-1.jpg\" \/>\n\t<meta property=\"og:image:width\" content=\"1024\" \/>\n\t<meta property=\"og:image:height\" content=\"1024\" \/>\n\t<meta property=\"og:image:type\" content=\"image\/jpeg\" \/>\n<meta name=\"twitter:card\" content=\"summary_large_image\" \/>\n<meta name=\"twitter:image\" content=\"https:\/\/interpim.erresse-shop.it\/Import\/Prodotti\/villeroy-boch-metro-chic-ciotola-33-cm-1.jpg\" \/>\n<script type=\"application\/ld+json\" class=\"yoast-schema-graph\">{\"@context\":\"https:\/\/schema.org\",\"@graph\":[{\"@type\":\"WebPage\",\"@id\":\"https:\/\/dev6.erresse-shop.it\/es\/shop\/tabla\/cestas-y-cuencos\/villeroy-boch-metro-chic-cuenco-de-33-cm\/\",\"url\":\"https:\/\/dev6.erresse-shop.it\/es\/shop\/tabla\/cestas-y-cuencos\/villeroy-boch-metro-chic-cuenco-de-33-cm\/\",\"name\":\"VILLEROY &#038; BOCH Metro Chic Cuenco de 33 cm - dev6 Erresse\",\"isPartOf\":{\"@id\":\"https:\/\/dev6.erresse-shop.it\/#website\"},\"primaryImageOfPage\":{\"@id\":\"https:\/\/dev6.erresse-shop.it\/es\/shop\/tabla\/cestas-y-cuencos\/villeroy-boch-metro-chic-cuenco-de-33-cm\/#primaryimage\"},\"image\":{\"@id\":\"https:\/\/dev6.erresse-shop.it\/es\/shop\/tabla\/cestas-y-cuencos\/villeroy-boch-metro-chic-cuenco-de-33-cm\/#primaryimage\"},\"thumbnailUrl\":\"https:\/\/i2.wp.com\/interpim.erresse-shop.it\/Import\/Prodotti\/villeroy-boch-metro-chic-ciotola-33-cm-1.jpg?ssl=1\",\"datePublished\":\"2026-04-12T07:23:20+00:00\",\"description\":\"Para servir y decorar con estilo Ya sea en blanco purista o con motivos geom\u00e9tricos en negro y dorado, todas las piezas de la colecci\u00f3n de vajillas y\",\"breadcrumb\":{\"@id\":\"https:\/\/dev6.erresse-shop.it\/es\/shop\/tabla\/cestas-y-cuencos\/villeroy-boch-metro-chic-cuenco-de-33-cm\/#breadcrumb\"},\"inLanguage\":\"es\",\"potentialAction\":[{\"@type\":\"ReadAction\",\"target\":[\"https:\/\/dev6.erresse-shop.it\/es\/shop\/tabla\/cestas-y-cuencos\/villeroy-boch-metro-chic-cuenco-de-33-cm\/\"]}]},{\"@type\":\"ImageObject\",\"inLanguage\":\"es\",\"@id\":\"https:\/\/dev6.erresse-shop.it\/es\/shop\/tabla\/cestas-y-cuencos\/villeroy-boch-metro-chic-cuenco-de-33-cm\/#primaryimage\",\"url\":\"https:\/\/i2.wp.com\/interpim.erresse-shop.it\/Import\/Prodotti\/villeroy-boch-metro-chic-ciotola-33-cm-1.jpg?ssl=1\",\"contentUrl\":\"https:\/\/i2.wp.com\/interpim.erresse-shop.it\/Import\/Prodotti\/villeroy-boch-metro-chic-ciotola-33-cm-1.jpg?ssl=1\"},{\"@type\":\"BreadcrumbList\",\"@id\":\"https:\/\/dev6.erresse-shop.it\/es\/shop\/tabla\/cestas-y-cuencos\/villeroy-boch-metro-chic-cuenco-de-33-cm\/#breadcrumb\",\"itemListElement\":[{\"@type\":\"ListItem\",\"position\":1,\"name\":\"Home\",\"item\":\"https:\/\/dev6.erresse-shop.it\/\"},{\"@type\":\"ListItem\",\"position\":2,\"name\":\"Tienda\",\"item\":\"https:\/\/dev6.erresse-shop.it\/shop\/\"},{\"@type\":\"ListItem\",\"position\":3,\"name\":\"VILLEROY &#038; BOCH Metro Chic Cuenco de 33 cm\"}]},{\"@type\":\"WebSite\",\"@id\":\"https:\/\/dev6.erresse-shop.it\/#website\",\"url\":\"https:\/\/dev6.erresse-shop.it\/\",\"name\":\"Erresse Shop\",\"description\":\"\",\"publisher\":{\"@id\":\"https:\/\/dev6.erresse-shop.it\/#organization\"},\"potentialAction\":[{\"@type\":\"SearchAction\",\"target\":{\"@type\":\"EntryPoint\",\"urlTemplate\":\"https:\/\/dev6.erresse-shop.it\/?s={search_term_string}\"},\"query-input\":{\"@type\":\"PropertyValueSpecification\",\"valueRequired\":true,\"valueName\":\"search_term_string\"}}],\"inLanguage\":\"es\"},{\"@type\":\"Organization\",\"@id\":\"https:\/\/dev6.erresse-shop.it\/#organization\",\"name\":\"Erresse Shop\",\"url\":\"https:\/\/dev6.erresse-shop.it\/\",\"logo\":{\"@type\":\"ImageObject\",\"inLanguage\":\"es\",\"@id\":\"https:\/\/dev6.erresse-shop.it\/#\/schema\/logo\/image\/\",\"url\":\"https:\/\/dev6.erresse-shop.it\/wp-content\/uploads\/2025\/01\/LOGO-ERRESSE-CLASSICO.svg\",\"contentUrl\":\"https:\/\/dev6.erresse-shop.it\/wp-content\/uploads\/2025\/01\/LOGO-ERRESSE-CLASSICO.svg\",\"caption\":\"Erresse Shop\"},\"image\":{\"@id\":\"https:\/\/dev6.erresse-shop.it\/#\/schema\/logo\/image\/\"}}]}<\/script>\n<!-- \/ Yoast SEO plugin. -->","yoast_head_json":{"title":"VILLEROY &#038; BOCH Metro Chic Cuenco de 33 cm - dev6 Erresse","description":"Para servir y decorar con estilo Ya sea en blanco purista o con motivos geom\u00e9tricos en negro y dorado, todas las piezas de la colecci\u00f3n de vajillas y","robots":{"index":"noindex","follow":"follow","max-snippet":"max-snippet:-1","max-image-preview":"max-image-preview:large","max-video-preview":"max-video-preview:-1"},"og_locale":"es_ES","og_type":"article","og_title":"VILLEROY &#038; BOCH Metro Chic Cuenco de 33 cm - dev6 Erresse","og_description":"Para servir y decorar con estilo Ya sea en blanco purista o con motivos geom\u00e9tricos en negro y dorado, todas las piezas de la colecci\u00f3n de vajillas y","og_url":"https:\/\/dev6.erresse-shop.it\/es\/shop\/tabla\/cestas-y-cuencos\/villeroy-boch-metro-chic-cuenco-de-33-cm\/","og_site_name":"dev6 Erresse","og_image":[{"url":"https:\/\/interpim.erresse-shop.it\/Import\/Prodotti\/villeroy-boch-metro-chic-ciotola-33-cm-1.jpg","type":"","width":"","height":""},{"url":"https:\/\/interpim.erresse-shop.it\/Import\/Prodotti\/villeroy-boch-metro-chic-ciotola-33-cm-1.jpg","width":1024,"height":1024,"type":"image\/jpeg"}],"twitter_card":"summary_large_image","twitter_image":"https:\/\/interpim.erresse-shop.it\/Import\/Prodotti\/villeroy-boch-metro-chic-ciotola-33-cm-1.jpg","schema":{"@context":"https:\/\/schema.org","@graph":[{"@type":"WebPage","@id":"https:\/\/dev6.erresse-shop.it\/es\/shop\/tabla\/cestas-y-cuencos\/villeroy-boch-metro-chic-cuenco-de-33-cm\/","url":"https:\/\/dev6.erresse-shop.it\/es\/shop\/tabla\/cestas-y-cuencos\/villeroy-boch-metro-chic-cuenco-de-33-cm\/","name":"VILLEROY &#038; BOCH Metro Chic Cuenco de 33 cm - dev6 Erresse","isPartOf":{"@id":"https:\/\/dev6.erresse-shop.it\/#website"},"primaryImageOfPage":{"@id":"https:\/\/dev6.erresse-shop.it\/es\/shop\/tabla\/cestas-y-cuencos\/villeroy-boch-metro-chic-cuenco-de-33-cm\/#primaryimage"},"image":{"@id":"https:\/\/dev6.erresse-shop.it\/es\/shop\/tabla\/cestas-y-cuencos\/villeroy-boch-metro-chic-cuenco-de-33-cm\/#primaryimage"},"thumbnailUrl":"https:\/\/i2.wp.com\/interpim.erresse-shop.it\/Import\/Prodotti\/villeroy-boch-metro-chic-ciotola-33-cm-1.jpg?ssl=1","datePublished":"2026-04-12T07:23:20+00:00","description":"Para servir y decorar con estilo Ya sea en blanco purista o con motivos geom\u00e9tricos en negro y dorado, todas las piezas de la colecci\u00f3n de vajillas y","breadcrumb":{"@id":"https:\/\/dev6.erresse-shop.it\/es\/shop\/tabla\/cestas-y-cuencos\/villeroy-boch-metro-chic-cuenco-de-33-cm\/#breadcrumb"},"inLanguage":"es","potentialAction":[{"@type":"ReadAction","target":["https:\/\/dev6.erresse-shop.it\/es\/shop\/tabla\/cestas-y-cuencos\/villeroy-boch-metro-chic-cuenco-de-33-cm\/"]}]},{"@type":"ImageObject","inLanguage":"es","@id":"https:\/\/dev6.erresse-shop.it\/es\/shop\/tabla\/cestas-y-cuencos\/villeroy-boch-metro-chic-cuenco-de-33-cm\/#primaryimage","url":"https:\/\/i2.wp.com\/interpim.erresse-shop.it\/Import\/Prodotti\/villeroy-boch-metro-chic-ciotola-33-cm-1.jpg?ssl=1","contentUrl":"https:\/\/i2.wp.com\/interpim.erresse-shop.it\/Import\/Prodotti\/villeroy-boch-metro-chic-ciotola-33-cm-1.jpg?ssl=1"},{"@type":"BreadcrumbList","@id":"https:\/\/dev6.erresse-shop.it\/es\/shop\/tabla\/cestas-y-cuencos\/villeroy-boch-metro-chic-cuenco-de-33-cm\/#breadcrumb","itemListElement":[{"@type":"ListItem","position":1,"name":"Home","item":"https:\/\/dev6.erresse-shop.it\/"},{"@type":"ListItem","position":2,"name":"Tienda","item":"https:\/\/dev6.erresse-shop.it\/shop\/"},{"@type":"ListItem","position":3,"name":"VILLEROY &#038; BOCH Metro Chic Cuenco de 33 cm"}]},{"@type":"WebSite","@id":"https:\/\/dev6.erresse-shop.it\/#website","url":"https:\/\/dev6.erresse-shop.it\/","name":"Erresse Shop","description":"","publisher":{"@id":"https:\/\/dev6.erresse-shop.it\/#organization"},"potentialAction":[{"@type":"SearchAction","target":{"@type":"EntryPoint","urlTemplate":"https:\/\/dev6.erresse-shop.it\/?s={search_term_string}"},"query-input":{"@type":"PropertyValueSpecification","valueRequired":true,"valueName":"search_term_string"}}],"inLanguage":"es"},{"@type":"Organization","@id":"https:\/\/dev6.erresse-shop.it\/#organization","name":"Erresse Shop","url":"https:\/\/dev6.erresse-shop.it\/","logo":{"@type":"ImageObject","inLanguage":"es","@id":"https:\/\/dev6.erresse-shop.it\/#\/schema\/logo\/image\/","url":"https:\/\/dev6.erresse-shop.it\/wp-content\/uploads\/2025\/01\/LOGO-ERRESSE-CLASSICO.svg","contentUrl":"https:\/\/dev6.erresse-shop.it\/wp-content\/uploads\/2025\/01\/LOGO-ERRESSE-CLASSICO.svg","caption":"Erresse Shop"},"image":{"@id":"https:\/\/dev6.erresse-shop.it\/#\/schema\/logo\/image\/"}}]}},"df_price":139.95,"df_sale_price":139.95,"df_regular_price":199,"df_image_link":"https:\/\/i2.wp.com\/interpim.erresse-shop.it\/Import\/Prodotti\/villeroy-boch-metro-chic-ciotola-33-cm-1.jpg?resize=300,300&ssl=1","fifu_image_url":"https:\/\/interpim.erresse-shop.it\/Import\/Prodotti\/villeroy-boch-metro-chic-ciotola-33-cm-1.jpg","_links":{"self":[{"href":"https:\/\/dev6.erresse-shop.it\/es\/wp-json\/wp\/v2\/product\/1879044","targetHints":{"allow":["GET"]}}],"collection":[{"href":"https:\/\/dev6.erresse-shop.it\/es\/wp-json\/wp\/v2\/product"}],"about":[{"href":"https:\/\/dev6.erresse-shop.it\/es\/wp-json\/wp\/v2\/types\/product"}],"wp:featuredmedia":[{"embeddable":true,"href":"https:\/\/dev6.erresse-shop.it\/es\/wp-json\/wp\/v2\/media\/6360062"}],"wp:attachment":[{"href":"https:\/\/dev6.erresse-shop.it\/es\/wp-json\/wp\/v2\/media?parent=1879044"}],"wp:term":[{"taxonomy":"product_cat","embeddable":true,"href":"https:\/\/dev6.erresse-shop.it\/es\/wp-json\/wp\/v2\/product_cat?post=1879044"},{"taxonomy":"product_tag","embeddable":true,"href":"https:\/\/dev6.erresse-shop.it\/es\/wp-json\/wp\/v2\/product_tag?post=1879044"}],"curies":[{"name":"wp","href":"https:\/\/api.w.org\/{rel}","templated":true}]}}