{"id":1879022,"date":"2026-04-04T09:21:30","date_gmt":"2026-04-04T07:21:30","guid":{"rendered":"https:\/\/dev6.erresse-shop.it\/shop\/sin%20categor\u00eda\/villeroy-boch-metro-chic-set-2-copas-de-vino-tinto-240-mm\/"},"modified":"2025-07-04T22:11:05","modified_gmt":"2025-07-04T20:11:05","slug":"villeroy-boch-metro-chic-set-2-copas-de-vino-tinto-240-mm","status":"publish","type":"product","link":"https:\/\/dev6.erresse-shop.it\/es\/shop\/tabla\/vino\/calices\/villeroy-boch-metro-chic-set-2-copas-de-vino-tinto-240-mm\/","title":{"rendered":"VILLEROY &#038; BOCH Metro Chic Set 2 Copas de Vino Tinto 240 mm"},"content":{"rendered":"<p>Para vinos tintos con cuerpoLa nueva colecci\u00f3n MetroChic Glass ha sido creada para satisfacer las m\u00e1s altas exigencias sin concesiones. Las copas grandes y la forma c\u00f3nica permiten que el bouquet de aromas se despliegue de forma \u00f3ptima sin desvanecerse r\u00e1pidamente. La moderna forma de estas copas para vino tinto permite que el aroma de los vinos finos se libere a la perfecci\u00f3n. Sirva un vino blanco fresco con un plato ligero en una copa elegante y a la moda.<\/p>\n<p>Material: cristalVolumen: 200mlApto para lavavajillas: s\u00edApto para microondas: no<\/p>\n","protected":false},"excerpt":{"rendered":"<p>Para vinos tintos con cuerpoLa nueva colecci\u00f3n MetroChic Glass ha sido creada para satisfacer las m\u00e1s altas exigencias sin concesiones. Las copas grandes y la forma c\u00f3nica permiten que el bouquet de aromas se despliegue de forma \u00f3ptima sin desvanecerse r\u00e1pidamente. La moderna forma de estas copas para vino tinto permite que el aroma de [&hellip;]<\/p>\n","protected":false},"featured_media":6276687,"template":"","meta":{"_acf_changed":false},"product_cat":[11970,11961],"product_tag":[],"class_list":{"0":"post-1879022","1":"product","2":"type-product","3":"status-publish","4":"has-post-thumbnail","6":"product_cat-calices","7":"product_cat-vino","9":"first","10":"outofstock","11":"taxable","12":"shipping-taxable","13":"purchasable","14":"product-type-simple","swatches":"rey-swatches","show_selected":"","stretch_labels":"rey-swatches--stretch-labels"},"acf":[],"yoast_head":"<!-- This site is optimized with the Yoast SEO plugin v25.4 - https:\/\/yoast.com\/wordpress\/plugins\/seo\/ -->\n<title>VILLEROY &#038; BOCH Metro Chic Set 2 Copas de Vino Tinto 240 mm - dev6 Erresse<\/title>\n<meta name=\"description\" content=\"Para vinos tintos con cuerpoLa nueva colecci\u00f3n MetroChic Glass ha sido creada para satisfacer las m\u00e1s altas exigencias sin concesiones. Las copas grandes\" \/>\n<meta name=\"robots\" content=\"noindex, follow, max-snippet:-1, max-image-preview:large, max-video-preview:-1\" \/>\n<meta property=\"og:locale\" content=\"es_ES\" \/>\n<meta property=\"og:type\" content=\"article\" \/>\n<meta property=\"og:title\" content=\"VILLEROY &#038; BOCH Metro Chic Set 2 Copas de Vino Tinto 240 mm - dev6 Erresse\" \/>\n<meta property=\"og:description\" content=\"Para vinos tintos con cuerpoLa nueva colecci\u00f3n MetroChic Glass ha sido creada para satisfacer las m\u00e1s altas exigencias sin concesiones. Las copas grandes\" \/>\n<meta property=\"og:url\" content=\"https:\/\/dev6.erresse-shop.it\/es\/shop\/tabla\/vino\/calices\/villeroy-boch-metro-chic-set-2-copas-de-vino-tinto-240-mm\/\" \/>\n<meta property=\"og:site_name\" content=\"dev6 Erresse\" \/>\n<meta property=\"og:image\" content=\"https:\/\/interpim.erresse-shop.it\/Import\/Prodotti\/villeroy-boch-metro-chic-set-2-calici-vino-rosso-240-mm-1.jpg\" \/><meta property=\"og:image\" content=\"https:\/\/interpim.erresse-shop.it\/Import\/Prodotti\/villeroy-boch-metro-chic-set-2-calici-vino-rosso-240-mm-1.jpg\" \/>\n\t<meta property=\"og:image:width\" content=\"1024\" \/>\n\t<meta property=\"og:image:height\" content=\"1024\" \/>\n\t<meta property=\"og:image:type\" content=\"image\/jpeg\" \/>\n<meta name=\"twitter:card\" content=\"summary_large_image\" \/>\n<meta name=\"twitter:image\" content=\"https:\/\/interpim.erresse-shop.it\/Import\/Prodotti\/villeroy-boch-metro-chic-set-2-calici-vino-rosso-240-mm-1.jpg\" \/>\n<script type=\"application\/ld+json\" class=\"yoast-schema-graph\">{\"@context\":\"https:\/\/schema.org\",\"@graph\":[{\"@type\":\"WebPage\",\"@id\":\"https:\/\/dev6.erresse-shop.it\/es\/shop\/tabla\/vino\/calices\/villeroy-boch-metro-chic-set-2-copas-de-vino-tinto-240-mm\/\",\"url\":\"https:\/\/dev6.erresse-shop.it\/es\/shop\/tabla\/vino\/calices\/villeroy-boch-metro-chic-set-2-copas-de-vino-tinto-240-mm\/\",\"name\":\"VILLEROY &#038; BOCH Metro Chic Set 2 Copas de Vino Tinto 240 mm - dev6 Erresse\",\"isPartOf\":{\"@id\":\"https:\/\/dev6.erresse-shop.it\/#website\"},\"primaryImageOfPage\":{\"@id\":\"https:\/\/dev6.erresse-shop.it\/es\/shop\/tabla\/vino\/calices\/villeroy-boch-metro-chic-set-2-copas-de-vino-tinto-240-mm\/#primaryimage\"},\"image\":{\"@id\":\"https:\/\/dev6.erresse-shop.it\/es\/shop\/tabla\/vino\/calices\/villeroy-boch-metro-chic-set-2-copas-de-vino-tinto-240-mm\/#primaryimage\"},\"thumbnailUrl\":\"https:\/\/i3.wp.com\/interpim.erresse-shop.it\/Import\/Prodotti\/villeroy-boch-metro-chic-set-2-calici-vino-rosso-240-mm-1.jpg?ssl=1\",\"datePublished\":\"2026-04-04T07:21:30+00:00\",\"description\":\"Para vinos tintos con cuerpoLa nueva colecci\u00f3n MetroChic Glass ha sido creada para satisfacer las m\u00e1s altas exigencias sin concesiones. Las copas grandes\",\"breadcrumb\":{\"@id\":\"https:\/\/dev6.erresse-shop.it\/es\/shop\/tabla\/vino\/calices\/villeroy-boch-metro-chic-set-2-copas-de-vino-tinto-240-mm\/#breadcrumb\"},\"inLanguage\":\"es\",\"potentialAction\":[{\"@type\":\"ReadAction\",\"target\":[\"https:\/\/dev6.erresse-shop.it\/es\/shop\/tabla\/vino\/calices\/villeroy-boch-metro-chic-set-2-copas-de-vino-tinto-240-mm\/\"]}]},{\"@type\":\"ImageObject\",\"inLanguage\":\"es\",\"@id\":\"https:\/\/dev6.erresse-shop.it\/es\/shop\/tabla\/vino\/calices\/villeroy-boch-metro-chic-set-2-copas-de-vino-tinto-240-mm\/#primaryimage\",\"url\":\"https:\/\/i3.wp.com\/interpim.erresse-shop.it\/Import\/Prodotti\/villeroy-boch-metro-chic-set-2-calici-vino-rosso-240-mm-1.jpg?ssl=1\",\"contentUrl\":\"https:\/\/i3.wp.com\/interpim.erresse-shop.it\/Import\/Prodotti\/villeroy-boch-metro-chic-set-2-calici-vino-rosso-240-mm-1.jpg?ssl=1\"},{\"@type\":\"BreadcrumbList\",\"@id\":\"https:\/\/dev6.erresse-shop.it\/es\/shop\/tabla\/vino\/calices\/villeroy-boch-metro-chic-set-2-copas-de-vino-tinto-240-mm\/#breadcrumb\",\"itemListElement\":[{\"@type\":\"ListItem\",\"position\":1,\"name\":\"Home\",\"item\":\"https:\/\/dev6.erresse-shop.it\/\"},{\"@type\":\"ListItem\",\"position\":2,\"name\":\"Tienda\",\"item\":\"https:\/\/dev6.erresse-shop.it\/shop\/\"},{\"@type\":\"ListItem\",\"position\":3,\"name\":\"VILLEROY &#038; BOCH Metro Chic Set 2 Copas de Vino Tinto 240 mm\"}]},{\"@type\":\"WebSite\",\"@id\":\"https:\/\/dev6.erresse-shop.it\/#website\",\"url\":\"https:\/\/dev6.erresse-shop.it\/\",\"name\":\"Erresse Shop\",\"description\":\"\",\"publisher\":{\"@id\":\"https:\/\/dev6.erresse-shop.it\/#organization\"},\"potentialAction\":[{\"@type\":\"SearchAction\",\"target\":{\"@type\":\"EntryPoint\",\"urlTemplate\":\"https:\/\/dev6.erresse-shop.it\/?s={search_term_string}\"},\"query-input\":{\"@type\":\"PropertyValueSpecification\",\"valueRequired\":true,\"valueName\":\"search_term_string\"}}],\"inLanguage\":\"es\"},{\"@type\":\"Organization\",\"@id\":\"https:\/\/dev6.erresse-shop.it\/#organization\",\"name\":\"Erresse Shop\",\"url\":\"https:\/\/dev6.erresse-shop.it\/\",\"logo\":{\"@type\":\"ImageObject\",\"inLanguage\":\"es\",\"@id\":\"https:\/\/dev6.erresse-shop.it\/#\/schema\/logo\/image\/\",\"url\":\"https:\/\/dev6.erresse-shop.it\/wp-content\/uploads\/2025\/01\/LOGO-ERRESSE-CLASSICO.svg\",\"contentUrl\":\"https:\/\/dev6.erresse-shop.it\/wp-content\/uploads\/2025\/01\/LOGO-ERRESSE-CLASSICO.svg\",\"caption\":\"Erresse Shop\"},\"image\":{\"@id\":\"https:\/\/dev6.erresse-shop.it\/#\/schema\/logo\/image\/\"}}]}<\/script>\n<!-- \/ Yoast SEO plugin. -->","yoast_head_json":{"title":"VILLEROY &#038; BOCH Metro Chic Set 2 Copas de Vino Tinto 240 mm - dev6 Erresse","description":"Para vinos tintos con cuerpoLa nueva colecci\u00f3n MetroChic Glass ha sido creada para satisfacer las m\u00e1s altas exigencias sin concesiones. Las copas grandes","robots":{"index":"noindex","follow":"follow","max-snippet":"max-snippet:-1","max-image-preview":"max-image-preview:large","max-video-preview":"max-video-preview:-1"},"og_locale":"es_ES","og_type":"article","og_title":"VILLEROY &#038; BOCH Metro Chic Set 2 Copas de Vino Tinto 240 mm - dev6 Erresse","og_description":"Para vinos tintos con cuerpoLa nueva colecci\u00f3n MetroChic Glass ha sido creada para satisfacer las m\u00e1s altas exigencias sin concesiones. Las copas grandes","og_url":"https:\/\/dev6.erresse-shop.it\/es\/shop\/tabla\/vino\/calices\/villeroy-boch-metro-chic-set-2-copas-de-vino-tinto-240-mm\/","og_site_name":"dev6 Erresse","og_image":[{"url":"https:\/\/interpim.erresse-shop.it\/Import\/Prodotti\/villeroy-boch-metro-chic-set-2-calici-vino-rosso-240-mm-1.jpg","type":"","width":"","height":""},{"url":"https:\/\/interpim.erresse-shop.it\/Import\/Prodotti\/villeroy-boch-metro-chic-set-2-calici-vino-rosso-240-mm-1.jpg","width":1024,"height":1024,"type":"image\/jpeg"}],"twitter_card":"summary_large_image","twitter_image":"https:\/\/interpim.erresse-shop.it\/Import\/Prodotti\/villeroy-boch-metro-chic-set-2-calici-vino-rosso-240-mm-1.jpg","schema":{"@context":"https:\/\/schema.org","@graph":[{"@type":"WebPage","@id":"https:\/\/dev6.erresse-shop.it\/es\/shop\/tabla\/vino\/calices\/villeroy-boch-metro-chic-set-2-copas-de-vino-tinto-240-mm\/","url":"https:\/\/dev6.erresse-shop.it\/es\/shop\/tabla\/vino\/calices\/villeroy-boch-metro-chic-set-2-copas-de-vino-tinto-240-mm\/","name":"VILLEROY &#038; BOCH Metro Chic Set 2 Copas de Vino Tinto 240 mm - dev6 Erresse","isPartOf":{"@id":"https:\/\/dev6.erresse-shop.it\/#website"},"primaryImageOfPage":{"@id":"https:\/\/dev6.erresse-shop.it\/es\/shop\/tabla\/vino\/calices\/villeroy-boch-metro-chic-set-2-copas-de-vino-tinto-240-mm\/#primaryimage"},"image":{"@id":"https:\/\/dev6.erresse-shop.it\/es\/shop\/tabla\/vino\/calices\/villeroy-boch-metro-chic-set-2-copas-de-vino-tinto-240-mm\/#primaryimage"},"thumbnailUrl":"https:\/\/i3.wp.com\/interpim.erresse-shop.it\/Import\/Prodotti\/villeroy-boch-metro-chic-set-2-calici-vino-rosso-240-mm-1.jpg?ssl=1","datePublished":"2026-04-04T07:21:30+00:00","description":"Para vinos tintos con cuerpoLa nueva colecci\u00f3n MetroChic Glass ha sido creada para satisfacer las m\u00e1s altas exigencias sin concesiones. Las copas grandes","breadcrumb":{"@id":"https:\/\/dev6.erresse-shop.it\/es\/shop\/tabla\/vino\/calices\/villeroy-boch-metro-chic-set-2-copas-de-vino-tinto-240-mm\/#breadcrumb"},"inLanguage":"es","potentialAction":[{"@type":"ReadAction","target":["https:\/\/dev6.erresse-shop.it\/es\/shop\/tabla\/vino\/calices\/villeroy-boch-metro-chic-set-2-copas-de-vino-tinto-240-mm\/"]}]},{"@type":"ImageObject","inLanguage":"es","@id":"https:\/\/dev6.erresse-shop.it\/es\/shop\/tabla\/vino\/calices\/villeroy-boch-metro-chic-set-2-copas-de-vino-tinto-240-mm\/#primaryimage","url":"https:\/\/i3.wp.com\/interpim.erresse-shop.it\/Import\/Prodotti\/villeroy-boch-metro-chic-set-2-calici-vino-rosso-240-mm-1.jpg?ssl=1","contentUrl":"https:\/\/i3.wp.com\/interpim.erresse-shop.it\/Import\/Prodotti\/villeroy-boch-metro-chic-set-2-calici-vino-rosso-240-mm-1.jpg?ssl=1"},{"@type":"BreadcrumbList","@id":"https:\/\/dev6.erresse-shop.it\/es\/shop\/tabla\/vino\/calices\/villeroy-boch-metro-chic-set-2-copas-de-vino-tinto-240-mm\/#breadcrumb","itemListElement":[{"@type":"ListItem","position":1,"name":"Home","item":"https:\/\/dev6.erresse-shop.it\/"},{"@type":"ListItem","position":2,"name":"Tienda","item":"https:\/\/dev6.erresse-shop.it\/shop\/"},{"@type":"ListItem","position":3,"name":"VILLEROY &#038; BOCH Metro Chic Set 2 Copas de Vino Tinto 240 mm"}]},{"@type":"WebSite","@id":"https:\/\/dev6.erresse-shop.it\/#website","url":"https:\/\/dev6.erresse-shop.it\/","name":"Erresse Shop","description":"","publisher":{"@id":"https:\/\/dev6.erresse-shop.it\/#organization"},"potentialAction":[{"@type":"SearchAction","target":{"@type":"EntryPoint","urlTemplate":"https:\/\/dev6.erresse-shop.it\/?s={search_term_string}"},"query-input":{"@type":"PropertyValueSpecification","valueRequired":true,"valueName":"search_term_string"}}],"inLanguage":"es"},{"@type":"Organization","@id":"https:\/\/dev6.erresse-shop.it\/#organization","name":"Erresse Shop","url":"https:\/\/dev6.erresse-shop.it\/","logo":{"@type":"ImageObject","inLanguage":"es","@id":"https:\/\/dev6.erresse-shop.it\/#\/schema\/logo\/image\/","url":"https:\/\/dev6.erresse-shop.it\/wp-content\/uploads\/2025\/01\/LOGO-ERRESSE-CLASSICO.svg","contentUrl":"https:\/\/dev6.erresse-shop.it\/wp-content\/uploads\/2025\/01\/LOGO-ERRESSE-CLASSICO.svg","caption":"Erresse Shop"},"image":{"@id":"https:\/\/dev6.erresse-shop.it\/#\/schema\/logo\/image\/"}}]}},"df_price":59.9,"df_sale_price":"","df_regular_price":59.9,"df_image_link":"https:\/\/i3.wp.com\/interpim.erresse-shop.it\/Import\/Prodotti\/villeroy-boch-metro-chic-set-2-calici-vino-rosso-240-mm-1.jpg?resize=300,300&ssl=1","fifu_image_url":"https:\/\/interpim.erresse-shop.it\/Import\/Prodotti\/villeroy-boch-metro-chic-set-2-calici-vino-rosso-240-mm-1.jpg","_links":{"self":[{"href":"https:\/\/dev6.erresse-shop.it\/es\/wp-json\/wp\/v2\/product\/1879022","targetHints":{"allow":["GET"]}}],"collection":[{"href":"https:\/\/dev6.erresse-shop.it\/es\/wp-json\/wp\/v2\/product"}],"about":[{"href":"https:\/\/dev6.erresse-shop.it\/es\/wp-json\/wp\/v2\/types\/product"}],"wp:featuredmedia":[{"embeddable":true,"href":"https:\/\/dev6.erresse-shop.it\/es\/wp-json\/wp\/v2\/media\/6276687"}],"wp:attachment":[{"href":"https:\/\/dev6.erresse-shop.it\/es\/wp-json\/wp\/v2\/media?parent=1879022"}],"wp:term":[{"taxonomy":"product_cat","embeddable":true,"href":"https:\/\/dev6.erresse-shop.it\/es\/wp-json\/wp\/v2\/product_cat?post=1879022"},{"taxonomy":"product_tag","embeddable":true,"href":"https:\/\/dev6.erresse-shop.it\/es\/wp-json\/wp\/v2\/product_tag?post=1879022"}],"curies":[{"name":"wp","href":"https:\/\/api.w.org\/{rel}","templated":true}]}}