{"id":1878932,"date":"2026-04-12T09:20:40","date_gmt":"2026-04-12T07:20:40","guid":{"rendered":"https:\/\/dev6.erresse-shop.it\/shop\/sin%20categor\u00eda\/venini-jarron-labuan-acquamare-h29\/"},"modified":"2025-07-04T22:08:26","modified_gmt":"2025-07-04T20:08:26","slug":"venini-jarron-labuan-acquamare-h29","status":"publish","type":"product","link":"https:\/\/dev6.erresse-shop.it\/es\/shop\/mobiliario\/jarrones\/venini-jarron-labuan-acquamare-h29\/","title":{"rendered":"VENINI Jarr\u00f3n Labuan Acquamare H29"},"content":{"rendered":"<p>Jarr\u00f3n Labuan de vidrio soplado y trabajado a mano, mediante la t\u00e9cnica de la opalina.<br \/>\nEl color interior es blanco lechoso cubierto de un hermoso turquesa intenso. Oriente siempre ha sido una fuente de inspiraci\u00f3n creativa. As\u00ed, las suaves curvas definen la pureza formal de esta colecci\u00f3n.<br \/>\nT\u00e9cnica: opalinas<br \/>\nLattimo es un vidrio blanco opaco, inventado en Murano hacia mediados del siglo XV para imitar las primeras porcelanas que estaban muy de moda en Europa. Se obtiene \u201csuperponiendo\u201d vidrio lattimo con uno o varios vidrios finos transparentes y coloreados, lo que da como resultado espl\u00e9ndidos objetos de colores intensos y brillantes. La superposici\u00f3n se remonta a las t\u00e9cnicas hist\u00f3ricas de fabricaci\u00f3n del vidrio de Murano. Este maravilloso arte requiere la destreza y profesionalidad del soplador de vidrio; es un antiguo oficio cuyos secretos se transmiten de padres a hijos.<br \/>\nLa colecci\u00f3n Labuan recuerda en su dise\u00f1o a los antiguos jarrones orientales de porcelana. Labuan es, primero, la isla malaya mencionada en las novelas de Emilio Salgari y, despu\u00e9s, el espl\u00e9ndido jarr\u00f3n creado por la compa\u00f1\u00eda veneciana.<\/p>\n","protected":false},"excerpt":{"rendered":"<p>Jarr\u00f3n Labuan de vidrio soplado y trabajado a mano, mediante la t\u00e9cnica de la opalina. El color interior es blanco lechoso cubierto de un hermoso turquesa intenso. Oriente siempre ha sido una fuente de inspiraci\u00f3n creativa. As\u00ed, las suaves curvas definen la pureza formal de esta colecci\u00f3n. T\u00e9cnica: opalinas Lattimo es un vidrio blanco opaco, [&hellip;]<\/p>\n","protected":false},"featured_media":6359538,"template":"","meta":{"_acf_changed":false},"product_cat":[11666,11910,11882],"product_tag":[],"class_list":{"0":"post-1878932","1":"product","2":"type-product","3":"status-publish","4":"has-post-thumbnail","6":"product_cat-arredamento-casa","7":"product_cat-jarrones","8":"product_cat-mobiliario","10":"first","11":"outofstock","12":"taxable","13":"shipping-taxable","14":"purchasable","15":"product-type-simple","swatches":"rey-swatches","show_selected":"","stretch_labels":"rey-swatches--stretch-labels"},"acf":[],"yoast_head":"<!-- This site is optimized with the Yoast SEO plugin v25.4 - https:\/\/yoast.com\/wordpress\/plugins\/seo\/ -->\n<title>VENINI Jarr\u00f3n Labuan Acquamare H29 - dev6 Erresse<\/title>\n<meta name=\"description\" content=\"Jarr\u00f3n Labuan de vidrio soplado y trabajado a mano, mediante la t\u00e9cnica de la opalina. El color interior es blanco lechoso cubierto de un hermoso turquesa\" \/>\n<meta name=\"robots\" content=\"noindex, follow, max-snippet:-1, max-image-preview:large, max-video-preview:-1\" \/>\n<meta property=\"og:locale\" content=\"es_ES\" \/>\n<meta property=\"og:type\" content=\"article\" \/>\n<meta property=\"og:title\" content=\"VENINI Jarr\u00f3n Labuan Acquamare H29 - dev6 Erresse\" \/>\n<meta property=\"og:description\" content=\"Jarr\u00f3n Labuan de vidrio soplado y trabajado a mano, mediante la t\u00e9cnica de la opalina. El color interior es blanco lechoso cubierto de un hermoso turquesa\" \/>\n<meta property=\"og:url\" content=\"https:\/\/dev6.erresse-shop.it\/es\/shop\/mobiliario\/jarrones\/venini-jarron-labuan-acquamare-h29\/\" \/>\n<meta property=\"og:site_name\" content=\"dev6 Erresse\" \/>\n<meta property=\"og:image\" content=\"https:\/\/interpim.erresse-shop.it\/img-catalogo\/venini\/venini-vaso-labuan-acquamare-h29.jpg\" \/><meta property=\"og:image\" content=\"https:\/\/interpim.erresse-shop.it\/img-catalogo\/venini\/venini-vaso-labuan-acquamare-h29.jpg\" \/>\n\t<meta property=\"og:image:width\" content=\"1024\" \/>\n\t<meta property=\"og:image:height\" content=\"1024\" \/>\n\t<meta property=\"og:image:type\" content=\"image\/jpeg\" \/>\n<meta name=\"twitter:card\" content=\"summary_large_image\" \/>\n<meta name=\"twitter:image\" content=\"https:\/\/interpim.erresse-shop.it\/img-catalogo\/venini\/venini-vaso-labuan-acquamare-h29.jpg\" \/>\n<script type=\"application\/ld+json\" class=\"yoast-schema-graph\">{\"@context\":\"https:\/\/schema.org\",\"@graph\":[{\"@type\":\"WebPage\",\"@id\":\"https:\/\/dev6.erresse-shop.it\/es\/shop\/mobiliario\/jarrones\/venini-jarron-labuan-acquamare-h29\/\",\"url\":\"https:\/\/dev6.erresse-shop.it\/es\/shop\/mobiliario\/jarrones\/venini-jarron-labuan-acquamare-h29\/\",\"name\":\"VENINI Jarr\u00f3n Labuan Acquamare H29 - dev6 Erresse\",\"isPartOf\":{\"@id\":\"https:\/\/dev6.erresse-shop.it\/#website\"},\"primaryImageOfPage\":{\"@id\":\"https:\/\/dev6.erresse-shop.it\/es\/shop\/mobiliario\/jarrones\/venini-jarron-labuan-acquamare-h29\/#primaryimage\"},\"image\":{\"@id\":\"https:\/\/dev6.erresse-shop.it\/es\/shop\/mobiliario\/jarrones\/venini-jarron-labuan-acquamare-h29\/#primaryimage\"},\"thumbnailUrl\":\"https:\/\/i0.wp.com\/interpim.erresse-shop.it\/img-catalogo\/venini\/venini-vaso-labuan-acquamare-h29.jpg?ssl=1\",\"datePublished\":\"2026-04-12T07:20:40+00:00\",\"description\":\"Jarr\u00f3n Labuan de vidrio soplado y trabajado a mano, mediante la t\u00e9cnica de la opalina. El color interior es blanco lechoso cubierto de un hermoso turquesa\",\"breadcrumb\":{\"@id\":\"https:\/\/dev6.erresse-shop.it\/es\/shop\/mobiliario\/jarrones\/venini-jarron-labuan-acquamare-h29\/#breadcrumb\"},\"inLanguage\":\"es\",\"potentialAction\":[{\"@type\":\"ReadAction\",\"target\":[\"https:\/\/dev6.erresse-shop.it\/es\/shop\/mobiliario\/jarrones\/venini-jarron-labuan-acquamare-h29\/\"]}]},{\"@type\":\"ImageObject\",\"inLanguage\":\"es\",\"@id\":\"https:\/\/dev6.erresse-shop.it\/es\/shop\/mobiliario\/jarrones\/venini-jarron-labuan-acquamare-h29\/#primaryimage\",\"url\":\"https:\/\/i0.wp.com\/interpim.erresse-shop.it\/img-catalogo\/venini\/venini-vaso-labuan-acquamare-h29.jpg?ssl=1\",\"contentUrl\":\"https:\/\/i0.wp.com\/interpim.erresse-shop.it\/img-catalogo\/venini\/venini-vaso-labuan-acquamare-h29.jpg?ssl=1\"},{\"@type\":\"BreadcrumbList\",\"@id\":\"https:\/\/dev6.erresse-shop.it\/es\/shop\/mobiliario\/jarrones\/venini-jarron-labuan-acquamare-h29\/#breadcrumb\",\"itemListElement\":[{\"@type\":\"ListItem\",\"position\":1,\"name\":\"Home\",\"item\":\"https:\/\/dev6.erresse-shop.it\/\"},{\"@type\":\"ListItem\",\"position\":2,\"name\":\"Tienda\",\"item\":\"https:\/\/dev6.erresse-shop.it\/shop\/\"},{\"@type\":\"ListItem\",\"position\":3,\"name\":\"VENINI Jarr\u00f3n Labuan Acquamare H29\"}]},{\"@type\":\"WebSite\",\"@id\":\"https:\/\/dev6.erresse-shop.it\/#website\",\"url\":\"https:\/\/dev6.erresse-shop.it\/\",\"name\":\"Erresse Shop\",\"description\":\"\",\"publisher\":{\"@id\":\"https:\/\/dev6.erresse-shop.it\/#organization\"},\"potentialAction\":[{\"@type\":\"SearchAction\",\"target\":{\"@type\":\"EntryPoint\",\"urlTemplate\":\"https:\/\/dev6.erresse-shop.it\/?s={search_term_string}\"},\"query-input\":{\"@type\":\"PropertyValueSpecification\",\"valueRequired\":true,\"valueName\":\"search_term_string\"}}],\"inLanguage\":\"es\"},{\"@type\":\"Organization\",\"@id\":\"https:\/\/dev6.erresse-shop.it\/#organization\",\"name\":\"Erresse Shop\",\"url\":\"https:\/\/dev6.erresse-shop.it\/\",\"logo\":{\"@type\":\"ImageObject\",\"inLanguage\":\"es\",\"@id\":\"https:\/\/dev6.erresse-shop.it\/#\/schema\/logo\/image\/\",\"url\":\"https:\/\/dev6.erresse-shop.it\/wp-content\/uploads\/2025\/01\/LOGO-ERRESSE-CLASSICO.svg\",\"contentUrl\":\"https:\/\/dev6.erresse-shop.it\/wp-content\/uploads\/2025\/01\/LOGO-ERRESSE-CLASSICO.svg\",\"caption\":\"Erresse Shop\"},\"image\":{\"@id\":\"https:\/\/dev6.erresse-shop.it\/#\/schema\/logo\/image\/\"}}]}<\/script>\n<!-- \/ Yoast SEO plugin. -->","yoast_head_json":{"title":"VENINI Jarr\u00f3n Labuan Acquamare H29 - dev6 Erresse","description":"Jarr\u00f3n Labuan de vidrio soplado y trabajado a mano, mediante la t\u00e9cnica de la opalina. El color interior es blanco lechoso cubierto de un hermoso turquesa","robots":{"index":"noindex","follow":"follow","max-snippet":"max-snippet:-1","max-image-preview":"max-image-preview:large","max-video-preview":"max-video-preview:-1"},"og_locale":"es_ES","og_type":"article","og_title":"VENINI Jarr\u00f3n Labuan Acquamare H29 - dev6 Erresse","og_description":"Jarr\u00f3n Labuan de vidrio soplado y trabajado a mano, mediante la t\u00e9cnica de la opalina. El color interior es blanco lechoso cubierto de un hermoso turquesa","og_url":"https:\/\/dev6.erresse-shop.it\/es\/shop\/mobiliario\/jarrones\/venini-jarron-labuan-acquamare-h29\/","og_site_name":"dev6 Erresse","og_image":[{"url":"https:\/\/interpim.erresse-shop.it\/img-catalogo\/venini\/venini-vaso-labuan-acquamare-h29.jpg","type":"","width":"","height":""},{"url":"https:\/\/interpim.erresse-shop.it\/img-catalogo\/venini\/venini-vaso-labuan-acquamare-h29.jpg","width":1024,"height":1024,"type":"image\/jpeg"}],"twitter_card":"summary_large_image","twitter_image":"https:\/\/interpim.erresse-shop.it\/img-catalogo\/venini\/venini-vaso-labuan-acquamare-h29.jpg","schema":{"@context":"https:\/\/schema.org","@graph":[{"@type":"WebPage","@id":"https:\/\/dev6.erresse-shop.it\/es\/shop\/mobiliario\/jarrones\/venini-jarron-labuan-acquamare-h29\/","url":"https:\/\/dev6.erresse-shop.it\/es\/shop\/mobiliario\/jarrones\/venini-jarron-labuan-acquamare-h29\/","name":"VENINI Jarr\u00f3n Labuan Acquamare H29 - dev6 Erresse","isPartOf":{"@id":"https:\/\/dev6.erresse-shop.it\/#website"},"primaryImageOfPage":{"@id":"https:\/\/dev6.erresse-shop.it\/es\/shop\/mobiliario\/jarrones\/venini-jarron-labuan-acquamare-h29\/#primaryimage"},"image":{"@id":"https:\/\/dev6.erresse-shop.it\/es\/shop\/mobiliario\/jarrones\/venini-jarron-labuan-acquamare-h29\/#primaryimage"},"thumbnailUrl":"https:\/\/i0.wp.com\/interpim.erresse-shop.it\/img-catalogo\/venini\/venini-vaso-labuan-acquamare-h29.jpg?ssl=1","datePublished":"2026-04-12T07:20:40+00:00","description":"Jarr\u00f3n Labuan de vidrio soplado y trabajado a mano, mediante la t\u00e9cnica de la opalina. El color interior es blanco lechoso cubierto de un hermoso turquesa","breadcrumb":{"@id":"https:\/\/dev6.erresse-shop.it\/es\/shop\/mobiliario\/jarrones\/venini-jarron-labuan-acquamare-h29\/#breadcrumb"},"inLanguage":"es","potentialAction":[{"@type":"ReadAction","target":["https:\/\/dev6.erresse-shop.it\/es\/shop\/mobiliario\/jarrones\/venini-jarron-labuan-acquamare-h29\/"]}]},{"@type":"ImageObject","inLanguage":"es","@id":"https:\/\/dev6.erresse-shop.it\/es\/shop\/mobiliario\/jarrones\/venini-jarron-labuan-acquamare-h29\/#primaryimage","url":"https:\/\/i0.wp.com\/interpim.erresse-shop.it\/img-catalogo\/venini\/venini-vaso-labuan-acquamare-h29.jpg?ssl=1","contentUrl":"https:\/\/i0.wp.com\/interpim.erresse-shop.it\/img-catalogo\/venini\/venini-vaso-labuan-acquamare-h29.jpg?ssl=1"},{"@type":"BreadcrumbList","@id":"https:\/\/dev6.erresse-shop.it\/es\/shop\/mobiliario\/jarrones\/venini-jarron-labuan-acquamare-h29\/#breadcrumb","itemListElement":[{"@type":"ListItem","position":1,"name":"Home","item":"https:\/\/dev6.erresse-shop.it\/"},{"@type":"ListItem","position":2,"name":"Tienda","item":"https:\/\/dev6.erresse-shop.it\/shop\/"},{"@type":"ListItem","position":3,"name":"VENINI Jarr\u00f3n Labuan Acquamare H29"}]},{"@type":"WebSite","@id":"https:\/\/dev6.erresse-shop.it\/#website","url":"https:\/\/dev6.erresse-shop.it\/","name":"Erresse Shop","description":"","publisher":{"@id":"https:\/\/dev6.erresse-shop.it\/#organization"},"potentialAction":[{"@type":"SearchAction","target":{"@type":"EntryPoint","urlTemplate":"https:\/\/dev6.erresse-shop.it\/?s={search_term_string}"},"query-input":{"@type":"PropertyValueSpecification","valueRequired":true,"valueName":"search_term_string"}}],"inLanguage":"es"},{"@type":"Organization","@id":"https:\/\/dev6.erresse-shop.it\/#organization","name":"Erresse Shop","url":"https:\/\/dev6.erresse-shop.it\/","logo":{"@type":"ImageObject","inLanguage":"es","@id":"https:\/\/dev6.erresse-shop.it\/#\/schema\/logo\/image\/","url":"https:\/\/dev6.erresse-shop.it\/wp-content\/uploads\/2025\/01\/LOGO-ERRESSE-CLASSICO.svg","contentUrl":"https:\/\/dev6.erresse-shop.it\/wp-content\/uploads\/2025\/01\/LOGO-ERRESSE-CLASSICO.svg","caption":"Erresse Shop"},"image":{"@id":"https:\/\/dev6.erresse-shop.it\/#\/schema\/logo\/image\/"}}]}},"df_price":745,"df_sale_price":"","df_regular_price":745,"df_image_link":"https:\/\/i0.wp.com\/interpim.erresse-shop.it\/img-catalogo\/venini\/venini-vaso-labuan-acquamare-h29.jpg?resize=300,300&ssl=1","fifu_image_url":"https:\/\/interpim.erresse-shop.it\/img-catalogo\/venini\/venini-vaso-labuan-acquamare-h29.jpg","_links":{"self":[{"href":"https:\/\/dev6.erresse-shop.it\/es\/wp-json\/wp\/v2\/product\/1878932","targetHints":{"allow":["GET"]}}],"collection":[{"href":"https:\/\/dev6.erresse-shop.it\/es\/wp-json\/wp\/v2\/product"}],"about":[{"href":"https:\/\/dev6.erresse-shop.it\/es\/wp-json\/wp\/v2\/types\/product"}],"wp:featuredmedia":[{"embeddable":true,"href":"https:\/\/dev6.erresse-shop.it\/es\/wp-json\/wp\/v2\/media\/6359538"}],"wp:attachment":[{"href":"https:\/\/dev6.erresse-shop.it\/es\/wp-json\/wp\/v2\/media?parent=1878932"}],"wp:term":[{"taxonomy":"product_cat","embeddable":true,"href":"https:\/\/dev6.erresse-shop.it\/es\/wp-json\/wp\/v2\/product_cat?post=1878932"},{"taxonomy":"product_tag","embeddable":true,"href":"https:\/\/dev6.erresse-shop.it\/es\/wp-json\/wp\/v2\/product_tag?post=1878932"}],"curies":[{"name":"wp","href":"https:\/\/api.w.org\/{rel}","templated":true}]}}