{"id":1878924,"date":"2026-04-12T09:19:20","date_gmt":"2026-04-12T07:19:20","guid":{"rendered":"https:\/\/dev6.erresse-shop.it\/shop\/sin%20categor\u00eda\/emile-henry-mantequera-rojo\/"},"modified":"2025-09-14T08:14:40","modified_gmt":"2025-09-14T06:14:40","slug":"emile-henry-mantequera-rojo","status":"publish","type":"product","link":"https:\/\/dev6.erresse-shop.it\/es\/shop\/tabla\/cestas-y-cuencos\/emile-henry-mantequera-rojo\/","title":{"rendered":"EMILE HENRY Mantequera Rojo"},"content":{"rendered":"<p>La mantequera ofrece una mejor conservaci\u00f3n de la mantequilla: la protege eficazmente del aire y la luz.<br \/>\nIncluso sacada del frigor\u00edfico, mantiene la mantequilla fresca gracias a la cer\u00e1mica HR\u00ae (High Resistance) que la conserva fresca durante m\u00e1s tiempo.<br \/>\nEn la cocina o en la mesa, el Butter Holder es pr\u00e1ctico de usar: sus rebordes en la base evitan que la mantequilla resbale al cortarla. Es estable, pr\u00e1ctico y apto para lavavajillas.<\/p>\n<p>10 a\u00f1os de garant\u00eda<\/p>\n<p>Longitud\/di\u00e1metro: 17 cm<br \/>\nAnchura: 11,5 cm<br \/>\nAltura: 7,5 cm<br \/>\nPeso: 0,81 kg<\/p>\n","protected":false},"excerpt":{"rendered":"<p>La mantequera ofrece una mejor conservaci\u00f3n de la mantequilla: la protege eficazmente del aire y la luz. Incluso sacada del frigor\u00edfico, mantiene la mantequilla fresca gracias a la cer\u00e1mica HR\u00ae (High Resistance) que la conserva fresca durante m\u00e1s tiempo. En la cocina o en la mesa, el Butter Holder es pr\u00e1ctico de usar: sus rebordes [&hellip;]<\/p>\n","protected":false},"featured_media":6359528,"template":"","meta":{"_acf_changed":false},"product_cat":[11907,11887,11671],"product_tag":[],"class_list":{"0":"post-1878924","1":"product","2":"type-product","3":"status-publish","4":"has-post-thumbnail","6":"product_cat-cestas-y-cuencos","7":"product_cat-tabla","8":"product_cat-tavola","10":"first","11":"instock","12":"sale","13":"taxable","14":"shipping-taxable","15":"purchasable","16":"product-type-simple","swatches":"rey-swatches","show_selected":"","stretch_labels":"rey-swatches--stretch-labels"},"acf":[],"yoast_head":"<!-- This site is optimized with the Yoast SEO plugin v25.4 - https:\/\/yoast.com\/wordpress\/plugins\/seo\/ -->\n<title>EMILE HENRY Mantequera Rojo - dev6 Erresse<\/title>\n<meta name=\"description\" content=\"La mantequera ofrece una mejor conservaci\u00f3n de la mantequilla: la protege eficazmente del aire y la luz. Incluso sacada del frigor\u00edfico, mantiene la\" \/>\n<meta name=\"robots\" content=\"noindex, follow, max-snippet:-1, max-image-preview:large, max-video-preview:-1\" \/>\n<meta property=\"og:locale\" content=\"es_ES\" \/>\n<meta property=\"og:type\" content=\"article\" \/>\n<meta property=\"og:title\" content=\"EMILE HENRY Mantequera Rojo - dev6 Erresse\" \/>\n<meta property=\"og:description\" content=\"La mantequera ofrece una mejor conservaci\u00f3n de la mantequilla: la protege eficazmente del aire y la luz. Incluso sacada del frigor\u00edfico, mantiene la\" \/>\n<meta property=\"og:url\" content=\"https:\/\/dev6.erresse-shop.it\/es\/shop\/tabla\/cestas-y-cuencos\/emile-henry-mantequera-rojo\/\" \/>\n<meta property=\"og:site_name\" content=\"dev6 Erresse\" \/>\n<meta property=\"og:image\" content=\"https:\/\/interpim.erresse-shop.it\/Import\/Prodotti\/emile-henry-burriera-1.jpg\" \/><meta property=\"og:image\" content=\"https:\/\/interpim.erresse-shop.it\/Import\/Prodotti\/emile-henry-burriera-1.jpg\" \/>\n\t<meta property=\"og:image:width\" content=\"1024\" \/>\n\t<meta property=\"og:image:height\" content=\"1024\" \/>\n\t<meta property=\"og:image:type\" content=\"image\/jpeg\" \/>\n<meta name=\"twitter:card\" content=\"summary_large_image\" \/>\n<meta name=\"twitter:image\" content=\"https:\/\/interpim.erresse-shop.it\/Import\/Prodotti\/emile-henry-burriera-1.jpg\" \/>\n<script type=\"application\/ld+json\" class=\"yoast-schema-graph\">{\"@context\":\"https:\/\/schema.org\",\"@graph\":[{\"@type\":\"WebPage\",\"@id\":\"https:\/\/dev6.erresse-shop.it\/es\/shop\/tabla\/cestas-y-cuencos\/emile-henry-mantequera-rojo\/\",\"url\":\"https:\/\/dev6.erresse-shop.it\/es\/shop\/tabla\/cestas-y-cuencos\/emile-henry-mantequera-rojo\/\",\"name\":\"EMILE HENRY Mantequera Rojo - dev6 Erresse\",\"isPartOf\":{\"@id\":\"https:\/\/dev6.erresse-shop.it\/#website\"},\"primaryImageOfPage\":{\"@id\":\"https:\/\/dev6.erresse-shop.it\/es\/shop\/tabla\/cestas-y-cuencos\/emile-henry-mantequera-rojo\/#primaryimage\"},\"image\":{\"@id\":\"https:\/\/dev6.erresse-shop.it\/es\/shop\/tabla\/cestas-y-cuencos\/emile-henry-mantequera-rojo\/#primaryimage\"},\"thumbnailUrl\":\"https:\/\/i0.wp.com\/interpim.erresse-shop.it\/Import\/Prodotti\/emile-henry-burriera-1.jpg?ssl=1\",\"datePublished\":\"2026-04-12T07:19:20+00:00\",\"description\":\"La mantequera ofrece una mejor conservaci\u00f3n de la mantequilla: la protege eficazmente del aire y la luz. Incluso sacada del frigor\u00edfico, mantiene la\",\"breadcrumb\":{\"@id\":\"https:\/\/dev6.erresse-shop.it\/es\/shop\/tabla\/cestas-y-cuencos\/emile-henry-mantequera-rojo\/#breadcrumb\"},\"inLanguage\":\"es\",\"potentialAction\":[{\"@type\":\"ReadAction\",\"target\":[\"https:\/\/dev6.erresse-shop.it\/es\/shop\/tabla\/cestas-y-cuencos\/emile-henry-mantequera-rojo\/\"]}]},{\"@type\":\"ImageObject\",\"inLanguage\":\"es\",\"@id\":\"https:\/\/dev6.erresse-shop.it\/es\/shop\/tabla\/cestas-y-cuencos\/emile-henry-mantequera-rojo\/#primaryimage\",\"url\":\"https:\/\/i0.wp.com\/interpim.erresse-shop.it\/Import\/Prodotti\/emile-henry-burriera-1.jpg?ssl=1\",\"contentUrl\":\"https:\/\/i0.wp.com\/interpim.erresse-shop.it\/Import\/Prodotti\/emile-henry-burriera-1.jpg?ssl=1\"},{\"@type\":\"BreadcrumbList\",\"@id\":\"https:\/\/dev6.erresse-shop.it\/es\/shop\/tabla\/cestas-y-cuencos\/emile-henry-mantequera-rojo\/#breadcrumb\",\"itemListElement\":[{\"@type\":\"ListItem\",\"position\":1,\"name\":\"Home\",\"item\":\"https:\/\/dev6.erresse-shop.it\/\"},{\"@type\":\"ListItem\",\"position\":2,\"name\":\"Tienda\",\"item\":\"https:\/\/dev6.erresse-shop.it\/shop\/\"},{\"@type\":\"ListItem\",\"position\":3,\"name\":\"EMILE HENRY Mantequera Rojo\"}]},{\"@type\":\"WebSite\",\"@id\":\"https:\/\/dev6.erresse-shop.it\/#website\",\"url\":\"https:\/\/dev6.erresse-shop.it\/\",\"name\":\"Erresse Shop\",\"description\":\"\",\"publisher\":{\"@id\":\"https:\/\/dev6.erresse-shop.it\/#organization\"},\"potentialAction\":[{\"@type\":\"SearchAction\",\"target\":{\"@type\":\"EntryPoint\",\"urlTemplate\":\"https:\/\/dev6.erresse-shop.it\/?s={search_term_string}\"},\"query-input\":{\"@type\":\"PropertyValueSpecification\",\"valueRequired\":true,\"valueName\":\"search_term_string\"}}],\"inLanguage\":\"es\"},{\"@type\":\"Organization\",\"@id\":\"https:\/\/dev6.erresse-shop.it\/#organization\",\"name\":\"Erresse Shop\",\"url\":\"https:\/\/dev6.erresse-shop.it\/\",\"logo\":{\"@type\":\"ImageObject\",\"inLanguage\":\"es\",\"@id\":\"https:\/\/dev6.erresse-shop.it\/#\/schema\/logo\/image\/\",\"url\":\"https:\/\/dev6.erresse-shop.it\/wp-content\/uploads\/2025\/01\/LOGO-ERRESSE-CLASSICO.svg\",\"contentUrl\":\"https:\/\/dev6.erresse-shop.it\/wp-content\/uploads\/2025\/01\/LOGO-ERRESSE-CLASSICO.svg\",\"caption\":\"Erresse Shop\"},\"image\":{\"@id\":\"https:\/\/dev6.erresse-shop.it\/#\/schema\/logo\/image\/\"}}]}<\/script>\n<!-- \/ Yoast SEO plugin. -->","yoast_head_json":{"title":"EMILE HENRY Mantequera Rojo - dev6 Erresse","description":"La mantequera ofrece una mejor conservaci\u00f3n de la mantequilla: la protege eficazmente del aire y la luz. Incluso sacada del frigor\u00edfico, mantiene la","robots":{"index":"noindex","follow":"follow","max-snippet":"max-snippet:-1","max-image-preview":"max-image-preview:large","max-video-preview":"max-video-preview:-1"},"og_locale":"es_ES","og_type":"article","og_title":"EMILE HENRY Mantequera Rojo - dev6 Erresse","og_description":"La mantequera ofrece una mejor conservaci\u00f3n de la mantequilla: la protege eficazmente del aire y la luz. Incluso sacada del frigor\u00edfico, mantiene la","og_url":"https:\/\/dev6.erresse-shop.it\/es\/shop\/tabla\/cestas-y-cuencos\/emile-henry-mantequera-rojo\/","og_site_name":"dev6 Erresse","og_image":[{"url":"https:\/\/interpim.erresse-shop.it\/Import\/Prodotti\/emile-henry-burriera-1.jpg","type":"","width":"","height":""},{"url":"https:\/\/interpim.erresse-shop.it\/Import\/Prodotti\/emile-henry-burriera-1.jpg","width":1024,"height":1024,"type":"image\/jpeg"}],"twitter_card":"summary_large_image","twitter_image":"https:\/\/interpim.erresse-shop.it\/Import\/Prodotti\/emile-henry-burriera-1.jpg","schema":{"@context":"https:\/\/schema.org","@graph":[{"@type":"WebPage","@id":"https:\/\/dev6.erresse-shop.it\/es\/shop\/tabla\/cestas-y-cuencos\/emile-henry-mantequera-rojo\/","url":"https:\/\/dev6.erresse-shop.it\/es\/shop\/tabla\/cestas-y-cuencos\/emile-henry-mantequera-rojo\/","name":"EMILE HENRY Mantequera Rojo - dev6 Erresse","isPartOf":{"@id":"https:\/\/dev6.erresse-shop.it\/#website"},"primaryImageOfPage":{"@id":"https:\/\/dev6.erresse-shop.it\/es\/shop\/tabla\/cestas-y-cuencos\/emile-henry-mantequera-rojo\/#primaryimage"},"image":{"@id":"https:\/\/dev6.erresse-shop.it\/es\/shop\/tabla\/cestas-y-cuencos\/emile-henry-mantequera-rojo\/#primaryimage"},"thumbnailUrl":"https:\/\/i0.wp.com\/interpim.erresse-shop.it\/Import\/Prodotti\/emile-henry-burriera-1.jpg?ssl=1","datePublished":"2026-04-12T07:19:20+00:00","description":"La mantequera ofrece una mejor conservaci\u00f3n de la mantequilla: la protege eficazmente del aire y la luz. Incluso sacada del frigor\u00edfico, mantiene la","breadcrumb":{"@id":"https:\/\/dev6.erresse-shop.it\/es\/shop\/tabla\/cestas-y-cuencos\/emile-henry-mantequera-rojo\/#breadcrumb"},"inLanguage":"es","potentialAction":[{"@type":"ReadAction","target":["https:\/\/dev6.erresse-shop.it\/es\/shop\/tabla\/cestas-y-cuencos\/emile-henry-mantequera-rojo\/"]}]},{"@type":"ImageObject","inLanguage":"es","@id":"https:\/\/dev6.erresse-shop.it\/es\/shop\/tabla\/cestas-y-cuencos\/emile-henry-mantequera-rojo\/#primaryimage","url":"https:\/\/i0.wp.com\/interpim.erresse-shop.it\/Import\/Prodotti\/emile-henry-burriera-1.jpg?ssl=1","contentUrl":"https:\/\/i0.wp.com\/interpim.erresse-shop.it\/Import\/Prodotti\/emile-henry-burriera-1.jpg?ssl=1"},{"@type":"BreadcrumbList","@id":"https:\/\/dev6.erresse-shop.it\/es\/shop\/tabla\/cestas-y-cuencos\/emile-henry-mantequera-rojo\/#breadcrumb","itemListElement":[{"@type":"ListItem","position":1,"name":"Home","item":"https:\/\/dev6.erresse-shop.it\/"},{"@type":"ListItem","position":2,"name":"Tienda","item":"https:\/\/dev6.erresse-shop.it\/shop\/"},{"@type":"ListItem","position":3,"name":"EMILE HENRY Mantequera Rojo"}]},{"@type":"WebSite","@id":"https:\/\/dev6.erresse-shop.it\/#website","url":"https:\/\/dev6.erresse-shop.it\/","name":"Erresse Shop","description":"","publisher":{"@id":"https:\/\/dev6.erresse-shop.it\/#organization"},"potentialAction":[{"@type":"SearchAction","target":{"@type":"EntryPoint","urlTemplate":"https:\/\/dev6.erresse-shop.it\/?s={search_term_string}"},"query-input":{"@type":"PropertyValueSpecification","valueRequired":true,"valueName":"search_term_string"}}],"inLanguage":"es"},{"@type":"Organization","@id":"https:\/\/dev6.erresse-shop.it\/#organization","name":"Erresse Shop","url":"https:\/\/dev6.erresse-shop.it\/","logo":{"@type":"ImageObject","inLanguage":"es","@id":"https:\/\/dev6.erresse-shop.it\/#\/schema\/logo\/image\/","url":"https:\/\/dev6.erresse-shop.it\/wp-content\/uploads\/2025\/01\/LOGO-ERRESSE-CLASSICO.svg","contentUrl":"https:\/\/dev6.erresse-shop.it\/wp-content\/uploads\/2025\/01\/LOGO-ERRESSE-CLASSICO.svg","caption":"Erresse Shop"},"image":{"@id":"https:\/\/dev6.erresse-shop.it\/#\/schema\/logo\/image\/"}}]}},"df_price":49.95,"df_sale_price":49.95,"df_regular_price":54.9,"df_image_link":"https:\/\/i0.wp.com\/interpim.erresse-shop.it\/Import\/Prodotti\/emile-henry-burriera-1.jpg?resize=300,300&ssl=1","fifu_image_url":"https:\/\/interpim.erresse-shop.it\/Import\/Prodotti\/emile-henry-burriera-1.jpg","_links":{"self":[{"href":"https:\/\/dev6.erresse-shop.it\/es\/wp-json\/wp\/v2\/product\/1878924","targetHints":{"allow":["GET"]}}],"collection":[{"href":"https:\/\/dev6.erresse-shop.it\/es\/wp-json\/wp\/v2\/product"}],"about":[{"href":"https:\/\/dev6.erresse-shop.it\/es\/wp-json\/wp\/v2\/types\/product"}],"wp:featuredmedia":[{"embeddable":true,"href":"https:\/\/dev6.erresse-shop.it\/es\/wp-json\/wp\/v2\/media\/6359528"}],"wp:attachment":[{"href":"https:\/\/dev6.erresse-shop.it\/es\/wp-json\/wp\/v2\/media?parent=1878924"}],"wp:term":[{"taxonomy":"product_cat","embeddable":true,"href":"https:\/\/dev6.erresse-shop.it\/es\/wp-json\/wp\/v2\/product_cat?post=1878924"},{"taxonomy":"product_tag","embeddable":true,"href":"https:\/\/dev6.erresse-shop.it\/es\/wp-json\/wp\/v2\/product_tag?post=1878924"}],"curies":[{"name":"wp","href":"https:\/\/api.w.org\/{rel}","templated":true}]}}