{"id":1878908,"date":"2026-04-12T09:19:20","date_gmt":"2026-04-12T07:19:20","guid":{"rendered":"https:\/\/dev6.erresse-shop.it\/shop\/sin%20categor\u00eda\/ooni-karu-16-horno-portatil-multicombustible-para-pizza\/"},"modified":"2025-07-04T22:07:47","modified_gmt":"2025-07-04T20:07:47","slug":"ooni-karu-16-horno-portatil-multicombustible-para-pizza","status":"publish","type":"product","link":"https:\/\/dev6.erresse-shop.it\/es\/shop\/pequenos-electrodomesticos\/hornos\/ooni-karu-16-horno-portatil-multicombustible-para-pizza\/","title":{"rendered":"OONI Karu 16 Horno Port\u00e1til Multicombustible para Pizza"},"content":{"rendered":"<p>El horno Ooni Karu 16 aporta a sus pizzas la vers\u00e1til experiencia de cocina al aire libre de Ooni junto con la tecnolog\u00eda m\u00e1s avanzada.<\/p>\n<p>Extraordinarias maxi pizzas, carnes asadas, verduras a la sart\u00e9n o incluso pan fresco. Cocine fant\u00e1sticos platos al aire libre sobre un fuego alimentado con le\u00f1a, carb\u00f3n o gas.<br \/>\nGracias a las diferentes opciones de combustible, pruebe a utilizar le\u00f1a y\/o carb\u00f3n para disfrutar de la experiencia de una pizza hecha seg\u00fan las reglas y de ese delicado aroma de la cocina de le\u00f1a, u opte por una cocina de bajo mantenimiento con un quemador de gas para el Ooni Karu 16 (se vende por separado).<br \/>\nGracias a sus nuevas caracter\u00edsticas de dise\u00f1o, prepara pizzas de unos 40 cm de di\u00e1metro al tiempo que se beneficia de un mejor control de la temperatura, un flujo de aire m\u00e1s eficiente, un mejor aislamiento del horno y una mayor visibilidad.<br \/>\nTras s\u00f3lo 15 minutos de precalentamiento, podr\u00e1 hornear pizzas a 500\u00b0C en 60 segundos, filetes Tomahawk a la perfecci\u00f3n, verduras a la parrilla y mucho m\u00e1s con el horno Ooni Karu 16.<\/p>\n<p>M\u00faltiples opciones de potencia para cocinar con la m\u00e1xima versatilidad<br \/>\nCocine con le\u00f1a o carb\u00f3n inmediatamente despu\u00e9s de desembalar, o cocine con gas con el quemador de gas para Ooni Karu 16 (se vende por separado)<br \/>\nAlcanza los 500\u00b0C en s\u00f3lo 15 minutos<br \/>\nNuevo dise\u00f1o de puerta de horno abatible con tecnolog\u00eda ViewFlame para una mayor visibilidad<br \/>\nEl term\u00f3metro digital instalado muestra la temperatura interna del horno (pilas incluidas)<br \/>\nGran superficie de cocci\u00f3n para pizzas de hasta unos 40 cm de di\u00e1metro y otros platos grandes<br \/>\nEl primer horno de pizza \u201crecomendado para uso dom\u00e9stico\u201d por la<\/p>\n<p>Asociaci\u00f3n Verace Pizza Napoletana, la autoridad internacionalmente aclamada sobre la verdadera pizza napolitana.<\/p>\n","protected":false},"excerpt":{"rendered":"<p>El horno Ooni Karu 16 aporta a sus pizzas la vers\u00e1til experiencia de cocina al aire libre de Ooni junto con la tecnolog\u00eda m\u00e1s avanzada. Extraordinarias maxi pizzas, carnes asadas, verduras a la sart\u00e9n o incluso pan fresco. Cocine fant\u00e1sticos platos al aire libre sobre un fuego alimentado con le\u00f1a, carb\u00f3n o gas. Gracias a [&hellip;]<\/p>\n","protected":false},"featured_media":6359412,"template":"","meta":{"_acf_changed":false},"product_cat":[11977,11947],"product_tag":[],"class_list":{"0":"post-1878908","1":"product","2":"type-product","3":"status-publish","4":"has-post-thumbnail","6":"product_cat-hornos","7":"product_cat-pequenos-electrodomesticos","9":"first","10":"instock","11":"sale","12":"taxable","13":"shipping-taxable","14":"purchasable","15":"product-type-simple","swatches":"rey-swatches","show_selected":"","stretch_labels":"rey-swatches--stretch-labels"},"acf":[],"yoast_head":"<!-- This site is optimized with the Yoast SEO plugin v25.4 - https:\/\/yoast.com\/wordpress\/plugins\/seo\/ -->\n<title>OONI Karu 16 Horno Port\u00e1til Multicombustible para Pizza - dev6 Erresse<\/title>\n<meta name=\"description\" content=\"El horno Ooni Karu 16 aporta a sus pizzas la vers\u00e1til experiencia de cocina al aire libre de Ooni junto con la tecnolog\u00eda m\u00e1s avanzada. Extraordinarias\" \/>\n<meta name=\"robots\" content=\"noindex, follow, max-snippet:-1, max-image-preview:large, max-video-preview:-1\" \/>\n<meta property=\"og:locale\" content=\"es_ES\" \/>\n<meta property=\"og:type\" content=\"article\" \/>\n<meta property=\"og:title\" content=\"OONI Karu 16 Horno Port\u00e1til Multicombustible para Pizza - dev6 Erresse\" \/>\n<meta property=\"og:description\" content=\"El horno Ooni Karu 16 aporta a sus pizzas la vers\u00e1til experiencia de cocina al aire libre de Ooni junto con la tecnolog\u00eda m\u00e1s avanzada. Extraordinarias\" \/>\n<meta property=\"og:url\" content=\"https:\/\/dev6.erresse-shop.it\/es\/shop\/pequenos-electrodomesticos\/hornos\/ooni-karu-16-horno-portatil-multicombustible-para-pizza\/\" \/>\n<meta property=\"og:site_name\" content=\"dev6 Erresse\" \/>\n<meta property=\"og:image\" content=\"https:\/\/interpim.erresse-shop.it\/img-catalogo\/ooni\/ooni-karu-16-forno-portatile-multi-combustibile-1.jpg\" \/><meta property=\"og:image\" content=\"https:\/\/interpim.erresse-shop.it\/img-catalogo\/ooni\/ooni-karu-16-forno-portatile-multi-combustibile-1.jpg\" \/>\n\t<meta property=\"og:image:width\" content=\"1024\" \/>\n\t<meta property=\"og:image:height\" content=\"1024\" \/>\n\t<meta property=\"og:image:type\" content=\"image\/jpeg\" \/>\n<meta name=\"twitter:card\" content=\"summary_large_image\" \/>\n<meta name=\"twitter:image\" content=\"https:\/\/interpim.erresse-shop.it\/img-catalogo\/ooni\/ooni-karu-16-forno-portatile-multi-combustibile-1.jpg\" \/>\n<script type=\"application\/ld+json\" class=\"yoast-schema-graph\">{\"@context\":\"https:\/\/schema.org\",\"@graph\":[{\"@type\":\"WebPage\",\"@id\":\"https:\/\/dev6.erresse-shop.it\/es\/shop\/pequenos-electrodomesticos\/hornos\/ooni-karu-16-horno-portatil-multicombustible-para-pizza\/\",\"url\":\"https:\/\/dev6.erresse-shop.it\/es\/shop\/pequenos-electrodomesticos\/hornos\/ooni-karu-16-horno-portatil-multicombustible-para-pizza\/\",\"name\":\"OONI Karu 16 Horno Port\u00e1til Multicombustible para Pizza - dev6 Erresse\",\"isPartOf\":{\"@id\":\"https:\/\/dev6.erresse-shop.it\/#website\"},\"primaryImageOfPage\":{\"@id\":\"https:\/\/dev6.erresse-shop.it\/es\/shop\/pequenos-electrodomesticos\/hornos\/ooni-karu-16-horno-portatil-multicombustible-para-pizza\/#primaryimage\"},\"image\":{\"@id\":\"https:\/\/dev6.erresse-shop.it\/es\/shop\/pequenos-electrodomesticos\/hornos\/ooni-karu-16-horno-portatil-multicombustible-para-pizza\/#primaryimage\"},\"thumbnailUrl\":\"https:\/\/i1.wp.com\/interpim.erresse-shop.it\/img-catalogo\/ooni\/ooni-karu-16-forno-portatile-multi-combustibile-1.jpg?ssl=1\",\"datePublished\":\"2026-04-12T07:19:20+00:00\",\"description\":\"El horno Ooni Karu 16 aporta a sus pizzas la vers\u00e1til experiencia de cocina al aire libre de Ooni junto con la tecnolog\u00eda m\u00e1s avanzada. Extraordinarias\",\"breadcrumb\":{\"@id\":\"https:\/\/dev6.erresse-shop.it\/es\/shop\/pequenos-electrodomesticos\/hornos\/ooni-karu-16-horno-portatil-multicombustible-para-pizza\/#breadcrumb\"},\"inLanguage\":\"es\",\"potentialAction\":[{\"@type\":\"ReadAction\",\"target\":[\"https:\/\/dev6.erresse-shop.it\/es\/shop\/pequenos-electrodomesticos\/hornos\/ooni-karu-16-horno-portatil-multicombustible-para-pizza\/\"]}]},{\"@type\":\"ImageObject\",\"inLanguage\":\"es\",\"@id\":\"https:\/\/dev6.erresse-shop.it\/es\/shop\/pequenos-electrodomesticos\/hornos\/ooni-karu-16-horno-portatil-multicombustible-para-pizza\/#primaryimage\",\"url\":\"https:\/\/i1.wp.com\/interpim.erresse-shop.it\/img-catalogo\/ooni\/ooni-karu-16-forno-portatile-multi-combustibile-1.jpg?ssl=1\",\"contentUrl\":\"https:\/\/i1.wp.com\/interpim.erresse-shop.it\/img-catalogo\/ooni\/ooni-karu-16-forno-portatile-multi-combustibile-1.jpg?ssl=1\"},{\"@type\":\"BreadcrumbList\",\"@id\":\"https:\/\/dev6.erresse-shop.it\/es\/shop\/pequenos-electrodomesticos\/hornos\/ooni-karu-16-horno-portatil-multicombustible-para-pizza\/#breadcrumb\",\"itemListElement\":[{\"@type\":\"ListItem\",\"position\":1,\"name\":\"Home\",\"item\":\"https:\/\/dev6.erresse-shop.it\/\"},{\"@type\":\"ListItem\",\"position\":2,\"name\":\"Tienda\",\"item\":\"https:\/\/dev6.erresse-shop.it\/shop\/\"},{\"@type\":\"ListItem\",\"position\":3,\"name\":\"OONI Karu 16 Horno Port\u00e1til Multicombustible para Pizza\"}]},{\"@type\":\"WebSite\",\"@id\":\"https:\/\/dev6.erresse-shop.it\/#website\",\"url\":\"https:\/\/dev6.erresse-shop.it\/\",\"name\":\"Erresse Shop\",\"description\":\"\",\"publisher\":{\"@id\":\"https:\/\/dev6.erresse-shop.it\/#organization\"},\"potentialAction\":[{\"@type\":\"SearchAction\",\"target\":{\"@type\":\"EntryPoint\",\"urlTemplate\":\"https:\/\/dev6.erresse-shop.it\/?s={search_term_string}\"},\"query-input\":{\"@type\":\"PropertyValueSpecification\",\"valueRequired\":true,\"valueName\":\"search_term_string\"}}],\"inLanguage\":\"es\"},{\"@type\":\"Organization\",\"@id\":\"https:\/\/dev6.erresse-shop.it\/#organization\",\"name\":\"Erresse Shop\",\"url\":\"https:\/\/dev6.erresse-shop.it\/\",\"logo\":{\"@type\":\"ImageObject\",\"inLanguage\":\"es\",\"@id\":\"https:\/\/dev6.erresse-shop.it\/#\/schema\/logo\/image\/\",\"url\":\"https:\/\/dev6.erresse-shop.it\/wp-content\/uploads\/2025\/01\/LOGO-ERRESSE-CLASSICO.svg\",\"contentUrl\":\"https:\/\/dev6.erresse-shop.it\/wp-content\/uploads\/2025\/01\/LOGO-ERRESSE-CLASSICO.svg\",\"caption\":\"Erresse Shop\"},\"image\":{\"@id\":\"https:\/\/dev6.erresse-shop.it\/#\/schema\/logo\/image\/\"}}]}<\/script>\n<!-- \/ Yoast SEO plugin. -->","yoast_head_json":{"title":"OONI Karu 16 Horno Port\u00e1til Multicombustible para Pizza - dev6 Erresse","description":"El horno Ooni Karu 16 aporta a sus pizzas la vers\u00e1til experiencia de cocina al aire libre de Ooni junto con la tecnolog\u00eda m\u00e1s avanzada. Extraordinarias","robots":{"index":"noindex","follow":"follow","max-snippet":"max-snippet:-1","max-image-preview":"max-image-preview:large","max-video-preview":"max-video-preview:-1"},"og_locale":"es_ES","og_type":"article","og_title":"OONI Karu 16 Horno Port\u00e1til Multicombustible para Pizza - dev6 Erresse","og_description":"El horno Ooni Karu 16 aporta a sus pizzas la vers\u00e1til experiencia de cocina al aire libre de Ooni junto con la tecnolog\u00eda m\u00e1s avanzada. Extraordinarias","og_url":"https:\/\/dev6.erresse-shop.it\/es\/shop\/pequenos-electrodomesticos\/hornos\/ooni-karu-16-horno-portatil-multicombustible-para-pizza\/","og_site_name":"dev6 Erresse","og_image":[{"url":"https:\/\/interpim.erresse-shop.it\/img-catalogo\/ooni\/ooni-karu-16-forno-portatile-multi-combustibile-1.jpg","type":"","width":"","height":""},{"url":"https:\/\/interpim.erresse-shop.it\/img-catalogo\/ooni\/ooni-karu-16-forno-portatile-multi-combustibile-1.jpg","width":1024,"height":1024,"type":"image\/jpeg"}],"twitter_card":"summary_large_image","twitter_image":"https:\/\/interpim.erresse-shop.it\/img-catalogo\/ooni\/ooni-karu-16-forno-portatile-multi-combustibile-1.jpg","schema":{"@context":"https:\/\/schema.org","@graph":[{"@type":"WebPage","@id":"https:\/\/dev6.erresse-shop.it\/es\/shop\/pequenos-electrodomesticos\/hornos\/ooni-karu-16-horno-portatil-multicombustible-para-pizza\/","url":"https:\/\/dev6.erresse-shop.it\/es\/shop\/pequenos-electrodomesticos\/hornos\/ooni-karu-16-horno-portatil-multicombustible-para-pizza\/","name":"OONI Karu 16 Horno Port\u00e1til Multicombustible para Pizza - dev6 Erresse","isPartOf":{"@id":"https:\/\/dev6.erresse-shop.it\/#website"},"primaryImageOfPage":{"@id":"https:\/\/dev6.erresse-shop.it\/es\/shop\/pequenos-electrodomesticos\/hornos\/ooni-karu-16-horno-portatil-multicombustible-para-pizza\/#primaryimage"},"image":{"@id":"https:\/\/dev6.erresse-shop.it\/es\/shop\/pequenos-electrodomesticos\/hornos\/ooni-karu-16-horno-portatil-multicombustible-para-pizza\/#primaryimage"},"thumbnailUrl":"https:\/\/i1.wp.com\/interpim.erresse-shop.it\/img-catalogo\/ooni\/ooni-karu-16-forno-portatile-multi-combustibile-1.jpg?ssl=1","datePublished":"2026-04-12T07:19:20+00:00","description":"El horno Ooni Karu 16 aporta a sus pizzas la vers\u00e1til experiencia de cocina al aire libre de Ooni junto con la tecnolog\u00eda m\u00e1s avanzada. Extraordinarias","breadcrumb":{"@id":"https:\/\/dev6.erresse-shop.it\/es\/shop\/pequenos-electrodomesticos\/hornos\/ooni-karu-16-horno-portatil-multicombustible-para-pizza\/#breadcrumb"},"inLanguage":"es","potentialAction":[{"@type":"ReadAction","target":["https:\/\/dev6.erresse-shop.it\/es\/shop\/pequenos-electrodomesticos\/hornos\/ooni-karu-16-horno-portatil-multicombustible-para-pizza\/"]}]},{"@type":"ImageObject","inLanguage":"es","@id":"https:\/\/dev6.erresse-shop.it\/es\/shop\/pequenos-electrodomesticos\/hornos\/ooni-karu-16-horno-portatil-multicombustible-para-pizza\/#primaryimage","url":"https:\/\/i1.wp.com\/interpim.erresse-shop.it\/img-catalogo\/ooni\/ooni-karu-16-forno-portatile-multi-combustibile-1.jpg?ssl=1","contentUrl":"https:\/\/i1.wp.com\/interpim.erresse-shop.it\/img-catalogo\/ooni\/ooni-karu-16-forno-portatile-multi-combustibile-1.jpg?ssl=1"},{"@type":"BreadcrumbList","@id":"https:\/\/dev6.erresse-shop.it\/es\/shop\/pequenos-electrodomesticos\/hornos\/ooni-karu-16-horno-portatil-multicombustible-para-pizza\/#breadcrumb","itemListElement":[{"@type":"ListItem","position":1,"name":"Home","item":"https:\/\/dev6.erresse-shop.it\/"},{"@type":"ListItem","position":2,"name":"Tienda","item":"https:\/\/dev6.erresse-shop.it\/shop\/"},{"@type":"ListItem","position":3,"name":"OONI Karu 16 Horno Port\u00e1til Multicombustible para Pizza"}]},{"@type":"WebSite","@id":"https:\/\/dev6.erresse-shop.it\/#website","url":"https:\/\/dev6.erresse-shop.it\/","name":"Erresse Shop","description":"","publisher":{"@id":"https:\/\/dev6.erresse-shop.it\/#organization"},"potentialAction":[{"@type":"SearchAction","target":{"@type":"EntryPoint","urlTemplate":"https:\/\/dev6.erresse-shop.it\/?s={search_term_string}"},"query-input":{"@type":"PropertyValueSpecification","valueRequired":true,"valueName":"search_term_string"}}],"inLanguage":"es"},{"@type":"Organization","@id":"https:\/\/dev6.erresse-shop.it\/#organization","name":"Erresse Shop","url":"https:\/\/dev6.erresse-shop.it\/","logo":{"@type":"ImageObject","inLanguage":"es","@id":"https:\/\/dev6.erresse-shop.it\/#\/schema\/logo\/image\/","url":"https:\/\/dev6.erresse-shop.it\/wp-content\/uploads\/2025\/01\/LOGO-ERRESSE-CLASSICO.svg","contentUrl":"https:\/\/dev6.erresse-shop.it\/wp-content\/uploads\/2025\/01\/LOGO-ERRESSE-CLASSICO.svg","caption":"Erresse Shop"},"image":{"@id":"https:\/\/dev6.erresse-shop.it\/#\/schema\/logo\/image\/"}}]}},"df_price":679,"df_sale_price":679,"df_regular_price":799,"df_image_link":"https:\/\/i1.wp.com\/interpim.erresse-shop.it\/img-catalogo\/ooni\/ooni-karu-16-forno-portatile-multi-combustibile-1.jpg?resize=300,300&ssl=1","fifu_image_url":"https:\/\/interpim.erresse-shop.it\/img-catalogo\/ooni\/ooni-karu-16-forno-portatile-multi-combustibile-1.jpg","_links":{"self":[{"href":"https:\/\/dev6.erresse-shop.it\/es\/wp-json\/wp\/v2\/product\/1878908","targetHints":{"allow":["GET"]}}],"collection":[{"href":"https:\/\/dev6.erresse-shop.it\/es\/wp-json\/wp\/v2\/product"}],"about":[{"href":"https:\/\/dev6.erresse-shop.it\/es\/wp-json\/wp\/v2\/types\/product"}],"wp:featuredmedia":[{"embeddable":true,"href":"https:\/\/dev6.erresse-shop.it\/es\/wp-json\/wp\/v2\/media\/6359412"}],"wp:attachment":[{"href":"https:\/\/dev6.erresse-shop.it\/es\/wp-json\/wp\/v2\/media?parent=1878908"}],"wp:term":[{"taxonomy":"product_cat","embeddable":true,"href":"https:\/\/dev6.erresse-shop.it\/es\/wp-json\/wp\/v2\/product_cat?post=1878908"},{"taxonomy":"product_tag","embeddable":true,"href":"https:\/\/dev6.erresse-shop.it\/es\/wp-json\/wp\/v2\/product_tag?post=1878908"}],"curies":[{"name":"wp","href":"https:\/\/api.w.org\/{rel}","templated":true}]}}