{"id":1878892,"date":"2026-04-12T09:19:20","date_gmt":"2026-04-12T07:19:20","guid":{"rendered":"https:\/\/dev6.erresse-shop.it\/shop\/sin%20categor\u00eda\/emile-henry-delight-cocotte-redonda-4l\/"},"modified":"2025-09-14T08:13:49","modified_gmt":"2025-09-14T06:13:49","slug":"emile-henry-delight-cocotte-redonda-4l","status":"publish","type":"product","link":"https:\/\/dev6.erresse-shop.it\/es\/shop\/sartenes-y-ollas\/marmitas-y-cocottes\/emile-henry-delight-cocotte-redonda-4l\/","title":{"rendered":"EMILE HENRY Delight Cocotte Redonda 4L"},"content":{"rendered":"<p>La colecci\u00f3n Delight de Emile Henry se ha desarrollado utilizando los recursos tecnol\u00f3gicos m\u00e1s innovadores para que las sartenes sean m\u00e1s ligeras, f\u00e1ciles de manejar y compatibles con todas las placas (incluida la inducci\u00f3n).<\/p>\n<p>USO:<\/p>\n<p>Horno<br \/>\nCongelador<br \/>\nLavavajillas<br \/>\nMicroondas<br \/>\nPlaca de inducci\u00f3n<br \/>\nGas<br \/>\nVitrocer\u00e1mica<br \/>\nHal\u00f3genas y el\u00e9ctricas<\/p>\n<p>DETALLES:<\/p>\n<p>Longitud\/di\u00e1metro 31 cm<br \/>\nAnchura 27 cm<br \/>\nAltura 19,5 cm<br \/>\nN\u00famero de personas 4-6<br \/>\nPeso del producto 3<br \/>\nTemperatura m\u00e1xima 290 \u00b0C<br \/>\nTemperatura M\u00ednima -20 \u00b0C<br \/>\nCer\u00e1mica sin plomo, cadmio ni n\u00edquel<br \/>\n5 a\u00f1os de garant\u00eda<\/p>\n<p>Todos los productos Emile Henry se fabrican en Francia y tienen una garant\u00eda de diez a\u00f1os.<\/p>\n","protected":false},"excerpt":{"rendered":"<p>La colecci\u00f3n Delight de Emile Henry se ha desarrollado utilizando los recursos tecnol\u00f3gicos m\u00e1s innovadores para que las sartenes sean m\u00e1s ligeras, f\u00e1ciles de manejar y compatibles con todas las placas (incluida la inducci\u00f3n). USO: Horno Congelador Lavavajillas Microondas Placa de inducci\u00f3n Gas Vitrocer\u00e1mica Hal\u00f3genas y el\u00e9ctricas DETALLES: Longitud\/di\u00e1metro 31 cm Anchura 27 cm Altura [&hellip;]<\/p>\n","protected":false},"featured_media":6359329,"template":"","meta":{"_acf_changed":false},"product_cat":[11892,11667,11883],"product_tag":[],"class_list":{"0":"post-1878892","1":"product","2":"type-product","3":"status-publish","4":"has-post-thumbnail","6":"product_cat-marmitas-y-cocottes","7":"product_cat-padelle-pentole","8":"product_cat-sartenes-y-ollas","10":"first","11":"instock","12":"sale","13":"taxable","14":"shipping-taxable","15":"purchasable","16":"product-type-simple","swatches":"rey-swatches","show_selected":"","stretch_labels":"rey-swatches--stretch-labels"},"acf":[],"yoast_head":"<!-- This site is optimized with the Yoast SEO plugin v25.4 - https:\/\/yoast.com\/wordpress\/plugins\/seo\/ -->\n<title>EMILE HENRY Delight Cocotte Redonda 4L - dev6 Erresse<\/title>\n<meta name=\"description\" content=\"La colecci\u00f3n Delight de Emile Henry se ha desarrollado utilizando los recursos tecnol\u00f3gicos m\u00e1s innovadores para que las sartenes sean m\u00e1s ligeras,\" \/>\n<meta name=\"robots\" content=\"noindex, follow, max-snippet:-1, max-image-preview:large, max-video-preview:-1\" \/>\n<meta property=\"og:locale\" content=\"es_ES\" \/>\n<meta property=\"og:type\" content=\"article\" \/>\n<meta property=\"og:title\" content=\"EMILE HENRY Delight Cocotte Redonda 4L - dev6 Erresse\" \/>\n<meta property=\"og:description\" content=\"La colecci\u00f3n Delight de Emile Henry se ha desarrollado utilizando los recursos tecnol\u00f3gicos m\u00e1s innovadores para que las sartenes sean m\u00e1s ligeras,\" \/>\n<meta property=\"og:url\" content=\"https:\/\/dev6.erresse-shop.it\/es\/shop\/sartenes-y-ollas\/marmitas-y-cocottes\/emile-henry-delight-cocotte-redonda-4l\/\" \/>\n<meta property=\"og:site_name\" content=\"dev6 Erresse\" \/>\n<meta property=\"og:image\" content=\"https:\/\/interpim.erresse-shop.it\/Import\/Prodotti\/emile-henry-cocotte-rotonda7.jpg\" \/><meta property=\"og:image\" content=\"https:\/\/interpim.erresse-shop.it\/Import\/Prodotti\/emile-henry-cocotte-rotonda7.jpg\" \/>\n\t<meta property=\"og:image:width\" content=\"1024\" \/>\n\t<meta property=\"og:image:height\" content=\"1024\" \/>\n\t<meta property=\"og:image:type\" content=\"image\/jpeg\" \/>\n<meta name=\"twitter:card\" content=\"summary_large_image\" \/>\n<meta name=\"twitter:image\" content=\"https:\/\/interpim.erresse-shop.it\/Import\/Prodotti\/emile-henry-cocotte-rotonda7.jpg\" \/>\n<script type=\"application\/ld+json\" class=\"yoast-schema-graph\">{\"@context\":\"https:\/\/schema.org\",\"@graph\":[{\"@type\":\"WebPage\",\"@id\":\"https:\/\/dev6.erresse-shop.it\/es\/shop\/sartenes-y-ollas\/marmitas-y-cocottes\/emile-henry-delight-cocotte-redonda-4l\/\",\"url\":\"https:\/\/dev6.erresse-shop.it\/es\/shop\/sartenes-y-ollas\/marmitas-y-cocottes\/emile-henry-delight-cocotte-redonda-4l\/\",\"name\":\"EMILE HENRY Delight Cocotte Redonda 4L - dev6 Erresse\",\"isPartOf\":{\"@id\":\"https:\/\/dev6.erresse-shop.it\/#website\"},\"primaryImageOfPage\":{\"@id\":\"https:\/\/dev6.erresse-shop.it\/es\/shop\/sartenes-y-ollas\/marmitas-y-cocottes\/emile-henry-delight-cocotte-redonda-4l\/#primaryimage\"},\"image\":{\"@id\":\"https:\/\/dev6.erresse-shop.it\/es\/shop\/sartenes-y-ollas\/marmitas-y-cocottes\/emile-henry-delight-cocotte-redonda-4l\/#primaryimage\"},\"thumbnailUrl\":\"https:\/\/i0.wp.com\/interpim.erresse-shop.it\/Import\/Prodotti\/emile-henry-cocotte-rotonda7.jpg?ssl=1\",\"datePublished\":\"2026-04-12T07:19:20+00:00\",\"description\":\"La colecci\u00f3n Delight de Emile Henry se ha desarrollado utilizando los recursos tecnol\u00f3gicos m\u00e1s innovadores para que las sartenes sean m\u00e1s ligeras,\",\"breadcrumb\":{\"@id\":\"https:\/\/dev6.erresse-shop.it\/es\/shop\/sartenes-y-ollas\/marmitas-y-cocottes\/emile-henry-delight-cocotte-redonda-4l\/#breadcrumb\"},\"inLanguage\":\"es\",\"potentialAction\":[{\"@type\":\"ReadAction\",\"target\":[\"https:\/\/dev6.erresse-shop.it\/es\/shop\/sartenes-y-ollas\/marmitas-y-cocottes\/emile-henry-delight-cocotte-redonda-4l\/\"]}]},{\"@type\":\"ImageObject\",\"inLanguage\":\"es\",\"@id\":\"https:\/\/dev6.erresse-shop.it\/es\/shop\/sartenes-y-ollas\/marmitas-y-cocottes\/emile-henry-delight-cocotte-redonda-4l\/#primaryimage\",\"url\":\"https:\/\/i0.wp.com\/interpim.erresse-shop.it\/Import\/Prodotti\/emile-henry-cocotte-rotonda7.jpg?ssl=1\",\"contentUrl\":\"https:\/\/i0.wp.com\/interpim.erresse-shop.it\/Import\/Prodotti\/emile-henry-cocotte-rotonda7.jpg?ssl=1\"},{\"@type\":\"BreadcrumbList\",\"@id\":\"https:\/\/dev6.erresse-shop.it\/es\/shop\/sartenes-y-ollas\/marmitas-y-cocottes\/emile-henry-delight-cocotte-redonda-4l\/#breadcrumb\",\"itemListElement\":[{\"@type\":\"ListItem\",\"position\":1,\"name\":\"Home\",\"item\":\"https:\/\/dev6.erresse-shop.it\/\"},{\"@type\":\"ListItem\",\"position\":2,\"name\":\"Tienda\",\"item\":\"https:\/\/dev6.erresse-shop.it\/shop\/\"},{\"@type\":\"ListItem\",\"position\":3,\"name\":\"EMILE HENRY Delight Cocotte Redonda 4L\"}]},{\"@type\":\"WebSite\",\"@id\":\"https:\/\/dev6.erresse-shop.it\/#website\",\"url\":\"https:\/\/dev6.erresse-shop.it\/\",\"name\":\"Erresse Shop\",\"description\":\"\",\"publisher\":{\"@id\":\"https:\/\/dev6.erresse-shop.it\/#organization\"},\"potentialAction\":[{\"@type\":\"SearchAction\",\"target\":{\"@type\":\"EntryPoint\",\"urlTemplate\":\"https:\/\/dev6.erresse-shop.it\/?s={search_term_string}\"},\"query-input\":{\"@type\":\"PropertyValueSpecification\",\"valueRequired\":true,\"valueName\":\"search_term_string\"}}],\"inLanguage\":\"es\"},{\"@type\":\"Organization\",\"@id\":\"https:\/\/dev6.erresse-shop.it\/#organization\",\"name\":\"Erresse Shop\",\"url\":\"https:\/\/dev6.erresse-shop.it\/\",\"logo\":{\"@type\":\"ImageObject\",\"inLanguage\":\"es\",\"@id\":\"https:\/\/dev6.erresse-shop.it\/#\/schema\/logo\/image\/\",\"url\":\"https:\/\/dev6.erresse-shop.it\/wp-content\/uploads\/2025\/01\/LOGO-ERRESSE-CLASSICO.svg\",\"contentUrl\":\"https:\/\/dev6.erresse-shop.it\/wp-content\/uploads\/2025\/01\/LOGO-ERRESSE-CLASSICO.svg\",\"caption\":\"Erresse Shop\"},\"image\":{\"@id\":\"https:\/\/dev6.erresse-shop.it\/#\/schema\/logo\/image\/\"}}]}<\/script>\n<!-- \/ Yoast SEO plugin. -->","yoast_head_json":{"title":"EMILE HENRY Delight Cocotte Redonda 4L - dev6 Erresse","description":"La colecci\u00f3n Delight de Emile Henry se ha desarrollado utilizando los recursos tecnol\u00f3gicos m\u00e1s innovadores para que las sartenes sean m\u00e1s ligeras,","robots":{"index":"noindex","follow":"follow","max-snippet":"max-snippet:-1","max-image-preview":"max-image-preview:large","max-video-preview":"max-video-preview:-1"},"og_locale":"es_ES","og_type":"article","og_title":"EMILE HENRY Delight Cocotte Redonda 4L - dev6 Erresse","og_description":"La colecci\u00f3n Delight de Emile Henry se ha desarrollado utilizando los recursos tecnol\u00f3gicos m\u00e1s innovadores para que las sartenes sean m\u00e1s ligeras,","og_url":"https:\/\/dev6.erresse-shop.it\/es\/shop\/sartenes-y-ollas\/marmitas-y-cocottes\/emile-henry-delight-cocotte-redonda-4l\/","og_site_name":"dev6 Erresse","og_image":[{"url":"https:\/\/interpim.erresse-shop.it\/Import\/Prodotti\/emile-henry-cocotte-rotonda7.jpg","type":"","width":"","height":""},{"url":"https:\/\/interpim.erresse-shop.it\/Import\/Prodotti\/emile-henry-cocotte-rotonda7.jpg","width":1024,"height":1024,"type":"image\/jpeg"}],"twitter_card":"summary_large_image","twitter_image":"https:\/\/interpim.erresse-shop.it\/Import\/Prodotti\/emile-henry-cocotte-rotonda7.jpg","schema":{"@context":"https:\/\/schema.org","@graph":[{"@type":"WebPage","@id":"https:\/\/dev6.erresse-shop.it\/es\/shop\/sartenes-y-ollas\/marmitas-y-cocottes\/emile-henry-delight-cocotte-redonda-4l\/","url":"https:\/\/dev6.erresse-shop.it\/es\/shop\/sartenes-y-ollas\/marmitas-y-cocottes\/emile-henry-delight-cocotte-redonda-4l\/","name":"EMILE HENRY Delight Cocotte Redonda 4L - dev6 Erresse","isPartOf":{"@id":"https:\/\/dev6.erresse-shop.it\/#website"},"primaryImageOfPage":{"@id":"https:\/\/dev6.erresse-shop.it\/es\/shop\/sartenes-y-ollas\/marmitas-y-cocottes\/emile-henry-delight-cocotte-redonda-4l\/#primaryimage"},"image":{"@id":"https:\/\/dev6.erresse-shop.it\/es\/shop\/sartenes-y-ollas\/marmitas-y-cocottes\/emile-henry-delight-cocotte-redonda-4l\/#primaryimage"},"thumbnailUrl":"https:\/\/i0.wp.com\/interpim.erresse-shop.it\/Import\/Prodotti\/emile-henry-cocotte-rotonda7.jpg?ssl=1","datePublished":"2026-04-12T07:19:20+00:00","description":"La colecci\u00f3n Delight de Emile Henry se ha desarrollado utilizando los recursos tecnol\u00f3gicos m\u00e1s innovadores para que las sartenes sean m\u00e1s ligeras,","breadcrumb":{"@id":"https:\/\/dev6.erresse-shop.it\/es\/shop\/sartenes-y-ollas\/marmitas-y-cocottes\/emile-henry-delight-cocotte-redonda-4l\/#breadcrumb"},"inLanguage":"es","potentialAction":[{"@type":"ReadAction","target":["https:\/\/dev6.erresse-shop.it\/es\/shop\/sartenes-y-ollas\/marmitas-y-cocottes\/emile-henry-delight-cocotte-redonda-4l\/"]}]},{"@type":"ImageObject","inLanguage":"es","@id":"https:\/\/dev6.erresse-shop.it\/es\/shop\/sartenes-y-ollas\/marmitas-y-cocottes\/emile-henry-delight-cocotte-redonda-4l\/#primaryimage","url":"https:\/\/i0.wp.com\/interpim.erresse-shop.it\/Import\/Prodotti\/emile-henry-cocotte-rotonda7.jpg?ssl=1","contentUrl":"https:\/\/i0.wp.com\/interpim.erresse-shop.it\/Import\/Prodotti\/emile-henry-cocotte-rotonda7.jpg?ssl=1"},{"@type":"BreadcrumbList","@id":"https:\/\/dev6.erresse-shop.it\/es\/shop\/sartenes-y-ollas\/marmitas-y-cocottes\/emile-henry-delight-cocotte-redonda-4l\/#breadcrumb","itemListElement":[{"@type":"ListItem","position":1,"name":"Home","item":"https:\/\/dev6.erresse-shop.it\/"},{"@type":"ListItem","position":2,"name":"Tienda","item":"https:\/\/dev6.erresse-shop.it\/shop\/"},{"@type":"ListItem","position":3,"name":"EMILE HENRY Delight Cocotte Redonda 4L"}]},{"@type":"WebSite","@id":"https:\/\/dev6.erresse-shop.it\/#website","url":"https:\/\/dev6.erresse-shop.it\/","name":"Erresse Shop","description":"","publisher":{"@id":"https:\/\/dev6.erresse-shop.it\/#organization"},"potentialAction":[{"@type":"SearchAction","target":{"@type":"EntryPoint","urlTemplate":"https:\/\/dev6.erresse-shop.it\/?s={search_term_string}"},"query-input":{"@type":"PropertyValueSpecification","valueRequired":true,"valueName":"search_term_string"}}],"inLanguage":"es"},{"@type":"Organization","@id":"https:\/\/dev6.erresse-shop.it\/#organization","name":"Erresse Shop","url":"https:\/\/dev6.erresse-shop.it\/","logo":{"@type":"ImageObject","inLanguage":"es","@id":"https:\/\/dev6.erresse-shop.it\/#\/schema\/logo\/image\/","url":"https:\/\/dev6.erresse-shop.it\/wp-content\/uploads\/2025\/01\/LOGO-ERRESSE-CLASSICO.svg","contentUrl":"https:\/\/dev6.erresse-shop.it\/wp-content\/uploads\/2025\/01\/LOGO-ERRESSE-CLASSICO.svg","caption":"Erresse Shop"},"image":{"@id":"https:\/\/dev6.erresse-shop.it\/#\/schema\/logo\/image\/"}}]}},"df_price":149.95,"df_sale_price":149.95,"df_regular_price":222.5,"df_image_link":"https:\/\/i0.wp.com\/interpim.erresse-shop.it\/Import\/Prodotti\/emile-henry-cocotte-rotonda7.jpg?resize=300,300&ssl=1","fifu_image_url":"https:\/\/interpim.erresse-shop.it\/Import\/Prodotti\/emile-henry-cocotte-rotonda7.jpg","_links":{"self":[{"href":"https:\/\/dev6.erresse-shop.it\/es\/wp-json\/wp\/v2\/product\/1878892","targetHints":{"allow":["GET"]}}],"collection":[{"href":"https:\/\/dev6.erresse-shop.it\/es\/wp-json\/wp\/v2\/product"}],"about":[{"href":"https:\/\/dev6.erresse-shop.it\/es\/wp-json\/wp\/v2\/types\/product"}],"wp:featuredmedia":[{"embeddable":true,"href":"https:\/\/dev6.erresse-shop.it\/es\/wp-json\/wp\/v2\/media\/6359329"}],"wp:attachment":[{"href":"https:\/\/dev6.erresse-shop.it\/es\/wp-json\/wp\/v2\/media?parent=1878892"}],"wp:term":[{"taxonomy":"product_cat","embeddable":true,"href":"https:\/\/dev6.erresse-shop.it\/es\/wp-json\/wp\/v2\/product_cat?post=1878892"},{"taxonomy":"product_tag","embeddable":true,"href":"https:\/\/dev6.erresse-shop.it\/es\/wp-json\/wp\/v2\/product_tag?post=1878892"}],"curies":[{"name":"wp","href":"https:\/\/api.w.org\/{rel}","templated":true}]}}