{"id":1878890,"date":"2026-04-04T09:16:13","date_gmt":"2026-04-04T07:16:13","guid":{"rendered":"https:\/\/dev6.erresse-shop.it\/shop\/sin%20categor\u00eda\/emile-henry-delight-sopera-negro\/"},"modified":"2025-09-14T08:13:46","modified_gmt":"2025-09-14T06:13:46","slug":"emile-henry-delight-sopera-negro","status":"publish","type":"product","link":"https:\/\/dev6.erresse-shop.it\/es\/shop\/tabla\/ensaladeras-y-soperas\/emile-henry-delight-sopera-negro\/","title":{"rendered":"EMILE HENRY Delight Sopera Negro"},"content":{"rendered":"<p>La colecci\u00f3n Delight de Emile Henry se ha desarrollado utilizando los recursos tecnol\u00f3gicos m\u00e1s innovadores para que las sartenes sean m\u00e1s ligeras y f\u00e1ciles de manejar, y compatibles con todas las placas (incluida la inducci\u00f3n). La sopera es perfecta para sopas y carnes hervidas, y su acabado en negro mate la convierte en un art\u00edculo elegante y chic. La cer\u00e1mica de la que est\u00e1 hecha distribuye el calor uniformemente, garantizando una cocci\u00f3n controlada que conserva todos los sabores. La sopera es apta tanto para el congelador como para el horno.<\/p>\n<p>DETALLES DEL PRODUCTO<\/p>\n<p>Sopera de cer\u00e1mica Delight<br \/>\nApto para horno, congelador y microondas (m\u00e1x. 290 \u00b0C, m\u00edn. -20 \u00b0C)<br \/>\nApto para placas de inducci\u00f3n, gas, vitrocer\u00e1mica hal\u00f3gena y el\u00e9ctricas<br \/>\nIdeal para 4-6 raciones<br \/>\nUso alimentario<\/p>\n<p>Apto para lavavajillas.<br \/>\nColor: Negro mate<br \/>\nMaterial: Cer\u00e1mica<\/p>\n<p>DIMENSIONES<\/p>\n<p>Ancho: 27cm<br \/>\nProfundidad: 31 cm<br \/>\nAltura: 15,5 cm<br \/>\nPeso: 2,8 kg<br \/>\nCapacidad: 2,5 L<\/p>\n","protected":false},"excerpt":{"rendered":"<p>La colecci\u00f3n Delight de Emile Henry se ha desarrollado utilizando los recursos tecnol\u00f3gicos m\u00e1s innovadores para que las sartenes sean m\u00e1s ligeras y f\u00e1ciles de manejar, y compatibles con todas las placas (incluida la inducci\u00f3n). La sopera es perfecta para sopas y carnes hervidas, y su acabado en negro mate la convierte en un art\u00edculo [&hellip;]<\/p>\n","protected":false},"featured_media":6276029,"template":"","meta":{"_acf_changed":false},"product_cat":[11908,11887,11671],"product_tag":[],"class_list":{"0":"post-1878890","1":"product","2":"type-product","3":"status-publish","4":"has-post-thumbnail","6":"product_cat-ensaladeras-y-soperas","7":"product_cat-tabla","8":"product_cat-tavola","10":"first","11":"instock","12":"sale","13":"taxable","14":"shipping-taxable","15":"purchasable","16":"product-type-simple","swatches":"rey-swatches","show_selected":"","stretch_labels":"rey-swatches--stretch-labels"},"acf":[],"yoast_head":"<!-- This site is optimized with the Yoast SEO plugin v25.4 - https:\/\/yoast.com\/wordpress\/plugins\/seo\/ -->\n<title>EMILE HENRY Delight Sopera Negro - dev6 Erresse<\/title>\n<meta name=\"description\" content=\"La colecci\u00f3n Delight de Emile Henry se ha desarrollado utilizando los recursos tecnol\u00f3gicos m\u00e1s innovadores para que las sartenes sean m\u00e1s ligeras y\" \/>\n<meta name=\"robots\" content=\"noindex, follow, max-snippet:-1, max-image-preview:large, max-video-preview:-1\" \/>\n<meta property=\"og:locale\" content=\"es_ES\" \/>\n<meta property=\"og:type\" content=\"article\" \/>\n<meta property=\"og:title\" content=\"EMILE HENRY Delight Sopera Negro - dev6 Erresse\" \/>\n<meta property=\"og:description\" content=\"La colecci\u00f3n Delight de Emile Henry se ha desarrollado utilizando los recursos tecnol\u00f3gicos m\u00e1s innovadores para que las sartenes sean m\u00e1s ligeras y\" \/>\n<meta property=\"og:url\" content=\"https:\/\/dev6.erresse-shop.it\/es\/shop\/tabla\/ensaladeras-y-soperas\/emile-henry-delight-sopera-negro\/\" \/>\n<meta property=\"og:site_name\" content=\"dev6 Erresse\" \/>\n<meta property=\"og:image\" content=\"https:\/\/interpim.erresse-shop.it\/Import\/Prodotti\/emile-henry-zuppiera-nero.jpg\" \/><meta property=\"og:image\" content=\"https:\/\/interpim.erresse-shop.it\/Import\/Prodotti\/emile-henry-zuppiera-nero.jpg\" \/>\n\t<meta property=\"og:image:width\" content=\"1024\" \/>\n\t<meta property=\"og:image:height\" content=\"1024\" \/>\n\t<meta property=\"og:image:type\" content=\"image\/jpeg\" \/>\n<meta name=\"twitter:card\" content=\"summary_large_image\" \/>\n<meta name=\"twitter:image\" content=\"https:\/\/interpim.erresse-shop.it\/Import\/Prodotti\/emile-henry-zuppiera-nero.jpg\" \/>\n<script type=\"application\/ld+json\" class=\"yoast-schema-graph\">{\"@context\":\"https:\/\/schema.org\",\"@graph\":[{\"@type\":\"WebPage\",\"@id\":\"https:\/\/dev6.erresse-shop.it\/es\/shop\/tabla\/ensaladeras-y-soperas\/emile-henry-delight-sopera-negro\/\",\"url\":\"https:\/\/dev6.erresse-shop.it\/es\/shop\/tabla\/ensaladeras-y-soperas\/emile-henry-delight-sopera-negro\/\",\"name\":\"EMILE HENRY Delight Sopera Negro - dev6 Erresse\",\"isPartOf\":{\"@id\":\"https:\/\/dev6.erresse-shop.it\/#website\"},\"primaryImageOfPage\":{\"@id\":\"https:\/\/dev6.erresse-shop.it\/es\/shop\/tabla\/ensaladeras-y-soperas\/emile-henry-delight-sopera-negro\/#primaryimage\"},\"image\":{\"@id\":\"https:\/\/dev6.erresse-shop.it\/es\/shop\/tabla\/ensaladeras-y-soperas\/emile-henry-delight-sopera-negro\/#primaryimage\"},\"thumbnailUrl\":\"https:\/\/i2.wp.com\/interpim.erresse-shop.it\/Import\/Prodotti\/emile-henry-zuppiera-nero.jpg?ssl=1\",\"datePublished\":\"2026-04-04T07:16:13+00:00\",\"description\":\"La colecci\u00f3n Delight de Emile Henry se ha desarrollado utilizando los recursos tecnol\u00f3gicos m\u00e1s innovadores para que las sartenes sean m\u00e1s ligeras y\",\"breadcrumb\":{\"@id\":\"https:\/\/dev6.erresse-shop.it\/es\/shop\/tabla\/ensaladeras-y-soperas\/emile-henry-delight-sopera-negro\/#breadcrumb\"},\"inLanguage\":\"es\",\"potentialAction\":[{\"@type\":\"ReadAction\",\"target\":[\"https:\/\/dev6.erresse-shop.it\/es\/shop\/tabla\/ensaladeras-y-soperas\/emile-henry-delight-sopera-negro\/\"]}]},{\"@type\":\"ImageObject\",\"inLanguage\":\"es\",\"@id\":\"https:\/\/dev6.erresse-shop.it\/es\/shop\/tabla\/ensaladeras-y-soperas\/emile-henry-delight-sopera-negro\/#primaryimage\",\"url\":\"https:\/\/i2.wp.com\/interpim.erresse-shop.it\/Import\/Prodotti\/emile-henry-zuppiera-nero.jpg?ssl=1\",\"contentUrl\":\"https:\/\/i2.wp.com\/interpim.erresse-shop.it\/Import\/Prodotti\/emile-henry-zuppiera-nero.jpg?ssl=1\"},{\"@type\":\"BreadcrumbList\",\"@id\":\"https:\/\/dev6.erresse-shop.it\/es\/shop\/tabla\/ensaladeras-y-soperas\/emile-henry-delight-sopera-negro\/#breadcrumb\",\"itemListElement\":[{\"@type\":\"ListItem\",\"position\":1,\"name\":\"Home\",\"item\":\"https:\/\/dev6.erresse-shop.it\/\"},{\"@type\":\"ListItem\",\"position\":2,\"name\":\"Tienda\",\"item\":\"https:\/\/dev6.erresse-shop.it\/shop\/\"},{\"@type\":\"ListItem\",\"position\":3,\"name\":\"EMILE HENRY Delight Sopera Negro\"}]},{\"@type\":\"WebSite\",\"@id\":\"https:\/\/dev6.erresse-shop.it\/#website\",\"url\":\"https:\/\/dev6.erresse-shop.it\/\",\"name\":\"Erresse Shop\",\"description\":\"\",\"publisher\":{\"@id\":\"https:\/\/dev6.erresse-shop.it\/#organization\"},\"potentialAction\":[{\"@type\":\"SearchAction\",\"target\":{\"@type\":\"EntryPoint\",\"urlTemplate\":\"https:\/\/dev6.erresse-shop.it\/?s={search_term_string}\"},\"query-input\":{\"@type\":\"PropertyValueSpecification\",\"valueRequired\":true,\"valueName\":\"search_term_string\"}}],\"inLanguage\":\"es\"},{\"@type\":\"Organization\",\"@id\":\"https:\/\/dev6.erresse-shop.it\/#organization\",\"name\":\"Erresse Shop\",\"url\":\"https:\/\/dev6.erresse-shop.it\/\",\"logo\":{\"@type\":\"ImageObject\",\"inLanguage\":\"es\",\"@id\":\"https:\/\/dev6.erresse-shop.it\/#\/schema\/logo\/image\/\",\"url\":\"https:\/\/dev6.erresse-shop.it\/wp-content\/uploads\/2025\/01\/LOGO-ERRESSE-CLASSICO.svg\",\"contentUrl\":\"https:\/\/dev6.erresse-shop.it\/wp-content\/uploads\/2025\/01\/LOGO-ERRESSE-CLASSICO.svg\",\"caption\":\"Erresse Shop\"},\"image\":{\"@id\":\"https:\/\/dev6.erresse-shop.it\/#\/schema\/logo\/image\/\"}}]}<\/script>\n<!-- \/ Yoast SEO plugin. -->","yoast_head_json":{"title":"EMILE HENRY Delight Sopera Negro - dev6 Erresse","description":"La colecci\u00f3n Delight de Emile Henry se ha desarrollado utilizando los recursos tecnol\u00f3gicos m\u00e1s innovadores para que las sartenes sean m\u00e1s ligeras y","robots":{"index":"noindex","follow":"follow","max-snippet":"max-snippet:-1","max-image-preview":"max-image-preview:large","max-video-preview":"max-video-preview:-1"},"og_locale":"es_ES","og_type":"article","og_title":"EMILE HENRY Delight Sopera Negro - dev6 Erresse","og_description":"La colecci\u00f3n Delight de Emile Henry se ha desarrollado utilizando los recursos tecnol\u00f3gicos m\u00e1s innovadores para que las sartenes sean m\u00e1s ligeras y","og_url":"https:\/\/dev6.erresse-shop.it\/es\/shop\/tabla\/ensaladeras-y-soperas\/emile-henry-delight-sopera-negro\/","og_site_name":"dev6 Erresse","og_image":[{"url":"https:\/\/interpim.erresse-shop.it\/Import\/Prodotti\/emile-henry-zuppiera-nero.jpg","type":"","width":"","height":""},{"url":"https:\/\/interpim.erresse-shop.it\/Import\/Prodotti\/emile-henry-zuppiera-nero.jpg","width":1024,"height":1024,"type":"image\/jpeg"}],"twitter_card":"summary_large_image","twitter_image":"https:\/\/interpim.erresse-shop.it\/Import\/Prodotti\/emile-henry-zuppiera-nero.jpg","schema":{"@context":"https:\/\/schema.org","@graph":[{"@type":"WebPage","@id":"https:\/\/dev6.erresse-shop.it\/es\/shop\/tabla\/ensaladeras-y-soperas\/emile-henry-delight-sopera-negro\/","url":"https:\/\/dev6.erresse-shop.it\/es\/shop\/tabla\/ensaladeras-y-soperas\/emile-henry-delight-sopera-negro\/","name":"EMILE HENRY Delight Sopera Negro - dev6 Erresse","isPartOf":{"@id":"https:\/\/dev6.erresse-shop.it\/#website"},"primaryImageOfPage":{"@id":"https:\/\/dev6.erresse-shop.it\/es\/shop\/tabla\/ensaladeras-y-soperas\/emile-henry-delight-sopera-negro\/#primaryimage"},"image":{"@id":"https:\/\/dev6.erresse-shop.it\/es\/shop\/tabla\/ensaladeras-y-soperas\/emile-henry-delight-sopera-negro\/#primaryimage"},"thumbnailUrl":"https:\/\/i2.wp.com\/interpim.erresse-shop.it\/Import\/Prodotti\/emile-henry-zuppiera-nero.jpg?ssl=1","datePublished":"2026-04-04T07:16:13+00:00","description":"La colecci\u00f3n Delight de Emile Henry se ha desarrollado utilizando los recursos tecnol\u00f3gicos m\u00e1s innovadores para que las sartenes sean m\u00e1s ligeras y","breadcrumb":{"@id":"https:\/\/dev6.erresse-shop.it\/es\/shop\/tabla\/ensaladeras-y-soperas\/emile-henry-delight-sopera-negro\/#breadcrumb"},"inLanguage":"es","potentialAction":[{"@type":"ReadAction","target":["https:\/\/dev6.erresse-shop.it\/es\/shop\/tabla\/ensaladeras-y-soperas\/emile-henry-delight-sopera-negro\/"]}]},{"@type":"ImageObject","inLanguage":"es","@id":"https:\/\/dev6.erresse-shop.it\/es\/shop\/tabla\/ensaladeras-y-soperas\/emile-henry-delight-sopera-negro\/#primaryimage","url":"https:\/\/i2.wp.com\/interpim.erresse-shop.it\/Import\/Prodotti\/emile-henry-zuppiera-nero.jpg?ssl=1","contentUrl":"https:\/\/i2.wp.com\/interpim.erresse-shop.it\/Import\/Prodotti\/emile-henry-zuppiera-nero.jpg?ssl=1"},{"@type":"BreadcrumbList","@id":"https:\/\/dev6.erresse-shop.it\/es\/shop\/tabla\/ensaladeras-y-soperas\/emile-henry-delight-sopera-negro\/#breadcrumb","itemListElement":[{"@type":"ListItem","position":1,"name":"Home","item":"https:\/\/dev6.erresse-shop.it\/"},{"@type":"ListItem","position":2,"name":"Tienda","item":"https:\/\/dev6.erresse-shop.it\/shop\/"},{"@type":"ListItem","position":3,"name":"EMILE HENRY Delight Sopera Negro"}]},{"@type":"WebSite","@id":"https:\/\/dev6.erresse-shop.it\/#website","url":"https:\/\/dev6.erresse-shop.it\/","name":"Erresse Shop","description":"","publisher":{"@id":"https:\/\/dev6.erresse-shop.it\/#organization"},"potentialAction":[{"@type":"SearchAction","target":{"@type":"EntryPoint","urlTemplate":"https:\/\/dev6.erresse-shop.it\/?s={search_term_string}"},"query-input":{"@type":"PropertyValueSpecification","valueRequired":true,"valueName":"search_term_string"}}],"inLanguage":"es"},{"@type":"Organization","@id":"https:\/\/dev6.erresse-shop.it\/#organization","name":"Erresse Shop","url":"https:\/\/dev6.erresse-shop.it\/","logo":{"@type":"ImageObject","inLanguage":"es","@id":"https:\/\/dev6.erresse-shop.it\/#\/schema\/logo\/image\/","url":"https:\/\/dev6.erresse-shop.it\/wp-content\/uploads\/2025\/01\/LOGO-ERRESSE-CLASSICO.svg","contentUrl":"https:\/\/dev6.erresse-shop.it\/wp-content\/uploads\/2025\/01\/LOGO-ERRESSE-CLASSICO.svg","caption":"Erresse Shop"},"image":{"@id":"https:\/\/dev6.erresse-shop.it\/#\/schema\/logo\/image\/"}}]}},"df_price":139.95,"df_sale_price":139.95,"df_regular_price":202.5,"df_image_link":"https:\/\/i2.wp.com\/interpim.erresse-shop.it\/Import\/Prodotti\/emile-henry-zuppiera-nero.jpg?resize=300,300&ssl=1","fifu_image_url":"https:\/\/interpim.erresse-shop.it\/Import\/Prodotti\/emile-henry-zuppiera-nero.jpg","_links":{"self":[{"href":"https:\/\/dev6.erresse-shop.it\/es\/wp-json\/wp\/v2\/product\/1878890","targetHints":{"allow":["GET"]}}],"collection":[{"href":"https:\/\/dev6.erresse-shop.it\/es\/wp-json\/wp\/v2\/product"}],"about":[{"href":"https:\/\/dev6.erresse-shop.it\/es\/wp-json\/wp\/v2\/types\/product"}],"wp:featuredmedia":[{"embeddable":true,"href":"https:\/\/dev6.erresse-shop.it\/es\/wp-json\/wp\/v2\/media\/6276029"}],"wp:attachment":[{"href":"https:\/\/dev6.erresse-shop.it\/es\/wp-json\/wp\/v2\/media?parent=1878890"}],"wp:term":[{"taxonomy":"product_cat","embeddable":true,"href":"https:\/\/dev6.erresse-shop.it\/es\/wp-json\/wp\/v2\/product_cat?post=1878890"},{"taxonomy":"product_tag","embeddable":true,"href":"https:\/\/dev6.erresse-shop.it\/es\/wp-json\/wp\/v2\/product_tag?post=1878890"}],"curies":[{"name":"wp","href":"https:\/\/api.w.org\/{rel}","templated":true}]}}