{"id":1878888,"date":"2026-04-12T09:17:59","date_gmt":"2026-04-12T07:17:59","guid":{"rendered":"https:\/\/dev6.erresse-shop.it\/shop\/sin%20categor\u00eda\/jura-cafetera-profesional-x6-dark-inox\/"},"modified":"2025-07-04T22:07:14","modified_gmt":"2025-07-04T20:07:14","slug":"jura-cafetera-profesional-x6-dark-inox","status":"publish","type":"product","link":"https:\/\/dev6.erresse-shop.it\/es\/shop\/pequenos-electrodomesticos\/maquinas-de-cafe\/automatico\/jura-cafetera-profesional-x6-dark-inox\/","title":{"rendered":"JURA Cafetera Profesional X6 Dark Inox"},"content":{"rendered":"<p>El profesional para el caf\u00e9 solo y el agua caliente para el t\u00e9<\/p>\n<p>La X6 da lo mejor de s\u00ed en la elaboraci\u00f3n de especialidades de caf\u00e9 negro, la preparaci\u00f3n profesional de briquetas de caf\u00e9 y la preparaci\u00f3n de agua caliente para t\u00e9 a dos temperaturas diferentes.<br \/>\nLa sencillez de los mandos es especialmente ventajosa cuando los utiliza el personal o directamente los hu\u00e9spedes.<br \/>\nPor supuesto, la posici\u00f3n en la pantalla de todas las especialidades de caf\u00e9 puede modificarse a voluntad.<br \/>\nGracias al gran dep\u00f3sito de agua y al kit opcional de agua dulce, la X6 es perfecta para su uso tanto en estaciones fijas como variables.<\/p>\n<p>Tecnolog\u00eda punta para un disfrute perfecto<br \/>\nEl innovador molinillo AromaG3 muele los granos en el momento y con la finura ideales para cada preparaci\u00f3n.<br \/>\nTrabaja con precisi\u00f3n, es el doble de r\u00e1pida y conserva todo el aroma de las jud\u00edas.<br \/>\nEl proceso de extracci\u00f3n pulsada (P.E.P.\u00ae) optimiza el tiempo de extracci\u00f3n de las especialidades cortas, convirtiendo el ristretto y el espresso en una aut\u00e9ntica fiesta para el paladar.<br \/>\nTodos los elementos de control del X6 est\u00e1n dispuestos en el panel frontal, claramente visibles a primera vista y de f\u00e1cil acceso.<br \/>\nEl llenado del dep\u00f3sito de agua y del recipiente de jud\u00edas tambi\u00e9n se realiza f\u00e1cilmente desde la parte delantera.<br \/>\nEl dep\u00f3sito de agua y el contenedor de alubias est\u00e1n equipados de serie con un mecanismo de cierre que permite bloquearlos para protegerlos contra intervenciones no autorizadas.<br \/>\nEl dep\u00f3sito de agua y el contenedor de posos de caf\u00e9 tienen un dise\u00f1o ergon\u00f3mico y pueden extraerse con una sola mano para un vaciado r\u00e1pido e higi\u00e9nico.<br \/>\nLa coherencia de la filosof\u00eda de funcionamiento se manifiesta en los elementos operativos.<br \/>\nLa pantalla TFT en formato vertical, en combinaci\u00f3n con los botones de preparaci\u00f3n grandes y claramente definidos, hace que el manejo sea sencillo e intuitivo incluso para usuarios inexpertos.<br \/>\nLos botones (preparaci\u00f3n o mantenimiento) pueden bloquearse a voluntad para evitar usos indebidos, cambios de programaci\u00f3n no autorizados o accionamientos accidentales.<br \/>\ndurante las operaciones de limpieza.<\/p>\n<p>Garant\u00eda de higiene con certificaci\u00f3n T\u00dcV<br \/>\nEl mantenimiento del nuevo X6 es tan intuitivo como su manejo.<br \/>\nLos programas integrados de enjuague y limpieza combinados con los productos de mantenimiento originales de JURA garantizan la higiene y la limpieza con certificaci\u00f3n T\u00dcV.<\/p>\n<p>Tan individual como sus necesidades<br \/>\nGracias a los accesorios especialmente desarrollados para las m\u00e1quinas autom\u00e1ticas profesionales JURA, como el kit de agua fresca<br \/>\ncalentador de copas o sistema de facturaci\u00f3n, el X6 puede optimizarse para crear soluciones completas adaptadas a sus requisitos espec\u00edficos.<\/p>\n<p>ESPECIFICACIONES T\u00c9CNICAS:<\/p>\n<p>N\u00famero de especialidades de caf\u00e9 12<br \/>\nControl activo de las alubias<br \/>\nConexi\u00f3n inteligente<br \/>\nProceso de extracci\u00f3n pulsada (P.E.P.\u00ae)<br \/>\nGrupo cervecero de capacidad variable<br \/>\nMolinillo multigrado Aroma G3<br \/>\nBomba de alto rendimiento, 15 bar<br \/>\nSistema de calefacci\u00f3n Thermoblock<br \/>\nSistema de fluidos<br \/>\nSistema de leche \/ espumador de leche sustituible<br \/>\nTapa de protecci\u00f3n arom\u00e1tica<br \/>\nPantalla en color de 2,8<br \/>\nCantidad de agua para el caf\u00e9 programable y personalizable<br \/>\nIntensidad del caf\u00e9 programable y personalizable en 10 niveles<br \/>\nTemperatura de infusi\u00f3n programable en 2 niveles<br \/>\nTemperatura del agua caliente programable en 3 niveles<br \/>\nContador diario reiniciable<br \/>\nIndicaci\u00f3n del n\u00famero de preparaciones para cada producto individual<br \/>\nPrograma integrado de aclarado, limpieza y descalcificaci\u00f3n<br \/>\nBandeja de recogida de agua controlada<br \/>\nModo de ahorro de energ\u00eda, E.S.M.\u00a9<br \/>\nInterruptor de energ\u00eda cero o interruptor de red<br \/>\nTiempo de desconexi\u00f3n programable<br \/>\nIluminaci\u00f3n \u00e1mbar\/blanca de la taza<br \/>\nDep\u00f3sito de agua de 5 L de capacidad<br \/>\nCapacidad del recipiente de 550 g de jud\u00edas<br \/>\nContenedor de caf\u00e9 en grano opcionalmente ampliable a 1 kg<br \/>\nContenedor de posos de caf\u00e9 (porciones) 40<br \/>\nFabricado en Suiza<\/p>\n","protected":false},"excerpt":{"rendered":"<p>El profesional para el caf\u00e9 solo y el agua caliente para el t\u00e9 La X6 da lo mejor de s\u00ed en la elaboraci\u00f3n de especialidades de caf\u00e9 negro, la preparaci\u00f3n profesional de briquetas de caf\u00e9 y la preparaci\u00f3n de agua caliente para t\u00e9 a dos temperaturas diferentes. La sencillez de los mandos es especialmente ventajosa [&hellip;]<\/p>\n","protected":false},"featured_media":6359302,"template":"","meta":{"_acf_changed":false},"product_cat":[11968,11955,11947],"product_tag":[],"class_list":{"0":"post-1878888","1":"product","2":"type-product","3":"status-publish","4":"has-post-thumbnail","6":"product_cat-automatico","7":"product_cat-maquinas-de-cafe","8":"product_cat-pequenos-electrodomesticos","10":"first","11":"outofstock","12":"taxable","13":"shipping-taxable","14":"product-type-simple","swatches":"rey-swatches","show_selected":"","stretch_labels":"rey-swatches--stretch-labels"},"acf":[],"yoast_head":"<!-- This site is optimized with the Yoast SEO plugin v25.4 - https:\/\/yoast.com\/wordpress\/plugins\/seo\/ -->\n<title>JURA Cafetera Profesional X6 Dark Inox - dev6 Erresse<\/title>\n<meta name=\"description\" content=\"El profesional para el caf\u00e9 solo y el agua caliente para el t\u00e9 La X6 da lo mejor de s\u00ed en la elaboraci\u00f3n de especialidades de caf\u00e9 negro, la preparaci\u00f3n\" \/>\n<meta name=\"robots\" content=\"noindex, follow, max-snippet:-1, max-image-preview:large, max-video-preview:-1\" \/>\n<meta property=\"og:locale\" content=\"es_ES\" \/>\n<meta property=\"og:type\" content=\"article\" \/>\n<meta property=\"og:title\" content=\"JURA Cafetera Profesional X6 Dark Inox - dev6 Erresse\" \/>\n<meta property=\"og:description\" content=\"El profesional para el caf\u00e9 solo y el agua caliente para el t\u00e9 La X6 da lo mejor de s\u00ed en la elaboraci\u00f3n de especialidades de caf\u00e9 negro, la preparaci\u00f3n\" \/>\n<meta property=\"og:url\" content=\"https:\/\/dev6.erresse-shop.it\/es\/shop\/pequenos-electrodomesticos\/maquinas-de-cafe\/automatico\/jura-cafetera-profesional-x6-dark-inox\/\" \/>\n<meta property=\"og:site_name\" content=\"dev6 Erresse\" \/>\n<meta property=\"og:image\" content=\"https:\/\/interpim.erresse-shop.it\/Import\/Prodotti\/jura-macchina-da-caffe-x6-dark-inox-1.jpg\" \/><meta property=\"og:image\" content=\"https:\/\/interpim.erresse-shop.it\/Import\/Prodotti\/jura-macchina-da-caffe-x6-dark-inox-1.jpg\" \/>\n\t<meta property=\"og:image:width\" content=\"1024\" \/>\n\t<meta property=\"og:image:height\" content=\"1024\" \/>\n\t<meta property=\"og:image:type\" content=\"image\/jpeg\" \/>\n<meta name=\"twitter:card\" content=\"summary_large_image\" \/>\n<meta name=\"twitter:image\" content=\"https:\/\/interpim.erresse-shop.it\/Import\/Prodotti\/jura-macchina-da-caffe-x6-dark-inox-1.jpg\" \/>\n<script type=\"application\/ld+json\" class=\"yoast-schema-graph\">{\"@context\":\"https:\/\/schema.org\",\"@graph\":[{\"@type\":\"WebPage\",\"@id\":\"https:\/\/dev6.erresse-shop.it\/es\/shop\/pequenos-electrodomesticos\/maquinas-de-cafe\/automatico\/jura-cafetera-profesional-x6-dark-inox\/\",\"url\":\"https:\/\/dev6.erresse-shop.it\/es\/shop\/pequenos-electrodomesticos\/maquinas-de-cafe\/automatico\/jura-cafetera-profesional-x6-dark-inox\/\",\"name\":\"JURA Cafetera Profesional X6 Dark Inox - dev6 Erresse\",\"isPartOf\":{\"@id\":\"https:\/\/dev6.erresse-shop.it\/#website\"},\"primaryImageOfPage\":{\"@id\":\"https:\/\/dev6.erresse-shop.it\/es\/shop\/pequenos-electrodomesticos\/maquinas-de-cafe\/automatico\/jura-cafetera-profesional-x6-dark-inox\/#primaryimage\"},\"image\":{\"@id\":\"https:\/\/dev6.erresse-shop.it\/es\/shop\/pequenos-electrodomesticos\/maquinas-de-cafe\/automatico\/jura-cafetera-profesional-x6-dark-inox\/#primaryimage\"},\"thumbnailUrl\":\"https:\/\/i3.wp.com\/interpim.erresse-shop.it\/Import\/Prodotti\/jura-macchina-da-caffe-x6-dark-inox-1.jpg?ssl=1\",\"datePublished\":\"2026-04-12T07:17:59+00:00\",\"description\":\"El profesional para el caf\u00e9 solo y el agua caliente para el t\u00e9 La X6 da lo mejor de s\u00ed en la elaboraci\u00f3n de especialidades de caf\u00e9 negro, la preparaci\u00f3n\",\"breadcrumb\":{\"@id\":\"https:\/\/dev6.erresse-shop.it\/es\/shop\/pequenos-electrodomesticos\/maquinas-de-cafe\/automatico\/jura-cafetera-profesional-x6-dark-inox\/#breadcrumb\"},\"inLanguage\":\"es\",\"potentialAction\":[{\"@type\":\"ReadAction\",\"target\":[\"https:\/\/dev6.erresse-shop.it\/es\/shop\/pequenos-electrodomesticos\/maquinas-de-cafe\/automatico\/jura-cafetera-profesional-x6-dark-inox\/\"]}]},{\"@type\":\"ImageObject\",\"inLanguage\":\"es\",\"@id\":\"https:\/\/dev6.erresse-shop.it\/es\/shop\/pequenos-electrodomesticos\/maquinas-de-cafe\/automatico\/jura-cafetera-profesional-x6-dark-inox\/#primaryimage\",\"url\":\"https:\/\/i3.wp.com\/interpim.erresse-shop.it\/Import\/Prodotti\/jura-macchina-da-caffe-x6-dark-inox-1.jpg?ssl=1\",\"contentUrl\":\"https:\/\/i3.wp.com\/interpim.erresse-shop.it\/Import\/Prodotti\/jura-macchina-da-caffe-x6-dark-inox-1.jpg?ssl=1\"},{\"@type\":\"BreadcrumbList\",\"@id\":\"https:\/\/dev6.erresse-shop.it\/es\/shop\/pequenos-electrodomesticos\/maquinas-de-cafe\/automatico\/jura-cafetera-profesional-x6-dark-inox\/#breadcrumb\",\"itemListElement\":[{\"@type\":\"ListItem\",\"position\":1,\"name\":\"Home\",\"item\":\"https:\/\/dev6.erresse-shop.it\/\"},{\"@type\":\"ListItem\",\"position\":2,\"name\":\"Tienda\",\"item\":\"https:\/\/dev6.erresse-shop.it\/shop\/\"},{\"@type\":\"ListItem\",\"position\":3,\"name\":\"JURA Cafetera Profesional X6 Dark Inox\"}]},{\"@type\":\"WebSite\",\"@id\":\"https:\/\/dev6.erresse-shop.it\/#website\",\"url\":\"https:\/\/dev6.erresse-shop.it\/\",\"name\":\"Erresse Shop\",\"description\":\"\",\"publisher\":{\"@id\":\"https:\/\/dev6.erresse-shop.it\/#organization\"},\"potentialAction\":[{\"@type\":\"SearchAction\",\"target\":{\"@type\":\"EntryPoint\",\"urlTemplate\":\"https:\/\/dev6.erresse-shop.it\/?s={search_term_string}\"},\"query-input\":{\"@type\":\"PropertyValueSpecification\",\"valueRequired\":true,\"valueName\":\"search_term_string\"}}],\"inLanguage\":\"es\"},{\"@type\":\"Organization\",\"@id\":\"https:\/\/dev6.erresse-shop.it\/#organization\",\"name\":\"Erresse Shop\",\"url\":\"https:\/\/dev6.erresse-shop.it\/\",\"logo\":{\"@type\":\"ImageObject\",\"inLanguage\":\"es\",\"@id\":\"https:\/\/dev6.erresse-shop.it\/#\/schema\/logo\/image\/\",\"url\":\"https:\/\/dev6.erresse-shop.it\/wp-content\/uploads\/2025\/01\/LOGO-ERRESSE-CLASSICO.svg\",\"contentUrl\":\"https:\/\/dev6.erresse-shop.it\/wp-content\/uploads\/2025\/01\/LOGO-ERRESSE-CLASSICO.svg\",\"caption\":\"Erresse Shop\"},\"image\":{\"@id\":\"https:\/\/dev6.erresse-shop.it\/#\/schema\/logo\/image\/\"}}]}<\/script>\n<!-- \/ Yoast SEO plugin. -->","yoast_head_json":{"title":"JURA Cafetera Profesional X6 Dark Inox - dev6 Erresse","description":"El profesional para el caf\u00e9 solo y el agua caliente para el t\u00e9 La X6 da lo mejor de s\u00ed en la elaboraci\u00f3n de especialidades de caf\u00e9 negro, la preparaci\u00f3n","robots":{"index":"noindex","follow":"follow","max-snippet":"max-snippet:-1","max-image-preview":"max-image-preview:large","max-video-preview":"max-video-preview:-1"},"og_locale":"es_ES","og_type":"article","og_title":"JURA Cafetera Profesional X6 Dark Inox - dev6 Erresse","og_description":"El profesional para el caf\u00e9 solo y el agua caliente para el t\u00e9 La X6 da lo mejor de s\u00ed en la elaboraci\u00f3n de especialidades de caf\u00e9 negro, la preparaci\u00f3n","og_url":"https:\/\/dev6.erresse-shop.it\/es\/shop\/pequenos-electrodomesticos\/maquinas-de-cafe\/automatico\/jura-cafetera-profesional-x6-dark-inox\/","og_site_name":"dev6 Erresse","og_image":[{"url":"https:\/\/interpim.erresse-shop.it\/Import\/Prodotti\/jura-macchina-da-caffe-x6-dark-inox-1.jpg","type":"","width":"","height":""},{"url":"https:\/\/interpim.erresse-shop.it\/Import\/Prodotti\/jura-macchina-da-caffe-x6-dark-inox-1.jpg","width":1024,"height":1024,"type":"image\/jpeg"}],"twitter_card":"summary_large_image","twitter_image":"https:\/\/interpim.erresse-shop.it\/Import\/Prodotti\/jura-macchina-da-caffe-x6-dark-inox-1.jpg","schema":{"@context":"https:\/\/schema.org","@graph":[{"@type":"WebPage","@id":"https:\/\/dev6.erresse-shop.it\/es\/shop\/pequenos-electrodomesticos\/maquinas-de-cafe\/automatico\/jura-cafetera-profesional-x6-dark-inox\/","url":"https:\/\/dev6.erresse-shop.it\/es\/shop\/pequenos-electrodomesticos\/maquinas-de-cafe\/automatico\/jura-cafetera-profesional-x6-dark-inox\/","name":"JURA Cafetera Profesional X6 Dark Inox - dev6 Erresse","isPartOf":{"@id":"https:\/\/dev6.erresse-shop.it\/#website"},"primaryImageOfPage":{"@id":"https:\/\/dev6.erresse-shop.it\/es\/shop\/pequenos-electrodomesticos\/maquinas-de-cafe\/automatico\/jura-cafetera-profesional-x6-dark-inox\/#primaryimage"},"image":{"@id":"https:\/\/dev6.erresse-shop.it\/es\/shop\/pequenos-electrodomesticos\/maquinas-de-cafe\/automatico\/jura-cafetera-profesional-x6-dark-inox\/#primaryimage"},"thumbnailUrl":"https:\/\/i3.wp.com\/interpim.erresse-shop.it\/Import\/Prodotti\/jura-macchina-da-caffe-x6-dark-inox-1.jpg?ssl=1","datePublished":"2026-04-12T07:17:59+00:00","description":"El profesional para el caf\u00e9 solo y el agua caliente para el t\u00e9 La X6 da lo mejor de s\u00ed en la elaboraci\u00f3n de especialidades de caf\u00e9 negro, la preparaci\u00f3n","breadcrumb":{"@id":"https:\/\/dev6.erresse-shop.it\/es\/shop\/pequenos-electrodomesticos\/maquinas-de-cafe\/automatico\/jura-cafetera-profesional-x6-dark-inox\/#breadcrumb"},"inLanguage":"es","potentialAction":[{"@type":"ReadAction","target":["https:\/\/dev6.erresse-shop.it\/es\/shop\/pequenos-electrodomesticos\/maquinas-de-cafe\/automatico\/jura-cafetera-profesional-x6-dark-inox\/"]}]},{"@type":"ImageObject","inLanguage":"es","@id":"https:\/\/dev6.erresse-shop.it\/es\/shop\/pequenos-electrodomesticos\/maquinas-de-cafe\/automatico\/jura-cafetera-profesional-x6-dark-inox\/#primaryimage","url":"https:\/\/i3.wp.com\/interpim.erresse-shop.it\/Import\/Prodotti\/jura-macchina-da-caffe-x6-dark-inox-1.jpg?ssl=1","contentUrl":"https:\/\/i3.wp.com\/interpim.erresse-shop.it\/Import\/Prodotti\/jura-macchina-da-caffe-x6-dark-inox-1.jpg?ssl=1"},{"@type":"BreadcrumbList","@id":"https:\/\/dev6.erresse-shop.it\/es\/shop\/pequenos-electrodomesticos\/maquinas-de-cafe\/automatico\/jura-cafetera-profesional-x6-dark-inox\/#breadcrumb","itemListElement":[{"@type":"ListItem","position":1,"name":"Home","item":"https:\/\/dev6.erresse-shop.it\/"},{"@type":"ListItem","position":2,"name":"Tienda","item":"https:\/\/dev6.erresse-shop.it\/shop\/"},{"@type":"ListItem","position":3,"name":"JURA Cafetera Profesional X6 Dark Inox"}]},{"@type":"WebSite","@id":"https:\/\/dev6.erresse-shop.it\/#website","url":"https:\/\/dev6.erresse-shop.it\/","name":"Erresse Shop","description":"","publisher":{"@id":"https:\/\/dev6.erresse-shop.it\/#organization"},"potentialAction":[{"@type":"SearchAction","target":{"@type":"EntryPoint","urlTemplate":"https:\/\/dev6.erresse-shop.it\/?s={search_term_string}"},"query-input":{"@type":"PropertyValueSpecification","valueRequired":true,"valueName":"search_term_string"}}],"inLanguage":"es"},{"@type":"Organization","@id":"https:\/\/dev6.erresse-shop.it\/#organization","name":"Erresse Shop","url":"https:\/\/dev6.erresse-shop.it\/","logo":{"@type":"ImageObject","inLanguage":"es","@id":"https:\/\/dev6.erresse-shop.it\/#\/schema\/logo\/image\/","url":"https:\/\/dev6.erresse-shop.it\/wp-content\/uploads\/2025\/01\/LOGO-ERRESSE-CLASSICO.svg","contentUrl":"https:\/\/dev6.erresse-shop.it\/wp-content\/uploads\/2025\/01\/LOGO-ERRESSE-CLASSICO.svg","caption":"Erresse Shop"},"image":{"@id":"https:\/\/dev6.erresse-shop.it\/#\/schema\/logo\/image\/"}}]}},"df_price":"","df_sale_price":"","df_regular_price":"","df_image_link":"https:\/\/i3.wp.com\/interpim.erresse-shop.it\/Import\/Prodotti\/jura-macchina-da-caffe-x6-dark-inox-1.jpg?resize=300,300&ssl=1","fifu_image_url":"https:\/\/interpim.erresse-shop.it\/Import\/Prodotti\/jura-macchina-da-caffe-x6-dark-inox-1.jpg","_links":{"self":[{"href":"https:\/\/dev6.erresse-shop.it\/es\/wp-json\/wp\/v2\/product\/1878888","targetHints":{"allow":["GET"]}}],"collection":[{"href":"https:\/\/dev6.erresse-shop.it\/es\/wp-json\/wp\/v2\/product"}],"about":[{"href":"https:\/\/dev6.erresse-shop.it\/es\/wp-json\/wp\/v2\/types\/product"}],"wp:featuredmedia":[{"embeddable":true,"href":"https:\/\/dev6.erresse-shop.it\/es\/wp-json\/wp\/v2\/media\/6359302"}],"wp:attachment":[{"href":"https:\/\/dev6.erresse-shop.it\/es\/wp-json\/wp\/v2\/media?parent=1878888"}],"wp:term":[{"taxonomy":"product_cat","embeddable":true,"href":"https:\/\/dev6.erresse-shop.it\/es\/wp-json\/wp\/v2\/product_cat?post=1878888"},{"taxonomy":"product_tag","embeddable":true,"href":"https:\/\/dev6.erresse-shop.it\/es\/wp-json\/wp\/v2\/product_tag?post=1878888"}],"curies":[{"name":"wp","href":"https:\/\/api.w.org\/{rel}","templated":true}]}}