{"id":1878886,"date":"2026-04-12T09:17:59","date_gmt":"2026-04-12T07:17:59","guid":{"rendered":"https:\/\/dev6.erresse-shop.it\/shop\/sin%20categor\u00eda\/jura-cafetera-s8-piano-negro\/"},"modified":"2026-01-09T02:20:28","modified_gmt":"2026-01-09T01:20:28","slug":"jura-cafetera-s8-piano-negro","status":"publish","type":"product","link":"https:\/\/dev6.erresse-shop.it\/es\/shop\/pequenos-electrodomesticos\/maquinas-de-cafe\/automatico\/jura-cafetera-s8-piano-negro\/","title":{"rendered":"JURA Cafetera S8 Piano Negro"},"content":{"rendered":"<p>Gran espect\u00e1culo con un dise\u00f1o compacto<br \/>\nLa elegante S Line, con su dise\u00f1o atrevido y escultural, se distingue por su calidad y precisi\u00f3n. Combina lo mejor de la clase compacta con elementos del segmento premium.<br \/>\nLa gran variedad de especialidades y su excelencia conquistan incluso a los amantes de las profundidades m\u00e1s exigentes. La filosof\u00eda de funcionamiento se caracteriza por la sencillez y la inteligencia.<br \/>\nLa l\u00ednea JURA S crea un nuevo segmento en las m\u00e1quinas autom\u00e1ticas: el segmento medio premium.<\/p>\n<p>Molinillo Aroma Profesional<br \/>\nEl Molinillo Aroma Profesional garantiza un 12,2%* m\u00e1s de aroma y una alta calidad de molienda inalterada durante toda la vida \u00fatil de la m\u00e1quina.<br \/>\nSu geometr\u00eda perfeccionada consigue la curva de afilado \u00f3ptima.<br \/>\nEsto significa que el mayor porcentaje de part\u00edculas finas permite que el aroma se despliegue en toda su intensidad.<\/p>\n<p>*El molinillo de aroma profesional comparado con los molinillos de caf\u00e9 convencionales.<\/p>\n<p>Momentos variados de placer<br \/>\nCon la elegante S8, toda la gama de especialidades se elabora con una calidad excelente, desde el espresso hasta el latte macchiato.<br \/>\nUn toque en la pantalla t\u00e1ctil en color y las 15 especialidades llegar\u00e1n a su taza gracias a numerosas innovaciones excepcionales.<br \/>\nEl molinillo de caf\u00e9 profesional Aroma muele los granos con mayor precisi\u00f3n, el doble de r\u00e1pido y conservando el aroma.<br \/>\nEl proceso de extracci\u00f3n pulsada (P.E.P.\u00ae) optimiza el tiempo de extracci\u00f3n para especialidades cortas y garantiza un aroma insuperable incluso para el espresso y el ristretto.<br \/>\nLa tecnolog\u00eda de microespuma permite preparar especialidades de moda con leche y espuma de leche.<\/p>\n<p>Confort operativo que redefine una era<br \/>\nLos controles son claros y c\u00f3modos gracias a la pantalla t\u00e1ctil en color de alta resoluci\u00f3n de 4,3\u2033 integrada en la cafetera.<br \/>\nBasta con tocar suavemente la pantalla para que su especialidad favorita llegue a su taza.<br \/>\nLa innovadora filosof\u00eda de manejo a trav\u00e9s de la gran pantalla seduce por su comprensibilidad y se adapta a la era moderna.<br \/>\nLas instrucciones con gr\u00e1ficos y animaciones hacen que la navegaci\u00f3n sea autoexplicativa y muestran todos los pasos de la preparaci\u00f3n.<br \/>\nAs\u00ed llegar\u00e1s directamente a la meta. Las preferencias individuales pueden programarse en unos pocos pasos. Renombrar, mover, copiar, duplicar: con el S8 se hace en un instante.<\/p>\n<p>Espuma de leche de fantas\u00eda<br \/>\nLa precisi\u00f3n y la calidad hasta el \u00faltimo detalle son el sello distintivo del dise\u00f1o de JURA.<br \/>\nLa nueva boquilla de microespuma S8 Professional est\u00e1 fabricada con materiales de alta calidad y combina la est\u00e9tica con un tacto agradable.<br \/>\nLa boquilla espumadora multifuncional se ha desarrollado especialmente para la preparaci\u00f3n de especialidades de caf\u00e9 con leche y espuma de leche de alta calidad, y prepara m\u00e1gicamente el latte macchiato<br \/>\ny mucho m\u00e1s. Los modernos gr\u00e1ficos y animaciones de la pantalla hacen que el manejo sea m\u00e1s f\u00e1cil que nunca.<\/p>\n<p>ESPECIFICACIONES T\u00c9CNICAS:<\/p>\n<p>N\u00famero de especialidades de caf\u00e9: 15<br \/>\nControl activo de las alubias<br \/>\nConexi\u00f3n inteligente<br \/>\nFunci\u00f3n One-Touch<br \/>\nGrupo cervecero de capacidad variable<br \/>\nMolinillo Aroma Profesional<br \/>\nBomba de 15 bar<br \/>\nSistema de calefacci\u00f3n Thermoblock<br \/>\nSistema de leche \/ espumador de leche sustituible<br \/>\nCompartimento para caf\u00e9 molido<br \/>\nTapa de protecci\u00f3n arom\u00e1tica<br \/>\nPantalla en color de 4,3\u201d con tecnolog\u00eda t\u00e1ctil<br \/>\nInserci\u00f3n, multiplicaci\u00f3n y personalizaci\u00f3n de productos<br \/>\nCantidad de agua para el caf\u00e9 programable y personalizable<br \/>\nIntensidad del caf\u00e9 programable y personalizable \u2013 10 niveles<br \/>\nCantidad de leche\/espuma programable<br \/>\nTemperatura de infusi\u00f3n programable \u2013 3 niveles<br \/>\nTemperatura del agua caliente programable \u2013 3 niveles<br \/>\nModo de ahorro de energ\u00eda<br \/>\nTiempo de desconexi\u00f3n programable<br \/>\nDispensador de caf\u00e9 regulable en altura y anchura<br \/>\nDispensador de capuchino regulable en altura<br \/>\nDispensador de agua caliente regulable en altura<br \/>\nCapacidad del dep\u00f3sito de agua \u2013 1,9 Lt<br \/>\nCapacidad del recipiente de caf\u00e9 en grano \u2013 280 gr<br \/>\nContenedor de posos de caf\u00e9 \u2013 20 porciones<br \/>\nFabricado en Suiza<\/p>\n","protected":false},"excerpt":{"rendered":"<p>Gran espect\u00e1culo con un dise\u00f1o compacto La elegante S Line, con su dise\u00f1o atrevido y escultural, se distingue por su calidad y precisi\u00f3n. Combina lo mejor de la clase compacta con elementos del segmento premium. La gran variedad de especialidades y su excelencia conquistan incluso a los amantes de las profundidades m\u00e1s exigentes. La filosof\u00eda [&hellip;]<\/p>\n","protected":false},"featured_media":6359284,"template":"","meta":{"_acf_changed":false},"product_cat":[11968,11955,11947],"product_tag":[],"class_list":{"0":"post-1878886","1":"product","2":"type-product","3":"status-publish","4":"has-post-thumbnail","6":"product_cat-automatico","7":"product_cat-maquinas-de-cafe","8":"product_cat-pequenos-electrodomesticos","10":"first","11":"outofstock","12":"sale","13":"taxable","14":"shipping-taxable","15":"purchasable","16":"product-type-simple","swatches":"rey-swatches","show_selected":"","stretch_labels":"rey-swatches--stretch-labels"},"acf":[],"yoast_head":"<!-- This site is optimized with the Yoast SEO plugin v25.4 - https:\/\/yoast.com\/wordpress\/plugins\/seo\/ -->\n<title>JURA Cafetera S8 Piano Negro - dev6 Erresse<\/title>\n<meta name=\"description\" content=\"Gran espect\u00e1culo con un dise\u00f1o compacto La elegante S Line, con su dise\u00f1o atrevido y escultural, se distingue por su calidad y precisi\u00f3n. Combina lo mejor\" \/>\n<meta name=\"robots\" content=\"noindex, follow, max-snippet:-1, max-image-preview:large, max-video-preview:-1\" \/>\n<meta property=\"og:locale\" content=\"es_ES\" \/>\n<meta property=\"og:type\" content=\"article\" \/>\n<meta property=\"og:title\" content=\"JURA Cafetera S8 Piano Negro - dev6 Erresse\" \/>\n<meta property=\"og:description\" content=\"Gran espect\u00e1culo con un dise\u00f1o compacto La elegante S Line, con su dise\u00f1o atrevido y escultural, se distingue por su calidad y precisi\u00f3n. Combina lo mejor\" \/>\n<meta property=\"og:url\" content=\"https:\/\/dev6.erresse-shop.it\/es\/shop\/pequenos-electrodomesticos\/maquinas-de-cafe\/automatico\/jura-cafetera-s8-piano-negro\/\" \/>\n<meta property=\"og:site_name\" content=\"dev6 Erresse\" \/>\n<meta property=\"og:image\" content=\"https:\/\/interpim.erresse-shop.it\/Import\/Prodotti\/jura-macchina-da-caffe-s8-nero2.jpg\" \/><meta property=\"og:image\" content=\"https:\/\/interpim.erresse-shop.it\/Import\/Prodotti\/jura-macchina-da-caffe-s8-nero2.jpg\" \/>\n\t<meta property=\"og:image:width\" content=\"1024\" \/>\n\t<meta property=\"og:image:height\" content=\"1024\" \/>\n\t<meta property=\"og:image:type\" content=\"image\/jpeg\" \/>\n<meta name=\"twitter:card\" content=\"summary_large_image\" \/>\n<meta name=\"twitter:image\" content=\"https:\/\/interpim.erresse-shop.it\/Import\/Prodotti\/jura-macchina-da-caffe-s8-nero2.jpg\" \/>\n<script type=\"application\/ld+json\" class=\"yoast-schema-graph\">{\"@context\":\"https:\/\/schema.org\",\"@graph\":[{\"@type\":\"WebPage\",\"@id\":\"https:\/\/dev6.erresse-shop.it\/es\/shop\/pequenos-electrodomesticos\/maquinas-de-cafe\/automatico\/jura-cafetera-s8-piano-negro\/\",\"url\":\"https:\/\/dev6.erresse-shop.it\/es\/shop\/pequenos-electrodomesticos\/maquinas-de-cafe\/automatico\/jura-cafetera-s8-piano-negro\/\",\"name\":\"JURA Cafetera S8 Piano Negro - dev6 Erresse\",\"isPartOf\":{\"@id\":\"https:\/\/dev6.erresse-shop.it\/#website\"},\"primaryImageOfPage\":{\"@id\":\"https:\/\/dev6.erresse-shop.it\/es\/shop\/pequenos-electrodomesticos\/maquinas-de-cafe\/automatico\/jura-cafetera-s8-piano-negro\/#primaryimage\"},\"image\":{\"@id\":\"https:\/\/dev6.erresse-shop.it\/es\/shop\/pequenos-electrodomesticos\/maquinas-de-cafe\/automatico\/jura-cafetera-s8-piano-negro\/#primaryimage\"},\"thumbnailUrl\":\"https:\/\/i1.wp.com\/interpim.erresse-shop.it\/Import\/Prodotti\/jura-macchina-da-caffe-s8-nero2.jpg?ssl=1\",\"datePublished\":\"2026-04-12T07:17:59+00:00\",\"description\":\"Gran espect\u00e1culo con un dise\u00f1o compacto La elegante S Line, con su dise\u00f1o atrevido y escultural, se distingue por su calidad y precisi\u00f3n. Combina lo mejor\",\"breadcrumb\":{\"@id\":\"https:\/\/dev6.erresse-shop.it\/es\/shop\/pequenos-electrodomesticos\/maquinas-de-cafe\/automatico\/jura-cafetera-s8-piano-negro\/#breadcrumb\"},\"inLanguage\":\"es\",\"potentialAction\":[{\"@type\":\"ReadAction\",\"target\":[\"https:\/\/dev6.erresse-shop.it\/es\/shop\/pequenos-electrodomesticos\/maquinas-de-cafe\/automatico\/jura-cafetera-s8-piano-negro\/\"]}]},{\"@type\":\"ImageObject\",\"inLanguage\":\"es\",\"@id\":\"https:\/\/dev6.erresse-shop.it\/es\/shop\/pequenos-electrodomesticos\/maquinas-de-cafe\/automatico\/jura-cafetera-s8-piano-negro\/#primaryimage\",\"url\":\"https:\/\/i1.wp.com\/interpim.erresse-shop.it\/Import\/Prodotti\/jura-macchina-da-caffe-s8-nero2.jpg?ssl=1\",\"contentUrl\":\"https:\/\/i1.wp.com\/interpim.erresse-shop.it\/Import\/Prodotti\/jura-macchina-da-caffe-s8-nero2.jpg?ssl=1\"},{\"@type\":\"BreadcrumbList\",\"@id\":\"https:\/\/dev6.erresse-shop.it\/es\/shop\/pequenos-electrodomesticos\/maquinas-de-cafe\/automatico\/jura-cafetera-s8-piano-negro\/#breadcrumb\",\"itemListElement\":[{\"@type\":\"ListItem\",\"position\":1,\"name\":\"Home\",\"item\":\"https:\/\/dev6.erresse-shop.it\/\"},{\"@type\":\"ListItem\",\"position\":2,\"name\":\"Tienda\",\"item\":\"https:\/\/dev6.erresse-shop.it\/shop\/\"},{\"@type\":\"ListItem\",\"position\":3,\"name\":\"JURA Cafetera S8 Piano Negro\"}]},{\"@type\":\"WebSite\",\"@id\":\"https:\/\/dev6.erresse-shop.it\/#website\",\"url\":\"https:\/\/dev6.erresse-shop.it\/\",\"name\":\"Erresse Shop\",\"description\":\"\",\"publisher\":{\"@id\":\"https:\/\/dev6.erresse-shop.it\/#organization\"},\"potentialAction\":[{\"@type\":\"SearchAction\",\"target\":{\"@type\":\"EntryPoint\",\"urlTemplate\":\"https:\/\/dev6.erresse-shop.it\/?s={search_term_string}\"},\"query-input\":{\"@type\":\"PropertyValueSpecification\",\"valueRequired\":true,\"valueName\":\"search_term_string\"}}],\"inLanguage\":\"es\"},{\"@type\":\"Organization\",\"@id\":\"https:\/\/dev6.erresse-shop.it\/#organization\",\"name\":\"Erresse Shop\",\"url\":\"https:\/\/dev6.erresse-shop.it\/\",\"logo\":{\"@type\":\"ImageObject\",\"inLanguage\":\"es\",\"@id\":\"https:\/\/dev6.erresse-shop.it\/#\/schema\/logo\/image\/\",\"url\":\"https:\/\/dev6.erresse-shop.it\/wp-content\/uploads\/2025\/01\/LOGO-ERRESSE-CLASSICO.svg\",\"contentUrl\":\"https:\/\/dev6.erresse-shop.it\/wp-content\/uploads\/2025\/01\/LOGO-ERRESSE-CLASSICO.svg\",\"caption\":\"Erresse Shop\"},\"image\":{\"@id\":\"https:\/\/dev6.erresse-shop.it\/#\/schema\/logo\/image\/\"}}]}<\/script>\n<!-- \/ Yoast SEO plugin. -->","yoast_head_json":{"title":"JURA Cafetera S8 Piano Negro - dev6 Erresse","description":"Gran espect\u00e1culo con un dise\u00f1o compacto La elegante S Line, con su dise\u00f1o atrevido y escultural, se distingue por su calidad y precisi\u00f3n. Combina lo mejor","robots":{"index":"noindex","follow":"follow","max-snippet":"max-snippet:-1","max-image-preview":"max-image-preview:large","max-video-preview":"max-video-preview:-1"},"og_locale":"es_ES","og_type":"article","og_title":"JURA Cafetera S8 Piano Negro - dev6 Erresse","og_description":"Gran espect\u00e1culo con un dise\u00f1o compacto La elegante S Line, con su dise\u00f1o atrevido y escultural, se distingue por su calidad y precisi\u00f3n. Combina lo mejor","og_url":"https:\/\/dev6.erresse-shop.it\/es\/shop\/pequenos-electrodomesticos\/maquinas-de-cafe\/automatico\/jura-cafetera-s8-piano-negro\/","og_site_name":"dev6 Erresse","og_image":[{"url":"https:\/\/interpim.erresse-shop.it\/Import\/Prodotti\/jura-macchina-da-caffe-s8-nero2.jpg","type":"","width":"","height":""},{"url":"https:\/\/interpim.erresse-shop.it\/Import\/Prodotti\/jura-macchina-da-caffe-s8-nero2.jpg","width":1024,"height":1024,"type":"image\/jpeg"}],"twitter_card":"summary_large_image","twitter_image":"https:\/\/interpim.erresse-shop.it\/Import\/Prodotti\/jura-macchina-da-caffe-s8-nero2.jpg","schema":{"@context":"https:\/\/schema.org","@graph":[{"@type":"WebPage","@id":"https:\/\/dev6.erresse-shop.it\/es\/shop\/pequenos-electrodomesticos\/maquinas-de-cafe\/automatico\/jura-cafetera-s8-piano-negro\/","url":"https:\/\/dev6.erresse-shop.it\/es\/shop\/pequenos-electrodomesticos\/maquinas-de-cafe\/automatico\/jura-cafetera-s8-piano-negro\/","name":"JURA Cafetera S8 Piano Negro - dev6 Erresse","isPartOf":{"@id":"https:\/\/dev6.erresse-shop.it\/#website"},"primaryImageOfPage":{"@id":"https:\/\/dev6.erresse-shop.it\/es\/shop\/pequenos-electrodomesticos\/maquinas-de-cafe\/automatico\/jura-cafetera-s8-piano-negro\/#primaryimage"},"image":{"@id":"https:\/\/dev6.erresse-shop.it\/es\/shop\/pequenos-electrodomesticos\/maquinas-de-cafe\/automatico\/jura-cafetera-s8-piano-negro\/#primaryimage"},"thumbnailUrl":"https:\/\/i1.wp.com\/interpim.erresse-shop.it\/Import\/Prodotti\/jura-macchina-da-caffe-s8-nero2.jpg?ssl=1","datePublished":"2026-04-12T07:17:59+00:00","description":"Gran espect\u00e1culo con un dise\u00f1o compacto La elegante S Line, con su dise\u00f1o atrevido y escultural, se distingue por su calidad y precisi\u00f3n. Combina lo mejor","breadcrumb":{"@id":"https:\/\/dev6.erresse-shop.it\/es\/shop\/pequenos-electrodomesticos\/maquinas-de-cafe\/automatico\/jura-cafetera-s8-piano-negro\/#breadcrumb"},"inLanguage":"es","potentialAction":[{"@type":"ReadAction","target":["https:\/\/dev6.erresse-shop.it\/es\/shop\/pequenos-electrodomesticos\/maquinas-de-cafe\/automatico\/jura-cafetera-s8-piano-negro\/"]}]},{"@type":"ImageObject","inLanguage":"es","@id":"https:\/\/dev6.erresse-shop.it\/es\/shop\/pequenos-electrodomesticos\/maquinas-de-cafe\/automatico\/jura-cafetera-s8-piano-negro\/#primaryimage","url":"https:\/\/i1.wp.com\/interpim.erresse-shop.it\/Import\/Prodotti\/jura-macchina-da-caffe-s8-nero2.jpg?ssl=1","contentUrl":"https:\/\/i1.wp.com\/interpim.erresse-shop.it\/Import\/Prodotti\/jura-macchina-da-caffe-s8-nero2.jpg?ssl=1"},{"@type":"BreadcrumbList","@id":"https:\/\/dev6.erresse-shop.it\/es\/shop\/pequenos-electrodomesticos\/maquinas-de-cafe\/automatico\/jura-cafetera-s8-piano-negro\/#breadcrumb","itemListElement":[{"@type":"ListItem","position":1,"name":"Home","item":"https:\/\/dev6.erresse-shop.it\/"},{"@type":"ListItem","position":2,"name":"Tienda","item":"https:\/\/dev6.erresse-shop.it\/shop\/"},{"@type":"ListItem","position":3,"name":"JURA Cafetera S8 Piano Negro"}]},{"@type":"WebSite","@id":"https:\/\/dev6.erresse-shop.it\/#website","url":"https:\/\/dev6.erresse-shop.it\/","name":"Erresse Shop","description":"","publisher":{"@id":"https:\/\/dev6.erresse-shop.it\/#organization"},"potentialAction":[{"@type":"SearchAction","target":{"@type":"EntryPoint","urlTemplate":"https:\/\/dev6.erresse-shop.it\/?s={search_term_string}"},"query-input":{"@type":"PropertyValueSpecification","valueRequired":true,"valueName":"search_term_string"}}],"inLanguage":"es"},{"@type":"Organization","@id":"https:\/\/dev6.erresse-shop.it\/#organization","name":"Erresse Shop","url":"https:\/\/dev6.erresse-shop.it\/","logo":{"@type":"ImageObject","inLanguage":"es","@id":"https:\/\/dev6.erresse-shop.it\/#\/schema\/logo\/image\/","url":"https:\/\/dev6.erresse-shop.it\/wp-content\/uploads\/2025\/01\/LOGO-ERRESSE-CLASSICO.svg","contentUrl":"https:\/\/dev6.erresse-shop.it\/wp-content\/uploads\/2025\/01\/LOGO-ERRESSE-CLASSICO.svg","caption":"Erresse Shop"},"image":{"@id":"https:\/\/dev6.erresse-shop.it\/#\/schema\/logo\/image\/"}}]}},"df_price":1349.95,"df_sale_price":1349.95,"df_regular_price":1549,"df_image_link":"https:\/\/i1.wp.com\/interpim.erresse-shop.it\/Import\/Prodotti\/jura-macchina-da-caffe-s8-nero2.jpg?resize=300,300&ssl=1","fifu_image_url":"https:\/\/interpim.erresse-shop.it\/Import\/Prodotti\/jura-macchina-da-caffe-s8-nero2.jpg","_links":{"self":[{"href":"https:\/\/dev6.erresse-shop.it\/es\/wp-json\/wp\/v2\/product\/1878886","targetHints":{"allow":["GET"]}}],"collection":[{"href":"https:\/\/dev6.erresse-shop.it\/es\/wp-json\/wp\/v2\/product"}],"about":[{"href":"https:\/\/dev6.erresse-shop.it\/es\/wp-json\/wp\/v2\/types\/product"}],"wp:featuredmedia":[{"embeddable":true,"href":"https:\/\/dev6.erresse-shop.it\/es\/wp-json\/wp\/v2\/media\/6359284"}],"wp:attachment":[{"href":"https:\/\/dev6.erresse-shop.it\/es\/wp-json\/wp\/v2\/media?parent=1878886"}],"wp:term":[{"taxonomy":"product_cat","embeddable":true,"href":"https:\/\/dev6.erresse-shop.it\/es\/wp-json\/wp\/v2\/product_cat?post=1878886"},{"taxonomy":"product_tag","embeddable":true,"href":"https:\/\/dev6.erresse-shop.it\/es\/wp-json\/wp\/v2\/product_tag?post=1878886"}],"curies":[{"name":"wp","href":"https:\/\/api.w.org\/{rel}","templated":true}]}}