{"id":1878860,"date":"2026-04-04T09:16:13","date_gmt":"2026-04-04T07:16:13","guid":{"rendered":"https:\/\/dev6.erresse-shop.it\/shop\/sin%20categor\u00eda\/le-creuset-cazuela-profunda-redonda-de-hierro-fundido-26-cm-negro-brillante\/"},"modified":"2025-09-14T08:13:21","modified_gmt":"2025-09-14T06:13:21","slug":"le-creuset-cazuela-profunda-redonda-de-hierro-fundido-26-cm-negro-brillante","status":"publish","type":"product","link":"https:\/\/dev6.erresse-shop.it\/es\/shop\/sartenes-y-ollas\/marmitas-y-cocottes\/le-creuset-cazuela-profunda-redonda-de-hierro-fundido-26-cm-negro-brillante\/","title":{"rendered":"LE CREUSET Cazuela Profunda Redonda de Hierro Fundido 26 cm Negro Brillante"},"content":{"rendered":"<p>Raciones generosas para todos<br \/>\nEn la olla de hierro fundido vitrificado podr\u00e1 cocinar raciones generosas gracias a sus altas paredes. Util\u00edzala para preparar sopas, guisos y mucho m\u00e1s, sobre todo cuando tengas que cocinar para mucha gente. Con esta gran cocotte, puede servir de 8 a 10 raciones. Ll\u00e9valo a la mesa e invita a todos a servirse.<\/p>\n<p>Detalles del producto<br \/>\nNuestro pomo resistente al calor (hasta 260 \u00b0C) est\u00e1 dise\u00f1ado para un agarre \u00f3ptimo, incluso cuando se utiliza un agarrador para levantar la tapa.<br \/>\nLimpieza r\u00e1pida: una fina capa interior vitrificada facilita la limpieza.<br \/>\nGrandes asas: gracias a nuestras grandes asas, podr\u00e1 desplazarse f\u00e1cilmente de la placa a la mesa, incluso con guantes de horno.<br \/>\nVersatilidad: este producto es apto para horno, cocina y grill.<br \/>\nAlimentos sabrosos: el hierro fundido vitrificado retiene el calor para que la cocci\u00f3n y el dorado sean uniformes. Sus deliciosas creaciones permanecer\u00e1n calientes m\u00e1s tiempo en la mesa.<br \/>\nConserva la suculencia: nuestra tapa retiene el vapor generado al cocinar los alimentos y realza los sabores para obtener unos resultados de cocci\u00f3n extraordinarios.<br \/>\nF\u00e1cil de sujetar: las elegantes y c\u00f3modas asas permiten levantar el producto con seguridad.<br \/>\nNo demasiado caliente: cocine con un fuego constante de bajo a medio para cuidar su producto de hierro fundido vitrificado y conseguir unos resultados deliciosos.<br \/>\nLos mejores de su clase: nuestros productos se elaboran con los mejores materiales en f\u00e1bricas de todo el mundo para garantizar la calidad que espera de Le Creuset.<\/p>\n<p>Material: Hierro fundido esmaltado<br \/>\nFabricado en: Francia<br \/>\nGarant\u00eda: Garant\u00eda de por vida<\/p>\n<p>Fuente de calor<br \/>\nHorno Modo Grill<br \/>\nHorno<br \/>\nPlaca el\u00e9ctrica<br \/>\nVidrio cer\u00e1mico<br \/>\nPlaca de gas<br \/>\nPlaca de inducci\u00f3n<\/p>\n<p>Dimensiones<br \/>\nCapacidad: 5 L<br \/>\nLongitud: 35,3 cm<br \/>\nAnchura: 27,4 cm<br \/>\nAltura: 17,2 cm<\/p>\n<p>Almacenamiento<br \/>\nApto para congelador<\/p>\n<p>Atenci\u00f3n<br \/>\nApto para lavavajillas<\/p>\n<p>Antes del primer uso<br \/>\n\u00a1Disfrute del momento de abrir el paquete de su nueva compra! Y aseg\u00farese de retirar todas las etiquetas y envases.<br \/>\nLave su producto Le Creuset con agua tibia y jab\u00f3n, despu\u00e9s acl\u00e1relo y s\u00e9quelo bien.<\/p>\n<p>Cocinar<br \/>\nProt\u00e9jase siempre utilizando agarraderas cuando manipule utensilios calientes.<br \/>\nRecomendamos utilizar \u00fanicamente utensilios de silicona Le Creuset o de madera o pl\u00e1stico resistente al calor. NO utilice cuchillos ni utensilios met\u00e1licos para evitar marcas y ara\u00f1azos en la superficie vitrificada del producto.<br \/>\nUtilice el producto en la placa de cocci\u00f3n del tama\u00f1o m\u00e1s adecuado: har\u00e1 que los alimentos se cocinen de forma m\u00e1s uniforme y reducir\u00e1 el riesgo de da\u00f1ar las asas y los laterales. Esto es especialmente importante en las placas de inducci\u00f3n: si se utiliza un anillo de tama\u00f1o incorrecto, existe el riesgo de que la placa no \u201creconozca\u201d el producto.<br \/>\nLa cocci\u00f3n a fuego medio o bajo produce los mejores resultados. Calentar la sart\u00e9n poco a poco para conseguir sabores extraordinarios y una cocci\u00f3n uniforme. Si es necesario utilizar calor alto, baje la intensidad una vez alcanzado el nivel de calor deseado.<br \/>\nNo deslice el producto sobre una placa de cristal, ya que podr\u00eda da\u00f1ar la base del producto y el cristal. Levante siempre el producto al colocarlo, moverlo o retirarlo de la superficie.<\/p>\n<p>Limpiar<br \/>\nEspere a que el producto se enfr\u00ede completamente antes de empezar a limpiarlo.<br \/>\nElimine cualquier residuo de la base y los laterales del producto. Para los restos de comida m\u00e1s resistentes, llene el producto con agua jabonosa tibia y d\u00e9jelo en remojo durante 15-20 minutos antes de lavarlo como de costumbre.<br \/>\nNo utilice limpiadores abrasivos ni esponjas met\u00e1licas o abrasivas ni cepillos muy duros y r\u00edgidos para limpiar ninguna de las superficies.<br \/>\nDespu\u00e9s de lavarlo, s\u00e9quelo bien y gu\u00e1rdelo en un lugar seco.<\/p>\n","protected":false},"excerpt":{"rendered":"<p>Raciones generosas para todos En la olla de hierro fundido vitrificado podr\u00e1 cocinar raciones generosas gracias a sus altas paredes. Util\u00edzala para preparar sopas, guisos y mucho m\u00e1s, sobre todo cuando tengas que cocinar para mucha gente. Con esta gran cocotte, puede servir de 8 a 10 raciones. Ll\u00e9valo a la mesa e invita a [&hellip;]<\/p>\n","protected":false},"featured_media":6275797,"template":"","meta":{"_acf_changed":false},"product_cat":[11892,11667,11883],"product_tag":[],"class_list":{"0":"post-1878860","1":"product","2":"type-product","3":"status-publish","4":"has-post-thumbnail","6":"product_cat-marmitas-y-cocottes","7":"product_cat-padelle-pentole","8":"product_cat-sartenes-y-ollas","10":"first","11":"outofstock","12":"sale","13":"taxable","14":"shipping-taxable","15":"purchasable","16":"product-type-simple","swatches":"rey-swatches","show_selected":"","stretch_labels":"rey-swatches--stretch-labels"},"acf":[],"yoast_head":"<!-- This site is optimized with the Yoast SEO plugin v25.4 - https:\/\/yoast.com\/wordpress\/plugins\/seo\/ -->\n<title>LE CREUSET Cazuela Profunda Redonda de Hierro Fundido 26 cm Negro Brillante - dev6 Erresse<\/title>\n<meta name=\"description\" content=\"Raciones generosas para todos En la olla de hierro fundido vitrificado podr\u00e1 cocinar raciones generosas gracias a sus altas paredes. Util\u00edzala para\" \/>\n<meta name=\"robots\" content=\"noindex, follow, max-snippet:-1, max-image-preview:large, max-video-preview:-1\" \/>\n<meta property=\"og:locale\" content=\"es_ES\" \/>\n<meta property=\"og:type\" content=\"article\" \/>\n<meta property=\"og:title\" content=\"LE CREUSET Cazuela Profunda Redonda de Hierro Fundido 26 cm Negro Brillante - dev6 Erresse\" \/>\n<meta property=\"og:description\" content=\"Raciones generosas para todos En la olla de hierro fundido vitrificado podr\u00e1 cocinar raciones generosas gracias a sus altas paredes. Util\u00edzala para\" \/>\n<meta property=\"og:url\" content=\"https:\/\/dev6.erresse-shop.it\/es\/shop\/sartenes-y-ollas\/marmitas-y-cocottes\/le-creuset-cazuela-profunda-redonda-de-hierro-fundido-26-cm-negro-brillante\/\" \/>\n<meta property=\"og:site_name\" content=\"dev6 Erresse\" \/>\n<meta property=\"og:image\" content=\"https:\/\/interpim.erresse-shop.it\/Import\/Prodotti\/le-creuset-cocotte-profonda-26-nero-lucido.webp\" \/><meta property=\"og:image\" content=\"https:\/\/interpim.erresse-shop.it\/Import\/Prodotti\/le-creuset-cocotte-profonda-26-nero-lucido.webp\" \/>\n\t<meta property=\"og:image:width\" content=\"1024\" \/>\n\t<meta property=\"og:image:height\" content=\"1024\" \/>\n\t<meta property=\"og:image:type\" content=\"image\/jpeg\" \/>\n<meta name=\"twitter:card\" content=\"summary_large_image\" \/>\n<meta name=\"twitter:image\" content=\"https:\/\/interpim.erresse-shop.it\/Import\/Prodotti\/le-creuset-cocotte-profonda-26-nero-lucido.webp\" \/>\n<script type=\"application\/ld+json\" class=\"yoast-schema-graph\">{\"@context\":\"https:\/\/schema.org\",\"@graph\":[{\"@type\":\"WebPage\",\"@id\":\"https:\/\/dev6.erresse-shop.it\/es\/shop\/sartenes-y-ollas\/marmitas-y-cocottes\/le-creuset-cazuela-profunda-redonda-de-hierro-fundido-26-cm-negro-brillante\/\",\"url\":\"https:\/\/dev6.erresse-shop.it\/es\/shop\/sartenes-y-ollas\/marmitas-y-cocottes\/le-creuset-cazuela-profunda-redonda-de-hierro-fundido-26-cm-negro-brillante\/\",\"name\":\"LE CREUSET Cazuela Profunda Redonda de Hierro Fundido 26 cm Negro Brillante - dev6 Erresse\",\"isPartOf\":{\"@id\":\"https:\/\/dev6.erresse-shop.it\/#website\"},\"primaryImageOfPage\":{\"@id\":\"https:\/\/dev6.erresse-shop.it\/es\/shop\/sartenes-y-ollas\/marmitas-y-cocottes\/le-creuset-cazuela-profunda-redonda-de-hierro-fundido-26-cm-negro-brillante\/#primaryimage\"},\"image\":{\"@id\":\"https:\/\/dev6.erresse-shop.it\/es\/shop\/sartenes-y-ollas\/marmitas-y-cocottes\/le-creuset-cazuela-profunda-redonda-de-hierro-fundido-26-cm-negro-brillante\/#primaryimage\"},\"thumbnailUrl\":\"https:\/\/i1.wp.com\/interpim.erresse-shop.it\/Import\/Prodotti\/le-creuset-cocotte-profonda-26-nero-lucido.webp?ssl=1\",\"datePublished\":\"2026-04-04T07:16:13+00:00\",\"description\":\"Raciones generosas para todos En la olla de hierro fundido vitrificado podr\u00e1 cocinar raciones generosas gracias a sus altas paredes. Util\u00edzala para\",\"breadcrumb\":{\"@id\":\"https:\/\/dev6.erresse-shop.it\/es\/shop\/sartenes-y-ollas\/marmitas-y-cocottes\/le-creuset-cazuela-profunda-redonda-de-hierro-fundido-26-cm-negro-brillante\/#breadcrumb\"},\"inLanguage\":\"es\",\"potentialAction\":[{\"@type\":\"ReadAction\",\"target\":[\"https:\/\/dev6.erresse-shop.it\/es\/shop\/sartenes-y-ollas\/marmitas-y-cocottes\/le-creuset-cazuela-profunda-redonda-de-hierro-fundido-26-cm-negro-brillante\/\"]}]},{\"@type\":\"ImageObject\",\"inLanguage\":\"es\",\"@id\":\"https:\/\/dev6.erresse-shop.it\/es\/shop\/sartenes-y-ollas\/marmitas-y-cocottes\/le-creuset-cazuela-profunda-redonda-de-hierro-fundido-26-cm-negro-brillante\/#primaryimage\",\"url\":\"https:\/\/i1.wp.com\/interpim.erresse-shop.it\/Import\/Prodotti\/le-creuset-cocotte-profonda-26-nero-lucido.webp?ssl=1\",\"contentUrl\":\"https:\/\/i1.wp.com\/interpim.erresse-shop.it\/Import\/Prodotti\/le-creuset-cocotte-profonda-26-nero-lucido.webp?ssl=1\"},{\"@type\":\"BreadcrumbList\",\"@id\":\"https:\/\/dev6.erresse-shop.it\/es\/shop\/sartenes-y-ollas\/marmitas-y-cocottes\/le-creuset-cazuela-profunda-redonda-de-hierro-fundido-26-cm-negro-brillante\/#breadcrumb\",\"itemListElement\":[{\"@type\":\"ListItem\",\"position\":1,\"name\":\"Home\",\"item\":\"https:\/\/dev6.erresse-shop.it\/\"},{\"@type\":\"ListItem\",\"position\":2,\"name\":\"Tienda\",\"item\":\"https:\/\/dev6.erresse-shop.it\/shop\/\"},{\"@type\":\"ListItem\",\"position\":3,\"name\":\"LE CREUSET Cazuela Profunda Redonda de Hierro Fundido 26 cm Negro Brillante\"}]},{\"@type\":\"WebSite\",\"@id\":\"https:\/\/dev6.erresse-shop.it\/#website\",\"url\":\"https:\/\/dev6.erresse-shop.it\/\",\"name\":\"Erresse Shop\",\"description\":\"\",\"publisher\":{\"@id\":\"https:\/\/dev6.erresse-shop.it\/#organization\"},\"potentialAction\":[{\"@type\":\"SearchAction\",\"target\":{\"@type\":\"EntryPoint\",\"urlTemplate\":\"https:\/\/dev6.erresse-shop.it\/?s={search_term_string}\"},\"query-input\":{\"@type\":\"PropertyValueSpecification\",\"valueRequired\":true,\"valueName\":\"search_term_string\"}}],\"inLanguage\":\"es\"},{\"@type\":\"Organization\",\"@id\":\"https:\/\/dev6.erresse-shop.it\/#organization\",\"name\":\"Erresse Shop\",\"url\":\"https:\/\/dev6.erresse-shop.it\/\",\"logo\":{\"@type\":\"ImageObject\",\"inLanguage\":\"es\",\"@id\":\"https:\/\/dev6.erresse-shop.it\/#\/schema\/logo\/image\/\",\"url\":\"https:\/\/dev6.erresse-shop.it\/wp-content\/uploads\/2025\/01\/LOGO-ERRESSE-CLASSICO.svg\",\"contentUrl\":\"https:\/\/dev6.erresse-shop.it\/wp-content\/uploads\/2025\/01\/LOGO-ERRESSE-CLASSICO.svg\",\"caption\":\"Erresse Shop\"},\"image\":{\"@id\":\"https:\/\/dev6.erresse-shop.it\/#\/schema\/logo\/image\/\"}}]}<\/script>\n<!-- \/ Yoast SEO plugin. -->","yoast_head_json":{"title":"LE CREUSET Cazuela Profunda Redonda de Hierro Fundido 26 cm Negro Brillante - dev6 Erresse","description":"Raciones generosas para todos En la olla de hierro fundido vitrificado podr\u00e1 cocinar raciones generosas gracias a sus altas paredes. Util\u00edzala para","robots":{"index":"noindex","follow":"follow","max-snippet":"max-snippet:-1","max-image-preview":"max-image-preview:large","max-video-preview":"max-video-preview:-1"},"og_locale":"es_ES","og_type":"article","og_title":"LE CREUSET Cazuela Profunda Redonda de Hierro Fundido 26 cm Negro Brillante - dev6 Erresse","og_description":"Raciones generosas para todos En la olla de hierro fundido vitrificado podr\u00e1 cocinar raciones generosas gracias a sus altas paredes. Util\u00edzala para","og_url":"https:\/\/dev6.erresse-shop.it\/es\/shop\/sartenes-y-ollas\/marmitas-y-cocottes\/le-creuset-cazuela-profunda-redonda-de-hierro-fundido-26-cm-negro-brillante\/","og_site_name":"dev6 Erresse","og_image":[{"url":"https:\/\/interpim.erresse-shop.it\/Import\/Prodotti\/le-creuset-cocotte-profonda-26-nero-lucido.webp","type":"","width":"","height":""},{"url":"https:\/\/interpim.erresse-shop.it\/Import\/Prodotti\/le-creuset-cocotte-profonda-26-nero-lucido.webp","width":1024,"height":1024,"type":"image\/jpeg"}],"twitter_card":"summary_large_image","twitter_image":"https:\/\/interpim.erresse-shop.it\/Import\/Prodotti\/le-creuset-cocotte-profonda-26-nero-lucido.webp","schema":{"@context":"https:\/\/schema.org","@graph":[{"@type":"WebPage","@id":"https:\/\/dev6.erresse-shop.it\/es\/shop\/sartenes-y-ollas\/marmitas-y-cocottes\/le-creuset-cazuela-profunda-redonda-de-hierro-fundido-26-cm-negro-brillante\/","url":"https:\/\/dev6.erresse-shop.it\/es\/shop\/sartenes-y-ollas\/marmitas-y-cocottes\/le-creuset-cazuela-profunda-redonda-de-hierro-fundido-26-cm-negro-brillante\/","name":"LE CREUSET Cazuela Profunda Redonda de Hierro Fundido 26 cm Negro Brillante - dev6 Erresse","isPartOf":{"@id":"https:\/\/dev6.erresse-shop.it\/#website"},"primaryImageOfPage":{"@id":"https:\/\/dev6.erresse-shop.it\/es\/shop\/sartenes-y-ollas\/marmitas-y-cocottes\/le-creuset-cazuela-profunda-redonda-de-hierro-fundido-26-cm-negro-brillante\/#primaryimage"},"image":{"@id":"https:\/\/dev6.erresse-shop.it\/es\/shop\/sartenes-y-ollas\/marmitas-y-cocottes\/le-creuset-cazuela-profunda-redonda-de-hierro-fundido-26-cm-negro-brillante\/#primaryimage"},"thumbnailUrl":"https:\/\/i1.wp.com\/interpim.erresse-shop.it\/Import\/Prodotti\/le-creuset-cocotte-profonda-26-nero-lucido.webp?ssl=1","datePublished":"2026-04-04T07:16:13+00:00","description":"Raciones generosas para todos En la olla de hierro fundido vitrificado podr\u00e1 cocinar raciones generosas gracias a sus altas paredes. Util\u00edzala para","breadcrumb":{"@id":"https:\/\/dev6.erresse-shop.it\/es\/shop\/sartenes-y-ollas\/marmitas-y-cocottes\/le-creuset-cazuela-profunda-redonda-de-hierro-fundido-26-cm-negro-brillante\/#breadcrumb"},"inLanguage":"es","potentialAction":[{"@type":"ReadAction","target":["https:\/\/dev6.erresse-shop.it\/es\/shop\/sartenes-y-ollas\/marmitas-y-cocottes\/le-creuset-cazuela-profunda-redonda-de-hierro-fundido-26-cm-negro-brillante\/"]}]},{"@type":"ImageObject","inLanguage":"es","@id":"https:\/\/dev6.erresse-shop.it\/es\/shop\/sartenes-y-ollas\/marmitas-y-cocottes\/le-creuset-cazuela-profunda-redonda-de-hierro-fundido-26-cm-negro-brillante\/#primaryimage","url":"https:\/\/i1.wp.com\/interpim.erresse-shop.it\/Import\/Prodotti\/le-creuset-cocotte-profonda-26-nero-lucido.webp?ssl=1","contentUrl":"https:\/\/i1.wp.com\/interpim.erresse-shop.it\/Import\/Prodotti\/le-creuset-cocotte-profonda-26-nero-lucido.webp?ssl=1"},{"@type":"BreadcrumbList","@id":"https:\/\/dev6.erresse-shop.it\/es\/shop\/sartenes-y-ollas\/marmitas-y-cocottes\/le-creuset-cazuela-profunda-redonda-de-hierro-fundido-26-cm-negro-brillante\/#breadcrumb","itemListElement":[{"@type":"ListItem","position":1,"name":"Home","item":"https:\/\/dev6.erresse-shop.it\/"},{"@type":"ListItem","position":2,"name":"Tienda","item":"https:\/\/dev6.erresse-shop.it\/shop\/"},{"@type":"ListItem","position":3,"name":"LE CREUSET Cazuela Profunda Redonda de Hierro Fundido 26 cm Negro Brillante"}]},{"@type":"WebSite","@id":"https:\/\/dev6.erresse-shop.it\/#website","url":"https:\/\/dev6.erresse-shop.it\/","name":"Erresse Shop","description":"","publisher":{"@id":"https:\/\/dev6.erresse-shop.it\/#organization"},"potentialAction":[{"@type":"SearchAction","target":{"@type":"EntryPoint","urlTemplate":"https:\/\/dev6.erresse-shop.it\/?s={search_term_string}"},"query-input":{"@type":"PropertyValueSpecification","valueRequired":true,"valueName":"search_term_string"}}],"inLanguage":"es"},{"@type":"Organization","@id":"https:\/\/dev6.erresse-shop.it\/#organization","name":"Erresse Shop","url":"https:\/\/dev6.erresse-shop.it\/","logo":{"@type":"ImageObject","inLanguage":"es","@id":"https:\/\/dev6.erresse-shop.it\/#\/schema\/logo\/image\/","url":"https:\/\/dev6.erresse-shop.it\/wp-content\/uploads\/2025\/01\/LOGO-ERRESSE-CLASSICO.svg","contentUrl":"https:\/\/dev6.erresse-shop.it\/wp-content\/uploads\/2025\/01\/LOGO-ERRESSE-CLASSICO.svg","caption":"Erresse Shop"},"image":{"@id":"https:\/\/dev6.erresse-shop.it\/#\/schema\/logo\/image\/"}}]}},"df_price":279.95,"df_sale_price":279.95,"df_regular_price":395,"df_image_link":"https:\/\/i1.wp.com\/interpim.erresse-shop.it\/Import\/Prodotti\/le-creuset-cocotte-profonda-26-nero-lucido.webp?resize=300,300&ssl=1","fifu_image_url":"https:\/\/interpim.erresse-shop.it\/Import\/Prodotti\/le-creuset-cocotte-profonda-26-nero-lucido.webp","_links":{"self":[{"href":"https:\/\/dev6.erresse-shop.it\/es\/wp-json\/wp\/v2\/product\/1878860","targetHints":{"allow":["GET"]}}],"collection":[{"href":"https:\/\/dev6.erresse-shop.it\/es\/wp-json\/wp\/v2\/product"}],"about":[{"href":"https:\/\/dev6.erresse-shop.it\/es\/wp-json\/wp\/v2\/types\/product"}],"wp:featuredmedia":[{"embeddable":true,"href":"https:\/\/dev6.erresse-shop.it\/es\/wp-json\/wp\/v2\/media\/6275797"}],"wp:attachment":[{"href":"https:\/\/dev6.erresse-shop.it\/es\/wp-json\/wp\/v2\/media?parent=1878860"}],"wp:term":[{"taxonomy":"product_cat","embeddable":true,"href":"https:\/\/dev6.erresse-shop.it\/es\/wp-json\/wp\/v2\/product_cat?post=1878860"},{"taxonomy":"product_tag","embeddable":true,"href":"https:\/\/dev6.erresse-shop.it\/es\/wp-json\/wp\/v2\/product_tag?post=1878860"}],"curies":[{"name":"wp","href":"https:\/\/api.w.org\/{rel}","templated":true}]}}