{"id":1878852,"date":"2026-04-12T09:17:59","date_gmt":"2026-04-12T07:17:59","guid":{"rendered":"https:\/\/dev6.erresse-shop.it\/shop\/sin%20categor\u00eda\/zwilling-enfinigy-batidora-de-inmersion-blanco\/"},"modified":"2025-07-04T22:06:13","modified_gmt":"2025-07-04T20:06:13","slug":"zwilling-enfinigy-batidora-de-inmersion-blanco","status":"publish","type":"product","link":"https:\/\/dev6.erresse-shop.it\/es\/shop\/pequenos-electrodomesticos\/licuadoras\/zwilling-enfinigy-batidora-de-inmersion-blanco\/","title":{"rendered":"ZWILLING ENFINIGY Batidora de inmersi\u00f3n Blanco"},"content":{"rendered":"<p>DESCRIPCI\u00d3N<\/p>\n<p>Una batidora, una jarra, infinitas posibilidades. La batidora de inmersi\u00f3n ZWILLING ENFINIGY con jarra medidora es pr\u00e1ctica<br \/>\npr\u00e1ctico y vers\u00e1til para muchas preparaciones diferentes, ya sean batidos, salsas o alimentos homogeneizados.<\/p>\n<p>Gracias a su potente motor de 800 vatios y a sus 9 velocidades, la batidora siempre tiene el ajuste adecuado para que cada preparaci\u00f3n salga perfecta.<br \/>\nLa afilada cuchilla ZWILLING con aletas y dentado Pirahna garantiza unos resultados de batido perfectos.<br \/>\nLa jarra medidora de 600 ml no contiene BPA y tiene una tapa compatible con ZWILLING FRESH &amp; SAVE.<br \/>\nDe este modo, las salsas pueden prepararse con antelaci\u00f3n, envasarse al vac\u00edo y disfrutarse frescas m\u00e1s adelante.<br \/>\nOtras ventajas exclusivas de la batidora de inmersi\u00f3n son: la funci\u00f3n de arranque suave para reducir las salpicaduras, el mando intuitivo de 2 botones y el cable de 1,2 metros.<br \/>\npara un manejo c\u00f3modo mientras se cocina.<\/p>\n<p>Potente motor de 800 vatios para una mezcla perfecta<br \/>\n9 velocidades diferentes ajustables (6.500 \u2013 13.000 RPM), incluida la funci\u00f3n de pulso<br \/>\nHoja con aletas ZWILLING con dentado Pira\u00f1a para un picado excepcional de los ingredientes<br \/>\nHoja robusta de acero inoxidable de alta calidad<br \/>\nJarra de 600 ml, sin BFA, con tapa herm\u00e9tica para el correcto almacenamiento de los preparados<br \/>\nCable de alimentaci\u00f3n de 1,2 m para un uso m\u00e1s c\u00f3modo<br \/>\nBolsa de algod\u00f3n incluida para guardar c\u00f3modamente la batidora de inmersi\u00f3n despu\u00e9s de cada uso<br \/>\nEnvases sin pl\u00e1stico<\/p>\n<p>CARACTER\u00cdSTICAS<\/p>\n<p>Color: blanco acero<br \/>\nMaterial: ABS<br \/>\nN\u00famero de piezas: 1<br \/>\nTensi\u00f3n: 220-240 V<br \/>\nFrecuencia: 50\/60 Hz<br \/>\nCierre de seguridad: S\u00ed<br \/>\nTipo de motor: Motor de CC<br \/>\nProgramas: 1<br \/>\nTipo de hoja: Hoja de ala<br \/>\nVelocidad: 9<br \/>\nPotencia absorbida: 800 W<br \/>\nPeso neto: 1,20 kg<\/p>\n<p>Design: Matteo Thun &amp; Antonio Rodriguez<\/p>\n<p>NO SE VENDE FUERA DE EUROPA<\/p>\n","protected":false},"excerpt":{"rendered":"<p>DESCRIPCI\u00d3N Una batidora, una jarra, infinitas posibilidades. La batidora de inmersi\u00f3n ZWILLING ENFINIGY con jarra medidora es pr\u00e1ctica pr\u00e1ctico y vers\u00e1til para muchas preparaciones diferentes, ya sean batidos, salsas o alimentos homogeneizados. Gracias a su potente motor de 800 vatios y a sus 9 velocidades, la batidora siempre tiene el ajuste adecuado para que cada [&hellip;]<\/p>\n","protected":false},"featured_media":6359012,"template":"","meta":{"_acf_changed":false},"product_cat":[11953,11947],"product_tag":[],"class_list":{"0":"post-1878852","1":"product","2":"type-product","3":"status-publish","4":"has-post-thumbnail","6":"product_cat-licuadoras","7":"product_cat-pequenos-electrodomesticos","9":"first","10":"outofstock","11":"sale","12":"taxable","13":"shipping-taxable","14":"purchasable","15":"product-type-simple","swatches":"rey-swatches","show_selected":"","stretch_labels":"rey-swatches--stretch-labels"},"acf":[],"yoast_head":"<!-- This site is optimized with the Yoast SEO plugin v25.4 - https:\/\/yoast.com\/wordpress\/plugins\/seo\/ -->\n<title>ZWILLING ENFINIGY Batidora de inmersi\u00f3n Blanco - dev6 Erresse<\/title>\n<meta name=\"description\" content=\"DESCRIPCI\u00d3N Una batidora, una jarra, infinitas posibilidades. La batidora de inmersi\u00f3n ZWILLING ENFINIGY con jarra medidora es pr\u00e1ctica pr\u00e1ctico y\" \/>\n<meta name=\"robots\" content=\"noindex, follow, max-snippet:-1, max-image-preview:large, max-video-preview:-1\" \/>\n<meta property=\"og:locale\" content=\"es_ES\" \/>\n<meta property=\"og:type\" content=\"article\" \/>\n<meta property=\"og:title\" content=\"ZWILLING ENFINIGY Batidora de inmersi\u00f3n Blanco - dev6 Erresse\" \/>\n<meta property=\"og:description\" content=\"DESCRIPCI\u00d3N Una batidora, una jarra, infinitas posibilidades. La batidora de inmersi\u00f3n ZWILLING ENFINIGY con jarra medidora es pr\u00e1ctica pr\u00e1ctico y\" \/>\n<meta property=\"og:url\" content=\"https:\/\/dev6.erresse-shop.it\/es\/shop\/pequenos-electrodomesticos\/licuadoras\/zwilling-enfinigy-batidora-de-inmersion-blanco\/\" \/>\n<meta property=\"og:site_name\" content=\"dev6 Erresse\" \/>\n<meta property=\"og:image\" content=\"https:\/\/interpim.erresse-shop.it\/img-catalogo\/zwilling\/zwilling-enfinigy-frullatore-imm.-bianco.jpg\" \/><meta property=\"og:image\" content=\"https:\/\/interpim.erresse-shop.it\/img-catalogo\/zwilling\/zwilling-enfinigy-frullatore-imm.-bianco.jpg\" \/>\n\t<meta property=\"og:image:width\" content=\"1024\" \/>\n\t<meta property=\"og:image:height\" content=\"1024\" \/>\n\t<meta property=\"og:image:type\" content=\"image\/jpeg\" \/>\n<meta name=\"twitter:card\" content=\"summary_large_image\" \/>\n<meta name=\"twitter:image\" content=\"https:\/\/interpim.erresse-shop.it\/img-catalogo\/zwilling\/zwilling-enfinigy-frullatore-imm.-bianco.jpg\" \/>\n<script type=\"application\/ld+json\" class=\"yoast-schema-graph\">{\"@context\":\"https:\/\/schema.org\",\"@graph\":[{\"@type\":\"WebPage\",\"@id\":\"https:\/\/dev6.erresse-shop.it\/es\/shop\/pequenos-electrodomesticos\/licuadoras\/zwilling-enfinigy-batidora-de-inmersion-blanco\/\",\"url\":\"https:\/\/dev6.erresse-shop.it\/es\/shop\/pequenos-electrodomesticos\/licuadoras\/zwilling-enfinigy-batidora-de-inmersion-blanco\/\",\"name\":\"ZWILLING ENFINIGY Batidora de inmersi\u00f3n Blanco - dev6 Erresse\",\"isPartOf\":{\"@id\":\"https:\/\/dev6.erresse-shop.it\/#website\"},\"primaryImageOfPage\":{\"@id\":\"https:\/\/dev6.erresse-shop.it\/es\/shop\/pequenos-electrodomesticos\/licuadoras\/zwilling-enfinigy-batidora-de-inmersion-blanco\/#primaryimage\"},\"image\":{\"@id\":\"https:\/\/dev6.erresse-shop.it\/es\/shop\/pequenos-electrodomesticos\/licuadoras\/zwilling-enfinigy-batidora-de-inmersion-blanco\/#primaryimage\"},\"thumbnailUrl\":\"https:\/\/i0.wp.com\/interpim.erresse-shop.it\/img-catalogo\/zwilling\/zwilling-enfinigy-frullatore-imm.-bianco.jpg?ssl=1\",\"datePublished\":\"2026-04-12T07:17:59+00:00\",\"description\":\"DESCRIPCI\u00d3N Una batidora, una jarra, infinitas posibilidades. La batidora de inmersi\u00f3n ZWILLING ENFINIGY con jarra medidora es pr\u00e1ctica pr\u00e1ctico y\",\"breadcrumb\":{\"@id\":\"https:\/\/dev6.erresse-shop.it\/es\/shop\/pequenos-electrodomesticos\/licuadoras\/zwilling-enfinigy-batidora-de-inmersion-blanco\/#breadcrumb\"},\"inLanguage\":\"es\",\"potentialAction\":[{\"@type\":\"ReadAction\",\"target\":[\"https:\/\/dev6.erresse-shop.it\/es\/shop\/pequenos-electrodomesticos\/licuadoras\/zwilling-enfinigy-batidora-de-inmersion-blanco\/\"]}]},{\"@type\":\"ImageObject\",\"inLanguage\":\"es\",\"@id\":\"https:\/\/dev6.erresse-shop.it\/es\/shop\/pequenos-electrodomesticos\/licuadoras\/zwilling-enfinigy-batidora-de-inmersion-blanco\/#primaryimage\",\"url\":\"https:\/\/i0.wp.com\/interpim.erresse-shop.it\/img-catalogo\/zwilling\/zwilling-enfinigy-frullatore-imm.-bianco.jpg?ssl=1\",\"contentUrl\":\"https:\/\/i0.wp.com\/interpim.erresse-shop.it\/img-catalogo\/zwilling\/zwilling-enfinigy-frullatore-imm.-bianco.jpg?ssl=1\"},{\"@type\":\"BreadcrumbList\",\"@id\":\"https:\/\/dev6.erresse-shop.it\/es\/shop\/pequenos-electrodomesticos\/licuadoras\/zwilling-enfinigy-batidora-de-inmersion-blanco\/#breadcrumb\",\"itemListElement\":[{\"@type\":\"ListItem\",\"position\":1,\"name\":\"Home\",\"item\":\"https:\/\/dev6.erresse-shop.it\/\"},{\"@type\":\"ListItem\",\"position\":2,\"name\":\"Tienda\",\"item\":\"https:\/\/dev6.erresse-shop.it\/shop\/\"},{\"@type\":\"ListItem\",\"position\":3,\"name\":\"ZWILLING ENFINIGY Batidora de inmersi\u00f3n Blanco\"}]},{\"@type\":\"WebSite\",\"@id\":\"https:\/\/dev6.erresse-shop.it\/#website\",\"url\":\"https:\/\/dev6.erresse-shop.it\/\",\"name\":\"Erresse Shop\",\"description\":\"\",\"publisher\":{\"@id\":\"https:\/\/dev6.erresse-shop.it\/#organization\"},\"potentialAction\":[{\"@type\":\"SearchAction\",\"target\":{\"@type\":\"EntryPoint\",\"urlTemplate\":\"https:\/\/dev6.erresse-shop.it\/?s={search_term_string}\"},\"query-input\":{\"@type\":\"PropertyValueSpecification\",\"valueRequired\":true,\"valueName\":\"search_term_string\"}}],\"inLanguage\":\"es\"},{\"@type\":\"Organization\",\"@id\":\"https:\/\/dev6.erresse-shop.it\/#organization\",\"name\":\"Erresse Shop\",\"url\":\"https:\/\/dev6.erresse-shop.it\/\",\"logo\":{\"@type\":\"ImageObject\",\"inLanguage\":\"es\",\"@id\":\"https:\/\/dev6.erresse-shop.it\/#\/schema\/logo\/image\/\",\"url\":\"https:\/\/dev6.erresse-shop.it\/wp-content\/uploads\/2025\/01\/LOGO-ERRESSE-CLASSICO.svg\",\"contentUrl\":\"https:\/\/dev6.erresse-shop.it\/wp-content\/uploads\/2025\/01\/LOGO-ERRESSE-CLASSICO.svg\",\"caption\":\"Erresse Shop\"},\"image\":{\"@id\":\"https:\/\/dev6.erresse-shop.it\/#\/schema\/logo\/image\/\"}}]}<\/script>\n<!-- \/ Yoast SEO plugin. -->","yoast_head_json":{"title":"ZWILLING ENFINIGY Batidora de inmersi\u00f3n Blanco - dev6 Erresse","description":"DESCRIPCI\u00d3N Una batidora, una jarra, infinitas posibilidades. La batidora de inmersi\u00f3n ZWILLING ENFINIGY con jarra medidora es pr\u00e1ctica pr\u00e1ctico y","robots":{"index":"noindex","follow":"follow","max-snippet":"max-snippet:-1","max-image-preview":"max-image-preview:large","max-video-preview":"max-video-preview:-1"},"og_locale":"es_ES","og_type":"article","og_title":"ZWILLING ENFINIGY Batidora de inmersi\u00f3n Blanco - dev6 Erresse","og_description":"DESCRIPCI\u00d3N Una batidora, una jarra, infinitas posibilidades. La batidora de inmersi\u00f3n ZWILLING ENFINIGY con jarra medidora es pr\u00e1ctica pr\u00e1ctico y","og_url":"https:\/\/dev6.erresse-shop.it\/es\/shop\/pequenos-electrodomesticos\/licuadoras\/zwilling-enfinigy-batidora-de-inmersion-blanco\/","og_site_name":"dev6 Erresse","og_image":[{"url":"https:\/\/interpim.erresse-shop.it\/img-catalogo\/zwilling\/zwilling-enfinigy-frullatore-imm.-bianco.jpg","type":"","width":"","height":""},{"url":"https:\/\/interpim.erresse-shop.it\/img-catalogo\/zwilling\/zwilling-enfinigy-frullatore-imm.-bianco.jpg","width":1024,"height":1024,"type":"image\/jpeg"}],"twitter_card":"summary_large_image","twitter_image":"https:\/\/interpim.erresse-shop.it\/img-catalogo\/zwilling\/zwilling-enfinigy-frullatore-imm.-bianco.jpg","schema":{"@context":"https:\/\/schema.org","@graph":[{"@type":"WebPage","@id":"https:\/\/dev6.erresse-shop.it\/es\/shop\/pequenos-electrodomesticos\/licuadoras\/zwilling-enfinigy-batidora-de-inmersion-blanco\/","url":"https:\/\/dev6.erresse-shop.it\/es\/shop\/pequenos-electrodomesticos\/licuadoras\/zwilling-enfinigy-batidora-de-inmersion-blanco\/","name":"ZWILLING ENFINIGY Batidora de inmersi\u00f3n Blanco - dev6 Erresse","isPartOf":{"@id":"https:\/\/dev6.erresse-shop.it\/#website"},"primaryImageOfPage":{"@id":"https:\/\/dev6.erresse-shop.it\/es\/shop\/pequenos-electrodomesticos\/licuadoras\/zwilling-enfinigy-batidora-de-inmersion-blanco\/#primaryimage"},"image":{"@id":"https:\/\/dev6.erresse-shop.it\/es\/shop\/pequenos-electrodomesticos\/licuadoras\/zwilling-enfinigy-batidora-de-inmersion-blanco\/#primaryimage"},"thumbnailUrl":"https:\/\/i0.wp.com\/interpim.erresse-shop.it\/img-catalogo\/zwilling\/zwilling-enfinigy-frullatore-imm.-bianco.jpg?ssl=1","datePublished":"2026-04-12T07:17:59+00:00","description":"DESCRIPCI\u00d3N Una batidora, una jarra, infinitas posibilidades. La batidora de inmersi\u00f3n ZWILLING ENFINIGY con jarra medidora es pr\u00e1ctica pr\u00e1ctico y","breadcrumb":{"@id":"https:\/\/dev6.erresse-shop.it\/es\/shop\/pequenos-electrodomesticos\/licuadoras\/zwilling-enfinigy-batidora-de-inmersion-blanco\/#breadcrumb"},"inLanguage":"es","potentialAction":[{"@type":"ReadAction","target":["https:\/\/dev6.erresse-shop.it\/es\/shop\/pequenos-electrodomesticos\/licuadoras\/zwilling-enfinigy-batidora-de-inmersion-blanco\/"]}]},{"@type":"ImageObject","inLanguage":"es","@id":"https:\/\/dev6.erresse-shop.it\/es\/shop\/pequenos-electrodomesticos\/licuadoras\/zwilling-enfinigy-batidora-de-inmersion-blanco\/#primaryimage","url":"https:\/\/i0.wp.com\/interpim.erresse-shop.it\/img-catalogo\/zwilling\/zwilling-enfinigy-frullatore-imm.-bianco.jpg?ssl=1","contentUrl":"https:\/\/i0.wp.com\/interpim.erresse-shop.it\/img-catalogo\/zwilling\/zwilling-enfinigy-frullatore-imm.-bianco.jpg?ssl=1"},{"@type":"BreadcrumbList","@id":"https:\/\/dev6.erresse-shop.it\/es\/shop\/pequenos-electrodomesticos\/licuadoras\/zwilling-enfinigy-batidora-de-inmersion-blanco\/#breadcrumb","itemListElement":[{"@type":"ListItem","position":1,"name":"Home","item":"https:\/\/dev6.erresse-shop.it\/"},{"@type":"ListItem","position":2,"name":"Tienda","item":"https:\/\/dev6.erresse-shop.it\/shop\/"},{"@type":"ListItem","position":3,"name":"ZWILLING ENFINIGY Batidora de inmersi\u00f3n Blanco"}]},{"@type":"WebSite","@id":"https:\/\/dev6.erresse-shop.it\/#website","url":"https:\/\/dev6.erresse-shop.it\/","name":"Erresse Shop","description":"","publisher":{"@id":"https:\/\/dev6.erresse-shop.it\/#organization"},"potentialAction":[{"@type":"SearchAction","target":{"@type":"EntryPoint","urlTemplate":"https:\/\/dev6.erresse-shop.it\/?s={search_term_string}"},"query-input":{"@type":"PropertyValueSpecification","valueRequired":true,"valueName":"search_term_string"}}],"inLanguage":"es"},{"@type":"Organization","@id":"https:\/\/dev6.erresse-shop.it\/#organization","name":"Erresse Shop","url":"https:\/\/dev6.erresse-shop.it\/","logo":{"@type":"ImageObject","inLanguage":"es","@id":"https:\/\/dev6.erresse-shop.it\/#\/schema\/logo\/image\/","url":"https:\/\/dev6.erresse-shop.it\/wp-content\/uploads\/2025\/01\/LOGO-ERRESSE-CLASSICO.svg","contentUrl":"https:\/\/dev6.erresse-shop.it\/wp-content\/uploads\/2025\/01\/LOGO-ERRESSE-CLASSICO.svg","caption":"Erresse Shop"},"image":{"@id":"https:\/\/dev6.erresse-shop.it\/#\/schema\/logo\/image\/"}}]}},"df_price":99.95,"df_sale_price":99.95,"df_regular_price":119,"df_image_link":"https:\/\/i0.wp.com\/interpim.erresse-shop.it\/img-catalogo\/zwilling\/zwilling-enfinigy-frullatore-imm.-bianco.jpg?resize=300,300&ssl=1","fifu_image_url":"https:\/\/interpim.erresse-shop.it\/img-catalogo\/zwilling\/zwilling-enfinigy-frullatore-imm.-bianco.jpg","_links":{"self":[{"href":"https:\/\/dev6.erresse-shop.it\/es\/wp-json\/wp\/v2\/product\/1878852","targetHints":{"allow":["GET"]}}],"collection":[{"href":"https:\/\/dev6.erresse-shop.it\/es\/wp-json\/wp\/v2\/product"}],"about":[{"href":"https:\/\/dev6.erresse-shop.it\/es\/wp-json\/wp\/v2\/types\/product"}],"wp:featuredmedia":[{"embeddable":true,"href":"https:\/\/dev6.erresse-shop.it\/es\/wp-json\/wp\/v2\/media\/6359012"}],"wp:attachment":[{"href":"https:\/\/dev6.erresse-shop.it\/es\/wp-json\/wp\/v2\/media?parent=1878852"}],"wp:term":[{"taxonomy":"product_cat","embeddable":true,"href":"https:\/\/dev6.erresse-shop.it\/es\/wp-json\/wp\/v2\/product_cat?post=1878852"},{"taxonomy":"product_tag","embeddable":true,"href":"https:\/\/dev6.erresse-shop.it\/es\/wp-json\/wp\/v2\/product_tag?post=1878852"}],"curies":[{"name":"wp","href":"https:\/\/api.w.org\/{rel}","templated":true}]}}