{"id":1878834,"date":"2026-04-12T09:16:37","date_gmt":"2026-04-12T07:16:37","guid":{"rendered":"https:\/\/dev6.erresse-shop.it\/shop\/sin%20categor\u00eda\/joseph-elevate-set-6-utensilios-de-cocina-carrusel-verde\/"},"modified":"2025-12-08T17:54:05","modified_gmt":"2025-12-08T16:54:05","slug":"joseph-elevate-set-6-utensilios-de-cocina-carrusel-verde","status":"publish","type":"product","link":"https:\/\/dev6.erresse-shop.it\/es\/shop\/cocina\/herramientas\/joseph-elevate-set-6-utensilios-de-cocina-carrusel-verde\/","title":{"rendered":"JOSEPH Elevate\u2122 Set 6 Utensilios de Cocina Carrusel Verde"},"content":{"rendered":"<p>Caracter\u00edsticas del producto<\/p>\n<p>Los utensilios de cocina incluidos en este juego tienen mangos contrapesados para una higiene \u00f3ptima y una superficie de trabajo eficaz.<br \/>\nEl juego incluye: espumadera, cuchar\u00f3n para espaguetis, esp\u00e1tulas ranuradas, flexibles y macizas, cuchar\u00f3n<br \/>\nLos mangos lastrados garantizan que los cabezales no toquen la superficie de trabajo cuando se colocan hacia abajo<br \/>\nLos cabezales de nylon son resistentes al calor hasta 200\u00b0C (392\u00b0F)<br \/>\nLos mangos de silicona son resistentes al calor hasta 270\u00b0C (520\u00b0F)\u00a0 \u00a0 \u00a0 \u00a0 \u00a0 \u00a0 \u00a0 \u00a0<br \/>\nEl carrusel est\u00e1 equipado con una base antideslizante y se mueve f\u00e1cilmente para facilitar la selecci\u00f3n de utensilios.<br \/>\nApto para todo tipo de utensilios de cocina<\/p>\n<p>Precauciones y uso<\/p>\n<p>Apto para lavavajillas<br \/>\nLimpie el carrusel con un pa\u00f1o h\u00famedo<br \/>\nPara evitar las manchas, no utilice productos con un fuerte poder colorante, como la c\u00farcuma.<br \/>\nSin BPA<\/p>\n<p>Dimensiones:H35 x A16,5 x P16,5 cm (H13\u00be x L6\u00bd x D6\u00bd pulgadas)<\/p>\n<p>Dise\u00f1ado por Joseph Joseph<\/p>\n","protected":false},"excerpt":{"rendered":"<p>Caracter\u00edsticas del producto Los utensilios de cocina incluidos en este juego tienen mangos contrapesados para una higiene \u00f3ptima y una superficie de trabajo eficaz. El juego incluye: espumadera, cuchar\u00f3n para espaguetis, esp\u00e1tulas ranuradas, flexibles y macizas, cuchar\u00f3n Los mangos lastrados garantizan que los cabezales no toquen la superficie de trabajo cuando se colocan hacia abajo [&hellip;]<\/p>\n","protected":false},"featured_media":6358839,"template":"","meta":{"_acf_changed":false},"product_cat":[11884,11668,11900],"product_tag":[],"class_list":{"0":"post-1878834","1":"product","2":"type-product","3":"status-publish","4":"has-post-thumbnail","6":"product_cat-cocina","7":"product_cat-cucina","8":"product_cat-herramientas","10":"first","11":"outofstock","12":"sale","13":"taxable","14":"shipping-taxable","15":"purchasable","16":"product-type-simple","swatches":"rey-swatches","show_selected":"","stretch_labels":"rey-swatches--stretch-labels"},"acf":[],"yoast_head":"<!-- This site is optimized with the Yoast SEO plugin v25.4 - https:\/\/yoast.com\/wordpress\/plugins\/seo\/ -->\n<title>JOSEPH Elevate\u2122 Set 6 Utensilios de Cocina Carrusel Verde - dev6 Erresse<\/title>\n<meta name=\"description\" content=\"Caracter\u00edsticas del producto Los utensilios de cocina incluidos en este juego tienen mangos contrapesados para una higiene \u00f3ptima y una superficie de\" \/>\n<meta name=\"robots\" content=\"noindex, follow, max-snippet:-1, max-image-preview:large, max-video-preview:-1\" \/>\n<meta property=\"og:locale\" content=\"es_ES\" \/>\n<meta property=\"og:type\" content=\"article\" \/>\n<meta property=\"og:title\" content=\"JOSEPH Elevate\u2122 Set 6 Utensilios de Cocina Carrusel Verde - dev6 Erresse\" \/>\n<meta property=\"og:description\" content=\"Caracter\u00edsticas del producto Los utensilios de cocina incluidos en este juego tienen mangos contrapesados para una higiene \u00f3ptima y una superficie de\" \/>\n<meta property=\"og:url\" content=\"https:\/\/dev6.erresse-shop.it\/es\/shop\/cocina\/herramientas\/joseph-elevate-set-6-utensilios-de-cocina-carrusel-verde\/\" \/>\n<meta property=\"og:site_name\" content=\"dev6 Erresse\" \/>\n<meta property=\"og:image\" content=\"https:\/\/interpim.erresse-shop.it\/wp-content\/uploads\/2022\/12\/JOSEPH-JOSEPH-Elevate\u2122-Set-6-Utensili-da-Cucina-Carosello-Verde.jpg\/joseph-joseph-elevate-e2-84-a2-set-6-utensili-da-cucina-carosello-verde.jpg\" \/><meta property=\"og:image\" content=\"https:\/\/interpim.erresse-shop.it\/wp-content\/uploads\/2022\/12\/JOSEPH-JOSEPH-Elevate\u2122-Set-6-Utensili-da-Cucina-Carosello-Verde.jpg\/joseph-joseph-elevate-e2-84-a2-set-6-utensili-da-cucina-carosello-verde.jpg\" \/>\n\t<meta property=\"og:image:width\" content=\"1024\" \/>\n\t<meta property=\"og:image:height\" content=\"1024\" \/>\n\t<meta property=\"og:image:type\" content=\"image\/jpeg\" \/>\n<meta name=\"twitter:card\" content=\"summary_large_image\" \/>\n<meta name=\"twitter:image\" content=\"https:\/\/interpim.erresse-shop.it\/wp-content\/uploads\/2022\/12\/JOSEPH-JOSEPH-Elevate\u2122-Set-6-Utensili-da-Cucina-Carosello-Verde.jpg\/joseph-joseph-elevate-e2-84-a2-set-6-utensili-da-cucina-carosello-verde.jpg\" \/>\n<script type=\"application\/ld+json\" class=\"yoast-schema-graph\">{\"@context\":\"https:\/\/schema.org\",\"@graph\":[{\"@type\":\"WebPage\",\"@id\":\"https:\/\/dev6.erresse-shop.it\/es\/shop\/cocina\/herramientas\/joseph-elevate-set-6-utensilios-de-cocina-carrusel-verde\/\",\"url\":\"https:\/\/dev6.erresse-shop.it\/es\/shop\/cocina\/herramientas\/joseph-elevate-set-6-utensilios-de-cocina-carrusel-verde\/\",\"name\":\"JOSEPH Elevate\u2122 Set 6 Utensilios de Cocina Carrusel Verde - dev6 Erresse\",\"isPartOf\":{\"@id\":\"https:\/\/dev6.erresse-shop.it\/#website\"},\"primaryImageOfPage\":{\"@id\":\"https:\/\/dev6.erresse-shop.it\/es\/shop\/cocina\/herramientas\/joseph-elevate-set-6-utensilios-de-cocina-carrusel-verde\/#primaryimage\"},\"image\":{\"@id\":\"https:\/\/dev6.erresse-shop.it\/es\/shop\/cocina\/herramientas\/joseph-elevate-set-6-utensilios-de-cocina-carrusel-verde\/#primaryimage\"},\"thumbnailUrl\":\"https:\/\/i2.wp.com\/interpim.erresse-shop.it\/wp-content\/uploads\/2022\/12\/JOSEPH-JOSEPH-Elevate\u2122-Set-6-Utensili-da-Cucina-Carosello-Verde.jpg\/joseph-joseph-elevate-e2-84-a2-set-6-utensili-da-cucina-carosello-verde.jpg?ssl=1\",\"datePublished\":\"2026-04-12T07:16:37+00:00\",\"description\":\"Caracter\u00edsticas del producto Los utensilios de cocina incluidos en este juego tienen mangos contrapesados para una higiene \u00f3ptima y una superficie de\",\"breadcrumb\":{\"@id\":\"https:\/\/dev6.erresse-shop.it\/es\/shop\/cocina\/herramientas\/joseph-elevate-set-6-utensilios-de-cocina-carrusel-verde\/#breadcrumb\"},\"inLanguage\":\"es\",\"potentialAction\":[{\"@type\":\"ReadAction\",\"target\":[\"https:\/\/dev6.erresse-shop.it\/es\/shop\/cocina\/herramientas\/joseph-elevate-set-6-utensilios-de-cocina-carrusel-verde\/\"]}]},{\"@type\":\"ImageObject\",\"inLanguage\":\"es\",\"@id\":\"https:\/\/dev6.erresse-shop.it\/es\/shop\/cocina\/herramientas\/joseph-elevate-set-6-utensilios-de-cocina-carrusel-verde\/#primaryimage\",\"url\":\"https:\/\/i2.wp.com\/interpim.erresse-shop.it\/wp-content\/uploads\/2022\/12\/JOSEPH-JOSEPH-Elevate\u2122-Set-6-Utensili-da-Cucina-Carosello-Verde.jpg\/joseph-joseph-elevate-e2-84-a2-set-6-utensili-da-cucina-carosello-verde.jpg?ssl=1\",\"contentUrl\":\"https:\/\/i2.wp.com\/interpim.erresse-shop.it\/wp-content\/uploads\/2022\/12\/JOSEPH-JOSEPH-Elevate\u2122-Set-6-Utensili-da-Cucina-Carosello-Verde.jpg\/joseph-joseph-elevate-e2-84-a2-set-6-utensili-da-cucina-carosello-verde.jpg?ssl=1\"},{\"@type\":\"BreadcrumbList\",\"@id\":\"https:\/\/dev6.erresse-shop.it\/es\/shop\/cocina\/herramientas\/joseph-elevate-set-6-utensilios-de-cocina-carrusel-verde\/#breadcrumb\",\"itemListElement\":[{\"@type\":\"ListItem\",\"position\":1,\"name\":\"Home\",\"item\":\"https:\/\/dev6.erresse-shop.it\/\"},{\"@type\":\"ListItem\",\"position\":2,\"name\":\"Tienda\",\"item\":\"https:\/\/dev6.erresse-shop.it\/shop\/\"},{\"@type\":\"ListItem\",\"position\":3,\"name\":\"JOSEPH Elevate\u2122 Set 6 Utensilios de Cocina Carrusel Verde\"}]},{\"@type\":\"WebSite\",\"@id\":\"https:\/\/dev6.erresse-shop.it\/#website\",\"url\":\"https:\/\/dev6.erresse-shop.it\/\",\"name\":\"Erresse Shop\",\"description\":\"\",\"publisher\":{\"@id\":\"https:\/\/dev6.erresse-shop.it\/#organization\"},\"potentialAction\":[{\"@type\":\"SearchAction\",\"target\":{\"@type\":\"EntryPoint\",\"urlTemplate\":\"https:\/\/dev6.erresse-shop.it\/?s={search_term_string}\"},\"query-input\":{\"@type\":\"PropertyValueSpecification\",\"valueRequired\":true,\"valueName\":\"search_term_string\"}}],\"inLanguage\":\"es\"},{\"@type\":\"Organization\",\"@id\":\"https:\/\/dev6.erresse-shop.it\/#organization\",\"name\":\"Erresse Shop\",\"url\":\"https:\/\/dev6.erresse-shop.it\/\",\"logo\":{\"@type\":\"ImageObject\",\"inLanguage\":\"es\",\"@id\":\"https:\/\/dev6.erresse-shop.it\/#\/schema\/logo\/image\/\",\"url\":\"https:\/\/dev6.erresse-shop.it\/wp-content\/uploads\/2025\/01\/LOGO-ERRESSE-CLASSICO.svg\",\"contentUrl\":\"https:\/\/dev6.erresse-shop.it\/wp-content\/uploads\/2025\/01\/LOGO-ERRESSE-CLASSICO.svg\",\"caption\":\"Erresse Shop\"},\"image\":{\"@id\":\"https:\/\/dev6.erresse-shop.it\/#\/schema\/logo\/image\/\"}}]}<\/script>\n<!-- \/ Yoast SEO plugin. -->","yoast_head_json":{"title":"JOSEPH Elevate\u2122 Set 6 Utensilios de Cocina Carrusel Verde - dev6 Erresse","description":"Caracter\u00edsticas del producto Los utensilios de cocina incluidos en este juego tienen mangos contrapesados para una higiene \u00f3ptima y una superficie de","robots":{"index":"noindex","follow":"follow","max-snippet":"max-snippet:-1","max-image-preview":"max-image-preview:large","max-video-preview":"max-video-preview:-1"},"og_locale":"es_ES","og_type":"article","og_title":"JOSEPH Elevate\u2122 Set 6 Utensilios de Cocina Carrusel Verde - dev6 Erresse","og_description":"Caracter\u00edsticas del producto Los utensilios de cocina incluidos en este juego tienen mangos contrapesados para una higiene \u00f3ptima y una superficie de","og_url":"https:\/\/dev6.erresse-shop.it\/es\/shop\/cocina\/herramientas\/joseph-elevate-set-6-utensilios-de-cocina-carrusel-verde\/","og_site_name":"dev6 Erresse","og_image":[{"url":"https:\/\/interpim.erresse-shop.it\/wp-content\/uploads\/2022\/12\/JOSEPH-JOSEPH-Elevate\u2122-Set-6-Utensili-da-Cucina-Carosello-Verde.jpg\/joseph-joseph-elevate-e2-84-a2-set-6-utensili-da-cucina-carosello-verde.jpg","type":"","width":"","height":""},{"url":"https:\/\/interpim.erresse-shop.it\/wp-content\/uploads\/2022\/12\/JOSEPH-JOSEPH-Elevate\u2122-Set-6-Utensili-da-Cucina-Carosello-Verde.jpg\/joseph-joseph-elevate-e2-84-a2-set-6-utensili-da-cucina-carosello-verde.jpg","width":1024,"height":1024,"type":"image\/jpeg"}],"twitter_card":"summary_large_image","twitter_image":"https:\/\/interpim.erresse-shop.it\/wp-content\/uploads\/2022\/12\/JOSEPH-JOSEPH-Elevate\u2122-Set-6-Utensili-da-Cucina-Carosello-Verde.jpg\/joseph-joseph-elevate-e2-84-a2-set-6-utensili-da-cucina-carosello-verde.jpg","schema":{"@context":"https:\/\/schema.org","@graph":[{"@type":"WebPage","@id":"https:\/\/dev6.erresse-shop.it\/es\/shop\/cocina\/herramientas\/joseph-elevate-set-6-utensilios-de-cocina-carrusel-verde\/","url":"https:\/\/dev6.erresse-shop.it\/es\/shop\/cocina\/herramientas\/joseph-elevate-set-6-utensilios-de-cocina-carrusel-verde\/","name":"JOSEPH Elevate\u2122 Set 6 Utensilios de Cocina Carrusel Verde - dev6 Erresse","isPartOf":{"@id":"https:\/\/dev6.erresse-shop.it\/#website"},"primaryImageOfPage":{"@id":"https:\/\/dev6.erresse-shop.it\/es\/shop\/cocina\/herramientas\/joseph-elevate-set-6-utensilios-de-cocina-carrusel-verde\/#primaryimage"},"image":{"@id":"https:\/\/dev6.erresse-shop.it\/es\/shop\/cocina\/herramientas\/joseph-elevate-set-6-utensilios-de-cocina-carrusel-verde\/#primaryimage"},"thumbnailUrl":"https:\/\/i2.wp.com\/interpim.erresse-shop.it\/wp-content\/uploads\/2022\/12\/JOSEPH-JOSEPH-Elevate\u2122-Set-6-Utensili-da-Cucina-Carosello-Verde.jpg\/joseph-joseph-elevate-e2-84-a2-set-6-utensili-da-cucina-carosello-verde.jpg?ssl=1","datePublished":"2026-04-12T07:16:37+00:00","description":"Caracter\u00edsticas del producto Los utensilios de cocina incluidos en este juego tienen mangos contrapesados para una higiene \u00f3ptima y una superficie de","breadcrumb":{"@id":"https:\/\/dev6.erresse-shop.it\/es\/shop\/cocina\/herramientas\/joseph-elevate-set-6-utensilios-de-cocina-carrusel-verde\/#breadcrumb"},"inLanguage":"es","potentialAction":[{"@type":"ReadAction","target":["https:\/\/dev6.erresse-shop.it\/es\/shop\/cocina\/herramientas\/joseph-elevate-set-6-utensilios-de-cocina-carrusel-verde\/"]}]},{"@type":"ImageObject","inLanguage":"es","@id":"https:\/\/dev6.erresse-shop.it\/es\/shop\/cocina\/herramientas\/joseph-elevate-set-6-utensilios-de-cocina-carrusel-verde\/#primaryimage","url":"https:\/\/i2.wp.com\/interpim.erresse-shop.it\/wp-content\/uploads\/2022\/12\/JOSEPH-JOSEPH-Elevate\u2122-Set-6-Utensili-da-Cucina-Carosello-Verde.jpg\/joseph-joseph-elevate-e2-84-a2-set-6-utensili-da-cucina-carosello-verde.jpg?ssl=1","contentUrl":"https:\/\/i2.wp.com\/interpim.erresse-shop.it\/wp-content\/uploads\/2022\/12\/JOSEPH-JOSEPH-Elevate\u2122-Set-6-Utensili-da-Cucina-Carosello-Verde.jpg\/joseph-joseph-elevate-e2-84-a2-set-6-utensili-da-cucina-carosello-verde.jpg?ssl=1"},{"@type":"BreadcrumbList","@id":"https:\/\/dev6.erresse-shop.it\/es\/shop\/cocina\/herramientas\/joseph-elevate-set-6-utensilios-de-cocina-carrusel-verde\/#breadcrumb","itemListElement":[{"@type":"ListItem","position":1,"name":"Home","item":"https:\/\/dev6.erresse-shop.it\/"},{"@type":"ListItem","position":2,"name":"Tienda","item":"https:\/\/dev6.erresse-shop.it\/shop\/"},{"@type":"ListItem","position":3,"name":"JOSEPH Elevate\u2122 Set 6 Utensilios de Cocina Carrusel Verde"}]},{"@type":"WebSite","@id":"https:\/\/dev6.erresse-shop.it\/#website","url":"https:\/\/dev6.erresse-shop.it\/","name":"Erresse Shop","description":"","publisher":{"@id":"https:\/\/dev6.erresse-shop.it\/#organization"},"potentialAction":[{"@type":"SearchAction","target":{"@type":"EntryPoint","urlTemplate":"https:\/\/dev6.erresse-shop.it\/?s={search_term_string}"},"query-input":{"@type":"PropertyValueSpecification","valueRequired":true,"valueName":"search_term_string"}}],"inLanguage":"es"},{"@type":"Organization","@id":"https:\/\/dev6.erresse-shop.it\/#organization","name":"Erresse Shop","url":"https:\/\/dev6.erresse-shop.it\/","logo":{"@type":"ImageObject","inLanguage":"es","@id":"https:\/\/dev6.erresse-shop.it\/#\/schema\/logo\/image\/","url":"https:\/\/dev6.erresse-shop.it\/wp-content\/uploads\/2025\/01\/LOGO-ERRESSE-CLASSICO.svg","contentUrl":"https:\/\/dev6.erresse-shop.it\/wp-content\/uploads\/2025\/01\/LOGO-ERRESSE-CLASSICO.svg","caption":"Erresse Shop"},"image":{"@id":"https:\/\/dev6.erresse-shop.it\/#\/schema\/logo\/image\/"}}]}},"df_price":74.95,"df_sale_price":74.95,"df_regular_price":89.99,"df_image_link":"https:\/\/i2.wp.com\/interpim.erresse-shop.it\/wp-content\/uploads\/2022\/12\/JOSEPH-JOSEPH-Elevate\u2122-Set-6-Utensili-da-Cucina-Carosello-Verde.jpg\/joseph-joseph-elevate-e2-84-a2-set-6-utensili-da-cucina-carosello-verde.jpg?resize=300,300&ssl=1","fifu_image_url":"https:\/\/interpim.erresse-shop.it\/wp-content\/uploads\/2022\/12\/JOSEPH-JOSEPH-Elevate\u2122-Set-6-Utensili-da-Cucina-Carosello-Verde.jpg\/joseph-joseph-elevate-e2-84-a2-set-6-utensili-da-cucina-carosello-verde.jpg","_links":{"self":[{"href":"https:\/\/dev6.erresse-shop.it\/es\/wp-json\/wp\/v2\/product\/1878834","targetHints":{"allow":["GET"]}}],"collection":[{"href":"https:\/\/dev6.erresse-shop.it\/es\/wp-json\/wp\/v2\/product"}],"about":[{"href":"https:\/\/dev6.erresse-shop.it\/es\/wp-json\/wp\/v2\/types\/product"}],"wp:featuredmedia":[{"embeddable":true,"href":"https:\/\/dev6.erresse-shop.it\/es\/wp-json\/wp\/v2\/media\/6358839"}],"wp:attachment":[{"href":"https:\/\/dev6.erresse-shop.it\/es\/wp-json\/wp\/v2\/media?parent=1878834"}],"wp:term":[{"taxonomy":"product_cat","embeddable":true,"href":"https:\/\/dev6.erresse-shop.it\/es\/wp-json\/wp\/v2\/product_cat?post=1878834"},{"taxonomy":"product_tag","embeddable":true,"href":"https:\/\/dev6.erresse-shop.it\/es\/wp-json\/wp\/v2\/product_tag?post=1878834"}],"curies":[{"name":"wp","href":"https:\/\/api.w.org\/{rel}","templated":true}]}}