{"id":1878806,"date":"2026-04-12T09:15:16","date_gmt":"2026-04-12T07:15:16","guid":{"rendered":"https:\/\/dev6.erresse-shop.it\/shop\/sin%20categor\u00eda\/coravin-pure-sparkling-capsulas-co2\/"},"modified":"2025-09-14T08:12:34","modified_gmt":"2025-09-14T06:12:34","slug":"coravin-pure-sparkling-capsulas-co2","status":"publish","type":"product","link":"https:\/\/dev6.erresse-shop.it\/es\/shop\/tabla\/vino\/aireadores\/coravin-pure-sparkling-capsulas-co2\/","title":{"rendered":"CORAVIN Pure\u2122 Sparkling C\u00e1psulas CO2"},"content":{"rendered":"<p>Las c\u00e1psulas de CO2 Coravin Pure\u2122 Sparkling alimentan su sistema Coravin Sparkling\u2122. Las c\u00e1psulas de recambio est\u00e1n llenas de CO2 puro, el mismo gas que crea las burbujas en el vino espumoso, para conservar el sabor y la efervescencia hasta 4 semanas. Cada c\u00e1psula conserva hasta 7 botellas est\u00e1ndar de vino espumoso.<\/p>\n<p>C\u00f3mo utilizar Coravin Sparkling<\/p>\n<p>Colocaci\u00f3n del tap\u00f3n espumoso<br \/>\nDespu\u00e9s de verter todo el vino espumoso que desee, levante la palanca de bloqueo del tap\u00f3n hasta la posici\u00f3n abierta. A continuaci\u00f3n, coloque el tap\u00f3n en la botella abierta y presione firmemente la palanca de bloqueo hasta que oiga un clic.<\/p>\n<p>Restablecer el nivel de CO2<br \/>\nCompruebe que el indicador de presi\u00f3n est\u00e1 en verde. Esto significa que hay una c\u00e1psula Coravin Pure\u2122 Sparkling CO2 instalada. Alinee el sistema sobre el tope y presione firmemente. El indicador de presi\u00f3n se volver\u00e1 rojo, indicando que la botella est\u00e1 lista para ser llenada con CO2. Cuando el indicador vuelva a ponerse verde, se habr\u00e1 restablecido el nivel de CO2.<\/p>\n<p>Indicador visual de CO2<br \/>\nCompruebe al instante el estado del CO2 dentro de la botella con el sencillo e intuitivo indicador.<\/p>\n<p>Inclinaci\u00f3n para liberar el gas<br \/>\nCuando est\u00e9 listo para retirar el tap\u00f3n, puede liberar la presi\u00f3n de la botella simplemente inclin\u00e1ndola.<\/p>\n<p>Caracter\u00edsticas de seguridad<br \/>\nEl cargador Sparkling est\u00e1 dise\u00f1ado con un regulador interno que detiene la carga de la botella cuando se alcanza la presi\u00f3n correcta.<\/p>\n<p>Detalles del producto<\/p>\n<p>Caracter\u00edsticas principales. C\u00e1psulas Coravin Pure\u2122 CO2 Sparkling<br \/>\nLas c\u00e1psulas Coravin Pure\u2122 Sparkling conservan el sabor y la efervescencia de su vino. Cada c\u00e1psula permite almacenar hasta 7 botellas est\u00e1ndar. Conservaci\u00f3n inigualable<br \/>\nSe sirve en la misma botella perfectamente conservada durante un m\u00e1ximo de 4 semanas.<br \/>\nGas CO2 puro<br \/>\nLas c\u00e1psulas Coravin Pure\u2122 Sparkling CO2 est\u00e1n llenas de gas CO2 puro, el mismo gas que crea las burbujas en el vino espumoso, para mantener la frescura de las burbujas en su vino espumoso.<\/p>\n<p>\u00a0<\/p>\n<p>No se vende fuera de Europa<\/p>\n","protected":false},"excerpt":{"rendered":"<p>Las c\u00e1psulas de CO2 Coravin Pure\u2122 Sparkling alimentan su sistema Coravin Sparkling\u2122. Las c\u00e1psulas de recambio est\u00e1n llenas de CO2 puro, el mismo gas que crea las burbujas en el vino espumoso, para conservar el sabor y la efervescencia hasta 4 semanas. Cada c\u00e1psula conserva hasta 7 botellas est\u00e1ndar de vino espumoso. C\u00f3mo utilizar Coravin [&hellip;]<\/p>\n","protected":false},"featured_media":6358702,"template":"","meta":{"_acf_changed":false},"product_cat":[11964,11887,11961],"product_tag":[],"class_list":{"0":"post-1878806","1":"product","2":"type-product","3":"status-publish","4":"has-post-thumbnail","6":"product_cat-aireadores","7":"product_cat-tabla","8":"product_cat-vino","10":"first","11":"outofstock","12":"taxable","13":"shipping-taxable","14":"purchasable","15":"product-type-simple","swatches":"rey-swatches","show_selected":"","stretch_labels":"rey-swatches--stretch-labels"},"acf":[],"yoast_head":"<!-- This site is optimized with the Yoast SEO plugin v25.4 - https:\/\/yoast.com\/wordpress\/plugins\/seo\/ -->\n<title>CORAVIN Pure\u2122 Sparkling C\u00e1psulas CO2 - dev6 Erresse<\/title>\n<meta name=\"description\" content=\"Las c\u00e1psulas de CO2 Coravin Pure\u2122 Sparkling alimentan su sistema Coravin Sparkling\u2122. Las c\u00e1psulas de recambio est\u00e1n llenas de CO2 puro, el mismo gas que\" \/>\n<meta name=\"robots\" content=\"noindex, follow, max-snippet:-1, max-image-preview:large, max-video-preview:-1\" \/>\n<meta property=\"og:locale\" content=\"es_ES\" \/>\n<meta property=\"og:type\" content=\"article\" \/>\n<meta property=\"og:title\" content=\"CORAVIN Pure\u2122 Sparkling C\u00e1psulas CO2 - dev6 Erresse\" \/>\n<meta property=\"og:description\" content=\"Las c\u00e1psulas de CO2 Coravin Pure\u2122 Sparkling alimentan su sistema Coravin Sparkling\u2122. Las c\u00e1psulas de recambio est\u00e1n llenas de CO2 puro, el mismo gas que\" \/>\n<meta property=\"og:url\" content=\"https:\/\/dev6.erresse-shop.it\/es\/shop\/tabla\/vino\/aireadores\/coravin-pure-sparkling-capsulas-co2\/\" \/>\n<meta property=\"og:site_name\" content=\"dev6 Erresse\" \/>\n<meta property=\"og:image\" content=\"https:\/\/interpim.erresse-shop.it\/wp-content\/uploads\/2022\/12\/CORAVIN-Pure\u2122-Sparkling-Capsule-CO2.jpg\/coravin-pure-e2-84-a2-sparkling-capsule-co2.jpg\" \/><meta property=\"og:image\" content=\"https:\/\/interpim.erresse-shop.it\/wp-content\/uploads\/2022\/12\/CORAVIN-Pure\u2122-Sparkling-Capsule-CO2.jpg\/coravin-pure-e2-84-a2-sparkling-capsule-co2.jpg\" \/>\n\t<meta property=\"og:image:width\" content=\"1024\" \/>\n\t<meta property=\"og:image:height\" content=\"1024\" \/>\n\t<meta property=\"og:image:type\" content=\"image\/jpeg\" \/>\n<meta name=\"twitter:card\" content=\"summary_large_image\" \/>\n<meta name=\"twitter:image\" content=\"https:\/\/interpim.erresse-shop.it\/wp-content\/uploads\/2022\/12\/CORAVIN-Pure\u2122-Sparkling-Capsule-CO2.jpg\/coravin-pure-e2-84-a2-sparkling-capsule-co2.jpg\" \/>\n<script type=\"application\/ld+json\" class=\"yoast-schema-graph\">{\"@context\":\"https:\/\/schema.org\",\"@graph\":[{\"@type\":\"WebPage\",\"@id\":\"https:\/\/dev6.erresse-shop.it\/es\/shop\/tabla\/vino\/aireadores\/coravin-pure-sparkling-capsulas-co2\/\",\"url\":\"https:\/\/dev6.erresse-shop.it\/es\/shop\/tabla\/vino\/aireadores\/coravin-pure-sparkling-capsulas-co2\/\",\"name\":\"CORAVIN Pure\u2122 Sparkling C\u00e1psulas CO2 - dev6 Erresse\",\"isPartOf\":{\"@id\":\"https:\/\/dev6.erresse-shop.it\/#website\"},\"primaryImageOfPage\":{\"@id\":\"https:\/\/dev6.erresse-shop.it\/es\/shop\/tabla\/vino\/aireadores\/coravin-pure-sparkling-capsulas-co2\/#primaryimage\"},\"image\":{\"@id\":\"https:\/\/dev6.erresse-shop.it\/es\/shop\/tabla\/vino\/aireadores\/coravin-pure-sparkling-capsulas-co2\/#primaryimage\"},\"thumbnailUrl\":\"https:\/\/i3.wp.com\/interpim.erresse-shop.it\/wp-content\/uploads\/2022\/12\/CORAVIN-Pure\u2122-Sparkling-Capsule-CO2.jpg\/coravin-pure-e2-84-a2-sparkling-capsule-co2.jpg?ssl=1\",\"datePublished\":\"2026-04-12T07:15:16+00:00\",\"description\":\"Las c\u00e1psulas de CO2 Coravin Pure\u2122 Sparkling alimentan su sistema Coravin Sparkling\u2122. Las c\u00e1psulas de recambio est\u00e1n llenas de CO2 puro, el mismo gas que\",\"breadcrumb\":{\"@id\":\"https:\/\/dev6.erresse-shop.it\/es\/shop\/tabla\/vino\/aireadores\/coravin-pure-sparkling-capsulas-co2\/#breadcrumb\"},\"inLanguage\":\"es\",\"potentialAction\":[{\"@type\":\"ReadAction\",\"target\":[\"https:\/\/dev6.erresse-shop.it\/es\/shop\/tabla\/vino\/aireadores\/coravin-pure-sparkling-capsulas-co2\/\"]}]},{\"@type\":\"ImageObject\",\"inLanguage\":\"es\",\"@id\":\"https:\/\/dev6.erresse-shop.it\/es\/shop\/tabla\/vino\/aireadores\/coravin-pure-sparkling-capsulas-co2\/#primaryimage\",\"url\":\"https:\/\/i3.wp.com\/interpim.erresse-shop.it\/wp-content\/uploads\/2022\/12\/CORAVIN-Pure\u2122-Sparkling-Capsule-CO2.jpg\/coravin-pure-e2-84-a2-sparkling-capsule-co2.jpg?ssl=1\",\"contentUrl\":\"https:\/\/i3.wp.com\/interpim.erresse-shop.it\/wp-content\/uploads\/2022\/12\/CORAVIN-Pure\u2122-Sparkling-Capsule-CO2.jpg\/coravin-pure-e2-84-a2-sparkling-capsule-co2.jpg?ssl=1\"},{\"@type\":\"BreadcrumbList\",\"@id\":\"https:\/\/dev6.erresse-shop.it\/es\/shop\/tabla\/vino\/aireadores\/coravin-pure-sparkling-capsulas-co2\/#breadcrumb\",\"itemListElement\":[{\"@type\":\"ListItem\",\"position\":1,\"name\":\"Home\",\"item\":\"https:\/\/dev6.erresse-shop.it\/\"},{\"@type\":\"ListItem\",\"position\":2,\"name\":\"Tienda\",\"item\":\"https:\/\/dev6.erresse-shop.it\/shop\/\"},{\"@type\":\"ListItem\",\"position\":3,\"name\":\"CORAVIN Pure\u2122 Sparkling C\u00e1psulas CO2\"}]},{\"@type\":\"WebSite\",\"@id\":\"https:\/\/dev6.erresse-shop.it\/#website\",\"url\":\"https:\/\/dev6.erresse-shop.it\/\",\"name\":\"Erresse Shop\",\"description\":\"\",\"publisher\":{\"@id\":\"https:\/\/dev6.erresse-shop.it\/#organization\"},\"potentialAction\":[{\"@type\":\"SearchAction\",\"target\":{\"@type\":\"EntryPoint\",\"urlTemplate\":\"https:\/\/dev6.erresse-shop.it\/?s={search_term_string}\"},\"query-input\":{\"@type\":\"PropertyValueSpecification\",\"valueRequired\":true,\"valueName\":\"search_term_string\"}}],\"inLanguage\":\"es\"},{\"@type\":\"Organization\",\"@id\":\"https:\/\/dev6.erresse-shop.it\/#organization\",\"name\":\"Erresse Shop\",\"url\":\"https:\/\/dev6.erresse-shop.it\/\",\"logo\":{\"@type\":\"ImageObject\",\"inLanguage\":\"es\",\"@id\":\"https:\/\/dev6.erresse-shop.it\/#\/schema\/logo\/image\/\",\"url\":\"https:\/\/dev6.erresse-shop.it\/wp-content\/uploads\/2025\/01\/LOGO-ERRESSE-CLASSICO.svg\",\"contentUrl\":\"https:\/\/dev6.erresse-shop.it\/wp-content\/uploads\/2025\/01\/LOGO-ERRESSE-CLASSICO.svg\",\"caption\":\"Erresse Shop\"},\"image\":{\"@id\":\"https:\/\/dev6.erresse-shop.it\/#\/schema\/logo\/image\/\"}}]}<\/script>\n<!-- \/ Yoast SEO plugin. -->","yoast_head_json":{"title":"CORAVIN Pure\u2122 Sparkling C\u00e1psulas CO2 - dev6 Erresse","description":"Las c\u00e1psulas de CO2 Coravin Pure\u2122 Sparkling alimentan su sistema Coravin Sparkling\u2122. Las c\u00e1psulas de recambio est\u00e1n llenas de CO2 puro, el mismo gas que","robots":{"index":"noindex","follow":"follow","max-snippet":"max-snippet:-1","max-image-preview":"max-image-preview:large","max-video-preview":"max-video-preview:-1"},"og_locale":"es_ES","og_type":"article","og_title":"CORAVIN Pure\u2122 Sparkling C\u00e1psulas CO2 - dev6 Erresse","og_description":"Las c\u00e1psulas de CO2 Coravin Pure\u2122 Sparkling alimentan su sistema Coravin Sparkling\u2122. Las c\u00e1psulas de recambio est\u00e1n llenas de CO2 puro, el mismo gas que","og_url":"https:\/\/dev6.erresse-shop.it\/es\/shop\/tabla\/vino\/aireadores\/coravin-pure-sparkling-capsulas-co2\/","og_site_name":"dev6 Erresse","og_image":[{"url":"https:\/\/interpim.erresse-shop.it\/wp-content\/uploads\/2022\/12\/CORAVIN-Pure\u2122-Sparkling-Capsule-CO2.jpg\/coravin-pure-e2-84-a2-sparkling-capsule-co2.jpg","type":"","width":"","height":""},{"url":"https:\/\/interpim.erresse-shop.it\/wp-content\/uploads\/2022\/12\/CORAVIN-Pure\u2122-Sparkling-Capsule-CO2.jpg\/coravin-pure-e2-84-a2-sparkling-capsule-co2.jpg","width":1024,"height":1024,"type":"image\/jpeg"}],"twitter_card":"summary_large_image","twitter_image":"https:\/\/interpim.erresse-shop.it\/wp-content\/uploads\/2022\/12\/CORAVIN-Pure\u2122-Sparkling-Capsule-CO2.jpg\/coravin-pure-e2-84-a2-sparkling-capsule-co2.jpg","schema":{"@context":"https:\/\/schema.org","@graph":[{"@type":"WebPage","@id":"https:\/\/dev6.erresse-shop.it\/es\/shop\/tabla\/vino\/aireadores\/coravin-pure-sparkling-capsulas-co2\/","url":"https:\/\/dev6.erresse-shop.it\/es\/shop\/tabla\/vino\/aireadores\/coravin-pure-sparkling-capsulas-co2\/","name":"CORAVIN Pure\u2122 Sparkling C\u00e1psulas CO2 - dev6 Erresse","isPartOf":{"@id":"https:\/\/dev6.erresse-shop.it\/#website"},"primaryImageOfPage":{"@id":"https:\/\/dev6.erresse-shop.it\/es\/shop\/tabla\/vino\/aireadores\/coravin-pure-sparkling-capsulas-co2\/#primaryimage"},"image":{"@id":"https:\/\/dev6.erresse-shop.it\/es\/shop\/tabla\/vino\/aireadores\/coravin-pure-sparkling-capsulas-co2\/#primaryimage"},"thumbnailUrl":"https:\/\/i3.wp.com\/interpim.erresse-shop.it\/wp-content\/uploads\/2022\/12\/CORAVIN-Pure\u2122-Sparkling-Capsule-CO2.jpg\/coravin-pure-e2-84-a2-sparkling-capsule-co2.jpg?ssl=1","datePublished":"2026-04-12T07:15:16+00:00","description":"Las c\u00e1psulas de CO2 Coravin Pure\u2122 Sparkling alimentan su sistema Coravin Sparkling\u2122. Las c\u00e1psulas de recambio est\u00e1n llenas de CO2 puro, el mismo gas que","breadcrumb":{"@id":"https:\/\/dev6.erresse-shop.it\/es\/shop\/tabla\/vino\/aireadores\/coravin-pure-sparkling-capsulas-co2\/#breadcrumb"},"inLanguage":"es","potentialAction":[{"@type":"ReadAction","target":["https:\/\/dev6.erresse-shop.it\/es\/shop\/tabla\/vino\/aireadores\/coravin-pure-sparkling-capsulas-co2\/"]}]},{"@type":"ImageObject","inLanguage":"es","@id":"https:\/\/dev6.erresse-shop.it\/es\/shop\/tabla\/vino\/aireadores\/coravin-pure-sparkling-capsulas-co2\/#primaryimage","url":"https:\/\/i3.wp.com\/interpim.erresse-shop.it\/wp-content\/uploads\/2022\/12\/CORAVIN-Pure\u2122-Sparkling-Capsule-CO2.jpg\/coravin-pure-e2-84-a2-sparkling-capsule-co2.jpg?ssl=1","contentUrl":"https:\/\/i3.wp.com\/interpim.erresse-shop.it\/wp-content\/uploads\/2022\/12\/CORAVIN-Pure\u2122-Sparkling-Capsule-CO2.jpg\/coravin-pure-e2-84-a2-sparkling-capsule-co2.jpg?ssl=1"},{"@type":"BreadcrumbList","@id":"https:\/\/dev6.erresse-shop.it\/es\/shop\/tabla\/vino\/aireadores\/coravin-pure-sparkling-capsulas-co2\/#breadcrumb","itemListElement":[{"@type":"ListItem","position":1,"name":"Home","item":"https:\/\/dev6.erresse-shop.it\/"},{"@type":"ListItem","position":2,"name":"Tienda","item":"https:\/\/dev6.erresse-shop.it\/shop\/"},{"@type":"ListItem","position":3,"name":"CORAVIN Pure\u2122 Sparkling C\u00e1psulas CO2"}]},{"@type":"WebSite","@id":"https:\/\/dev6.erresse-shop.it\/#website","url":"https:\/\/dev6.erresse-shop.it\/","name":"Erresse Shop","description":"","publisher":{"@id":"https:\/\/dev6.erresse-shop.it\/#organization"},"potentialAction":[{"@type":"SearchAction","target":{"@type":"EntryPoint","urlTemplate":"https:\/\/dev6.erresse-shop.it\/?s={search_term_string}"},"query-input":{"@type":"PropertyValueSpecification","valueRequired":true,"valueName":"search_term_string"}}],"inLanguage":"es"},{"@type":"Organization","@id":"https:\/\/dev6.erresse-shop.it\/#organization","name":"Erresse Shop","url":"https:\/\/dev6.erresse-shop.it\/","logo":{"@type":"ImageObject","inLanguage":"es","@id":"https:\/\/dev6.erresse-shop.it\/#\/schema\/logo\/image\/","url":"https:\/\/dev6.erresse-shop.it\/wp-content\/uploads\/2025\/01\/LOGO-ERRESSE-CLASSICO.svg","contentUrl":"https:\/\/dev6.erresse-shop.it\/wp-content\/uploads\/2025\/01\/LOGO-ERRESSE-CLASSICO.svg","caption":"Erresse Shop"},"image":{"@id":"https:\/\/dev6.erresse-shop.it\/#\/schema\/logo\/image\/"}}]}},"df_price":49.9,"df_sale_price":"","df_regular_price":49.9,"df_image_link":"https:\/\/i3.wp.com\/interpim.erresse-shop.it\/wp-content\/uploads\/2022\/12\/CORAVIN-Pure\u2122-Sparkling-Capsule-CO2.jpg\/coravin-pure-e2-84-a2-sparkling-capsule-co2.jpg?resize=300,300&ssl=1","fifu_image_url":"https:\/\/interpim.erresse-shop.it\/wp-content\/uploads\/2022\/12\/CORAVIN-Pure\u2122-Sparkling-Capsule-CO2.jpg\/coravin-pure-e2-84-a2-sparkling-capsule-co2.jpg","_links":{"self":[{"href":"https:\/\/dev6.erresse-shop.it\/es\/wp-json\/wp\/v2\/product\/1878806","targetHints":{"allow":["GET"]}}],"collection":[{"href":"https:\/\/dev6.erresse-shop.it\/es\/wp-json\/wp\/v2\/product"}],"about":[{"href":"https:\/\/dev6.erresse-shop.it\/es\/wp-json\/wp\/v2\/types\/product"}],"wp:featuredmedia":[{"embeddable":true,"href":"https:\/\/dev6.erresse-shop.it\/es\/wp-json\/wp\/v2\/media\/6358702"}],"wp:attachment":[{"href":"https:\/\/dev6.erresse-shop.it\/es\/wp-json\/wp\/v2\/media?parent=1878806"}],"wp:term":[{"taxonomy":"product_cat","embeddable":true,"href":"https:\/\/dev6.erresse-shop.it\/es\/wp-json\/wp\/v2\/product_cat?post=1878806"},{"taxonomy":"product_tag","embeddable":true,"href":"https:\/\/dev6.erresse-shop.it\/es\/wp-json\/wp\/v2\/product_tag?post=1878806"}],"curies":[{"name":"wp","href":"https:\/\/api.w.org\/{rel}","templated":true}]}}