{"id":1878802,"date":"2026-04-10T09:53:54","date_gmt":"2026-04-10T07:53:54","guid":{"rendered":"https:\/\/dev6.erresse-shop.it\/shop\/sin%20categor\u00eda\/zwilling-freidora-4-l-negra\/"},"modified":"2026-01-16T22:19:32","modified_gmt":"2026-01-16T21:19:32","slug":"zwilling-freidora-4-l-negra","status":"publish","type":"product","link":"https:\/\/dev6.erresse-shop.it\/es\/shop\/pequenos-electrodomesticos\/freidora-de-aire\/zwilling-freidora-4-l-negra\/","title":{"rendered":"ZWILLING Freidora 4 L Negra"},"content":{"rendered":"<p>3\u20262\u20261\u2026 \u00a1Que aproveche! La freidora de aire caliente ZWILLING prepara platos salados y dulces en poco tiempo y sin precalentamiento. Puede preparar f\u00e1cilmente patatas fritas, pizza, magdalenas y mucho m\u00e1s. Puede cocinar en la freidora sin aceite o con poca grasa. En la pantalla t\u00e1ctil LED puede seleccionar seis programas preestablecidos para patatas fritas, pollo, gambas, pescado, pizza y tarta. La temperatura y la hora tambi\u00e9n pueden ajustarse individualmente. El recetario adjunto ofrece m\u00e1s ideas deliciosas para probar inmediatamente en la freidora de aire. Al final del tiempo de cocci\u00f3n, suena una se\u00f1al ac\u00fastica y la freidora de aire finaliza autom\u00e1ticamente el proceso de cocci\u00f3n. Con una capacidad de 4 litros, la cesta ofrece espacio suficiente para porciones generosas. La cesta y la parrilla se pueden lavar en el lavavajillas. La freidora de aire no tiene grasa residual que desechar, lo que la hace especialmente pr\u00e1ctica para el uso diario.<\/p>\n<p>Su nuevo aliado en la cocina para platos sencillos y sabrosos; gracias a la freidora de aire ZWILLING podr\u00e1 preparar f\u00e1cilmente Patatas fritas, pizzas, alitas de pollo. Pero no s\u00f3lo es perfecto para la comida salada; tambi\u00e9n puede preparar deliciosas magdalenas y tartas con un simple toque. Fre\u00edr, hornear o fre\u00edr en sart\u00e9n: todo es posible gracias al flujo de aire caliente de nuestra nueva freidora de aire.<\/p>\n<p>Especificaciones t\u00e9cnicas:<\/p>\n<p>Efecto fritura, fre\u00edr en sart\u00e9n y hornear como en el horno<br \/>\n4 L de capacidad<br \/>\nPantalla t\u00e1ctil LED para un manejo instant\u00e1neo<br \/>\n6 programas predefinidos<br \/>\nTemperatura regulable entre 80 y 200 grados<br \/>\nRejilla y cesta aptas para lavavajillas<br \/>\nRecetario en ingl\u00e9s incluido<\/p>\n<p>Dimensiones:<\/p>\n<p>Peso: 3,91 kg<br \/>\nCapacidad: 4 L<br \/>\nLongitud: 34,70 cm<br \/>\nAnchura: 29,10 cm<br \/>\nAltura: 30 cm<\/p>\n<p>No se vende fuera de Europa<\/p>\n","protected":false},"excerpt":{"rendered":"<p>3\u20262\u20261\u2026 \u00a1Que aproveche! La freidora de aire caliente ZWILLING prepara platos salados y dulces en poco tiempo y sin precalentamiento. Puede preparar f\u00e1cilmente patatas fritas, pizza, magdalenas y mucho m\u00e1s. Puede cocinar en la freidora sin aceite o con poca grasa. En la pantalla t\u00e1ctil LED puede seleccionar seis programas preestablecidos para patatas fritas, pollo, [&hellip;]<\/p>\n","protected":false},"featured_media":6317042,"template":"","meta":{"_acf_changed":false},"product_cat":[11978,11947],"product_tag":[],"class_list":{"0":"post-1878802","1":"product","2":"type-product","3":"status-publish","4":"has-post-thumbnail","6":"product_cat-freidora-de-aire","7":"product_cat-pequenos-electrodomesticos","9":"first","10":"outofstock","11":"sale","12":"taxable","13":"shipping-taxable","14":"purchasable","15":"product-type-simple","swatches":"rey-swatches","show_selected":"","stretch_labels":"rey-swatches--stretch-labels"},"acf":[],"yoast_head":"<!-- This site is optimized with the Yoast SEO plugin v25.4 - https:\/\/yoast.com\/wordpress\/plugins\/seo\/ -->\n<title>ZWILLING Freidora 4 L Negra - dev6 Erresse<\/title>\n<meta name=\"description\" content=\"3\u20262\u20261\u2026 \u00a1Que aproveche! La freidora de aire caliente ZWILLING prepara platos salados y dulces en poco tiempo y sin precalentamiento. Puede preparar\" \/>\n<meta name=\"robots\" content=\"noindex, follow, max-snippet:-1, max-image-preview:large, max-video-preview:-1\" \/>\n<meta property=\"og:locale\" content=\"es_ES\" \/>\n<meta property=\"og:type\" content=\"article\" \/>\n<meta property=\"og:title\" content=\"ZWILLING Freidora 4 L Negra - dev6 Erresse\" \/>\n<meta property=\"og:description\" content=\"3\u20262\u20261\u2026 \u00a1Que aproveche! La freidora de aire caliente ZWILLING prepara platos salados y dulces en poco tiempo y sin precalentamiento. Puede preparar\" \/>\n<meta property=\"og:url\" content=\"https:\/\/dev6.erresse-shop.it\/es\/shop\/pequenos-electrodomesticos\/freidora-de-aire\/zwilling-freidora-4-l-negra\/\" \/>\n<meta property=\"og:site_name\" content=\"dev6 Erresse\" \/>\n<meta property=\"og:image\" content=\"https:\/\/interpim.erresse-shop.it\/img-catalogo\/zwilling\/zwilling-friggitrice-ad-aria2.jpg\" \/><meta property=\"og:image\" content=\"https:\/\/interpim.erresse-shop.it\/img-catalogo\/zwilling\/zwilling-friggitrice-ad-aria2.jpg\" \/>\n\t<meta property=\"og:image:width\" content=\"1024\" \/>\n\t<meta property=\"og:image:height\" content=\"1024\" \/>\n\t<meta property=\"og:image:type\" content=\"image\/jpeg\" \/>\n<meta name=\"twitter:card\" content=\"summary_large_image\" \/>\n<meta name=\"twitter:image\" content=\"https:\/\/interpim.erresse-shop.it\/img-catalogo\/zwilling\/zwilling-friggitrice-ad-aria2.jpg\" \/>\n<script type=\"application\/ld+json\" class=\"yoast-schema-graph\">{\"@context\":\"https:\/\/schema.org\",\"@graph\":[{\"@type\":\"WebPage\",\"@id\":\"https:\/\/dev6.erresse-shop.it\/es\/shop\/pequenos-electrodomesticos\/freidora-de-aire\/zwilling-freidora-4-l-negra\/\",\"url\":\"https:\/\/dev6.erresse-shop.it\/es\/shop\/pequenos-electrodomesticos\/freidora-de-aire\/zwilling-freidora-4-l-negra\/\",\"name\":\"ZWILLING Freidora 4 L Negra - dev6 Erresse\",\"isPartOf\":{\"@id\":\"https:\/\/dev6.erresse-shop.it\/#website\"},\"primaryImageOfPage\":{\"@id\":\"https:\/\/dev6.erresse-shop.it\/es\/shop\/pequenos-electrodomesticos\/freidora-de-aire\/zwilling-freidora-4-l-negra\/#primaryimage\"},\"image\":{\"@id\":\"https:\/\/dev6.erresse-shop.it\/es\/shop\/pequenos-electrodomesticos\/freidora-de-aire\/zwilling-freidora-4-l-negra\/#primaryimage\"},\"thumbnailUrl\":\"https:\/\/i1.wp.com\/interpim.erresse-shop.it\/img-catalogo\/zwilling\/zwilling-friggitrice-ad-aria2.jpg?ssl=1\",\"datePublished\":\"2026-04-10T07:53:54+00:00\",\"description\":\"3\u20262\u20261\u2026 \u00a1Que aproveche! La freidora de aire caliente ZWILLING prepara platos salados y dulces en poco tiempo y sin precalentamiento. Puede preparar\",\"breadcrumb\":{\"@id\":\"https:\/\/dev6.erresse-shop.it\/es\/shop\/pequenos-electrodomesticos\/freidora-de-aire\/zwilling-freidora-4-l-negra\/#breadcrumb\"},\"inLanguage\":\"es\",\"potentialAction\":[{\"@type\":\"ReadAction\",\"target\":[\"https:\/\/dev6.erresse-shop.it\/es\/shop\/pequenos-electrodomesticos\/freidora-de-aire\/zwilling-freidora-4-l-negra\/\"]}]},{\"@type\":\"ImageObject\",\"inLanguage\":\"es\",\"@id\":\"https:\/\/dev6.erresse-shop.it\/es\/shop\/pequenos-electrodomesticos\/freidora-de-aire\/zwilling-freidora-4-l-negra\/#primaryimage\",\"url\":\"https:\/\/i1.wp.com\/interpim.erresse-shop.it\/img-catalogo\/zwilling\/zwilling-friggitrice-ad-aria2.jpg?ssl=1\",\"contentUrl\":\"https:\/\/i1.wp.com\/interpim.erresse-shop.it\/img-catalogo\/zwilling\/zwilling-friggitrice-ad-aria2.jpg?ssl=1\"},{\"@type\":\"BreadcrumbList\",\"@id\":\"https:\/\/dev6.erresse-shop.it\/es\/shop\/pequenos-electrodomesticos\/freidora-de-aire\/zwilling-freidora-4-l-negra\/#breadcrumb\",\"itemListElement\":[{\"@type\":\"ListItem\",\"position\":1,\"name\":\"Home\",\"item\":\"https:\/\/dev6.erresse-shop.it\/\"},{\"@type\":\"ListItem\",\"position\":2,\"name\":\"Tienda\",\"item\":\"https:\/\/dev6.erresse-shop.it\/shop\/\"},{\"@type\":\"ListItem\",\"position\":3,\"name\":\"ZWILLING Freidora 4 L Negra\"}]},{\"@type\":\"WebSite\",\"@id\":\"https:\/\/dev6.erresse-shop.it\/#website\",\"url\":\"https:\/\/dev6.erresse-shop.it\/\",\"name\":\"Erresse Shop\",\"description\":\"\",\"publisher\":{\"@id\":\"https:\/\/dev6.erresse-shop.it\/#organization\"},\"potentialAction\":[{\"@type\":\"SearchAction\",\"target\":{\"@type\":\"EntryPoint\",\"urlTemplate\":\"https:\/\/dev6.erresse-shop.it\/?s={search_term_string}\"},\"query-input\":{\"@type\":\"PropertyValueSpecification\",\"valueRequired\":true,\"valueName\":\"search_term_string\"}}],\"inLanguage\":\"es\"},{\"@type\":\"Organization\",\"@id\":\"https:\/\/dev6.erresse-shop.it\/#organization\",\"name\":\"Erresse Shop\",\"url\":\"https:\/\/dev6.erresse-shop.it\/\",\"logo\":{\"@type\":\"ImageObject\",\"inLanguage\":\"es\",\"@id\":\"https:\/\/dev6.erresse-shop.it\/#\/schema\/logo\/image\/\",\"url\":\"https:\/\/dev6.erresse-shop.it\/wp-content\/uploads\/2025\/01\/LOGO-ERRESSE-CLASSICO.svg\",\"contentUrl\":\"https:\/\/dev6.erresse-shop.it\/wp-content\/uploads\/2025\/01\/LOGO-ERRESSE-CLASSICO.svg\",\"caption\":\"Erresse Shop\"},\"image\":{\"@id\":\"https:\/\/dev6.erresse-shop.it\/#\/schema\/logo\/image\/\"}}]}<\/script>\n<!-- \/ Yoast SEO plugin. -->","yoast_head_json":{"title":"ZWILLING Freidora 4 L Negra - dev6 Erresse","description":"3\u20262\u20261\u2026 \u00a1Que aproveche! La freidora de aire caliente ZWILLING prepara platos salados y dulces en poco tiempo y sin precalentamiento. Puede preparar","robots":{"index":"noindex","follow":"follow","max-snippet":"max-snippet:-1","max-image-preview":"max-image-preview:large","max-video-preview":"max-video-preview:-1"},"og_locale":"es_ES","og_type":"article","og_title":"ZWILLING Freidora 4 L Negra - dev6 Erresse","og_description":"3\u20262\u20261\u2026 \u00a1Que aproveche! La freidora de aire caliente ZWILLING prepara platos salados y dulces en poco tiempo y sin precalentamiento. Puede preparar","og_url":"https:\/\/dev6.erresse-shop.it\/es\/shop\/pequenos-electrodomesticos\/freidora-de-aire\/zwilling-freidora-4-l-negra\/","og_site_name":"dev6 Erresse","og_image":[{"url":"https:\/\/interpim.erresse-shop.it\/img-catalogo\/zwilling\/zwilling-friggitrice-ad-aria2.jpg","type":"","width":"","height":""},{"url":"https:\/\/interpim.erresse-shop.it\/img-catalogo\/zwilling\/zwilling-friggitrice-ad-aria2.jpg","width":1024,"height":1024,"type":"image\/jpeg"}],"twitter_card":"summary_large_image","twitter_image":"https:\/\/interpim.erresse-shop.it\/img-catalogo\/zwilling\/zwilling-friggitrice-ad-aria2.jpg","schema":{"@context":"https:\/\/schema.org","@graph":[{"@type":"WebPage","@id":"https:\/\/dev6.erresse-shop.it\/es\/shop\/pequenos-electrodomesticos\/freidora-de-aire\/zwilling-freidora-4-l-negra\/","url":"https:\/\/dev6.erresse-shop.it\/es\/shop\/pequenos-electrodomesticos\/freidora-de-aire\/zwilling-freidora-4-l-negra\/","name":"ZWILLING Freidora 4 L Negra - dev6 Erresse","isPartOf":{"@id":"https:\/\/dev6.erresse-shop.it\/#website"},"primaryImageOfPage":{"@id":"https:\/\/dev6.erresse-shop.it\/es\/shop\/pequenos-electrodomesticos\/freidora-de-aire\/zwilling-freidora-4-l-negra\/#primaryimage"},"image":{"@id":"https:\/\/dev6.erresse-shop.it\/es\/shop\/pequenos-electrodomesticos\/freidora-de-aire\/zwilling-freidora-4-l-negra\/#primaryimage"},"thumbnailUrl":"https:\/\/i1.wp.com\/interpim.erresse-shop.it\/img-catalogo\/zwilling\/zwilling-friggitrice-ad-aria2.jpg?ssl=1","datePublished":"2026-04-10T07:53:54+00:00","description":"3\u20262\u20261\u2026 \u00a1Que aproveche! La freidora de aire caliente ZWILLING prepara platos salados y dulces en poco tiempo y sin precalentamiento. Puede preparar","breadcrumb":{"@id":"https:\/\/dev6.erresse-shop.it\/es\/shop\/pequenos-electrodomesticos\/freidora-de-aire\/zwilling-freidora-4-l-negra\/#breadcrumb"},"inLanguage":"es","potentialAction":[{"@type":"ReadAction","target":["https:\/\/dev6.erresse-shop.it\/es\/shop\/pequenos-electrodomesticos\/freidora-de-aire\/zwilling-freidora-4-l-negra\/"]}]},{"@type":"ImageObject","inLanguage":"es","@id":"https:\/\/dev6.erresse-shop.it\/es\/shop\/pequenos-electrodomesticos\/freidora-de-aire\/zwilling-freidora-4-l-negra\/#primaryimage","url":"https:\/\/i1.wp.com\/interpim.erresse-shop.it\/img-catalogo\/zwilling\/zwilling-friggitrice-ad-aria2.jpg?ssl=1","contentUrl":"https:\/\/i1.wp.com\/interpim.erresse-shop.it\/img-catalogo\/zwilling\/zwilling-friggitrice-ad-aria2.jpg?ssl=1"},{"@type":"BreadcrumbList","@id":"https:\/\/dev6.erresse-shop.it\/es\/shop\/pequenos-electrodomesticos\/freidora-de-aire\/zwilling-freidora-4-l-negra\/#breadcrumb","itemListElement":[{"@type":"ListItem","position":1,"name":"Home","item":"https:\/\/dev6.erresse-shop.it\/"},{"@type":"ListItem","position":2,"name":"Tienda","item":"https:\/\/dev6.erresse-shop.it\/shop\/"},{"@type":"ListItem","position":3,"name":"ZWILLING Freidora 4 L Negra"}]},{"@type":"WebSite","@id":"https:\/\/dev6.erresse-shop.it\/#website","url":"https:\/\/dev6.erresse-shop.it\/","name":"Erresse Shop","description":"","publisher":{"@id":"https:\/\/dev6.erresse-shop.it\/#organization"},"potentialAction":[{"@type":"SearchAction","target":{"@type":"EntryPoint","urlTemplate":"https:\/\/dev6.erresse-shop.it\/?s={search_term_string}"},"query-input":{"@type":"PropertyValueSpecification","valueRequired":true,"valueName":"search_term_string"}}],"inLanguage":"es"},{"@type":"Organization","@id":"https:\/\/dev6.erresse-shop.it\/#organization","name":"Erresse Shop","url":"https:\/\/dev6.erresse-shop.it\/","logo":{"@type":"ImageObject","inLanguage":"es","@id":"https:\/\/dev6.erresse-shop.it\/#\/schema\/logo\/image\/","url":"https:\/\/dev6.erresse-shop.it\/wp-content\/uploads\/2025\/01\/LOGO-ERRESSE-CLASSICO.svg","contentUrl":"https:\/\/dev6.erresse-shop.it\/wp-content\/uploads\/2025\/01\/LOGO-ERRESSE-CLASSICO.svg","caption":"Erresse Shop"},"image":{"@id":"https:\/\/dev6.erresse-shop.it\/#\/schema\/logo\/image\/"}}]}},"df_price":89,"df_sale_price":89,"df_regular_price":139,"df_image_link":"https:\/\/i1.wp.com\/interpim.erresse-shop.it\/img-catalogo\/zwilling\/zwilling-friggitrice-ad-aria2.jpg?resize=300,300&ssl=1","fifu_image_url":"https:\/\/interpim.erresse-shop.it\/img-catalogo\/zwilling\/zwilling-friggitrice-ad-aria2.jpg","_links":{"self":[{"href":"https:\/\/dev6.erresse-shop.it\/es\/wp-json\/wp\/v2\/product\/1878802","targetHints":{"allow":["GET"]}}],"collection":[{"href":"https:\/\/dev6.erresse-shop.it\/es\/wp-json\/wp\/v2\/product"}],"about":[{"href":"https:\/\/dev6.erresse-shop.it\/es\/wp-json\/wp\/v2\/types\/product"}],"wp:featuredmedia":[{"embeddable":true,"href":"https:\/\/dev6.erresse-shop.it\/es\/wp-json\/wp\/v2\/media\/6317042"}],"wp:attachment":[{"href":"https:\/\/dev6.erresse-shop.it\/es\/wp-json\/wp\/v2\/media?parent=1878802"}],"wp:term":[{"taxonomy":"product_cat","embeddable":true,"href":"https:\/\/dev6.erresse-shop.it\/es\/wp-json\/wp\/v2\/product_cat?post=1878802"},{"taxonomy":"product_tag","embeddable":true,"href":"https:\/\/dev6.erresse-shop.it\/es\/wp-json\/wp\/v2\/product_tag?post=1878802"}],"curies":[{"name":"wp","href":"https:\/\/api.w.org\/{rel}","templated":true}]}}