{"id":1878774,"date":"2026-04-12T09:15:16","date_gmt":"2026-04-12T07:15:16","guid":{"rendered":"https:\/\/dev6.erresse-shop.it\/shop\/sin%20categor\u00eda\/sambonet-servicio-de-24-piezas-monobloc-sintesi-acero-de-espejo\/"},"modified":"2025-07-04T22:04:01","modified_gmt":"2025-07-04T20:04:01","slug":"sambonet-servicio-de-24-piezas-monobloc-sintesi-acero-de-espejo","status":"publish","type":"product","link":"https:\/\/dev6.erresse-shop.it\/es\/shop\/tabla\/cubiertos\/sambonet-servicio-de-24-piezas-monobloc-sintesi-acero-de-espejo\/","title":{"rendered":"SAMBONET Servicio de 24 piezas Monobloc Sintesi Acero de Espejo"},"content":{"rendered":"<p>Descripci\u00f3n<br \/>\nSintesi hace hincapi\u00e9 en la ligereza formal dedicada a llevar a la mesa la s\u00edntesis perfecta entre ergonom\u00eda, practicidad y versatilidad de uso.<\/p>\n<p>Cada pieza de cuberter\u00eda est\u00e1 fabricada en acero inoxidable 18\/10, con un mango sencillo, sim\u00e9trico y robusto.<br \/>\nEstilo sencillo y formal, perfecto para la puesta en escena de ocasiones especiales o para dar un toque de ligereza a la mesa.<br \/>\nJuego completo para 6 personas. Incluye: 6 tenedores de mesa, 6 cucharas de mesa, 6 cuchillos de mesa y 6 cucharillas. Apto para el lavavajillas.<br \/>\nPresentado en una elegante caja de regalo.<\/p>\n<p>Sintesi es la combinaci\u00f3n perfecta entre estilo y refinamiento. Esta colecci\u00f3n destaca por la ligereza en las formas, que aportan ergonom\u00eda, practicidad y versatilidad de uso. Una cuberter\u00eda atemporal, garantizada por la calidad y la tradici\u00f3n de Sambonet.<\/p>\n<p>Especificaciones t\u00e9cnicas<br \/>\nMarca: Sambonet<br \/>\nColecci\u00f3n: Sintesi<br \/>\nMaterial: Acero inoxidable<br \/>\nDecoraci\u00f3n: Edelstahl Rostfrei<br \/>\nN\u00famero de piezas en el juego: 24<br \/>\nJuego compuesto por: 6 cucharas de mesa, 6 tenedores de mesa, 6 cuchillos de mesa, 6 cucharas de t\u00e9<br \/>\nPara cu\u00e1ntas personas: 6<br \/>\nN\u00famero de art\u00edculo: 52536-81<br \/>\nA\u00f1o de introducci\u00f3n: 2011<\/p>\n<p>Dimensiones<br \/>\nPeso del art\u00edculo: 1,85 kg<br \/>\nAltura del paquete: 4,90 cm<br \/>\nLongitud del paquete: 30,00 cm<br \/>\nAnchura del paquete: 32,40 cm<br \/>\nPeso del paquete: 1,85 kg<\/p>\n<p>Informaci\u00f3n sobre los cuidados<br \/>\nANTES Y DESPU\u00c9S DE CADA USO: Lave los art\u00edculos de acero inoxidable con agua caliente y una soluci\u00f3n de lavado neutra (detergente). No utilice detergentes sint\u00e9ticos que contengan cloro o limpiadores alcalinos fuertes. A continuaci\u00f3n, s\u00e9quelo bien antes de guardarlo en un lugar seco. Cualquier residuo de comida, especialmente de sal (NaCI), lim\u00f3n, vinagre, tomates, etc., debe eliminarse cuidadosamente para evitar la corrosi\u00f3n. En caso de que los art\u00edculos se laven en lavavajillas, compruebe que al final del ciclo de lavado est\u00e1n perfectamente secos. Si no es as\u00ed, s\u00e9quelos bien a mano. Las hojas de los cuchillos son de acero inoxidable martens\u00edtico 420 y templado, lo que asegura una larga duraci\u00f3n de los filos, pero es menos resistente a la corrosi\u00f3n. Por lo tanto, lave, seque y guarde cuidadosamente los art\u00edculos, despu\u00e9s de su uso.<\/p>\n","protected":false},"excerpt":{"rendered":"<p>Descripci\u00f3n Sintesi hace hincapi\u00e9 en la ligereza formal dedicada a llevar a la mesa la s\u00edntesis perfecta entre ergonom\u00eda, practicidad y versatilidad de uso. Cada pieza de cuberter\u00eda est\u00e1 fabricada en acero inoxidable 18\/10, con un mango sencillo, sim\u00e9trico y robusto. Estilo sencillo y formal, perfecto para la puesta en escena de ocasiones especiales o [&hellip;]<\/p>\n","protected":false},"featured_media":6358465,"template":"","meta":{"_acf_changed":false},"product_cat":[11888,11887,11671],"product_tag":[],"class_list":{"0":"post-1878774","1":"product","2":"type-product","3":"status-publish","4":"has-post-thumbnail","6":"product_cat-cubiertos","7":"product_cat-tabla","8":"product_cat-tavola","10":"first","11":"outofstock","12":"taxable","13":"shipping-taxable","14":"product-type-simple","swatches":"rey-swatches","show_selected":"","stretch_labels":"rey-swatches--stretch-labels"},"acf":[],"yoast_head":"<!-- This site is optimized with the Yoast SEO plugin v25.4 - https:\/\/yoast.com\/wordpress\/plugins\/seo\/ -->\n<title>SAMBONET Servicio de 24 piezas Monobloc Sintesi Acero de Espejo - dev6 Erresse<\/title>\n<meta name=\"description\" content=\"Descripci\u00f3n Sintesi hace hincapi\u00e9 en la ligereza formal dedicada a llevar a la mesa la s\u00edntesis perfecta entre ergonom\u00eda, practicidad y versatilidad de\" \/>\n<meta name=\"robots\" content=\"noindex, follow, max-snippet:-1, max-image-preview:large, max-video-preview:-1\" \/>\n<meta property=\"og:locale\" content=\"es_ES\" \/>\n<meta property=\"og:type\" content=\"article\" \/>\n<meta property=\"og:title\" content=\"SAMBONET Servicio de 24 piezas Monobloc Sintesi Acero de Espejo - dev6 Erresse\" \/>\n<meta property=\"og:description\" content=\"Descripci\u00f3n Sintesi hace hincapi\u00e9 en la ligereza formal dedicada a llevar a la mesa la s\u00edntesis perfecta entre ergonom\u00eda, practicidad y versatilidad de\" \/>\n<meta property=\"og:url\" content=\"https:\/\/dev6.erresse-shop.it\/es\/shop\/tabla\/cubiertos\/sambonet-servicio-de-24-piezas-monobloc-sintesi-acero-de-espejo\/\" \/>\n<meta property=\"og:site_name\" content=\"dev6 Erresse\" \/>\n<meta property=\"og:image\" content=\"https:\/\/interpim.erresse-shop.it\/img-catalogo\/sambonet\/sambonet-servizio-24-pz-monoblocco-sintesi-inox.jpg\" \/><meta property=\"og:image\" content=\"https:\/\/interpim.erresse-shop.it\/img-catalogo\/sambonet\/sambonet-servizio-24-pz-monoblocco-sintesi-inox.jpg\" \/>\n\t<meta property=\"og:image:width\" content=\"1024\" \/>\n\t<meta property=\"og:image:height\" content=\"1024\" \/>\n\t<meta property=\"og:image:type\" content=\"image\/jpeg\" \/>\n<meta name=\"twitter:card\" content=\"summary_large_image\" \/>\n<meta name=\"twitter:image\" content=\"https:\/\/interpim.erresse-shop.it\/img-catalogo\/sambonet\/sambonet-servizio-24-pz-monoblocco-sintesi-inox.jpg\" \/>\n<script type=\"application\/ld+json\" class=\"yoast-schema-graph\">{\"@context\":\"https:\/\/schema.org\",\"@graph\":[{\"@type\":\"WebPage\",\"@id\":\"https:\/\/dev6.erresse-shop.it\/es\/shop\/tabla\/cubiertos\/sambonet-servicio-de-24-piezas-monobloc-sintesi-acero-de-espejo\/\",\"url\":\"https:\/\/dev6.erresse-shop.it\/es\/shop\/tabla\/cubiertos\/sambonet-servicio-de-24-piezas-monobloc-sintesi-acero-de-espejo\/\",\"name\":\"SAMBONET Servicio de 24 piezas Monobloc Sintesi Acero de Espejo - dev6 Erresse\",\"isPartOf\":{\"@id\":\"https:\/\/dev6.erresse-shop.it\/#website\"},\"primaryImageOfPage\":{\"@id\":\"https:\/\/dev6.erresse-shop.it\/es\/shop\/tabla\/cubiertos\/sambonet-servicio-de-24-piezas-monobloc-sintesi-acero-de-espejo\/#primaryimage\"},\"image\":{\"@id\":\"https:\/\/dev6.erresse-shop.it\/es\/shop\/tabla\/cubiertos\/sambonet-servicio-de-24-piezas-monobloc-sintesi-acero-de-espejo\/#primaryimage\"},\"thumbnailUrl\":\"https:\/\/i0.wp.com\/interpim.erresse-shop.it\/img-catalogo\/sambonet\/sambonet-servizio-24-pz-monoblocco-sintesi-inox.jpg?ssl=1\",\"datePublished\":\"2026-04-12T07:15:16+00:00\",\"description\":\"Descripci\u00f3n Sintesi hace hincapi\u00e9 en la ligereza formal dedicada a llevar a la mesa la s\u00edntesis perfecta entre ergonom\u00eda, practicidad y versatilidad de\",\"breadcrumb\":{\"@id\":\"https:\/\/dev6.erresse-shop.it\/es\/shop\/tabla\/cubiertos\/sambonet-servicio-de-24-piezas-monobloc-sintesi-acero-de-espejo\/#breadcrumb\"},\"inLanguage\":\"es\",\"potentialAction\":[{\"@type\":\"ReadAction\",\"target\":[\"https:\/\/dev6.erresse-shop.it\/es\/shop\/tabla\/cubiertos\/sambonet-servicio-de-24-piezas-monobloc-sintesi-acero-de-espejo\/\"]}]},{\"@type\":\"ImageObject\",\"inLanguage\":\"es\",\"@id\":\"https:\/\/dev6.erresse-shop.it\/es\/shop\/tabla\/cubiertos\/sambonet-servicio-de-24-piezas-monobloc-sintesi-acero-de-espejo\/#primaryimage\",\"url\":\"https:\/\/i0.wp.com\/interpim.erresse-shop.it\/img-catalogo\/sambonet\/sambonet-servizio-24-pz-monoblocco-sintesi-inox.jpg?ssl=1\",\"contentUrl\":\"https:\/\/i0.wp.com\/interpim.erresse-shop.it\/img-catalogo\/sambonet\/sambonet-servizio-24-pz-monoblocco-sintesi-inox.jpg?ssl=1\"},{\"@type\":\"BreadcrumbList\",\"@id\":\"https:\/\/dev6.erresse-shop.it\/es\/shop\/tabla\/cubiertos\/sambonet-servicio-de-24-piezas-monobloc-sintesi-acero-de-espejo\/#breadcrumb\",\"itemListElement\":[{\"@type\":\"ListItem\",\"position\":1,\"name\":\"Home\",\"item\":\"https:\/\/dev6.erresse-shop.it\/\"},{\"@type\":\"ListItem\",\"position\":2,\"name\":\"Tienda\",\"item\":\"https:\/\/dev6.erresse-shop.it\/shop\/\"},{\"@type\":\"ListItem\",\"position\":3,\"name\":\"SAMBONET Servicio de 24 piezas Monobloc Sintesi Acero de Espejo\"}]},{\"@type\":\"WebSite\",\"@id\":\"https:\/\/dev6.erresse-shop.it\/#website\",\"url\":\"https:\/\/dev6.erresse-shop.it\/\",\"name\":\"Erresse Shop\",\"description\":\"\",\"publisher\":{\"@id\":\"https:\/\/dev6.erresse-shop.it\/#organization\"},\"potentialAction\":[{\"@type\":\"SearchAction\",\"target\":{\"@type\":\"EntryPoint\",\"urlTemplate\":\"https:\/\/dev6.erresse-shop.it\/?s={search_term_string}\"},\"query-input\":{\"@type\":\"PropertyValueSpecification\",\"valueRequired\":true,\"valueName\":\"search_term_string\"}}],\"inLanguage\":\"es\"},{\"@type\":\"Organization\",\"@id\":\"https:\/\/dev6.erresse-shop.it\/#organization\",\"name\":\"Erresse Shop\",\"url\":\"https:\/\/dev6.erresse-shop.it\/\",\"logo\":{\"@type\":\"ImageObject\",\"inLanguage\":\"es\",\"@id\":\"https:\/\/dev6.erresse-shop.it\/#\/schema\/logo\/image\/\",\"url\":\"https:\/\/dev6.erresse-shop.it\/wp-content\/uploads\/2025\/01\/LOGO-ERRESSE-CLASSICO.svg\",\"contentUrl\":\"https:\/\/dev6.erresse-shop.it\/wp-content\/uploads\/2025\/01\/LOGO-ERRESSE-CLASSICO.svg\",\"caption\":\"Erresse Shop\"},\"image\":{\"@id\":\"https:\/\/dev6.erresse-shop.it\/#\/schema\/logo\/image\/\"}}]}<\/script>\n<!-- \/ Yoast SEO plugin. -->","yoast_head_json":{"title":"SAMBONET Servicio de 24 piezas Monobloc Sintesi Acero de Espejo - dev6 Erresse","description":"Descripci\u00f3n Sintesi hace hincapi\u00e9 en la ligereza formal dedicada a llevar a la mesa la s\u00edntesis perfecta entre ergonom\u00eda, practicidad y versatilidad de","robots":{"index":"noindex","follow":"follow","max-snippet":"max-snippet:-1","max-image-preview":"max-image-preview:large","max-video-preview":"max-video-preview:-1"},"og_locale":"es_ES","og_type":"article","og_title":"SAMBONET Servicio de 24 piezas Monobloc Sintesi Acero de Espejo - dev6 Erresse","og_description":"Descripci\u00f3n Sintesi hace hincapi\u00e9 en la ligereza formal dedicada a llevar a la mesa la s\u00edntesis perfecta entre ergonom\u00eda, practicidad y versatilidad de","og_url":"https:\/\/dev6.erresse-shop.it\/es\/shop\/tabla\/cubiertos\/sambonet-servicio-de-24-piezas-monobloc-sintesi-acero-de-espejo\/","og_site_name":"dev6 Erresse","og_image":[{"url":"https:\/\/interpim.erresse-shop.it\/img-catalogo\/sambonet\/sambonet-servizio-24-pz-monoblocco-sintesi-inox.jpg","type":"","width":"","height":""},{"url":"https:\/\/interpim.erresse-shop.it\/img-catalogo\/sambonet\/sambonet-servizio-24-pz-monoblocco-sintesi-inox.jpg","width":1024,"height":1024,"type":"image\/jpeg"}],"twitter_card":"summary_large_image","twitter_image":"https:\/\/interpim.erresse-shop.it\/img-catalogo\/sambonet\/sambonet-servizio-24-pz-monoblocco-sintesi-inox.jpg","schema":{"@context":"https:\/\/schema.org","@graph":[{"@type":"WebPage","@id":"https:\/\/dev6.erresse-shop.it\/es\/shop\/tabla\/cubiertos\/sambonet-servicio-de-24-piezas-monobloc-sintesi-acero-de-espejo\/","url":"https:\/\/dev6.erresse-shop.it\/es\/shop\/tabla\/cubiertos\/sambonet-servicio-de-24-piezas-monobloc-sintesi-acero-de-espejo\/","name":"SAMBONET Servicio de 24 piezas Monobloc Sintesi Acero de Espejo - dev6 Erresse","isPartOf":{"@id":"https:\/\/dev6.erresse-shop.it\/#website"},"primaryImageOfPage":{"@id":"https:\/\/dev6.erresse-shop.it\/es\/shop\/tabla\/cubiertos\/sambonet-servicio-de-24-piezas-monobloc-sintesi-acero-de-espejo\/#primaryimage"},"image":{"@id":"https:\/\/dev6.erresse-shop.it\/es\/shop\/tabla\/cubiertos\/sambonet-servicio-de-24-piezas-monobloc-sintesi-acero-de-espejo\/#primaryimage"},"thumbnailUrl":"https:\/\/i0.wp.com\/interpim.erresse-shop.it\/img-catalogo\/sambonet\/sambonet-servizio-24-pz-monoblocco-sintesi-inox.jpg?ssl=1","datePublished":"2026-04-12T07:15:16+00:00","description":"Descripci\u00f3n Sintesi hace hincapi\u00e9 en la ligereza formal dedicada a llevar a la mesa la s\u00edntesis perfecta entre ergonom\u00eda, practicidad y versatilidad de","breadcrumb":{"@id":"https:\/\/dev6.erresse-shop.it\/es\/shop\/tabla\/cubiertos\/sambonet-servicio-de-24-piezas-monobloc-sintesi-acero-de-espejo\/#breadcrumb"},"inLanguage":"es","potentialAction":[{"@type":"ReadAction","target":["https:\/\/dev6.erresse-shop.it\/es\/shop\/tabla\/cubiertos\/sambonet-servicio-de-24-piezas-monobloc-sintesi-acero-de-espejo\/"]}]},{"@type":"ImageObject","inLanguage":"es","@id":"https:\/\/dev6.erresse-shop.it\/es\/shop\/tabla\/cubiertos\/sambonet-servicio-de-24-piezas-monobloc-sintesi-acero-de-espejo\/#primaryimage","url":"https:\/\/i0.wp.com\/interpim.erresse-shop.it\/img-catalogo\/sambonet\/sambonet-servizio-24-pz-monoblocco-sintesi-inox.jpg?ssl=1","contentUrl":"https:\/\/i0.wp.com\/interpim.erresse-shop.it\/img-catalogo\/sambonet\/sambonet-servizio-24-pz-monoblocco-sintesi-inox.jpg?ssl=1"},{"@type":"BreadcrumbList","@id":"https:\/\/dev6.erresse-shop.it\/es\/shop\/tabla\/cubiertos\/sambonet-servicio-de-24-piezas-monobloc-sintesi-acero-de-espejo\/#breadcrumb","itemListElement":[{"@type":"ListItem","position":1,"name":"Home","item":"https:\/\/dev6.erresse-shop.it\/"},{"@type":"ListItem","position":2,"name":"Tienda","item":"https:\/\/dev6.erresse-shop.it\/shop\/"},{"@type":"ListItem","position":3,"name":"SAMBONET Servicio de 24 piezas Monobloc Sintesi Acero de Espejo"}]},{"@type":"WebSite","@id":"https:\/\/dev6.erresse-shop.it\/#website","url":"https:\/\/dev6.erresse-shop.it\/","name":"Erresse Shop","description":"","publisher":{"@id":"https:\/\/dev6.erresse-shop.it\/#organization"},"potentialAction":[{"@type":"SearchAction","target":{"@type":"EntryPoint","urlTemplate":"https:\/\/dev6.erresse-shop.it\/?s={search_term_string}"},"query-input":{"@type":"PropertyValueSpecification","valueRequired":true,"valueName":"search_term_string"}}],"inLanguage":"es"},{"@type":"Organization","@id":"https:\/\/dev6.erresse-shop.it\/#organization","name":"Erresse Shop","url":"https:\/\/dev6.erresse-shop.it\/","logo":{"@type":"ImageObject","inLanguage":"es","@id":"https:\/\/dev6.erresse-shop.it\/#\/schema\/logo\/image\/","url":"https:\/\/dev6.erresse-shop.it\/wp-content\/uploads\/2025\/01\/LOGO-ERRESSE-CLASSICO.svg","contentUrl":"https:\/\/dev6.erresse-shop.it\/wp-content\/uploads\/2025\/01\/LOGO-ERRESSE-CLASSICO.svg","caption":"Erresse Shop"},"image":{"@id":"https:\/\/dev6.erresse-shop.it\/#\/schema\/logo\/image\/"}}]}},"df_price":"","df_sale_price":"","df_regular_price":"","df_image_link":"https:\/\/i0.wp.com\/interpim.erresse-shop.it\/img-catalogo\/sambonet\/sambonet-servizio-24-pz-monoblocco-sintesi-inox.jpg?resize=300,300&ssl=1","fifu_image_url":"https:\/\/interpim.erresse-shop.it\/img-catalogo\/sambonet\/sambonet-servizio-24-pz-monoblocco-sintesi-inox.jpg","_links":{"self":[{"href":"https:\/\/dev6.erresse-shop.it\/es\/wp-json\/wp\/v2\/product\/1878774","targetHints":{"allow":["GET"]}}],"collection":[{"href":"https:\/\/dev6.erresse-shop.it\/es\/wp-json\/wp\/v2\/product"}],"about":[{"href":"https:\/\/dev6.erresse-shop.it\/es\/wp-json\/wp\/v2\/types\/product"}],"wp:featuredmedia":[{"embeddable":true,"href":"https:\/\/dev6.erresse-shop.it\/es\/wp-json\/wp\/v2\/media\/6358465"}],"wp:attachment":[{"href":"https:\/\/dev6.erresse-shop.it\/es\/wp-json\/wp\/v2\/media?parent=1878774"}],"wp:term":[{"taxonomy":"product_cat","embeddable":true,"href":"https:\/\/dev6.erresse-shop.it\/es\/wp-json\/wp\/v2\/product_cat?post=1878774"},{"taxonomy":"product_tag","embeddable":true,"href":"https:\/\/dev6.erresse-shop.it\/es\/wp-json\/wp\/v2\/product_tag?post=1878774"}],"curies":[{"name":"wp","href":"https:\/\/api.w.org\/{rel}","templated":true}]}}