{"id":1878762,"date":"2026-04-12T09:13:54","date_gmt":"2026-04-12T07:13:54","guid":{"rendered":"https:\/\/dev6.erresse-shop.it\/shop\/sin%20categor\u00eda\/joseph-joseph-totem-max-basurero-60-litros-acero-inox\/"},"modified":"2025-12-08T17:53:49","modified_gmt":"2025-12-08T16:53:49","slug":"joseph-joseph-totem-max-basurero-60-litros-acero-inox","status":"publish","type":"product","link":"https:\/\/dev6.erresse-shop.it\/es\/shop\/mobiliario\/cubos-de-basura\/joseph-joseph-totem-max-basurero-60-litros-acero-inox\/","title":{"rendered":"JOSEPH JOSEPH Totem Max Basurero 60 litros Acero Inox"},"content":{"rendered":"<p>El \u00fanico cubo de basura para la cocina que necesita<br \/>\nEl cubo de la cocina es el h\u00e9roe olvidado en el coraz\u00f3n de la casa, pero pocos est\u00e1n a la altura de los residuos generales, los restos de comida y el reciclaje. Conoce a Totem. Nuestro premiado cubo de basura tiene varios compartimentos para todo tipo de residuos dom\u00e9sticos, lo que le permite separar todo en una unidad compacta. Su control de olores integrado tambi\u00e9n mantiene el olor fresco de la cocina.<\/p>\n<p>Los detalles m\u00e1s finos<br \/>\nEl contenedor de 60 litros incluye 2 compartimentos de 30 litros y un contenedor de residuos de alimentos extra\u00edble de 3 litros con tapa<br \/>\nEl exclusivo dise\u00f1o vertical maximiza la capacidad en un espacio compacto<br \/>\nControl de olores integrado con filtros de carb\u00f3n activado reemplazables<br \/>\nCubos extra\u00edbles con orificios de fijaci\u00f3n del forro y ganchos para transportar bolsas<\/p>\n<p>Cuidado y uso:<br \/>\nUtilizaci\u00f3n de 6 0L con liner a medida IW2 e IW 6 (tambi\u00e9n se puede utilizar con liner est\u00e1ndar)<br \/>\nSuperficies externas \u2013 limpiar con un pa\u00f1o h\u00famedo y luego secar con un pa\u00f1o suave y seco \u2013 no utilizar pa\u00f1os abrasivos o limpiadores qu\u00edmicos fuertes<br \/>\nCubos y contenedor de residuos de alimentos: s\u00e1quelos de la unidad y l\u00edmpielos con agua tibia y jab\u00f3n; s\u00e9quelos antes de volver a colocarlos en la unidad (para ayudar a eliminar los olores desagradables, tambi\u00e9n se puede utilizar una soluci\u00f3n de polvo de hornear y agua).<br \/>\nFiltro de olores: para un rendimiento \u00f3ptimo, se recomienda sustituir el filtro de olores cada 3 meses<\/p>\n<p>Dimensiones:<br \/>\n(60L): A81,4 (tapa cerrada) A111 (tapa abierta) x W39 x D36,6 cm (H32 x W15\u00bd x D14\u00bd pulgadas)<br \/>\nTambi\u00e9n disponible en 40L<\/p>\n<p>Peso: (60 litros): 9,7 kg<\/p>\n<p>Dise\u00f1ado por PearsonLloyd<br \/>\n2 a\u00f1os de garant\u00eda<\/p>\n","protected":false},"excerpt":{"rendered":"<p>El \u00fanico cubo de basura para la cocina que necesita El cubo de la cocina es el h\u00e9roe olvidado en el coraz\u00f3n de la casa, pero pocos est\u00e1n a la altura de los residuos generales, los restos de comida y el reciclaje. Conoce a Totem. Nuestro premiado cubo de basura tiene varios compartimentos para todo [&hellip;]<\/p>\n","protected":false},"featured_media":6358334,"template":"","meta":{"_acf_changed":false},"product_cat":[11666,11921,11882],"product_tag":[],"class_list":{"0":"post-1878762","1":"product","2":"type-product","3":"status-publish","4":"has-post-thumbnail","6":"product_cat-arredamento-casa","7":"product_cat-cubos-de-basura","8":"product_cat-mobiliario","10":"first","11":"outofstock","12":"sale","13":"taxable","14":"shipping-taxable","15":"purchasable","16":"product-type-simple","swatches":"rey-swatches","show_selected":"","stretch_labels":"rey-swatches--stretch-labels"},"acf":[],"yoast_head":"<!-- This site is optimized with the Yoast SEO plugin v25.4 - https:\/\/yoast.com\/wordpress\/plugins\/seo\/ -->\n<title>JOSEPH JOSEPH Totem Max Basurero 60 litros Acero Inox - dev6 Erresse<\/title>\n<meta name=\"description\" content=\"El \u00fanico cubo de basura para la cocina que necesita El cubo de la cocina es el h\u00e9roe olvidado en el coraz\u00f3n de la casa, pero pocos est\u00e1n a la altura de\" \/>\n<meta name=\"robots\" content=\"noindex, follow, max-snippet:-1, max-image-preview:large, max-video-preview:-1\" \/>\n<meta property=\"og:locale\" content=\"es_ES\" \/>\n<meta property=\"og:type\" content=\"article\" \/>\n<meta property=\"og:title\" content=\"JOSEPH JOSEPH Totem Max Basurero 60 litros Acero Inox - dev6 Erresse\" \/>\n<meta property=\"og:description\" content=\"El \u00fanico cubo de basura para la cocina que necesita El cubo de la cocina es el h\u00e9roe olvidado en el coraz\u00f3n de la casa, pero pocos est\u00e1n a la altura de\" \/>\n<meta property=\"og:url\" content=\"https:\/\/dev6.erresse-shop.it\/es\/shop\/mobiliario\/cubos-de-basura\/joseph-joseph-totem-max-basurero-60-litros-acero-inox\/\" \/>\n<meta property=\"og:site_name\" content=\"dev6 Erresse\" \/>\n<meta property=\"og:image\" content=\"https:\/\/interpim.erresse-shop.it\/Import\/Prodotti\/joseph-joseph-totem-max-pattumiera-60-litri-acciaio.jpg\" \/><meta property=\"og:image\" content=\"https:\/\/interpim.erresse-shop.it\/Import\/Prodotti\/joseph-joseph-totem-max-pattumiera-60-litri-acciaio.jpg\" \/>\n\t<meta property=\"og:image:width\" content=\"1024\" \/>\n\t<meta property=\"og:image:height\" content=\"1024\" \/>\n\t<meta property=\"og:image:type\" content=\"image\/jpeg\" \/>\n<meta name=\"twitter:card\" content=\"summary_large_image\" \/>\n<meta name=\"twitter:image\" content=\"https:\/\/interpim.erresse-shop.it\/Import\/Prodotti\/joseph-joseph-totem-max-pattumiera-60-litri-acciaio.jpg\" \/>\n<script type=\"application\/ld+json\" class=\"yoast-schema-graph\">{\"@context\":\"https:\/\/schema.org\",\"@graph\":[{\"@type\":\"WebPage\",\"@id\":\"https:\/\/dev6.erresse-shop.it\/es\/shop\/mobiliario\/cubos-de-basura\/joseph-joseph-totem-max-basurero-60-litros-acero-inox\/\",\"url\":\"https:\/\/dev6.erresse-shop.it\/es\/shop\/mobiliario\/cubos-de-basura\/joseph-joseph-totem-max-basurero-60-litros-acero-inox\/\",\"name\":\"JOSEPH JOSEPH Totem Max Basurero 60 litros Acero Inox - dev6 Erresse\",\"isPartOf\":{\"@id\":\"https:\/\/dev6.erresse-shop.it\/#website\"},\"primaryImageOfPage\":{\"@id\":\"https:\/\/dev6.erresse-shop.it\/es\/shop\/mobiliario\/cubos-de-basura\/joseph-joseph-totem-max-basurero-60-litros-acero-inox\/#primaryimage\"},\"image\":{\"@id\":\"https:\/\/dev6.erresse-shop.it\/es\/shop\/mobiliario\/cubos-de-basura\/joseph-joseph-totem-max-basurero-60-litros-acero-inox\/#primaryimage\"},\"thumbnailUrl\":\"https:\/\/i1.wp.com\/interpim.erresse-shop.it\/Import\/Prodotti\/joseph-joseph-totem-max-pattumiera-60-litri-acciaio.jpg?ssl=1\",\"datePublished\":\"2026-04-12T07:13:54+00:00\",\"description\":\"El \u00fanico cubo de basura para la cocina que necesita El cubo de la cocina es el h\u00e9roe olvidado en el coraz\u00f3n de la casa, pero pocos est\u00e1n a la altura de\",\"breadcrumb\":{\"@id\":\"https:\/\/dev6.erresse-shop.it\/es\/shop\/mobiliario\/cubos-de-basura\/joseph-joseph-totem-max-basurero-60-litros-acero-inox\/#breadcrumb\"},\"inLanguage\":\"es\",\"potentialAction\":[{\"@type\":\"ReadAction\",\"target\":[\"https:\/\/dev6.erresse-shop.it\/es\/shop\/mobiliario\/cubos-de-basura\/joseph-joseph-totem-max-basurero-60-litros-acero-inox\/\"]}]},{\"@type\":\"ImageObject\",\"inLanguage\":\"es\",\"@id\":\"https:\/\/dev6.erresse-shop.it\/es\/shop\/mobiliario\/cubos-de-basura\/joseph-joseph-totem-max-basurero-60-litros-acero-inox\/#primaryimage\",\"url\":\"https:\/\/i1.wp.com\/interpim.erresse-shop.it\/Import\/Prodotti\/joseph-joseph-totem-max-pattumiera-60-litri-acciaio.jpg?ssl=1\",\"contentUrl\":\"https:\/\/i1.wp.com\/interpim.erresse-shop.it\/Import\/Prodotti\/joseph-joseph-totem-max-pattumiera-60-litri-acciaio.jpg?ssl=1\"},{\"@type\":\"BreadcrumbList\",\"@id\":\"https:\/\/dev6.erresse-shop.it\/es\/shop\/mobiliario\/cubos-de-basura\/joseph-joseph-totem-max-basurero-60-litros-acero-inox\/#breadcrumb\",\"itemListElement\":[{\"@type\":\"ListItem\",\"position\":1,\"name\":\"Home\",\"item\":\"https:\/\/dev6.erresse-shop.it\/\"},{\"@type\":\"ListItem\",\"position\":2,\"name\":\"Tienda\",\"item\":\"https:\/\/dev6.erresse-shop.it\/shop\/\"},{\"@type\":\"ListItem\",\"position\":3,\"name\":\"JOSEPH JOSEPH Totem Max Basurero 60 litros Acero Inox\"}]},{\"@type\":\"WebSite\",\"@id\":\"https:\/\/dev6.erresse-shop.it\/#website\",\"url\":\"https:\/\/dev6.erresse-shop.it\/\",\"name\":\"Erresse Shop\",\"description\":\"\",\"publisher\":{\"@id\":\"https:\/\/dev6.erresse-shop.it\/#organization\"},\"potentialAction\":[{\"@type\":\"SearchAction\",\"target\":{\"@type\":\"EntryPoint\",\"urlTemplate\":\"https:\/\/dev6.erresse-shop.it\/?s={search_term_string}\"},\"query-input\":{\"@type\":\"PropertyValueSpecification\",\"valueRequired\":true,\"valueName\":\"search_term_string\"}}],\"inLanguage\":\"es\"},{\"@type\":\"Organization\",\"@id\":\"https:\/\/dev6.erresse-shop.it\/#organization\",\"name\":\"Erresse Shop\",\"url\":\"https:\/\/dev6.erresse-shop.it\/\",\"logo\":{\"@type\":\"ImageObject\",\"inLanguage\":\"es\",\"@id\":\"https:\/\/dev6.erresse-shop.it\/#\/schema\/logo\/image\/\",\"url\":\"https:\/\/dev6.erresse-shop.it\/wp-content\/uploads\/2025\/01\/LOGO-ERRESSE-CLASSICO.svg\",\"contentUrl\":\"https:\/\/dev6.erresse-shop.it\/wp-content\/uploads\/2025\/01\/LOGO-ERRESSE-CLASSICO.svg\",\"caption\":\"Erresse Shop\"},\"image\":{\"@id\":\"https:\/\/dev6.erresse-shop.it\/#\/schema\/logo\/image\/\"}}]}<\/script>\n<!-- \/ Yoast SEO plugin. -->","yoast_head_json":{"title":"JOSEPH JOSEPH Totem Max Basurero 60 litros Acero Inox - dev6 Erresse","description":"El \u00fanico cubo de basura para la cocina que necesita El cubo de la cocina es el h\u00e9roe olvidado en el coraz\u00f3n de la casa, pero pocos est\u00e1n a la altura de","robots":{"index":"noindex","follow":"follow","max-snippet":"max-snippet:-1","max-image-preview":"max-image-preview:large","max-video-preview":"max-video-preview:-1"},"og_locale":"es_ES","og_type":"article","og_title":"JOSEPH JOSEPH Totem Max Basurero 60 litros Acero Inox - dev6 Erresse","og_description":"El \u00fanico cubo de basura para la cocina que necesita El cubo de la cocina es el h\u00e9roe olvidado en el coraz\u00f3n de la casa, pero pocos est\u00e1n a la altura de","og_url":"https:\/\/dev6.erresse-shop.it\/es\/shop\/mobiliario\/cubos-de-basura\/joseph-joseph-totem-max-basurero-60-litros-acero-inox\/","og_site_name":"dev6 Erresse","og_image":[{"url":"https:\/\/interpim.erresse-shop.it\/Import\/Prodotti\/joseph-joseph-totem-max-pattumiera-60-litri-acciaio.jpg","type":"","width":"","height":""},{"url":"https:\/\/interpim.erresse-shop.it\/Import\/Prodotti\/joseph-joseph-totem-max-pattumiera-60-litri-acciaio.jpg","width":1024,"height":1024,"type":"image\/jpeg"}],"twitter_card":"summary_large_image","twitter_image":"https:\/\/interpim.erresse-shop.it\/Import\/Prodotti\/joseph-joseph-totem-max-pattumiera-60-litri-acciaio.jpg","schema":{"@context":"https:\/\/schema.org","@graph":[{"@type":"WebPage","@id":"https:\/\/dev6.erresse-shop.it\/es\/shop\/mobiliario\/cubos-de-basura\/joseph-joseph-totem-max-basurero-60-litros-acero-inox\/","url":"https:\/\/dev6.erresse-shop.it\/es\/shop\/mobiliario\/cubos-de-basura\/joseph-joseph-totem-max-basurero-60-litros-acero-inox\/","name":"JOSEPH JOSEPH Totem Max Basurero 60 litros Acero Inox - dev6 Erresse","isPartOf":{"@id":"https:\/\/dev6.erresse-shop.it\/#website"},"primaryImageOfPage":{"@id":"https:\/\/dev6.erresse-shop.it\/es\/shop\/mobiliario\/cubos-de-basura\/joseph-joseph-totem-max-basurero-60-litros-acero-inox\/#primaryimage"},"image":{"@id":"https:\/\/dev6.erresse-shop.it\/es\/shop\/mobiliario\/cubos-de-basura\/joseph-joseph-totem-max-basurero-60-litros-acero-inox\/#primaryimage"},"thumbnailUrl":"https:\/\/i1.wp.com\/interpim.erresse-shop.it\/Import\/Prodotti\/joseph-joseph-totem-max-pattumiera-60-litri-acciaio.jpg?ssl=1","datePublished":"2026-04-12T07:13:54+00:00","description":"El \u00fanico cubo de basura para la cocina que necesita El cubo de la cocina es el h\u00e9roe olvidado en el coraz\u00f3n de la casa, pero pocos est\u00e1n a la altura de","breadcrumb":{"@id":"https:\/\/dev6.erresse-shop.it\/es\/shop\/mobiliario\/cubos-de-basura\/joseph-joseph-totem-max-basurero-60-litros-acero-inox\/#breadcrumb"},"inLanguage":"es","potentialAction":[{"@type":"ReadAction","target":["https:\/\/dev6.erresse-shop.it\/es\/shop\/mobiliario\/cubos-de-basura\/joseph-joseph-totem-max-basurero-60-litros-acero-inox\/"]}]},{"@type":"ImageObject","inLanguage":"es","@id":"https:\/\/dev6.erresse-shop.it\/es\/shop\/mobiliario\/cubos-de-basura\/joseph-joseph-totem-max-basurero-60-litros-acero-inox\/#primaryimage","url":"https:\/\/i1.wp.com\/interpim.erresse-shop.it\/Import\/Prodotti\/joseph-joseph-totem-max-pattumiera-60-litri-acciaio.jpg?ssl=1","contentUrl":"https:\/\/i1.wp.com\/interpim.erresse-shop.it\/Import\/Prodotti\/joseph-joseph-totem-max-pattumiera-60-litri-acciaio.jpg?ssl=1"},{"@type":"BreadcrumbList","@id":"https:\/\/dev6.erresse-shop.it\/es\/shop\/mobiliario\/cubos-de-basura\/joseph-joseph-totem-max-basurero-60-litros-acero-inox\/#breadcrumb","itemListElement":[{"@type":"ListItem","position":1,"name":"Home","item":"https:\/\/dev6.erresse-shop.it\/"},{"@type":"ListItem","position":2,"name":"Tienda","item":"https:\/\/dev6.erresse-shop.it\/shop\/"},{"@type":"ListItem","position":3,"name":"JOSEPH JOSEPH Totem Max Basurero 60 litros Acero Inox"}]},{"@type":"WebSite","@id":"https:\/\/dev6.erresse-shop.it\/#website","url":"https:\/\/dev6.erresse-shop.it\/","name":"Erresse Shop","description":"","publisher":{"@id":"https:\/\/dev6.erresse-shop.it\/#organization"},"potentialAction":[{"@type":"SearchAction","target":{"@type":"EntryPoint","urlTemplate":"https:\/\/dev6.erresse-shop.it\/?s={search_term_string}"},"query-input":{"@type":"PropertyValueSpecification","valueRequired":true,"valueName":"search_term_string"}}],"inLanguage":"es"},{"@type":"Organization","@id":"https:\/\/dev6.erresse-shop.it\/#organization","name":"Erresse Shop","url":"https:\/\/dev6.erresse-shop.it\/","logo":{"@type":"ImageObject","inLanguage":"es","@id":"https:\/\/dev6.erresse-shop.it\/#\/schema\/logo\/image\/","url":"https:\/\/dev6.erresse-shop.it\/wp-content\/uploads\/2025\/01\/LOGO-ERRESSE-CLASSICO.svg","contentUrl":"https:\/\/dev6.erresse-shop.it\/wp-content\/uploads\/2025\/01\/LOGO-ERRESSE-CLASSICO.svg","caption":"Erresse Shop"},"image":{"@id":"https:\/\/dev6.erresse-shop.it\/#\/schema\/logo\/image\/"}}]}},"df_price":219.95,"df_sale_price":219.95,"df_regular_price":279.99,"df_image_link":"https:\/\/i1.wp.com\/interpim.erresse-shop.it\/Import\/Prodotti\/joseph-joseph-totem-max-pattumiera-60-litri-acciaio.jpg?resize=300,300&ssl=1","fifu_image_url":"https:\/\/interpim.erresse-shop.it\/Import\/Prodotti\/joseph-joseph-totem-max-pattumiera-60-litri-acciaio.jpg","_links":{"self":[{"href":"https:\/\/dev6.erresse-shop.it\/es\/wp-json\/wp\/v2\/product\/1878762","targetHints":{"allow":["GET"]}}],"collection":[{"href":"https:\/\/dev6.erresse-shop.it\/es\/wp-json\/wp\/v2\/product"}],"about":[{"href":"https:\/\/dev6.erresse-shop.it\/es\/wp-json\/wp\/v2\/types\/product"}],"wp:featuredmedia":[{"embeddable":true,"href":"https:\/\/dev6.erresse-shop.it\/es\/wp-json\/wp\/v2\/media\/6358334"}],"wp:attachment":[{"href":"https:\/\/dev6.erresse-shop.it\/es\/wp-json\/wp\/v2\/media?parent=1878762"}],"wp:term":[{"taxonomy":"product_cat","embeddable":true,"href":"https:\/\/dev6.erresse-shop.it\/es\/wp-json\/wp\/v2\/product_cat?post=1878762"},{"taxonomy":"product_tag","embeddable":true,"href":"https:\/\/dev6.erresse-shop.it\/es\/wp-json\/wp\/v2\/product_tag?post=1878762"}],"curies":[{"name":"wp","href":"https:\/\/api.w.org\/{rel}","templated":true}]}}