{"id":1878744,"date":"2026-04-12T09:13:54","date_gmt":"2026-04-12T07:13:54","guid":{"rendered":"https:\/\/dev6.erresse-shop.it\/shop\/sin%20categor\u00eda\/le-creuset-sacorchos-lm-450-plata\/"},"modified":"2025-11-30T17:55:21","modified_gmt":"2025-11-30T16:55:21","slug":"le-creuset-sacorchos-lm-450-plata","status":"publish","type":"product","link":"https:\/\/dev6.erresse-shop.it\/es\/shop\/tabla\/vino\/sacacorchos\/le-creuset-sacorchos-lm-450-plata\/","title":{"rendered":"LE CREUSET Sacorchos LM-450 Plata"},"content":{"rendered":"<p>Una combinaci\u00f3n de dise\u00f1o elegante y simplicidad, este sacacorchos hace que abrir su nuevo vino favorito sea un juego de ni\u00f1os. La tecnolog\u00eda de giro patentada extrae el corcho con facilidad, mientras que la construcci\u00f3n de alta calidad resiste los golpes y tiene un acabado agradable al tacto. Este accesorio est\u00e1 dise\u00f1ado para abrir m\u00e1s de 2.500 botellas sin tener que sustituir la espiral.<\/p>\n<p>Detalles<br \/>\nInnovaci\u00f3n en acci\u00f3n: la tecnolog\u00eda de rotaci\u00f3n integrada ofrece un excelente rendimiento con el m\u00ednimo esfuerzo.<br \/>\nLo mejor de su clase: nuestros productos se elaboran con los mejores materiales en f\u00e1bricas de todo el mundo para garantizar la calidad que usted espera de Le Creuset.<\/p>\n<p>Material termopl\u00e1stico<br \/>\nFabricado en China<br \/>\n10 a\u00f1os de garant\u00eda<\/p>\n<p>Dimensiones<br \/>\nLongitud: 17,8 cm<br \/>\nAnchura: 11,4 cm<br \/>\nAltura: 5 cm<\/p>\n<p>Recomendaciones de uso<br \/>\nAntes del primer uso<br \/>\n\u00a1Disfruta del momento de abrir el embalaje de tu nueva compra! Y aseg\u00farese de retirar todas las etiquetas y embalajes.<br \/>\nAntes de utilizar sus accesorios para el vino por primera vez, consulte siempre las instrucciones de uso de su modelo espec\u00edfico.<\/p>\n<p>Limpia<br \/>\nTenga cuidado al limpiar el sacacorchos: \u00a1la punta est\u00e1 afilada!<br \/>\nDe vez en cuando, limpie el sacacorchos con un pa\u00f1o h\u00famedo o con agua tibia y jab\u00f3n.<br \/>\nTras el lavado, secar bien el producto y guardarlo en un lugar seco.<\/p>\n<p>Utilice<br \/>\nRetire cualquier c\u00e1psula que cubra el corcho y compruebe que el cuello y el borde de la botella no presentan astillas ni grietas.<br \/>\nPara abrirla, coloque la botella sobre una superficie firme y plana.<br \/>\nTenga cuidado al abrirlo: \u00a1la punta del sacacorchos est\u00e1 afilada! Antes de abrir, aseg\u00farese de que el sacacorchos se apoya firmemente en el cuello de la botella.<br \/>\n\u00bfNecesita sustituir una espiral desgastada? Desenrosque la tapa protectora cromada, retire la espiral vieja, luego inserte la nueva espiral y vuelva a colocar la tapa protectora. Antes de empezar, consulte siempre las instrucciones de su modelo espec\u00edfico.<\/p>\n","protected":false},"excerpt":{"rendered":"<p>Una combinaci\u00f3n de dise\u00f1o elegante y simplicidad, este sacacorchos hace que abrir su nuevo vino favorito sea un juego de ni\u00f1os. La tecnolog\u00eda de giro patentada extrae el corcho con facilidad, mientras que la construcci\u00f3n de alta calidad resiste los golpes y tiene un acabado agradable al tacto. Este accesorio est\u00e1 dise\u00f1ado para abrir m\u00e1s [&hellip;]<\/p>\n","protected":false},"featured_media":6358165,"template":"","meta":{"_acf_changed":false},"product_cat":[11972,11887,11961],"product_tag":[],"class_list":{"0":"post-1878744","1":"product","2":"type-product","3":"status-publish","4":"has-post-thumbnail","6":"product_cat-sacacorchos","7":"product_cat-tabla","8":"product_cat-vino","10":"first","11":"outofstock","12":"sale","13":"taxable","14":"shipping-taxable","15":"purchasable","16":"product-type-simple","swatches":"rey-swatches","show_selected":"","stretch_labels":"rey-swatches--stretch-labels"},"acf":[],"yoast_head":"<!-- This site is optimized with the Yoast SEO plugin v25.4 - https:\/\/yoast.com\/wordpress\/plugins\/seo\/ -->\n<title>LE CREUSET Sacorchos LM-450 Plata - dev6 Erresse<\/title>\n<meta name=\"description\" content=\"Una combinaci\u00f3n de dise\u00f1o elegante y simplicidad, este sacacorchos hace que abrir su nuevo vino favorito sea un juego de ni\u00f1os. La tecnolog\u00eda de giro\" \/>\n<meta name=\"robots\" content=\"noindex, follow, max-snippet:-1, max-image-preview:large, max-video-preview:-1\" \/>\n<meta property=\"og:locale\" content=\"es_ES\" \/>\n<meta property=\"og:type\" content=\"article\" \/>\n<meta property=\"og:title\" content=\"LE CREUSET Sacorchos LM-450 Plata - dev6 Erresse\" \/>\n<meta property=\"og:description\" content=\"Una combinaci\u00f3n de dise\u00f1o elegante y simplicidad, este sacacorchos hace que abrir su nuevo vino favorito sea un juego de ni\u00f1os. La tecnolog\u00eda de giro\" \/>\n<meta property=\"og:url\" content=\"https:\/\/dev6.erresse-shop.it\/es\/shop\/tabla\/vino\/sacacorchos\/le-creuset-sacorchos-lm-450-plata\/\" \/>\n<meta property=\"og:site_name\" content=\"dev6 Erresse\" \/>\n<meta property=\"og:image\" content=\"https:\/\/interpim.erresse-shop.it\/Import\/Prodotti\/le-creuset-apribottiglie-lm-450.jpg\" \/><meta property=\"og:image\" content=\"https:\/\/interpim.erresse-shop.it\/Import\/Prodotti\/le-creuset-apribottiglie-lm-450.jpg\" \/>\n\t<meta property=\"og:image:width\" content=\"1024\" \/>\n\t<meta property=\"og:image:height\" content=\"1024\" \/>\n\t<meta property=\"og:image:type\" content=\"image\/jpeg\" \/>\n<meta name=\"twitter:card\" content=\"summary_large_image\" \/>\n<meta name=\"twitter:image\" content=\"https:\/\/interpim.erresse-shop.it\/Import\/Prodotti\/le-creuset-apribottiglie-lm-450.jpg\" \/>\n<script type=\"application\/ld+json\" class=\"yoast-schema-graph\">{\"@context\":\"https:\/\/schema.org\",\"@graph\":[{\"@type\":\"WebPage\",\"@id\":\"https:\/\/dev6.erresse-shop.it\/es\/shop\/tabla\/vino\/sacacorchos\/le-creuset-sacorchos-lm-450-plata\/\",\"url\":\"https:\/\/dev6.erresse-shop.it\/es\/shop\/tabla\/vino\/sacacorchos\/le-creuset-sacorchos-lm-450-plata\/\",\"name\":\"LE CREUSET Sacorchos LM-450 Plata - dev6 Erresse\",\"isPartOf\":{\"@id\":\"https:\/\/dev6.erresse-shop.it\/#website\"},\"primaryImageOfPage\":{\"@id\":\"https:\/\/dev6.erresse-shop.it\/es\/shop\/tabla\/vino\/sacacorchos\/le-creuset-sacorchos-lm-450-plata\/#primaryimage\"},\"image\":{\"@id\":\"https:\/\/dev6.erresse-shop.it\/es\/shop\/tabla\/vino\/sacacorchos\/le-creuset-sacorchos-lm-450-plata\/#primaryimage\"},\"thumbnailUrl\":\"https:\/\/i2.wp.com\/interpim.erresse-shop.it\/Import\/Prodotti\/le-creuset-apribottiglie-lm-450.jpg?ssl=1\",\"datePublished\":\"2026-04-12T07:13:54+00:00\",\"description\":\"Una combinaci\u00f3n de dise\u00f1o elegante y simplicidad, este sacacorchos hace que abrir su nuevo vino favorito sea un juego de ni\u00f1os. La tecnolog\u00eda de giro\",\"breadcrumb\":{\"@id\":\"https:\/\/dev6.erresse-shop.it\/es\/shop\/tabla\/vino\/sacacorchos\/le-creuset-sacorchos-lm-450-plata\/#breadcrumb\"},\"inLanguage\":\"es\",\"potentialAction\":[{\"@type\":\"ReadAction\",\"target\":[\"https:\/\/dev6.erresse-shop.it\/es\/shop\/tabla\/vino\/sacacorchos\/le-creuset-sacorchos-lm-450-plata\/\"]}]},{\"@type\":\"ImageObject\",\"inLanguage\":\"es\",\"@id\":\"https:\/\/dev6.erresse-shop.it\/es\/shop\/tabla\/vino\/sacacorchos\/le-creuset-sacorchos-lm-450-plata\/#primaryimage\",\"url\":\"https:\/\/i2.wp.com\/interpim.erresse-shop.it\/Import\/Prodotti\/le-creuset-apribottiglie-lm-450.jpg?ssl=1\",\"contentUrl\":\"https:\/\/i2.wp.com\/interpim.erresse-shop.it\/Import\/Prodotti\/le-creuset-apribottiglie-lm-450.jpg?ssl=1\"},{\"@type\":\"BreadcrumbList\",\"@id\":\"https:\/\/dev6.erresse-shop.it\/es\/shop\/tabla\/vino\/sacacorchos\/le-creuset-sacorchos-lm-450-plata\/#breadcrumb\",\"itemListElement\":[{\"@type\":\"ListItem\",\"position\":1,\"name\":\"Home\",\"item\":\"https:\/\/dev6.erresse-shop.it\/\"},{\"@type\":\"ListItem\",\"position\":2,\"name\":\"Tienda\",\"item\":\"https:\/\/dev6.erresse-shop.it\/shop\/\"},{\"@type\":\"ListItem\",\"position\":3,\"name\":\"LE CREUSET Sacorchos LM-450 Plata\"}]},{\"@type\":\"WebSite\",\"@id\":\"https:\/\/dev6.erresse-shop.it\/#website\",\"url\":\"https:\/\/dev6.erresse-shop.it\/\",\"name\":\"Erresse Shop\",\"description\":\"\",\"publisher\":{\"@id\":\"https:\/\/dev6.erresse-shop.it\/#organization\"},\"potentialAction\":[{\"@type\":\"SearchAction\",\"target\":{\"@type\":\"EntryPoint\",\"urlTemplate\":\"https:\/\/dev6.erresse-shop.it\/?s={search_term_string}\"},\"query-input\":{\"@type\":\"PropertyValueSpecification\",\"valueRequired\":true,\"valueName\":\"search_term_string\"}}],\"inLanguage\":\"es\"},{\"@type\":\"Organization\",\"@id\":\"https:\/\/dev6.erresse-shop.it\/#organization\",\"name\":\"Erresse Shop\",\"url\":\"https:\/\/dev6.erresse-shop.it\/\",\"logo\":{\"@type\":\"ImageObject\",\"inLanguage\":\"es\",\"@id\":\"https:\/\/dev6.erresse-shop.it\/#\/schema\/logo\/image\/\",\"url\":\"https:\/\/dev6.erresse-shop.it\/wp-content\/uploads\/2025\/01\/LOGO-ERRESSE-CLASSICO.svg\",\"contentUrl\":\"https:\/\/dev6.erresse-shop.it\/wp-content\/uploads\/2025\/01\/LOGO-ERRESSE-CLASSICO.svg\",\"caption\":\"Erresse Shop\"},\"image\":{\"@id\":\"https:\/\/dev6.erresse-shop.it\/#\/schema\/logo\/image\/\"}}]}<\/script>\n<!-- \/ Yoast SEO plugin. -->","yoast_head_json":{"title":"LE CREUSET Sacorchos LM-450 Plata - dev6 Erresse","description":"Una combinaci\u00f3n de dise\u00f1o elegante y simplicidad, este sacacorchos hace que abrir su nuevo vino favorito sea un juego de ni\u00f1os. La tecnolog\u00eda de giro","robots":{"index":"noindex","follow":"follow","max-snippet":"max-snippet:-1","max-image-preview":"max-image-preview:large","max-video-preview":"max-video-preview:-1"},"og_locale":"es_ES","og_type":"article","og_title":"LE CREUSET Sacorchos LM-450 Plata - dev6 Erresse","og_description":"Una combinaci\u00f3n de dise\u00f1o elegante y simplicidad, este sacacorchos hace que abrir su nuevo vino favorito sea un juego de ni\u00f1os. La tecnolog\u00eda de giro","og_url":"https:\/\/dev6.erresse-shop.it\/es\/shop\/tabla\/vino\/sacacorchos\/le-creuset-sacorchos-lm-450-plata\/","og_site_name":"dev6 Erresse","og_image":[{"url":"https:\/\/interpim.erresse-shop.it\/Import\/Prodotti\/le-creuset-apribottiglie-lm-450.jpg","type":"","width":"","height":""},{"url":"https:\/\/interpim.erresse-shop.it\/Import\/Prodotti\/le-creuset-apribottiglie-lm-450.jpg","width":1024,"height":1024,"type":"image\/jpeg"}],"twitter_card":"summary_large_image","twitter_image":"https:\/\/interpim.erresse-shop.it\/Import\/Prodotti\/le-creuset-apribottiglie-lm-450.jpg","schema":{"@context":"https:\/\/schema.org","@graph":[{"@type":"WebPage","@id":"https:\/\/dev6.erresse-shop.it\/es\/shop\/tabla\/vino\/sacacorchos\/le-creuset-sacorchos-lm-450-plata\/","url":"https:\/\/dev6.erresse-shop.it\/es\/shop\/tabla\/vino\/sacacorchos\/le-creuset-sacorchos-lm-450-plata\/","name":"LE CREUSET Sacorchos LM-450 Plata - dev6 Erresse","isPartOf":{"@id":"https:\/\/dev6.erresse-shop.it\/#website"},"primaryImageOfPage":{"@id":"https:\/\/dev6.erresse-shop.it\/es\/shop\/tabla\/vino\/sacacorchos\/le-creuset-sacorchos-lm-450-plata\/#primaryimage"},"image":{"@id":"https:\/\/dev6.erresse-shop.it\/es\/shop\/tabla\/vino\/sacacorchos\/le-creuset-sacorchos-lm-450-plata\/#primaryimage"},"thumbnailUrl":"https:\/\/i2.wp.com\/interpim.erresse-shop.it\/Import\/Prodotti\/le-creuset-apribottiglie-lm-450.jpg?ssl=1","datePublished":"2026-04-12T07:13:54+00:00","description":"Una combinaci\u00f3n de dise\u00f1o elegante y simplicidad, este sacacorchos hace que abrir su nuevo vino favorito sea un juego de ni\u00f1os. La tecnolog\u00eda de giro","breadcrumb":{"@id":"https:\/\/dev6.erresse-shop.it\/es\/shop\/tabla\/vino\/sacacorchos\/le-creuset-sacorchos-lm-450-plata\/#breadcrumb"},"inLanguage":"es","potentialAction":[{"@type":"ReadAction","target":["https:\/\/dev6.erresse-shop.it\/es\/shop\/tabla\/vino\/sacacorchos\/le-creuset-sacorchos-lm-450-plata\/"]}]},{"@type":"ImageObject","inLanguage":"es","@id":"https:\/\/dev6.erresse-shop.it\/es\/shop\/tabla\/vino\/sacacorchos\/le-creuset-sacorchos-lm-450-plata\/#primaryimage","url":"https:\/\/i2.wp.com\/interpim.erresse-shop.it\/Import\/Prodotti\/le-creuset-apribottiglie-lm-450.jpg?ssl=1","contentUrl":"https:\/\/i2.wp.com\/interpim.erresse-shop.it\/Import\/Prodotti\/le-creuset-apribottiglie-lm-450.jpg?ssl=1"},{"@type":"BreadcrumbList","@id":"https:\/\/dev6.erresse-shop.it\/es\/shop\/tabla\/vino\/sacacorchos\/le-creuset-sacorchos-lm-450-plata\/#breadcrumb","itemListElement":[{"@type":"ListItem","position":1,"name":"Home","item":"https:\/\/dev6.erresse-shop.it\/"},{"@type":"ListItem","position":2,"name":"Tienda","item":"https:\/\/dev6.erresse-shop.it\/shop\/"},{"@type":"ListItem","position":3,"name":"LE CREUSET Sacorchos LM-450 Plata"}]},{"@type":"WebSite","@id":"https:\/\/dev6.erresse-shop.it\/#website","url":"https:\/\/dev6.erresse-shop.it\/","name":"Erresse Shop","description":"","publisher":{"@id":"https:\/\/dev6.erresse-shop.it\/#organization"},"potentialAction":[{"@type":"SearchAction","target":{"@type":"EntryPoint","urlTemplate":"https:\/\/dev6.erresse-shop.it\/?s={search_term_string}"},"query-input":{"@type":"PropertyValueSpecification","valueRequired":true,"valueName":"search_term_string"}}],"inLanguage":"es"},{"@type":"Organization","@id":"https:\/\/dev6.erresse-shop.it\/#organization","name":"Erresse Shop","url":"https:\/\/dev6.erresse-shop.it\/","logo":{"@type":"ImageObject","inLanguage":"es","@id":"https:\/\/dev6.erresse-shop.it\/#\/schema\/logo\/image\/","url":"https:\/\/dev6.erresse-shop.it\/wp-content\/uploads\/2025\/01\/LOGO-ERRESSE-CLASSICO.svg","contentUrl":"https:\/\/dev6.erresse-shop.it\/wp-content\/uploads\/2025\/01\/LOGO-ERRESSE-CLASSICO.svg","caption":"Erresse Shop"},"image":{"@id":"https:\/\/dev6.erresse-shop.it\/#\/schema\/logo\/image\/"}}]}},"df_price":82.95,"df_sale_price":82.95,"df_regular_price":109,"df_image_link":"https:\/\/i2.wp.com\/interpim.erresse-shop.it\/Import\/Prodotti\/le-creuset-apribottiglie-lm-450.jpg?resize=300,300&ssl=1","fifu_image_url":"https:\/\/interpim.erresse-shop.it\/Import\/Prodotti\/le-creuset-apribottiglie-lm-450.jpg","_links":{"self":[{"href":"https:\/\/dev6.erresse-shop.it\/es\/wp-json\/wp\/v2\/product\/1878744","targetHints":{"allow":["GET"]}}],"collection":[{"href":"https:\/\/dev6.erresse-shop.it\/es\/wp-json\/wp\/v2\/product"}],"about":[{"href":"https:\/\/dev6.erresse-shop.it\/es\/wp-json\/wp\/v2\/types\/product"}],"wp:featuredmedia":[{"embeddable":true,"href":"https:\/\/dev6.erresse-shop.it\/es\/wp-json\/wp\/v2\/media\/6358165"}],"wp:attachment":[{"href":"https:\/\/dev6.erresse-shop.it\/es\/wp-json\/wp\/v2\/media?parent=1878744"}],"wp:term":[{"taxonomy":"product_cat","embeddable":true,"href":"https:\/\/dev6.erresse-shop.it\/es\/wp-json\/wp\/v2\/product_cat?post=1878744"},{"taxonomy":"product_tag","embeddable":true,"href":"https:\/\/dev6.erresse-shop.it\/es\/wp-json\/wp\/v2\/product_tag?post=1878744"}],"curies":[{"name":"wp","href":"https:\/\/api.w.org\/{rel}","templated":true}]}}