{"id":1878654,"date":"2026-04-12T09:11:13","date_gmt":"2026-04-12T07:11:13","guid":{"rendered":"https:\/\/dev6.erresse-shop.it\/shop\/sin%20categor\u00eda\/villeroy-boch-soporte-para-tartas-toys-fantasy\/"},"modified":"2025-09-14T08:09:56","modified_gmt":"2025-09-14T06:09:56","slug":"villeroy-boch-soporte-para-tartas-toys-fantasy","status":"publish","type":"product","link":"https:\/\/dev6.erresse-shop.it\/es\/shop\/tabla\/soportes-para-tartas\/villeroy-boch-soporte-para-tartas-toys-fantasy\/","title":{"rendered":"VILLEROY &#038; BOCH Soporte para Tartas Toy&#8217;s Fantasy"},"content":{"rendered":"<p>NO ES APTO PARA EL LAVAVAJILLAS<br \/>\nMaterial: porcelana<br \/>\nApto para microondas: S\u00ed<\/p>\n<p>SOPORTE PARA TARTAS<br \/>\nCreando un ambiente navide\u00f1o, la taza es perfecta para presentar con estilo adornos, dulces o peque\u00f1os aperitivos. Un atractivo visual encantador y un dise\u00f1o lleno de detalles y colores navide\u00f1os har\u00e1n las delicias de grandes y peque\u00f1os.<br \/>\nLa porcelana est\u00e1 decorada con bonitos motivos rojos, verdes y blancos y evoca recuerdos de la infancia.<br \/>\nUna bonita idea para regalar. Todos los art\u00edculos de la colecci\u00f3n pueden combinarse entre s\u00ed. Ideal para combinar, coleccionar y regalar.<\/p>\n<p>DIMENSIONES: 24 x 24 x 12 cm<\/p>\n","protected":false},"excerpt":{"rendered":"<p>NO ES APTO PARA EL LAVAVAJILLAS Material: porcelana Apto para microondas: S\u00ed SOPORTE PARA TARTAS Creando un ambiente navide\u00f1o, la taza es perfecta para presentar con estilo adornos, dulces o peque\u00f1os aperitivos. Un atractivo visual encantador y un dise\u00f1o lleno de detalles y colores navide\u00f1os har\u00e1n las delicias de grandes y peque\u00f1os. La porcelana est\u00e1 [&hellip;]<\/p>\n","protected":false},"featured_media":6357309,"template":"","meta":{"_acf_changed":false},"product_cat":[11909,11887,11671],"product_tag":[],"class_list":{"0":"post-1878654","1":"product","2":"type-product","3":"status-publish","4":"has-post-thumbnail","6":"product_cat-soportes-para-tartas","7":"product_cat-tabla","8":"product_cat-tavola","10":"first","11":"outofstock","12":"taxable","13":"shipping-taxable","14":"purchasable","15":"product-type-simple","swatches":"rey-swatches","show_selected":"","stretch_labels":"rey-swatches--stretch-labels"},"acf":[],"yoast_head":"<!-- This site is optimized with the Yoast SEO plugin v25.4 - https:\/\/yoast.com\/wordpress\/plugins\/seo\/ -->\n<title>VILLEROY &#038; BOCH Soporte para Tartas Toy&#8217;s Fantasy - dev6 Erresse<\/title>\n<meta name=\"description\" content=\"NO ES APTO PARA EL LAVAVAJILLAS Material: porcelana Apto para microondas: S\u00ed SOPORTE PARA TARTAS Creando un ambiente navide\u00f1o, la taza es perfecta para\" \/>\n<meta name=\"robots\" content=\"noindex, follow, max-snippet:-1, max-image-preview:large, max-video-preview:-1\" \/>\n<meta property=\"og:locale\" content=\"es_ES\" \/>\n<meta property=\"og:type\" content=\"article\" \/>\n<meta property=\"og:title\" content=\"VILLEROY &#038; BOCH Soporte para Tartas Toy&#8217;s Fantasy - dev6 Erresse\" \/>\n<meta property=\"og:description\" content=\"NO ES APTO PARA EL LAVAVAJILLAS Material: porcelana Apto para microondas: S\u00ed SOPORTE PARA TARTAS Creando un ambiente navide\u00f1o, la taza es perfecta para\" \/>\n<meta property=\"og:url\" content=\"https:\/\/dev6.erresse-shop.it\/es\/shop\/tabla\/soportes-para-tartas\/villeroy-boch-soporte-para-tartas-toys-fantasy\/\" \/>\n<meta property=\"og:site_name\" content=\"dev6 Erresse\" \/>\n<meta property=\"og:image\" content=\"https:\/\/interpim.erresse-shop.it\/img-catalogo\/villeroy\/villeroy-boch-coppa-piede.jpg\" \/><meta property=\"og:image\" content=\"https:\/\/interpim.erresse-shop.it\/img-catalogo\/villeroy\/villeroy-boch-coppa-piede.jpg\" \/>\n\t<meta property=\"og:image:width\" content=\"1024\" \/>\n\t<meta property=\"og:image:height\" content=\"1024\" \/>\n\t<meta property=\"og:image:type\" content=\"image\/jpeg\" \/>\n<meta name=\"twitter:card\" content=\"summary_large_image\" \/>\n<meta name=\"twitter:image\" content=\"https:\/\/interpim.erresse-shop.it\/img-catalogo\/villeroy\/villeroy-boch-coppa-piede.jpg\" \/>\n<script type=\"application\/ld+json\" class=\"yoast-schema-graph\">{\"@context\":\"https:\/\/schema.org\",\"@graph\":[{\"@type\":\"WebPage\",\"@id\":\"https:\/\/dev6.erresse-shop.it\/es\/shop\/tabla\/soportes-para-tartas\/villeroy-boch-soporte-para-tartas-toys-fantasy\/\",\"url\":\"https:\/\/dev6.erresse-shop.it\/es\/shop\/tabla\/soportes-para-tartas\/villeroy-boch-soporte-para-tartas-toys-fantasy\/\",\"name\":\"VILLEROY &#038; BOCH Soporte para Tartas Toy&#8217;s Fantasy - dev6 Erresse\",\"isPartOf\":{\"@id\":\"https:\/\/dev6.erresse-shop.it\/#website\"},\"primaryImageOfPage\":{\"@id\":\"https:\/\/dev6.erresse-shop.it\/es\/shop\/tabla\/soportes-para-tartas\/villeroy-boch-soporte-para-tartas-toys-fantasy\/#primaryimage\"},\"image\":{\"@id\":\"https:\/\/dev6.erresse-shop.it\/es\/shop\/tabla\/soportes-para-tartas\/villeroy-boch-soporte-para-tartas-toys-fantasy\/#primaryimage\"},\"thumbnailUrl\":\"https:\/\/i3.wp.com\/interpim.erresse-shop.it\/img-catalogo\/villeroy\/villeroy-boch-coppa-piede.jpg?ssl=1\",\"datePublished\":\"2026-04-12T07:11:13+00:00\",\"description\":\"NO ES APTO PARA EL LAVAVAJILLAS Material: porcelana Apto para microondas: S\u00ed SOPORTE PARA TARTAS Creando un ambiente navide\u00f1o, la taza es perfecta para\",\"breadcrumb\":{\"@id\":\"https:\/\/dev6.erresse-shop.it\/es\/shop\/tabla\/soportes-para-tartas\/villeroy-boch-soporte-para-tartas-toys-fantasy\/#breadcrumb\"},\"inLanguage\":\"es\",\"potentialAction\":[{\"@type\":\"ReadAction\",\"target\":[\"https:\/\/dev6.erresse-shop.it\/es\/shop\/tabla\/soportes-para-tartas\/villeroy-boch-soporte-para-tartas-toys-fantasy\/\"]}]},{\"@type\":\"ImageObject\",\"inLanguage\":\"es\",\"@id\":\"https:\/\/dev6.erresse-shop.it\/es\/shop\/tabla\/soportes-para-tartas\/villeroy-boch-soporte-para-tartas-toys-fantasy\/#primaryimage\",\"url\":\"https:\/\/i3.wp.com\/interpim.erresse-shop.it\/img-catalogo\/villeroy\/villeroy-boch-coppa-piede.jpg?ssl=1\",\"contentUrl\":\"https:\/\/i3.wp.com\/interpim.erresse-shop.it\/img-catalogo\/villeroy\/villeroy-boch-coppa-piede.jpg?ssl=1\"},{\"@type\":\"BreadcrumbList\",\"@id\":\"https:\/\/dev6.erresse-shop.it\/es\/shop\/tabla\/soportes-para-tartas\/villeroy-boch-soporte-para-tartas-toys-fantasy\/#breadcrumb\",\"itemListElement\":[{\"@type\":\"ListItem\",\"position\":1,\"name\":\"Home\",\"item\":\"https:\/\/dev6.erresse-shop.it\/\"},{\"@type\":\"ListItem\",\"position\":2,\"name\":\"Tienda\",\"item\":\"https:\/\/dev6.erresse-shop.it\/shop\/\"},{\"@type\":\"ListItem\",\"position\":3,\"name\":\"VILLEROY &#038; BOCH Soporte para Tartas Toy&#8217;s Fantasy\"}]},{\"@type\":\"WebSite\",\"@id\":\"https:\/\/dev6.erresse-shop.it\/#website\",\"url\":\"https:\/\/dev6.erresse-shop.it\/\",\"name\":\"Erresse Shop\",\"description\":\"\",\"publisher\":{\"@id\":\"https:\/\/dev6.erresse-shop.it\/#organization\"},\"potentialAction\":[{\"@type\":\"SearchAction\",\"target\":{\"@type\":\"EntryPoint\",\"urlTemplate\":\"https:\/\/dev6.erresse-shop.it\/?s={search_term_string}\"},\"query-input\":{\"@type\":\"PropertyValueSpecification\",\"valueRequired\":true,\"valueName\":\"search_term_string\"}}],\"inLanguage\":\"es\"},{\"@type\":\"Organization\",\"@id\":\"https:\/\/dev6.erresse-shop.it\/#organization\",\"name\":\"Erresse Shop\",\"url\":\"https:\/\/dev6.erresse-shop.it\/\",\"logo\":{\"@type\":\"ImageObject\",\"inLanguage\":\"es\",\"@id\":\"https:\/\/dev6.erresse-shop.it\/#\/schema\/logo\/image\/\",\"url\":\"https:\/\/dev6.erresse-shop.it\/wp-content\/uploads\/2025\/01\/LOGO-ERRESSE-CLASSICO.svg\",\"contentUrl\":\"https:\/\/dev6.erresse-shop.it\/wp-content\/uploads\/2025\/01\/LOGO-ERRESSE-CLASSICO.svg\",\"caption\":\"Erresse Shop\"},\"image\":{\"@id\":\"https:\/\/dev6.erresse-shop.it\/#\/schema\/logo\/image\/\"}}]}<\/script>\n<!-- \/ Yoast SEO plugin. -->","yoast_head_json":{"title":"VILLEROY &#038; BOCH Soporte para Tartas Toy&#8217;s Fantasy - dev6 Erresse","description":"NO ES APTO PARA EL LAVAVAJILLAS Material: porcelana Apto para microondas: S\u00ed SOPORTE PARA TARTAS Creando un ambiente navide\u00f1o, la taza es perfecta para","robots":{"index":"noindex","follow":"follow","max-snippet":"max-snippet:-1","max-image-preview":"max-image-preview:large","max-video-preview":"max-video-preview:-1"},"og_locale":"es_ES","og_type":"article","og_title":"VILLEROY &#038; BOCH Soporte para Tartas Toy&#8217;s Fantasy - dev6 Erresse","og_description":"NO ES APTO PARA EL LAVAVAJILLAS Material: porcelana Apto para microondas: S\u00ed SOPORTE PARA TARTAS Creando un ambiente navide\u00f1o, la taza es perfecta para","og_url":"https:\/\/dev6.erresse-shop.it\/es\/shop\/tabla\/soportes-para-tartas\/villeroy-boch-soporte-para-tartas-toys-fantasy\/","og_site_name":"dev6 Erresse","og_image":[{"url":"https:\/\/interpim.erresse-shop.it\/img-catalogo\/villeroy\/villeroy-boch-coppa-piede.jpg","type":"","width":"","height":""},{"url":"https:\/\/interpim.erresse-shop.it\/img-catalogo\/villeroy\/villeroy-boch-coppa-piede.jpg","width":1024,"height":1024,"type":"image\/jpeg"}],"twitter_card":"summary_large_image","twitter_image":"https:\/\/interpim.erresse-shop.it\/img-catalogo\/villeroy\/villeroy-boch-coppa-piede.jpg","schema":{"@context":"https:\/\/schema.org","@graph":[{"@type":"WebPage","@id":"https:\/\/dev6.erresse-shop.it\/es\/shop\/tabla\/soportes-para-tartas\/villeroy-boch-soporte-para-tartas-toys-fantasy\/","url":"https:\/\/dev6.erresse-shop.it\/es\/shop\/tabla\/soportes-para-tartas\/villeroy-boch-soporte-para-tartas-toys-fantasy\/","name":"VILLEROY &#038; BOCH Soporte para Tartas Toy&#8217;s Fantasy - dev6 Erresse","isPartOf":{"@id":"https:\/\/dev6.erresse-shop.it\/#website"},"primaryImageOfPage":{"@id":"https:\/\/dev6.erresse-shop.it\/es\/shop\/tabla\/soportes-para-tartas\/villeroy-boch-soporte-para-tartas-toys-fantasy\/#primaryimage"},"image":{"@id":"https:\/\/dev6.erresse-shop.it\/es\/shop\/tabla\/soportes-para-tartas\/villeroy-boch-soporte-para-tartas-toys-fantasy\/#primaryimage"},"thumbnailUrl":"https:\/\/i3.wp.com\/interpim.erresse-shop.it\/img-catalogo\/villeroy\/villeroy-boch-coppa-piede.jpg?ssl=1","datePublished":"2026-04-12T07:11:13+00:00","description":"NO ES APTO PARA EL LAVAVAJILLAS Material: porcelana Apto para microondas: S\u00ed SOPORTE PARA TARTAS Creando un ambiente navide\u00f1o, la taza es perfecta para","breadcrumb":{"@id":"https:\/\/dev6.erresse-shop.it\/es\/shop\/tabla\/soportes-para-tartas\/villeroy-boch-soporte-para-tartas-toys-fantasy\/#breadcrumb"},"inLanguage":"es","potentialAction":[{"@type":"ReadAction","target":["https:\/\/dev6.erresse-shop.it\/es\/shop\/tabla\/soportes-para-tartas\/villeroy-boch-soporte-para-tartas-toys-fantasy\/"]}]},{"@type":"ImageObject","inLanguage":"es","@id":"https:\/\/dev6.erresse-shop.it\/es\/shop\/tabla\/soportes-para-tartas\/villeroy-boch-soporte-para-tartas-toys-fantasy\/#primaryimage","url":"https:\/\/i3.wp.com\/interpim.erresse-shop.it\/img-catalogo\/villeroy\/villeroy-boch-coppa-piede.jpg?ssl=1","contentUrl":"https:\/\/i3.wp.com\/interpim.erresse-shop.it\/img-catalogo\/villeroy\/villeroy-boch-coppa-piede.jpg?ssl=1"},{"@type":"BreadcrumbList","@id":"https:\/\/dev6.erresse-shop.it\/es\/shop\/tabla\/soportes-para-tartas\/villeroy-boch-soporte-para-tartas-toys-fantasy\/#breadcrumb","itemListElement":[{"@type":"ListItem","position":1,"name":"Home","item":"https:\/\/dev6.erresse-shop.it\/"},{"@type":"ListItem","position":2,"name":"Tienda","item":"https:\/\/dev6.erresse-shop.it\/shop\/"},{"@type":"ListItem","position":3,"name":"VILLEROY &#038; BOCH Soporte para Tartas Toy&#8217;s Fantasy"}]},{"@type":"WebSite","@id":"https:\/\/dev6.erresse-shop.it\/#website","url":"https:\/\/dev6.erresse-shop.it\/","name":"Erresse Shop","description":"","publisher":{"@id":"https:\/\/dev6.erresse-shop.it\/#organization"},"potentialAction":[{"@type":"SearchAction","target":{"@type":"EntryPoint","urlTemplate":"https:\/\/dev6.erresse-shop.it\/?s={search_term_string}"},"query-input":{"@type":"PropertyValueSpecification","valueRequired":true,"valueName":"search_term_string"}}],"inLanguage":"es"},{"@type":"Organization","@id":"https:\/\/dev6.erresse-shop.it\/#organization","name":"Erresse Shop","url":"https:\/\/dev6.erresse-shop.it\/","logo":{"@type":"ImageObject","inLanguage":"es","@id":"https:\/\/dev6.erresse-shop.it\/#\/schema\/logo\/image\/","url":"https:\/\/dev6.erresse-shop.it\/wp-content\/uploads\/2025\/01\/LOGO-ERRESSE-CLASSICO.svg","contentUrl":"https:\/\/dev6.erresse-shop.it\/wp-content\/uploads\/2025\/01\/LOGO-ERRESSE-CLASSICO.svg","caption":"Erresse Shop"},"image":{"@id":"https:\/\/dev6.erresse-shop.it\/#\/schema\/logo\/image\/"}}]}},"df_price":49.9,"df_sale_price":"","df_regular_price":49.9,"df_image_link":"https:\/\/i3.wp.com\/interpim.erresse-shop.it\/img-catalogo\/villeroy\/villeroy-boch-coppa-piede.jpg?resize=300,300&ssl=1","fifu_image_url":"https:\/\/interpim.erresse-shop.it\/img-catalogo\/villeroy\/villeroy-boch-coppa-piede.jpg","_links":{"self":[{"href":"https:\/\/dev6.erresse-shop.it\/es\/wp-json\/wp\/v2\/product\/1878654","targetHints":{"allow":["GET"]}}],"collection":[{"href":"https:\/\/dev6.erresse-shop.it\/es\/wp-json\/wp\/v2\/product"}],"about":[{"href":"https:\/\/dev6.erresse-shop.it\/es\/wp-json\/wp\/v2\/types\/product"}],"wp:featuredmedia":[{"embeddable":true,"href":"https:\/\/dev6.erresse-shop.it\/es\/wp-json\/wp\/v2\/media\/6357309"}],"wp:attachment":[{"href":"https:\/\/dev6.erresse-shop.it\/es\/wp-json\/wp\/v2\/media?parent=1878654"}],"wp:term":[{"taxonomy":"product_cat","embeddable":true,"href":"https:\/\/dev6.erresse-shop.it\/es\/wp-json\/wp\/v2\/product_cat?post=1878654"},{"taxonomy":"product_tag","embeddable":true,"href":"https:\/\/dev6.erresse-shop.it\/es\/wp-json\/wp\/v2\/product_tag?post=1878654"}],"curies":[{"name":"wp","href":"https:\/\/api.w.org\/{rel}","templated":true}]}}