{"id":1878646,"date":"2026-04-12T09:09:53","date_gmt":"2026-04-12T07:09:53","guid":{"rendered":"https:\/\/dev6.erresse-shop.it\/shop\/sin%20categor\u00eda\/jura-maquina-de-cafe-ena-8-touch-metropolitan-negra-incluyendo-2-kg-de-cafe\/"},"modified":"2026-01-29T19:20:57","modified_gmt":"2026-01-29T18:20:57","slug":"jura-maquina-de-cafe-ena-8-touch-metropolitan-negra-incluyendo-2-kg-de-cafe","status":"publish","type":"product","link":"https:\/\/dev6.erresse-shop.it\/es\/shop\/pequenos-electrodomesticos\/maquinas-de-cafe\/automatico\/jura-maquina-de-cafe-ena-8-touch-metropolitan-negra-incluyendo-2-kg-de-cafe\/","title":{"rendered":"JURA M\u00e1quina de caf\u00e9 ENA 8 Touch Metropolitan Negra &#8211; incluyendo 2 kg de caf\u00e9"},"content":{"rendered":"<p>Dise\u00f1o integral con control t\u00e1ctil intuitivo<br \/>\nPeque\u00f1a y elegante, la m\u00e1quina autom\u00e1tica de una taza permite ahora un manejo a\u00fan m\u00e1s sencillo gracias a la tecnolog\u00eda de pantalla t\u00e1ctil y a la inteligencia artificial: la pantalla lee todos sus deseos de caf\u00e9 literalmente con la punta de los dedos. Adem\u00e1s, un algoritmo reconoce tus preferencias personales y ajusta autom\u00e1ticamente la pantalla de inicio en funci\u00f3n de ellas.<\/p>\n<p>La ENA 8 conquista con 12 especialidades de caf\u00e9 seleccionadas, incluyendo las m\u00e1s de moda como el cortado y el caf\u00e9 Barista. El disfrute del caf\u00e9 no es fruto de la casualidad, sino de innovaciones como la unidad de infusi\u00f3n compacta VC (Vacuum-Clean). Gracias a ella, el caf\u00e9 siempre fluye hacia la taza en condiciones ideales. El proceso de extracci\u00f3n pulsada (P.E.P.\u00ae) optimiza el aroma de las especialidades cortas como el ristretto y el espresso. La tecnolog\u00eda de microespuma prepara una espuma de leche suave y delicada para el capuchino &amp; Co.<\/p>\n<p>Sum\u00e9rgete en el mundo de ENA 8<\/p>\n<p>PEQUE\u00d1O<br \/>\nS\u00f3lo 27,1 x 32,3 x 44,5 cm<\/p>\n<p>ELEGANTE<br \/>\nDise\u00f1o integral con detalles cromados y dep\u00f3sito de agua redondo con est\u00e9tica Diamond.<\/p>\n<p>SIMPLE<br \/>\nPantalla en color con tecnolog\u00eda TFT t\u00e1ctil e inteligencia artificial.<\/p>\n<p>VIRTUDES<br \/>\n12 especialidades de un solo toque, incluyendo el caf\u00e9 cortado y el caf\u00e9 Barista.<\/p>\n<p>CARACTER\u00cdSTICAS\/ESPECIALIDADES<br \/>\nN\u00famero de especialidades de caf\u00e9 12<br \/>\nPantalla en color de 2,8\u201d<br \/>\nIntensidad del caf\u00e9 programable y personalizable: 10 niveles<br \/>\nCantidad de leche\/espuma programable: s\u00ed<br \/>\nTemperatura de cocci\u00f3n programable: 3 niveles<br \/>\nTemperatura del agua caliente programable: 3 niveles<br \/>\nProceso de extracci\u00f3n pulsada (P.E.P.\u00ae): s\u00ed<br \/>\nFunci\u00f3n One-Touch Long: s\u00ed<br \/>\nFunci\u00f3n One-Touch: s\u00ed<br \/>\nGrupo de elaboraci\u00f3n de cerveza de capacidad variable: 6 \u2013 10 g<br \/>\nMolinillo de caf\u00e9: molinillo multigrado Aroma G3<br \/>\nBomba de alto rendimiento, 15 bar: 1<br \/>\nSistema de calefacci\u00f3n Thermoblock: 1<br \/>\nSistema de fluidos: 1<br \/>\nSistema de leche \/ espumador de leche reemplazable HP1 \/ CX1<br \/>\nCompartimento para caf\u00e9 molido: s\u00ed<br \/>\nTapa de protecci\u00f3n de aromas: s\u00ed<\/p>\n<p>CARACTER\u00cdSTICAS T\u00c9CNICAS<br \/>\nCa\u00f1o doble ajustable en altura y anchura: 68 \u2013 138 mm \/ \u2013<br \/>\nDispensador de agua caliente ajustable en altura: 68 \u2013 138 mm<br \/>\nCapacidad del dep\u00f3sito de agua: 1,1 l<br \/>\nCapacidad del recipiente de caf\u00e9 en grano: 125 g<br \/>\nContenedor de posos de caf\u00e9 (porciones): 10<br \/>\nLongitud del cable 1,1 m<br \/>\nTensi\u00f3n \/ consumo: 230 V ~ \/ 1450 W<br \/>\nIntensidad de corriente: 10 A<br \/>\nClase de eficiencia energ\u00e9tica \/ consumo de energ\u00eda: A \/ 60 kWh\/a\u00f1o<br \/>\nConsumo en espera: 0 W<br \/>\nPeso: 9,4 kg<br \/>\nDimensiones (ancho \u00d7 alto \u00d7 fondo): 27,1 \u00d7 32,3 \u00d7 44,5 cm<\/p>\n<p>Pa\u00eds fabricante: Made in Portugal<br \/>\nModelo del a\u00f1o 2019<\/p>\n","protected":false},"excerpt":{"rendered":"<p>Dise\u00f1o integral con control t\u00e1ctil intuitivo Peque\u00f1a y elegante, la m\u00e1quina autom\u00e1tica de una taza permite ahora un manejo a\u00fan m\u00e1s sencillo gracias a la tecnolog\u00eda de pantalla t\u00e1ctil y a la inteligencia artificial: la pantalla lee todos sus deseos de caf\u00e9 literalmente con la punta de los dedos. Adem\u00e1s, un algoritmo reconoce tus preferencias [&hellip;]<\/p>\n","protected":false},"featured_media":6357258,"template":"","meta":{"_acf_changed":false},"product_cat":[11968,11955,11947],"product_tag":[],"class_list":{"0":"post-1878646","1":"product","2":"type-product","3":"status-publish","4":"has-post-thumbnail","6":"product_cat-automatico","7":"product_cat-maquinas-de-cafe","8":"product_cat-pequenos-electrodomesticos","10":"first","11":"outofstock","12":"sale","13":"taxable","14":"shipping-taxable","15":"purchasable","16":"product-type-simple","swatches":"rey-swatches","show_selected":"","stretch_labels":"rey-swatches--stretch-labels"},"acf":[],"yoast_head":"<!-- This site is optimized with the Yoast SEO plugin v25.4 - https:\/\/yoast.com\/wordpress\/plugins\/seo\/ -->\n<title>JURA M\u00e1quina de caf\u00e9 ENA 8 Touch Metropolitan Negra &#8211; incluyendo 2 kg de caf\u00e9 - dev6 Erresse<\/title>\n<meta name=\"description\" content=\"Dise\u00f1o integral con control t\u00e1ctil intuitivo Peque\u00f1a y elegante, la m\u00e1quina autom\u00e1tica de una taza permite ahora un manejo a\u00fan m\u00e1s sencillo gracias a la\" \/>\n<meta name=\"robots\" content=\"noindex, follow, max-snippet:-1, max-image-preview:large, max-video-preview:-1\" \/>\n<meta property=\"og:locale\" content=\"es_ES\" \/>\n<meta property=\"og:type\" content=\"article\" \/>\n<meta property=\"og:title\" content=\"JURA M\u00e1quina de caf\u00e9 ENA 8 Touch Metropolitan Negra &#8211; incluyendo 2 kg de caf\u00e9 - dev6 Erresse\" \/>\n<meta property=\"og:description\" content=\"Dise\u00f1o integral con control t\u00e1ctil intuitivo Peque\u00f1a y elegante, la m\u00e1quina autom\u00e1tica de una taza permite ahora un manejo a\u00fan m\u00e1s sencillo gracias a la\" \/>\n<meta property=\"og:url\" content=\"https:\/\/dev6.erresse-shop.it\/es\/shop\/pequenos-electrodomesticos\/maquinas-de-cafe\/automatico\/jura-maquina-de-cafe-ena-8-touch-metropolitan-negra-incluyendo-2-kg-de-cafe\/\" \/>\n<meta property=\"og:site_name\" content=\"dev6 Erresse\" \/>\n<meta property=\"og:image\" content=\"https:\/\/interpim.erresse-shop.it\/Import\/Prodotti\/jura-ena-8-touch-metropolitan-black.jpg\" \/><meta property=\"og:image\" content=\"https:\/\/interpim.erresse-shop.it\/Import\/Prodotti\/jura-ena-8-touch-metropolitan-black.jpg\" \/>\n\t<meta property=\"og:image:width\" content=\"1024\" \/>\n\t<meta property=\"og:image:height\" content=\"1024\" \/>\n\t<meta property=\"og:image:type\" content=\"image\/jpeg\" \/>\n<meta name=\"twitter:card\" content=\"summary_large_image\" \/>\n<meta name=\"twitter:image\" content=\"https:\/\/interpim.erresse-shop.it\/Import\/Prodotti\/jura-ena-8-touch-metropolitan-black.jpg\" \/>\n<script type=\"application\/ld+json\" class=\"yoast-schema-graph\">{\"@context\":\"https:\/\/schema.org\",\"@graph\":[{\"@type\":\"WebPage\",\"@id\":\"https:\/\/dev6.erresse-shop.it\/es\/shop\/pequenos-electrodomesticos\/maquinas-de-cafe\/automatico\/jura-maquina-de-cafe-ena-8-touch-metropolitan-negra-incluyendo-2-kg-de-cafe\/\",\"url\":\"https:\/\/dev6.erresse-shop.it\/es\/shop\/pequenos-electrodomesticos\/maquinas-de-cafe\/automatico\/jura-maquina-de-cafe-ena-8-touch-metropolitan-negra-incluyendo-2-kg-de-cafe\/\",\"name\":\"JURA M\u00e1quina de caf\u00e9 ENA 8 Touch Metropolitan Negra &#8211; incluyendo 2 kg de caf\u00e9 - dev6 Erresse\",\"isPartOf\":{\"@id\":\"https:\/\/dev6.erresse-shop.it\/#website\"},\"primaryImageOfPage\":{\"@id\":\"https:\/\/dev6.erresse-shop.it\/es\/shop\/pequenos-electrodomesticos\/maquinas-de-cafe\/automatico\/jura-maquina-de-cafe-ena-8-touch-metropolitan-negra-incluyendo-2-kg-de-cafe\/#primaryimage\"},\"image\":{\"@id\":\"https:\/\/dev6.erresse-shop.it\/es\/shop\/pequenos-electrodomesticos\/maquinas-de-cafe\/automatico\/jura-maquina-de-cafe-ena-8-touch-metropolitan-negra-incluyendo-2-kg-de-cafe\/#primaryimage\"},\"thumbnailUrl\":\"https:\/\/i1.wp.com\/interpim.erresse-shop.it\/Import\/Prodotti\/jura-ena-8-touch-metropolitan-black.jpg?ssl=1\",\"datePublished\":\"2026-04-12T07:09:53+00:00\",\"description\":\"Dise\u00f1o integral con control t\u00e1ctil intuitivo Peque\u00f1a y elegante, la m\u00e1quina autom\u00e1tica de una taza permite ahora un manejo a\u00fan m\u00e1s sencillo gracias a la\",\"breadcrumb\":{\"@id\":\"https:\/\/dev6.erresse-shop.it\/es\/shop\/pequenos-electrodomesticos\/maquinas-de-cafe\/automatico\/jura-maquina-de-cafe-ena-8-touch-metropolitan-negra-incluyendo-2-kg-de-cafe\/#breadcrumb\"},\"inLanguage\":\"es\",\"potentialAction\":[{\"@type\":\"ReadAction\",\"target\":[\"https:\/\/dev6.erresse-shop.it\/es\/shop\/pequenos-electrodomesticos\/maquinas-de-cafe\/automatico\/jura-maquina-de-cafe-ena-8-touch-metropolitan-negra-incluyendo-2-kg-de-cafe\/\"]}]},{\"@type\":\"ImageObject\",\"inLanguage\":\"es\",\"@id\":\"https:\/\/dev6.erresse-shop.it\/es\/shop\/pequenos-electrodomesticos\/maquinas-de-cafe\/automatico\/jura-maquina-de-cafe-ena-8-touch-metropolitan-negra-incluyendo-2-kg-de-cafe\/#primaryimage\",\"url\":\"https:\/\/i1.wp.com\/interpim.erresse-shop.it\/Import\/Prodotti\/jura-ena-8-touch-metropolitan-black.jpg?ssl=1\",\"contentUrl\":\"https:\/\/i1.wp.com\/interpim.erresse-shop.it\/Import\/Prodotti\/jura-ena-8-touch-metropolitan-black.jpg?ssl=1\"},{\"@type\":\"BreadcrumbList\",\"@id\":\"https:\/\/dev6.erresse-shop.it\/es\/shop\/pequenos-electrodomesticos\/maquinas-de-cafe\/automatico\/jura-maquina-de-cafe-ena-8-touch-metropolitan-negra-incluyendo-2-kg-de-cafe\/#breadcrumb\",\"itemListElement\":[{\"@type\":\"ListItem\",\"position\":1,\"name\":\"Home\",\"item\":\"https:\/\/dev6.erresse-shop.it\/\"},{\"@type\":\"ListItem\",\"position\":2,\"name\":\"Tienda\",\"item\":\"https:\/\/dev6.erresse-shop.it\/shop\/\"},{\"@type\":\"ListItem\",\"position\":3,\"name\":\"JURA M\u00e1quina de caf\u00e9 ENA 8 Touch Metropolitan Negra &#8211; incluyendo 2 kg de caf\u00e9\"}]},{\"@type\":\"WebSite\",\"@id\":\"https:\/\/dev6.erresse-shop.it\/#website\",\"url\":\"https:\/\/dev6.erresse-shop.it\/\",\"name\":\"Erresse Shop\",\"description\":\"\",\"publisher\":{\"@id\":\"https:\/\/dev6.erresse-shop.it\/#organization\"},\"potentialAction\":[{\"@type\":\"SearchAction\",\"target\":{\"@type\":\"EntryPoint\",\"urlTemplate\":\"https:\/\/dev6.erresse-shop.it\/?s={search_term_string}\"},\"query-input\":{\"@type\":\"PropertyValueSpecification\",\"valueRequired\":true,\"valueName\":\"search_term_string\"}}],\"inLanguage\":\"es\"},{\"@type\":\"Organization\",\"@id\":\"https:\/\/dev6.erresse-shop.it\/#organization\",\"name\":\"Erresse Shop\",\"url\":\"https:\/\/dev6.erresse-shop.it\/\",\"logo\":{\"@type\":\"ImageObject\",\"inLanguage\":\"es\",\"@id\":\"https:\/\/dev6.erresse-shop.it\/#\/schema\/logo\/image\/\",\"url\":\"https:\/\/dev6.erresse-shop.it\/wp-content\/uploads\/2025\/01\/LOGO-ERRESSE-CLASSICO.svg\",\"contentUrl\":\"https:\/\/dev6.erresse-shop.it\/wp-content\/uploads\/2025\/01\/LOGO-ERRESSE-CLASSICO.svg\",\"caption\":\"Erresse Shop\"},\"image\":{\"@id\":\"https:\/\/dev6.erresse-shop.it\/#\/schema\/logo\/image\/\"}}]}<\/script>\n<!-- \/ Yoast SEO plugin. -->","yoast_head_json":{"title":"JURA M\u00e1quina de caf\u00e9 ENA 8 Touch Metropolitan Negra &#8211; incluyendo 2 kg de caf\u00e9 - dev6 Erresse","description":"Dise\u00f1o integral con control t\u00e1ctil intuitivo Peque\u00f1a y elegante, la m\u00e1quina autom\u00e1tica de una taza permite ahora un manejo a\u00fan m\u00e1s sencillo gracias a la","robots":{"index":"noindex","follow":"follow","max-snippet":"max-snippet:-1","max-image-preview":"max-image-preview:large","max-video-preview":"max-video-preview:-1"},"og_locale":"es_ES","og_type":"article","og_title":"JURA M\u00e1quina de caf\u00e9 ENA 8 Touch Metropolitan Negra &#8211; incluyendo 2 kg de caf\u00e9 - dev6 Erresse","og_description":"Dise\u00f1o integral con control t\u00e1ctil intuitivo Peque\u00f1a y elegante, la m\u00e1quina autom\u00e1tica de una taza permite ahora un manejo a\u00fan m\u00e1s sencillo gracias a la","og_url":"https:\/\/dev6.erresse-shop.it\/es\/shop\/pequenos-electrodomesticos\/maquinas-de-cafe\/automatico\/jura-maquina-de-cafe-ena-8-touch-metropolitan-negra-incluyendo-2-kg-de-cafe\/","og_site_name":"dev6 Erresse","og_image":[{"url":"https:\/\/interpim.erresse-shop.it\/Import\/Prodotti\/jura-ena-8-touch-metropolitan-black.jpg","type":"","width":"","height":""},{"url":"https:\/\/interpim.erresse-shop.it\/Import\/Prodotti\/jura-ena-8-touch-metropolitan-black.jpg","width":1024,"height":1024,"type":"image\/jpeg"}],"twitter_card":"summary_large_image","twitter_image":"https:\/\/interpim.erresse-shop.it\/Import\/Prodotti\/jura-ena-8-touch-metropolitan-black.jpg","schema":{"@context":"https:\/\/schema.org","@graph":[{"@type":"WebPage","@id":"https:\/\/dev6.erresse-shop.it\/es\/shop\/pequenos-electrodomesticos\/maquinas-de-cafe\/automatico\/jura-maquina-de-cafe-ena-8-touch-metropolitan-negra-incluyendo-2-kg-de-cafe\/","url":"https:\/\/dev6.erresse-shop.it\/es\/shop\/pequenos-electrodomesticos\/maquinas-de-cafe\/automatico\/jura-maquina-de-cafe-ena-8-touch-metropolitan-negra-incluyendo-2-kg-de-cafe\/","name":"JURA M\u00e1quina de caf\u00e9 ENA 8 Touch Metropolitan Negra &#8211; incluyendo 2 kg de caf\u00e9 - dev6 Erresse","isPartOf":{"@id":"https:\/\/dev6.erresse-shop.it\/#website"},"primaryImageOfPage":{"@id":"https:\/\/dev6.erresse-shop.it\/es\/shop\/pequenos-electrodomesticos\/maquinas-de-cafe\/automatico\/jura-maquina-de-cafe-ena-8-touch-metropolitan-negra-incluyendo-2-kg-de-cafe\/#primaryimage"},"image":{"@id":"https:\/\/dev6.erresse-shop.it\/es\/shop\/pequenos-electrodomesticos\/maquinas-de-cafe\/automatico\/jura-maquina-de-cafe-ena-8-touch-metropolitan-negra-incluyendo-2-kg-de-cafe\/#primaryimage"},"thumbnailUrl":"https:\/\/i1.wp.com\/interpim.erresse-shop.it\/Import\/Prodotti\/jura-ena-8-touch-metropolitan-black.jpg?ssl=1","datePublished":"2026-04-12T07:09:53+00:00","description":"Dise\u00f1o integral con control t\u00e1ctil intuitivo Peque\u00f1a y elegante, la m\u00e1quina autom\u00e1tica de una taza permite ahora un manejo a\u00fan m\u00e1s sencillo gracias a la","breadcrumb":{"@id":"https:\/\/dev6.erresse-shop.it\/es\/shop\/pequenos-electrodomesticos\/maquinas-de-cafe\/automatico\/jura-maquina-de-cafe-ena-8-touch-metropolitan-negra-incluyendo-2-kg-de-cafe\/#breadcrumb"},"inLanguage":"es","potentialAction":[{"@type":"ReadAction","target":["https:\/\/dev6.erresse-shop.it\/es\/shop\/pequenos-electrodomesticos\/maquinas-de-cafe\/automatico\/jura-maquina-de-cafe-ena-8-touch-metropolitan-negra-incluyendo-2-kg-de-cafe\/"]}]},{"@type":"ImageObject","inLanguage":"es","@id":"https:\/\/dev6.erresse-shop.it\/es\/shop\/pequenos-electrodomesticos\/maquinas-de-cafe\/automatico\/jura-maquina-de-cafe-ena-8-touch-metropolitan-negra-incluyendo-2-kg-de-cafe\/#primaryimage","url":"https:\/\/i1.wp.com\/interpim.erresse-shop.it\/Import\/Prodotti\/jura-ena-8-touch-metropolitan-black.jpg?ssl=1","contentUrl":"https:\/\/i1.wp.com\/interpim.erresse-shop.it\/Import\/Prodotti\/jura-ena-8-touch-metropolitan-black.jpg?ssl=1"},{"@type":"BreadcrumbList","@id":"https:\/\/dev6.erresse-shop.it\/es\/shop\/pequenos-electrodomesticos\/maquinas-de-cafe\/automatico\/jura-maquina-de-cafe-ena-8-touch-metropolitan-negra-incluyendo-2-kg-de-cafe\/#breadcrumb","itemListElement":[{"@type":"ListItem","position":1,"name":"Home","item":"https:\/\/dev6.erresse-shop.it\/"},{"@type":"ListItem","position":2,"name":"Tienda","item":"https:\/\/dev6.erresse-shop.it\/shop\/"},{"@type":"ListItem","position":3,"name":"JURA M\u00e1quina de caf\u00e9 ENA 8 Touch Metropolitan Negra &#8211; incluyendo 2 kg de caf\u00e9"}]},{"@type":"WebSite","@id":"https:\/\/dev6.erresse-shop.it\/#website","url":"https:\/\/dev6.erresse-shop.it\/","name":"Erresse Shop","description":"","publisher":{"@id":"https:\/\/dev6.erresse-shop.it\/#organization"},"potentialAction":[{"@type":"SearchAction","target":{"@type":"EntryPoint","urlTemplate":"https:\/\/dev6.erresse-shop.it\/?s={search_term_string}"},"query-input":{"@type":"PropertyValueSpecification","valueRequired":true,"valueName":"search_term_string"}}],"inLanguage":"es"},{"@type":"Organization","@id":"https:\/\/dev6.erresse-shop.it\/#organization","name":"Erresse Shop","url":"https:\/\/dev6.erresse-shop.it\/","logo":{"@type":"ImageObject","inLanguage":"es","@id":"https:\/\/dev6.erresse-shop.it\/#\/schema\/logo\/image\/","url":"https:\/\/dev6.erresse-shop.it\/wp-content\/uploads\/2025\/01\/LOGO-ERRESSE-CLASSICO.svg","contentUrl":"https:\/\/dev6.erresse-shop.it\/wp-content\/uploads\/2025\/01\/LOGO-ERRESSE-CLASSICO.svg","caption":"Erresse Shop"},"image":{"@id":"https:\/\/dev6.erresse-shop.it\/#\/schema\/logo\/image\/"}}]}},"df_price":949.95,"df_sale_price":949.95,"df_regular_price":1249,"df_image_link":"https:\/\/i1.wp.com\/interpim.erresse-shop.it\/Import\/Prodotti\/jura-ena-8-touch-metropolitan-black.jpg?resize=300,300&ssl=1","fifu_image_url":"https:\/\/interpim.erresse-shop.it\/Import\/Prodotti\/jura-ena-8-touch-metropolitan-black.jpg","_links":{"self":[{"href":"https:\/\/dev6.erresse-shop.it\/es\/wp-json\/wp\/v2\/product\/1878646","targetHints":{"allow":["GET"]}}],"collection":[{"href":"https:\/\/dev6.erresse-shop.it\/es\/wp-json\/wp\/v2\/product"}],"about":[{"href":"https:\/\/dev6.erresse-shop.it\/es\/wp-json\/wp\/v2\/types\/product"}],"wp:featuredmedia":[{"embeddable":true,"href":"https:\/\/dev6.erresse-shop.it\/es\/wp-json\/wp\/v2\/media\/6357258"}],"wp:attachment":[{"href":"https:\/\/dev6.erresse-shop.it\/es\/wp-json\/wp\/v2\/media?parent=1878646"}],"wp:term":[{"taxonomy":"product_cat","embeddable":true,"href":"https:\/\/dev6.erresse-shop.it\/es\/wp-json\/wp\/v2\/product_cat?post=1878646"},{"taxonomy":"product_tag","embeddable":true,"href":"https:\/\/dev6.erresse-shop.it\/es\/wp-json\/wp\/v2\/product_tag?post=1878646"}],"curies":[{"name":"wp","href":"https:\/\/api.w.org\/{rel}","templated":true}]}}