{"id":1878644,"date":"2026-04-12T09:09:53","date_gmt":"2026-04-12T07:09:53","guid":{"rendered":"https:\/\/dev6.erresse-shop.it\/shop\/sin%20categor\u00eda\/jura-maquina-de-cafe-d4-incluyendo-500-gramos-de-cafe\/"},"modified":"2025-07-04T22:00:20","modified_gmt":"2025-07-04T20:00:20","slug":"jura-maquina-de-cafe-d4-incluyendo-500-gramos-de-cafe","status":"publish","type":"product","link":"https:\/\/dev6.erresse-shop.it\/es\/shop\/pequenos-electrodomesticos\/maquinas-de-cafe\/automatico\/jura-maquina-de-cafe-d4-incluyendo-500-gramos-de-cafe\/","title":{"rendered":"JURA M\u00e1quina de caf\u00e9 D4 &#8211; incluyendo 500 gramos de caf\u00e9"},"content":{"rendered":"<p>CAF\u00c9 PURO \u2013 PURO PLACER<br \/>\nDedicado a los puristas del caf\u00e9: JURA presenta la primera m\u00e1quina autom\u00e1tica de tama\u00f1o completo con la funci\u00f3n Coffee Only. El D4 se caracteriza por su dise\u00f1o esencial, expresado de forma coherente por l\u00edneas claras y rigurosas. Privilegia las especialidades de caf\u00e9 negro, produciendo un caf\u00e9 y un espresso con un aroma intenso y con cuerpo de la mejor calidad barista.<\/p>\n<p>UN AROMA INIGUALABLE<br \/>\nEl molinillo AromaG2 muele los granos en el momento y la finura ideales para cada preparaci\u00f3n. La unidad de infusi\u00f3n variable patentada tiene una capacidad de entre 5 y 16 gramos y garantiza una presi\u00f3n de contacto y unas condiciones de infusi\u00f3n ideales en todo momento. Una extraordinaria innovaci\u00f3n, el Proceso de Extracci\u00f3n Pulsada (P.E.P.\u00ae), optimiza el tiempo de extracci\u00f3n para las especialidades cortas, convirtiendo el disfrute del caf\u00e9 en un verdadero fest\u00edn para el paladar. El sistema inteligente de pre-infusi\u00f3n (I.P.B.A.S.\u00a9) humedece el caf\u00e9 molido antes del proceso de infusi\u00f3n. Los poros del caf\u00e9 se expanden y liberan todo su aroma durante la infusi\u00f3n posterior. El caf\u00e9 desciende en la taza cubierto con la caracter\u00edstica crema espesa y esponjosa.<\/p>\n<p>USO ESPECIALIZADO<br \/>\nEl arte minimalista de JURA de elaborar cerveza tambi\u00e9n se expresa de la forma m\u00e1s sencilla posible. Para iniciar la preparaci\u00f3n de una o dos tazas de espresso o caf\u00e9, basta con pulsar el s\u00edmbolo correspondiente de f\u00e1cil comprensi\u00f3n. La preparaci\u00f3n cl\u00e1sica de dos tazas implica dos procesos de elaboraci\u00f3n para disfrutar de un placer insuperable. Adem\u00e1s del caf\u00e9, la m\u00e1quina permite preparar un excelente t\u00e9 gracias a la funci\u00f3n de agua caliente.<\/p>\n<p>AGUA PERFECTA<br \/>\nEl cartucho filtrante CLARIS Smart garantiza la pureza del agua para un sabor aut\u00e9ntico. Gracias al Sistema de Agua Inteligente (I.W.S.\u00ae), el D4 reconoce autom\u00e1ticamente la presencia del filtro y se\u00f1ala cuando su capacidad se est\u00e1 agotando.<\/p>\n<p>FUNCIONES AMPLIADAS<br \/>\nEl uso opcional de Smart Connect permite aprovechar al m\u00e1ximo el potencial de la D4 con la JURA Operating Experience (J.O.E.\u00ae). Adem\u00e1s del espectro de posibilidades de individualizaci\u00f3n, tambi\u00e9n ampl\u00eda la gama de especialidades con la incorporaci\u00f3n del ristretto, el doble espresso, as\u00ed como el lungo Barista y el caf\u00e9 Barista, dos especialidades especialmente digeribles. Si se desea, tambi\u00e9n es posible preparar dos ristrettos, dos espressos o dos caf\u00e9s en un solo proceso de elaboraci\u00f3n.<\/p>\n<p>CARACTER\u00cdSTICAS\/ESPECIALIDADES<br \/>\nIntensidad del caf\u00e9 programable y personalizable: 3 niveles<br \/>\nTemperatura de infusi\u00f3n programable: 2 niveles (con J.O.E.\u00ae)<br \/>\nMolinillo de caf\u00e9: Molinillo multigrado Aroma G2<br \/>\nBomba de alto rendimiento, 15 bar: 1<br \/>\nSistema de calefacci\u00f3n Thermoblock: 1<br \/>\nCompartimento para caf\u00e9 molido: s\u00ed<\/p>\n<p>CARACTER\u00cdSTICAS T\u00c9CNICAS<\/p>\n<p>Dispensador de caf\u00e9 ajustable en altura\/anchura: 64 \u2013 110 mm \/ \u2013<br \/>\nCapacidad del dep\u00f3sito de agua: 1,9 l<br \/>\nCapacidad del recipiente de caf\u00e9 en grano: 200 g<br \/>\nContenedor de posos de caf\u00e9 (porciones): 16<br \/>\nLongitud del cable: 1,1 m<br \/>\nTensi\u00f3n \/ consumo: 230 V ~ \/ 1450 W<br \/>\nConsumo en espera: 0 W<br \/>\nPeso: 8,4 kg<br \/>\nDimensiones (ancho \u00d7 alto \u00d7 fondo): 28 \u00d7 34,5 \u00d7 41,5 cm<br \/>\nPa\u00eds fabricante: Made in Portugal<br \/>\nA\u00f1o del modelo: 2019<\/p>\n","protected":false},"excerpt":{"rendered":"<p>CAF\u00c9 PURO \u2013 PURO PLACER Dedicado a los puristas del caf\u00e9: JURA presenta la primera m\u00e1quina autom\u00e1tica de tama\u00f1o completo con la funci\u00f3n Coffee Only. El D4 se caracteriza por su dise\u00f1o esencial, expresado de forma coherente por l\u00edneas claras y rigurosas. Privilegia las especialidades de caf\u00e9 negro, produciendo un caf\u00e9 y un espresso con [&hellip;]<\/p>\n","protected":false},"featured_media":6357242,"template":"","meta":{"_acf_changed":false},"product_cat":[11968,11955,11947],"product_tag":[],"class_list":{"0":"post-1878644","1":"product","2":"type-product","3":"status-publish","4":"has-post-thumbnail","6":"product_cat-automatico","7":"product_cat-maquinas-de-cafe","8":"product_cat-pequenos-electrodomesticos","10":"first","11":"outofstock","12":"sale","13":"taxable","14":"shipping-taxable","15":"purchasable","16":"product-type-simple","swatches":"rey-swatches","show_selected":"","stretch_labels":"rey-swatches--stretch-labels"},"acf":[],"yoast_head":"<!-- This site is optimized with the Yoast SEO plugin v25.4 - https:\/\/yoast.com\/wordpress\/plugins\/seo\/ -->\n<title>JURA M\u00e1quina de caf\u00e9 D4 &#8211; incluyendo 500 gramos de caf\u00e9 - dev6 Erresse<\/title>\n<meta name=\"description\" content=\"CAF\u00c9 PURO \u2013 PURO PLACER Dedicado a los puristas del caf\u00e9: JURA presenta la primera m\u00e1quina autom\u00e1tica de tama\u00f1o completo con la funci\u00f3n Coffee Only. El D4\" \/>\n<meta name=\"robots\" content=\"noindex, follow, max-snippet:-1, max-image-preview:large, max-video-preview:-1\" \/>\n<meta property=\"og:locale\" content=\"es_ES\" \/>\n<meta property=\"og:type\" content=\"article\" \/>\n<meta property=\"og:title\" content=\"JURA M\u00e1quina de caf\u00e9 D4 &#8211; incluyendo 500 gramos de caf\u00e9 - dev6 Erresse\" \/>\n<meta property=\"og:description\" content=\"CAF\u00c9 PURO \u2013 PURO PLACER Dedicado a los puristas del caf\u00e9: JURA presenta la primera m\u00e1quina autom\u00e1tica de tama\u00f1o completo con la funci\u00f3n Coffee Only. El D4\" \/>\n<meta property=\"og:url\" content=\"https:\/\/dev6.erresse-shop.it\/es\/shop\/pequenos-electrodomesticos\/maquinas-de-cafe\/automatico\/jura-maquina-de-cafe-d4-incluyendo-500-gramos-de-cafe\/\" \/>\n<meta property=\"og:site_name\" content=\"dev6 Erresse\" \/>\n<meta property=\"og:image\" content=\"https:\/\/interpim.erresse-shop.it\/Import\/Prodotti\/jura-d4-3.jpg\" \/><meta property=\"og:image\" content=\"https:\/\/interpim.erresse-shop.it\/Import\/Prodotti\/jura-d4-3.jpg\" \/>\n\t<meta property=\"og:image:width\" content=\"1024\" \/>\n\t<meta property=\"og:image:height\" content=\"1024\" \/>\n\t<meta property=\"og:image:type\" content=\"image\/jpeg\" \/>\n<meta name=\"twitter:card\" content=\"summary_large_image\" \/>\n<meta name=\"twitter:image\" content=\"https:\/\/interpim.erresse-shop.it\/Import\/Prodotti\/jura-d4-3.jpg\" \/>\n<script type=\"application\/ld+json\" class=\"yoast-schema-graph\">{\"@context\":\"https:\/\/schema.org\",\"@graph\":[{\"@type\":\"WebPage\",\"@id\":\"https:\/\/dev6.erresse-shop.it\/es\/shop\/pequenos-electrodomesticos\/maquinas-de-cafe\/automatico\/jura-maquina-de-cafe-d4-incluyendo-500-gramos-de-cafe\/\",\"url\":\"https:\/\/dev6.erresse-shop.it\/es\/shop\/pequenos-electrodomesticos\/maquinas-de-cafe\/automatico\/jura-maquina-de-cafe-d4-incluyendo-500-gramos-de-cafe\/\",\"name\":\"JURA M\u00e1quina de caf\u00e9 D4 &#8211; incluyendo 500 gramos de caf\u00e9 - dev6 Erresse\",\"isPartOf\":{\"@id\":\"https:\/\/dev6.erresse-shop.it\/#website\"},\"primaryImageOfPage\":{\"@id\":\"https:\/\/dev6.erresse-shop.it\/es\/shop\/pequenos-electrodomesticos\/maquinas-de-cafe\/automatico\/jura-maquina-de-cafe-d4-incluyendo-500-gramos-de-cafe\/#primaryimage\"},\"image\":{\"@id\":\"https:\/\/dev6.erresse-shop.it\/es\/shop\/pequenos-electrodomesticos\/maquinas-de-cafe\/automatico\/jura-maquina-de-cafe-d4-incluyendo-500-gramos-de-cafe\/#primaryimage\"},\"thumbnailUrl\":\"https:\/\/i3.wp.com\/interpim.erresse-shop.it\/Import\/Prodotti\/jura-d4-3.jpg?ssl=1\",\"datePublished\":\"2026-04-12T07:09:53+00:00\",\"description\":\"CAF\u00c9 PURO \u2013 PURO PLACER Dedicado a los puristas del caf\u00e9: JURA presenta la primera m\u00e1quina autom\u00e1tica de tama\u00f1o completo con la funci\u00f3n Coffee Only. El D4\",\"breadcrumb\":{\"@id\":\"https:\/\/dev6.erresse-shop.it\/es\/shop\/pequenos-electrodomesticos\/maquinas-de-cafe\/automatico\/jura-maquina-de-cafe-d4-incluyendo-500-gramos-de-cafe\/#breadcrumb\"},\"inLanguage\":\"es\",\"potentialAction\":[{\"@type\":\"ReadAction\",\"target\":[\"https:\/\/dev6.erresse-shop.it\/es\/shop\/pequenos-electrodomesticos\/maquinas-de-cafe\/automatico\/jura-maquina-de-cafe-d4-incluyendo-500-gramos-de-cafe\/\"]}]},{\"@type\":\"ImageObject\",\"inLanguage\":\"es\",\"@id\":\"https:\/\/dev6.erresse-shop.it\/es\/shop\/pequenos-electrodomesticos\/maquinas-de-cafe\/automatico\/jura-maquina-de-cafe-d4-incluyendo-500-gramos-de-cafe\/#primaryimage\",\"url\":\"https:\/\/i3.wp.com\/interpim.erresse-shop.it\/Import\/Prodotti\/jura-d4-3.jpg?ssl=1\",\"contentUrl\":\"https:\/\/i3.wp.com\/interpim.erresse-shop.it\/Import\/Prodotti\/jura-d4-3.jpg?ssl=1\"},{\"@type\":\"BreadcrumbList\",\"@id\":\"https:\/\/dev6.erresse-shop.it\/es\/shop\/pequenos-electrodomesticos\/maquinas-de-cafe\/automatico\/jura-maquina-de-cafe-d4-incluyendo-500-gramos-de-cafe\/#breadcrumb\",\"itemListElement\":[{\"@type\":\"ListItem\",\"position\":1,\"name\":\"Home\",\"item\":\"https:\/\/dev6.erresse-shop.it\/\"},{\"@type\":\"ListItem\",\"position\":2,\"name\":\"Tienda\",\"item\":\"https:\/\/dev6.erresse-shop.it\/shop\/\"},{\"@type\":\"ListItem\",\"position\":3,\"name\":\"JURA M\u00e1quina de caf\u00e9 D4 &#8211; incluyendo 500 gramos de caf\u00e9\"}]},{\"@type\":\"WebSite\",\"@id\":\"https:\/\/dev6.erresse-shop.it\/#website\",\"url\":\"https:\/\/dev6.erresse-shop.it\/\",\"name\":\"Erresse Shop\",\"description\":\"\",\"publisher\":{\"@id\":\"https:\/\/dev6.erresse-shop.it\/#organization\"},\"potentialAction\":[{\"@type\":\"SearchAction\",\"target\":{\"@type\":\"EntryPoint\",\"urlTemplate\":\"https:\/\/dev6.erresse-shop.it\/?s={search_term_string}\"},\"query-input\":{\"@type\":\"PropertyValueSpecification\",\"valueRequired\":true,\"valueName\":\"search_term_string\"}}],\"inLanguage\":\"es\"},{\"@type\":\"Organization\",\"@id\":\"https:\/\/dev6.erresse-shop.it\/#organization\",\"name\":\"Erresse Shop\",\"url\":\"https:\/\/dev6.erresse-shop.it\/\",\"logo\":{\"@type\":\"ImageObject\",\"inLanguage\":\"es\",\"@id\":\"https:\/\/dev6.erresse-shop.it\/#\/schema\/logo\/image\/\",\"url\":\"https:\/\/dev6.erresse-shop.it\/wp-content\/uploads\/2025\/01\/LOGO-ERRESSE-CLASSICO.svg\",\"contentUrl\":\"https:\/\/dev6.erresse-shop.it\/wp-content\/uploads\/2025\/01\/LOGO-ERRESSE-CLASSICO.svg\",\"caption\":\"Erresse Shop\"},\"image\":{\"@id\":\"https:\/\/dev6.erresse-shop.it\/#\/schema\/logo\/image\/\"}}]}<\/script>\n<!-- \/ Yoast SEO plugin. -->","yoast_head_json":{"title":"JURA M\u00e1quina de caf\u00e9 D4 &#8211; incluyendo 500 gramos de caf\u00e9 - dev6 Erresse","description":"CAF\u00c9 PURO \u2013 PURO PLACER Dedicado a los puristas del caf\u00e9: JURA presenta la primera m\u00e1quina autom\u00e1tica de tama\u00f1o completo con la funci\u00f3n Coffee Only. El D4","robots":{"index":"noindex","follow":"follow","max-snippet":"max-snippet:-1","max-image-preview":"max-image-preview:large","max-video-preview":"max-video-preview:-1"},"og_locale":"es_ES","og_type":"article","og_title":"JURA M\u00e1quina de caf\u00e9 D4 &#8211; incluyendo 500 gramos de caf\u00e9 - dev6 Erresse","og_description":"CAF\u00c9 PURO \u2013 PURO PLACER Dedicado a los puristas del caf\u00e9: JURA presenta la primera m\u00e1quina autom\u00e1tica de tama\u00f1o completo con la funci\u00f3n Coffee Only. El D4","og_url":"https:\/\/dev6.erresse-shop.it\/es\/shop\/pequenos-electrodomesticos\/maquinas-de-cafe\/automatico\/jura-maquina-de-cafe-d4-incluyendo-500-gramos-de-cafe\/","og_site_name":"dev6 Erresse","og_image":[{"url":"https:\/\/interpim.erresse-shop.it\/Import\/Prodotti\/jura-d4-3.jpg","type":"","width":"","height":""},{"url":"https:\/\/interpim.erresse-shop.it\/Import\/Prodotti\/jura-d4-3.jpg","width":1024,"height":1024,"type":"image\/jpeg"}],"twitter_card":"summary_large_image","twitter_image":"https:\/\/interpim.erresse-shop.it\/Import\/Prodotti\/jura-d4-3.jpg","schema":{"@context":"https:\/\/schema.org","@graph":[{"@type":"WebPage","@id":"https:\/\/dev6.erresse-shop.it\/es\/shop\/pequenos-electrodomesticos\/maquinas-de-cafe\/automatico\/jura-maquina-de-cafe-d4-incluyendo-500-gramos-de-cafe\/","url":"https:\/\/dev6.erresse-shop.it\/es\/shop\/pequenos-electrodomesticos\/maquinas-de-cafe\/automatico\/jura-maquina-de-cafe-d4-incluyendo-500-gramos-de-cafe\/","name":"JURA M\u00e1quina de caf\u00e9 D4 &#8211; incluyendo 500 gramos de caf\u00e9 - dev6 Erresse","isPartOf":{"@id":"https:\/\/dev6.erresse-shop.it\/#website"},"primaryImageOfPage":{"@id":"https:\/\/dev6.erresse-shop.it\/es\/shop\/pequenos-electrodomesticos\/maquinas-de-cafe\/automatico\/jura-maquina-de-cafe-d4-incluyendo-500-gramos-de-cafe\/#primaryimage"},"image":{"@id":"https:\/\/dev6.erresse-shop.it\/es\/shop\/pequenos-electrodomesticos\/maquinas-de-cafe\/automatico\/jura-maquina-de-cafe-d4-incluyendo-500-gramos-de-cafe\/#primaryimage"},"thumbnailUrl":"https:\/\/i3.wp.com\/interpim.erresse-shop.it\/Import\/Prodotti\/jura-d4-3.jpg?ssl=1","datePublished":"2026-04-12T07:09:53+00:00","description":"CAF\u00c9 PURO \u2013 PURO PLACER Dedicado a los puristas del caf\u00e9: JURA presenta la primera m\u00e1quina autom\u00e1tica de tama\u00f1o completo con la funci\u00f3n Coffee Only. El D4","breadcrumb":{"@id":"https:\/\/dev6.erresse-shop.it\/es\/shop\/pequenos-electrodomesticos\/maquinas-de-cafe\/automatico\/jura-maquina-de-cafe-d4-incluyendo-500-gramos-de-cafe\/#breadcrumb"},"inLanguage":"es","potentialAction":[{"@type":"ReadAction","target":["https:\/\/dev6.erresse-shop.it\/es\/shop\/pequenos-electrodomesticos\/maquinas-de-cafe\/automatico\/jura-maquina-de-cafe-d4-incluyendo-500-gramos-de-cafe\/"]}]},{"@type":"ImageObject","inLanguage":"es","@id":"https:\/\/dev6.erresse-shop.it\/es\/shop\/pequenos-electrodomesticos\/maquinas-de-cafe\/automatico\/jura-maquina-de-cafe-d4-incluyendo-500-gramos-de-cafe\/#primaryimage","url":"https:\/\/i3.wp.com\/interpim.erresse-shop.it\/Import\/Prodotti\/jura-d4-3.jpg?ssl=1","contentUrl":"https:\/\/i3.wp.com\/interpim.erresse-shop.it\/Import\/Prodotti\/jura-d4-3.jpg?ssl=1"},{"@type":"BreadcrumbList","@id":"https:\/\/dev6.erresse-shop.it\/es\/shop\/pequenos-electrodomesticos\/maquinas-de-cafe\/automatico\/jura-maquina-de-cafe-d4-incluyendo-500-gramos-de-cafe\/#breadcrumb","itemListElement":[{"@type":"ListItem","position":1,"name":"Home","item":"https:\/\/dev6.erresse-shop.it\/"},{"@type":"ListItem","position":2,"name":"Tienda","item":"https:\/\/dev6.erresse-shop.it\/shop\/"},{"@type":"ListItem","position":3,"name":"JURA M\u00e1quina de caf\u00e9 D4 &#8211; incluyendo 500 gramos de caf\u00e9"}]},{"@type":"WebSite","@id":"https:\/\/dev6.erresse-shop.it\/#website","url":"https:\/\/dev6.erresse-shop.it\/","name":"Erresse Shop","description":"","publisher":{"@id":"https:\/\/dev6.erresse-shop.it\/#organization"},"potentialAction":[{"@type":"SearchAction","target":{"@type":"EntryPoint","urlTemplate":"https:\/\/dev6.erresse-shop.it\/?s={search_term_string}"},"query-input":{"@type":"PropertyValueSpecification","valueRequired":true,"valueName":"search_term_string"}}],"inLanguage":"es"},{"@type":"Organization","@id":"https:\/\/dev6.erresse-shop.it\/#organization","name":"Erresse Shop","url":"https:\/\/dev6.erresse-shop.it\/","logo":{"@type":"ImageObject","inLanguage":"es","@id":"https:\/\/dev6.erresse-shop.it\/#\/schema\/logo\/image\/","url":"https:\/\/dev6.erresse-shop.it\/wp-content\/uploads\/2025\/01\/LOGO-ERRESSE-CLASSICO.svg","contentUrl":"https:\/\/dev6.erresse-shop.it\/wp-content\/uploads\/2025\/01\/LOGO-ERRESSE-CLASSICO.svg","caption":"Erresse Shop"},"image":{"@id":"https:\/\/dev6.erresse-shop.it\/#\/schema\/logo\/image\/"}}]}},"df_price":531.37,"df_sale_price":531.37,"df_regular_price":599,"df_image_link":"https:\/\/i3.wp.com\/interpim.erresse-shop.it\/Import\/Prodotti\/jura-d4-3.jpg?resize=300,300&ssl=1","fifu_image_url":"https:\/\/interpim.erresse-shop.it\/Import\/Prodotti\/jura-d4-3.jpg","_links":{"self":[{"href":"https:\/\/dev6.erresse-shop.it\/es\/wp-json\/wp\/v2\/product\/1878644","targetHints":{"allow":["GET"]}}],"collection":[{"href":"https:\/\/dev6.erresse-shop.it\/es\/wp-json\/wp\/v2\/product"}],"about":[{"href":"https:\/\/dev6.erresse-shop.it\/es\/wp-json\/wp\/v2\/types\/product"}],"wp:featuredmedia":[{"embeddable":true,"href":"https:\/\/dev6.erresse-shop.it\/es\/wp-json\/wp\/v2\/media\/6357242"}],"wp:attachment":[{"href":"https:\/\/dev6.erresse-shop.it\/es\/wp-json\/wp\/v2\/media?parent=1878644"}],"wp:term":[{"taxonomy":"product_cat","embeddable":true,"href":"https:\/\/dev6.erresse-shop.it\/es\/wp-json\/wp\/v2\/product_cat?post=1878644"},{"taxonomy":"product_tag","embeddable":true,"href":"https:\/\/dev6.erresse-shop.it\/es\/wp-json\/wp\/v2\/product_tag?post=1878644"}],"curies":[{"name":"wp","href":"https:\/\/api.w.org\/{rel}","templated":true}]}}