{"id":1878642,"date":"2026-04-04T09:08:11","date_gmt":"2026-04-04T07:08:11","guid":{"rendered":"https:\/\/dev6.erresse-shop.it\/shop\/sin%20categor\u00eda\/jura-cappuccinador-caliente-y-frio\/"},"modified":"2025-09-14T08:09:50","modified_gmt":"2025-09-14T06:09:50","slug":"jura-cappuccinador-caliente-y-frio","status":"publish","type":"product","link":"https:\/\/dev6.erresse-shop.it\/es\/shop\/pequenos-electrodomesticos\/espumadores-de-leche\/jura-cappuccinador-caliente-y-frio\/","title":{"rendered":"JURA Cappuccinador caliente y fr\u00edo"},"content":{"rendered":"<p>ESPUMA DE LECHE M\u00c1GICA<br \/>\nSuave y vers\u00e1til. Con la espuma de leche fresca y cremosa que se prepara con la m\u00e1quina para hacer cappuccino de JURA, por fin es posible preparar especialidades como el flat white, la bebida del momento, incluso en versi\u00f3n fr\u00eda.<\/p>\n<p>El dise\u00f1o claro y minimalista, la h\u00e1ptica detallada y los materiales seleccionados hacen que el espumador sea especialmente f\u00e1cil de manejar, en condiciones de m\u00e1xima higiene. Equipada con dos accesorios, prepara leche fr\u00eda, caliente o hirviendo y espuma de leche con s\u00f3lo pulsar un bot\u00f3n.<\/p>\n<p>Ya sea como complemento de cualquier m\u00e1quina autom\u00e1tica de especialidades de caf\u00e9 o como accesorio indispensable para todos los amantes de las especialidades de leche, la m\u00e1quina de cappuccino de JURA ayuda a aumentar la variedad de recetas y a perfeccionar el arte de la preparaci\u00f3n.<\/p>\n<p>VARIEDAD<br \/>\nYa sea como guarnici\u00f3n o como ingrediente b\u00e1sico, la suave y cremosa espuma de leche aporta a las especialidades de moda la frescura y ligereza necesarias. Fr\u00eda, caliente o hirviendo: la m\u00e1quina para hacer capuchinos permite preparar delicias para cada estaci\u00f3n. Un chocolate caliente en invierno, un Cold Romanoff afrutado en primavera, un Iced Flat White en verano o un Iced Chai Latte en oto\u00f1o: \u00a1no hay l\u00edmites para la imaginaci\u00f3n! El recetario adjunto ofrece algunas ideas para la preparaci\u00f3n de bebidas de tendencia exclusiva.<\/p>\n<p>ESPUMA DE LECHE FR\u00cdA CON S\u00d3LO PULSAR UN BOT\u00d3N<br \/>\nPara espumar leche fr\u00eda, caliente o hirviendo en el recipiente de leche, basta con pulsar el bot\u00f3n de control ergon\u00f3mico una, dos o tres veces. Los pictogramas intuitivos en color confirman el modo elegido.<\/p>\n<p>DISE\u00d1O INGENIOSO<br \/>\nLa h\u00e1ptica y la est\u00e9tica de la capuchinera se inspiran en el dise\u00f1o cl\u00e1sico de JURA y garantizan un f\u00e1cil manejo y una higiene \u00f3ptima. El contenedor de leche presenta una agradable superficie de agarre suave al tacto y elegantes detalles cromados. Los materiales de f\u00e1cil cuidado, como el acero inoxidable, y las formas redondeadas hacen que la limpieza del recipiente sea especialmente sencilla.<\/p>\n<p>PEQUE\u00d1A HUELLA<br \/>\nLa sonda de alimentaci\u00f3n y los accesorios pueden guardarse c\u00f3modamente en la base. Gracias a sus dimensiones de 13 x 21 cm, el capuchinador cabe en cualquier armario de cocina.<\/p>\n<p>CARACTER\u00cdSTICAS T\u00c9CNICAS<\/p>\n<p>Longitud del cable 0,8 m<br \/>\nTensi\u00f3n 120 \u2013 240 V ~<br \/>\nFrecuencia 50 \u2013 60 Hz<br \/>\nPeso 1 kg<br \/>\nAncho 12,5 cm<br \/>\nAltura 20,9 cm<\/p>\n","protected":false},"excerpt":{"rendered":"<p>ESPUMA DE LECHE M\u00c1GICA Suave y vers\u00e1til. Con la espuma de leche fresca y cremosa que se prepara con la m\u00e1quina para hacer cappuccino de JURA, por fin es posible preparar especialidades como el flat white, la bebida del momento, incluso en versi\u00f3n fr\u00eda. El dise\u00f1o claro y minimalista, la h\u00e1ptica detallada y los materiales [&hellip;]<\/p>\n","protected":false},"featured_media":6273940,"template":"","meta":{"_acf_changed":false},"product_cat":[11983,11947],"product_tag":[],"class_list":{"0":"post-1878642","1":"product","2":"type-product","3":"status-publish","4":"has-post-thumbnail","6":"product_cat-espumadores-de-leche","7":"product_cat-pequenos-electrodomesticos","9":"first","10":"outofstock","11":"sale","12":"taxable","13":"shipping-taxable","14":"purchasable","15":"product-type-simple","swatches":"rey-swatches","show_selected":"","stretch_labels":"rey-swatches--stretch-labels"},"acf":[],"yoast_head":"<!-- This site is optimized with the Yoast SEO plugin v25.4 - https:\/\/yoast.com\/wordpress\/plugins\/seo\/ -->\n<title>JURA Cappuccinador caliente y fr\u00edo - dev6 Erresse<\/title>\n<meta name=\"description\" content=\"ESPUMA DE LECHE M\u00c1GICA Suave y vers\u00e1til. Con la espuma de leche fresca y cremosa que se prepara con la m\u00e1quina para hacer cappuccino de JURA, por fin es\" \/>\n<meta name=\"robots\" content=\"noindex, follow, max-snippet:-1, max-image-preview:large, max-video-preview:-1\" \/>\n<meta property=\"og:locale\" content=\"es_ES\" \/>\n<meta property=\"og:type\" content=\"article\" \/>\n<meta property=\"og:title\" content=\"JURA Cappuccinador caliente y fr\u00edo - dev6 Erresse\" \/>\n<meta property=\"og:description\" content=\"ESPUMA DE LECHE M\u00c1GICA Suave y vers\u00e1til. Con la espuma de leche fresca y cremosa que se prepara con la m\u00e1quina para hacer cappuccino de JURA, por fin es\" \/>\n<meta property=\"og:url\" content=\"https:\/\/dev6.erresse-shop.it\/es\/shop\/pequenos-electrodomesticos\/espumadores-de-leche\/jura-cappuccinador-caliente-y-frio\/\" \/>\n<meta property=\"og:site_name\" content=\"dev6 Erresse\" \/>\n<meta property=\"og:image\" content=\"https:\/\/interpim.erresse-shop.it\/Import\/Prodotti\/jura-cappuccinatore4.jpg\" \/><meta property=\"og:image\" content=\"https:\/\/interpim.erresse-shop.it\/Import\/Prodotti\/jura-cappuccinatore4.jpg\" \/>\n\t<meta property=\"og:image:width\" content=\"1024\" \/>\n\t<meta property=\"og:image:height\" content=\"1024\" \/>\n\t<meta property=\"og:image:type\" content=\"image\/jpeg\" \/>\n<meta name=\"twitter:card\" content=\"summary_large_image\" \/>\n<meta name=\"twitter:image\" content=\"https:\/\/interpim.erresse-shop.it\/Import\/Prodotti\/jura-cappuccinatore4.jpg\" \/>\n<script type=\"application\/ld+json\" class=\"yoast-schema-graph\">{\"@context\":\"https:\/\/schema.org\",\"@graph\":[{\"@type\":\"WebPage\",\"@id\":\"https:\/\/dev6.erresse-shop.it\/es\/shop\/pequenos-electrodomesticos\/espumadores-de-leche\/jura-cappuccinador-caliente-y-frio\/\",\"url\":\"https:\/\/dev6.erresse-shop.it\/es\/shop\/pequenos-electrodomesticos\/espumadores-de-leche\/jura-cappuccinador-caliente-y-frio\/\",\"name\":\"JURA Cappuccinador caliente y fr\u00edo - dev6 Erresse\",\"isPartOf\":{\"@id\":\"https:\/\/dev6.erresse-shop.it\/#website\"},\"primaryImageOfPage\":{\"@id\":\"https:\/\/dev6.erresse-shop.it\/es\/shop\/pequenos-electrodomesticos\/espumadores-de-leche\/jura-cappuccinador-caliente-y-frio\/#primaryimage\"},\"image\":{\"@id\":\"https:\/\/dev6.erresse-shop.it\/es\/shop\/pequenos-electrodomesticos\/espumadores-de-leche\/jura-cappuccinador-caliente-y-frio\/#primaryimage\"},\"thumbnailUrl\":\"https:\/\/i1.wp.com\/interpim.erresse-shop.it\/Import\/Prodotti\/jura-cappuccinatore4.jpg?ssl=1\",\"datePublished\":\"2026-04-04T07:08:11+00:00\",\"description\":\"ESPUMA DE LECHE M\u00c1GICA Suave y vers\u00e1til. Con la espuma de leche fresca y cremosa que se prepara con la m\u00e1quina para hacer cappuccino de JURA, por fin es\",\"breadcrumb\":{\"@id\":\"https:\/\/dev6.erresse-shop.it\/es\/shop\/pequenos-electrodomesticos\/espumadores-de-leche\/jura-cappuccinador-caliente-y-frio\/#breadcrumb\"},\"inLanguage\":\"es\",\"potentialAction\":[{\"@type\":\"ReadAction\",\"target\":[\"https:\/\/dev6.erresse-shop.it\/es\/shop\/pequenos-electrodomesticos\/espumadores-de-leche\/jura-cappuccinador-caliente-y-frio\/\"]}]},{\"@type\":\"ImageObject\",\"inLanguage\":\"es\",\"@id\":\"https:\/\/dev6.erresse-shop.it\/es\/shop\/pequenos-electrodomesticos\/espumadores-de-leche\/jura-cappuccinador-caliente-y-frio\/#primaryimage\",\"url\":\"https:\/\/i1.wp.com\/interpim.erresse-shop.it\/Import\/Prodotti\/jura-cappuccinatore4.jpg?ssl=1\",\"contentUrl\":\"https:\/\/i1.wp.com\/interpim.erresse-shop.it\/Import\/Prodotti\/jura-cappuccinatore4.jpg?ssl=1\"},{\"@type\":\"BreadcrumbList\",\"@id\":\"https:\/\/dev6.erresse-shop.it\/es\/shop\/pequenos-electrodomesticos\/espumadores-de-leche\/jura-cappuccinador-caliente-y-frio\/#breadcrumb\",\"itemListElement\":[{\"@type\":\"ListItem\",\"position\":1,\"name\":\"Home\",\"item\":\"https:\/\/dev6.erresse-shop.it\/\"},{\"@type\":\"ListItem\",\"position\":2,\"name\":\"Tienda\",\"item\":\"https:\/\/dev6.erresse-shop.it\/shop\/\"},{\"@type\":\"ListItem\",\"position\":3,\"name\":\"JURA Cappuccinador caliente y fr\u00edo\"}]},{\"@type\":\"WebSite\",\"@id\":\"https:\/\/dev6.erresse-shop.it\/#website\",\"url\":\"https:\/\/dev6.erresse-shop.it\/\",\"name\":\"Erresse Shop\",\"description\":\"\",\"publisher\":{\"@id\":\"https:\/\/dev6.erresse-shop.it\/#organization\"},\"potentialAction\":[{\"@type\":\"SearchAction\",\"target\":{\"@type\":\"EntryPoint\",\"urlTemplate\":\"https:\/\/dev6.erresse-shop.it\/?s={search_term_string}\"},\"query-input\":{\"@type\":\"PropertyValueSpecification\",\"valueRequired\":true,\"valueName\":\"search_term_string\"}}],\"inLanguage\":\"es\"},{\"@type\":\"Organization\",\"@id\":\"https:\/\/dev6.erresse-shop.it\/#organization\",\"name\":\"Erresse Shop\",\"url\":\"https:\/\/dev6.erresse-shop.it\/\",\"logo\":{\"@type\":\"ImageObject\",\"inLanguage\":\"es\",\"@id\":\"https:\/\/dev6.erresse-shop.it\/#\/schema\/logo\/image\/\",\"url\":\"https:\/\/dev6.erresse-shop.it\/wp-content\/uploads\/2025\/01\/LOGO-ERRESSE-CLASSICO.svg\",\"contentUrl\":\"https:\/\/dev6.erresse-shop.it\/wp-content\/uploads\/2025\/01\/LOGO-ERRESSE-CLASSICO.svg\",\"caption\":\"Erresse Shop\"},\"image\":{\"@id\":\"https:\/\/dev6.erresse-shop.it\/#\/schema\/logo\/image\/\"}}]}<\/script>\n<!-- \/ Yoast SEO plugin. -->","yoast_head_json":{"title":"JURA Cappuccinador caliente y fr\u00edo - dev6 Erresse","description":"ESPUMA DE LECHE M\u00c1GICA Suave y vers\u00e1til. Con la espuma de leche fresca y cremosa que se prepara con la m\u00e1quina para hacer cappuccino de JURA, por fin es","robots":{"index":"noindex","follow":"follow","max-snippet":"max-snippet:-1","max-image-preview":"max-image-preview:large","max-video-preview":"max-video-preview:-1"},"og_locale":"es_ES","og_type":"article","og_title":"JURA Cappuccinador caliente y fr\u00edo - dev6 Erresse","og_description":"ESPUMA DE LECHE M\u00c1GICA Suave y vers\u00e1til. Con la espuma de leche fresca y cremosa que se prepara con la m\u00e1quina para hacer cappuccino de JURA, por fin es","og_url":"https:\/\/dev6.erresse-shop.it\/es\/shop\/pequenos-electrodomesticos\/espumadores-de-leche\/jura-cappuccinador-caliente-y-frio\/","og_site_name":"dev6 Erresse","og_image":[{"url":"https:\/\/interpim.erresse-shop.it\/Import\/Prodotti\/jura-cappuccinatore4.jpg","type":"","width":"","height":""},{"url":"https:\/\/interpim.erresse-shop.it\/Import\/Prodotti\/jura-cappuccinatore4.jpg","width":1024,"height":1024,"type":"image\/jpeg"}],"twitter_card":"summary_large_image","twitter_image":"https:\/\/interpim.erresse-shop.it\/Import\/Prodotti\/jura-cappuccinatore4.jpg","schema":{"@context":"https:\/\/schema.org","@graph":[{"@type":"WebPage","@id":"https:\/\/dev6.erresse-shop.it\/es\/shop\/pequenos-electrodomesticos\/espumadores-de-leche\/jura-cappuccinador-caliente-y-frio\/","url":"https:\/\/dev6.erresse-shop.it\/es\/shop\/pequenos-electrodomesticos\/espumadores-de-leche\/jura-cappuccinador-caliente-y-frio\/","name":"JURA Cappuccinador caliente y fr\u00edo - dev6 Erresse","isPartOf":{"@id":"https:\/\/dev6.erresse-shop.it\/#website"},"primaryImageOfPage":{"@id":"https:\/\/dev6.erresse-shop.it\/es\/shop\/pequenos-electrodomesticos\/espumadores-de-leche\/jura-cappuccinador-caliente-y-frio\/#primaryimage"},"image":{"@id":"https:\/\/dev6.erresse-shop.it\/es\/shop\/pequenos-electrodomesticos\/espumadores-de-leche\/jura-cappuccinador-caliente-y-frio\/#primaryimage"},"thumbnailUrl":"https:\/\/i1.wp.com\/interpim.erresse-shop.it\/Import\/Prodotti\/jura-cappuccinatore4.jpg?ssl=1","datePublished":"2026-04-04T07:08:11+00:00","description":"ESPUMA DE LECHE M\u00c1GICA Suave y vers\u00e1til. Con la espuma de leche fresca y cremosa que se prepara con la m\u00e1quina para hacer cappuccino de JURA, por fin es","breadcrumb":{"@id":"https:\/\/dev6.erresse-shop.it\/es\/shop\/pequenos-electrodomesticos\/espumadores-de-leche\/jura-cappuccinador-caliente-y-frio\/#breadcrumb"},"inLanguage":"es","potentialAction":[{"@type":"ReadAction","target":["https:\/\/dev6.erresse-shop.it\/es\/shop\/pequenos-electrodomesticos\/espumadores-de-leche\/jura-cappuccinador-caliente-y-frio\/"]}]},{"@type":"ImageObject","inLanguage":"es","@id":"https:\/\/dev6.erresse-shop.it\/es\/shop\/pequenos-electrodomesticos\/espumadores-de-leche\/jura-cappuccinador-caliente-y-frio\/#primaryimage","url":"https:\/\/i1.wp.com\/interpim.erresse-shop.it\/Import\/Prodotti\/jura-cappuccinatore4.jpg?ssl=1","contentUrl":"https:\/\/i1.wp.com\/interpim.erresse-shop.it\/Import\/Prodotti\/jura-cappuccinatore4.jpg?ssl=1"},{"@type":"BreadcrumbList","@id":"https:\/\/dev6.erresse-shop.it\/es\/shop\/pequenos-electrodomesticos\/espumadores-de-leche\/jura-cappuccinador-caliente-y-frio\/#breadcrumb","itemListElement":[{"@type":"ListItem","position":1,"name":"Home","item":"https:\/\/dev6.erresse-shop.it\/"},{"@type":"ListItem","position":2,"name":"Tienda","item":"https:\/\/dev6.erresse-shop.it\/shop\/"},{"@type":"ListItem","position":3,"name":"JURA Cappuccinador caliente y fr\u00edo"}]},{"@type":"WebSite","@id":"https:\/\/dev6.erresse-shop.it\/#website","url":"https:\/\/dev6.erresse-shop.it\/","name":"Erresse Shop","description":"","publisher":{"@id":"https:\/\/dev6.erresse-shop.it\/#organization"},"potentialAction":[{"@type":"SearchAction","target":{"@type":"EntryPoint","urlTemplate":"https:\/\/dev6.erresse-shop.it\/?s={search_term_string}"},"query-input":{"@type":"PropertyValueSpecification","valueRequired":true,"valueName":"search_term_string"}}],"inLanguage":"es"},{"@type":"Organization","@id":"https:\/\/dev6.erresse-shop.it\/#organization","name":"Erresse Shop","url":"https:\/\/dev6.erresse-shop.it\/","logo":{"@type":"ImageObject","inLanguage":"es","@id":"https:\/\/dev6.erresse-shop.it\/#\/schema\/logo\/image\/","url":"https:\/\/dev6.erresse-shop.it\/wp-content\/uploads\/2025\/01\/LOGO-ERRESSE-CLASSICO.svg","contentUrl":"https:\/\/dev6.erresse-shop.it\/wp-content\/uploads\/2025\/01\/LOGO-ERRESSE-CLASSICO.svg","caption":"Erresse Shop"},"image":{"@id":"https:\/\/dev6.erresse-shop.it\/#\/schema\/logo\/image\/"}}]}},"df_price":119,"df_sale_price":119,"df_regular_price":119.9,"df_image_link":"https:\/\/i1.wp.com\/interpim.erresse-shop.it\/Import\/Prodotti\/jura-cappuccinatore4.jpg?resize=300,300&ssl=1","fifu_image_url":"https:\/\/interpim.erresse-shop.it\/Import\/Prodotti\/jura-cappuccinatore4.jpg","_links":{"self":[{"href":"https:\/\/dev6.erresse-shop.it\/es\/wp-json\/wp\/v2\/product\/1878642","targetHints":{"allow":["GET"]}}],"collection":[{"href":"https:\/\/dev6.erresse-shop.it\/es\/wp-json\/wp\/v2\/product"}],"about":[{"href":"https:\/\/dev6.erresse-shop.it\/es\/wp-json\/wp\/v2\/types\/product"}],"wp:featuredmedia":[{"embeddable":true,"href":"https:\/\/dev6.erresse-shop.it\/es\/wp-json\/wp\/v2\/media\/6273940"}],"wp:attachment":[{"href":"https:\/\/dev6.erresse-shop.it\/es\/wp-json\/wp\/v2\/media?parent=1878642"}],"wp:term":[{"taxonomy":"product_cat","embeddable":true,"href":"https:\/\/dev6.erresse-shop.it\/es\/wp-json\/wp\/v2\/product_cat?post=1878642"},{"taxonomy":"product_tag","embeddable":true,"href":"https:\/\/dev6.erresse-shop.it\/es\/wp-json\/wp\/v2\/product_tag?post=1878642"}],"curies":[{"name":"wp","href":"https:\/\/api.w.org\/{rel}","templated":true}]}}