{"id":1878636,"date":"2026-04-12T09:09:53","date_gmt":"2026-04-12T07:09:53","guid":{"rendered":"https:\/\/dev6.erresse-shop.it\/shop\/sin%20categor\u00eda\/villeroy-boch-toys-delight-la-boule\/"},"modified":"2025-09-14T08:09:44","modified_gmt":"2025-09-14T06:09:44","slug":"villeroy-boch-toys-delight-la-boule","status":"publish","type":"product","link":"https:\/\/dev6.erresse-shop.it\/es\/shop\/tabla\/platos\/villeroy-boch-toys-delight-la-boule\/","title":{"rendered":"VILLEROY &#038; BOCH Toy&#8217;s Delight La Boule"},"content":{"rendered":"<p>La magia de Toy\u2019s Delight: La colecci\u00f3n Toy\u2019s Delight da a cada momento un toque de encanto.<\/p>\n<p>Icono de dise\u00f1o en estilo navide\u00f1o<br \/>\nCon la colecci\u00f3n Toy\u2019s Delight traer\u00e1s a tu casa un ambiente navide\u00f1o nost\u00e1lgico. La vajilla y los accesorios decorativos a juego est\u00e1n adornados con bonitos motivos que evocan hermosos recuerdos de la infancia. Ideal para combinar, coleccionar y regalar. La funcionalidad y un dise\u00f1o ic\u00f3nico hacen que esta La Boule de Navidad no s\u00f3lo sea un elemento que atraiga la atenci\u00f3n en cualquier mesa, sino tambi\u00e9n un objeto de interior muy especial. La Boule se compone de dos ensaladeras, dos cuencos planos y dos platos universales, as\u00ed como de una fuente de servir. Lleva el ambiente festivo de la Navidad a la mesa.<\/p>\n<p>El conjunto se compone de:<\/p>\n<p>2x Taz\u00f3n, 620ml<br \/>\n2x Taz\u00f3n, 500ml<br \/>\n2x Plato universal, 24cm<br \/>\n1x Plato para servir, 23,9cm<\/p>\n<p>CARACTER\u00cdSTICAS<\/p>\n<p>Material: porcelana de primera calidad<br \/>\nApto para microondas: NO<br \/>\nColor: blanco colorido<\/p>\n<p>APTO PARA EL LAVAVAJILLAS S\u00cd<\/p>\n","protected":false},"excerpt":{"rendered":"<p>La magia de Toy\u2019s Delight: La colecci\u00f3n Toy\u2019s Delight da a cada momento un toque de encanto. Icono de dise\u00f1o en estilo navide\u00f1o Con la colecci\u00f3n Toy\u2019s Delight traer\u00e1s a tu casa un ambiente navide\u00f1o nost\u00e1lgico. La vajilla y los accesorios decorativos a juego est\u00e1n adornados con bonitos motivos que evocan hermosos recuerdos de la [&hellip;]<\/p>\n","protected":false},"featured_media":6357191,"template":"","meta":{"_acf_changed":false},"product_cat":[11906,11887,11671],"product_tag":[],"class_list":{"0":"post-1878636","1":"product","2":"type-product","3":"status-publish","4":"has-post-thumbnail","6":"product_cat-platos","7":"product_cat-tabla","8":"product_cat-tavola","10":"first","11":"outofstock","12":"sale","13":"taxable","14":"shipping-taxable","15":"purchasable","16":"product-type-simple","swatches":"rey-swatches","show_selected":"","stretch_labels":"rey-swatches--stretch-labels"},"acf":[],"yoast_head":"<!-- This site is optimized with the Yoast SEO plugin v25.4 - https:\/\/yoast.com\/wordpress\/plugins\/seo\/ -->\n<title>VILLEROY &#038; BOCH Toy&#8217;s Delight La Boule - dev6 Erresse<\/title>\n<meta name=\"description\" content=\"La magia de Toy\u2019s Delight: La colecci\u00f3n Toy\u2019s Delight da a cada momento un toque de encanto. Icono de dise\u00f1o en estilo navide\u00f1o Con la colecci\u00f3n Toy\u2019s\" \/>\n<meta name=\"robots\" content=\"noindex, follow, max-snippet:-1, max-image-preview:large, max-video-preview:-1\" \/>\n<meta property=\"og:locale\" content=\"es_ES\" \/>\n<meta property=\"og:type\" content=\"article\" \/>\n<meta property=\"og:title\" content=\"VILLEROY &#038; BOCH Toy&#8217;s Delight La Boule - dev6 Erresse\" \/>\n<meta property=\"og:description\" content=\"La magia de Toy\u2019s Delight: La colecci\u00f3n Toy\u2019s Delight da a cada momento un toque de encanto. Icono de dise\u00f1o en estilo navide\u00f1o Con la colecci\u00f3n Toy\u2019s\" \/>\n<meta property=\"og:url\" content=\"https:\/\/dev6.erresse-shop.it\/es\/shop\/tabla\/platos\/villeroy-boch-toys-delight-la-boule\/\" \/>\n<meta property=\"og:site_name\" content=\"dev6 Erresse\" \/>\n<meta property=\"og:image\" content=\"https:\/\/interpim.erresse-shop.it\/img-catalogo\/villeroy\/villeroy-boch-la-boule-natale.jpg\" \/><meta property=\"og:image\" content=\"https:\/\/interpim.erresse-shop.it\/img-catalogo\/villeroy\/villeroy-boch-la-boule-natale.jpg\" \/>\n\t<meta property=\"og:image:width\" content=\"1024\" \/>\n\t<meta property=\"og:image:height\" content=\"1024\" \/>\n\t<meta property=\"og:image:type\" content=\"image\/jpeg\" \/>\n<meta name=\"twitter:card\" content=\"summary_large_image\" \/>\n<meta name=\"twitter:image\" content=\"https:\/\/interpim.erresse-shop.it\/img-catalogo\/villeroy\/villeroy-boch-la-boule-natale.jpg\" \/>\n<script type=\"application\/ld+json\" class=\"yoast-schema-graph\">{\"@context\":\"https:\/\/schema.org\",\"@graph\":[{\"@type\":\"WebPage\",\"@id\":\"https:\/\/dev6.erresse-shop.it\/es\/shop\/tabla\/platos\/villeroy-boch-toys-delight-la-boule\/\",\"url\":\"https:\/\/dev6.erresse-shop.it\/es\/shop\/tabla\/platos\/villeroy-boch-toys-delight-la-boule\/\",\"name\":\"VILLEROY &#038; BOCH Toy&#8217;s Delight La Boule - dev6 Erresse\",\"isPartOf\":{\"@id\":\"https:\/\/dev6.erresse-shop.it\/#website\"},\"primaryImageOfPage\":{\"@id\":\"https:\/\/dev6.erresse-shop.it\/es\/shop\/tabla\/platos\/villeroy-boch-toys-delight-la-boule\/#primaryimage\"},\"image\":{\"@id\":\"https:\/\/dev6.erresse-shop.it\/es\/shop\/tabla\/platos\/villeroy-boch-toys-delight-la-boule\/#primaryimage\"},\"thumbnailUrl\":\"https:\/\/i1.wp.com\/interpim.erresse-shop.it\/img-catalogo\/villeroy\/villeroy-boch-la-boule-natale.jpg?ssl=1\",\"datePublished\":\"2026-04-12T07:09:53+00:00\",\"description\":\"La magia de Toy\u2019s Delight: La colecci\u00f3n Toy\u2019s Delight da a cada momento un toque de encanto. Icono de dise\u00f1o en estilo navide\u00f1o Con la colecci\u00f3n Toy\u2019s\",\"breadcrumb\":{\"@id\":\"https:\/\/dev6.erresse-shop.it\/es\/shop\/tabla\/platos\/villeroy-boch-toys-delight-la-boule\/#breadcrumb\"},\"inLanguage\":\"es\",\"potentialAction\":[{\"@type\":\"ReadAction\",\"target\":[\"https:\/\/dev6.erresse-shop.it\/es\/shop\/tabla\/platos\/villeroy-boch-toys-delight-la-boule\/\"]}]},{\"@type\":\"ImageObject\",\"inLanguage\":\"es\",\"@id\":\"https:\/\/dev6.erresse-shop.it\/es\/shop\/tabla\/platos\/villeroy-boch-toys-delight-la-boule\/#primaryimage\",\"url\":\"https:\/\/i1.wp.com\/interpim.erresse-shop.it\/img-catalogo\/villeroy\/villeroy-boch-la-boule-natale.jpg?ssl=1\",\"contentUrl\":\"https:\/\/i1.wp.com\/interpim.erresse-shop.it\/img-catalogo\/villeroy\/villeroy-boch-la-boule-natale.jpg?ssl=1\"},{\"@type\":\"BreadcrumbList\",\"@id\":\"https:\/\/dev6.erresse-shop.it\/es\/shop\/tabla\/platos\/villeroy-boch-toys-delight-la-boule\/#breadcrumb\",\"itemListElement\":[{\"@type\":\"ListItem\",\"position\":1,\"name\":\"Home\",\"item\":\"https:\/\/dev6.erresse-shop.it\/\"},{\"@type\":\"ListItem\",\"position\":2,\"name\":\"Tienda\",\"item\":\"https:\/\/dev6.erresse-shop.it\/shop\/\"},{\"@type\":\"ListItem\",\"position\":3,\"name\":\"VILLEROY &#038; BOCH Toy&#8217;s Delight La Boule\"}]},{\"@type\":\"WebSite\",\"@id\":\"https:\/\/dev6.erresse-shop.it\/#website\",\"url\":\"https:\/\/dev6.erresse-shop.it\/\",\"name\":\"Erresse Shop\",\"description\":\"\",\"publisher\":{\"@id\":\"https:\/\/dev6.erresse-shop.it\/#organization\"},\"potentialAction\":[{\"@type\":\"SearchAction\",\"target\":{\"@type\":\"EntryPoint\",\"urlTemplate\":\"https:\/\/dev6.erresse-shop.it\/?s={search_term_string}\"},\"query-input\":{\"@type\":\"PropertyValueSpecification\",\"valueRequired\":true,\"valueName\":\"search_term_string\"}}],\"inLanguage\":\"es\"},{\"@type\":\"Organization\",\"@id\":\"https:\/\/dev6.erresse-shop.it\/#organization\",\"name\":\"Erresse Shop\",\"url\":\"https:\/\/dev6.erresse-shop.it\/\",\"logo\":{\"@type\":\"ImageObject\",\"inLanguage\":\"es\",\"@id\":\"https:\/\/dev6.erresse-shop.it\/#\/schema\/logo\/image\/\",\"url\":\"https:\/\/dev6.erresse-shop.it\/wp-content\/uploads\/2025\/01\/LOGO-ERRESSE-CLASSICO.svg\",\"contentUrl\":\"https:\/\/dev6.erresse-shop.it\/wp-content\/uploads\/2025\/01\/LOGO-ERRESSE-CLASSICO.svg\",\"caption\":\"Erresse Shop\"},\"image\":{\"@id\":\"https:\/\/dev6.erresse-shop.it\/#\/schema\/logo\/image\/\"}}]}<\/script>\n<!-- \/ Yoast SEO plugin. -->","yoast_head_json":{"title":"VILLEROY &#038; BOCH Toy&#8217;s Delight La Boule - dev6 Erresse","description":"La magia de Toy\u2019s Delight: La colecci\u00f3n Toy\u2019s Delight da a cada momento un toque de encanto. Icono de dise\u00f1o en estilo navide\u00f1o Con la colecci\u00f3n Toy\u2019s","robots":{"index":"noindex","follow":"follow","max-snippet":"max-snippet:-1","max-image-preview":"max-image-preview:large","max-video-preview":"max-video-preview:-1"},"og_locale":"es_ES","og_type":"article","og_title":"VILLEROY &#038; BOCH Toy&#8217;s Delight La Boule - dev6 Erresse","og_description":"La magia de Toy\u2019s Delight: La colecci\u00f3n Toy\u2019s Delight da a cada momento un toque de encanto. Icono de dise\u00f1o en estilo navide\u00f1o Con la colecci\u00f3n Toy\u2019s","og_url":"https:\/\/dev6.erresse-shop.it\/es\/shop\/tabla\/platos\/villeroy-boch-toys-delight-la-boule\/","og_site_name":"dev6 Erresse","og_image":[{"url":"https:\/\/interpim.erresse-shop.it\/img-catalogo\/villeroy\/villeroy-boch-la-boule-natale.jpg","type":"","width":"","height":""},{"url":"https:\/\/interpim.erresse-shop.it\/img-catalogo\/villeroy\/villeroy-boch-la-boule-natale.jpg","width":1024,"height":1024,"type":"image\/jpeg"}],"twitter_card":"summary_large_image","twitter_image":"https:\/\/interpim.erresse-shop.it\/img-catalogo\/villeroy\/villeroy-boch-la-boule-natale.jpg","schema":{"@context":"https:\/\/schema.org","@graph":[{"@type":"WebPage","@id":"https:\/\/dev6.erresse-shop.it\/es\/shop\/tabla\/platos\/villeroy-boch-toys-delight-la-boule\/","url":"https:\/\/dev6.erresse-shop.it\/es\/shop\/tabla\/platos\/villeroy-boch-toys-delight-la-boule\/","name":"VILLEROY &#038; BOCH Toy&#8217;s Delight La Boule - dev6 Erresse","isPartOf":{"@id":"https:\/\/dev6.erresse-shop.it\/#website"},"primaryImageOfPage":{"@id":"https:\/\/dev6.erresse-shop.it\/es\/shop\/tabla\/platos\/villeroy-boch-toys-delight-la-boule\/#primaryimage"},"image":{"@id":"https:\/\/dev6.erresse-shop.it\/es\/shop\/tabla\/platos\/villeroy-boch-toys-delight-la-boule\/#primaryimage"},"thumbnailUrl":"https:\/\/i1.wp.com\/interpim.erresse-shop.it\/img-catalogo\/villeroy\/villeroy-boch-la-boule-natale.jpg?ssl=1","datePublished":"2026-04-12T07:09:53+00:00","description":"La magia de Toy\u2019s Delight: La colecci\u00f3n Toy\u2019s Delight da a cada momento un toque de encanto. Icono de dise\u00f1o en estilo navide\u00f1o Con la colecci\u00f3n Toy\u2019s","breadcrumb":{"@id":"https:\/\/dev6.erresse-shop.it\/es\/shop\/tabla\/platos\/villeroy-boch-toys-delight-la-boule\/#breadcrumb"},"inLanguage":"es","potentialAction":[{"@type":"ReadAction","target":["https:\/\/dev6.erresse-shop.it\/es\/shop\/tabla\/platos\/villeroy-boch-toys-delight-la-boule\/"]}]},{"@type":"ImageObject","inLanguage":"es","@id":"https:\/\/dev6.erresse-shop.it\/es\/shop\/tabla\/platos\/villeroy-boch-toys-delight-la-boule\/#primaryimage","url":"https:\/\/i1.wp.com\/interpim.erresse-shop.it\/img-catalogo\/villeroy\/villeroy-boch-la-boule-natale.jpg?ssl=1","contentUrl":"https:\/\/i1.wp.com\/interpim.erresse-shop.it\/img-catalogo\/villeroy\/villeroy-boch-la-boule-natale.jpg?ssl=1"},{"@type":"BreadcrumbList","@id":"https:\/\/dev6.erresse-shop.it\/es\/shop\/tabla\/platos\/villeroy-boch-toys-delight-la-boule\/#breadcrumb","itemListElement":[{"@type":"ListItem","position":1,"name":"Home","item":"https:\/\/dev6.erresse-shop.it\/"},{"@type":"ListItem","position":2,"name":"Tienda","item":"https:\/\/dev6.erresse-shop.it\/shop\/"},{"@type":"ListItem","position":3,"name":"VILLEROY &#038; BOCH Toy&#8217;s Delight La Boule"}]},{"@type":"WebSite","@id":"https:\/\/dev6.erresse-shop.it\/#website","url":"https:\/\/dev6.erresse-shop.it\/","name":"Erresse Shop","description":"","publisher":{"@id":"https:\/\/dev6.erresse-shop.it\/#organization"},"potentialAction":[{"@type":"SearchAction","target":{"@type":"EntryPoint","urlTemplate":"https:\/\/dev6.erresse-shop.it\/?s={search_term_string}"},"query-input":{"@type":"PropertyValueSpecification","valueRequired":true,"valueName":"search_term_string"}}],"inLanguage":"es"},{"@type":"Organization","@id":"https:\/\/dev6.erresse-shop.it\/#organization","name":"Erresse Shop","url":"https:\/\/dev6.erresse-shop.it\/","logo":{"@type":"ImageObject","inLanguage":"es","@id":"https:\/\/dev6.erresse-shop.it\/#\/schema\/logo\/image\/","url":"https:\/\/dev6.erresse-shop.it\/wp-content\/uploads\/2025\/01\/LOGO-ERRESSE-CLASSICO.svg","contentUrl":"https:\/\/dev6.erresse-shop.it\/wp-content\/uploads\/2025\/01\/LOGO-ERRESSE-CLASSICO.svg","caption":"Erresse Shop"},"image":{"@id":"https:\/\/dev6.erresse-shop.it\/#\/schema\/logo\/image\/"}}]}},"df_price":289,"df_sale_price":289,"df_regular_price":399,"df_image_link":"https:\/\/i1.wp.com\/interpim.erresse-shop.it\/img-catalogo\/villeroy\/villeroy-boch-la-boule-natale.jpg?resize=300,300&ssl=1","fifu_image_url":"https:\/\/interpim.erresse-shop.it\/img-catalogo\/villeroy\/villeroy-boch-la-boule-natale.jpg","_links":{"self":[{"href":"https:\/\/dev6.erresse-shop.it\/es\/wp-json\/wp\/v2\/product\/1878636","targetHints":{"allow":["GET"]}}],"collection":[{"href":"https:\/\/dev6.erresse-shop.it\/es\/wp-json\/wp\/v2\/product"}],"about":[{"href":"https:\/\/dev6.erresse-shop.it\/es\/wp-json\/wp\/v2\/types\/product"}],"wp:featuredmedia":[{"embeddable":true,"href":"https:\/\/dev6.erresse-shop.it\/es\/wp-json\/wp\/v2\/media\/6357191"}],"wp:attachment":[{"href":"https:\/\/dev6.erresse-shop.it\/es\/wp-json\/wp\/v2\/media?parent=1878636"}],"wp:term":[{"taxonomy":"product_cat","embeddable":true,"href":"https:\/\/dev6.erresse-shop.it\/es\/wp-json\/wp\/v2\/product_cat?post=1878636"},{"taxonomy":"product_tag","embeddable":true,"href":"https:\/\/dev6.erresse-shop.it\/es\/wp-json\/wp\/v2\/product_tag?post=1878636"}],"curies":[{"name":"wp","href":"https:\/\/api.w.org\/{rel}","templated":true}]}}