{"id":1878630,"date":"2026-04-12T09:09:53","date_gmt":"2026-04-12T07:09:53","guid":{"rendered":"https:\/\/dev6.erresse-shop.it\/shop\/sin%20categor\u00eda\/sage-the-barista-express-impress\/"},"modified":"2025-07-04T22:00:00","modified_gmt":"2025-07-04T20:00:00","slug":"sage-the-barista-express-impress","status":"publish","type":"product","link":"https:\/\/dev6.erresse-shop.it\/es\/shop\/pequenos-electrodomesticos\/maquinas-de-cafe\/automatico\/sage-the-barista-express-impress\/","title":{"rendered":"SAGE The Barista Express\u2122 Impress"},"content":{"rendered":"<p>EL SISTEMA IMPRESS\u2122 PUCK. MENOS SUCIEDAD, M\u00c1S SENCILLEZ<br \/>\nPrepare un caf\u00e9 de tercera generaci\u00f3n en la comodidad de su hogar: del grano a la taza en menos de un minuto. Lo mejor de la Barista Express con el sistema Impress\u2122 Puck. Para ayudarle a conseguir la dosis perfecta y un prensado preciso, reduciendo el caf\u00e9 molido residual en la m\u00e1quina y en la encimera de su cocina.<\/p>\n<p>DESCUBRA EL CAF\u00c9 DE TERCERA GENERACI\u00d3N EN SU CASA GRACIAS A LOS 4 ELEMENTOS CLAVE<br \/>\nNuestras m\u00e1quinas de espresso utilizan los mismos 4 elementos clave que las m\u00e1quinas profesionales. Est\u00e1n dise\u00f1adas para utilizar la cantidad justa de granos reci\u00e9n molidos, garantizar un control preciso de la temperatura y una presi\u00f3n \u00f3ptima del agua, y crear la espuma de microburbujas esencial para el arte del caf\u00e9 con leche. S\u00f3lo hay que pulsar.<\/p>\n<p>Dosificaci\u00f3n inteligente gracias al molinillo c\u00f3nico integrado con 25 ajustes de molienda: la dosis se calcula autom\u00e1ticamente en funci\u00f3n de la \u00faltima molienda, garantizando que est\u00e9 lista para el siguiente uso.<br \/>\nPrensado asistido: presi\u00f3n precisa de 10 kg con un giro final profesional de 7 grados, como el de los verdaderos baristas, lo que resulta en un disco de caf\u00e9 limpio.<br \/>\nDosificaci\u00f3n precisa que corrige autom\u00e1ticamente la siguiente dosis: si su dosis requiere un poco m\u00e1s o un poco menos de caf\u00e9, el sistema de dosificaci\u00f3n inteligente lo corrige autom\u00e1ticamente, recordando la \u00faltima dosis y el resultado del prensado y ajust\u00e1ndolo para asegurar que obtenga la dosis perfecta la pr\u00f3xima vez.<br \/>\nEl portafiltro de acero inoxidable de 54 mm con filtros de pared simple o doble permite disfrutar plenamente de los sabores: se consigue un caf\u00e9 con mucho cuerpo y un aroma rico y complejo utilizando la dosis ideal de 18 g de granos reci\u00e9n molidos dispensados desde un portafiltro de acero inoxidable de 54 mm, como el de las m\u00e1quinas profesionales.<br \/>\nPreinfusi\u00f3n a baja presi\u00f3n, seguida de una extracci\u00f3n a 9 bares: para obtener un espresso con cuerpo, cremoso y de color caramelo, comience con una preinfusi\u00f3n a baja presi\u00f3n, seguida de una extracci\u00f3n a alta presi\u00f3n (9 bares), gracias a nuestra bomba italiana de 15 bares.<br \/>\nSistema de calentamiento Thermocoil con control de temperatura PID que suministra agua a 93\u00baC: El sistema de calentamiento Thermocoil con control de temperatura PID suministra agua a 93\u00baC exactamente, para un sabor de caf\u00e9 perfectamente equilibrado.<br \/>\nPotente vapor a 130\u00baC para una r\u00e1pida y sedosa microespuma: disfruta de una sedosa y aterciopelada microespuma gracias a un potente chorro de vapor.<\/p>\n<p>No se vende fuera de Europa<\/p>\n","protected":false},"excerpt":{"rendered":"<p>EL SISTEMA IMPRESS\u2122 PUCK. MENOS SUCIEDAD, M\u00c1S SENCILLEZ Prepare un caf\u00e9 de tercera generaci\u00f3n en la comodidad de su hogar: del grano a la taza en menos de un minuto. Lo mejor de la Barista Express con el sistema Impress\u2122 Puck. Para ayudarle a conseguir la dosis perfecta y un prensado preciso, reduciendo el caf\u00e9 [&hellip;]<\/p>\n","protected":false},"featured_media":6357182,"template":"","meta":{"_acf_changed":false},"product_cat":[11968,11955,11947],"product_tag":[],"class_list":{"0":"post-1878630","1":"product","2":"type-product","3":"status-publish","4":"has-post-thumbnail","6":"product_cat-automatico","7":"product_cat-maquinas-de-cafe","8":"product_cat-pequenos-electrodomesticos","10":"first","11":"outofstock","12":"sale","13":"taxable","14":"shipping-taxable","15":"purchasable","16":"product-type-simple","swatches":"rey-swatches","show_selected":"","stretch_labels":"rey-swatches--stretch-labels"},"acf":[],"yoast_head":"<!-- This site is optimized with the Yoast SEO plugin v25.4 - https:\/\/yoast.com\/wordpress\/plugins\/seo\/ -->\n<title>SAGE The Barista Express\u2122 Impress - dev6 Erresse<\/title>\n<meta name=\"description\" content=\"EL SISTEMA IMPRESS\u2122 PUCK. MENOS SUCIEDAD, M\u00c1S SENCILLEZ Prepare un caf\u00e9 de tercera generaci\u00f3n en la comodidad de su hogar: del grano a la taza en menos de\" \/>\n<meta name=\"robots\" content=\"noindex, follow, max-snippet:-1, max-image-preview:large, max-video-preview:-1\" \/>\n<meta property=\"og:locale\" content=\"es_ES\" \/>\n<meta property=\"og:type\" content=\"article\" \/>\n<meta property=\"og:title\" content=\"SAGE The Barista Express\u2122 Impress - dev6 Erresse\" \/>\n<meta property=\"og:description\" content=\"EL SISTEMA IMPRESS\u2122 PUCK. MENOS SUCIEDAD, M\u00c1S SENCILLEZ Prepare un caf\u00e9 de tercera generaci\u00f3n en la comodidad de su hogar: del grano a la taza en menos de\" \/>\n<meta property=\"og:url\" content=\"https:\/\/dev6.erresse-shop.it\/es\/shop\/pequenos-electrodomesticos\/maquinas-de-cafe\/automatico\/sage-the-barista-express-impress\/\" \/>\n<meta property=\"og:site_name\" content=\"dev6 Erresse\" \/>\n<meta property=\"og:image\" content=\"https:\/\/interpim.erresse-shop.it\/img-catalogo\/sage\/sage-the-barista-express-impress-2.jpg\" \/><meta property=\"og:image\" content=\"https:\/\/interpim.erresse-shop.it\/img-catalogo\/sage\/sage-the-barista-express-impress-2.jpg\" \/>\n\t<meta property=\"og:image:width\" content=\"1024\" \/>\n\t<meta property=\"og:image:height\" content=\"1024\" \/>\n\t<meta property=\"og:image:type\" content=\"image\/jpeg\" \/>\n<meta name=\"twitter:card\" content=\"summary_large_image\" \/>\n<meta name=\"twitter:image\" content=\"https:\/\/interpim.erresse-shop.it\/img-catalogo\/sage\/sage-the-barista-express-impress-2.jpg\" \/>\n<script type=\"application\/ld+json\" class=\"yoast-schema-graph\">{\"@context\":\"https:\/\/schema.org\",\"@graph\":[{\"@type\":\"WebPage\",\"@id\":\"https:\/\/dev6.erresse-shop.it\/es\/shop\/pequenos-electrodomesticos\/maquinas-de-cafe\/automatico\/sage-the-barista-express-impress\/\",\"url\":\"https:\/\/dev6.erresse-shop.it\/es\/shop\/pequenos-electrodomesticos\/maquinas-de-cafe\/automatico\/sage-the-barista-express-impress\/\",\"name\":\"SAGE The Barista Express\u2122 Impress - dev6 Erresse\",\"isPartOf\":{\"@id\":\"https:\/\/dev6.erresse-shop.it\/#website\"},\"primaryImageOfPage\":{\"@id\":\"https:\/\/dev6.erresse-shop.it\/es\/shop\/pequenos-electrodomesticos\/maquinas-de-cafe\/automatico\/sage-the-barista-express-impress\/#primaryimage\"},\"image\":{\"@id\":\"https:\/\/dev6.erresse-shop.it\/es\/shop\/pequenos-electrodomesticos\/maquinas-de-cafe\/automatico\/sage-the-barista-express-impress\/#primaryimage\"},\"thumbnailUrl\":\"https:\/\/i1.wp.com\/interpim.erresse-shop.it\/img-catalogo\/sage\/sage-the-barista-express-impress-2.jpg?ssl=1\",\"datePublished\":\"2026-04-12T07:09:53+00:00\",\"description\":\"EL SISTEMA IMPRESS\u2122 PUCK. MENOS SUCIEDAD, M\u00c1S SENCILLEZ Prepare un caf\u00e9 de tercera generaci\u00f3n en la comodidad de su hogar: del grano a la taza en menos de\",\"breadcrumb\":{\"@id\":\"https:\/\/dev6.erresse-shop.it\/es\/shop\/pequenos-electrodomesticos\/maquinas-de-cafe\/automatico\/sage-the-barista-express-impress\/#breadcrumb\"},\"inLanguage\":\"es\",\"potentialAction\":[{\"@type\":\"ReadAction\",\"target\":[\"https:\/\/dev6.erresse-shop.it\/es\/shop\/pequenos-electrodomesticos\/maquinas-de-cafe\/automatico\/sage-the-barista-express-impress\/\"]}]},{\"@type\":\"ImageObject\",\"inLanguage\":\"es\",\"@id\":\"https:\/\/dev6.erresse-shop.it\/es\/shop\/pequenos-electrodomesticos\/maquinas-de-cafe\/automatico\/sage-the-barista-express-impress\/#primaryimage\",\"url\":\"https:\/\/i1.wp.com\/interpim.erresse-shop.it\/img-catalogo\/sage\/sage-the-barista-express-impress-2.jpg?ssl=1\",\"contentUrl\":\"https:\/\/i1.wp.com\/interpim.erresse-shop.it\/img-catalogo\/sage\/sage-the-barista-express-impress-2.jpg?ssl=1\"},{\"@type\":\"BreadcrumbList\",\"@id\":\"https:\/\/dev6.erresse-shop.it\/es\/shop\/pequenos-electrodomesticos\/maquinas-de-cafe\/automatico\/sage-the-barista-express-impress\/#breadcrumb\",\"itemListElement\":[{\"@type\":\"ListItem\",\"position\":1,\"name\":\"Home\",\"item\":\"https:\/\/dev6.erresse-shop.it\/\"},{\"@type\":\"ListItem\",\"position\":2,\"name\":\"Tienda\",\"item\":\"https:\/\/dev6.erresse-shop.it\/shop\/\"},{\"@type\":\"ListItem\",\"position\":3,\"name\":\"SAGE The Barista Express\u2122 Impress\"}]},{\"@type\":\"WebSite\",\"@id\":\"https:\/\/dev6.erresse-shop.it\/#website\",\"url\":\"https:\/\/dev6.erresse-shop.it\/\",\"name\":\"Erresse Shop\",\"description\":\"\",\"publisher\":{\"@id\":\"https:\/\/dev6.erresse-shop.it\/#organization\"},\"potentialAction\":[{\"@type\":\"SearchAction\",\"target\":{\"@type\":\"EntryPoint\",\"urlTemplate\":\"https:\/\/dev6.erresse-shop.it\/?s={search_term_string}\"},\"query-input\":{\"@type\":\"PropertyValueSpecification\",\"valueRequired\":true,\"valueName\":\"search_term_string\"}}],\"inLanguage\":\"es\"},{\"@type\":\"Organization\",\"@id\":\"https:\/\/dev6.erresse-shop.it\/#organization\",\"name\":\"Erresse Shop\",\"url\":\"https:\/\/dev6.erresse-shop.it\/\",\"logo\":{\"@type\":\"ImageObject\",\"inLanguage\":\"es\",\"@id\":\"https:\/\/dev6.erresse-shop.it\/#\/schema\/logo\/image\/\",\"url\":\"https:\/\/dev6.erresse-shop.it\/wp-content\/uploads\/2025\/01\/LOGO-ERRESSE-CLASSICO.svg\",\"contentUrl\":\"https:\/\/dev6.erresse-shop.it\/wp-content\/uploads\/2025\/01\/LOGO-ERRESSE-CLASSICO.svg\",\"caption\":\"Erresse Shop\"},\"image\":{\"@id\":\"https:\/\/dev6.erresse-shop.it\/#\/schema\/logo\/image\/\"}}]}<\/script>\n<!-- \/ Yoast SEO plugin. -->","yoast_head_json":{"title":"SAGE The Barista Express\u2122 Impress - dev6 Erresse","description":"EL SISTEMA IMPRESS\u2122 PUCK. MENOS SUCIEDAD, M\u00c1S SENCILLEZ Prepare un caf\u00e9 de tercera generaci\u00f3n en la comodidad de su hogar: del grano a la taza en menos de","robots":{"index":"noindex","follow":"follow","max-snippet":"max-snippet:-1","max-image-preview":"max-image-preview:large","max-video-preview":"max-video-preview:-1"},"og_locale":"es_ES","og_type":"article","og_title":"SAGE The Barista Express\u2122 Impress - dev6 Erresse","og_description":"EL SISTEMA IMPRESS\u2122 PUCK. MENOS SUCIEDAD, M\u00c1S SENCILLEZ Prepare un caf\u00e9 de tercera generaci\u00f3n en la comodidad de su hogar: del grano a la taza en menos de","og_url":"https:\/\/dev6.erresse-shop.it\/es\/shop\/pequenos-electrodomesticos\/maquinas-de-cafe\/automatico\/sage-the-barista-express-impress\/","og_site_name":"dev6 Erresse","og_image":[{"url":"https:\/\/interpim.erresse-shop.it\/img-catalogo\/sage\/sage-the-barista-express-impress-2.jpg","type":"","width":"","height":""},{"url":"https:\/\/interpim.erresse-shop.it\/img-catalogo\/sage\/sage-the-barista-express-impress-2.jpg","width":1024,"height":1024,"type":"image\/jpeg"}],"twitter_card":"summary_large_image","twitter_image":"https:\/\/interpim.erresse-shop.it\/img-catalogo\/sage\/sage-the-barista-express-impress-2.jpg","schema":{"@context":"https:\/\/schema.org","@graph":[{"@type":"WebPage","@id":"https:\/\/dev6.erresse-shop.it\/es\/shop\/pequenos-electrodomesticos\/maquinas-de-cafe\/automatico\/sage-the-barista-express-impress\/","url":"https:\/\/dev6.erresse-shop.it\/es\/shop\/pequenos-electrodomesticos\/maquinas-de-cafe\/automatico\/sage-the-barista-express-impress\/","name":"SAGE The Barista Express\u2122 Impress - dev6 Erresse","isPartOf":{"@id":"https:\/\/dev6.erresse-shop.it\/#website"},"primaryImageOfPage":{"@id":"https:\/\/dev6.erresse-shop.it\/es\/shop\/pequenos-electrodomesticos\/maquinas-de-cafe\/automatico\/sage-the-barista-express-impress\/#primaryimage"},"image":{"@id":"https:\/\/dev6.erresse-shop.it\/es\/shop\/pequenos-electrodomesticos\/maquinas-de-cafe\/automatico\/sage-the-barista-express-impress\/#primaryimage"},"thumbnailUrl":"https:\/\/i1.wp.com\/interpim.erresse-shop.it\/img-catalogo\/sage\/sage-the-barista-express-impress-2.jpg?ssl=1","datePublished":"2026-04-12T07:09:53+00:00","description":"EL SISTEMA IMPRESS\u2122 PUCK. MENOS SUCIEDAD, M\u00c1S SENCILLEZ Prepare un caf\u00e9 de tercera generaci\u00f3n en la comodidad de su hogar: del grano a la taza en menos de","breadcrumb":{"@id":"https:\/\/dev6.erresse-shop.it\/es\/shop\/pequenos-electrodomesticos\/maquinas-de-cafe\/automatico\/sage-the-barista-express-impress\/#breadcrumb"},"inLanguage":"es","potentialAction":[{"@type":"ReadAction","target":["https:\/\/dev6.erresse-shop.it\/es\/shop\/pequenos-electrodomesticos\/maquinas-de-cafe\/automatico\/sage-the-barista-express-impress\/"]}]},{"@type":"ImageObject","inLanguage":"es","@id":"https:\/\/dev6.erresse-shop.it\/es\/shop\/pequenos-electrodomesticos\/maquinas-de-cafe\/automatico\/sage-the-barista-express-impress\/#primaryimage","url":"https:\/\/i1.wp.com\/interpim.erresse-shop.it\/img-catalogo\/sage\/sage-the-barista-express-impress-2.jpg?ssl=1","contentUrl":"https:\/\/i1.wp.com\/interpim.erresse-shop.it\/img-catalogo\/sage\/sage-the-barista-express-impress-2.jpg?ssl=1"},{"@type":"BreadcrumbList","@id":"https:\/\/dev6.erresse-shop.it\/es\/shop\/pequenos-electrodomesticos\/maquinas-de-cafe\/automatico\/sage-the-barista-express-impress\/#breadcrumb","itemListElement":[{"@type":"ListItem","position":1,"name":"Home","item":"https:\/\/dev6.erresse-shop.it\/"},{"@type":"ListItem","position":2,"name":"Tienda","item":"https:\/\/dev6.erresse-shop.it\/shop\/"},{"@type":"ListItem","position":3,"name":"SAGE The Barista Express\u2122 Impress"}]},{"@type":"WebSite","@id":"https:\/\/dev6.erresse-shop.it\/#website","url":"https:\/\/dev6.erresse-shop.it\/","name":"Erresse Shop","description":"","publisher":{"@id":"https:\/\/dev6.erresse-shop.it\/#organization"},"potentialAction":[{"@type":"SearchAction","target":{"@type":"EntryPoint","urlTemplate":"https:\/\/dev6.erresse-shop.it\/?s={search_term_string}"},"query-input":{"@type":"PropertyValueSpecification","valueRequired":true,"valueName":"search_term_string"}}],"inLanguage":"es"},{"@type":"Organization","@id":"https:\/\/dev6.erresse-shop.it\/#organization","name":"Erresse Shop","url":"https:\/\/dev6.erresse-shop.it\/","logo":{"@type":"ImageObject","inLanguage":"es","@id":"https:\/\/dev6.erresse-shop.it\/#\/schema\/logo\/image\/","url":"https:\/\/dev6.erresse-shop.it\/wp-content\/uploads\/2025\/01\/LOGO-ERRESSE-CLASSICO.svg","contentUrl":"https:\/\/dev6.erresse-shop.it\/wp-content\/uploads\/2025\/01\/LOGO-ERRESSE-CLASSICO.svg","caption":"Erresse Shop"},"image":{"@id":"https:\/\/dev6.erresse-shop.it\/#\/schema\/logo\/image\/"}}]}},"df_price":779.95,"df_sale_price":779.95,"df_regular_price":829.29,"df_image_link":"https:\/\/i1.wp.com\/interpim.erresse-shop.it\/img-catalogo\/sage\/sage-the-barista-express-impress-2.jpg?resize=300,300&ssl=1","fifu_image_url":"https:\/\/interpim.erresse-shop.it\/img-catalogo\/sage\/sage-the-barista-express-impress-2.jpg","_links":{"self":[{"href":"https:\/\/dev6.erresse-shop.it\/es\/wp-json\/wp\/v2\/product\/1878630","targetHints":{"allow":["GET"]}}],"collection":[{"href":"https:\/\/dev6.erresse-shop.it\/es\/wp-json\/wp\/v2\/product"}],"about":[{"href":"https:\/\/dev6.erresse-shop.it\/es\/wp-json\/wp\/v2\/types\/product"}],"wp:featuredmedia":[{"embeddable":true,"href":"https:\/\/dev6.erresse-shop.it\/es\/wp-json\/wp\/v2\/media\/6357182"}],"wp:attachment":[{"href":"https:\/\/dev6.erresse-shop.it\/es\/wp-json\/wp\/v2\/media?parent=1878630"}],"wp:term":[{"taxonomy":"product_cat","embeddable":true,"href":"https:\/\/dev6.erresse-shop.it\/es\/wp-json\/wp\/v2\/product_cat?post=1878630"},{"taxonomy":"product_tag","embeddable":true,"href":"https:\/\/dev6.erresse-shop.it\/es\/wp-json\/wp\/v2\/product_tag?post=1878630"}],"curies":[{"name":"wp","href":"https:\/\/api.w.org\/{rel}","templated":true}]}}