{"id":1878526,"date":"2026-04-04T09:04:38","date_gmt":"2026-04-04T07:04:38","guid":{"rendered":"https:\/\/dev6.erresse-shop.it\/shop\/sin%20categor\u00eda\/villeroy-boch-ensaladera-mediana-toys-delight-32-cm\/"},"modified":"2025-07-04T21:57:35","modified_gmt":"2025-07-04T19:57:35","slug":"villeroy-boch-ensaladera-mediana-toys-delight-32-cm","status":"publish","type":"product","link":"https:\/\/dev6.erresse-shop.it\/es\/shop\/tabla\/ensaladeras-y-soperas\/villeroy-boch-ensaladera-mediana-toys-delight-32-cm\/","title":{"rendered":"VILLEROY &#038; BOCH Ensaladera Mediana Toy&#8217;s Delight 32 cm"},"content":{"rendered":"<p>NO ES APTO PARA EL LAVAVAJILLAS<br \/>\nMaterial: porcelana<br \/>\nApto para microondas: S\u00ed<\/p>\n<p>SERVIR LAS PATATAS, EL ARROZ Y LAS VERDURAS DE FORMA APETITOSA<br \/>\nCon la colecci\u00f3n Toy\u2019s Delight traer\u00e1s a tu casa un ambiente navide\u00f1o nost\u00e1lgico. La porcelana est\u00e1 decorada con bonitos motivos rojos, verdes y blancos y evoca recuerdos de la infancia. Para emparejar, coleccionar y regalar. Esta bonita ensaladera es perfecta para servir verduras, arroz, patatas o ensalada en su banquete navide\u00f1o. Haga brillar la mesa festiva.<\/p>\n","protected":false},"excerpt":{"rendered":"<p>NO ES APTO PARA EL LAVAVAJILLAS Material: porcelana Apto para microondas: S\u00ed SERVIR LAS PATATAS, EL ARROZ Y LAS VERDURAS DE FORMA APETITOSA Con la colecci\u00f3n Toy\u2019s Delight traer\u00e1s a tu casa un ambiente navide\u00f1o nost\u00e1lgico. La porcelana est\u00e1 decorada con bonitos motivos rojos, verdes y blancos y evoca recuerdos de la infancia. Para emparejar, [&hellip;]<\/p>\n","protected":false},"featured_media":6273544,"template":"","meta":{"_acf_changed":false},"product_cat":[11908,11887,11671],"product_tag":[],"class_list":{"0":"post-1878526","1":"product","2":"type-product","3":"status-publish","4":"has-post-thumbnail","6":"product_cat-ensaladeras-y-soperas","7":"product_cat-tabla","8":"product_cat-tavola","10":"first","11":"outofstock","12":"sale","13":"taxable","14":"shipping-taxable","15":"purchasable","16":"product-type-simple","swatches":"rey-swatches","show_selected":"","stretch_labels":"rey-swatches--stretch-labels"},"acf":[],"yoast_head":"<!-- This site is optimized with the Yoast SEO plugin v25.4 - https:\/\/yoast.com\/wordpress\/plugins\/seo\/ -->\n<title>VILLEROY &#038; BOCH Ensaladera Mediana Toy&#8217;s Delight 32 cm - dev6 Erresse<\/title>\n<meta name=\"description\" content=\"NO ES APTO PARA EL LAVAVAJILLAS Material: porcelana Apto para microondas: S\u00ed SERVIR LAS PATATAS, EL ARROZ Y LAS VERDURAS DE FORMA APETITOSA Con la\" \/>\n<meta name=\"robots\" content=\"noindex, follow, max-snippet:-1, max-image-preview:large, max-video-preview:-1\" \/>\n<meta property=\"og:locale\" content=\"es_ES\" \/>\n<meta property=\"og:type\" content=\"article\" \/>\n<meta property=\"og:title\" content=\"VILLEROY &#038; BOCH Ensaladera Mediana Toy&#8217;s Delight 32 cm - dev6 Erresse\" \/>\n<meta property=\"og:description\" content=\"NO ES APTO PARA EL LAVAVAJILLAS Material: porcelana Apto para microondas: S\u00ed SERVIR LAS PATATAS, EL ARROZ Y LAS VERDURAS DE FORMA APETITOSA Con la\" \/>\n<meta property=\"og:url\" content=\"https:\/\/dev6.erresse-shop.it\/es\/shop\/tabla\/ensaladeras-y-soperas\/villeroy-boch-ensaladera-mediana-toys-delight-32-cm\/\" \/>\n<meta property=\"og:site_name\" content=\"dev6 Erresse\" \/>\n<meta property=\"og:image\" content=\"https:\/\/interpim.erresse-shop.it\/img-catalogo\/villeroy\/villeroy-boch-insalatiera-32-2.jpg\" \/><meta property=\"og:image\" content=\"https:\/\/interpim.erresse-shop.it\/img-catalogo\/villeroy\/villeroy-boch-insalatiera-32-2.jpg\" \/>\n\t<meta property=\"og:image:width\" content=\"1024\" \/>\n\t<meta property=\"og:image:height\" content=\"1024\" \/>\n\t<meta property=\"og:image:type\" content=\"image\/jpeg\" \/>\n<meta name=\"twitter:card\" content=\"summary_large_image\" \/>\n<meta name=\"twitter:image\" content=\"https:\/\/interpim.erresse-shop.it\/img-catalogo\/villeroy\/villeroy-boch-insalatiera-32-2.jpg\" \/>\n<script type=\"application\/ld+json\" class=\"yoast-schema-graph\">{\"@context\":\"https:\/\/schema.org\",\"@graph\":[{\"@type\":\"WebPage\",\"@id\":\"https:\/\/dev6.erresse-shop.it\/es\/shop\/tabla\/ensaladeras-y-soperas\/villeroy-boch-ensaladera-mediana-toys-delight-32-cm\/\",\"url\":\"https:\/\/dev6.erresse-shop.it\/es\/shop\/tabla\/ensaladeras-y-soperas\/villeroy-boch-ensaladera-mediana-toys-delight-32-cm\/\",\"name\":\"VILLEROY &#038; BOCH Ensaladera Mediana Toy&#8217;s Delight 32 cm - dev6 Erresse\",\"isPartOf\":{\"@id\":\"https:\/\/dev6.erresse-shop.it\/#website\"},\"primaryImageOfPage\":{\"@id\":\"https:\/\/dev6.erresse-shop.it\/es\/shop\/tabla\/ensaladeras-y-soperas\/villeroy-boch-ensaladera-mediana-toys-delight-32-cm\/#primaryimage\"},\"image\":{\"@id\":\"https:\/\/dev6.erresse-shop.it\/es\/shop\/tabla\/ensaladeras-y-soperas\/villeroy-boch-ensaladera-mediana-toys-delight-32-cm\/#primaryimage\"},\"thumbnailUrl\":\"https:\/\/i3.wp.com\/interpim.erresse-shop.it\/img-catalogo\/villeroy\/villeroy-boch-insalatiera-32-2.jpg?ssl=1\",\"datePublished\":\"2026-04-04T07:04:38+00:00\",\"description\":\"NO ES APTO PARA EL LAVAVAJILLAS Material: porcelana Apto para microondas: S\u00ed SERVIR LAS PATATAS, EL ARROZ Y LAS VERDURAS DE FORMA APETITOSA Con la\",\"breadcrumb\":{\"@id\":\"https:\/\/dev6.erresse-shop.it\/es\/shop\/tabla\/ensaladeras-y-soperas\/villeroy-boch-ensaladera-mediana-toys-delight-32-cm\/#breadcrumb\"},\"inLanguage\":\"es\",\"potentialAction\":[{\"@type\":\"ReadAction\",\"target\":[\"https:\/\/dev6.erresse-shop.it\/es\/shop\/tabla\/ensaladeras-y-soperas\/villeroy-boch-ensaladera-mediana-toys-delight-32-cm\/\"]}]},{\"@type\":\"ImageObject\",\"inLanguage\":\"es\",\"@id\":\"https:\/\/dev6.erresse-shop.it\/es\/shop\/tabla\/ensaladeras-y-soperas\/villeroy-boch-ensaladera-mediana-toys-delight-32-cm\/#primaryimage\",\"url\":\"https:\/\/i3.wp.com\/interpim.erresse-shop.it\/img-catalogo\/villeroy\/villeroy-boch-insalatiera-32-2.jpg?ssl=1\",\"contentUrl\":\"https:\/\/i3.wp.com\/interpim.erresse-shop.it\/img-catalogo\/villeroy\/villeroy-boch-insalatiera-32-2.jpg?ssl=1\"},{\"@type\":\"BreadcrumbList\",\"@id\":\"https:\/\/dev6.erresse-shop.it\/es\/shop\/tabla\/ensaladeras-y-soperas\/villeroy-boch-ensaladera-mediana-toys-delight-32-cm\/#breadcrumb\",\"itemListElement\":[{\"@type\":\"ListItem\",\"position\":1,\"name\":\"Home\",\"item\":\"https:\/\/dev6.erresse-shop.it\/\"},{\"@type\":\"ListItem\",\"position\":2,\"name\":\"Tienda\",\"item\":\"https:\/\/dev6.erresse-shop.it\/shop\/\"},{\"@type\":\"ListItem\",\"position\":3,\"name\":\"VILLEROY &#038; BOCH Ensaladera Mediana Toy&#8217;s Delight 32 cm\"}]},{\"@type\":\"WebSite\",\"@id\":\"https:\/\/dev6.erresse-shop.it\/#website\",\"url\":\"https:\/\/dev6.erresse-shop.it\/\",\"name\":\"Erresse Shop\",\"description\":\"\",\"publisher\":{\"@id\":\"https:\/\/dev6.erresse-shop.it\/#organization\"},\"potentialAction\":[{\"@type\":\"SearchAction\",\"target\":{\"@type\":\"EntryPoint\",\"urlTemplate\":\"https:\/\/dev6.erresse-shop.it\/?s={search_term_string}\"},\"query-input\":{\"@type\":\"PropertyValueSpecification\",\"valueRequired\":true,\"valueName\":\"search_term_string\"}}],\"inLanguage\":\"es\"},{\"@type\":\"Organization\",\"@id\":\"https:\/\/dev6.erresse-shop.it\/#organization\",\"name\":\"Erresse Shop\",\"url\":\"https:\/\/dev6.erresse-shop.it\/\",\"logo\":{\"@type\":\"ImageObject\",\"inLanguage\":\"es\",\"@id\":\"https:\/\/dev6.erresse-shop.it\/#\/schema\/logo\/image\/\",\"url\":\"https:\/\/dev6.erresse-shop.it\/wp-content\/uploads\/2025\/01\/LOGO-ERRESSE-CLASSICO.svg\",\"contentUrl\":\"https:\/\/dev6.erresse-shop.it\/wp-content\/uploads\/2025\/01\/LOGO-ERRESSE-CLASSICO.svg\",\"caption\":\"Erresse Shop\"},\"image\":{\"@id\":\"https:\/\/dev6.erresse-shop.it\/#\/schema\/logo\/image\/\"}}]}<\/script>\n<!-- \/ Yoast SEO plugin. -->","yoast_head_json":{"title":"VILLEROY &#038; BOCH Ensaladera Mediana Toy&#8217;s Delight 32 cm - dev6 Erresse","description":"NO ES APTO PARA EL LAVAVAJILLAS Material: porcelana Apto para microondas: S\u00ed SERVIR LAS PATATAS, EL ARROZ Y LAS VERDURAS DE FORMA APETITOSA Con la","robots":{"index":"noindex","follow":"follow","max-snippet":"max-snippet:-1","max-image-preview":"max-image-preview:large","max-video-preview":"max-video-preview:-1"},"og_locale":"es_ES","og_type":"article","og_title":"VILLEROY &#038; BOCH Ensaladera Mediana Toy&#8217;s Delight 32 cm - dev6 Erresse","og_description":"NO ES APTO PARA EL LAVAVAJILLAS Material: porcelana Apto para microondas: S\u00ed SERVIR LAS PATATAS, EL ARROZ Y LAS VERDURAS DE FORMA APETITOSA Con la","og_url":"https:\/\/dev6.erresse-shop.it\/es\/shop\/tabla\/ensaladeras-y-soperas\/villeroy-boch-ensaladera-mediana-toys-delight-32-cm\/","og_site_name":"dev6 Erresse","og_image":[{"url":"https:\/\/interpim.erresse-shop.it\/img-catalogo\/villeroy\/villeroy-boch-insalatiera-32-2.jpg","type":"","width":"","height":""},{"url":"https:\/\/interpim.erresse-shop.it\/img-catalogo\/villeroy\/villeroy-boch-insalatiera-32-2.jpg","width":1024,"height":1024,"type":"image\/jpeg"}],"twitter_card":"summary_large_image","twitter_image":"https:\/\/interpim.erresse-shop.it\/img-catalogo\/villeroy\/villeroy-boch-insalatiera-32-2.jpg","schema":{"@context":"https:\/\/schema.org","@graph":[{"@type":"WebPage","@id":"https:\/\/dev6.erresse-shop.it\/es\/shop\/tabla\/ensaladeras-y-soperas\/villeroy-boch-ensaladera-mediana-toys-delight-32-cm\/","url":"https:\/\/dev6.erresse-shop.it\/es\/shop\/tabla\/ensaladeras-y-soperas\/villeroy-boch-ensaladera-mediana-toys-delight-32-cm\/","name":"VILLEROY &#038; BOCH Ensaladera Mediana Toy&#8217;s Delight 32 cm - dev6 Erresse","isPartOf":{"@id":"https:\/\/dev6.erresse-shop.it\/#website"},"primaryImageOfPage":{"@id":"https:\/\/dev6.erresse-shop.it\/es\/shop\/tabla\/ensaladeras-y-soperas\/villeroy-boch-ensaladera-mediana-toys-delight-32-cm\/#primaryimage"},"image":{"@id":"https:\/\/dev6.erresse-shop.it\/es\/shop\/tabla\/ensaladeras-y-soperas\/villeroy-boch-ensaladera-mediana-toys-delight-32-cm\/#primaryimage"},"thumbnailUrl":"https:\/\/i3.wp.com\/interpim.erresse-shop.it\/img-catalogo\/villeroy\/villeroy-boch-insalatiera-32-2.jpg?ssl=1","datePublished":"2026-04-04T07:04:38+00:00","description":"NO ES APTO PARA EL LAVAVAJILLAS Material: porcelana Apto para microondas: S\u00ed SERVIR LAS PATATAS, EL ARROZ Y LAS VERDURAS DE FORMA APETITOSA Con la","breadcrumb":{"@id":"https:\/\/dev6.erresse-shop.it\/es\/shop\/tabla\/ensaladeras-y-soperas\/villeroy-boch-ensaladera-mediana-toys-delight-32-cm\/#breadcrumb"},"inLanguage":"es","potentialAction":[{"@type":"ReadAction","target":["https:\/\/dev6.erresse-shop.it\/es\/shop\/tabla\/ensaladeras-y-soperas\/villeroy-boch-ensaladera-mediana-toys-delight-32-cm\/"]}]},{"@type":"ImageObject","inLanguage":"es","@id":"https:\/\/dev6.erresse-shop.it\/es\/shop\/tabla\/ensaladeras-y-soperas\/villeroy-boch-ensaladera-mediana-toys-delight-32-cm\/#primaryimage","url":"https:\/\/i3.wp.com\/interpim.erresse-shop.it\/img-catalogo\/villeroy\/villeroy-boch-insalatiera-32-2.jpg?ssl=1","contentUrl":"https:\/\/i3.wp.com\/interpim.erresse-shop.it\/img-catalogo\/villeroy\/villeroy-boch-insalatiera-32-2.jpg?ssl=1"},{"@type":"BreadcrumbList","@id":"https:\/\/dev6.erresse-shop.it\/es\/shop\/tabla\/ensaladeras-y-soperas\/villeroy-boch-ensaladera-mediana-toys-delight-32-cm\/#breadcrumb","itemListElement":[{"@type":"ListItem","position":1,"name":"Home","item":"https:\/\/dev6.erresse-shop.it\/"},{"@type":"ListItem","position":2,"name":"Tienda","item":"https:\/\/dev6.erresse-shop.it\/shop\/"},{"@type":"ListItem","position":3,"name":"VILLEROY &#038; BOCH Ensaladera Mediana Toy&#8217;s Delight 32 cm"}]},{"@type":"WebSite","@id":"https:\/\/dev6.erresse-shop.it\/#website","url":"https:\/\/dev6.erresse-shop.it\/","name":"Erresse Shop","description":"","publisher":{"@id":"https:\/\/dev6.erresse-shop.it\/#organization"},"potentialAction":[{"@type":"SearchAction","target":{"@type":"EntryPoint","urlTemplate":"https:\/\/dev6.erresse-shop.it\/?s={search_term_string}"},"query-input":{"@type":"PropertyValueSpecification","valueRequired":true,"valueName":"search_term_string"}}],"inLanguage":"es"},{"@type":"Organization","@id":"https:\/\/dev6.erresse-shop.it\/#organization","name":"Erresse Shop","url":"https:\/\/dev6.erresse-shop.it\/","logo":{"@type":"ImageObject","inLanguage":"es","@id":"https:\/\/dev6.erresse-shop.it\/#\/schema\/logo\/image\/","url":"https:\/\/dev6.erresse-shop.it\/wp-content\/uploads\/2025\/01\/LOGO-ERRESSE-CLASSICO.svg","contentUrl":"https:\/\/dev6.erresse-shop.it\/wp-content\/uploads\/2025\/01\/LOGO-ERRESSE-CLASSICO.svg","caption":"Erresse Shop"},"image":{"@id":"https:\/\/dev6.erresse-shop.it\/#\/schema\/logo\/image\/"}}]}},"df_price":79.9,"df_sale_price":79.9,"df_regular_price":89.9,"df_image_link":"https:\/\/i3.wp.com\/interpim.erresse-shop.it\/img-catalogo\/villeroy\/villeroy-boch-insalatiera-32-2.jpg?resize=300,300&ssl=1","fifu_image_url":"https:\/\/interpim.erresse-shop.it\/img-catalogo\/villeroy\/villeroy-boch-insalatiera-32-2.jpg","_links":{"self":[{"href":"https:\/\/dev6.erresse-shop.it\/es\/wp-json\/wp\/v2\/product\/1878526","targetHints":{"allow":["GET"]}}],"collection":[{"href":"https:\/\/dev6.erresse-shop.it\/es\/wp-json\/wp\/v2\/product"}],"about":[{"href":"https:\/\/dev6.erresse-shop.it\/es\/wp-json\/wp\/v2\/types\/product"}],"wp:featuredmedia":[{"embeddable":true,"href":"https:\/\/dev6.erresse-shop.it\/es\/wp-json\/wp\/v2\/media\/6273544"}],"wp:attachment":[{"href":"https:\/\/dev6.erresse-shop.it\/es\/wp-json\/wp\/v2\/media?parent=1878526"}],"wp:term":[{"taxonomy":"product_cat","embeddable":true,"href":"https:\/\/dev6.erresse-shop.it\/es\/wp-json\/wp\/v2\/product_cat?post=1878526"},{"taxonomy":"product_tag","embeddable":true,"href":"https:\/\/dev6.erresse-shop.it\/es\/wp-json\/wp\/v2\/product_tag?post=1878526"}],"curies":[{"name":"wp","href":"https:\/\/api.w.org\/{rel}","templated":true}]}}