{"id":1878466,"date":"2026-04-04T09:03:20","date_gmt":"2026-04-04T07:03:20","guid":{"rendered":"https:\/\/dev6.erresse-shop.it\/shop\/sin%20categor\u00eda\/berkel-bloque-de-cuchillo-bag-rojo\/"},"modified":"2025-09-14T08:06:20","modified_gmt":"2025-09-14T06:06:20","slug":"berkel-bloque-de-cuchillo-bag-rojo","status":"publish","type":"product","link":"https:\/\/dev6.erresse-shop.it\/es\/shop\/cocina\/cuchillos\/bloques-de-cuchillos\/berkel-bloque-de-cuchillo-bag-rojo\/","title":{"rendered":"BERKEL Bloque de Cuchillo Bag Rojo"},"content":{"rendered":"<p>BLOQUE DE CUCHILLOS DE DISE\u00d1O<br \/>\nUn dise\u00f1o esencial para un bloque de cuchillos que amuebla la cocina con un toque moderno. Bloque de cuchillos de madera multicapa barnizada. Puede contener hasta seis cuchillos, incluso los de gran tama\u00f1o. M\u00e1xima higiene, el material interior es extra\u00edble y se puede lavar en el lavavajillas a 65 \u00b0C.<\/p>\n<p>LOS CUCHILLOS NO EST\u00c1N INCLUIDOS<\/p>\n","protected":false},"excerpt":{"rendered":"<p>BLOQUE DE CUCHILLOS DE DISE\u00d1O Un dise\u00f1o esencial para un bloque de cuchillos que amuebla la cocina con un toque moderno. Bloque de cuchillos de madera multicapa barnizada. Puede contener hasta seis cuchillos, incluso los de gran tama\u00f1o. M\u00e1xima higiene, el material interior es extra\u00edble y se puede lavar en el lavavajillas a 65 \u00b0C. [&hellip;]<\/p>\n","protected":false},"featured_media":6273291,"template":"","meta":{"_acf_changed":false},"product_cat":[11951,11884,11669,11885],"product_tag":[],"class_list":{"0":"post-1878466","1":"product","2":"type-product","3":"status-publish","4":"has-post-thumbnail","6":"product_cat-bloques-de-cuchillos","7":"product_cat-cocina","8":"product_cat-coltelli","9":"product_cat-cuchillos","11":"first","12":"instock","13":"sale","14":"taxable","15":"shipping-taxable","16":"purchasable","17":"product-type-simple","swatches":"rey-swatches","show_selected":"","stretch_labels":"rey-swatches--stretch-labels"},"acf":[],"yoast_head":"<!-- This site is optimized with the Yoast SEO plugin v25.4 - https:\/\/yoast.com\/wordpress\/plugins\/seo\/ -->\n<title>BERKEL Bloque de Cuchillo Bag Rojo - dev6 Erresse<\/title>\n<meta name=\"description\" content=\"BLOQUE DE CUCHILLOS DE DISE\u00d1O Un dise\u00f1o esencial para un bloque de cuchillos que amuebla la cocina con un toque moderno. Bloque de cuchillos de madera\" \/>\n<meta name=\"robots\" content=\"noindex, follow, max-snippet:-1, max-image-preview:large, max-video-preview:-1\" \/>\n<meta property=\"og:locale\" content=\"es_ES\" \/>\n<meta property=\"og:type\" content=\"article\" \/>\n<meta property=\"og:title\" content=\"BERKEL Bloque de Cuchillo Bag Rojo - dev6 Erresse\" \/>\n<meta property=\"og:description\" content=\"BLOQUE DE CUCHILLOS DE DISE\u00d1O Un dise\u00f1o esencial para un bloque de cuchillos que amuebla la cocina con un toque moderno. Bloque de cuchillos de madera\" \/>\n<meta property=\"og:url\" content=\"https:\/\/dev6.erresse-shop.it\/es\/shop\/cocina\/cuchillos\/bloques-de-cuchillos\/berkel-bloque-de-cuchillo-bag-rojo\/\" \/>\n<meta property=\"og:site_name\" content=\"dev6 Erresse\" \/>\n<meta property=\"og:image\" content=\"https:\/\/interpim.erresse-shop.it\/Import\/Prodotti\/berkel-bag-rosso-ceppo.jpg\" \/><meta property=\"og:image\" content=\"https:\/\/interpim.erresse-shop.it\/Import\/Prodotti\/berkel-bag-rosso-ceppo.jpg\" \/>\n\t<meta property=\"og:image:width\" content=\"1024\" \/>\n\t<meta property=\"og:image:height\" content=\"1024\" \/>\n\t<meta property=\"og:image:type\" content=\"image\/jpeg\" \/>\n<meta name=\"twitter:card\" content=\"summary_large_image\" \/>\n<meta name=\"twitter:image\" content=\"https:\/\/interpim.erresse-shop.it\/Import\/Prodotti\/berkel-bag-rosso-ceppo.jpg\" \/>\n<script type=\"application\/ld+json\" class=\"yoast-schema-graph\">{\"@context\":\"https:\/\/schema.org\",\"@graph\":[{\"@type\":\"WebPage\",\"@id\":\"https:\/\/dev6.erresse-shop.it\/es\/shop\/cocina\/cuchillos\/bloques-de-cuchillos\/berkel-bloque-de-cuchillo-bag-rojo\/\",\"url\":\"https:\/\/dev6.erresse-shop.it\/es\/shop\/cocina\/cuchillos\/bloques-de-cuchillos\/berkel-bloque-de-cuchillo-bag-rojo\/\",\"name\":\"BERKEL Bloque de Cuchillo Bag Rojo - dev6 Erresse\",\"isPartOf\":{\"@id\":\"https:\/\/dev6.erresse-shop.it\/#website\"},\"primaryImageOfPage\":{\"@id\":\"https:\/\/dev6.erresse-shop.it\/es\/shop\/cocina\/cuchillos\/bloques-de-cuchillos\/berkel-bloque-de-cuchillo-bag-rojo\/#primaryimage\"},\"image\":{\"@id\":\"https:\/\/dev6.erresse-shop.it\/es\/shop\/cocina\/cuchillos\/bloques-de-cuchillos\/berkel-bloque-de-cuchillo-bag-rojo\/#primaryimage\"},\"thumbnailUrl\":\"https:\/\/i2.wp.com\/interpim.erresse-shop.it\/Import\/Prodotti\/berkel-bag-rosso-ceppo.jpg?ssl=1\",\"datePublished\":\"2026-04-04T07:03:20+00:00\",\"description\":\"BLOQUE DE CUCHILLOS DE DISE\u00d1O Un dise\u00f1o esencial para un bloque de cuchillos que amuebla la cocina con un toque moderno. Bloque de cuchillos de madera\",\"breadcrumb\":{\"@id\":\"https:\/\/dev6.erresse-shop.it\/es\/shop\/cocina\/cuchillos\/bloques-de-cuchillos\/berkel-bloque-de-cuchillo-bag-rojo\/#breadcrumb\"},\"inLanguage\":\"es\",\"potentialAction\":[{\"@type\":\"ReadAction\",\"target\":[\"https:\/\/dev6.erresse-shop.it\/es\/shop\/cocina\/cuchillos\/bloques-de-cuchillos\/berkel-bloque-de-cuchillo-bag-rojo\/\"]}]},{\"@type\":\"ImageObject\",\"inLanguage\":\"es\",\"@id\":\"https:\/\/dev6.erresse-shop.it\/es\/shop\/cocina\/cuchillos\/bloques-de-cuchillos\/berkel-bloque-de-cuchillo-bag-rojo\/#primaryimage\",\"url\":\"https:\/\/i2.wp.com\/interpim.erresse-shop.it\/Import\/Prodotti\/berkel-bag-rosso-ceppo.jpg?ssl=1\",\"contentUrl\":\"https:\/\/i2.wp.com\/interpim.erresse-shop.it\/Import\/Prodotti\/berkel-bag-rosso-ceppo.jpg?ssl=1\"},{\"@type\":\"BreadcrumbList\",\"@id\":\"https:\/\/dev6.erresse-shop.it\/es\/shop\/cocina\/cuchillos\/bloques-de-cuchillos\/berkel-bloque-de-cuchillo-bag-rojo\/#breadcrumb\",\"itemListElement\":[{\"@type\":\"ListItem\",\"position\":1,\"name\":\"Home\",\"item\":\"https:\/\/dev6.erresse-shop.it\/\"},{\"@type\":\"ListItem\",\"position\":2,\"name\":\"Tienda\",\"item\":\"https:\/\/dev6.erresse-shop.it\/shop\/\"},{\"@type\":\"ListItem\",\"position\":3,\"name\":\"BERKEL Bloque de Cuchillo Bag Rojo\"}]},{\"@type\":\"WebSite\",\"@id\":\"https:\/\/dev6.erresse-shop.it\/#website\",\"url\":\"https:\/\/dev6.erresse-shop.it\/\",\"name\":\"Erresse Shop\",\"description\":\"\",\"publisher\":{\"@id\":\"https:\/\/dev6.erresse-shop.it\/#organization\"},\"potentialAction\":[{\"@type\":\"SearchAction\",\"target\":{\"@type\":\"EntryPoint\",\"urlTemplate\":\"https:\/\/dev6.erresse-shop.it\/?s={search_term_string}\"},\"query-input\":{\"@type\":\"PropertyValueSpecification\",\"valueRequired\":true,\"valueName\":\"search_term_string\"}}],\"inLanguage\":\"es\"},{\"@type\":\"Organization\",\"@id\":\"https:\/\/dev6.erresse-shop.it\/#organization\",\"name\":\"Erresse Shop\",\"url\":\"https:\/\/dev6.erresse-shop.it\/\",\"logo\":{\"@type\":\"ImageObject\",\"inLanguage\":\"es\",\"@id\":\"https:\/\/dev6.erresse-shop.it\/#\/schema\/logo\/image\/\",\"url\":\"https:\/\/dev6.erresse-shop.it\/wp-content\/uploads\/2025\/01\/LOGO-ERRESSE-CLASSICO.svg\",\"contentUrl\":\"https:\/\/dev6.erresse-shop.it\/wp-content\/uploads\/2025\/01\/LOGO-ERRESSE-CLASSICO.svg\",\"caption\":\"Erresse Shop\"},\"image\":{\"@id\":\"https:\/\/dev6.erresse-shop.it\/#\/schema\/logo\/image\/\"}}]}<\/script>\n<!-- \/ Yoast SEO plugin. -->","yoast_head_json":{"title":"BERKEL Bloque de Cuchillo Bag Rojo - dev6 Erresse","description":"BLOQUE DE CUCHILLOS DE DISE\u00d1O Un dise\u00f1o esencial para un bloque de cuchillos que amuebla la cocina con un toque moderno. Bloque de cuchillos de madera","robots":{"index":"noindex","follow":"follow","max-snippet":"max-snippet:-1","max-image-preview":"max-image-preview:large","max-video-preview":"max-video-preview:-1"},"og_locale":"es_ES","og_type":"article","og_title":"BERKEL Bloque de Cuchillo Bag Rojo - dev6 Erresse","og_description":"BLOQUE DE CUCHILLOS DE DISE\u00d1O Un dise\u00f1o esencial para un bloque de cuchillos que amuebla la cocina con un toque moderno. Bloque de cuchillos de madera","og_url":"https:\/\/dev6.erresse-shop.it\/es\/shop\/cocina\/cuchillos\/bloques-de-cuchillos\/berkel-bloque-de-cuchillo-bag-rojo\/","og_site_name":"dev6 Erresse","og_image":[{"url":"https:\/\/interpim.erresse-shop.it\/Import\/Prodotti\/berkel-bag-rosso-ceppo.jpg","type":"","width":"","height":""},{"url":"https:\/\/interpim.erresse-shop.it\/Import\/Prodotti\/berkel-bag-rosso-ceppo.jpg","width":1024,"height":1024,"type":"image\/jpeg"}],"twitter_card":"summary_large_image","twitter_image":"https:\/\/interpim.erresse-shop.it\/Import\/Prodotti\/berkel-bag-rosso-ceppo.jpg","schema":{"@context":"https:\/\/schema.org","@graph":[{"@type":"WebPage","@id":"https:\/\/dev6.erresse-shop.it\/es\/shop\/cocina\/cuchillos\/bloques-de-cuchillos\/berkel-bloque-de-cuchillo-bag-rojo\/","url":"https:\/\/dev6.erresse-shop.it\/es\/shop\/cocina\/cuchillos\/bloques-de-cuchillos\/berkel-bloque-de-cuchillo-bag-rojo\/","name":"BERKEL Bloque de Cuchillo Bag Rojo - dev6 Erresse","isPartOf":{"@id":"https:\/\/dev6.erresse-shop.it\/#website"},"primaryImageOfPage":{"@id":"https:\/\/dev6.erresse-shop.it\/es\/shop\/cocina\/cuchillos\/bloques-de-cuchillos\/berkel-bloque-de-cuchillo-bag-rojo\/#primaryimage"},"image":{"@id":"https:\/\/dev6.erresse-shop.it\/es\/shop\/cocina\/cuchillos\/bloques-de-cuchillos\/berkel-bloque-de-cuchillo-bag-rojo\/#primaryimage"},"thumbnailUrl":"https:\/\/i2.wp.com\/interpim.erresse-shop.it\/Import\/Prodotti\/berkel-bag-rosso-ceppo.jpg?ssl=1","datePublished":"2026-04-04T07:03:20+00:00","description":"BLOQUE DE CUCHILLOS DE DISE\u00d1O Un dise\u00f1o esencial para un bloque de cuchillos que amuebla la cocina con un toque moderno. Bloque de cuchillos de madera","breadcrumb":{"@id":"https:\/\/dev6.erresse-shop.it\/es\/shop\/cocina\/cuchillos\/bloques-de-cuchillos\/berkel-bloque-de-cuchillo-bag-rojo\/#breadcrumb"},"inLanguage":"es","potentialAction":[{"@type":"ReadAction","target":["https:\/\/dev6.erresse-shop.it\/es\/shop\/cocina\/cuchillos\/bloques-de-cuchillos\/berkel-bloque-de-cuchillo-bag-rojo\/"]}]},{"@type":"ImageObject","inLanguage":"es","@id":"https:\/\/dev6.erresse-shop.it\/es\/shop\/cocina\/cuchillos\/bloques-de-cuchillos\/berkel-bloque-de-cuchillo-bag-rojo\/#primaryimage","url":"https:\/\/i2.wp.com\/interpim.erresse-shop.it\/Import\/Prodotti\/berkel-bag-rosso-ceppo.jpg?ssl=1","contentUrl":"https:\/\/i2.wp.com\/interpim.erresse-shop.it\/Import\/Prodotti\/berkel-bag-rosso-ceppo.jpg?ssl=1"},{"@type":"BreadcrumbList","@id":"https:\/\/dev6.erresse-shop.it\/es\/shop\/cocina\/cuchillos\/bloques-de-cuchillos\/berkel-bloque-de-cuchillo-bag-rojo\/#breadcrumb","itemListElement":[{"@type":"ListItem","position":1,"name":"Home","item":"https:\/\/dev6.erresse-shop.it\/"},{"@type":"ListItem","position":2,"name":"Tienda","item":"https:\/\/dev6.erresse-shop.it\/shop\/"},{"@type":"ListItem","position":3,"name":"BERKEL Bloque de Cuchillo Bag Rojo"}]},{"@type":"WebSite","@id":"https:\/\/dev6.erresse-shop.it\/#website","url":"https:\/\/dev6.erresse-shop.it\/","name":"Erresse Shop","description":"","publisher":{"@id":"https:\/\/dev6.erresse-shop.it\/#organization"},"potentialAction":[{"@type":"SearchAction","target":{"@type":"EntryPoint","urlTemplate":"https:\/\/dev6.erresse-shop.it\/?s={search_term_string}"},"query-input":{"@type":"PropertyValueSpecification","valueRequired":true,"valueName":"search_term_string"}}],"inLanguage":"es"},{"@type":"Organization","@id":"https:\/\/dev6.erresse-shop.it\/#organization","name":"Erresse Shop","url":"https:\/\/dev6.erresse-shop.it\/","logo":{"@type":"ImageObject","inLanguage":"es","@id":"https:\/\/dev6.erresse-shop.it\/#\/schema\/logo\/image\/","url":"https:\/\/dev6.erresse-shop.it\/wp-content\/uploads\/2025\/01\/LOGO-ERRESSE-CLASSICO.svg","contentUrl":"https:\/\/dev6.erresse-shop.it\/wp-content\/uploads\/2025\/01\/LOGO-ERRESSE-CLASSICO.svg","caption":"Erresse Shop"},"image":{"@id":"https:\/\/dev6.erresse-shop.it\/#\/schema\/logo\/image\/"}}]}},"df_price":199.95,"df_sale_price":199.95,"df_regular_price":309,"df_image_link":"https:\/\/i2.wp.com\/interpim.erresse-shop.it\/Import\/Prodotti\/berkel-bag-rosso-ceppo.jpg?resize=300,300&ssl=1","fifu_image_url":"https:\/\/interpim.erresse-shop.it\/Import\/Prodotti\/berkel-bag-rosso-ceppo.jpg","_links":{"self":[{"href":"https:\/\/dev6.erresse-shop.it\/es\/wp-json\/wp\/v2\/product\/1878466","targetHints":{"allow":["GET"]}}],"collection":[{"href":"https:\/\/dev6.erresse-shop.it\/es\/wp-json\/wp\/v2\/product"}],"about":[{"href":"https:\/\/dev6.erresse-shop.it\/es\/wp-json\/wp\/v2\/types\/product"}],"wp:featuredmedia":[{"embeddable":true,"href":"https:\/\/dev6.erresse-shop.it\/es\/wp-json\/wp\/v2\/media\/6273291"}],"wp:attachment":[{"href":"https:\/\/dev6.erresse-shop.it\/es\/wp-json\/wp\/v2\/media?parent=1878466"}],"wp:term":[{"taxonomy":"product_cat","embeddable":true,"href":"https:\/\/dev6.erresse-shop.it\/es\/wp-json\/wp\/v2\/product_cat?post=1878466"},{"taxonomy":"product_tag","embeddable":true,"href":"https:\/\/dev6.erresse-shop.it\/es\/wp-json\/wp\/v2\/product_tag?post=1878466"}],"curies":[{"name":"wp","href":"https:\/\/api.w.org\/{rel}","templated":true}]}}