{"id":1878458,"date":"2026-04-12T09:04:55","date_gmt":"2026-04-12T07:04:55","guid":{"rendered":"https:\/\/dev6.erresse-shop.it\/shop\/sin%20categor\u00eda\/toms-drag-buho-hugo-s\/"},"modified":"2026-02-05T18:37:59","modified_gmt":"2026-02-05T17:37:59","slug":"toms-drag-buho-hugo-s","status":"publish","type":"product","link":"https:\/\/dev6.erresse-shop.it\/es\/shop\/mobiliario\/articulos-de-decoracion\/toms-drag-buho-hugo-s\/","title":{"rendered":"TOM&#8217;S DRAG B\u00faho Hugo S"},"content":{"rendered":"<p>Material: resina<br \/>\nAltura: 23 cm<\/p>\n<p>B\u00daHO HUGO<br \/>\nPara coleccionistas y amantes de los b\u00fahos. S\u00edmbolo de sabidur\u00eda. Con su fant\u00e1stico traje lleno de adornos ex\u00f3ticos y plumas decorativas, est\u00e1 decorado como para un desfile de carnaval y brilla con los colores del arco iris.<\/p>\n<p>Este art\u00edculo est\u00e1 hecho y pintado a mano, por lo que las variaciones de color, dibujo, tono, peque\u00f1as imperfecciones en la cola o el color e irregularidades son una caracter\u00edstica espec\u00edfica del producto y atestiguan su fabricaci\u00f3n artesanal.<\/p>\n<p>Todos los animales de arrastre est\u00e1n decorados con disfraces imaginativos y adornos ex\u00f3ticos como si estuvieran en un desfile de carnaval. Todos tienen los colores del arco iris, emulando el mismo ambiente alegre de una de las canciones favoritas de Tom, \u201cWhat a Wonderful World\u201d de Louis Armstrong.<\/p>\n<p>Cada art\u00edculo de Tom\u2019s Drag comienza con unos r\u00e1pidos bocetos, que el artista dibuja y transforma r\u00e1pidamente en una imagen detallada. En este punto, se talla a mano en la madera una figura aproximada, cuyas dimensiones y proporciones reflejan las del objeto final. A continuaci\u00f3n, el artista lo pinta a mano y crea el prototipo a partir del cual se fabrica la forma de la manta. Esta forma de caucho es la clave de todas las obras de Tom\u2019s Drag, ya que en ella se vierte marmorino l\u00edquido, una mezcla de m\u00e1rmol molido y resina sint\u00e9tica, que luego se solidifica. La pieza, al principio de color blanco opaco, se pinta de blanco y se pule. En este punto, los bordes de los campos de color se dibujan a l\u00e1piz para que sirvan de referencia al artista para pintar el objeto. El trabajo se completa con la aplicaci\u00f3n de una resina que hace que los colores sean resistentes.<\/p>\n","protected":false},"excerpt":{"rendered":"<p>Material: resina Altura: 23 cm B\u00daHO HUGO Para coleccionistas y amantes de los b\u00fahos. S\u00edmbolo de sabidur\u00eda. Con su fant\u00e1stico traje lleno de adornos ex\u00f3ticos y plumas decorativas, est\u00e1 decorado como para un desfile de carnaval y brilla con los colores del arco iris. Este art\u00edculo est\u00e1 hecho y pintado a mano, por lo que [&hellip;]<\/p>\n","protected":false},"featured_media":6356562,"template":"","meta":{"_acf_changed":false},"product_cat":[11666,11913,11882],"product_tag":[],"class_list":{"0":"post-1878458","1":"product","2":"type-product","3":"status-publish","4":"has-post-thumbnail","6":"product_cat-arredamento-casa","7":"product_cat-articulos-de-decoracion","8":"product_cat-mobiliario","10":"first","11":"outofstock","12":"sale","13":"taxable","14":"shipping-taxable","15":"purchasable","16":"product-type-simple","swatches":"rey-swatches","show_selected":"","stretch_labels":"rey-swatches--stretch-labels"},"acf":[],"yoast_head":"<!-- This site is optimized with the Yoast SEO plugin v25.4 - https:\/\/yoast.com\/wordpress\/plugins\/seo\/ -->\n<title>TOM&#8217;S DRAG B\u00faho Hugo S - dev6 Erresse<\/title>\n<meta name=\"description\" content=\"Material: resina Altura: 23 cm B\u00daHO HUGO Para coleccionistas y amantes de los b\u00fahos. S\u00edmbolo de sabidur\u00eda. Con su fant\u00e1stico traje lleno de adornos\" \/>\n<meta name=\"robots\" content=\"noindex, follow, max-snippet:-1, max-image-preview:large, max-video-preview:-1\" \/>\n<meta property=\"og:locale\" content=\"es_ES\" \/>\n<meta property=\"og:type\" content=\"article\" \/>\n<meta property=\"og:title\" content=\"TOM&#8217;S DRAG B\u00faho Hugo S - dev6 Erresse\" \/>\n<meta property=\"og:description\" content=\"Material: resina Altura: 23 cm B\u00daHO HUGO Para coleccionistas y amantes de los b\u00fahos. S\u00edmbolo de sabidur\u00eda. Con su fant\u00e1stico traje lleno de adornos\" \/>\n<meta property=\"og:url\" content=\"https:\/\/dev6.erresse-shop.it\/es\/shop\/mobiliario\/articulos-de-decoracion\/toms-drag-buho-hugo-s\/\" \/>\n<meta property=\"og:site_name\" content=\"dev6 Erresse\" \/>\n<meta property=\"og:image\" content=\"https:\/\/interpim.erresse-shop.it\/img-catalogo\/toms-drag\/toms-drag-gufo-hugo-s.jpg\" \/><meta property=\"og:image\" content=\"https:\/\/interpim.erresse-shop.it\/img-catalogo\/toms-drag\/toms-drag-gufo-hugo-s.jpg\" \/>\n\t<meta property=\"og:image:width\" content=\"1024\" \/>\n\t<meta property=\"og:image:height\" content=\"1024\" \/>\n\t<meta property=\"og:image:type\" content=\"image\/jpeg\" \/>\n<meta name=\"twitter:card\" content=\"summary_large_image\" \/>\n<meta name=\"twitter:image\" content=\"https:\/\/interpim.erresse-shop.it\/img-catalogo\/toms-drag\/toms-drag-gufo-hugo-s.jpg\" \/>\n<script type=\"application\/ld+json\" class=\"yoast-schema-graph\">{\"@context\":\"https:\/\/schema.org\",\"@graph\":[{\"@type\":\"WebPage\",\"@id\":\"https:\/\/dev6.erresse-shop.it\/es\/shop\/mobiliario\/articulos-de-decoracion\/toms-drag-buho-hugo-s\/\",\"url\":\"https:\/\/dev6.erresse-shop.it\/es\/shop\/mobiliario\/articulos-de-decoracion\/toms-drag-buho-hugo-s\/\",\"name\":\"TOM&#8217;S DRAG B\u00faho Hugo S - dev6 Erresse\",\"isPartOf\":{\"@id\":\"https:\/\/dev6.erresse-shop.it\/#website\"},\"primaryImageOfPage\":{\"@id\":\"https:\/\/dev6.erresse-shop.it\/es\/shop\/mobiliario\/articulos-de-decoracion\/toms-drag-buho-hugo-s\/#primaryimage\"},\"image\":{\"@id\":\"https:\/\/dev6.erresse-shop.it\/es\/shop\/mobiliario\/articulos-de-decoracion\/toms-drag-buho-hugo-s\/#primaryimage\"},\"thumbnailUrl\":\"https:\/\/i2.wp.com\/interpim.erresse-shop.it\/img-catalogo\/toms-drag\/toms-drag-gufo-hugo-s.jpg?ssl=1\",\"datePublished\":\"2026-04-12T07:04:55+00:00\",\"description\":\"Material: resina Altura: 23 cm B\u00daHO HUGO Para coleccionistas y amantes de los b\u00fahos. S\u00edmbolo de sabidur\u00eda. Con su fant\u00e1stico traje lleno de adornos\",\"breadcrumb\":{\"@id\":\"https:\/\/dev6.erresse-shop.it\/es\/shop\/mobiliario\/articulos-de-decoracion\/toms-drag-buho-hugo-s\/#breadcrumb\"},\"inLanguage\":\"es\",\"potentialAction\":[{\"@type\":\"ReadAction\",\"target\":[\"https:\/\/dev6.erresse-shop.it\/es\/shop\/mobiliario\/articulos-de-decoracion\/toms-drag-buho-hugo-s\/\"]}]},{\"@type\":\"ImageObject\",\"inLanguage\":\"es\",\"@id\":\"https:\/\/dev6.erresse-shop.it\/es\/shop\/mobiliario\/articulos-de-decoracion\/toms-drag-buho-hugo-s\/#primaryimage\",\"url\":\"https:\/\/i2.wp.com\/interpim.erresse-shop.it\/img-catalogo\/toms-drag\/toms-drag-gufo-hugo-s.jpg?ssl=1\",\"contentUrl\":\"https:\/\/i2.wp.com\/interpim.erresse-shop.it\/img-catalogo\/toms-drag\/toms-drag-gufo-hugo-s.jpg?ssl=1\"},{\"@type\":\"BreadcrumbList\",\"@id\":\"https:\/\/dev6.erresse-shop.it\/es\/shop\/mobiliario\/articulos-de-decoracion\/toms-drag-buho-hugo-s\/#breadcrumb\",\"itemListElement\":[{\"@type\":\"ListItem\",\"position\":1,\"name\":\"Home\",\"item\":\"https:\/\/dev6.erresse-shop.it\/\"},{\"@type\":\"ListItem\",\"position\":2,\"name\":\"Tienda\",\"item\":\"https:\/\/dev6.erresse-shop.it\/shop\/\"},{\"@type\":\"ListItem\",\"position\":3,\"name\":\"TOM&#8217;S DRAG B\u00faho Hugo S\"}]},{\"@type\":\"WebSite\",\"@id\":\"https:\/\/dev6.erresse-shop.it\/#website\",\"url\":\"https:\/\/dev6.erresse-shop.it\/\",\"name\":\"Erresse Shop\",\"description\":\"\",\"publisher\":{\"@id\":\"https:\/\/dev6.erresse-shop.it\/#organization\"},\"potentialAction\":[{\"@type\":\"SearchAction\",\"target\":{\"@type\":\"EntryPoint\",\"urlTemplate\":\"https:\/\/dev6.erresse-shop.it\/?s={search_term_string}\"},\"query-input\":{\"@type\":\"PropertyValueSpecification\",\"valueRequired\":true,\"valueName\":\"search_term_string\"}}],\"inLanguage\":\"es\"},{\"@type\":\"Organization\",\"@id\":\"https:\/\/dev6.erresse-shop.it\/#organization\",\"name\":\"Erresse Shop\",\"url\":\"https:\/\/dev6.erresse-shop.it\/\",\"logo\":{\"@type\":\"ImageObject\",\"inLanguage\":\"es\",\"@id\":\"https:\/\/dev6.erresse-shop.it\/#\/schema\/logo\/image\/\",\"url\":\"https:\/\/dev6.erresse-shop.it\/wp-content\/uploads\/2025\/01\/LOGO-ERRESSE-CLASSICO.svg\",\"contentUrl\":\"https:\/\/dev6.erresse-shop.it\/wp-content\/uploads\/2025\/01\/LOGO-ERRESSE-CLASSICO.svg\",\"caption\":\"Erresse Shop\"},\"image\":{\"@id\":\"https:\/\/dev6.erresse-shop.it\/#\/schema\/logo\/image\/\"}}]}<\/script>\n<!-- \/ Yoast SEO plugin. -->","yoast_head_json":{"title":"TOM&#8217;S DRAG B\u00faho Hugo S - dev6 Erresse","description":"Material: resina Altura: 23 cm B\u00daHO HUGO Para coleccionistas y amantes de los b\u00fahos. S\u00edmbolo de sabidur\u00eda. Con su fant\u00e1stico traje lleno de adornos","robots":{"index":"noindex","follow":"follow","max-snippet":"max-snippet:-1","max-image-preview":"max-image-preview:large","max-video-preview":"max-video-preview:-1"},"og_locale":"es_ES","og_type":"article","og_title":"TOM&#8217;S DRAG B\u00faho Hugo S - dev6 Erresse","og_description":"Material: resina Altura: 23 cm B\u00daHO HUGO Para coleccionistas y amantes de los b\u00fahos. S\u00edmbolo de sabidur\u00eda. Con su fant\u00e1stico traje lleno de adornos","og_url":"https:\/\/dev6.erresse-shop.it\/es\/shop\/mobiliario\/articulos-de-decoracion\/toms-drag-buho-hugo-s\/","og_site_name":"dev6 Erresse","og_image":[{"url":"https:\/\/interpim.erresse-shop.it\/img-catalogo\/toms-drag\/toms-drag-gufo-hugo-s.jpg","type":"","width":"","height":""},{"url":"https:\/\/interpim.erresse-shop.it\/img-catalogo\/toms-drag\/toms-drag-gufo-hugo-s.jpg","width":1024,"height":1024,"type":"image\/jpeg"}],"twitter_card":"summary_large_image","twitter_image":"https:\/\/interpim.erresse-shop.it\/img-catalogo\/toms-drag\/toms-drag-gufo-hugo-s.jpg","schema":{"@context":"https:\/\/schema.org","@graph":[{"@type":"WebPage","@id":"https:\/\/dev6.erresse-shop.it\/es\/shop\/mobiliario\/articulos-de-decoracion\/toms-drag-buho-hugo-s\/","url":"https:\/\/dev6.erresse-shop.it\/es\/shop\/mobiliario\/articulos-de-decoracion\/toms-drag-buho-hugo-s\/","name":"TOM&#8217;S DRAG B\u00faho Hugo S - dev6 Erresse","isPartOf":{"@id":"https:\/\/dev6.erresse-shop.it\/#website"},"primaryImageOfPage":{"@id":"https:\/\/dev6.erresse-shop.it\/es\/shop\/mobiliario\/articulos-de-decoracion\/toms-drag-buho-hugo-s\/#primaryimage"},"image":{"@id":"https:\/\/dev6.erresse-shop.it\/es\/shop\/mobiliario\/articulos-de-decoracion\/toms-drag-buho-hugo-s\/#primaryimage"},"thumbnailUrl":"https:\/\/i2.wp.com\/interpim.erresse-shop.it\/img-catalogo\/toms-drag\/toms-drag-gufo-hugo-s.jpg?ssl=1","datePublished":"2026-04-12T07:04:55+00:00","description":"Material: resina Altura: 23 cm B\u00daHO HUGO Para coleccionistas y amantes de los b\u00fahos. S\u00edmbolo de sabidur\u00eda. Con su fant\u00e1stico traje lleno de adornos","breadcrumb":{"@id":"https:\/\/dev6.erresse-shop.it\/es\/shop\/mobiliario\/articulos-de-decoracion\/toms-drag-buho-hugo-s\/#breadcrumb"},"inLanguage":"es","potentialAction":[{"@type":"ReadAction","target":["https:\/\/dev6.erresse-shop.it\/es\/shop\/mobiliario\/articulos-de-decoracion\/toms-drag-buho-hugo-s\/"]}]},{"@type":"ImageObject","inLanguage":"es","@id":"https:\/\/dev6.erresse-shop.it\/es\/shop\/mobiliario\/articulos-de-decoracion\/toms-drag-buho-hugo-s\/#primaryimage","url":"https:\/\/i2.wp.com\/interpim.erresse-shop.it\/img-catalogo\/toms-drag\/toms-drag-gufo-hugo-s.jpg?ssl=1","contentUrl":"https:\/\/i2.wp.com\/interpim.erresse-shop.it\/img-catalogo\/toms-drag\/toms-drag-gufo-hugo-s.jpg?ssl=1"},{"@type":"BreadcrumbList","@id":"https:\/\/dev6.erresse-shop.it\/es\/shop\/mobiliario\/articulos-de-decoracion\/toms-drag-buho-hugo-s\/#breadcrumb","itemListElement":[{"@type":"ListItem","position":1,"name":"Home","item":"https:\/\/dev6.erresse-shop.it\/"},{"@type":"ListItem","position":2,"name":"Tienda","item":"https:\/\/dev6.erresse-shop.it\/shop\/"},{"@type":"ListItem","position":3,"name":"TOM&#8217;S DRAG B\u00faho Hugo S"}]},{"@type":"WebSite","@id":"https:\/\/dev6.erresse-shop.it\/#website","url":"https:\/\/dev6.erresse-shop.it\/","name":"Erresse Shop","description":"","publisher":{"@id":"https:\/\/dev6.erresse-shop.it\/#organization"},"potentialAction":[{"@type":"SearchAction","target":{"@type":"EntryPoint","urlTemplate":"https:\/\/dev6.erresse-shop.it\/?s={search_term_string}"},"query-input":{"@type":"PropertyValueSpecification","valueRequired":true,"valueName":"search_term_string"}}],"inLanguage":"es"},{"@type":"Organization","@id":"https:\/\/dev6.erresse-shop.it\/#organization","name":"Erresse Shop","url":"https:\/\/dev6.erresse-shop.it\/","logo":{"@type":"ImageObject","inLanguage":"es","@id":"https:\/\/dev6.erresse-shop.it\/#\/schema\/logo\/image\/","url":"https:\/\/dev6.erresse-shop.it\/wp-content\/uploads\/2025\/01\/LOGO-ERRESSE-CLASSICO.svg","contentUrl":"https:\/\/dev6.erresse-shop.it\/wp-content\/uploads\/2025\/01\/LOGO-ERRESSE-CLASSICO.svg","caption":"Erresse Shop"},"image":{"@id":"https:\/\/dev6.erresse-shop.it\/#\/schema\/logo\/image\/"}}]}},"df_price":69.95,"df_sale_price":69.95,"df_regular_price":96,"df_image_link":"https:\/\/i2.wp.com\/interpim.erresse-shop.it\/img-catalogo\/toms-drag\/toms-drag-gufo-hugo-s.jpg?resize=300,300&ssl=1","fifu_image_url":"https:\/\/interpim.erresse-shop.it\/img-catalogo\/toms-drag\/toms-drag-gufo-hugo-s.jpg","_links":{"self":[{"href":"https:\/\/dev6.erresse-shop.it\/es\/wp-json\/wp\/v2\/product\/1878458","targetHints":{"allow":["GET"]}}],"collection":[{"href":"https:\/\/dev6.erresse-shop.it\/es\/wp-json\/wp\/v2\/product"}],"about":[{"href":"https:\/\/dev6.erresse-shop.it\/es\/wp-json\/wp\/v2\/types\/product"}],"wp:featuredmedia":[{"embeddable":true,"href":"https:\/\/dev6.erresse-shop.it\/es\/wp-json\/wp\/v2\/media\/6356562"}],"wp:attachment":[{"href":"https:\/\/dev6.erresse-shop.it\/es\/wp-json\/wp\/v2\/media?parent=1878458"}],"wp:term":[{"taxonomy":"product_cat","embeddable":true,"href":"https:\/\/dev6.erresse-shop.it\/es\/wp-json\/wp\/v2\/product_cat?post=1878458"},{"taxonomy":"product_tag","embeddable":true,"href":"https:\/\/dev6.erresse-shop.it\/es\/wp-json\/wp\/v2\/product_tag?post=1878458"}],"curies":[{"name":"wp","href":"https:\/\/api.w.org\/{rel}","templated":true}]}}