{"id":1878454,"date":"2026-04-12T09:04:55","date_gmt":"2026-04-12T07:04:55","guid":{"rendered":"https:\/\/dev6.erresse-shop.it\/shop\/sin%20categor\u00eda\/toms-drag-jirafa-roxanna-deluxe\/"},"modified":"2026-01-09T02:19:42","modified_gmt":"2026-01-09T01:19:42","slug":"toms-drag-jirafa-roxanna-deluxe","status":"publish","type":"product","link":"https:\/\/dev6.erresse-shop.it\/es\/shop\/mobiliario\/articulos-de-decoracion\/toms-drag-jirafa-roxanna-deluxe\/","title":{"rendered":"TOM&#8217;S DRAG Jirafa Roxanna Deluxe"},"content":{"rendered":"<p>Altura: 150 cm<br \/>\nMaterial: fibra de vidrio<\/p>\n<p>JIRAFA ROXANNA DELUXE<br \/>\nLas jirafas son los animales terrestres con el coraz\u00f3n m\u00e1s grande en relaci\u00f3n con su peso corporal. La Giraffe Roxanna DELUXE es uno de los cl\u00e1sicos de Tom\u2019s Drag. Con sus 150 cm de altura, se encuentra con todo el mundo a la altura de los ojos y no puede dejar de gustar esta extravagante y simp\u00e1tica dama jirafa con joyas de flores en su largo cuello y su glamuroso cigarrillo (f\u00e1cilmente desmontable).<\/p>\n<p>Este art\u00edculo est\u00e1 hecho y pintado a mano, por lo que las variaciones de color, dise\u00f1o, tono, peque\u00f1as imperfecciones en la cola o el color e irregularidades son una caracter\u00edstica espec\u00edfica del producto y atestiguan su car\u00e1cter artesanal.<\/p>\n<p>Todos los animales de arrastre est\u00e1n decorados con disfraces imaginativos y adornos ex\u00f3ticos como si estuvieran en un desfile de carnaval. Todos tienen los colores del arco iris, emulando el alegre ambiente de una de las canciones favoritas de Tom, \u201cWhat a Wonderful World\u201d de Louis Armstrong.<\/p>\n<p>Cada art\u00edculo de Tom\u2019s Drag comienza con unos r\u00e1pidos bocetos que el artista dibuja y transforma r\u00e1pidamente en una imagen detallada. En este punto, se talla a mano en madera una figura aproximada, cuyas dimensiones y proporciones reflejan las que tendr\u00e1 el objeto final. El artista lo pinta a mano y crea el prototipo a partir del cual se tallar\u00e1 la forma de goma. Esta forma de caucho es la clave de todas las obras de Tom\u2019s Drag, ya que en ella se vierte marmorino l\u00edquido, una mezcla de m\u00e1rmol molido y resina sint\u00e9tica, que luego se solidifica. La pieza, inicialmente de color blanco opaco, se pinta luego de blanco y se pule. En este punto, los bordes de los campos de color se dibujan a l\u00e1piz para que sirvan al artista como referencia para pintar el objeto. El trabajo concluye con la aplicaci\u00f3n de una resina que hace que los colores sean resistentes.<\/p>\n","protected":false},"excerpt":{"rendered":"<p>Altura: 150 cm Material: fibra de vidrio JIRAFA ROXANNA DELUXE Las jirafas son los animales terrestres con el coraz\u00f3n m\u00e1s grande en relaci\u00f3n con su peso corporal. La Giraffe Roxanna DELUXE es uno de los cl\u00e1sicos de Tom\u2019s Drag. Con sus 150 cm de altura, se encuentra con todo el mundo a la altura de [&hellip;]<\/p>\n","protected":false},"featured_media":6356557,"template":"","meta":{"_acf_changed":false},"product_cat":[11666,11913,11882],"product_tag":[],"class_list":{"0":"post-1878454","1":"product","2":"type-product","3":"status-publish","4":"has-post-thumbnail","6":"product_cat-arredamento-casa","7":"product_cat-articulos-de-decoracion","8":"product_cat-mobiliario","10":"first","11":"outofstock","12":"sale","13":"taxable","14":"shipping-taxable","15":"purchasable","16":"product-type-simple","swatches":"rey-swatches","show_selected":"","stretch_labels":"rey-swatches--stretch-labels"},"acf":[],"yoast_head":"<!-- This site is optimized with the Yoast SEO plugin v25.4 - https:\/\/yoast.com\/wordpress\/plugins\/seo\/ -->\n<title>TOM&#8217;S DRAG Jirafa Roxanna Deluxe - dev6 Erresse<\/title>\n<meta name=\"description\" content=\"Altura: 150 cm Material: fibra de vidrio JIRAFA ROXANNA DELUXE Las jirafas son los animales terrestres con el coraz\u00f3n m\u00e1s grande en relaci\u00f3n con su peso\" \/>\n<meta name=\"robots\" content=\"noindex, follow, max-snippet:-1, max-image-preview:large, max-video-preview:-1\" \/>\n<meta property=\"og:locale\" content=\"es_ES\" \/>\n<meta property=\"og:type\" content=\"article\" \/>\n<meta property=\"og:title\" content=\"TOM&#8217;S DRAG Jirafa Roxanna Deluxe - dev6 Erresse\" \/>\n<meta property=\"og:description\" content=\"Altura: 150 cm Material: fibra de vidrio JIRAFA ROXANNA DELUXE Las jirafas son los animales terrestres con el coraz\u00f3n m\u00e1s grande en relaci\u00f3n con su peso\" \/>\n<meta property=\"og:url\" content=\"https:\/\/dev6.erresse-shop.it\/es\/shop\/mobiliario\/articulos-de-decoracion\/toms-drag-jirafa-roxanna-deluxe\/\" \/>\n<meta property=\"og:site_name\" content=\"dev6 Erresse\" \/>\n<meta property=\"og:image\" content=\"https:\/\/interpim.erresse-shop.it\/img-catalogo\/toms-drag\/toms-drag-giraffa-roxanna-deluxe-2.jpg\" \/><meta property=\"og:image\" content=\"https:\/\/interpim.erresse-shop.it\/img-catalogo\/toms-drag\/toms-drag-giraffa-roxanna-deluxe-2.jpg\" \/>\n\t<meta property=\"og:image:width\" content=\"1024\" \/>\n\t<meta property=\"og:image:height\" content=\"1024\" \/>\n\t<meta property=\"og:image:type\" content=\"image\/jpeg\" \/>\n<meta name=\"twitter:card\" content=\"summary_large_image\" \/>\n<meta name=\"twitter:image\" content=\"https:\/\/interpim.erresse-shop.it\/img-catalogo\/toms-drag\/toms-drag-giraffa-roxanna-deluxe-2.jpg\" \/>\n<script type=\"application\/ld+json\" class=\"yoast-schema-graph\">{\"@context\":\"https:\/\/schema.org\",\"@graph\":[{\"@type\":\"WebPage\",\"@id\":\"https:\/\/dev6.erresse-shop.it\/es\/shop\/mobiliario\/articulos-de-decoracion\/toms-drag-jirafa-roxanna-deluxe\/\",\"url\":\"https:\/\/dev6.erresse-shop.it\/es\/shop\/mobiliario\/articulos-de-decoracion\/toms-drag-jirafa-roxanna-deluxe\/\",\"name\":\"TOM&#8217;S DRAG Jirafa Roxanna Deluxe - dev6 Erresse\",\"isPartOf\":{\"@id\":\"https:\/\/dev6.erresse-shop.it\/#website\"},\"primaryImageOfPage\":{\"@id\":\"https:\/\/dev6.erresse-shop.it\/es\/shop\/mobiliario\/articulos-de-decoracion\/toms-drag-jirafa-roxanna-deluxe\/#primaryimage\"},\"image\":{\"@id\":\"https:\/\/dev6.erresse-shop.it\/es\/shop\/mobiliario\/articulos-de-decoracion\/toms-drag-jirafa-roxanna-deluxe\/#primaryimage\"},\"thumbnailUrl\":\"https:\/\/i0.wp.com\/interpim.erresse-shop.it\/img-catalogo\/toms-drag\/toms-drag-giraffa-roxanna-deluxe-2.jpg?ssl=1\",\"datePublished\":\"2026-04-12T07:04:55+00:00\",\"description\":\"Altura: 150 cm Material: fibra de vidrio JIRAFA ROXANNA DELUXE Las jirafas son los animales terrestres con el coraz\u00f3n m\u00e1s grande en relaci\u00f3n con su peso\",\"breadcrumb\":{\"@id\":\"https:\/\/dev6.erresse-shop.it\/es\/shop\/mobiliario\/articulos-de-decoracion\/toms-drag-jirafa-roxanna-deluxe\/#breadcrumb\"},\"inLanguage\":\"es\",\"potentialAction\":[{\"@type\":\"ReadAction\",\"target\":[\"https:\/\/dev6.erresse-shop.it\/es\/shop\/mobiliario\/articulos-de-decoracion\/toms-drag-jirafa-roxanna-deluxe\/\"]}]},{\"@type\":\"ImageObject\",\"inLanguage\":\"es\",\"@id\":\"https:\/\/dev6.erresse-shop.it\/es\/shop\/mobiliario\/articulos-de-decoracion\/toms-drag-jirafa-roxanna-deluxe\/#primaryimage\",\"url\":\"https:\/\/i0.wp.com\/interpim.erresse-shop.it\/img-catalogo\/toms-drag\/toms-drag-giraffa-roxanna-deluxe-2.jpg?ssl=1\",\"contentUrl\":\"https:\/\/i0.wp.com\/interpim.erresse-shop.it\/img-catalogo\/toms-drag\/toms-drag-giraffa-roxanna-deluxe-2.jpg?ssl=1\"},{\"@type\":\"BreadcrumbList\",\"@id\":\"https:\/\/dev6.erresse-shop.it\/es\/shop\/mobiliario\/articulos-de-decoracion\/toms-drag-jirafa-roxanna-deluxe\/#breadcrumb\",\"itemListElement\":[{\"@type\":\"ListItem\",\"position\":1,\"name\":\"Home\",\"item\":\"https:\/\/dev6.erresse-shop.it\/\"},{\"@type\":\"ListItem\",\"position\":2,\"name\":\"Tienda\",\"item\":\"https:\/\/dev6.erresse-shop.it\/shop\/\"},{\"@type\":\"ListItem\",\"position\":3,\"name\":\"TOM&#8217;S DRAG Jirafa Roxanna Deluxe\"}]},{\"@type\":\"WebSite\",\"@id\":\"https:\/\/dev6.erresse-shop.it\/#website\",\"url\":\"https:\/\/dev6.erresse-shop.it\/\",\"name\":\"Erresse Shop\",\"description\":\"\",\"publisher\":{\"@id\":\"https:\/\/dev6.erresse-shop.it\/#organization\"},\"potentialAction\":[{\"@type\":\"SearchAction\",\"target\":{\"@type\":\"EntryPoint\",\"urlTemplate\":\"https:\/\/dev6.erresse-shop.it\/?s={search_term_string}\"},\"query-input\":{\"@type\":\"PropertyValueSpecification\",\"valueRequired\":true,\"valueName\":\"search_term_string\"}}],\"inLanguage\":\"es\"},{\"@type\":\"Organization\",\"@id\":\"https:\/\/dev6.erresse-shop.it\/#organization\",\"name\":\"Erresse Shop\",\"url\":\"https:\/\/dev6.erresse-shop.it\/\",\"logo\":{\"@type\":\"ImageObject\",\"inLanguage\":\"es\",\"@id\":\"https:\/\/dev6.erresse-shop.it\/#\/schema\/logo\/image\/\",\"url\":\"https:\/\/dev6.erresse-shop.it\/wp-content\/uploads\/2025\/01\/LOGO-ERRESSE-CLASSICO.svg\",\"contentUrl\":\"https:\/\/dev6.erresse-shop.it\/wp-content\/uploads\/2025\/01\/LOGO-ERRESSE-CLASSICO.svg\",\"caption\":\"Erresse Shop\"},\"image\":{\"@id\":\"https:\/\/dev6.erresse-shop.it\/#\/schema\/logo\/image\/\"}}]}<\/script>\n<!-- \/ Yoast SEO plugin. -->","yoast_head_json":{"title":"TOM&#8217;S DRAG Jirafa Roxanna Deluxe - dev6 Erresse","description":"Altura: 150 cm Material: fibra de vidrio JIRAFA ROXANNA DELUXE Las jirafas son los animales terrestres con el coraz\u00f3n m\u00e1s grande en relaci\u00f3n con su peso","robots":{"index":"noindex","follow":"follow","max-snippet":"max-snippet:-1","max-image-preview":"max-image-preview:large","max-video-preview":"max-video-preview:-1"},"og_locale":"es_ES","og_type":"article","og_title":"TOM&#8217;S DRAG Jirafa Roxanna Deluxe - dev6 Erresse","og_description":"Altura: 150 cm Material: fibra de vidrio JIRAFA ROXANNA DELUXE Las jirafas son los animales terrestres con el coraz\u00f3n m\u00e1s grande en relaci\u00f3n con su peso","og_url":"https:\/\/dev6.erresse-shop.it\/es\/shop\/mobiliario\/articulos-de-decoracion\/toms-drag-jirafa-roxanna-deluxe\/","og_site_name":"dev6 Erresse","og_image":[{"url":"https:\/\/interpim.erresse-shop.it\/img-catalogo\/toms-drag\/toms-drag-giraffa-roxanna-deluxe-2.jpg","type":"","width":"","height":""},{"url":"https:\/\/interpim.erresse-shop.it\/img-catalogo\/toms-drag\/toms-drag-giraffa-roxanna-deluxe-2.jpg","width":1024,"height":1024,"type":"image\/jpeg"}],"twitter_card":"summary_large_image","twitter_image":"https:\/\/interpim.erresse-shop.it\/img-catalogo\/toms-drag\/toms-drag-giraffa-roxanna-deluxe-2.jpg","schema":{"@context":"https:\/\/schema.org","@graph":[{"@type":"WebPage","@id":"https:\/\/dev6.erresse-shop.it\/es\/shop\/mobiliario\/articulos-de-decoracion\/toms-drag-jirafa-roxanna-deluxe\/","url":"https:\/\/dev6.erresse-shop.it\/es\/shop\/mobiliario\/articulos-de-decoracion\/toms-drag-jirafa-roxanna-deluxe\/","name":"TOM&#8217;S DRAG Jirafa Roxanna Deluxe - dev6 Erresse","isPartOf":{"@id":"https:\/\/dev6.erresse-shop.it\/#website"},"primaryImageOfPage":{"@id":"https:\/\/dev6.erresse-shop.it\/es\/shop\/mobiliario\/articulos-de-decoracion\/toms-drag-jirafa-roxanna-deluxe\/#primaryimage"},"image":{"@id":"https:\/\/dev6.erresse-shop.it\/es\/shop\/mobiliario\/articulos-de-decoracion\/toms-drag-jirafa-roxanna-deluxe\/#primaryimage"},"thumbnailUrl":"https:\/\/i0.wp.com\/interpim.erresse-shop.it\/img-catalogo\/toms-drag\/toms-drag-giraffa-roxanna-deluxe-2.jpg?ssl=1","datePublished":"2026-04-12T07:04:55+00:00","description":"Altura: 150 cm Material: fibra de vidrio JIRAFA ROXANNA DELUXE Las jirafas son los animales terrestres con el coraz\u00f3n m\u00e1s grande en relaci\u00f3n con su peso","breadcrumb":{"@id":"https:\/\/dev6.erresse-shop.it\/es\/shop\/mobiliario\/articulos-de-decoracion\/toms-drag-jirafa-roxanna-deluxe\/#breadcrumb"},"inLanguage":"es","potentialAction":[{"@type":"ReadAction","target":["https:\/\/dev6.erresse-shop.it\/es\/shop\/mobiliario\/articulos-de-decoracion\/toms-drag-jirafa-roxanna-deluxe\/"]}]},{"@type":"ImageObject","inLanguage":"es","@id":"https:\/\/dev6.erresse-shop.it\/es\/shop\/mobiliario\/articulos-de-decoracion\/toms-drag-jirafa-roxanna-deluxe\/#primaryimage","url":"https:\/\/i0.wp.com\/interpim.erresse-shop.it\/img-catalogo\/toms-drag\/toms-drag-giraffa-roxanna-deluxe-2.jpg?ssl=1","contentUrl":"https:\/\/i0.wp.com\/interpim.erresse-shop.it\/img-catalogo\/toms-drag\/toms-drag-giraffa-roxanna-deluxe-2.jpg?ssl=1"},{"@type":"BreadcrumbList","@id":"https:\/\/dev6.erresse-shop.it\/es\/shop\/mobiliario\/articulos-de-decoracion\/toms-drag-jirafa-roxanna-deluxe\/#breadcrumb","itemListElement":[{"@type":"ListItem","position":1,"name":"Home","item":"https:\/\/dev6.erresse-shop.it\/"},{"@type":"ListItem","position":2,"name":"Tienda","item":"https:\/\/dev6.erresse-shop.it\/shop\/"},{"@type":"ListItem","position":3,"name":"TOM&#8217;S DRAG Jirafa Roxanna Deluxe"}]},{"@type":"WebSite","@id":"https:\/\/dev6.erresse-shop.it\/#website","url":"https:\/\/dev6.erresse-shop.it\/","name":"Erresse Shop","description":"","publisher":{"@id":"https:\/\/dev6.erresse-shop.it\/#organization"},"potentialAction":[{"@type":"SearchAction","target":{"@type":"EntryPoint","urlTemplate":"https:\/\/dev6.erresse-shop.it\/?s={search_term_string}"},"query-input":{"@type":"PropertyValueSpecification","valueRequired":true,"valueName":"search_term_string"}}],"inLanguage":"es"},{"@type":"Organization","@id":"https:\/\/dev6.erresse-shop.it\/#organization","name":"Erresse Shop","url":"https:\/\/dev6.erresse-shop.it\/","logo":{"@type":"ImageObject","inLanguage":"es","@id":"https:\/\/dev6.erresse-shop.it\/#\/schema\/logo\/image\/","url":"https:\/\/dev6.erresse-shop.it\/wp-content\/uploads\/2025\/01\/LOGO-ERRESSE-CLASSICO.svg","contentUrl":"https:\/\/dev6.erresse-shop.it\/wp-content\/uploads\/2025\/01\/LOGO-ERRESSE-CLASSICO.svg","caption":"Erresse Shop"},"image":{"@id":"https:\/\/dev6.erresse-shop.it\/#\/schema\/logo\/image\/"}}]}},"df_price":549,"df_sale_price":549,"df_regular_price":735,"df_image_link":"https:\/\/i0.wp.com\/interpim.erresse-shop.it\/img-catalogo\/toms-drag\/toms-drag-giraffa-roxanna-deluxe-2.jpg?resize=300,300&ssl=1","fifu_image_url":"https:\/\/interpim.erresse-shop.it\/img-catalogo\/toms-drag\/toms-drag-giraffa-roxanna-deluxe-2.jpg","_links":{"self":[{"href":"https:\/\/dev6.erresse-shop.it\/es\/wp-json\/wp\/v2\/product\/1878454","targetHints":{"allow":["GET"]}}],"collection":[{"href":"https:\/\/dev6.erresse-shop.it\/es\/wp-json\/wp\/v2\/product"}],"about":[{"href":"https:\/\/dev6.erresse-shop.it\/es\/wp-json\/wp\/v2\/types\/product"}],"wp:featuredmedia":[{"embeddable":true,"href":"https:\/\/dev6.erresse-shop.it\/es\/wp-json\/wp\/v2\/media\/6356557"}],"wp:attachment":[{"href":"https:\/\/dev6.erresse-shop.it\/es\/wp-json\/wp\/v2\/media?parent=1878454"}],"wp:term":[{"taxonomy":"product_cat","embeddable":true,"href":"https:\/\/dev6.erresse-shop.it\/es\/wp-json\/wp\/v2\/product_cat?post=1878454"},{"taxonomy":"product_tag","embeddable":true,"href":"https:\/\/dev6.erresse-shop.it\/es\/wp-json\/wp\/v2\/product_tag?post=1878454"}],"curies":[{"name":"wp","href":"https:\/\/api.w.org\/{rel}","templated":true}]}}