{"id":1878412,"date":"2026-04-12T09:03:43","date_gmt":"2026-04-12T07:03:43","guid":{"rendered":"https:\/\/dev6.erresse-shop.it\/shop\/sin%20categor\u00eda\/zafferano-poldina-pro-micro-lampara-de-mesa-sage\/"},"modified":"2025-09-14T08:05:32","modified_gmt":"2025-09-14T06:05:32","slug":"zafferano-poldina-pro-micro-lampara-de-mesa-sage","status":"publish","type":"product","link":"https:\/\/dev6.erresse-shop.it\/es\/shop\/mobiliario\/lamparas\/zafferano-poldina-pro-micro-lampara-de-mesa-sage\/","title":{"rendered":"ZAFFERANO Poldina PRO Micro L\u00e1mpara de mesa Sage"},"content":{"rendered":"<p>L\u00e1mpara de mesa recargable, que incluye base de carga por contacto, con cuerpo de aluminio pintado, difusor de policarbonato y fuente de luz LED.<\/p>\n<p>La l\u00e1mpara se enciende y apaga mediante un bot\u00f3n t\u00e1ctil ubicado en la parte superior del difusor; con el mismo bot\u00f3n es posible ajustar la temperatura de color de la luz (2200, 2700 o 3000K) y la intensidad del flujo luminoso. La l\u00e1mpara tambi\u00e9n tiene un grado de protecci\u00f3n IP65, lo que la hace adecuada tanto para uso interno como externo. La duraci\u00f3n de la bater\u00eda est\u00e1 garantizada durante 7\/8 horas.<\/p>\n<p>FUNCI\u00d3N DE SELECCI\u00d3N DE TEMPERATURA DE COLOR<br \/>\nEs posible elegir una luz m\u00e1s o menos c\u00e1lida, entre las opciones 2700 y 3000K. El diferente tono de luz se llama \u201ctemperatura de color\u201d y se mide en grados Kelvin (K): 2700K indica una luz c\u00e1lida, mientras que 4000K corresponde a una luz completamente blanca, finalmente 6500K hace referencia a una luz fr\u00eda, de tono blanco-azul.<\/p>\n<p>Con la l\u00e1mpara apagada, presione ligeramente durante 4 segundos hasta que se encienda un LED azul fijo.<br \/>\nToque r\u00e1pido para cambiar la temperatura de color de la l\u00e1mpara.<br \/>\nPresione ligeramente durante 4 segundos para memorizar la nueva temperatura de color y apague la l\u00e1mpara.<\/p>\n<p>\u00cdndice de protecci\u00f3n IP65<br \/>\nEl \u00edndice de protecci\u00f3n IP es un par\u00e1metro internacional que clasifica el grado de protecci\u00f3n de un electrodom\u00e9stico frente a la intrusi\u00f3n de part\u00edculas s\u00f3lidas y l\u00edquidas. La nueva Poldina ha superado las nuevas pruebas de laboratorio y por eso hoy cuenta con un grado de protecci\u00f3n superior: IP65.<\/p>\n<p>Funci\u00f3n de memoria de atenuaci\u00f3n<br \/>\nEsta funci\u00f3n memoriza los pasos de regulaci\u00f3n: en cada encendido, la intensidad de la luz no ser\u00e1 m\u00e1xima, sino que corresponder\u00e1 a la previamente configurada.<\/p>\n<p>DIMENSIONES<br \/>\nAltura: 275 mm<br \/>\nDi\u00e1metro: 70 mm<\/p>\n","protected":false},"excerpt":{"rendered":"<p>L\u00e1mpara de mesa recargable, que incluye base de carga por contacto, con cuerpo de aluminio pintado, difusor de policarbonato y fuente de luz LED. La l\u00e1mpara se enciende y apaga mediante un bot\u00f3n t\u00e1ctil ubicado en la parte superior del difusor; con el mismo bot\u00f3n es posible ajustar la temperatura de color de la luz [&hellip;]<\/p>\n","protected":false},"featured_media":6356398,"template":"","meta":{"_acf_changed":false},"product_cat":[11666,11911,11882],"product_tag":[],"class_list":{"0":"post-1878412","1":"product","2":"type-product","3":"status-publish","4":"has-post-thumbnail","6":"product_cat-arredamento-casa","7":"product_cat-lamparas","8":"product_cat-mobiliario","10":"first","11":"outofstock","12":"sale","13":"taxable","14":"shipping-taxable","15":"purchasable","16":"product-type-simple","swatches":"rey-swatches","show_selected":"","stretch_labels":"rey-swatches--stretch-labels"},"acf":[],"yoast_head":"<!-- This site is optimized with the Yoast SEO plugin v25.4 - https:\/\/yoast.com\/wordpress\/plugins\/seo\/ -->\n<title>ZAFFERANO Poldina PRO Micro L\u00e1mpara de mesa Sage - dev6 Erresse<\/title>\n<meta name=\"description\" content=\"L\u00e1mpara de mesa recargable, que incluye base de carga por contacto, con cuerpo de aluminio pintado, difusor de policarbonato y fuente de luz LED. La\" \/>\n<meta name=\"robots\" content=\"noindex, follow, max-snippet:-1, max-image-preview:large, max-video-preview:-1\" \/>\n<meta property=\"og:locale\" content=\"es_ES\" \/>\n<meta property=\"og:type\" content=\"article\" \/>\n<meta property=\"og:title\" content=\"ZAFFERANO Poldina PRO Micro L\u00e1mpara de mesa Sage - dev6 Erresse\" \/>\n<meta property=\"og:description\" content=\"L\u00e1mpara de mesa recargable, que incluye base de carga por contacto, con cuerpo de aluminio pintado, difusor de policarbonato y fuente de luz LED. La\" \/>\n<meta property=\"og:url\" content=\"https:\/\/dev6.erresse-shop.it\/es\/shop\/mobiliario\/lamparas\/zafferano-poldina-pro-micro-lampara-de-mesa-sage\/\" \/>\n<meta property=\"og:site_name\" content=\"dev6 Erresse\" \/>\n<meta property=\"og:image\" content=\"https:\/\/interpim.erresse-shop.it\/img-catalogo\/zafferano\/zafferano-poldina-pro-micro-salvia.jpg\" \/><meta property=\"og:image\" content=\"https:\/\/interpim.erresse-shop.it\/img-catalogo\/zafferano\/zafferano-poldina-pro-micro-salvia.jpg\" \/>\n\t<meta property=\"og:image:width\" content=\"1024\" \/>\n\t<meta property=\"og:image:height\" content=\"1024\" \/>\n\t<meta property=\"og:image:type\" content=\"image\/jpeg\" \/>\n<meta name=\"twitter:card\" content=\"summary_large_image\" \/>\n<meta name=\"twitter:image\" content=\"https:\/\/interpim.erresse-shop.it\/img-catalogo\/zafferano\/zafferano-poldina-pro-micro-salvia.jpg\" \/>\n<script type=\"application\/ld+json\" class=\"yoast-schema-graph\">{\"@context\":\"https:\/\/schema.org\",\"@graph\":[{\"@type\":\"WebPage\",\"@id\":\"https:\/\/dev6.erresse-shop.it\/es\/shop\/mobiliario\/lamparas\/zafferano-poldina-pro-micro-lampara-de-mesa-sage\/\",\"url\":\"https:\/\/dev6.erresse-shop.it\/es\/shop\/mobiliario\/lamparas\/zafferano-poldina-pro-micro-lampara-de-mesa-sage\/\",\"name\":\"ZAFFERANO Poldina PRO Micro L\u00e1mpara de mesa Sage - dev6 Erresse\",\"isPartOf\":{\"@id\":\"https:\/\/dev6.erresse-shop.it\/#website\"},\"primaryImageOfPage\":{\"@id\":\"https:\/\/dev6.erresse-shop.it\/es\/shop\/mobiliario\/lamparas\/zafferano-poldina-pro-micro-lampara-de-mesa-sage\/#primaryimage\"},\"image\":{\"@id\":\"https:\/\/dev6.erresse-shop.it\/es\/shop\/mobiliario\/lamparas\/zafferano-poldina-pro-micro-lampara-de-mesa-sage\/#primaryimage\"},\"thumbnailUrl\":\"https:\/\/i1.wp.com\/interpim.erresse-shop.it\/img-catalogo\/zafferano\/zafferano-poldina-pro-micro-salvia.jpg?ssl=1\",\"datePublished\":\"2026-04-12T07:03:43+00:00\",\"description\":\"L\u00e1mpara de mesa recargable, que incluye base de carga por contacto, con cuerpo de aluminio pintado, difusor de policarbonato y fuente de luz LED. La\",\"breadcrumb\":{\"@id\":\"https:\/\/dev6.erresse-shop.it\/es\/shop\/mobiliario\/lamparas\/zafferano-poldina-pro-micro-lampara-de-mesa-sage\/#breadcrumb\"},\"inLanguage\":\"es\",\"potentialAction\":[{\"@type\":\"ReadAction\",\"target\":[\"https:\/\/dev6.erresse-shop.it\/es\/shop\/mobiliario\/lamparas\/zafferano-poldina-pro-micro-lampara-de-mesa-sage\/\"]}]},{\"@type\":\"ImageObject\",\"inLanguage\":\"es\",\"@id\":\"https:\/\/dev6.erresse-shop.it\/es\/shop\/mobiliario\/lamparas\/zafferano-poldina-pro-micro-lampara-de-mesa-sage\/#primaryimage\",\"url\":\"https:\/\/i1.wp.com\/interpim.erresse-shop.it\/img-catalogo\/zafferano\/zafferano-poldina-pro-micro-salvia.jpg?ssl=1\",\"contentUrl\":\"https:\/\/i1.wp.com\/interpim.erresse-shop.it\/img-catalogo\/zafferano\/zafferano-poldina-pro-micro-salvia.jpg?ssl=1\"},{\"@type\":\"BreadcrumbList\",\"@id\":\"https:\/\/dev6.erresse-shop.it\/es\/shop\/mobiliario\/lamparas\/zafferano-poldina-pro-micro-lampara-de-mesa-sage\/#breadcrumb\",\"itemListElement\":[{\"@type\":\"ListItem\",\"position\":1,\"name\":\"Home\",\"item\":\"https:\/\/dev6.erresse-shop.it\/\"},{\"@type\":\"ListItem\",\"position\":2,\"name\":\"Tienda\",\"item\":\"https:\/\/dev6.erresse-shop.it\/shop\/\"},{\"@type\":\"ListItem\",\"position\":3,\"name\":\"ZAFFERANO Poldina PRO Micro L\u00e1mpara de mesa Sage\"}]},{\"@type\":\"WebSite\",\"@id\":\"https:\/\/dev6.erresse-shop.it\/#website\",\"url\":\"https:\/\/dev6.erresse-shop.it\/\",\"name\":\"Erresse Shop\",\"description\":\"\",\"publisher\":{\"@id\":\"https:\/\/dev6.erresse-shop.it\/#organization\"},\"potentialAction\":[{\"@type\":\"SearchAction\",\"target\":{\"@type\":\"EntryPoint\",\"urlTemplate\":\"https:\/\/dev6.erresse-shop.it\/?s={search_term_string}\"},\"query-input\":{\"@type\":\"PropertyValueSpecification\",\"valueRequired\":true,\"valueName\":\"search_term_string\"}}],\"inLanguage\":\"es\"},{\"@type\":\"Organization\",\"@id\":\"https:\/\/dev6.erresse-shop.it\/#organization\",\"name\":\"Erresse Shop\",\"url\":\"https:\/\/dev6.erresse-shop.it\/\",\"logo\":{\"@type\":\"ImageObject\",\"inLanguage\":\"es\",\"@id\":\"https:\/\/dev6.erresse-shop.it\/#\/schema\/logo\/image\/\",\"url\":\"https:\/\/dev6.erresse-shop.it\/wp-content\/uploads\/2025\/01\/LOGO-ERRESSE-CLASSICO.svg\",\"contentUrl\":\"https:\/\/dev6.erresse-shop.it\/wp-content\/uploads\/2025\/01\/LOGO-ERRESSE-CLASSICO.svg\",\"caption\":\"Erresse Shop\"},\"image\":{\"@id\":\"https:\/\/dev6.erresse-shop.it\/#\/schema\/logo\/image\/\"}}]}<\/script>\n<!-- \/ Yoast SEO plugin. -->","yoast_head_json":{"title":"ZAFFERANO Poldina PRO Micro L\u00e1mpara de mesa Sage - dev6 Erresse","description":"L\u00e1mpara de mesa recargable, que incluye base de carga por contacto, con cuerpo de aluminio pintado, difusor de policarbonato y fuente de luz LED. La","robots":{"index":"noindex","follow":"follow","max-snippet":"max-snippet:-1","max-image-preview":"max-image-preview:large","max-video-preview":"max-video-preview:-1"},"og_locale":"es_ES","og_type":"article","og_title":"ZAFFERANO Poldina PRO Micro L\u00e1mpara de mesa Sage - dev6 Erresse","og_description":"L\u00e1mpara de mesa recargable, que incluye base de carga por contacto, con cuerpo de aluminio pintado, difusor de policarbonato y fuente de luz LED. La","og_url":"https:\/\/dev6.erresse-shop.it\/es\/shop\/mobiliario\/lamparas\/zafferano-poldina-pro-micro-lampara-de-mesa-sage\/","og_site_name":"dev6 Erresse","og_image":[{"url":"https:\/\/interpim.erresse-shop.it\/img-catalogo\/zafferano\/zafferano-poldina-pro-micro-salvia.jpg","type":"","width":"","height":""},{"url":"https:\/\/interpim.erresse-shop.it\/img-catalogo\/zafferano\/zafferano-poldina-pro-micro-salvia.jpg","width":1024,"height":1024,"type":"image\/jpeg"}],"twitter_card":"summary_large_image","twitter_image":"https:\/\/interpim.erresse-shop.it\/img-catalogo\/zafferano\/zafferano-poldina-pro-micro-salvia.jpg","schema":{"@context":"https:\/\/schema.org","@graph":[{"@type":"WebPage","@id":"https:\/\/dev6.erresse-shop.it\/es\/shop\/mobiliario\/lamparas\/zafferano-poldina-pro-micro-lampara-de-mesa-sage\/","url":"https:\/\/dev6.erresse-shop.it\/es\/shop\/mobiliario\/lamparas\/zafferano-poldina-pro-micro-lampara-de-mesa-sage\/","name":"ZAFFERANO Poldina PRO Micro L\u00e1mpara de mesa Sage - dev6 Erresse","isPartOf":{"@id":"https:\/\/dev6.erresse-shop.it\/#website"},"primaryImageOfPage":{"@id":"https:\/\/dev6.erresse-shop.it\/es\/shop\/mobiliario\/lamparas\/zafferano-poldina-pro-micro-lampara-de-mesa-sage\/#primaryimage"},"image":{"@id":"https:\/\/dev6.erresse-shop.it\/es\/shop\/mobiliario\/lamparas\/zafferano-poldina-pro-micro-lampara-de-mesa-sage\/#primaryimage"},"thumbnailUrl":"https:\/\/i1.wp.com\/interpim.erresse-shop.it\/img-catalogo\/zafferano\/zafferano-poldina-pro-micro-salvia.jpg?ssl=1","datePublished":"2026-04-12T07:03:43+00:00","description":"L\u00e1mpara de mesa recargable, que incluye base de carga por contacto, con cuerpo de aluminio pintado, difusor de policarbonato y fuente de luz LED. La","breadcrumb":{"@id":"https:\/\/dev6.erresse-shop.it\/es\/shop\/mobiliario\/lamparas\/zafferano-poldina-pro-micro-lampara-de-mesa-sage\/#breadcrumb"},"inLanguage":"es","potentialAction":[{"@type":"ReadAction","target":["https:\/\/dev6.erresse-shop.it\/es\/shop\/mobiliario\/lamparas\/zafferano-poldina-pro-micro-lampara-de-mesa-sage\/"]}]},{"@type":"ImageObject","inLanguage":"es","@id":"https:\/\/dev6.erresse-shop.it\/es\/shop\/mobiliario\/lamparas\/zafferano-poldina-pro-micro-lampara-de-mesa-sage\/#primaryimage","url":"https:\/\/i1.wp.com\/interpim.erresse-shop.it\/img-catalogo\/zafferano\/zafferano-poldina-pro-micro-salvia.jpg?ssl=1","contentUrl":"https:\/\/i1.wp.com\/interpim.erresse-shop.it\/img-catalogo\/zafferano\/zafferano-poldina-pro-micro-salvia.jpg?ssl=1"},{"@type":"BreadcrumbList","@id":"https:\/\/dev6.erresse-shop.it\/es\/shop\/mobiliario\/lamparas\/zafferano-poldina-pro-micro-lampara-de-mesa-sage\/#breadcrumb","itemListElement":[{"@type":"ListItem","position":1,"name":"Home","item":"https:\/\/dev6.erresse-shop.it\/"},{"@type":"ListItem","position":2,"name":"Tienda","item":"https:\/\/dev6.erresse-shop.it\/shop\/"},{"@type":"ListItem","position":3,"name":"ZAFFERANO Poldina PRO Micro L\u00e1mpara de mesa Sage"}]},{"@type":"WebSite","@id":"https:\/\/dev6.erresse-shop.it\/#website","url":"https:\/\/dev6.erresse-shop.it\/","name":"Erresse Shop","description":"","publisher":{"@id":"https:\/\/dev6.erresse-shop.it\/#organization"},"potentialAction":[{"@type":"SearchAction","target":{"@type":"EntryPoint","urlTemplate":"https:\/\/dev6.erresse-shop.it\/?s={search_term_string}"},"query-input":{"@type":"PropertyValueSpecification","valueRequired":true,"valueName":"search_term_string"}}],"inLanguage":"es"},{"@type":"Organization","@id":"https:\/\/dev6.erresse-shop.it\/#organization","name":"Erresse Shop","url":"https:\/\/dev6.erresse-shop.it\/","logo":{"@type":"ImageObject","inLanguage":"es","@id":"https:\/\/dev6.erresse-shop.it\/#\/schema\/logo\/image\/","url":"https:\/\/dev6.erresse-shop.it\/wp-content\/uploads\/2025\/01\/LOGO-ERRESSE-CLASSICO.svg","contentUrl":"https:\/\/dev6.erresse-shop.it\/wp-content\/uploads\/2025\/01\/LOGO-ERRESSE-CLASSICO.svg","caption":"Erresse Shop"},"image":{"@id":"https:\/\/dev6.erresse-shop.it\/#\/schema\/logo\/image\/"}}]}},"df_price":79.95,"df_sale_price":79.95,"df_regular_price":98,"df_image_link":"https:\/\/i1.wp.com\/interpim.erresse-shop.it\/img-catalogo\/zafferano\/zafferano-poldina-pro-micro-salvia.jpg?resize=300,300&ssl=1","fifu_image_url":"https:\/\/interpim.erresse-shop.it\/img-catalogo\/zafferano\/zafferano-poldina-pro-micro-salvia.jpg","_links":{"self":[{"href":"https:\/\/dev6.erresse-shop.it\/es\/wp-json\/wp\/v2\/product\/1878412","targetHints":{"allow":["GET"]}}],"collection":[{"href":"https:\/\/dev6.erresse-shop.it\/es\/wp-json\/wp\/v2\/product"}],"about":[{"href":"https:\/\/dev6.erresse-shop.it\/es\/wp-json\/wp\/v2\/types\/product"}],"wp:featuredmedia":[{"embeddable":true,"href":"https:\/\/dev6.erresse-shop.it\/es\/wp-json\/wp\/v2\/media\/6356398"}],"wp:attachment":[{"href":"https:\/\/dev6.erresse-shop.it\/es\/wp-json\/wp\/v2\/media?parent=1878412"}],"wp:term":[{"taxonomy":"product_cat","embeddable":true,"href":"https:\/\/dev6.erresse-shop.it\/es\/wp-json\/wp\/v2\/product_cat?post=1878412"},{"taxonomy":"product_tag","embeddable":true,"href":"https:\/\/dev6.erresse-shop.it\/es\/wp-json\/wp\/v2\/product_tag?post=1878412"}],"curies":[{"name":"wp","href":"https:\/\/api.w.org\/{rel}","templated":true}]}}