{"id":1878404,"date":"2026-04-12T09:02:32","date_gmt":"2026-04-12T07:02:32","guid":{"rendered":"https:\/\/dev6.erresse-shop.it\/shop\/sin%20categor\u00eda\/smeg-50s-style-mini-hervidor-blanco\/"},"modified":"2025-11-22T18:10:32","modified_gmt":"2025-11-22T17:10:32","slug":"smeg-50s-style-mini-hervidor-blanco","status":"publish","type":"product","link":"https:\/\/dev6.erresse-shop.it\/es\/shop\/pequenos-electrodomesticos\/hervidores-electricos\/smeg-50s-style-mini-hervidor-blanco\/","title":{"rendered":"SMEG 50&#8217;s Style Mini Hervidor Blanco"},"content":{"rendered":"<p>ASPECTO ADORABLE Y COLORIDO<br \/>\nCon su aspecto elegante y colorido, el mini hervidor Smeg KLF05 de la l\u00ednea 50 Style es un objeto ic\u00f3nico con un dise\u00f1o inconfundible de Raffaella Mangiarotti y Matteo Bazzicalupo (Deepdesign). Gracias a su tama\u00f1o compacto, es perfecto para decorar cualquier ambiente, incluso aquellos con espacios limitados.<\/p>\n<p>ALMA POP<br \/>\nEl alma pop del hervidor KLF05 se refleja en la variedad de colores disponibles: colores pastel como el crema, el verde, el rosa y el azul y tonos atrevidos como el rojo, el negro y el blanco, que realzan la base cromada y los detalles de acero inoxidable del surtidor y los botones de encendido y apagado.<\/p>\n<p>UNA PEQUE\u00d1A PAUSA CON ESTILO<br \/>\nCon una potencia de 1400 vatios y una capacidad de 0,8 litros, el mini hervidor de Smeg minimiza el desperdicio de agua. Es adecuado para diversos entornos como la oficina en casa y el sal\u00f3n, y tambi\u00e9n puede dar un aspecto fresco a las habitaciones de los hoteles. La doble capa interna de acero inoxidable mantiene la temperatura del agua durante m\u00e1s tiempo, mientras que la pared externa de pl\u00e1stico es m\u00e1s fr\u00eda al tacto.<\/p>\n<p>F\u00c1CIL Y SEGURO<br \/>\nSmeg no renuncia a la comodidad: la pr\u00e1ctica base con sujeci\u00f3n de 360 grados facilita el uso y los pies antideslizantes garantizan un soporte estable. Adem\u00e1s, la apertura manual con un \u00e1ngulo de 80 grados est\u00e1 dise\u00f1ada para poder llenar la jarra con facilidad.<br \/>\nR\u00e1pido y fiable, el mini hervidor Smeg KLF05 garantiza un uso seguro: se apaga autom\u00e1ticamente cuando alcanza el punto de ebullici\u00f3n, as\u00ed como en el caso de que el agua sea insuficiente o el cuerpo se separe de la base.<\/p>\n<p>EST\u00c9TICA<br \/>\nColor: Blanco<br \/>\nAcabado: Brillante<br \/>\nEst\u00e9tica: 50\u2019s Style<br \/>\nColor tapa: Blanco<br \/>\nBase color: Cromo pulido<br \/>\nColor asa: Cromo<br \/>\nColor boquilla: Acero inox<br \/>\nColor del cable: Gris<br \/>\nInternal body material: Acero Inoxidable<br \/>\nMaterial del cuerpo: Pl\u00e1stico<br \/>\nBase material: Pl\u00e1stico<br \/>\nMaterial tapa: Pl\u00e1stico<br \/>\nMaterial del asa: Pl\u00e1stico<br \/>\nMaterial boquilla: Acero Inoxidable<br \/>\nTipo de logo: Aplicado<\/p>\n<p>MANDOS<br \/>\nSistema de control: Palanca<br \/>\nMaterial palanca: Acero Inoxidable<\/p>\n<p>CARACTER\u00cdSTICAS T\u00c9CNICAS<br \/>\nIndicador de nivel de agua: S\u00ed<br \/>\nFilter: S\u00ed<br \/>\nMaterial del filtro de cal: Acero Inoxidable<br \/>\nApagado autom\u00e1tico: S\u00ed, a los 100\u00baC<br \/>\nSistema de seguridad paro autom\u00e1tico: S\u00ed<br \/>\nResistencia oculta: S\u00ed<br \/>\nCable integrado: S\u00ed<br \/>\nPies antideslizantes: S\u00ed<br \/>\nBase giratoria de 360\u00b0: S\u00ed<\/p>\n<p>CONEXI\u00d3N EL\u00c9CTRICA<br \/>\nVoltaje: 220-240 V<br \/>\nFrecuencia (Hz): 50\/60 Hz<br \/>\nLongitud del cable: 1 m<\/p>\n<p>No se puede vender fuera de Europa<\/p>\n","protected":false},"excerpt":{"rendered":"<p>ASPECTO ADORABLE Y COLORIDO Con su aspecto elegante y colorido, el mini hervidor Smeg KLF05 de la l\u00ednea 50 Style es un objeto ic\u00f3nico con un dise\u00f1o inconfundible de Raffaella Mangiarotti y Matteo Bazzicalupo (Deepdesign). Gracias a su tama\u00f1o compacto, es perfecto para decorar cualquier ambiente, incluso aquellos con espacios limitados. ALMA POP El alma [&hellip;]<\/p>\n","protected":false},"featured_media":6356340,"template":"","meta":{"_acf_changed":false},"product_cat":[11950,11947],"product_tag":[],"class_list":{"0":"post-1878404","1":"product","2":"type-product","3":"status-publish","4":"has-post-thumbnail","6":"product_cat-hervidores-electricos","7":"product_cat-pequenos-electrodomesticos","9":"first","10":"outofstock","11":"taxable","12":"shipping-taxable","13":"purchasable","14":"product-type-simple","swatches":"rey-swatches","show_selected":"","stretch_labels":"rey-swatches--stretch-labels"},"acf":[],"yoast_head":"<!-- This site is optimized with the Yoast SEO plugin v25.4 - https:\/\/yoast.com\/wordpress\/plugins\/seo\/ -->\n<title>SMEG 50&#8217;s Style Mini Hervidor Blanco - dev6 Erresse<\/title>\n<meta name=\"description\" content=\"ASPECTO ADORABLE Y COLORIDO Con su aspecto elegante y colorido, el mini hervidor Smeg KLF05 de la l\u00ednea 50 Style es un objeto ic\u00f3nico con un dise\u00f1o\" \/>\n<meta name=\"robots\" content=\"noindex, follow, max-snippet:-1, max-image-preview:large, max-video-preview:-1\" \/>\n<meta property=\"og:locale\" content=\"es_ES\" \/>\n<meta property=\"og:type\" content=\"article\" \/>\n<meta property=\"og:title\" content=\"SMEG 50&#8217;s Style Mini Hervidor Blanco - dev6 Erresse\" \/>\n<meta property=\"og:description\" content=\"ASPECTO ADORABLE Y COLORIDO Con su aspecto elegante y colorido, el mini hervidor Smeg KLF05 de la l\u00ednea 50 Style es un objeto ic\u00f3nico con un dise\u00f1o\" \/>\n<meta property=\"og:url\" content=\"https:\/\/dev6.erresse-shop.it\/es\/shop\/pequenos-electrodomesticos\/hervidores-electricos\/smeg-50s-style-mini-hervidor-blanco\/\" \/>\n<meta property=\"og:site_name\" content=\"dev6 Erresse\" \/>\n<meta property=\"og:image\" content=\"https:\/\/interpim.erresse-shop.it\/img-catalogo\/smeg\/smeg-anni-50-mini-bollitore-bianco.png\" \/><meta property=\"og:image\" content=\"https:\/\/interpim.erresse-shop.it\/img-catalogo\/smeg\/smeg-anni-50-mini-bollitore-bianco.png\" \/>\n\t<meta property=\"og:image:width\" content=\"1024\" \/>\n\t<meta property=\"og:image:height\" content=\"1024\" \/>\n\t<meta property=\"og:image:type\" content=\"image\/jpeg\" \/>\n<meta name=\"twitter:card\" content=\"summary_large_image\" \/>\n<meta name=\"twitter:image\" content=\"https:\/\/interpim.erresse-shop.it\/img-catalogo\/smeg\/smeg-anni-50-mini-bollitore-bianco.png\" \/>\n<script type=\"application\/ld+json\" class=\"yoast-schema-graph\">{\"@context\":\"https:\/\/schema.org\",\"@graph\":[{\"@type\":\"WebPage\",\"@id\":\"https:\/\/dev6.erresse-shop.it\/es\/shop\/pequenos-electrodomesticos\/hervidores-electricos\/smeg-50s-style-mini-hervidor-blanco\/\",\"url\":\"https:\/\/dev6.erresse-shop.it\/es\/shop\/pequenos-electrodomesticos\/hervidores-electricos\/smeg-50s-style-mini-hervidor-blanco\/\",\"name\":\"SMEG 50&#8217;s Style Mini Hervidor Blanco - dev6 Erresse\",\"isPartOf\":{\"@id\":\"https:\/\/dev6.erresse-shop.it\/#website\"},\"primaryImageOfPage\":{\"@id\":\"https:\/\/dev6.erresse-shop.it\/es\/shop\/pequenos-electrodomesticos\/hervidores-electricos\/smeg-50s-style-mini-hervidor-blanco\/#primaryimage\"},\"image\":{\"@id\":\"https:\/\/dev6.erresse-shop.it\/es\/shop\/pequenos-electrodomesticos\/hervidores-electricos\/smeg-50s-style-mini-hervidor-blanco\/#primaryimage\"},\"thumbnailUrl\":\"https:\/\/i0.wp.com\/interpim.erresse-shop.it\/img-catalogo\/smeg\/smeg-anni-50-mini-bollitore-bianco.png?ssl=1\",\"datePublished\":\"2026-04-12T07:02:32+00:00\",\"description\":\"ASPECTO ADORABLE Y COLORIDO Con su aspecto elegante y colorido, el mini hervidor Smeg KLF05 de la l\u00ednea 50 Style es un objeto ic\u00f3nico con un dise\u00f1o\",\"breadcrumb\":{\"@id\":\"https:\/\/dev6.erresse-shop.it\/es\/shop\/pequenos-electrodomesticos\/hervidores-electricos\/smeg-50s-style-mini-hervidor-blanco\/#breadcrumb\"},\"inLanguage\":\"es\",\"potentialAction\":[{\"@type\":\"ReadAction\",\"target\":[\"https:\/\/dev6.erresse-shop.it\/es\/shop\/pequenos-electrodomesticos\/hervidores-electricos\/smeg-50s-style-mini-hervidor-blanco\/\"]}]},{\"@type\":\"ImageObject\",\"inLanguage\":\"es\",\"@id\":\"https:\/\/dev6.erresse-shop.it\/es\/shop\/pequenos-electrodomesticos\/hervidores-electricos\/smeg-50s-style-mini-hervidor-blanco\/#primaryimage\",\"url\":\"https:\/\/i0.wp.com\/interpim.erresse-shop.it\/img-catalogo\/smeg\/smeg-anni-50-mini-bollitore-bianco.png?ssl=1\",\"contentUrl\":\"https:\/\/i0.wp.com\/interpim.erresse-shop.it\/img-catalogo\/smeg\/smeg-anni-50-mini-bollitore-bianco.png?ssl=1\"},{\"@type\":\"BreadcrumbList\",\"@id\":\"https:\/\/dev6.erresse-shop.it\/es\/shop\/pequenos-electrodomesticos\/hervidores-electricos\/smeg-50s-style-mini-hervidor-blanco\/#breadcrumb\",\"itemListElement\":[{\"@type\":\"ListItem\",\"position\":1,\"name\":\"Home\",\"item\":\"https:\/\/dev6.erresse-shop.it\/\"},{\"@type\":\"ListItem\",\"position\":2,\"name\":\"Tienda\",\"item\":\"https:\/\/dev6.erresse-shop.it\/shop\/\"},{\"@type\":\"ListItem\",\"position\":3,\"name\":\"SMEG 50&#8217;s Style Mini Hervidor Blanco\"}]},{\"@type\":\"WebSite\",\"@id\":\"https:\/\/dev6.erresse-shop.it\/#website\",\"url\":\"https:\/\/dev6.erresse-shop.it\/\",\"name\":\"Erresse Shop\",\"description\":\"\",\"publisher\":{\"@id\":\"https:\/\/dev6.erresse-shop.it\/#organization\"},\"potentialAction\":[{\"@type\":\"SearchAction\",\"target\":{\"@type\":\"EntryPoint\",\"urlTemplate\":\"https:\/\/dev6.erresse-shop.it\/?s={search_term_string}\"},\"query-input\":{\"@type\":\"PropertyValueSpecification\",\"valueRequired\":true,\"valueName\":\"search_term_string\"}}],\"inLanguage\":\"es\"},{\"@type\":\"Organization\",\"@id\":\"https:\/\/dev6.erresse-shop.it\/#organization\",\"name\":\"Erresse Shop\",\"url\":\"https:\/\/dev6.erresse-shop.it\/\",\"logo\":{\"@type\":\"ImageObject\",\"inLanguage\":\"es\",\"@id\":\"https:\/\/dev6.erresse-shop.it\/#\/schema\/logo\/image\/\",\"url\":\"https:\/\/dev6.erresse-shop.it\/wp-content\/uploads\/2025\/01\/LOGO-ERRESSE-CLASSICO.svg\",\"contentUrl\":\"https:\/\/dev6.erresse-shop.it\/wp-content\/uploads\/2025\/01\/LOGO-ERRESSE-CLASSICO.svg\",\"caption\":\"Erresse Shop\"},\"image\":{\"@id\":\"https:\/\/dev6.erresse-shop.it\/#\/schema\/logo\/image\/\"}}]}<\/script>\n<!-- \/ Yoast SEO plugin. -->","yoast_head_json":{"title":"SMEG 50&#8217;s Style Mini Hervidor Blanco - dev6 Erresse","description":"ASPECTO ADORABLE Y COLORIDO Con su aspecto elegante y colorido, el mini hervidor Smeg KLF05 de la l\u00ednea 50 Style es un objeto ic\u00f3nico con un dise\u00f1o","robots":{"index":"noindex","follow":"follow","max-snippet":"max-snippet:-1","max-image-preview":"max-image-preview:large","max-video-preview":"max-video-preview:-1"},"og_locale":"es_ES","og_type":"article","og_title":"SMEG 50&#8217;s Style Mini Hervidor Blanco - dev6 Erresse","og_description":"ASPECTO ADORABLE Y COLORIDO Con su aspecto elegante y colorido, el mini hervidor Smeg KLF05 de la l\u00ednea 50 Style es un objeto ic\u00f3nico con un dise\u00f1o","og_url":"https:\/\/dev6.erresse-shop.it\/es\/shop\/pequenos-electrodomesticos\/hervidores-electricos\/smeg-50s-style-mini-hervidor-blanco\/","og_site_name":"dev6 Erresse","og_image":[{"url":"https:\/\/interpim.erresse-shop.it\/img-catalogo\/smeg\/smeg-anni-50-mini-bollitore-bianco.png","type":"","width":"","height":""},{"url":"https:\/\/interpim.erresse-shop.it\/img-catalogo\/smeg\/smeg-anni-50-mini-bollitore-bianco.png","width":1024,"height":1024,"type":"image\/jpeg"}],"twitter_card":"summary_large_image","twitter_image":"https:\/\/interpim.erresse-shop.it\/img-catalogo\/smeg\/smeg-anni-50-mini-bollitore-bianco.png","schema":{"@context":"https:\/\/schema.org","@graph":[{"@type":"WebPage","@id":"https:\/\/dev6.erresse-shop.it\/es\/shop\/pequenos-electrodomesticos\/hervidores-electricos\/smeg-50s-style-mini-hervidor-blanco\/","url":"https:\/\/dev6.erresse-shop.it\/es\/shop\/pequenos-electrodomesticos\/hervidores-electricos\/smeg-50s-style-mini-hervidor-blanco\/","name":"SMEG 50&#8217;s Style Mini Hervidor Blanco - dev6 Erresse","isPartOf":{"@id":"https:\/\/dev6.erresse-shop.it\/#website"},"primaryImageOfPage":{"@id":"https:\/\/dev6.erresse-shop.it\/es\/shop\/pequenos-electrodomesticos\/hervidores-electricos\/smeg-50s-style-mini-hervidor-blanco\/#primaryimage"},"image":{"@id":"https:\/\/dev6.erresse-shop.it\/es\/shop\/pequenos-electrodomesticos\/hervidores-electricos\/smeg-50s-style-mini-hervidor-blanco\/#primaryimage"},"thumbnailUrl":"https:\/\/i0.wp.com\/interpim.erresse-shop.it\/img-catalogo\/smeg\/smeg-anni-50-mini-bollitore-bianco.png?ssl=1","datePublished":"2026-04-12T07:02:32+00:00","description":"ASPECTO ADORABLE Y COLORIDO Con su aspecto elegante y colorido, el mini hervidor Smeg KLF05 de la l\u00ednea 50 Style es un objeto ic\u00f3nico con un dise\u00f1o","breadcrumb":{"@id":"https:\/\/dev6.erresse-shop.it\/es\/shop\/pequenos-electrodomesticos\/hervidores-electricos\/smeg-50s-style-mini-hervidor-blanco\/#breadcrumb"},"inLanguage":"es","potentialAction":[{"@type":"ReadAction","target":["https:\/\/dev6.erresse-shop.it\/es\/shop\/pequenos-electrodomesticos\/hervidores-electricos\/smeg-50s-style-mini-hervidor-blanco\/"]}]},{"@type":"ImageObject","inLanguage":"es","@id":"https:\/\/dev6.erresse-shop.it\/es\/shop\/pequenos-electrodomesticos\/hervidores-electricos\/smeg-50s-style-mini-hervidor-blanco\/#primaryimage","url":"https:\/\/i0.wp.com\/interpim.erresse-shop.it\/img-catalogo\/smeg\/smeg-anni-50-mini-bollitore-bianco.png?ssl=1","contentUrl":"https:\/\/i0.wp.com\/interpim.erresse-shop.it\/img-catalogo\/smeg\/smeg-anni-50-mini-bollitore-bianco.png?ssl=1"},{"@type":"BreadcrumbList","@id":"https:\/\/dev6.erresse-shop.it\/es\/shop\/pequenos-electrodomesticos\/hervidores-electricos\/smeg-50s-style-mini-hervidor-blanco\/#breadcrumb","itemListElement":[{"@type":"ListItem","position":1,"name":"Home","item":"https:\/\/dev6.erresse-shop.it\/"},{"@type":"ListItem","position":2,"name":"Tienda","item":"https:\/\/dev6.erresse-shop.it\/shop\/"},{"@type":"ListItem","position":3,"name":"SMEG 50&#8217;s Style Mini Hervidor Blanco"}]},{"@type":"WebSite","@id":"https:\/\/dev6.erresse-shop.it\/#website","url":"https:\/\/dev6.erresse-shop.it\/","name":"Erresse Shop","description":"","publisher":{"@id":"https:\/\/dev6.erresse-shop.it\/#organization"},"potentialAction":[{"@type":"SearchAction","target":{"@type":"EntryPoint","urlTemplate":"https:\/\/dev6.erresse-shop.it\/?s={search_term_string}"},"query-input":{"@type":"PropertyValueSpecification","valueRequired":true,"valueName":"search_term_string"}}],"inLanguage":"es"},{"@type":"Organization","@id":"https:\/\/dev6.erresse-shop.it\/#organization","name":"Erresse Shop","url":"https:\/\/dev6.erresse-shop.it\/","logo":{"@type":"ImageObject","inLanguage":"es","@id":"https:\/\/dev6.erresse-shop.it\/#\/schema\/logo\/image\/","url":"https:\/\/dev6.erresse-shop.it\/wp-content\/uploads\/2025\/01\/LOGO-ERRESSE-CLASSICO.svg","contentUrl":"https:\/\/dev6.erresse-shop.it\/wp-content\/uploads\/2025\/01\/LOGO-ERRESSE-CLASSICO.svg","caption":"Erresse Shop"},"image":{"@id":"https:\/\/dev6.erresse-shop.it\/#\/schema\/logo\/image\/"}}]}},"df_price":129,"df_sale_price":"","df_regular_price":129,"df_image_link":"https:\/\/i0.wp.com\/interpim.erresse-shop.it\/img-catalogo\/smeg\/smeg-anni-50-mini-bollitore-bianco.png?resize=300,300&ssl=1","fifu_image_url":"https:\/\/interpim.erresse-shop.it\/img-catalogo\/smeg\/smeg-anni-50-mini-bollitore-bianco.png","_links":{"self":[{"href":"https:\/\/dev6.erresse-shop.it\/es\/wp-json\/wp\/v2\/product\/1878404","targetHints":{"allow":["GET"]}}],"collection":[{"href":"https:\/\/dev6.erresse-shop.it\/es\/wp-json\/wp\/v2\/product"}],"about":[{"href":"https:\/\/dev6.erresse-shop.it\/es\/wp-json\/wp\/v2\/types\/product"}],"wp:featuredmedia":[{"embeddable":true,"href":"https:\/\/dev6.erresse-shop.it\/es\/wp-json\/wp\/v2\/media\/6356340"}],"wp:attachment":[{"href":"https:\/\/dev6.erresse-shop.it\/es\/wp-json\/wp\/v2\/media?parent=1878404"}],"wp:term":[{"taxonomy":"product_cat","embeddable":true,"href":"https:\/\/dev6.erresse-shop.it\/es\/wp-json\/wp\/v2\/product_cat?post=1878404"},{"taxonomy":"product_tag","embeddable":true,"href":"https:\/\/dev6.erresse-shop.it\/es\/wp-json\/wp\/v2\/product_tag?post=1878404"}],"curies":[{"name":"wp","href":"https:\/\/api.w.org\/{rel}","templated":true}]}}