{"id":1878330,"date":"2026-04-04T08:59:49","date_gmt":"2026-04-04T06:59:49","guid":{"rendered":"https:\/\/dev6.erresse-shop.it\/shop\/sin%20categor\u00eda\/carlo-moretti-vaso-quato-de-cristal-de-murano-rojo\/"},"modified":"2025-09-14T08:04:23","modified_gmt":"2025-09-14T06:04:23","slug":"carlo-moretti-vaso-quato-de-cristal-de-murano-rojo","status":"publish","type":"product","link":"https:\/\/dev6.erresse-shop.it\/es\/shop\/tabla\/vasos\/carlo-moretti-vaso-quato-de-cristal-de-murano-rojo\/","title":{"rendered":"CARLO MORETTI Vaso Quato de Cristal de Murano Rojo"},"content":{"rendered":"<p>Vasos de secci\u00f3n ovalada irregular, inclinados, en cristal de Murano, soplados a boca y acabados a mano alzada en diversos motivos decorativos aplicados en caliente de: murrina, juncos, festones, manchas, bandas, anillos y espirales de colores, hojas de oro y plata, colores transparentes y en pasta. Firmado y fechado.<\/p>\n<p>La pureza de las formas se une al color en los vasos QuaTo. Carlo Moretti, interpretando las infinitas posibilidades expresivas del vidrio, crea una colecci\u00f3n de vasos en estilo mix and match, para alegrar la mesa con diferentes colores y texturas. Soplado a boca y acabado a mano.<\/p>\n<p>El vidrio y el cristal de Murano: elementos de valor totalmente italianos que encuentran su m\u00e1xima expresi\u00f3n en las preciosas colecciones dise\u00f1adas por Carlo Moretti, empresa con sede en las peque\u00f1as islas que conforman Murano. El prestigio de esta empresa de Murano se debe a la gran maestr\u00eda en el uso del vidrio y el cristal, este \u00faltimo de mayor resistencia debido a la adici\u00f3n de plomo en la mezcla.<\/p>\n<p>Vaso de Murano trabajado y pintado totalmente a mano. Por ello, cada pieza es \u00fanica e inimitable.<br \/>\nPida m\u00e1s vasos de Carlo Moretti para tener una colecci\u00f3n \u00fanica.<\/p>\n<p>Cantidad: 1 vaso<\/p>\n","protected":false},"excerpt":{"rendered":"<p>Vasos de secci\u00f3n ovalada irregular, inclinados, en cristal de Murano, soplados a boca y acabados a mano alzada en diversos motivos decorativos aplicados en caliente de: murrina, juncos, festones, manchas, bandas, anillos y espirales de colores, hojas de oro y plata, colores transparentes y en pasta. Firmado y fechado. La pureza de las formas se [&hellip;]<\/p>\n","protected":false},"featured_media":6272739,"template":"","meta":{"_acf_changed":false},"product_cat":[11887,11671,11901],"product_tag":[],"class_list":{"0":"post-1878330","1":"product","2":"type-product","3":"status-publish","4":"has-post-thumbnail","6":"product_cat-tabla","7":"product_cat-tavola","8":"product_cat-vasos","10":"first","11":"outofstock","12":"sale","13":"taxable","14":"shipping-taxable","15":"purchasable","16":"product-type-simple","swatches":"rey-swatches","show_selected":"","stretch_labels":"rey-swatches--stretch-labels"},"acf":[],"yoast_head":"<!-- This site is optimized with the Yoast SEO plugin v25.4 - https:\/\/yoast.com\/wordpress\/plugins\/seo\/ -->\n<title>CARLO MORETTI Vaso Quato de Cristal de Murano Rojo - dev6 Erresse<\/title>\n<meta name=\"description\" content=\"Vasos de secci\u00f3n ovalada irregular, inclinados, en cristal de Murano, soplados a boca y acabados a mano alzada en diversos motivos decorativos aplicados\" \/>\n<meta name=\"robots\" content=\"noindex, follow, max-snippet:-1, max-image-preview:large, max-video-preview:-1\" \/>\n<meta property=\"og:locale\" content=\"es_ES\" \/>\n<meta property=\"og:type\" content=\"article\" \/>\n<meta property=\"og:title\" content=\"CARLO MORETTI Vaso Quato de Cristal de Murano Rojo - dev6 Erresse\" \/>\n<meta property=\"og:description\" content=\"Vasos de secci\u00f3n ovalada irregular, inclinados, en cristal de Murano, soplados a boca y acabados a mano alzada en diversos motivos decorativos aplicados\" \/>\n<meta property=\"og:url\" content=\"https:\/\/dev6.erresse-shop.it\/es\/shop\/tabla\/vasos\/carlo-moretti-vaso-quato-de-cristal-de-murano-rojo\/\" \/>\n<meta property=\"og:site_name\" content=\"dev6 Erresse\" \/>\n<meta property=\"og:image\" content=\"https:\/\/interpim.erresse-shop.it\/Import\/Prodotti\/402.095.300.jpg\" \/><meta property=\"og:image\" content=\"https:\/\/interpim.erresse-shop.it\/Import\/Prodotti\/402.095.300.jpg\" \/>\n\t<meta property=\"og:image:width\" content=\"1024\" \/>\n\t<meta property=\"og:image:height\" content=\"1024\" \/>\n\t<meta property=\"og:image:type\" content=\"image\/jpeg\" \/>\n<meta name=\"twitter:card\" content=\"summary_large_image\" \/>\n<meta name=\"twitter:image\" content=\"https:\/\/interpim.erresse-shop.it\/Import\/Prodotti\/402.095.300.jpg\" \/>\n<script type=\"application\/ld+json\" class=\"yoast-schema-graph\">{\"@context\":\"https:\/\/schema.org\",\"@graph\":[{\"@type\":\"WebPage\",\"@id\":\"https:\/\/dev6.erresse-shop.it\/es\/shop\/tabla\/vasos\/carlo-moretti-vaso-quato-de-cristal-de-murano-rojo\/\",\"url\":\"https:\/\/dev6.erresse-shop.it\/es\/shop\/tabla\/vasos\/carlo-moretti-vaso-quato-de-cristal-de-murano-rojo\/\",\"name\":\"CARLO MORETTI Vaso Quato de Cristal de Murano Rojo - dev6 Erresse\",\"isPartOf\":{\"@id\":\"https:\/\/dev6.erresse-shop.it\/#website\"},\"primaryImageOfPage\":{\"@id\":\"https:\/\/dev6.erresse-shop.it\/es\/shop\/tabla\/vasos\/carlo-moretti-vaso-quato-de-cristal-de-murano-rojo\/#primaryimage\"},\"image\":{\"@id\":\"https:\/\/dev6.erresse-shop.it\/es\/shop\/tabla\/vasos\/carlo-moretti-vaso-quato-de-cristal-de-murano-rojo\/#primaryimage\"},\"thumbnailUrl\":\"https:\/\/i3.wp.com\/interpim.erresse-shop.it\/Import\/Prodotti\/402.095.300.jpg?ssl=1\",\"datePublished\":\"2026-04-04T06:59:49+00:00\",\"description\":\"Vasos de secci\u00f3n ovalada irregular, inclinados, en cristal de Murano, soplados a boca y acabados a mano alzada en diversos motivos decorativos aplicados\",\"breadcrumb\":{\"@id\":\"https:\/\/dev6.erresse-shop.it\/es\/shop\/tabla\/vasos\/carlo-moretti-vaso-quato-de-cristal-de-murano-rojo\/#breadcrumb\"},\"inLanguage\":\"es\",\"potentialAction\":[{\"@type\":\"ReadAction\",\"target\":[\"https:\/\/dev6.erresse-shop.it\/es\/shop\/tabla\/vasos\/carlo-moretti-vaso-quato-de-cristal-de-murano-rojo\/\"]}]},{\"@type\":\"ImageObject\",\"inLanguage\":\"es\",\"@id\":\"https:\/\/dev6.erresse-shop.it\/es\/shop\/tabla\/vasos\/carlo-moretti-vaso-quato-de-cristal-de-murano-rojo\/#primaryimage\",\"url\":\"https:\/\/i3.wp.com\/interpim.erresse-shop.it\/Import\/Prodotti\/402.095.300.jpg?ssl=1\",\"contentUrl\":\"https:\/\/i3.wp.com\/interpim.erresse-shop.it\/Import\/Prodotti\/402.095.300.jpg?ssl=1\"},{\"@type\":\"BreadcrumbList\",\"@id\":\"https:\/\/dev6.erresse-shop.it\/es\/shop\/tabla\/vasos\/carlo-moretti-vaso-quato-de-cristal-de-murano-rojo\/#breadcrumb\",\"itemListElement\":[{\"@type\":\"ListItem\",\"position\":1,\"name\":\"Home\",\"item\":\"https:\/\/dev6.erresse-shop.it\/\"},{\"@type\":\"ListItem\",\"position\":2,\"name\":\"Tienda\",\"item\":\"https:\/\/dev6.erresse-shop.it\/shop\/\"},{\"@type\":\"ListItem\",\"position\":3,\"name\":\"CARLO MORETTI Vaso Quato de Cristal de Murano Rojo\"}]},{\"@type\":\"WebSite\",\"@id\":\"https:\/\/dev6.erresse-shop.it\/#website\",\"url\":\"https:\/\/dev6.erresse-shop.it\/\",\"name\":\"Erresse Shop\",\"description\":\"\",\"publisher\":{\"@id\":\"https:\/\/dev6.erresse-shop.it\/#organization\"},\"potentialAction\":[{\"@type\":\"SearchAction\",\"target\":{\"@type\":\"EntryPoint\",\"urlTemplate\":\"https:\/\/dev6.erresse-shop.it\/?s={search_term_string}\"},\"query-input\":{\"@type\":\"PropertyValueSpecification\",\"valueRequired\":true,\"valueName\":\"search_term_string\"}}],\"inLanguage\":\"es\"},{\"@type\":\"Organization\",\"@id\":\"https:\/\/dev6.erresse-shop.it\/#organization\",\"name\":\"Erresse Shop\",\"url\":\"https:\/\/dev6.erresse-shop.it\/\",\"logo\":{\"@type\":\"ImageObject\",\"inLanguage\":\"es\",\"@id\":\"https:\/\/dev6.erresse-shop.it\/#\/schema\/logo\/image\/\",\"url\":\"https:\/\/dev6.erresse-shop.it\/wp-content\/uploads\/2025\/01\/LOGO-ERRESSE-CLASSICO.svg\",\"contentUrl\":\"https:\/\/dev6.erresse-shop.it\/wp-content\/uploads\/2025\/01\/LOGO-ERRESSE-CLASSICO.svg\",\"caption\":\"Erresse Shop\"},\"image\":{\"@id\":\"https:\/\/dev6.erresse-shop.it\/#\/schema\/logo\/image\/\"}}]}<\/script>\n<!-- \/ Yoast SEO plugin. -->","yoast_head_json":{"title":"CARLO MORETTI Vaso Quato de Cristal de Murano Rojo - dev6 Erresse","description":"Vasos de secci\u00f3n ovalada irregular, inclinados, en cristal de Murano, soplados a boca y acabados a mano alzada en diversos motivos decorativos aplicados","robots":{"index":"noindex","follow":"follow","max-snippet":"max-snippet:-1","max-image-preview":"max-image-preview:large","max-video-preview":"max-video-preview:-1"},"og_locale":"es_ES","og_type":"article","og_title":"CARLO MORETTI Vaso Quato de Cristal de Murano Rojo - dev6 Erresse","og_description":"Vasos de secci\u00f3n ovalada irregular, inclinados, en cristal de Murano, soplados a boca y acabados a mano alzada en diversos motivos decorativos aplicados","og_url":"https:\/\/dev6.erresse-shop.it\/es\/shop\/tabla\/vasos\/carlo-moretti-vaso-quato-de-cristal-de-murano-rojo\/","og_site_name":"dev6 Erresse","og_image":[{"url":"https:\/\/interpim.erresse-shop.it\/Import\/Prodotti\/402.095.300.jpg","type":"","width":"","height":""},{"url":"https:\/\/interpim.erresse-shop.it\/Import\/Prodotti\/402.095.300.jpg","width":1024,"height":1024,"type":"image\/jpeg"}],"twitter_card":"summary_large_image","twitter_image":"https:\/\/interpim.erresse-shop.it\/Import\/Prodotti\/402.095.300.jpg","schema":{"@context":"https:\/\/schema.org","@graph":[{"@type":"WebPage","@id":"https:\/\/dev6.erresse-shop.it\/es\/shop\/tabla\/vasos\/carlo-moretti-vaso-quato-de-cristal-de-murano-rojo\/","url":"https:\/\/dev6.erresse-shop.it\/es\/shop\/tabla\/vasos\/carlo-moretti-vaso-quato-de-cristal-de-murano-rojo\/","name":"CARLO MORETTI Vaso Quato de Cristal de Murano Rojo - dev6 Erresse","isPartOf":{"@id":"https:\/\/dev6.erresse-shop.it\/#website"},"primaryImageOfPage":{"@id":"https:\/\/dev6.erresse-shop.it\/es\/shop\/tabla\/vasos\/carlo-moretti-vaso-quato-de-cristal-de-murano-rojo\/#primaryimage"},"image":{"@id":"https:\/\/dev6.erresse-shop.it\/es\/shop\/tabla\/vasos\/carlo-moretti-vaso-quato-de-cristal-de-murano-rojo\/#primaryimage"},"thumbnailUrl":"https:\/\/i3.wp.com\/interpim.erresse-shop.it\/Import\/Prodotti\/402.095.300.jpg?ssl=1","datePublished":"2026-04-04T06:59:49+00:00","description":"Vasos de secci\u00f3n ovalada irregular, inclinados, en cristal de Murano, soplados a boca y acabados a mano alzada en diversos motivos decorativos aplicados","breadcrumb":{"@id":"https:\/\/dev6.erresse-shop.it\/es\/shop\/tabla\/vasos\/carlo-moretti-vaso-quato-de-cristal-de-murano-rojo\/#breadcrumb"},"inLanguage":"es","potentialAction":[{"@type":"ReadAction","target":["https:\/\/dev6.erresse-shop.it\/es\/shop\/tabla\/vasos\/carlo-moretti-vaso-quato-de-cristal-de-murano-rojo\/"]}]},{"@type":"ImageObject","inLanguage":"es","@id":"https:\/\/dev6.erresse-shop.it\/es\/shop\/tabla\/vasos\/carlo-moretti-vaso-quato-de-cristal-de-murano-rojo\/#primaryimage","url":"https:\/\/i3.wp.com\/interpim.erresse-shop.it\/Import\/Prodotti\/402.095.300.jpg?ssl=1","contentUrl":"https:\/\/i3.wp.com\/interpim.erresse-shop.it\/Import\/Prodotti\/402.095.300.jpg?ssl=1"},{"@type":"BreadcrumbList","@id":"https:\/\/dev6.erresse-shop.it\/es\/shop\/tabla\/vasos\/carlo-moretti-vaso-quato-de-cristal-de-murano-rojo\/#breadcrumb","itemListElement":[{"@type":"ListItem","position":1,"name":"Home","item":"https:\/\/dev6.erresse-shop.it\/"},{"@type":"ListItem","position":2,"name":"Tienda","item":"https:\/\/dev6.erresse-shop.it\/shop\/"},{"@type":"ListItem","position":3,"name":"CARLO MORETTI Vaso Quato de Cristal de Murano Rojo"}]},{"@type":"WebSite","@id":"https:\/\/dev6.erresse-shop.it\/#website","url":"https:\/\/dev6.erresse-shop.it\/","name":"Erresse Shop","description":"","publisher":{"@id":"https:\/\/dev6.erresse-shop.it\/#organization"},"potentialAction":[{"@type":"SearchAction","target":{"@type":"EntryPoint","urlTemplate":"https:\/\/dev6.erresse-shop.it\/?s={search_term_string}"},"query-input":{"@type":"PropertyValueSpecification","valueRequired":true,"valueName":"search_term_string"}}],"inLanguage":"es"},{"@type":"Organization","@id":"https:\/\/dev6.erresse-shop.it\/#organization","name":"Erresse Shop","url":"https:\/\/dev6.erresse-shop.it\/","logo":{"@type":"ImageObject","inLanguage":"es","@id":"https:\/\/dev6.erresse-shop.it\/#\/schema\/logo\/image\/","url":"https:\/\/dev6.erresse-shop.it\/wp-content\/uploads\/2025\/01\/LOGO-ERRESSE-CLASSICO.svg","contentUrl":"https:\/\/dev6.erresse-shop.it\/wp-content\/uploads\/2025\/01\/LOGO-ERRESSE-CLASSICO.svg","caption":"Erresse Shop"},"image":{"@id":"https:\/\/dev6.erresse-shop.it\/#\/schema\/logo\/image\/"}}]}},"df_price":54,"df_sale_price":54,"df_regular_price":56,"df_image_link":"https:\/\/i3.wp.com\/interpim.erresse-shop.it\/Import\/Prodotti\/402.095.300.jpg?resize=300,300&ssl=1","fifu_image_url":"https:\/\/interpim.erresse-shop.it\/Import\/Prodotti\/402.095.300.jpg","_links":{"self":[{"href":"https:\/\/dev6.erresse-shop.it\/es\/wp-json\/wp\/v2\/product\/1878330","targetHints":{"allow":["GET"]}}],"collection":[{"href":"https:\/\/dev6.erresse-shop.it\/es\/wp-json\/wp\/v2\/product"}],"about":[{"href":"https:\/\/dev6.erresse-shop.it\/es\/wp-json\/wp\/v2\/types\/product"}],"wp:featuredmedia":[{"embeddable":true,"href":"https:\/\/dev6.erresse-shop.it\/es\/wp-json\/wp\/v2\/media\/6272739"}],"wp:attachment":[{"href":"https:\/\/dev6.erresse-shop.it\/es\/wp-json\/wp\/v2\/media?parent=1878330"}],"wp:term":[{"taxonomy":"product_cat","embeddable":true,"href":"https:\/\/dev6.erresse-shop.it\/es\/wp-json\/wp\/v2\/product_cat?post=1878330"},{"taxonomy":"product_tag","embeddable":true,"href":"https:\/\/dev6.erresse-shop.it\/es\/wp-json\/wp\/v2\/product_tag?post=1878330"}],"curies":[{"name":"wp","href":"https:\/\/api.w.org\/{rel}","templated":true}]}}