{"id":1878312,"date":"2026-04-12T09:00:11","date_gmt":"2026-04-12T07:00:11","guid":{"rendered":"https:\/\/dev6.erresse-shop.it\/shop\/sin%20categor\u00eda\/berkel-rebanadora-domestica-red-line-300-rojo\/"},"modified":"2025-07-19T04:17:19","modified_gmt":"2025-07-19T02:17:19","slug":"berkel-rebanadora-domestica-red-line-300-rojo","status":"publish","type":"product","link":"https:\/\/dev6.erresse-shop.it\/es\/shop\/pequenos-electrodomesticos\/cortadoras\/berkel-rebanadora-domestica-red-line-300-rojo\/","title":{"rendered":"BERKEL Rebanadora Dom\u00e9stica Red Line 300 Rojo"},"content":{"rendered":"<p>RED LINE, CORTADORA EL\u00c9CTRICA PROFESIONAL PARA USO DOM\u00c9STICO<br \/>\nDe la tecnolog\u00eda de las cortadoras profesionales de Berkel nace RED LINE, la cortadora el\u00e9ctrica para uso dom\u00e9stico, elegante y ligera en la cocina, pero con prestaciones profesionales, fabricada en aleaci\u00f3n especial de aluminio.<\/p>\n<p>La cuchilla de acero proporciona un corte perfecto, reduce los residuos y garantiza unas lonchas finas y uniformes. El afilador incorporado facilita un excelente afilado de las cuchillas, aumentando su eficacia y su vida \u00fatil. La f\u00e1cil extracci\u00f3n de la protecci\u00f3n de la cuchilla, la cubierta de la cuchilla y la placa facilita enormemente las operaciones para una limpieza r\u00e1pida y precisa.<\/p>\n<p>CORTADORA PROFESIONAL CON DISE\u00d1O MODERNO Y ELEGANTE<br \/>\n\u2013 Deflector de protecci\u00f3n de la cuchilla atornillable<br \/>\n\u2013 Acabado de alto brillo del anillo de la cubierta de la cuchilla<br \/>\n\u2013 Caja de protecci\u00f3n: la parte inferior de la m\u00e1quina est\u00e1 completamente cerrada para eliminar los riesgos para el operador durante el movimiento y la limpieza<br \/>\n\u2013 Afilador incorporado<br \/>\n\u2013 Prestigioso elemento de mobiliario que distingue las habitaciones m\u00e1s codiciadas<br \/>\n\u2013 L\u00edneas suaves y curvas y amplio espacio para una limpieza r\u00e1pida y precisa<br \/>\n\u2013 Marco de aleaci\u00f3n de aluminio especial<br \/>\n\u2013 Hoja de acero cromado con perfil profesional<br \/>\n\u2013 Capacidad de corte y funcionalidad altamente profesional<br \/>\n\u2013 Dispositivos de seguridad de \u00faltima generaci\u00f3n<br \/>\n\u2013 Placa profesional con sistema de liberaci\u00f3n autom\u00e1tica para facilitar la limpieza<br \/>\n\u2013 Sistema de extracci\u00f3n autom\u00e1tica de la cubierta de la cuchilla<br \/>\n\u2013 Sistema integrado de ajuste milim\u00e9trico del grosor de las lonchas<\/p>\n<p>LIMPIEZA E HIGIENE<br \/>\nCaja hecha de una sola pieza de fundici\u00f3n que no deja huecos<br \/>\nProtector de la cuchilla de aluminio de grado alimentario de extracci\u00f3n r\u00e1pida para facilitar la limpieza de la cuchilla<br \/>\nPlaca basculante para la limpieza r\u00e1pida del cuerpo de la m\u00e1quina<br \/>\nEspacio previsto para la recogida de peque\u00f1os restos de comida<br \/>\nAmplio espacio para la limpieza<br \/>\nEmpujador de acero f\u00e1cilmente extra\u00edble y apto para el lavavajillas<br \/>\nBase con placa de aluminio que hace que no haya espacio entre la m\u00e1quina y la encimera<\/p>\n<p>SEGURIDAD<br \/>\nPanel de control profesional con interruptores ON\/OFF iluminados con LEDs de alta visibilidad<br \/>\nAnillo de protecci\u00f3n de la hoja de aluminio de calidad alimentaria para mayor seguridad<br \/>\nControles ergon\u00f3micos en una posici\u00f3n f\u00e1cil para minimizar el esfuerzo del operador<\/p>\n<p>CARACTER\u00cdSTICAS T\u00c9CNICAS<br \/>\nPeso: 27 kg<br \/>\nAltura: 48 cm<br \/>\nProfundidad: 63,5 cm<br \/>\nAnchura: 47,5 cm<br \/>\nDi\u00e1metro de la hoja: 30 cm<br \/>\nEnchufe: cable incluido con enchufe de la UE<br \/>\nEspecificaciones el\u00e9ctricas: 230 V 50 Hz<br \/>\nPotencia del motor: 0,31 kw \/ 0,42 CV<br \/>\nEspesor de corte: 0 \u2013 12 mm<br \/>\nCapacidad de corte (circular): 230 mm<br \/>\nCapacidad de corte (rectangular): 245X230 mm<br \/>\nPiezas desmontables: Disco de protecci\u00f3n de la cuchilla, prensa de la cuchilla, placa de corte, deflector de aletas<br \/>\nAfilador: incluido, dos movimientos<br \/>\nExtractor de cuchillas: grandes espacios de limpieza, no es necesario<\/p>\n<p>No se vende fuera de Europa<\/p>\n","protected":false},"excerpt":{"rendered":"<p>RED LINE, CORTADORA EL\u00c9CTRICA PROFESIONAL PARA USO DOM\u00c9STICO De la tecnolog\u00eda de las cortadoras profesionales de Berkel nace RED LINE, la cortadora el\u00e9ctrica para uso dom\u00e9stico, elegante y ligera en la cocina, pero con prestaciones profesionales, fabricada en aleaci\u00f3n especial de aluminio. La cuchilla de acero proporciona un corte perfecto, reduce los residuos y garantiza [&hellip;]<\/p>\n","protected":false},"featured_media":6355893,"template":"","meta":{"_acf_changed":false},"product_cat":[11965,11947],"product_tag":[],"class_list":{"0":"post-1878312","1":"product","2":"type-product","3":"status-publish","4":"has-post-thumbnail","6":"product_cat-cortadoras","7":"product_cat-pequenos-electrodomesticos","9":"first","10":"instock","11":"sale","12":"taxable","13":"shipping-taxable","14":"purchasable","15":"product-type-simple","swatches":"rey-swatches","show_selected":"","stretch_labels":"rey-swatches--stretch-labels"},"acf":[],"yoast_head":"<!-- This site is optimized with the Yoast SEO plugin v25.4 - https:\/\/yoast.com\/wordpress\/plugins\/seo\/ -->\n<title>BERKEL Rebanadora Dom\u00e9stica Red Line 300 Rojo - dev6 Erresse<\/title>\n<meta name=\"description\" content=\"RED LINE, CORTADORA EL\u00c9CTRICA PROFESIONAL PARA USO DOM\u00c9STICO De la tecnolog\u00eda de las cortadoras profesionales de Berkel nace RED LINE, la cortadora\" \/>\n<meta name=\"robots\" content=\"noindex, follow, max-snippet:-1, max-image-preview:large, max-video-preview:-1\" \/>\n<meta property=\"og:locale\" content=\"es_ES\" \/>\n<meta property=\"og:type\" content=\"article\" \/>\n<meta property=\"og:title\" content=\"BERKEL Rebanadora Dom\u00e9stica Red Line 300 Rojo - dev6 Erresse\" \/>\n<meta property=\"og:description\" content=\"RED LINE, CORTADORA EL\u00c9CTRICA PROFESIONAL PARA USO DOM\u00c9STICO De la tecnolog\u00eda de las cortadoras profesionales de Berkel nace RED LINE, la cortadora\" \/>\n<meta property=\"og:url\" content=\"https:\/\/dev6.erresse-shop.it\/es\/shop\/pequenos-electrodomesticos\/cortadoras\/berkel-rebanadora-domestica-red-line-300-rojo\/\" \/>\n<meta property=\"og:site_name\" content=\"dev6 Erresse\" \/>\n<meta property=\"og:image\" content=\"https:\/\/interpim.erresse-shop.it\/Import\/Prodotti\/berkel-affettatrice-red-line-300.jpg\" \/><meta property=\"og:image\" content=\"https:\/\/interpim.erresse-shop.it\/Import\/Prodotti\/berkel-affettatrice-red-line-300.jpg\" \/>\n\t<meta property=\"og:image:width\" content=\"1024\" \/>\n\t<meta property=\"og:image:height\" content=\"1024\" \/>\n\t<meta property=\"og:image:type\" content=\"image\/jpeg\" \/>\n<meta name=\"twitter:card\" content=\"summary_large_image\" \/>\n<meta name=\"twitter:image\" content=\"https:\/\/interpim.erresse-shop.it\/Import\/Prodotti\/berkel-affettatrice-red-line-300.jpg\" \/>\n<script type=\"application\/ld+json\" class=\"yoast-schema-graph\">{\"@context\":\"https:\/\/schema.org\",\"@graph\":[{\"@type\":\"WebPage\",\"@id\":\"https:\/\/dev6.erresse-shop.it\/es\/shop\/pequenos-electrodomesticos\/cortadoras\/berkel-rebanadora-domestica-red-line-300-rojo\/\",\"url\":\"https:\/\/dev6.erresse-shop.it\/es\/shop\/pequenos-electrodomesticos\/cortadoras\/berkel-rebanadora-domestica-red-line-300-rojo\/\",\"name\":\"BERKEL Rebanadora Dom\u00e9stica Red Line 300 Rojo - dev6 Erresse\",\"isPartOf\":{\"@id\":\"https:\/\/dev6.erresse-shop.it\/#website\"},\"primaryImageOfPage\":{\"@id\":\"https:\/\/dev6.erresse-shop.it\/es\/shop\/pequenos-electrodomesticos\/cortadoras\/berkel-rebanadora-domestica-red-line-300-rojo\/#primaryimage\"},\"image\":{\"@id\":\"https:\/\/dev6.erresse-shop.it\/es\/shop\/pequenos-electrodomesticos\/cortadoras\/berkel-rebanadora-domestica-red-line-300-rojo\/#primaryimage\"},\"thumbnailUrl\":\"https:\/\/i3.wp.com\/interpim.erresse-shop.it\/Import\/Prodotti\/berkel-affettatrice-red-line-300.jpg?ssl=1\",\"datePublished\":\"2026-04-12T07:00:11+00:00\",\"description\":\"RED LINE, CORTADORA EL\u00c9CTRICA PROFESIONAL PARA USO DOM\u00c9STICO De la tecnolog\u00eda de las cortadoras profesionales de Berkel nace RED LINE, la cortadora\",\"breadcrumb\":{\"@id\":\"https:\/\/dev6.erresse-shop.it\/es\/shop\/pequenos-electrodomesticos\/cortadoras\/berkel-rebanadora-domestica-red-line-300-rojo\/#breadcrumb\"},\"inLanguage\":\"es\",\"potentialAction\":[{\"@type\":\"ReadAction\",\"target\":[\"https:\/\/dev6.erresse-shop.it\/es\/shop\/pequenos-electrodomesticos\/cortadoras\/berkel-rebanadora-domestica-red-line-300-rojo\/\"]}]},{\"@type\":\"ImageObject\",\"inLanguage\":\"es\",\"@id\":\"https:\/\/dev6.erresse-shop.it\/es\/shop\/pequenos-electrodomesticos\/cortadoras\/berkel-rebanadora-domestica-red-line-300-rojo\/#primaryimage\",\"url\":\"https:\/\/i3.wp.com\/interpim.erresse-shop.it\/Import\/Prodotti\/berkel-affettatrice-red-line-300.jpg?ssl=1\",\"contentUrl\":\"https:\/\/i3.wp.com\/interpim.erresse-shop.it\/Import\/Prodotti\/berkel-affettatrice-red-line-300.jpg?ssl=1\"},{\"@type\":\"BreadcrumbList\",\"@id\":\"https:\/\/dev6.erresse-shop.it\/es\/shop\/pequenos-electrodomesticos\/cortadoras\/berkel-rebanadora-domestica-red-line-300-rojo\/#breadcrumb\",\"itemListElement\":[{\"@type\":\"ListItem\",\"position\":1,\"name\":\"Home\",\"item\":\"https:\/\/dev6.erresse-shop.it\/\"},{\"@type\":\"ListItem\",\"position\":2,\"name\":\"Tienda\",\"item\":\"https:\/\/dev6.erresse-shop.it\/shop\/\"},{\"@type\":\"ListItem\",\"position\":3,\"name\":\"BERKEL Rebanadora Dom\u00e9stica Red Line 300 Rojo\"}]},{\"@type\":\"WebSite\",\"@id\":\"https:\/\/dev6.erresse-shop.it\/#website\",\"url\":\"https:\/\/dev6.erresse-shop.it\/\",\"name\":\"Erresse Shop\",\"description\":\"\",\"publisher\":{\"@id\":\"https:\/\/dev6.erresse-shop.it\/#organization\"},\"potentialAction\":[{\"@type\":\"SearchAction\",\"target\":{\"@type\":\"EntryPoint\",\"urlTemplate\":\"https:\/\/dev6.erresse-shop.it\/?s={search_term_string}\"},\"query-input\":{\"@type\":\"PropertyValueSpecification\",\"valueRequired\":true,\"valueName\":\"search_term_string\"}}],\"inLanguage\":\"es\"},{\"@type\":\"Organization\",\"@id\":\"https:\/\/dev6.erresse-shop.it\/#organization\",\"name\":\"Erresse Shop\",\"url\":\"https:\/\/dev6.erresse-shop.it\/\",\"logo\":{\"@type\":\"ImageObject\",\"inLanguage\":\"es\",\"@id\":\"https:\/\/dev6.erresse-shop.it\/#\/schema\/logo\/image\/\",\"url\":\"https:\/\/dev6.erresse-shop.it\/wp-content\/uploads\/2025\/01\/LOGO-ERRESSE-CLASSICO.svg\",\"contentUrl\":\"https:\/\/dev6.erresse-shop.it\/wp-content\/uploads\/2025\/01\/LOGO-ERRESSE-CLASSICO.svg\",\"caption\":\"Erresse Shop\"},\"image\":{\"@id\":\"https:\/\/dev6.erresse-shop.it\/#\/schema\/logo\/image\/\"}}]}<\/script>\n<!-- \/ Yoast SEO plugin. -->","yoast_head_json":{"title":"BERKEL Rebanadora Dom\u00e9stica Red Line 300 Rojo - dev6 Erresse","description":"RED LINE, CORTADORA EL\u00c9CTRICA PROFESIONAL PARA USO DOM\u00c9STICO De la tecnolog\u00eda de las cortadoras profesionales de Berkel nace RED LINE, la cortadora","robots":{"index":"noindex","follow":"follow","max-snippet":"max-snippet:-1","max-image-preview":"max-image-preview:large","max-video-preview":"max-video-preview:-1"},"og_locale":"es_ES","og_type":"article","og_title":"BERKEL Rebanadora Dom\u00e9stica Red Line 300 Rojo - dev6 Erresse","og_description":"RED LINE, CORTADORA EL\u00c9CTRICA PROFESIONAL PARA USO DOM\u00c9STICO De la tecnolog\u00eda de las cortadoras profesionales de Berkel nace RED LINE, la cortadora","og_url":"https:\/\/dev6.erresse-shop.it\/es\/shop\/pequenos-electrodomesticos\/cortadoras\/berkel-rebanadora-domestica-red-line-300-rojo\/","og_site_name":"dev6 Erresse","og_image":[{"url":"https:\/\/interpim.erresse-shop.it\/Import\/Prodotti\/berkel-affettatrice-red-line-300.jpg","type":"","width":"","height":""},{"url":"https:\/\/interpim.erresse-shop.it\/Import\/Prodotti\/berkel-affettatrice-red-line-300.jpg","width":1024,"height":1024,"type":"image\/jpeg"}],"twitter_card":"summary_large_image","twitter_image":"https:\/\/interpim.erresse-shop.it\/Import\/Prodotti\/berkel-affettatrice-red-line-300.jpg","schema":{"@context":"https:\/\/schema.org","@graph":[{"@type":"WebPage","@id":"https:\/\/dev6.erresse-shop.it\/es\/shop\/pequenos-electrodomesticos\/cortadoras\/berkel-rebanadora-domestica-red-line-300-rojo\/","url":"https:\/\/dev6.erresse-shop.it\/es\/shop\/pequenos-electrodomesticos\/cortadoras\/berkel-rebanadora-domestica-red-line-300-rojo\/","name":"BERKEL Rebanadora Dom\u00e9stica Red Line 300 Rojo - dev6 Erresse","isPartOf":{"@id":"https:\/\/dev6.erresse-shop.it\/#website"},"primaryImageOfPage":{"@id":"https:\/\/dev6.erresse-shop.it\/es\/shop\/pequenos-electrodomesticos\/cortadoras\/berkel-rebanadora-domestica-red-line-300-rojo\/#primaryimage"},"image":{"@id":"https:\/\/dev6.erresse-shop.it\/es\/shop\/pequenos-electrodomesticos\/cortadoras\/berkel-rebanadora-domestica-red-line-300-rojo\/#primaryimage"},"thumbnailUrl":"https:\/\/i3.wp.com\/interpim.erresse-shop.it\/Import\/Prodotti\/berkel-affettatrice-red-line-300.jpg?ssl=1","datePublished":"2026-04-12T07:00:11+00:00","description":"RED LINE, CORTADORA EL\u00c9CTRICA PROFESIONAL PARA USO DOM\u00c9STICO De la tecnolog\u00eda de las cortadoras profesionales de Berkel nace RED LINE, la cortadora","breadcrumb":{"@id":"https:\/\/dev6.erresse-shop.it\/es\/shop\/pequenos-electrodomesticos\/cortadoras\/berkel-rebanadora-domestica-red-line-300-rojo\/#breadcrumb"},"inLanguage":"es","potentialAction":[{"@type":"ReadAction","target":["https:\/\/dev6.erresse-shop.it\/es\/shop\/pequenos-electrodomesticos\/cortadoras\/berkel-rebanadora-domestica-red-line-300-rojo\/"]}]},{"@type":"ImageObject","inLanguage":"es","@id":"https:\/\/dev6.erresse-shop.it\/es\/shop\/pequenos-electrodomesticos\/cortadoras\/berkel-rebanadora-domestica-red-line-300-rojo\/#primaryimage","url":"https:\/\/i3.wp.com\/interpim.erresse-shop.it\/Import\/Prodotti\/berkel-affettatrice-red-line-300.jpg?ssl=1","contentUrl":"https:\/\/i3.wp.com\/interpim.erresse-shop.it\/Import\/Prodotti\/berkel-affettatrice-red-line-300.jpg?ssl=1"},{"@type":"BreadcrumbList","@id":"https:\/\/dev6.erresse-shop.it\/es\/shop\/pequenos-electrodomesticos\/cortadoras\/berkel-rebanadora-domestica-red-line-300-rojo\/#breadcrumb","itemListElement":[{"@type":"ListItem","position":1,"name":"Home","item":"https:\/\/dev6.erresse-shop.it\/"},{"@type":"ListItem","position":2,"name":"Tienda","item":"https:\/\/dev6.erresse-shop.it\/shop\/"},{"@type":"ListItem","position":3,"name":"BERKEL Rebanadora Dom\u00e9stica Red Line 300 Rojo"}]},{"@type":"WebSite","@id":"https:\/\/dev6.erresse-shop.it\/#website","url":"https:\/\/dev6.erresse-shop.it\/","name":"Erresse Shop","description":"","publisher":{"@id":"https:\/\/dev6.erresse-shop.it\/#organization"},"potentialAction":[{"@type":"SearchAction","target":{"@type":"EntryPoint","urlTemplate":"https:\/\/dev6.erresse-shop.it\/?s={search_term_string}"},"query-input":{"@type":"PropertyValueSpecification","valueRequired":true,"valueName":"search_term_string"}}],"inLanguage":"es"},{"@type":"Organization","@id":"https:\/\/dev6.erresse-shop.it\/#organization","name":"Erresse Shop","url":"https:\/\/dev6.erresse-shop.it\/","logo":{"@type":"ImageObject","inLanguage":"es","@id":"https:\/\/dev6.erresse-shop.it\/#\/schema\/logo\/image\/","url":"https:\/\/dev6.erresse-shop.it\/wp-content\/uploads\/2025\/01\/LOGO-ERRESSE-CLASSICO.svg","contentUrl":"https:\/\/dev6.erresse-shop.it\/wp-content\/uploads\/2025\/01\/LOGO-ERRESSE-CLASSICO.svg","caption":"Erresse Shop"},"image":{"@id":"https:\/\/dev6.erresse-shop.it\/#\/schema\/logo\/image\/"}}]}},"df_price":1399,"df_sale_price":1399,"df_regular_price":1659,"df_image_link":"https:\/\/i3.wp.com\/interpim.erresse-shop.it\/Import\/Prodotti\/berkel-affettatrice-red-line-300.jpg?resize=300,300&ssl=1","fifu_image_url":"https:\/\/interpim.erresse-shop.it\/Import\/Prodotti\/berkel-affettatrice-red-line-300.jpg","_links":{"self":[{"href":"https:\/\/dev6.erresse-shop.it\/es\/wp-json\/wp\/v2\/product\/1878312","targetHints":{"allow":["GET"]}}],"collection":[{"href":"https:\/\/dev6.erresse-shop.it\/es\/wp-json\/wp\/v2\/product"}],"about":[{"href":"https:\/\/dev6.erresse-shop.it\/es\/wp-json\/wp\/v2\/types\/product"}],"wp:featuredmedia":[{"embeddable":true,"href":"https:\/\/dev6.erresse-shop.it\/es\/wp-json\/wp\/v2\/media\/6355893"}],"wp:attachment":[{"href":"https:\/\/dev6.erresse-shop.it\/es\/wp-json\/wp\/v2\/media?parent=1878312"}],"wp:term":[{"taxonomy":"product_cat","embeddable":true,"href":"https:\/\/dev6.erresse-shop.it\/es\/wp-json\/wp\/v2\/product_cat?post=1878312"},{"taxonomy":"product_tag","embeddable":true,"href":"https:\/\/dev6.erresse-shop.it\/es\/wp-json\/wp\/v2\/product_tag?post=1878312"}],"curies":[{"name":"wp","href":"https:\/\/api.w.org\/{rel}","templated":true}]}}