{"id":1878244,"date":"2026-04-12T08:57:46","date_gmt":"2026-04-12T06:57:46","guid":{"rendered":"https:\/\/dev6.erresse-shop.it\/shop\/sin%20categor\u00eda\/emile-henry-bandeja-horno-para-focaccia-negro\/"},"modified":"2026-02-05T18:37:56","modified_gmt":"2026-02-05T17:37:56","slug":"emile-henry-bandeja-horno-para-focaccia-negro","status":"publish","type":"product","link":"https:\/\/dev6.erresse-shop.it\/es\/shop\/sartenes-y-ollas\/ollas-y-bandejas-de-horno\/emile-henry-bandeja-horno-para-focaccia-negro\/","title":{"rendered":"EMILE HENRY Bandeja Horno para Focaccia Negro"},"content":{"rendered":"<p>De tama\u00f1o generoso, con laterales altos y pr\u00e1cticas asas, es ideal para servir directamente del horno a la mesa. Fabricada en cer\u00e1mica, nuestra sart\u00e9n para focaccia distribuye el calor lenta y uniformemente, de modo que incluso la focaccia m\u00e1s gruesa se cocina perfectamente hasta el centro. El resultado es una corteza dorada con un interior suave y aireado.<\/p>\n<p>Pero, \u00bfqu\u00e9 es exactamente una focaccia? Algunos lo consideran un pan plano, otros una pizza gruesa\u2026 Esta especialidad italiana tambi\u00e9n se encuentra en la regi\u00f3n francesa de la Provenza, pero se conoce como \u201cFougasse\u201d, \u00a1y es deliciosa a cualquier hora del d\u00eda! Sin sabor para el desayuno, tambi\u00e9n puede aromatizarse con romero y mojarse en aceite de oliva para el aperitivo. Con la adici\u00f3n de tocino y queso, se puede servir con una ensalada para el almuerzo o la cena.<\/p>\n<p>Sea cual sea la receta, siempre es un regalo para la vista cuando se presenta en nuestra elegante pero pr\u00e1ctica fuente de horno. Una generosa dosis de aceite de oliva en toda la superficie facilitar\u00e1 la cocci\u00f3n, mientras que nuestro revestimiento de alta resistencia a base de vidrio permite el uso de utensilios de metal para cortar y servir. La sart\u00e9n es f\u00e1cil de limpiar tanto en el lavavajillas como a mano.<\/p>\n<p>Longitud\/di\u00e1metro: 40,5 cmAnchura: 31,5 cmAltura: 6,9 cmTemperatura m\u00e1xima: 290 \u00b0CTemperatura m\u00ednima: -20 \u00b0C<\/p>\n","protected":false},"excerpt":{"rendered":"<p>De tama\u00f1o generoso, con laterales altos y pr\u00e1cticas asas, es ideal para servir directamente del horno a la mesa. Fabricada en cer\u00e1mica, nuestra sart\u00e9n para focaccia distribuye el calor lenta y uniformemente, de modo que incluso la focaccia m\u00e1s gruesa se cocina perfectamente hasta el centro. El resultado es una corteza dorada con un interior [&hellip;]<\/p>\n","protected":false},"featured_media":6355580,"template":"","meta":{"_acf_changed":false},"product_cat":[11942,11667,11883],"product_tag":[],"class_list":{"0":"post-1878244","1":"product","2":"type-product","3":"status-publish","4":"has-post-thumbnail","6":"product_cat-ollas-y-bandejas-de-horno","7":"product_cat-padelle-pentole","8":"product_cat-sartenes-y-ollas","10":"first","11":"instock","12":"sale","13":"taxable","14":"shipping-taxable","15":"purchasable","16":"product-type-simple","swatches":"rey-swatches","show_selected":"","stretch_labels":"rey-swatches--stretch-labels"},"acf":[],"yoast_head":"<!-- This site is optimized with the Yoast SEO plugin v25.4 - https:\/\/yoast.com\/wordpress\/plugins\/seo\/ -->\n<title>EMILE HENRY Bandeja Horno para Focaccia Negro - dev6 Erresse<\/title>\n<meta name=\"description\" content=\"De tama\u00f1o generoso, con laterales altos y pr\u00e1cticas asas, es ideal para servir directamente del horno a la mesa. Fabricada en cer\u00e1mica, nuestra sart\u00e9n\" \/>\n<meta name=\"robots\" content=\"noindex, follow, max-snippet:-1, max-image-preview:large, max-video-preview:-1\" \/>\n<meta property=\"og:locale\" content=\"es_ES\" \/>\n<meta property=\"og:type\" content=\"article\" \/>\n<meta property=\"og:title\" content=\"EMILE HENRY Bandeja Horno para Focaccia Negro - dev6 Erresse\" \/>\n<meta property=\"og:description\" content=\"De tama\u00f1o generoso, con laterales altos y pr\u00e1cticas asas, es ideal para servir directamente del horno a la mesa. Fabricada en cer\u00e1mica, nuestra sart\u00e9n\" \/>\n<meta property=\"og:url\" content=\"https:\/\/dev6.erresse-shop.it\/es\/shop\/sartenes-y-ollas\/ollas-y-bandejas-de-horno\/emile-henry-bandeja-horno-para-focaccia-negro\/\" \/>\n<meta property=\"og:site_name\" content=\"dev6 Erresse\" \/>\n<meta property=\"og:image\" content=\"https:\/\/interpim.erresse-shop.it\/Import\/Prodotti\/emile-henry-focaccia-nero-3.jpg\" \/><meta property=\"og:image\" content=\"https:\/\/interpim.erresse-shop.it\/Import\/Prodotti\/emile-henry-focaccia-nero-3.jpg\" \/>\n\t<meta property=\"og:image:width\" content=\"1024\" \/>\n\t<meta property=\"og:image:height\" content=\"1024\" \/>\n\t<meta property=\"og:image:type\" content=\"image\/jpeg\" \/>\n<meta name=\"twitter:card\" content=\"summary_large_image\" \/>\n<meta name=\"twitter:image\" content=\"https:\/\/interpim.erresse-shop.it\/Import\/Prodotti\/emile-henry-focaccia-nero-3.jpg\" \/>\n<script type=\"application\/ld+json\" class=\"yoast-schema-graph\">{\"@context\":\"https:\/\/schema.org\",\"@graph\":[{\"@type\":\"WebPage\",\"@id\":\"https:\/\/dev6.erresse-shop.it\/es\/shop\/sartenes-y-ollas\/ollas-y-bandejas-de-horno\/emile-henry-bandeja-horno-para-focaccia-negro\/\",\"url\":\"https:\/\/dev6.erresse-shop.it\/es\/shop\/sartenes-y-ollas\/ollas-y-bandejas-de-horno\/emile-henry-bandeja-horno-para-focaccia-negro\/\",\"name\":\"EMILE HENRY Bandeja Horno para Focaccia Negro - dev6 Erresse\",\"isPartOf\":{\"@id\":\"https:\/\/dev6.erresse-shop.it\/#website\"},\"primaryImageOfPage\":{\"@id\":\"https:\/\/dev6.erresse-shop.it\/es\/shop\/sartenes-y-ollas\/ollas-y-bandejas-de-horno\/emile-henry-bandeja-horno-para-focaccia-negro\/#primaryimage\"},\"image\":{\"@id\":\"https:\/\/dev6.erresse-shop.it\/es\/shop\/sartenes-y-ollas\/ollas-y-bandejas-de-horno\/emile-henry-bandeja-horno-para-focaccia-negro\/#primaryimage\"},\"thumbnailUrl\":\"https:\/\/i1.wp.com\/interpim.erresse-shop.it\/Import\/Prodotti\/emile-henry-focaccia-nero-3.jpg?ssl=1\",\"datePublished\":\"2026-04-12T06:57:46+00:00\",\"description\":\"De tama\u00f1o generoso, con laterales altos y pr\u00e1cticas asas, es ideal para servir directamente del horno a la mesa. Fabricada en cer\u00e1mica, nuestra sart\u00e9n\",\"breadcrumb\":{\"@id\":\"https:\/\/dev6.erresse-shop.it\/es\/shop\/sartenes-y-ollas\/ollas-y-bandejas-de-horno\/emile-henry-bandeja-horno-para-focaccia-negro\/#breadcrumb\"},\"inLanguage\":\"es\",\"potentialAction\":[{\"@type\":\"ReadAction\",\"target\":[\"https:\/\/dev6.erresse-shop.it\/es\/shop\/sartenes-y-ollas\/ollas-y-bandejas-de-horno\/emile-henry-bandeja-horno-para-focaccia-negro\/\"]}]},{\"@type\":\"ImageObject\",\"inLanguage\":\"es\",\"@id\":\"https:\/\/dev6.erresse-shop.it\/es\/shop\/sartenes-y-ollas\/ollas-y-bandejas-de-horno\/emile-henry-bandeja-horno-para-focaccia-negro\/#primaryimage\",\"url\":\"https:\/\/i1.wp.com\/interpim.erresse-shop.it\/Import\/Prodotti\/emile-henry-focaccia-nero-3.jpg?ssl=1\",\"contentUrl\":\"https:\/\/i1.wp.com\/interpim.erresse-shop.it\/Import\/Prodotti\/emile-henry-focaccia-nero-3.jpg?ssl=1\"},{\"@type\":\"BreadcrumbList\",\"@id\":\"https:\/\/dev6.erresse-shop.it\/es\/shop\/sartenes-y-ollas\/ollas-y-bandejas-de-horno\/emile-henry-bandeja-horno-para-focaccia-negro\/#breadcrumb\",\"itemListElement\":[{\"@type\":\"ListItem\",\"position\":1,\"name\":\"Home\",\"item\":\"https:\/\/dev6.erresse-shop.it\/\"},{\"@type\":\"ListItem\",\"position\":2,\"name\":\"Tienda\",\"item\":\"https:\/\/dev6.erresse-shop.it\/shop\/\"},{\"@type\":\"ListItem\",\"position\":3,\"name\":\"EMILE HENRY Bandeja Horno para Focaccia Negro\"}]},{\"@type\":\"WebSite\",\"@id\":\"https:\/\/dev6.erresse-shop.it\/#website\",\"url\":\"https:\/\/dev6.erresse-shop.it\/\",\"name\":\"Erresse Shop\",\"description\":\"\",\"publisher\":{\"@id\":\"https:\/\/dev6.erresse-shop.it\/#organization\"},\"potentialAction\":[{\"@type\":\"SearchAction\",\"target\":{\"@type\":\"EntryPoint\",\"urlTemplate\":\"https:\/\/dev6.erresse-shop.it\/?s={search_term_string}\"},\"query-input\":{\"@type\":\"PropertyValueSpecification\",\"valueRequired\":true,\"valueName\":\"search_term_string\"}}],\"inLanguage\":\"es\"},{\"@type\":\"Organization\",\"@id\":\"https:\/\/dev6.erresse-shop.it\/#organization\",\"name\":\"Erresse Shop\",\"url\":\"https:\/\/dev6.erresse-shop.it\/\",\"logo\":{\"@type\":\"ImageObject\",\"inLanguage\":\"es\",\"@id\":\"https:\/\/dev6.erresse-shop.it\/#\/schema\/logo\/image\/\",\"url\":\"https:\/\/dev6.erresse-shop.it\/wp-content\/uploads\/2025\/01\/LOGO-ERRESSE-CLASSICO.svg\",\"contentUrl\":\"https:\/\/dev6.erresse-shop.it\/wp-content\/uploads\/2025\/01\/LOGO-ERRESSE-CLASSICO.svg\",\"caption\":\"Erresse Shop\"},\"image\":{\"@id\":\"https:\/\/dev6.erresse-shop.it\/#\/schema\/logo\/image\/\"}}]}<\/script>\n<!-- \/ Yoast SEO plugin. -->","yoast_head_json":{"title":"EMILE HENRY Bandeja Horno para Focaccia Negro - dev6 Erresse","description":"De tama\u00f1o generoso, con laterales altos y pr\u00e1cticas asas, es ideal para servir directamente del horno a la mesa. Fabricada en cer\u00e1mica, nuestra sart\u00e9n","robots":{"index":"noindex","follow":"follow","max-snippet":"max-snippet:-1","max-image-preview":"max-image-preview:large","max-video-preview":"max-video-preview:-1"},"og_locale":"es_ES","og_type":"article","og_title":"EMILE HENRY Bandeja Horno para Focaccia Negro - dev6 Erresse","og_description":"De tama\u00f1o generoso, con laterales altos y pr\u00e1cticas asas, es ideal para servir directamente del horno a la mesa. Fabricada en cer\u00e1mica, nuestra sart\u00e9n","og_url":"https:\/\/dev6.erresse-shop.it\/es\/shop\/sartenes-y-ollas\/ollas-y-bandejas-de-horno\/emile-henry-bandeja-horno-para-focaccia-negro\/","og_site_name":"dev6 Erresse","og_image":[{"url":"https:\/\/interpim.erresse-shop.it\/Import\/Prodotti\/emile-henry-focaccia-nero-3.jpg","type":"","width":"","height":""},{"url":"https:\/\/interpim.erresse-shop.it\/Import\/Prodotti\/emile-henry-focaccia-nero-3.jpg","width":1024,"height":1024,"type":"image\/jpeg"}],"twitter_card":"summary_large_image","twitter_image":"https:\/\/interpim.erresse-shop.it\/Import\/Prodotti\/emile-henry-focaccia-nero-3.jpg","schema":{"@context":"https:\/\/schema.org","@graph":[{"@type":"WebPage","@id":"https:\/\/dev6.erresse-shop.it\/es\/shop\/sartenes-y-ollas\/ollas-y-bandejas-de-horno\/emile-henry-bandeja-horno-para-focaccia-negro\/","url":"https:\/\/dev6.erresse-shop.it\/es\/shop\/sartenes-y-ollas\/ollas-y-bandejas-de-horno\/emile-henry-bandeja-horno-para-focaccia-negro\/","name":"EMILE HENRY Bandeja Horno para Focaccia Negro - dev6 Erresse","isPartOf":{"@id":"https:\/\/dev6.erresse-shop.it\/#website"},"primaryImageOfPage":{"@id":"https:\/\/dev6.erresse-shop.it\/es\/shop\/sartenes-y-ollas\/ollas-y-bandejas-de-horno\/emile-henry-bandeja-horno-para-focaccia-negro\/#primaryimage"},"image":{"@id":"https:\/\/dev6.erresse-shop.it\/es\/shop\/sartenes-y-ollas\/ollas-y-bandejas-de-horno\/emile-henry-bandeja-horno-para-focaccia-negro\/#primaryimage"},"thumbnailUrl":"https:\/\/i1.wp.com\/interpim.erresse-shop.it\/Import\/Prodotti\/emile-henry-focaccia-nero-3.jpg?ssl=1","datePublished":"2026-04-12T06:57:46+00:00","description":"De tama\u00f1o generoso, con laterales altos y pr\u00e1cticas asas, es ideal para servir directamente del horno a la mesa. Fabricada en cer\u00e1mica, nuestra sart\u00e9n","breadcrumb":{"@id":"https:\/\/dev6.erresse-shop.it\/es\/shop\/sartenes-y-ollas\/ollas-y-bandejas-de-horno\/emile-henry-bandeja-horno-para-focaccia-negro\/#breadcrumb"},"inLanguage":"es","potentialAction":[{"@type":"ReadAction","target":["https:\/\/dev6.erresse-shop.it\/es\/shop\/sartenes-y-ollas\/ollas-y-bandejas-de-horno\/emile-henry-bandeja-horno-para-focaccia-negro\/"]}]},{"@type":"ImageObject","inLanguage":"es","@id":"https:\/\/dev6.erresse-shop.it\/es\/shop\/sartenes-y-ollas\/ollas-y-bandejas-de-horno\/emile-henry-bandeja-horno-para-focaccia-negro\/#primaryimage","url":"https:\/\/i1.wp.com\/interpim.erresse-shop.it\/Import\/Prodotti\/emile-henry-focaccia-nero-3.jpg?ssl=1","contentUrl":"https:\/\/i1.wp.com\/interpim.erresse-shop.it\/Import\/Prodotti\/emile-henry-focaccia-nero-3.jpg?ssl=1"},{"@type":"BreadcrumbList","@id":"https:\/\/dev6.erresse-shop.it\/es\/shop\/sartenes-y-ollas\/ollas-y-bandejas-de-horno\/emile-henry-bandeja-horno-para-focaccia-negro\/#breadcrumb","itemListElement":[{"@type":"ListItem","position":1,"name":"Home","item":"https:\/\/dev6.erresse-shop.it\/"},{"@type":"ListItem","position":2,"name":"Tienda","item":"https:\/\/dev6.erresse-shop.it\/shop\/"},{"@type":"ListItem","position":3,"name":"EMILE HENRY Bandeja Horno para Focaccia Negro"}]},{"@type":"WebSite","@id":"https:\/\/dev6.erresse-shop.it\/#website","url":"https:\/\/dev6.erresse-shop.it\/","name":"Erresse Shop","description":"","publisher":{"@id":"https:\/\/dev6.erresse-shop.it\/#organization"},"potentialAction":[{"@type":"SearchAction","target":{"@type":"EntryPoint","urlTemplate":"https:\/\/dev6.erresse-shop.it\/?s={search_term_string}"},"query-input":{"@type":"PropertyValueSpecification","valueRequired":true,"valueName":"search_term_string"}}],"inLanguage":"es"},{"@type":"Organization","@id":"https:\/\/dev6.erresse-shop.it\/#organization","name":"Erresse Shop","url":"https:\/\/dev6.erresse-shop.it\/","logo":{"@type":"ImageObject","inLanguage":"es","@id":"https:\/\/dev6.erresse-shop.it\/#\/schema\/logo\/image\/","url":"https:\/\/dev6.erresse-shop.it\/wp-content\/uploads\/2025\/01\/LOGO-ERRESSE-CLASSICO.svg","contentUrl":"https:\/\/dev6.erresse-shop.it\/wp-content\/uploads\/2025\/01\/LOGO-ERRESSE-CLASSICO.svg","caption":"Erresse Shop"},"image":{"@id":"https:\/\/dev6.erresse-shop.it\/#\/schema\/logo\/image\/"}}]}},"df_price":69.95,"df_sale_price":69.95,"df_regular_price":102.5,"df_image_link":"https:\/\/i1.wp.com\/interpim.erresse-shop.it\/Import\/Prodotti\/emile-henry-focaccia-nero-3.jpg?resize=300,300&ssl=1","fifu_image_url":"https:\/\/interpim.erresse-shop.it\/Import\/Prodotti\/emile-henry-focaccia-nero-3.jpg","_links":{"self":[{"href":"https:\/\/dev6.erresse-shop.it\/es\/wp-json\/wp\/v2\/product\/1878244","targetHints":{"allow":["GET"]}}],"collection":[{"href":"https:\/\/dev6.erresse-shop.it\/es\/wp-json\/wp\/v2\/product"}],"about":[{"href":"https:\/\/dev6.erresse-shop.it\/es\/wp-json\/wp\/v2\/types\/product"}],"wp:featuredmedia":[{"embeddable":true,"href":"https:\/\/dev6.erresse-shop.it\/es\/wp-json\/wp\/v2\/media\/6355580"}],"wp:attachment":[{"href":"https:\/\/dev6.erresse-shop.it\/es\/wp-json\/wp\/v2\/media?parent=1878244"}],"wp:term":[{"taxonomy":"product_cat","embeddable":true,"href":"https:\/\/dev6.erresse-shop.it\/es\/wp-json\/wp\/v2\/product_cat?post=1878244"},{"taxonomy":"product_tag","embeddable":true,"href":"https:\/\/dev6.erresse-shop.it\/es\/wp-json\/wp\/v2\/product_tag?post=1878244"}],"curies":[{"name":"wp","href":"https:\/\/api.w.org\/{rel}","templated":true}]}}