{"id":1878212,"date":"2026-04-04T08:56:16","date_gmt":"2026-04-04T06:56:16","guid":{"rendered":"https:\/\/dev6.erresse-shop.it\/shop\/sin%20categor\u00eda\/brabantia-mindset-caja-de-almacenaje-gris\/"},"modified":"2025-07-04T21:49:48","modified_gmt":"2025-07-04T19:49:48","slug":"brabantia-mindset-caja-de-almacenaje-gris","status":"publish","type":"product","link":"https:\/\/dev6.erresse-shop.it\/es\/shop\/mobiliario\/cuarto-de-bano\/brabantia-mindset-caja-de-almacenaje-gris\/","title":{"rendered":"BRABANTIA MindSet Caja de almacenaje Gris"},"content":{"rendered":"<p>Son las peque\u00f1as cosas las que nos hacen felices. Como esta bonita caja de almacenamiento MindSet de Brabantia con tapa. Un precioso contenedor met\u00e1lico para todas esas peque\u00f1as cosas que quieres mantener juntas. Perfecto para los bastoncillos de algod\u00f3n o las toallitas desmaquillantes: la tapa los mantiene secos y los protege del polvo. Un contenedor perfecto.<\/p>\n<p>Ventajas y caracter\u00edsticas<\/p>\n<p>Organizaci\u00f3n para objetos peque\u00f1os: ideal para bastoncillos, toallitas, joyas o accesorios para el pelo.<br \/>\nHigi\u00e9nico: la tapa de tacto suave mantiene el polvo fuera.<br \/>\nF\u00e1cil de limpiar: cuerpo met\u00e1lico con tapa de silicona extra\u00edble.<br \/>\nEstable, a prueba de ara\u00f1azos \u2013 base s\u00f3lida.<br \/>\nAcabado rugoso \u2013 revestimiento mineral moderno.<br \/>\nIdeal para zonas h\u00famedas \u2013 fabricado con materiales libres de corrosi\u00f3n.<br \/>\nUso sin preocupaciones: 5 a\u00f1os de garant\u00eda y servicio.<br \/>\nUna opci\u00f3n m\u00e1s sostenible: fabricado con un 32% de material reciclado, 81% reciclable despu\u00e9s de su uso.<\/p>\n<p>Dimensiones<br \/>\nAltura: 9,5 cm<br \/>\nLongitud: 8 cm<br \/>\nAncho: 9,5 cm<\/p>\n<p>Garant\u00eda<br \/>\n5 a\u00f1os<\/p>\n","protected":false},"excerpt":{"rendered":"<p>Son las peque\u00f1as cosas las que nos hacen felices. Como esta bonita caja de almacenamiento MindSet de Brabantia con tapa. Un precioso contenedor met\u00e1lico para todas esas peque\u00f1as cosas que quieres mantener juntas. Perfecto para los bastoncillos de algod\u00f3n o las toallitas desmaquillantes: la tapa los mantiene secos y los protege del polvo. Un contenedor [&hellip;]<\/p>\n","protected":false},"featured_media":6272161,"template":"","meta":{"_acf_changed":false},"product_cat":[11966,11882],"product_tag":[],"class_list":{"0":"post-1878212","1":"product","2":"type-product","3":"status-publish","4":"has-post-thumbnail","6":"product_cat-cuarto-de-bano","7":"product_cat-mobiliario","9":"first","10":"outofstock","11":"taxable","12":"shipping-taxable","13":"product-type-simple","swatches":"rey-swatches","show_selected":"","stretch_labels":"rey-swatches--stretch-labels"},"acf":[],"yoast_head":"<!-- This site is optimized with the Yoast SEO plugin v25.4 - https:\/\/yoast.com\/wordpress\/plugins\/seo\/ -->\n<title>BRABANTIA MindSet Caja de almacenaje Gris - dev6 Erresse<\/title>\n<meta name=\"description\" content=\"Son las peque\u00f1as cosas las que nos hacen felices. Como esta bonita caja de almacenamiento MindSet de Brabantia con tapa. Un precioso contenedor met\u00e1lico\" \/>\n<meta name=\"robots\" content=\"noindex, follow, max-snippet:-1, max-image-preview:large, max-video-preview:-1\" \/>\n<meta property=\"og:locale\" content=\"es_ES\" \/>\n<meta property=\"og:type\" content=\"article\" \/>\n<meta property=\"og:title\" content=\"BRABANTIA MindSet Caja de almacenaje Gris - dev6 Erresse\" \/>\n<meta property=\"og:description\" content=\"Son las peque\u00f1as cosas las que nos hacen felices. Como esta bonita caja de almacenamiento MindSet de Brabantia con tapa. Un precioso contenedor met\u00e1lico\" \/>\n<meta property=\"og:url\" content=\"https:\/\/dev6.erresse-shop.it\/es\/shop\/mobiliario\/cuarto-de-bano\/brabantia-mindset-caja-de-almacenaje-gris\/\" \/>\n<meta property=\"og:site_name\" content=\"dev6 Erresse\" \/>\n<meta property=\"og:image\" content=\"https:\/\/interpim.erresse-shop.it\/Import\/Prodotti\/brabantia-mindset-contenitore-portaoggetti-nero.jpg\" \/><meta property=\"og:image\" content=\"https:\/\/interpim.erresse-shop.it\/Import\/Prodotti\/brabantia-mindset-contenitore-portaoggetti-nero.jpg\" \/>\n\t<meta property=\"og:image:width\" content=\"1024\" \/>\n\t<meta property=\"og:image:height\" content=\"1024\" \/>\n\t<meta property=\"og:image:type\" content=\"image\/jpeg\" \/>\n<meta name=\"twitter:card\" content=\"summary_large_image\" \/>\n<meta name=\"twitter:image\" content=\"https:\/\/interpim.erresse-shop.it\/Import\/Prodotti\/brabantia-mindset-contenitore-portaoggetti-nero.jpg\" \/>\n<script type=\"application\/ld+json\" class=\"yoast-schema-graph\">{\"@context\":\"https:\/\/schema.org\",\"@graph\":[{\"@type\":\"WebPage\",\"@id\":\"https:\/\/dev6.erresse-shop.it\/es\/shop\/mobiliario\/cuarto-de-bano\/brabantia-mindset-caja-de-almacenaje-gris\/\",\"url\":\"https:\/\/dev6.erresse-shop.it\/es\/shop\/mobiliario\/cuarto-de-bano\/brabantia-mindset-caja-de-almacenaje-gris\/\",\"name\":\"BRABANTIA MindSet Caja de almacenaje Gris - dev6 Erresse\",\"isPartOf\":{\"@id\":\"https:\/\/dev6.erresse-shop.it\/#website\"},\"primaryImageOfPage\":{\"@id\":\"https:\/\/dev6.erresse-shop.it\/es\/shop\/mobiliario\/cuarto-de-bano\/brabantia-mindset-caja-de-almacenaje-gris\/#primaryimage\"},\"image\":{\"@id\":\"https:\/\/dev6.erresse-shop.it\/es\/shop\/mobiliario\/cuarto-de-bano\/brabantia-mindset-caja-de-almacenaje-gris\/#primaryimage\"},\"thumbnailUrl\":\"https:\/\/i3.wp.com\/interpim.erresse-shop.it\/Import\/Prodotti\/brabantia-mindset-contenitore-portaoggetti-nero.jpg?ssl=1\",\"datePublished\":\"2026-04-04T06:56:16+00:00\",\"description\":\"Son las peque\u00f1as cosas las que nos hacen felices. Como esta bonita caja de almacenamiento MindSet de Brabantia con tapa. Un precioso contenedor met\u00e1lico\",\"breadcrumb\":{\"@id\":\"https:\/\/dev6.erresse-shop.it\/es\/shop\/mobiliario\/cuarto-de-bano\/brabantia-mindset-caja-de-almacenaje-gris\/#breadcrumb\"},\"inLanguage\":\"es\",\"potentialAction\":[{\"@type\":\"ReadAction\",\"target\":[\"https:\/\/dev6.erresse-shop.it\/es\/shop\/mobiliario\/cuarto-de-bano\/brabantia-mindset-caja-de-almacenaje-gris\/\"]}]},{\"@type\":\"ImageObject\",\"inLanguage\":\"es\",\"@id\":\"https:\/\/dev6.erresse-shop.it\/es\/shop\/mobiliario\/cuarto-de-bano\/brabantia-mindset-caja-de-almacenaje-gris\/#primaryimage\",\"url\":\"https:\/\/i3.wp.com\/interpim.erresse-shop.it\/Import\/Prodotti\/brabantia-mindset-contenitore-portaoggetti-nero.jpg?ssl=1\",\"contentUrl\":\"https:\/\/i3.wp.com\/interpim.erresse-shop.it\/Import\/Prodotti\/brabantia-mindset-contenitore-portaoggetti-nero.jpg?ssl=1\"},{\"@type\":\"BreadcrumbList\",\"@id\":\"https:\/\/dev6.erresse-shop.it\/es\/shop\/mobiliario\/cuarto-de-bano\/brabantia-mindset-caja-de-almacenaje-gris\/#breadcrumb\",\"itemListElement\":[{\"@type\":\"ListItem\",\"position\":1,\"name\":\"Home\",\"item\":\"https:\/\/dev6.erresse-shop.it\/\"},{\"@type\":\"ListItem\",\"position\":2,\"name\":\"Tienda\",\"item\":\"https:\/\/dev6.erresse-shop.it\/shop\/\"},{\"@type\":\"ListItem\",\"position\":3,\"name\":\"BRABANTIA MindSet Caja de almacenaje Gris\"}]},{\"@type\":\"WebSite\",\"@id\":\"https:\/\/dev6.erresse-shop.it\/#website\",\"url\":\"https:\/\/dev6.erresse-shop.it\/\",\"name\":\"Erresse Shop\",\"description\":\"\",\"publisher\":{\"@id\":\"https:\/\/dev6.erresse-shop.it\/#organization\"},\"potentialAction\":[{\"@type\":\"SearchAction\",\"target\":{\"@type\":\"EntryPoint\",\"urlTemplate\":\"https:\/\/dev6.erresse-shop.it\/?s={search_term_string}\"},\"query-input\":{\"@type\":\"PropertyValueSpecification\",\"valueRequired\":true,\"valueName\":\"search_term_string\"}}],\"inLanguage\":\"es\"},{\"@type\":\"Organization\",\"@id\":\"https:\/\/dev6.erresse-shop.it\/#organization\",\"name\":\"Erresse Shop\",\"url\":\"https:\/\/dev6.erresse-shop.it\/\",\"logo\":{\"@type\":\"ImageObject\",\"inLanguage\":\"es\",\"@id\":\"https:\/\/dev6.erresse-shop.it\/#\/schema\/logo\/image\/\",\"url\":\"https:\/\/dev6.erresse-shop.it\/wp-content\/uploads\/2025\/01\/LOGO-ERRESSE-CLASSICO.svg\",\"contentUrl\":\"https:\/\/dev6.erresse-shop.it\/wp-content\/uploads\/2025\/01\/LOGO-ERRESSE-CLASSICO.svg\",\"caption\":\"Erresse Shop\"},\"image\":{\"@id\":\"https:\/\/dev6.erresse-shop.it\/#\/schema\/logo\/image\/\"}}]}<\/script>\n<!-- \/ Yoast SEO plugin. -->","yoast_head_json":{"title":"BRABANTIA MindSet Caja de almacenaje Gris - dev6 Erresse","description":"Son las peque\u00f1as cosas las que nos hacen felices. Como esta bonita caja de almacenamiento MindSet de Brabantia con tapa. Un precioso contenedor met\u00e1lico","robots":{"index":"noindex","follow":"follow","max-snippet":"max-snippet:-1","max-image-preview":"max-image-preview:large","max-video-preview":"max-video-preview:-1"},"og_locale":"es_ES","og_type":"article","og_title":"BRABANTIA MindSet Caja de almacenaje Gris - dev6 Erresse","og_description":"Son las peque\u00f1as cosas las que nos hacen felices. Como esta bonita caja de almacenamiento MindSet de Brabantia con tapa. Un precioso contenedor met\u00e1lico","og_url":"https:\/\/dev6.erresse-shop.it\/es\/shop\/mobiliario\/cuarto-de-bano\/brabantia-mindset-caja-de-almacenaje-gris\/","og_site_name":"dev6 Erresse","og_image":[{"url":"https:\/\/interpim.erresse-shop.it\/Import\/Prodotti\/brabantia-mindset-contenitore-portaoggetti-nero.jpg","type":"","width":"","height":""},{"url":"https:\/\/interpim.erresse-shop.it\/Import\/Prodotti\/brabantia-mindset-contenitore-portaoggetti-nero.jpg","width":1024,"height":1024,"type":"image\/jpeg"}],"twitter_card":"summary_large_image","twitter_image":"https:\/\/interpim.erresse-shop.it\/Import\/Prodotti\/brabantia-mindset-contenitore-portaoggetti-nero.jpg","schema":{"@context":"https:\/\/schema.org","@graph":[{"@type":"WebPage","@id":"https:\/\/dev6.erresse-shop.it\/es\/shop\/mobiliario\/cuarto-de-bano\/brabantia-mindset-caja-de-almacenaje-gris\/","url":"https:\/\/dev6.erresse-shop.it\/es\/shop\/mobiliario\/cuarto-de-bano\/brabantia-mindset-caja-de-almacenaje-gris\/","name":"BRABANTIA MindSet Caja de almacenaje Gris - dev6 Erresse","isPartOf":{"@id":"https:\/\/dev6.erresse-shop.it\/#website"},"primaryImageOfPage":{"@id":"https:\/\/dev6.erresse-shop.it\/es\/shop\/mobiliario\/cuarto-de-bano\/brabantia-mindset-caja-de-almacenaje-gris\/#primaryimage"},"image":{"@id":"https:\/\/dev6.erresse-shop.it\/es\/shop\/mobiliario\/cuarto-de-bano\/brabantia-mindset-caja-de-almacenaje-gris\/#primaryimage"},"thumbnailUrl":"https:\/\/i3.wp.com\/interpim.erresse-shop.it\/Import\/Prodotti\/brabantia-mindset-contenitore-portaoggetti-nero.jpg?ssl=1","datePublished":"2026-04-04T06:56:16+00:00","description":"Son las peque\u00f1as cosas las que nos hacen felices. Como esta bonita caja de almacenamiento MindSet de Brabantia con tapa. Un precioso contenedor met\u00e1lico","breadcrumb":{"@id":"https:\/\/dev6.erresse-shop.it\/es\/shop\/mobiliario\/cuarto-de-bano\/brabantia-mindset-caja-de-almacenaje-gris\/#breadcrumb"},"inLanguage":"es","potentialAction":[{"@type":"ReadAction","target":["https:\/\/dev6.erresse-shop.it\/es\/shop\/mobiliario\/cuarto-de-bano\/brabantia-mindset-caja-de-almacenaje-gris\/"]}]},{"@type":"ImageObject","inLanguage":"es","@id":"https:\/\/dev6.erresse-shop.it\/es\/shop\/mobiliario\/cuarto-de-bano\/brabantia-mindset-caja-de-almacenaje-gris\/#primaryimage","url":"https:\/\/i3.wp.com\/interpim.erresse-shop.it\/Import\/Prodotti\/brabantia-mindset-contenitore-portaoggetti-nero.jpg?ssl=1","contentUrl":"https:\/\/i3.wp.com\/interpim.erresse-shop.it\/Import\/Prodotti\/brabantia-mindset-contenitore-portaoggetti-nero.jpg?ssl=1"},{"@type":"BreadcrumbList","@id":"https:\/\/dev6.erresse-shop.it\/es\/shop\/mobiliario\/cuarto-de-bano\/brabantia-mindset-caja-de-almacenaje-gris\/#breadcrumb","itemListElement":[{"@type":"ListItem","position":1,"name":"Home","item":"https:\/\/dev6.erresse-shop.it\/"},{"@type":"ListItem","position":2,"name":"Tienda","item":"https:\/\/dev6.erresse-shop.it\/shop\/"},{"@type":"ListItem","position":3,"name":"BRABANTIA MindSet Caja de almacenaje Gris"}]},{"@type":"WebSite","@id":"https:\/\/dev6.erresse-shop.it\/#website","url":"https:\/\/dev6.erresse-shop.it\/","name":"Erresse Shop","description":"","publisher":{"@id":"https:\/\/dev6.erresse-shop.it\/#organization"},"potentialAction":[{"@type":"SearchAction","target":{"@type":"EntryPoint","urlTemplate":"https:\/\/dev6.erresse-shop.it\/?s={search_term_string}"},"query-input":{"@type":"PropertyValueSpecification","valueRequired":true,"valueName":"search_term_string"}}],"inLanguage":"es"},{"@type":"Organization","@id":"https:\/\/dev6.erresse-shop.it\/#organization","name":"Erresse Shop","url":"https:\/\/dev6.erresse-shop.it\/","logo":{"@type":"ImageObject","inLanguage":"es","@id":"https:\/\/dev6.erresse-shop.it\/#\/schema\/logo\/image\/","url":"https:\/\/dev6.erresse-shop.it\/wp-content\/uploads\/2025\/01\/LOGO-ERRESSE-CLASSICO.svg","contentUrl":"https:\/\/dev6.erresse-shop.it\/wp-content\/uploads\/2025\/01\/LOGO-ERRESSE-CLASSICO.svg","caption":"Erresse Shop"},"image":{"@id":"https:\/\/dev6.erresse-shop.it\/#\/schema\/logo\/image\/"}}]}},"df_price":"","df_sale_price":"","df_regular_price":"","df_image_link":"https:\/\/i3.wp.com\/interpim.erresse-shop.it\/Import\/Prodotti\/brabantia-mindset-contenitore-portaoggetti-nero.jpg?resize=300,300&ssl=1","fifu_image_url":"https:\/\/interpim.erresse-shop.it\/Import\/Prodotti\/brabantia-mindset-contenitore-portaoggetti-nero.jpg","_links":{"self":[{"href":"https:\/\/dev6.erresse-shop.it\/es\/wp-json\/wp\/v2\/product\/1878212","targetHints":{"allow":["GET"]}}],"collection":[{"href":"https:\/\/dev6.erresse-shop.it\/es\/wp-json\/wp\/v2\/product"}],"about":[{"href":"https:\/\/dev6.erresse-shop.it\/es\/wp-json\/wp\/v2\/types\/product"}],"wp:featuredmedia":[{"embeddable":true,"href":"https:\/\/dev6.erresse-shop.it\/es\/wp-json\/wp\/v2\/media\/6272161"}],"wp:attachment":[{"href":"https:\/\/dev6.erresse-shop.it\/es\/wp-json\/wp\/v2\/media?parent=1878212"}],"wp:term":[{"taxonomy":"product_cat","embeddable":true,"href":"https:\/\/dev6.erresse-shop.it\/es\/wp-json\/wp\/v2\/product_cat?post=1878212"},{"taxonomy":"product_tag","embeddable":true,"href":"https:\/\/dev6.erresse-shop.it\/es\/wp-json\/wp\/v2\/product_tag?post=1878212"}],"curies":[{"name":"wp","href":"https:\/\/api.w.org\/{rel}","templated":true}]}}