{"id":1878206,"date":"2026-04-04T08:56:16","date_gmt":"2026-04-04T06:56:16","guid":{"rendered":"https:\/\/dev6.erresse-shop.it\/shop\/sin%20categor\u00eda\/brabantia-mindset-plato-de-ducha-con-escobilla-de-goma-gris\/"},"modified":"2025-07-04T21:49:39","modified_gmt":"2025-07-04T19:49:39","slug":"brabantia-mindset-plato-de-ducha-con-escobilla-de-goma-gris","status":"publish","type":"product","link":"https:\/\/dev6.erresse-shop.it\/es\/shop\/mobiliario\/cuarto-de-bano\/brabantia-mindset-plato-de-ducha-con-escobilla-de-goma-gris\/","title":{"rendered":"BRABANTIA MindSet Plato de ducha con escobilla de goma Gris"},"content":{"rendered":"<p>Organice completamente su ducha de un solo golpe: reg\u00e1lese este ingenioso plato de ducha MindSet con escobilla de goma de Brabantia. El soporte puede sostener alegremente su champ\u00fa o gel para el cabello. La peque\u00f1a escobilla de goma tiene un dise\u00f1o minimalista y est\u00e1 hecha para limpiar sin esfuerzo la puerta de la ducha y los azulejos. \u00bfTodo limpio? Vuelve a ponerlo en el soporte.<\/p>\n<p>Ventajas y caracter\u00edsticas<\/p>\n<p>Todo al alcance de la mano: guarde el champ\u00fa, el gel de ducha o la gomina en el soporte.<br \/>\nHigi\u00e9nico: el agua se escurre por los pr\u00e1cticos agujeros del fondo.<br \/>\nSin tiras \u2013 escobilla de goma de silicona incluida.<br \/>\nF\u00e1cil de guardar: s\u00f3lo hay que poner la escobilla de goma en el soporte.<br \/>\nF\u00e1cil de colgar: soporte de pared, instrucciones y materiales de montaje incluidos.<br \/>\nIdeal para zonas h\u00famedas: fabricado con materiales libres de corrosi\u00f3n.<br \/>\nResistente: puede soportar hasta 2 kg.<br \/>\nUso sin preocupaciones: 10 a\u00f1os de garant\u00eda y servicio en el soporte y 5 a\u00f1os en la escobilla de goma.<br \/>\nUna opci\u00f3n m\u00e1s sostenible: fabricado con un 10% de material reciclado, 90% reciclable despu\u00e9s de su uso.<\/p>\n<p>Dimensiones<br \/>\nAltura: 7,3 cm<br \/>\nLongitud: 9 cm<br \/>\nAnchura: 42,1 cm<\/p>\n<p>Meses de garant\u00eda<br \/>\n5 a\u00f1os<\/p>\n","protected":false},"excerpt":{"rendered":"<p>Organice completamente su ducha de un solo golpe: reg\u00e1lese este ingenioso plato de ducha MindSet con escobilla de goma de Brabantia. El soporte puede sostener alegremente su champ\u00fa o gel para el cabello. La peque\u00f1a escobilla de goma tiene un dise\u00f1o minimalista y est\u00e1 hecha para limpiar sin esfuerzo la puerta de la ducha y [&hellip;]<\/p>\n","protected":false},"featured_media":6272134,"template":"","meta":{"_acf_changed":false},"product_cat":[11966,11882],"product_tag":[],"class_list":{"0":"post-1878206","1":"product","2":"type-product","3":"status-publish","4":"has-post-thumbnail","6":"product_cat-cuarto-de-bano","7":"product_cat-mobiliario","9":"first","10":"outofstock","11":"taxable","12":"shipping-taxable","13":"product-type-simple","swatches":"rey-swatches","show_selected":"","stretch_labels":"rey-swatches--stretch-labels"},"acf":[],"yoast_head":"<!-- This site is optimized with the Yoast SEO plugin v25.4 - https:\/\/yoast.com\/wordpress\/plugins\/seo\/ -->\n<title>BRABANTIA MindSet Plato de ducha con escobilla de goma Gris - dev6 Erresse<\/title>\n<meta name=\"description\" content=\"Organice completamente su ducha de un solo golpe: reg\u00e1lese este ingenioso plato de ducha MindSet con escobilla de goma de Brabantia. El soporte puede\" \/>\n<meta name=\"robots\" content=\"noindex, follow, max-snippet:-1, max-image-preview:large, max-video-preview:-1\" \/>\n<meta property=\"og:locale\" content=\"es_ES\" \/>\n<meta property=\"og:type\" content=\"article\" \/>\n<meta property=\"og:title\" content=\"BRABANTIA MindSet Plato de ducha con escobilla de goma Gris - dev6 Erresse\" \/>\n<meta property=\"og:description\" content=\"Organice completamente su ducha de un solo golpe: reg\u00e1lese este ingenioso plato de ducha MindSet con escobilla de goma de Brabantia. El soporte puede\" \/>\n<meta property=\"og:url\" content=\"https:\/\/dev6.erresse-shop.it\/es\/shop\/mobiliario\/cuarto-de-bano\/brabantia-mindset-plato-de-ducha-con-escobilla-de-goma-gris\/\" \/>\n<meta property=\"og:site_name\" content=\"dev6 Erresse\" \/>\n<meta property=\"og:image\" content=\"https:\/\/interpim.erresse-shop.it\/Import\/Prodotti\/brabantia-mindset-portaoggetti-da-doccia-nero-2.jpg\" \/><meta property=\"og:image\" content=\"https:\/\/interpim.erresse-shop.it\/Import\/Prodotti\/brabantia-mindset-portaoggetti-da-doccia-nero-2.jpg\" \/>\n\t<meta property=\"og:image:width\" content=\"1024\" \/>\n\t<meta property=\"og:image:height\" content=\"1024\" \/>\n\t<meta property=\"og:image:type\" content=\"image\/jpeg\" \/>\n<meta name=\"twitter:card\" content=\"summary_large_image\" \/>\n<meta name=\"twitter:image\" content=\"https:\/\/interpim.erresse-shop.it\/Import\/Prodotti\/brabantia-mindset-portaoggetti-da-doccia-nero-2.jpg\" \/>\n<script type=\"application\/ld+json\" class=\"yoast-schema-graph\">{\"@context\":\"https:\/\/schema.org\",\"@graph\":[{\"@type\":\"WebPage\",\"@id\":\"https:\/\/dev6.erresse-shop.it\/es\/shop\/mobiliario\/cuarto-de-bano\/brabantia-mindset-plato-de-ducha-con-escobilla-de-goma-gris\/\",\"url\":\"https:\/\/dev6.erresse-shop.it\/es\/shop\/mobiliario\/cuarto-de-bano\/brabantia-mindset-plato-de-ducha-con-escobilla-de-goma-gris\/\",\"name\":\"BRABANTIA MindSet Plato de ducha con escobilla de goma Gris - dev6 Erresse\",\"isPartOf\":{\"@id\":\"https:\/\/dev6.erresse-shop.it\/#website\"},\"primaryImageOfPage\":{\"@id\":\"https:\/\/dev6.erresse-shop.it\/es\/shop\/mobiliario\/cuarto-de-bano\/brabantia-mindset-plato-de-ducha-con-escobilla-de-goma-gris\/#primaryimage\"},\"image\":{\"@id\":\"https:\/\/dev6.erresse-shop.it\/es\/shop\/mobiliario\/cuarto-de-bano\/brabantia-mindset-plato-de-ducha-con-escobilla-de-goma-gris\/#primaryimage\"},\"thumbnailUrl\":\"https:\/\/i2.wp.com\/interpim.erresse-shop.it\/Import\/Prodotti\/brabantia-mindset-portaoggetti-da-doccia-nero-2.jpg?ssl=1\",\"datePublished\":\"2026-04-04T06:56:16+00:00\",\"description\":\"Organice completamente su ducha de un solo golpe: reg\u00e1lese este ingenioso plato de ducha MindSet con escobilla de goma de Brabantia. El soporte puede\",\"breadcrumb\":{\"@id\":\"https:\/\/dev6.erresse-shop.it\/es\/shop\/mobiliario\/cuarto-de-bano\/brabantia-mindset-plato-de-ducha-con-escobilla-de-goma-gris\/#breadcrumb\"},\"inLanguage\":\"es\",\"potentialAction\":[{\"@type\":\"ReadAction\",\"target\":[\"https:\/\/dev6.erresse-shop.it\/es\/shop\/mobiliario\/cuarto-de-bano\/brabantia-mindset-plato-de-ducha-con-escobilla-de-goma-gris\/\"]}]},{\"@type\":\"ImageObject\",\"inLanguage\":\"es\",\"@id\":\"https:\/\/dev6.erresse-shop.it\/es\/shop\/mobiliario\/cuarto-de-bano\/brabantia-mindset-plato-de-ducha-con-escobilla-de-goma-gris\/#primaryimage\",\"url\":\"https:\/\/i2.wp.com\/interpim.erresse-shop.it\/Import\/Prodotti\/brabantia-mindset-portaoggetti-da-doccia-nero-2.jpg?ssl=1\",\"contentUrl\":\"https:\/\/i2.wp.com\/interpim.erresse-shop.it\/Import\/Prodotti\/brabantia-mindset-portaoggetti-da-doccia-nero-2.jpg?ssl=1\"},{\"@type\":\"BreadcrumbList\",\"@id\":\"https:\/\/dev6.erresse-shop.it\/es\/shop\/mobiliario\/cuarto-de-bano\/brabantia-mindset-plato-de-ducha-con-escobilla-de-goma-gris\/#breadcrumb\",\"itemListElement\":[{\"@type\":\"ListItem\",\"position\":1,\"name\":\"Home\",\"item\":\"https:\/\/dev6.erresse-shop.it\/\"},{\"@type\":\"ListItem\",\"position\":2,\"name\":\"Tienda\",\"item\":\"https:\/\/dev6.erresse-shop.it\/shop\/\"},{\"@type\":\"ListItem\",\"position\":3,\"name\":\"BRABANTIA MindSet Plato de ducha con escobilla de goma Gris\"}]},{\"@type\":\"WebSite\",\"@id\":\"https:\/\/dev6.erresse-shop.it\/#website\",\"url\":\"https:\/\/dev6.erresse-shop.it\/\",\"name\":\"Erresse Shop\",\"description\":\"\",\"publisher\":{\"@id\":\"https:\/\/dev6.erresse-shop.it\/#organization\"},\"potentialAction\":[{\"@type\":\"SearchAction\",\"target\":{\"@type\":\"EntryPoint\",\"urlTemplate\":\"https:\/\/dev6.erresse-shop.it\/?s={search_term_string}\"},\"query-input\":{\"@type\":\"PropertyValueSpecification\",\"valueRequired\":true,\"valueName\":\"search_term_string\"}}],\"inLanguage\":\"es\"},{\"@type\":\"Organization\",\"@id\":\"https:\/\/dev6.erresse-shop.it\/#organization\",\"name\":\"Erresse Shop\",\"url\":\"https:\/\/dev6.erresse-shop.it\/\",\"logo\":{\"@type\":\"ImageObject\",\"inLanguage\":\"es\",\"@id\":\"https:\/\/dev6.erresse-shop.it\/#\/schema\/logo\/image\/\",\"url\":\"https:\/\/dev6.erresse-shop.it\/wp-content\/uploads\/2025\/01\/LOGO-ERRESSE-CLASSICO.svg\",\"contentUrl\":\"https:\/\/dev6.erresse-shop.it\/wp-content\/uploads\/2025\/01\/LOGO-ERRESSE-CLASSICO.svg\",\"caption\":\"Erresse Shop\"},\"image\":{\"@id\":\"https:\/\/dev6.erresse-shop.it\/#\/schema\/logo\/image\/\"}}]}<\/script>\n<!-- \/ Yoast SEO plugin. -->","yoast_head_json":{"title":"BRABANTIA MindSet Plato de ducha con escobilla de goma Gris - dev6 Erresse","description":"Organice completamente su ducha de un solo golpe: reg\u00e1lese este ingenioso plato de ducha MindSet con escobilla de goma de Brabantia. El soporte puede","robots":{"index":"noindex","follow":"follow","max-snippet":"max-snippet:-1","max-image-preview":"max-image-preview:large","max-video-preview":"max-video-preview:-1"},"og_locale":"es_ES","og_type":"article","og_title":"BRABANTIA MindSet Plato de ducha con escobilla de goma Gris - dev6 Erresse","og_description":"Organice completamente su ducha de un solo golpe: reg\u00e1lese este ingenioso plato de ducha MindSet con escobilla de goma de Brabantia. El soporte puede","og_url":"https:\/\/dev6.erresse-shop.it\/es\/shop\/mobiliario\/cuarto-de-bano\/brabantia-mindset-plato-de-ducha-con-escobilla-de-goma-gris\/","og_site_name":"dev6 Erresse","og_image":[{"url":"https:\/\/interpim.erresse-shop.it\/Import\/Prodotti\/brabantia-mindset-portaoggetti-da-doccia-nero-2.jpg","type":"","width":"","height":""},{"url":"https:\/\/interpim.erresse-shop.it\/Import\/Prodotti\/brabantia-mindset-portaoggetti-da-doccia-nero-2.jpg","width":1024,"height":1024,"type":"image\/jpeg"}],"twitter_card":"summary_large_image","twitter_image":"https:\/\/interpim.erresse-shop.it\/Import\/Prodotti\/brabantia-mindset-portaoggetti-da-doccia-nero-2.jpg","schema":{"@context":"https:\/\/schema.org","@graph":[{"@type":"WebPage","@id":"https:\/\/dev6.erresse-shop.it\/es\/shop\/mobiliario\/cuarto-de-bano\/brabantia-mindset-plato-de-ducha-con-escobilla-de-goma-gris\/","url":"https:\/\/dev6.erresse-shop.it\/es\/shop\/mobiliario\/cuarto-de-bano\/brabantia-mindset-plato-de-ducha-con-escobilla-de-goma-gris\/","name":"BRABANTIA MindSet Plato de ducha con escobilla de goma Gris - dev6 Erresse","isPartOf":{"@id":"https:\/\/dev6.erresse-shop.it\/#website"},"primaryImageOfPage":{"@id":"https:\/\/dev6.erresse-shop.it\/es\/shop\/mobiliario\/cuarto-de-bano\/brabantia-mindset-plato-de-ducha-con-escobilla-de-goma-gris\/#primaryimage"},"image":{"@id":"https:\/\/dev6.erresse-shop.it\/es\/shop\/mobiliario\/cuarto-de-bano\/brabantia-mindset-plato-de-ducha-con-escobilla-de-goma-gris\/#primaryimage"},"thumbnailUrl":"https:\/\/i2.wp.com\/interpim.erresse-shop.it\/Import\/Prodotti\/brabantia-mindset-portaoggetti-da-doccia-nero-2.jpg?ssl=1","datePublished":"2026-04-04T06:56:16+00:00","description":"Organice completamente su ducha de un solo golpe: reg\u00e1lese este ingenioso plato de ducha MindSet con escobilla de goma de Brabantia. El soporte puede","breadcrumb":{"@id":"https:\/\/dev6.erresse-shop.it\/es\/shop\/mobiliario\/cuarto-de-bano\/brabantia-mindset-plato-de-ducha-con-escobilla-de-goma-gris\/#breadcrumb"},"inLanguage":"es","potentialAction":[{"@type":"ReadAction","target":["https:\/\/dev6.erresse-shop.it\/es\/shop\/mobiliario\/cuarto-de-bano\/brabantia-mindset-plato-de-ducha-con-escobilla-de-goma-gris\/"]}]},{"@type":"ImageObject","inLanguage":"es","@id":"https:\/\/dev6.erresse-shop.it\/es\/shop\/mobiliario\/cuarto-de-bano\/brabantia-mindset-plato-de-ducha-con-escobilla-de-goma-gris\/#primaryimage","url":"https:\/\/i2.wp.com\/interpim.erresse-shop.it\/Import\/Prodotti\/brabantia-mindset-portaoggetti-da-doccia-nero-2.jpg?ssl=1","contentUrl":"https:\/\/i2.wp.com\/interpim.erresse-shop.it\/Import\/Prodotti\/brabantia-mindset-portaoggetti-da-doccia-nero-2.jpg?ssl=1"},{"@type":"BreadcrumbList","@id":"https:\/\/dev6.erresse-shop.it\/es\/shop\/mobiliario\/cuarto-de-bano\/brabantia-mindset-plato-de-ducha-con-escobilla-de-goma-gris\/#breadcrumb","itemListElement":[{"@type":"ListItem","position":1,"name":"Home","item":"https:\/\/dev6.erresse-shop.it\/"},{"@type":"ListItem","position":2,"name":"Tienda","item":"https:\/\/dev6.erresse-shop.it\/shop\/"},{"@type":"ListItem","position":3,"name":"BRABANTIA MindSet Plato de ducha con escobilla de goma Gris"}]},{"@type":"WebSite","@id":"https:\/\/dev6.erresse-shop.it\/#website","url":"https:\/\/dev6.erresse-shop.it\/","name":"Erresse Shop","description":"","publisher":{"@id":"https:\/\/dev6.erresse-shop.it\/#organization"},"potentialAction":[{"@type":"SearchAction","target":{"@type":"EntryPoint","urlTemplate":"https:\/\/dev6.erresse-shop.it\/?s={search_term_string}"},"query-input":{"@type":"PropertyValueSpecification","valueRequired":true,"valueName":"search_term_string"}}],"inLanguage":"es"},{"@type":"Organization","@id":"https:\/\/dev6.erresse-shop.it\/#organization","name":"Erresse Shop","url":"https:\/\/dev6.erresse-shop.it\/","logo":{"@type":"ImageObject","inLanguage":"es","@id":"https:\/\/dev6.erresse-shop.it\/#\/schema\/logo\/image\/","url":"https:\/\/dev6.erresse-shop.it\/wp-content\/uploads\/2025\/01\/LOGO-ERRESSE-CLASSICO.svg","contentUrl":"https:\/\/dev6.erresse-shop.it\/wp-content\/uploads\/2025\/01\/LOGO-ERRESSE-CLASSICO.svg","caption":"Erresse Shop"},"image":{"@id":"https:\/\/dev6.erresse-shop.it\/#\/schema\/logo\/image\/"}}]}},"df_price":"","df_sale_price":"","df_regular_price":"","df_image_link":"https:\/\/i2.wp.com\/interpim.erresse-shop.it\/Import\/Prodotti\/brabantia-mindset-portaoggetti-da-doccia-nero-2.jpg?resize=300,300&ssl=1","fifu_image_url":"https:\/\/interpim.erresse-shop.it\/Import\/Prodotti\/brabantia-mindset-portaoggetti-da-doccia-nero-2.jpg","_links":{"self":[{"href":"https:\/\/dev6.erresse-shop.it\/es\/wp-json\/wp\/v2\/product\/1878206","targetHints":{"allow":["GET"]}}],"collection":[{"href":"https:\/\/dev6.erresse-shop.it\/es\/wp-json\/wp\/v2\/product"}],"about":[{"href":"https:\/\/dev6.erresse-shop.it\/es\/wp-json\/wp\/v2\/types\/product"}],"wp:featuredmedia":[{"embeddable":true,"href":"https:\/\/dev6.erresse-shop.it\/es\/wp-json\/wp\/v2\/media\/6272134"}],"wp:attachment":[{"href":"https:\/\/dev6.erresse-shop.it\/es\/wp-json\/wp\/v2\/media?parent=1878206"}],"wp:term":[{"taxonomy":"product_cat","embeddable":true,"href":"https:\/\/dev6.erresse-shop.it\/es\/wp-json\/wp\/v2\/product_cat?post=1878206"},{"taxonomy":"product_tag","embeddable":true,"href":"https:\/\/dev6.erresse-shop.it\/es\/wp-json\/wp\/v2\/product_tag?post=1878206"}],"curies":[{"name":"wp","href":"https:\/\/api.w.org\/{rel}","templated":true}]}}